{"id":109546,"date":"2022-07-09T10:37:54","date_gmt":"2022-07-09T07:37:54","guid":{"rendered":"https:\/\/justbuildit.eu\/?post_type=product&#038;p=109546"},"modified":"2026-04-11T12:06:06","modified_gmt":"2026-04-11T09:06:06","slug":"poolmatt-akruulvarv-puitfassadidele-rilak-akvatop-tumeroheline-9l","status":"publish","type":"product","link":"https:\/\/justbuildit.eu\/en\/pood\/varvid-ja-viimistlusmaterjalid\/varvid-valistoodeks\/poolmatt-akruulvarv-puitfassadidele-rilak-akvatop-tumeroheline-9l\/","title":{"rendered":"POOLMATT AKR\u00dc\u00dcLV\u00c4RV PUITFASSADIDELE RILAK AKVATOP TUMEROHELINE 9L"},"content":{"rendered":"<div class=\"row\"  id=\"row-1538055720\">\n<div id=\"col-1327958419\" class=\"col medium-9 small-12 large-9\"  >\n<div class=\"col-inner\"  >\n<h3>Poolmatt akr\u00fc\u00fclv\u00e4rv puitfassaadidele Rilak Akvatop tumeroheline 9L<\/h3>\n<p>Vesidispersiooni baasil ilmastikukindel poolmatt akr\u00fc\u00fclv\u00e4rv puitfassaadidele.<br \/>\nV\u00e4rv on ette n\u00e4htud hoonete puitfassaadide, aknaraamide ja muude v\u00e4listingimustes ekspluateeritavate puitpindade v\u00e4rvimiseks.<br \/>\n Moodustuva kihi elastsus v\u00e4ldib kattekihi m\u00f5ranemist ja kooruma hakkamist erinevate ilmastikufaktorite toimel, mis tagab v\u00e4rvikihi pikaealisuse. T\u00e4nu oma koostisele, ei vaja esimeseks kihiks eraldi kruntv\u00e4rvi.\n<\/p>\n<div id=\"gap-807062202\" class=\"gap-element clearfix\" style=\"display:block; height:auto;\">\n<style>\n#gap-807062202 {\n  padding-top: 30px;\n}\n<\/style>\n<\/p>\n<\/div>\n<\/div>\n<\/div>\n<div id=\"col-329127247\" class=\"col medium-3 small-12 large-3\"  >\n<div class=\"col-inner\"  >\n<div id=\"gap-1490011645\" class=\"gap-element clearfix\" style=\"display:block; height:auto;\">\n<style>\n#gap-1490011645 {\n  padding-top: 30px;\n}\n<\/style>\n<\/p>\n<\/div>\n<div class=\"is-divider divider clearfix\" ><\/div>\n<p><strong>\u00dcksikasjalikuma n\u00f5u saamiseks v\u00f5tke \u00fchendust:<br \/><\/strong>RIIA LAKID O\u00dc<br \/>Kantsi 3<br \/>11415<br \/>Tallinn<br \/>+372 6335439<\/p>\n<div class=\"is-divider divider clearfix\" ><\/div>\n<\/p>\n<\/div>\n<\/div>\n<\/div>\n","protected":false},"excerpt":{"rendered":"<p>Vesidispersiooni baasil ilmastikukindel poolmatt akr\u00fc\u00fclv\u00e4rv puitfassaadidele.<br \/>\nV\u00e4rv on ette n\u00e4htud hoonete puitfassaadide, aknaraamide ja muude v\u00e4listingimustes ekspluateeritavate puitpindade v\u00e4rvimiseks.<br \/>\n Moodustuva kihi elastsus v\u00e4ldib kattekihi m\u00f5ranemist ja kooruma hakkamist erinevate ilmastikufaktorite toimel, mis tagab v\u00e4rvikihi pikaealisuse. T\u00e4nu oma koostisele, ei vaja esimeseks kihiks eraldi kruntv\u00e4rvi.\n<\/p>","protected":false},"featured_media":648345,"comment_status":"open","ping_status":"closed","template":"","meta":{"_acf_changed":false},"product_brand":[],"product_cat":[125,498],"product_tag":[],"class_list":{"0":"post-109546","1":"product","2":"type-product","3":"status-publish","4":"has-post-thumbnail","6":"product_cat-varvid-valistoodeks","7":"product_cat-espak","9":"first","10":"instock","11":"sale","12":"shipping-taxable","13":"purchasable","14":"product-type-simple"},"acf":[],"yoast_head":"<!-- This site is optimized with the Yoast SEO Premium plugin v18.7 (Yoast SEO v26.5) - https:\/\/yoast.com\/wordpress\/plugins\/seo\/ -->\n<title>POOLMATT AKR\u00dc\u00dcLV\u00c4RV PUITFASSADIDELE RILAK AKVATOP TUMEROHELINE 9L - Ehituslahendused<\/title>\n<meta name=\"description\" content=\"Puitlaudise v\u00e4rvimiseks sobilik v\u00e4rv\" \/>\n<meta name=\"robots\" content=\"index, follow, max-snippet:-1, max-image-preview:large, max-video-preview:-1\" \/>\n<link rel=\"canonical\" href=\"https:\/\/justbuildit.eu\/en\/pood\/varvid-ja-viimistlusmaterjalid\/varvid-valistoodeks\/poolmatt-akruulvarv-puitfassadidele-rilak-akvatop-tumeroheline-9l\/\" \/>\n<meta property=\"og:locale\" content=\"en_US\" \/>\n<meta property=\"og:type\" content=\"article\" \/>\n<meta property=\"og:title\" content=\"POOLMATT AKR\u00dc\u00dcLV\u00c4RV PUITFASSADIDELE RILAK AKVATOP TUMEROHELINE 9L\" \/>\n<meta property=\"og:description\" content=\"Puitlaudise v\u00e4rvimiseks sobilik v\u00e4rv\" \/>\n<meta property=\"og:url\" content=\"https:\/\/justbuildit.eu\/en\/pood\/varvid-ja-viimistlusmaterjalid\/varvid-valistoodeks\/poolmatt-akruulvarv-puitfassadidele-rilak-akvatop-tumeroheline-9l\/\" \/>\n<meta property=\"og:site_name\" content=\"Ehituslahendused\" \/>\n<meta property=\"article:publisher\" content=\"https:\/\/www.facebook.com\/justbuildit.ee\" \/>\n<meta property=\"article:modified_time\" content=\"2026-04-11T09:06:06+00:00\" \/>\n<meta property=\"og:image\" content=\"https:\/\/justbuildit.eu\/wp-content\/uploads\/2022\/07\/akvatop-9l-8.jpg\" \/>\n\t<meta property=\"og:image:width\" content=\"1000\" \/>\n\t<meta property=\"og:image:height\" content=\"1000\" \/>\n\t<meta property=\"og:image:type\" content=\"image\/jpeg\" \/>\n<meta name=\"twitter:card\" content=\"summary_large_image\" \/>\n<script type=\"application\/ld+json\" class=\"yoast-schema-graph\">{\"@context\":\"https:\/\/schema.org\",\"@graph\":[{\"@type\":\"WebPage\",\"@id\":\"https:\/\/justbuildit.eu\/en\/pood\/varvid-ja-viimistlusmaterjalid\/varvid-valistoodeks\/poolmatt-akruulvarv-puitfassadidele-rilak-akvatop-tumeroheline-9l\/\",\"url\":\"https:\/\/justbuildit.eu\/en\/pood\/varvid-ja-viimistlusmaterjalid\/varvid-valistoodeks\/poolmatt-akruulvarv-puitfassadidele-rilak-akvatop-tumeroheline-9l\/\",\"name\":\"POOLMATT AKR\u00dc\u00dcLV\u00c4RV PUITFASSADIDELE RILAK AKVATOP TUMEROHELINE 9L - Ehituslahendused\",\"isPartOf\":{\"@id\":\"https:\/\/justbuildit.eu\/en\/#website\"},\"primaryImageOfPage\":{\"@id\":\"https:\/\/justbuildit.eu\/en\/pood\/varvid-ja-viimistlusmaterjalid\/varvid-valistoodeks\/poolmatt-akruulvarv-puitfassadidele-rilak-akvatop-tumeroheline-9l\/#primaryimage\"},\"image\":{\"@id\":\"https:\/\/justbuildit.eu\/en\/pood\/varvid-ja-viimistlusmaterjalid\/varvid-valistoodeks\/poolmatt-akruulvarv-puitfassadidele-rilak-akvatop-tumeroheline-9l\/#primaryimage\"},\"thumbnailUrl\":\"https:\/\/justbuildit.eu\/wp-content\/uploads\/2022\/07\/akvatop-9l-7.jpg\",\"datePublished\":\"2022-07-09T07:37:54+00:00\",\"dateModified\":\"2026-04-11T09:06:06+00:00\",\"description\":\"Puitlaudise v\u00e4rvimiseks sobilik v\u00e4rv\",\"breadcrumb\":{\"@id\":\"https:\/\/justbuildit.eu\/en\/pood\/varvid-ja-viimistlusmaterjalid\/varvid-valistoodeks\/poolmatt-akruulvarv-puitfassadidele-rilak-akvatop-tumeroheline-9l\/#breadcrumb\"},\"inLanguage\":\"en-US\",\"potentialAction\":[{\"@type\":\"ReadAction\",\"target\":[\"https:\/\/justbuildit.eu\/en\/pood\/varvid-ja-viimistlusmaterjalid\/varvid-valistoodeks\/poolmatt-akruulvarv-puitfassadidele-rilak-akvatop-tumeroheline-9l\/\"]}]},{\"@type\":\"ImageObject\",\"inLanguage\":\"en-US\",\"@id\":\"https:\/\/justbuildit.eu\/en\/pood\/varvid-ja-viimistlusmaterjalid\/varvid-valistoodeks\/poolmatt-akruulvarv-puitfassadidele-rilak-akvatop-tumeroheline-9l\/#primaryimage\",\"url\":\"https:\/\/justbuildit.eu\/wp-content\/uploads\/2022\/07\/akvatop-9l-7.jpg\",\"contentUrl\":\"https:\/\/justbuildit.eu\/wp-content\/uploads\/2022\/07\/akvatop-9l-7.jpg\",\"width\":1000,\"height\":1000},{\"@type\":\"BreadcrumbList\",\"@id\":\"https:\/\/justbuildit.eu\/en\/pood\/varvid-ja-viimistlusmaterjalid\/varvid-valistoodeks\/poolmatt-akruulvarv-puitfassadidele-rilak-akvatop-tumeroheline-9l\/#breadcrumb\",\"itemListElement\":[{\"@type\":\"ListItem\",\"position\":1,\"name\":\"Home\",\"item\":\"https:\/\/justbuildit.eu\/en\/\"},{\"@type\":\"ListItem\",\"position\":2,\"name\":\"Shop\",\"item\":\"https:\/\/justbuildit.eu\/en\/building-materials\/\"},{\"@type\":\"ListItem\",\"position\":3,\"name\":\"POOLMATT AKR\u00dc\u00dcLV\u00c4RV PUITFASSADIDELE RILAK AKVATOP TUMEROHELINE 9L\"}]},{\"@type\":\"WebSite\",\"@id\":\"https:\/\/justbuildit.eu\/en\/#website\",\"url\":\"https:\/\/justbuildit.eu\/en\/\",\"name\":\"Ehituslahendused\",\"description\":\"Ehituslahendused ja materjalid\",\"publisher\":{\"@id\":\"https:\/\/justbuildit.eu\/en\/#organization\"},\"potentialAction\":[{\"@type\":\"SearchAction\",\"target\":{\"@type\":\"EntryPoint\",\"urlTemplate\":\"https:\/\/justbuildit.eu\/en\/?s={search_term_string}\"},\"query-input\":{\"@type\":\"PropertyValueSpecification\",\"valueRequired\":true,\"valueName\":\"search_term_string\"}}],\"inLanguage\":\"en-US\"},{\"@type\":\"Organization\",\"@id\":\"https:\/\/justbuildit.eu\/en\/#organization\",\"name\":\"Just Build It O\u00dc\",\"url\":\"https:\/\/justbuildit.eu\/en\/\",\"logo\":{\"@type\":\"ImageObject\",\"inLanguage\":\"en-US\",\"@id\":\"https:\/\/justbuildit.eu\/en\/#\/schema\/logo\/image\/\",\"url\":\"https:\/\/justbuildit.eu\/wp-content\/uploads\/2022\/01\/justbuildit.png\",\"contentUrl\":\"https:\/\/justbuildit.eu\/wp-content\/uploads\/2022\/01\/justbuildit.png\",\"width\":173,\"height\":77,\"caption\":\"Just Build It O\u00dc\"},\"image\":{\"@id\":\"https:\/\/justbuildit.eu\/en\/#\/schema\/logo\/image\/\"},\"sameAs\":[\"https:\/\/www.facebook.com\/justbuildit.ee\"]}]}<\/script>\n<!-- \/ Yoast SEO Premium plugin. -->","yoast_head_json":{"title":"POOLMATT AKR\u00dc\u00dcLV\u00c4RV PUITFASSADIDELE RILAK AKVATOP TUMEROHELINE 9L - Ehituslahendused","description":"Puitlaudise v\u00e4rvimiseks sobilik v\u00e4rv","robots":{"index":"index","follow":"follow","max-snippet":"max-snippet:-1","max-image-preview":"max-image-preview:large","max-video-preview":"max-video-preview:-1"},"canonical":"https:\/\/justbuildit.eu\/en\/pood\/varvid-ja-viimistlusmaterjalid\/varvid-valistoodeks\/poolmatt-akruulvarv-puitfassadidele-rilak-akvatop-tumeroheline-9l\/","og_locale":"en_US","og_type":"article","og_title":"POOLMATT AKR\u00dc\u00dcLV\u00c4RV PUITFASSADIDELE RILAK AKVATOP TUMEROHELINE 9L","og_description":"Puitlaudise v\u00e4rvimiseks sobilik v\u00e4rv","og_url":"https:\/\/justbuildit.eu\/en\/pood\/varvid-ja-viimistlusmaterjalid\/varvid-valistoodeks\/poolmatt-akruulvarv-puitfassadidele-rilak-akvatop-tumeroheline-9l\/","og_site_name":"Ehituslahendused","article_publisher":"https:\/\/www.facebook.com\/justbuildit.ee","article_modified_time":"2026-04-11T09:06:06+00:00","og_image":[{"width":1000,"height":1000,"url":"https:\/\/justbuildit.eu\/wp-content\/uploads\/2022\/07\/akvatop-9l-8.jpg","type":"image\/jpeg"}],"twitter_card":"summary_large_image","schema":{"@context":"https:\/\/schema.org","@graph":[{"@type":"WebPage","@id":"https:\/\/justbuildit.eu\/en\/pood\/varvid-ja-viimistlusmaterjalid\/varvid-valistoodeks\/poolmatt-akruulvarv-puitfassadidele-rilak-akvatop-tumeroheline-9l\/","url":"https:\/\/justbuildit.eu\/en\/pood\/varvid-ja-viimistlusmaterjalid\/varvid-valistoodeks\/poolmatt-akruulvarv-puitfassadidele-rilak-akvatop-tumeroheline-9l\/","name":"POOLMATT AKR\u00dc\u00dcLV\u00c4RV PUITFASSADIDELE RILAK AKVATOP TUMEROHELINE 9L - Ehituslahendused","isPartOf":{"@id":"https:\/\/justbuildit.eu\/en\/#website"},"primaryImageOfPage":{"@id":"https:\/\/justbuildit.eu\/en\/pood\/varvid-ja-viimistlusmaterjalid\/varvid-valistoodeks\/poolmatt-akruulvarv-puitfassadidele-rilak-akvatop-tumeroheline-9l\/#primaryimage"},"image":{"@id":"https:\/\/justbuildit.eu\/en\/pood\/varvid-ja-viimistlusmaterjalid\/varvid-valistoodeks\/poolmatt-akruulvarv-puitfassadidele-rilak-akvatop-tumeroheline-9l\/#primaryimage"},"thumbnailUrl":"https:\/\/justbuildit.eu\/wp-content\/uploads\/2022\/07\/akvatop-9l-7.jpg","datePublished":"2022-07-09T07:37:54+00:00","dateModified":"2026-04-11T09:06:06+00:00","description":"Puitlaudise v\u00e4rvimiseks sobilik v\u00e4rv","breadcrumb":{"@id":"https:\/\/justbuildit.eu\/en\/pood\/varvid-ja-viimistlusmaterjalid\/varvid-valistoodeks\/poolmatt-akruulvarv-puitfassadidele-rilak-akvatop-tumeroheline-9l\/#breadcrumb"},"inLanguage":"en-US","potentialAction":[{"@type":"ReadAction","target":["https:\/\/justbuildit.eu\/en\/pood\/varvid-ja-viimistlusmaterjalid\/varvid-valistoodeks\/poolmatt-akruulvarv-puitfassadidele-rilak-akvatop-tumeroheline-9l\/"]}]},{"@type":"ImageObject","inLanguage":"en-US","@id":"https:\/\/justbuildit.eu\/en\/pood\/varvid-ja-viimistlusmaterjalid\/varvid-valistoodeks\/poolmatt-akruulvarv-puitfassadidele-rilak-akvatop-tumeroheline-9l\/#primaryimage","url":"https:\/\/justbuildit.eu\/wp-content\/uploads\/2022\/07\/akvatop-9l-7.jpg","contentUrl":"https:\/\/justbuildit.eu\/wp-content\/uploads\/2022\/07\/akvatop-9l-7.jpg","width":1000,"height":1000},{"@type":"BreadcrumbList","@id":"https:\/\/justbuildit.eu\/en\/pood\/varvid-ja-viimistlusmaterjalid\/varvid-valistoodeks\/poolmatt-akruulvarv-puitfassadidele-rilak-akvatop-tumeroheline-9l\/#breadcrumb","itemListElement":[{"@type":"ListItem","position":1,"name":"Home","item":"https:\/\/justbuildit.eu\/en\/"},{"@type":"ListItem","position":2,"name":"Shop","item":"https:\/\/justbuildit.eu\/en\/building-materials\/"},{"@type":"ListItem","position":3,"name":"POOLMATT AKR\u00dc\u00dcLV\u00c4RV PUITFASSADIDELE RILAK AKVATOP TUMEROHELINE 9L"}]},{"@type":"WebSite","@id":"https:\/\/justbuildit.eu\/en\/#website","url":"https:\/\/justbuildit.eu\/en\/","name":"Ehituslahendused","description":"Ehituslahendused ja materjalid","publisher":{"@id":"https:\/\/justbuildit.eu\/en\/#organization"},"potentialAction":[{"@type":"SearchAction","target":{"@type":"EntryPoint","urlTemplate":"https:\/\/justbuildit.eu\/en\/?s={search_term_string}"},"query-input":{"@type":"PropertyValueSpecification","valueRequired":true,"valueName":"search_term_string"}}],"inLanguage":"en-US"},{"@type":"Organization","@id":"https:\/\/justbuildit.eu\/en\/#organization","name":"Just Build It O\u00dc","url":"https:\/\/justbuildit.eu\/en\/","logo":{"@type":"ImageObject","inLanguage":"en-US","@id":"https:\/\/justbuildit.eu\/en\/#\/schema\/logo\/image\/","url":"https:\/\/justbuildit.eu\/wp-content\/uploads\/2022\/01\/justbuildit.png","contentUrl":"https:\/\/justbuildit.eu\/wp-content\/uploads\/2022\/01\/justbuildit.png","width":173,"height":77,"caption":"Just Build It O\u00dc"},"image":{"@id":"https:\/\/justbuildit.eu\/en\/#\/schema\/logo\/image\/"},"sameAs":["https:\/\/www.facebook.com\/justbuildit.ee"]}]}},"_links":{"self":[{"href":"https:\/\/justbuildit.eu\/en\/wp-json\/wp\/v2\/product\/109546","targetHints":{"allow":["GET"]}}],"collection":[{"href":"https:\/\/justbuildit.eu\/en\/wp-json\/wp\/v2\/product"}],"about":[{"href":"https:\/\/justbuildit.eu\/en\/wp-json\/wp\/v2\/types\/product"}],"replies":[{"embeddable":true,"href":"https:\/\/justbuildit.eu\/en\/wp-json\/wp\/v2\/comments?post=109546"}],"wp:featuredmedia":[{"embeddable":true,"href":"https:\/\/justbuildit.eu\/en\/wp-json\/wp\/v2\/media\/648345"}],"wp:attachment":[{"href":"https:\/\/justbuildit.eu\/en\/wp-json\/wp\/v2\/media?parent=109546"}],"wp:term":[{"taxonomy":"product_brand","embeddable":true,"href":"https:\/\/justbuildit.eu\/en\/wp-json\/wp\/v2\/product_brand?post=109546"},{"taxonomy":"product_cat","embeddable":true,"href":"https:\/\/justbuildit.eu\/en\/wp-json\/wp\/v2\/product_cat?post=109546"},{"taxonomy":"product_tag","embeddable":true,"href":"https:\/\/justbuildit.eu\/en\/wp-json\/wp\/v2\/product_tag?post=109546"}],"curies":[{"name":"wp","href":"https:\/\/api.w.org\/{rel}","templated":true}]}}