{"id":1119,"date":"2021-12-06T13:55:12","date_gmt":"2021-12-06T10:55:12","guid":{"rendered":"https:\/\/justbuildit.eu\/?post_type=product&#038;p=1119"},"modified":"2026-04-15T12:09:34","modified_gmt":"2026-04-15T09:09:34","slug":"kuivbetoon-be-25kg","status":"publish","type":"product","link":"https:\/\/justbuildit.eu\/en\/pood\/ehitussegud\/muurimordid-kuivbetoonid\/kuivbetoon-be-25kg\/","title":{"rendered":"Kuivbetoon BE 25kg"},"content":{"rendered":"<p>Kuivbetoon C25\/30 p\u00f5randate, ujuvp\u00f5randate, vundamentide, postide ja muude monoliitelementide valamiseks, \u00f5\u00f5nesplokkide t\u00e4itmiseks.<\/p>\n<ul>\n<li>Sobilik erinevate betoonivalut\u00f6\u00f6de jaoks<\/li>\n<li>V\u00f5imalik kasutada k\u00f6etavate p\u00f5randate valamiseks<\/li>\n<li>Soovituslik v\u00e4him kihi paksus p\u00f5randavalu korral 40 mm<\/li>\n<li>Vee- ja k\u00fclmakindel<\/li>\n<li>Tera suurus kuni 8 mm<\/li>\n<li>Sise- ja v\u00e4list\u00f6\u00f6deks<\/li>\n<li>2000 kg kuivbetooni = 1 m\u00b3<\/li>\n<\/ul>\n<p><b>Pinna ettevalmistamine:<\/b><br \/>\nAluspind peab olema stabiilne, tugev, ilma pragudeta. Puhastada pind pudedatest pindmistest kihtidest, tolmust, \u00f5list, v\u00e4rvij\u00e4\u00e4kidest jms. Eriti tihedad ja\/v\u00f5i siledad pinnad t\u00f6\u00f6delda \u00fcle abrasiiviga. Mineraalsed aluspinnad kruntida krundiga Sakret UG (lahjendada veega 1:3). Monoliitvalu korral kasutada ainult mitteimavaid v\u00f5i v\u00e4heimavaid raketisi, t\u00f6\u00f6delda eelnevalt raketise\u00f5liga. Raudbetoonkonstruktsioonides tagada metalldetailidele k\u00fcllaldane kaitsekiht. Suurte konstruktsioonide pindadel j\u00e4rgida deformatsioonivuukide intervalli.<\/p>\n<p><b>T\u00f6\u00f6 k\u00e4ik:<\/b><br \/>\nSakret ?E tuleb segada puhtas n\u00f5us v\u00f5i segumasinas k\u00fclma puhta veega t\u00fckivabaks massiks. Paigaldada betoon \u00fchtlaselt raketisse ning tihendada, tasandada ja siluda. Ehitise deformatsioonivuuke ei tohi betooniga katta. P\u00f5randate valamisel kasutada armatuurv\u00f5rku. Kaitsta v\u00e4rskelt valatud pindu otsese p\u00e4ikesepaiste, sademete, k\u00fclmumise ja tugeva tuule eest, soovitatav on j\u00e4relniisutus. P\u00f5randate valamiseks on v\u00e4him optimaalseim kihipaksus 40 mm. Valatud pinnad on k\u00e4idavad ja plaaditavad 24 h m\u00f6\u00f6dumisel valamisest.<\/p>\n","protected":false},"excerpt":{"rendered":"<p>Kuivbetoon C25\/30 p\u00f5randate, ujuvp\u00f5randate, vundamentide, postide ja muude monoliitelementide valamiseks, \u00f5\u00f5nesplokkide t\u00e4itmiseks.<\/p>","protected":false},"featured_media":1120,"comment_status":"open","ping_status":"closed","template":"","meta":{"_acf_changed":false},"product_brand":[],"product_cat":[58,497],"product_tag":[],"class_list":{"0":"post-1119","1":"product","2":"type-product","3":"status-publish","4":"has-post-thumbnail","6":"product_cat-muurimordid-kuivbetoonid","7":"product_cat-puumarket","9":"first","10":"instock","11":"shipping-taxable","12":"purchasable","13":"product-type-simple"},"acf":[],"yoast_head":"<!-- This site is optimized with the Yoast SEO Premium plugin v18.7 (Yoast SEO v26.5) - https:\/\/yoast.com\/wordpress\/plugins\/seo\/ -->\n<title>Kuivbetoon BE 25kg - Ehituslahendused<\/title>\n<meta name=\"robots\" content=\"index, follow, max-snippet:-1, max-image-preview:large, max-video-preview:-1\" \/>\n<link rel=\"canonical\" href=\"https:\/\/justbuildit.eu\/en\/pood\/ehitussegud\/muurimordid-kuivbetoonid\/kuivbetoon-be-25kg\/\" \/>\n<meta property=\"og:locale\" content=\"en_US\" \/>\n<meta property=\"og:type\" content=\"article\" \/>\n<meta property=\"og:title\" content=\"Kuivbetoon BE 25kg\" \/>\n<meta property=\"og:description\" content=\"Kuivbetoon C25\/30 p\u00f5randate, ujuvp\u00f5randate, vundamentide, postide ja muude monoliitelementide valamiseks, \u00f5\u00f5nesplokkide t\u00e4itmiseks.\" \/>\n<meta property=\"og:url\" content=\"https:\/\/justbuildit.eu\/en\/pood\/ehitussegud\/muurimordid-kuivbetoonid\/kuivbetoon-be-25kg\/\" \/>\n<meta property=\"og:site_name\" content=\"Ehituslahendused\" \/>\n<meta property=\"article:publisher\" content=\"https:\/\/www.facebook.com\/justbuildit.ee\" \/>\n<meta property=\"article:modified_time\" content=\"2026-04-15T09:09:34+00:00\" \/>\n<meta property=\"og:image\" content=\"https:\/\/justbuildit.eu\/wp-content\/uploads\/2021\/12\/108264.jpg\" \/>\n\t<meta property=\"og:image:width\" content=\"600\" \/>\n\t<meta property=\"og:image:height\" content=\"600\" \/>\n\t<meta property=\"og:image:type\" content=\"image\/jpeg\" \/>\n<meta name=\"twitter:card\" content=\"summary_large_image\" \/>\n<script type=\"application\/ld+json\" class=\"yoast-schema-graph\">{\"@context\":\"https:\/\/schema.org\",\"@graph\":[{\"@type\":\"WebPage\",\"@id\":\"https:\/\/justbuildit.eu\/en\/pood\/ehitussegud\/muurimordid-kuivbetoonid\/kuivbetoon-be-25kg\/\",\"url\":\"https:\/\/justbuildit.eu\/en\/pood\/ehitussegud\/muurimordid-kuivbetoonid\/kuivbetoon-be-25kg\/\",\"name\":\"Kuivbetoon BE 25kg - Ehituslahendused\",\"isPartOf\":{\"@id\":\"https:\/\/justbuildit.eu\/en\/#website\"},\"primaryImageOfPage\":{\"@id\":\"https:\/\/justbuildit.eu\/en\/pood\/ehitussegud\/muurimordid-kuivbetoonid\/kuivbetoon-be-25kg\/#primaryimage\"},\"image\":{\"@id\":\"https:\/\/justbuildit.eu\/en\/pood\/ehitussegud\/muurimordid-kuivbetoonid\/kuivbetoon-be-25kg\/#primaryimage\"},\"thumbnailUrl\":\"https:\/\/justbuildit.eu\/wp-content\/uploads\/2021\/12\/108264.jpg\",\"datePublished\":\"2021-12-06T10:55:12+00:00\",\"dateModified\":\"2026-04-15T09:09:34+00:00\",\"breadcrumb\":{\"@id\":\"https:\/\/justbuildit.eu\/en\/pood\/ehitussegud\/muurimordid-kuivbetoonid\/kuivbetoon-be-25kg\/#breadcrumb\"},\"inLanguage\":\"en-US\",\"potentialAction\":[{\"@type\":\"ReadAction\",\"target\":[\"https:\/\/justbuildit.eu\/en\/pood\/ehitussegud\/muurimordid-kuivbetoonid\/kuivbetoon-be-25kg\/\"]}]},{\"@type\":\"ImageObject\",\"inLanguage\":\"en-US\",\"@id\":\"https:\/\/justbuildit.eu\/en\/pood\/ehitussegud\/muurimordid-kuivbetoonid\/kuivbetoon-be-25kg\/#primaryimage\",\"url\":\"https:\/\/justbuildit.eu\/wp-content\/uploads\/2021\/12\/108264.jpg\",\"contentUrl\":\"https:\/\/justbuildit.eu\/wp-content\/uploads\/2021\/12\/108264.jpg\",\"width\":600,\"height\":600},{\"@type\":\"BreadcrumbList\",\"@id\":\"https:\/\/justbuildit.eu\/en\/pood\/ehitussegud\/muurimordid-kuivbetoonid\/kuivbetoon-be-25kg\/#breadcrumb\",\"itemListElement\":[{\"@type\":\"ListItem\",\"position\":1,\"name\":\"Home\",\"item\":\"https:\/\/justbuildit.eu\/en\/\"},{\"@type\":\"ListItem\",\"position\":2,\"name\":\"Shop\",\"item\":\"https:\/\/justbuildit.eu\/en\/building-materials\/\"},{\"@type\":\"ListItem\",\"position\":3,\"name\":\"Kuivbetoon BE 25kg\"}]},{\"@type\":\"WebSite\",\"@id\":\"https:\/\/justbuildit.eu\/en\/#website\",\"url\":\"https:\/\/justbuildit.eu\/en\/\",\"name\":\"Ehituslahendused\",\"description\":\"Ehituslahendused ja materjalid\",\"publisher\":{\"@id\":\"https:\/\/justbuildit.eu\/en\/#organization\"},\"potentialAction\":[{\"@type\":\"SearchAction\",\"target\":{\"@type\":\"EntryPoint\",\"urlTemplate\":\"https:\/\/justbuildit.eu\/en\/?s={search_term_string}\"},\"query-input\":{\"@type\":\"PropertyValueSpecification\",\"valueRequired\":true,\"valueName\":\"search_term_string\"}}],\"inLanguage\":\"en-US\"},{\"@type\":\"Organization\",\"@id\":\"https:\/\/justbuildit.eu\/en\/#organization\",\"name\":\"Just Build It O\u00dc\",\"url\":\"https:\/\/justbuildit.eu\/en\/\",\"logo\":{\"@type\":\"ImageObject\",\"inLanguage\":\"en-US\",\"@id\":\"https:\/\/justbuildit.eu\/en\/#\/schema\/logo\/image\/\",\"url\":\"https:\/\/justbuildit.eu\/wp-content\/uploads\/2022\/01\/justbuildit.png\",\"contentUrl\":\"https:\/\/justbuildit.eu\/wp-content\/uploads\/2022\/01\/justbuildit.png\",\"width\":173,\"height\":77,\"caption\":\"Just Build It O\u00dc\"},\"image\":{\"@id\":\"https:\/\/justbuildit.eu\/en\/#\/schema\/logo\/image\/\"},\"sameAs\":[\"https:\/\/www.facebook.com\/justbuildit.ee\"]}]}<\/script>\n<!-- \/ Yoast SEO Premium plugin. -->","yoast_head_json":{"title":"Kuivbetoon BE 25kg - Ehituslahendused","robots":{"index":"index","follow":"follow","max-snippet":"max-snippet:-1","max-image-preview":"max-image-preview:large","max-video-preview":"max-video-preview:-1"},"canonical":"https:\/\/justbuildit.eu\/en\/pood\/ehitussegud\/muurimordid-kuivbetoonid\/kuivbetoon-be-25kg\/","og_locale":"en_US","og_type":"article","og_title":"Kuivbetoon BE 25kg","og_description":"Kuivbetoon C25\/30 p\u00f5randate, ujuvp\u00f5randate, vundamentide, postide ja muude monoliitelementide valamiseks, \u00f5\u00f5nesplokkide t\u00e4itmiseks.","og_url":"https:\/\/justbuildit.eu\/en\/pood\/ehitussegud\/muurimordid-kuivbetoonid\/kuivbetoon-be-25kg\/","og_site_name":"Ehituslahendused","article_publisher":"https:\/\/www.facebook.com\/justbuildit.ee","article_modified_time":"2026-04-15T09:09:34+00:00","og_image":[{"width":600,"height":600,"url":"https:\/\/justbuildit.eu\/wp-content\/uploads\/2021\/12\/108264.jpg","type":"image\/jpeg"}],"twitter_card":"summary_large_image","schema":{"@context":"https:\/\/schema.org","@graph":[{"@type":"WebPage","@id":"https:\/\/justbuildit.eu\/en\/pood\/ehitussegud\/muurimordid-kuivbetoonid\/kuivbetoon-be-25kg\/","url":"https:\/\/justbuildit.eu\/en\/pood\/ehitussegud\/muurimordid-kuivbetoonid\/kuivbetoon-be-25kg\/","name":"Kuivbetoon BE 25kg - Ehituslahendused","isPartOf":{"@id":"https:\/\/justbuildit.eu\/en\/#website"},"primaryImageOfPage":{"@id":"https:\/\/justbuildit.eu\/en\/pood\/ehitussegud\/muurimordid-kuivbetoonid\/kuivbetoon-be-25kg\/#primaryimage"},"image":{"@id":"https:\/\/justbuildit.eu\/en\/pood\/ehitussegud\/muurimordid-kuivbetoonid\/kuivbetoon-be-25kg\/#primaryimage"},"thumbnailUrl":"https:\/\/justbuildit.eu\/wp-content\/uploads\/2021\/12\/108264.jpg","datePublished":"2021-12-06T10:55:12+00:00","dateModified":"2026-04-15T09:09:34+00:00","breadcrumb":{"@id":"https:\/\/justbuildit.eu\/en\/pood\/ehitussegud\/muurimordid-kuivbetoonid\/kuivbetoon-be-25kg\/#breadcrumb"},"inLanguage":"en-US","potentialAction":[{"@type":"ReadAction","target":["https:\/\/justbuildit.eu\/en\/pood\/ehitussegud\/muurimordid-kuivbetoonid\/kuivbetoon-be-25kg\/"]}]},{"@type":"ImageObject","inLanguage":"en-US","@id":"https:\/\/justbuildit.eu\/en\/pood\/ehitussegud\/muurimordid-kuivbetoonid\/kuivbetoon-be-25kg\/#primaryimage","url":"https:\/\/justbuildit.eu\/wp-content\/uploads\/2021\/12\/108264.jpg","contentUrl":"https:\/\/justbuildit.eu\/wp-content\/uploads\/2021\/12\/108264.jpg","width":600,"height":600},{"@type":"BreadcrumbList","@id":"https:\/\/justbuildit.eu\/en\/pood\/ehitussegud\/muurimordid-kuivbetoonid\/kuivbetoon-be-25kg\/#breadcrumb","itemListElement":[{"@type":"ListItem","position":1,"name":"Home","item":"https:\/\/justbuildit.eu\/en\/"},{"@type":"ListItem","position":2,"name":"Shop","item":"https:\/\/justbuildit.eu\/en\/building-materials\/"},{"@type":"ListItem","position":3,"name":"Kuivbetoon BE 25kg"}]},{"@type":"WebSite","@id":"https:\/\/justbuildit.eu\/en\/#website","url":"https:\/\/justbuildit.eu\/en\/","name":"Ehituslahendused","description":"Ehituslahendused ja materjalid","publisher":{"@id":"https:\/\/justbuildit.eu\/en\/#organization"},"potentialAction":[{"@type":"SearchAction","target":{"@type":"EntryPoint","urlTemplate":"https:\/\/justbuildit.eu\/en\/?s={search_term_string}"},"query-input":{"@type":"PropertyValueSpecification","valueRequired":true,"valueName":"search_term_string"}}],"inLanguage":"en-US"},{"@type":"Organization","@id":"https:\/\/justbuildit.eu\/en\/#organization","name":"Just Build It O\u00dc","url":"https:\/\/justbuildit.eu\/en\/","logo":{"@type":"ImageObject","inLanguage":"en-US","@id":"https:\/\/justbuildit.eu\/en\/#\/schema\/logo\/image\/","url":"https:\/\/justbuildit.eu\/wp-content\/uploads\/2022\/01\/justbuildit.png","contentUrl":"https:\/\/justbuildit.eu\/wp-content\/uploads\/2022\/01\/justbuildit.png","width":173,"height":77,"caption":"Just Build It O\u00dc"},"image":{"@id":"https:\/\/justbuildit.eu\/en\/#\/schema\/logo\/image\/"},"sameAs":["https:\/\/www.facebook.com\/justbuildit.ee"]}]}},"_links":{"self":[{"href":"https:\/\/justbuildit.eu\/en\/wp-json\/wp\/v2\/product\/1119","targetHints":{"allow":["GET"]}}],"collection":[{"href":"https:\/\/justbuildit.eu\/en\/wp-json\/wp\/v2\/product"}],"about":[{"href":"https:\/\/justbuildit.eu\/en\/wp-json\/wp\/v2\/types\/product"}],"replies":[{"embeddable":true,"href":"https:\/\/justbuildit.eu\/en\/wp-json\/wp\/v2\/comments?post=1119"}],"wp:featuredmedia":[{"embeddable":true,"href":"https:\/\/justbuildit.eu\/en\/wp-json\/wp\/v2\/media\/1120"}],"wp:attachment":[{"href":"https:\/\/justbuildit.eu\/en\/wp-json\/wp\/v2\/media?parent=1119"}],"wp:term":[{"taxonomy":"product_brand","embeddable":true,"href":"https:\/\/justbuildit.eu\/en\/wp-json\/wp\/v2\/product_brand?post=1119"},{"taxonomy":"product_cat","embeddable":true,"href":"https:\/\/justbuildit.eu\/en\/wp-json\/wp\/v2\/product_cat?post=1119"},{"taxonomy":"product_tag","embeddable":true,"href":"https:\/\/justbuildit.eu\/en\/wp-json\/wp\/v2\/product_tag?post=1119"}],"curies":[{"name":"wp","href":"https:\/\/api.w.org\/{rel}","templated":true}]}}