{"id":1132,"date":"2021-12-06T14:01:02","date_gmt":"2021-12-06T11:01:02","guid":{"rendered":"https:\/\/justbuildit.eu\/?post_type=product&#038;p=1132"},"modified":"2026-04-11T12:07:39","modified_gmt":"2026-04-11T09:07:39","slug":"oones-poolplokk-190x190x190mm-hall","status":"publish","type":"product","link":"https:\/\/justbuildit.eu\/en\/pood\/ehitusplokid\/oones-poolplokk-190x190x190mm-hall\/","title":{"rendered":"\u00d5\u00f5nes poolplokk 190x190x190mm hall"},"content":{"rendered":"<p><strong>190 mm laiused \u00f5\u00f5nesplokid sobivad k\u00f5igi m\u00fc\u00fcritise t\u00fc\u00fcpide (vundamentide, kandeseinte, vaheseinte, tugim\u00fc\u00fcride jne.) ladumiseks koos v\u00f5i ilma vastavate lisatingimustega (soojustus, h\u00fcdroisolatsioon, armeerimine jne.).<\/strong><\/p>\n<ul>\n<li>M\u00fc\u00fcritis on ideaalne 2-3 korruseliste majade kandeseinte ehitamiseks;<\/li>\n<li>Omab h\u00e4id v\u00f5imalusi seina t\u00e4iendavaks armeerimiseks ilma v\u00e4lisilmet muutmata;<\/li>\n<li>Pigmentide kasutamine tootmisprotsessis annab v\u00f5imaluse valida sobiv v\u00e4rvitoon;<\/li>\n<li>Otseses kokkupuutes kuumade suitsugaaside ja tulega ei ole soovitav kasutada;<\/li>\n<li>\u00d5\u00f5nsustesse on mugav paigutada elektrijuhtmeid jt. kommunikatsioone;<\/li>\n<li>V\u00e4hene m\u00f6rdikulu (\u00fche 190mm laiuse ploki kohta umbes 1,6kg segu)<\/li>\n<\/ul>\n<p>  Kuna plokkide v\u00e4lispind on sile ja tasapinnaline ning k\u00fclmakindlus on piisav, siis sobivad nad kasutamiseks nii sise- kui v\u00e4listingimustes. Oma k\u00fcllalt suure massi t\u00f5ttu on korralikult laotud betoonm\u00fc\u00fcritis hea \u00f5hum\u00fcra isolaator. Parema kandev\u00f5ime, heliisolatsiooni ja tulep\u00fcsivuse saavutamiseks v\u00f5ib ploki \u00f5\u00f5nsused t\u00e4is betoneerida.  Plokid on struktuurilt lahtiste pooridega ja imavad vett suhteliselt kiiresti ja ka v\u00e4ljakuivamine toimub kiiresti.<\/p>\n<p>  Kui m\u00fc\u00fcritis (vundament, hoone v\u00e4lissein) j\u00e4\u00e4b avatuks v\u00e4listele niiskusallikatele, tuleb vee eemalejuhtimiseks kasutada h\u00fcdroisolatsioonivahendeid v\u00f5i vastavavalt konstruktsiooni v\u00f5imalustele kasutada plekist veeninasid sadevee eemalejuhtimiseks.<\/p>\n<p>  Mahumuutustest tingitud pragunemiste v\u00e4ltimiseks on soovitav teha vertikaalnihkevuugid avade kohale, postide, pilastrite ja ristuvate seinte \u00fchenduskohtadesse, seinte k\u00f5rguste ja laiuste muutumiskohtadesse ning pikideformatsioonivuugid iga 6-7,5 meetri tagant. Deformatsioonipragude avanemise v\u00e4ltimiseks aitab kaasa ka seina armeerimine, armeerimisega v\u00f5ib m\u00fc\u00fcritise vuukidevahelist pikkust suurendada.<\/p>\n","protected":false},"excerpt":{"rendered":"<p><strong>190 mm laiused \u00f5\u00f5nesplokid sobivad k\u00f5igi m\u00fc\u00fcritise t\u00fc\u00fcpide (vundamentide, kandeseinte, vaheseinte, tugim\u00fc\u00fcride jne.) ladumiseks koos v\u00f5i ilma vastavate lisatingimustega (soojustus, h\u00fcdroisolatsioon, armeerimine jne.).<\/strong><\/p>","protected":false},"featured_media":1133,"comment_status":"open","ping_status":"closed","template":"","meta":{"_acf_changed":false},"product_brand":[],"product_cat":[54,497],"product_tag":[],"class_list":{"0":"post-1132","1":"product","2":"type-product","3":"status-publish","4":"has-post-thumbnail","6":"product_cat-ehitusplokid","7":"product_cat-puumarket","9":"first","10":"outofstock","11":"shipping-taxable","12":"purchasable","13":"product-type-simple"},"acf":[],"yoast_head":"<!-- This site is optimized with the Yoast SEO Premium plugin v18.7 (Yoast SEO v26.5) - https:\/\/yoast.com\/wordpress\/plugins\/seo\/ -->\n<title>\u00d5\u00f5nes poolplokk 190x190x190mm hall - Ehituslahendused<\/title>\n<meta name=\"robots\" content=\"index, follow, max-snippet:-1, max-image-preview:large, max-video-preview:-1\" \/>\n<link rel=\"canonical\" href=\"https:\/\/justbuildit.eu\/en\/pood\/ehitusplokid\/oones-poolplokk-190x190x190mm-hall\/\" \/>\n<meta property=\"og:locale\" content=\"en_US\" \/>\n<meta property=\"og:type\" content=\"article\" \/>\n<meta property=\"og:title\" content=\"\u00d5\u00f5nes poolplokk 190x190x190mm hall\" \/>\n<meta property=\"og:description\" content=\"190 mm laiused \u00f5\u00f5nesplokid sobivad k\u00f5igi m\u00fc\u00fcritise t\u00fc\u00fcpide (vundamentide, kandeseinte, vaheseinte, tugim\u00fc\u00fcride jne.) ladumiseks koos v\u00f5i ilma vastavate lisatingimustega (soojustus, h\u00fcdroisolatsioon, armeerimine jne.).\" \/>\n<meta property=\"og:url\" content=\"https:\/\/justbuildit.eu\/en\/pood\/ehitusplokid\/oones-poolplokk-190x190x190mm-hall\/\" \/>\n<meta property=\"og:site_name\" content=\"Ehituslahendused\" \/>\n<meta property=\"article:publisher\" content=\"https:\/\/www.facebook.com\/justbuildit.ee\" \/>\n<meta property=\"article:modified_time\" content=\"2026-04-11T09:07:39+00:00\" \/>\n<meta property=\"og:image\" content=\"https:\/\/justbuildit.eu\/wp-content\/uploads\/2021\/12\/109720.jpg\" \/>\n\t<meta property=\"og:image:width\" content=\"588\" \/>\n\t<meta property=\"og:image:height\" content=\"588\" \/>\n\t<meta property=\"og:image:type\" content=\"image\/jpeg\" \/>\n<meta name=\"twitter:card\" content=\"summary_large_image\" \/>\n<script type=\"application\/ld+json\" class=\"yoast-schema-graph\">{\"@context\":\"https:\/\/schema.org\",\"@graph\":[{\"@type\":\"WebPage\",\"@id\":\"https:\/\/justbuildit.eu\/en\/pood\/ehitusplokid\/oones-poolplokk-190x190x190mm-hall\/\",\"url\":\"https:\/\/justbuildit.eu\/en\/pood\/ehitusplokid\/oones-poolplokk-190x190x190mm-hall\/\",\"name\":\"\u00d5\u00f5nes poolplokk 190x190x190mm hall - Ehituslahendused\",\"isPartOf\":{\"@id\":\"https:\/\/justbuildit.eu\/en\/#website\"},\"primaryImageOfPage\":{\"@id\":\"https:\/\/justbuildit.eu\/en\/pood\/ehitusplokid\/oones-poolplokk-190x190x190mm-hall\/#primaryimage\"},\"image\":{\"@id\":\"https:\/\/justbuildit.eu\/en\/pood\/ehitusplokid\/oones-poolplokk-190x190x190mm-hall\/#primaryimage\"},\"thumbnailUrl\":\"https:\/\/justbuildit.eu\/wp-content\/uploads\/2021\/12\/109720.jpg\",\"datePublished\":\"2021-12-06T11:01:02+00:00\",\"dateModified\":\"2026-04-11T09:07:39+00:00\",\"breadcrumb\":{\"@id\":\"https:\/\/justbuildit.eu\/en\/pood\/ehitusplokid\/oones-poolplokk-190x190x190mm-hall\/#breadcrumb\"},\"inLanguage\":\"en-US\",\"potentialAction\":[{\"@type\":\"ReadAction\",\"target\":[\"https:\/\/justbuildit.eu\/en\/pood\/ehitusplokid\/oones-poolplokk-190x190x190mm-hall\/\"]}]},{\"@type\":\"ImageObject\",\"inLanguage\":\"en-US\",\"@id\":\"https:\/\/justbuildit.eu\/en\/pood\/ehitusplokid\/oones-poolplokk-190x190x190mm-hall\/#primaryimage\",\"url\":\"https:\/\/justbuildit.eu\/wp-content\/uploads\/2021\/12\/109720.jpg\",\"contentUrl\":\"https:\/\/justbuildit.eu\/wp-content\/uploads\/2021\/12\/109720.jpg\",\"width\":588,\"height\":588},{\"@type\":\"BreadcrumbList\",\"@id\":\"https:\/\/justbuildit.eu\/en\/pood\/ehitusplokid\/oones-poolplokk-190x190x190mm-hall\/#breadcrumb\",\"itemListElement\":[{\"@type\":\"ListItem\",\"position\":1,\"name\":\"Home\",\"item\":\"https:\/\/justbuildit.eu\/en\/\"},{\"@type\":\"ListItem\",\"position\":2,\"name\":\"Shop\",\"item\":\"https:\/\/justbuildit.eu\/en\/building-materials\/\"},{\"@type\":\"ListItem\",\"position\":3,\"name\":\"\u00d5\u00f5nes poolplokk 190x190x190mm hall\"}]},{\"@type\":\"WebSite\",\"@id\":\"https:\/\/justbuildit.eu\/en\/#website\",\"url\":\"https:\/\/justbuildit.eu\/en\/\",\"name\":\"Ehituslahendused\",\"description\":\"Ehituslahendused ja materjalid\",\"publisher\":{\"@id\":\"https:\/\/justbuildit.eu\/en\/#organization\"},\"potentialAction\":[{\"@type\":\"SearchAction\",\"target\":{\"@type\":\"EntryPoint\",\"urlTemplate\":\"https:\/\/justbuildit.eu\/en\/?s={search_term_string}\"},\"query-input\":{\"@type\":\"PropertyValueSpecification\",\"valueRequired\":true,\"valueName\":\"search_term_string\"}}],\"inLanguage\":\"en-US\"},{\"@type\":\"Organization\",\"@id\":\"https:\/\/justbuildit.eu\/en\/#organization\",\"name\":\"Just Build It O\u00dc\",\"url\":\"https:\/\/justbuildit.eu\/en\/\",\"logo\":{\"@type\":\"ImageObject\",\"inLanguage\":\"en-US\",\"@id\":\"https:\/\/justbuildit.eu\/en\/#\/schema\/logo\/image\/\",\"url\":\"https:\/\/justbuildit.eu\/wp-content\/uploads\/2022\/01\/justbuildit.png\",\"contentUrl\":\"https:\/\/justbuildit.eu\/wp-content\/uploads\/2022\/01\/justbuildit.png\",\"width\":173,\"height\":77,\"caption\":\"Just Build It O\u00dc\"},\"image\":{\"@id\":\"https:\/\/justbuildit.eu\/en\/#\/schema\/logo\/image\/\"},\"sameAs\":[\"https:\/\/www.facebook.com\/justbuildit.ee\"]}]}<\/script>\n<!-- \/ Yoast SEO Premium plugin. -->","yoast_head_json":{"title":"\u00d5\u00f5nes poolplokk 190x190x190mm hall - Ehituslahendused","robots":{"index":"index","follow":"follow","max-snippet":"max-snippet:-1","max-image-preview":"max-image-preview:large","max-video-preview":"max-video-preview:-1"},"canonical":"https:\/\/justbuildit.eu\/en\/pood\/ehitusplokid\/oones-poolplokk-190x190x190mm-hall\/","og_locale":"en_US","og_type":"article","og_title":"\u00d5\u00f5nes poolplokk 190x190x190mm hall","og_description":"190 mm laiused \u00f5\u00f5nesplokid sobivad k\u00f5igi m\u00fc\u00fcritise t\u00fc\u00fcpide (vundamentide, kandeseinte, vaheseinte, tugim\u00fc\u00fcride jne.) ladumiseks koos v\u00f5i ilma vastavate lisatingimustega (soojustus, h\u00fcdroisolatsioon, armeerimine jne.).","og_url":"https:\/\/justbuildit.eu\/en\/pood\/ehitusplokid\/oones-poolplokk-190x190x190mm-hall\/","og_site_name":"Ehituslahendused","article_publisher":"https:\/\/www.facebook.com\/justbuildit.ee","article_modified_time":"2026-04-11T09:07:39+00:00","og_image":[{"width":588,"height":588,"url":"https:\/\/justbuildit.eu\/wp-content\/uploads\/2021\/12\/109720.jpg","type":"image\/jpeg"}],"twitter_card":"summary_large_image","schema":{"@context":"https:\/\/schema.org","@graph":[{"@type":"WebPage","@id":"https:\/\/justbuildit.eu\/en\/pood\/ehitusplokid\/oones-poolplokk-190x190x190mm-hall\/","url":"https:\/\/justbuildit.eu\/en\/pood\/ehitusplokid\/oones-poolplokk-190x190x190mm-hall\/","name":"\u00d5\u00f5nes poolplokk 190x190x190mm hall - Ehituslahendused","isPartOf":{"@id":"https:\/\/justbuildit.eu\/en\/#website"},"primaryImageOfPage":{"@id":"https:\/\/justbuildit.eu\/en\/pood\/ehitusplokid\/oones-poolplokk-190x190x190mm-hall\/#primaryimage"},"image":{"@id":"https:\/\/justbuildit.eu\/en\/pood\/ehitusplokid\/oones-poolplokk-190x190x190mm-hall\/#primaryimage"},"thumbnailUrl":"https:\/\/justbuildit.eu\/wp-content\/uploads\/2021\/12\/109720.jpg","datePublished":"2021-12-06T11:01:02+00:00","dateModified":"2026-04-11T09:07:39+00:00","breadcrumb":{"@id":"https:\/\/justbuildit.eu\/en\/pood\/ehitusplokid\/oones-poolplokk-190x190x190mm-hall\/#breadcrumb"},"inLanguage":"en-US","potentialAction":[{"@type":"ReadAction","target":["https:\/\/justbuildit.eu\/en\/pood\/ehitusplokid\/oones-poolplokk-190x190x190mm-hall\/"]}]},{"@type":"ImageObject","inLanguage":"en-US","@id":"https:\/\/justbuildit.eu\/en\/pood\/ehitusplokid\/oones-poolplokk-190x190x190mm-hall\/#primaryimage","url":"https:\/\/justbuildit.eu\/wp-content\/uploads\/2021\/12\/109720.jpg","contentUrl":"https:\/\/justbuildit.eu\/wp-content\/uploads\/2021\/12\/109720.jpg","width":588,"height":588},{"@type":"BreadcrumbList","@id":"https:\/\/justbuildit.eu\/en\/pood\/ehitusplokid\/oones-poolplokk-190x190x190mm-hall\/#breadcrumb","itemListElement":[{"@type":"ListItem","position":1,"name":"Home","item":"https:\/\/justbuildit.eu\/en\/"},{"@type":"ListItem","position":2,"name":"Shop","item":"https:\/\/justbuildit.eu\/en\/building-materials\/"},{"@type":"ListItem","position":3,"name":"\u00d5\u00f5nes poolplokk 190x190x190mm hall"}]},{"@type":"WebSite","@id":"https:\/\/justbuildit.eu\/en\/#website","url":"https:\/\/justbuildit.eu\/en\/","name":"Ehituslahendused","description":"Ehituslahendused ja materjalid","publisher":{"@id":"https:\/\/justbuildit.eu\/en\/#organization"},"potentialAction":[{"@type":"SearchAction","target":{"@type":"EntryPoint","urlTemplate":"https:\/\/justbuildit.eu\/en\/?s={search_term_string}"},"query-input":{"@type":"PropertyValueSpecification","valueRequired":true,"valueName":"search_term_string"}}],"inLanguage":"en-US"},{"@type":"Organization","@id":"https:\/\/justbuildit.eu\/en\/#organization","name":"Just Build It O\u00dc","url":"https:\/\/justbuildit.eu\/en\/","logo":{"@type":"ImageObject","inLanguage":"en-US","@id":"https:\/\/justbuildit.eu\/en\/#\/schema\/logo\/image\/","url":"https:\/\/justbuildit.eu\/wp-content\/uploads\/2022\/01\/justbuildit.png","contentUrl":"https:\/\/justbuildit.eu\/wp-content\/uploads\/2022\/01\/justbuildit.png","width":173,"height":77,"caption":"Just Build It O\u00dc"},"image":{"@id":"https:\/\/justbuildit.eu\/en\/#\/schema\/logo\/image\/"},"sameAs":["https:\/\/www.facebook.com\/justbuildit.ee"]}]}},"_links":{"self":[{"href":"https:\/\/justbuildit.eu\/en\/wp-json\/wp\/v2\/product\/1132","targetHints":{"allow":["GET"]}}],"collection":[{"href":"https:\/\/justbuildit.eu\/en\/wp-json\/wp\/v2\/product"}],"about":[{"href":"https:\/\/justbuildit.eu\/en\/wp-json\/wp\/v2\/types\/product"}],"replies":[{"embeddable":true,"href":"https:\/\/justbuildit.eu\/en\/wp-json\/wp\/v2\/comments?post=1132"}],"wp:featuredmedia":[{"embeddable":true,"href":"https:\/\/justbuildit.eu\/en\/wp-json\/wp\/v2\/media\/1133"}],"wp:attachment":[{"href":"https:\/\/justbuildit.eu\/en\/wp-json\/wp\/v2\/media?parent=1132"}],"wp:term":[{"taxonomy":"product_brand","embeddable":true,"href":"https:\/\/justbuildit.eu\/en\/wp-json\/wp\/v2\/product_brand?post=1132"},{"taxonomy":"product_cat","embeddable":true,"href":"https:\/\/justbuildit.eu\/en\/wp-json\/wp\/v2\/product_cat?post=1132"},{"taxonomy":"product_tag","embeddable":true,"href":"https:\/\/justbuildit.eu\/en\/wp-json\/wp\/v2\/product_tag?post=1132"}],"curies":[{"name":"wp","href":"https:\/\/api.w.org\/{rel}","templated":true}]}}