{"id":1152,"date":"2021-12-06T14:50:27","date_gmt":"2021-12-06T11:50:27","guid":{"rendered":"https:\/\/justbuildit.eu\/?post_type=product&#038;p=1152"},"modified":"2026-04-19T12:07:34","modified_gmt":"2026-04-19T09:07:34","slug":"kergplokk-efekt-3-mpa-200mm","status":"publish","type":"product","link":"https:\/\/justbuildit.eu\/en\/pood\/ehitusplokid\/kergplokid\/kergplokk-efekt-3-mpa-200mm\/","title":{"rendered":"Kergplokk Efekt 3 MPA 200mm"},"content":{"rendered":"<p><strong>Fibo plokkidest on lihtne ehitada ajas kestvaid  konstruktsioone. Nende plokitoodete kasutamine ei sea projekteerijatele piiranguid ning plokkide ladumine on lihtne ja kiire.  L\u00f5puni l\u00e4bi m\u00f5eldud lahendused lihtsustavad ehitusprotsessi ning selle tulemuseks on energias\u00e4\u00e4stlikud, kauakestvad ja ekspluatatsioonis  v\u00e4hest hooldamist vajavad  ehitised. <\/strong><\/p>\n<p>  Fibo 3 plokke v\u00f5ib kasutada vundamentide, kandvate ja mittekandvate seinte ehitamiseks nii \u00fche- kui ka mitmekorruseliste hoonete puhul. Erinevate ehitiste tugevusarvutused on n\u00e4idanud, et \u00fcldjuhul on Fibo 3 plokke kasutades seinte kandevoime tagatud. Probleemsemad olukorrad v\u00f5ivad esineda esimese korruse aknapostides, kui kandvate seinte vahekaugused on suured, ukse- ja aknaavad on laiad ja m\u00fc\u00fc- ridele soovitakse toetada suuresildelisi paneele. Sellises olukorras soovitame koormatud m\u00fc\u00fcritsoonid laduda suurema survetugevusega nt. Fibo 5 plokkidest. \u00dche- ja kahekordsete eramajade ehitamisel on \u00fcldjuhul Fibo 3 plokkide survetugevus piisav.<\/p>\n<ul>\n<li>M\u00fc\u00fcrisegu kokkuhoid ja ladumise kiirus<\/li>\n<li>Lihtsam seina sirge joone hoidmine<\/li>\n<li>V\u00e4hem vuuke<\/li>\n<li>Siledam seina pind<\/li>\n<li>Viimistlusmaterjalide kokkuhoid<\/li>\n<li>Sein saab kiiremini valmis ja soodsamalt viimistletud<\/li>\n<li>Ehitusega saab hakkama ka tavainimene \u2013 ei pea alati ehitajat palkama<\/li>\n<\/ul>\n<p>  <strong>Tapp-liitega vertikaalvuuk l\u00e4heb kokku ilma m\u00fc\u00fcriseguta.<\/strong><br \/>\nAlusel: 80tk<\/p>\n","protected":false},"excerpt":{"rendered":"<p><strong>Fibo plokkidest on lihtne ehitada ajas kestvaid  konstruktsioone. Nende plokitoodete kasutamine ei sea projekteerijatele piiranguid ning plokkide ladumine on lihtne ja kiire.  L\u00f5puni l\u00e4bi m\u00f5eldud lahendused lihtsustavad ehitusprotsessi ning selle tulemuseks on energias\u00e4\u00e4stlikud, kauakestvad ja ekspluatatsioonis  v\u00e4hest hooldamist vajavad  ehitised. <\/strong><\/p>","protected":false},"featured_media":1153,"comment_status":"open","ping_status":"closed","template":"","meta":{"_acf_changed":false},"product_brand":[],"product_cat":[55,497],"product_tag":[],"class_list":{"0":"post-1152","1":"product","2":"type-product","3":"status-publish","4":"has-post-thumbnail","6":"product_cat-kergplokid","7":"product_cat-puumarket","9":"first","10":"outofstock","11":"shipping-taxable","12":"purchasable","13":"product-type-simple"},"acf":[],"yoast_head":"<!-- This site is optimized with the Yoast SEO Premium plugin v18.7 (Yoast SEO v26.5) - https:\/\/yoast.com\/wordpress\/plugins\/seo\/ -->\n<title>Kergplokk Efekt 3 MPA 200mm - Ehituslahendused<\/title>\n<meta name=\"robots\" content=\"index, follow, max-snippet:-1, max-image-preview:large, max-video-preview:-1\" \/>\n<link rel=\"canonical\" href=\"https:\/\/justbuildit.eu\/en\/pood\/ehitusplokid\/kergplokid\/kergplokk-efekt-3-mpa-200mm\/\" \/>\n<meta property=\"og:locale\" content=\"en_US\" \/>\n<meta property=\"og:type\" content=\"article\" \/>\n<meta property=\"og:title\" content=\"Kergplokk Efekt 3 MPA 200mm\" \/>\n<meta property=\"og:description\" content=\"Fibo plokkidest on lihtne ehitada ajas kestvaid konstruktsioone. Nende plokitoodete kasutamine ei sea projekteerijatele piiranguid ning plokkide ladumine on lihtne ja kiire. L\u00f5puni l\u00e4bi m\u00f5eldud lahendused lihtsustavad ehitusprotsessi ning selle tulemuseks on energias\u00e4\u00e4stlikud, kauakestvad ja ekspluatatsioonis v\u00e4hest hooldamist vajavad ehitised.\" \/>\n<meta property=\"og:url\" content=\"https:\/\/justbuildit.eu\/en\/pood\/ehitusplokid\/kergplokid\/kergplokk-efekt-3-mpa-200mm\/\" \/>\n<meta property=\"og:site_name\" content=\"Ehituslahendused\" \/>\n<meta property=\"article:publisher\" content=\"https:\/\/www.facebook.com\/justbuildit.ee\" \/>\n<meta property=\"article:modified_time\" content=\"2026-04-19T09:07:34+00:00\" \/>\n<meta property=\"og:image\" content=\"https:\/\/justbuildit.eu\/wp-content\/uploads\/2021\/12\/109727.jpg\" \/>\n\t<meta property=\"og:image:width\" content=\"588\" \/>\n\t<meta property=\"og:image:height\" content=\"588\" \/>\n\t<meta property=\"og:image:type\" content=\"image\/jpeg\" \/>\n<meta name=\"twitter:card\" content=\"summary_large_image\" \/>\n<script type=\"application\/ld+json\" class=\"yoast-schema-graph\">{\"@context\":\"https:\/\/schema.org\",\"@graph\":[{\"@type\":\"WebPage\",\"@id\":\"https:\/\/justbuildit.eu\/en\/pood\/ehitusplokid\/kergplokid\/kergplokk-efekt-3-mpa-200mm\/\",\"url\":\"https:\/\/justbuildit.eu\/en\/pood\/ehitusplokid\/kergplokid\/kergplokk-efekt-3-mpa-200mm\/\",\"name\":\"Kergplokk Efekt 3 MPA 200mm - Ehituslahendused\",\"isPartOf\":{\"@id\":\"https:\/\/justbuildit.eu\/en\/#website\"},\"primaryImageOfPage\":{\"@id\":\"https:\/\/justbuildit.eu\/en\/pood\/ehitusplokid\/kergplokid\/kergplokk-efekt-3-mpa-200mm\/#primaryimage\"},\"image\":{\"@id\":\"https:\/\/justbuildit.eu\/en\/pood\/ehitusplokid\/kergplokid\/kergplokk-efekt-3-mpa-200mm\/#primaryimage\"},\"thumbnailUrl\":\"https:\/\/justbuildit.eu\/wp-content\/uploads\/2021\/12\/109727.jpg\",\"datePublished\":\"2021-12-06T11:50:27+00:00\",\"dateModified\":\"2026-04-19T09:07:34+00:00\",\"breadcrumb\":{\"@id\":\"https:\/\/justbuildit.eu\/en\/pood\/ehitusplokid\/kergplokid\/kergplokk-efekt-3-mpa-200mm\/#breadcrumb\"},\"inLanguage\":\"en-US\",\"potentialAction\":[{\"@type\":\"ReadAction\",\"target\":[\"https:\/\/justbuildit.eu\/en\/pood\/ehitusplokid\/kergplokid\/kergplokk-efekt-3-mpa-200mm\/\"]}]},{\"@type\":\"ImageObject\",\"inLanguage\":\"en-US\",\"@id\":\"https:\/\/justbuildit.eu\/en\/pood\/ehitusplokid\/kergplokid\/kergplokk-efekt-3-mpa-200mm\/#primaryimage\",\"url\":\"https:\/\/justbuildit.eu\/wp-content\/uploads\/2021\/12\/109727.jpg\",\"contentUrl\":\"https:\/\/justbuildit.eu\/wp-content\/uploads\/2021\/12\/109727.jpg\",\"width\":588,\"height\":588},{\"@type\":\"BreadcrumbList\",\"@id\":\"https:\/\/justbuildit.eu\/en\/pood\/ehitusplokid\/kergplokid\/kergplokk-efekt-3-mpa-200mm\/#breadcrumb\",\"itemListElement\":[{\"@type\":\"ListItem\",\"position\":1,\"name\":\"Home\",\"item\":\"https:\/\/justbuildit.eu\/en\/\"},{\"@type\":\"ListItem\",\"position\":2,\"name\":\"Shop\",\"item\":\"https:\/\/justbuildit.eu\/en\/building-materials\/\"},{\"@type\":\"ListItem\",\"position\":3,\"name\":\"Kergplokk Efekt 3 MPA 200mm\"}]},{\"@type\":\"WebSite\",\"@id\":\"https:\/\/justbuildit.eu\/en\/#website\",\"url\":\"https:\/\/justbuildit.eu\/en\/\",\"name\":\"Ehituslahendused\",\"description\":\"Ehituslahendused ja materjalid\",\"publisher\":{\"@id\":\"https:\/\/justbuildit.eu\/en\/#organization\"},\"potentialAction\":[{\"@type\":\"SearchAction\",\"target\":{\"@type\":\"EntryPoint\",\"urlTemplate\":\"https:\/\/justbuildit.eu\/en\/?s={search_term_string}\"},\"query-input\":{\"@type\":\"PropertyValueSpecification\",\"valueRequired\":true,\"valueName\":\"search_term_string\"}}],\"inLanguage\":\"en-US\"},{\"@type\":\"Organization\",\"@id\":\"https:\/\/justbuildit.eu\/en\/#organization\",\"name\":\"Just Build It O\u00dc\",\"url\":\"https:\/\/justbuildit.eu\/en\/\",\"logo\":{\"@type\":\"ImageObject\",\"inLanguage\":\"en-US\",\"@id\":\"https:\/\/justbuildit.eu\/en\/#\/schema\/logo\/image\/\",\"url\":\"https:\/\/justbuildit.eu\/wp-content\/uploads\/2022\/01\/justbuildit.png\",\"contentUrl\":\"https:\/\/justbuildit.eu\/wp-content\/uploads\/2022\/01\/justbuildit.png\",\"width\":173,\"height\":77,\"caption\":\"Just Build It O\u00dc\"},\"image\":{\"@id\":\"https:\/\/justbuildit.eu\/en\/#\/schema\/logo\/image\/\"},\"sameAs\":[\"https:\/\/www.facebook.com\/justbuildit.ee\"]}]}<\/script>\n<!-- \/ Yoast SEO Premium plugin. -->","yoast_head_json":{"title":"Kergplokk Efekt 3 MPA 200mm - Ehituslahendused","robots":{"index":"index","follow":"follow","max-snippet":"max-snippet:-1","max-image-preview":"max-image-preview:large","max-video-preview":"max-video-preview:-1"},"canonical":"https:\/\/justbuildit.eu\/en\/pood\/ehitusplokid\/kergplokid\/kergplokk-efekt-3-mpa-200mm\/","og_locale":"en_US","og_type":"article","og_title":"Kergplokk Efekt 3 MPA 200mm","og_description":"Fibo plokkidest on lihtne ehitada ajas kestvaid konstruktsioone. Nende plokitoodete kasutamine ei sea projekteerijatele piiranguid ning plokkide ladumine on lihtne ja kiire. L\u00f5puni l\u00e4bi m\u00f5eldud lahendused lihtsustavad ehitusprotsessi ning selle tulemuseks on energias\u00e4\u00e4stlikud, kauakestvad ja ekspluatatsioonis v\u00e4hest hooldamist vajavad ehitised.","og_url":"https:\/\/justbuildit.eu\/en\/pood\/ehitusplokid\/kergplokid\/kergplokk-efekt-3-mpa-200mm\/","og_site_name":"Ehituslahendused","article_publisher":"https:\/\/www.facebook.com\/justbuildit.ee","article_modified_time":"2026-04-19T09:07:34+00:00","og_image":[{"width":588,"height":588,"url":"https:\/\/justbuildit.eu\/wp-content\/uploads\/2021\/12\/109727.jpg","type":"image\/jpeg"}],"twitter_card":"summary_large_image","schema":{"@context":"https:\/\/schema.org","@graph":[{"@type":"WebPage","@id":"https:\/\/justbuildit.eu\/en\/pood\/ehitusplokid\/kergplokid\/kergplokk-efekt-3-mpa-200mm\/","url":"https:\/\/justbuildit.eu\/en\/pood\/ehitusplokid\/kergplokid\/kergplokk-efekt-3-mpa-200mm\/","name":"Kergplokk Efekt 3 MPA 200mm - Ehituslahendused","isPartOf":{"@id":"https:\/\/justbuildit.eu\/en\/#website"},"primaryImageOfPage":{"@id":"https:\/\/justbuildit.eu\/en\/pood\/ehitusplokid\/kergplokid\/kergplokk-efekt-3-mpa-200mm\/#primaryimage"},"image":{"@id":"https:\/\/justbuildit.eu\/en\/pood\/ehitusplokid\/kergplokid\/kergplokk-efekt-3-mpa-200mm\/#primaryimage"},"thumbnailUrl":"https:\/\/justbuildit.eu\/wp-content\/uploads\/2021\/12\/109727.jpg","datePublished":"2021-12-06T11:50:27+00:00","dateModified":"2026-04-19T09:07:34+00:00","breadcrumb":{"@id":"https:\/\/justbuildit.eu\/en\/pood\/ehitusplokid\/kergplokid\/kergplokk-efekt-3-mpa-200mm\/#breadcrumb"},"inLanguage":"en-US","potentialAction":[{"@type":"ReadAction","target":["https:\/\/justbuildit.eu\/en\/pood\/ehitusplokid\/kergplokid\/kergplokk-efekt-3-mpa-200mm\/"]}]},{"@type":"ImageObject","inLanguage":"en-US","@id":"https:\/\/justbuildit.eu\/en\/pood\/ehitusplokid\/kergplokid\/kergplokk-efekt-3-mpa-200mm\/#primaryimage","url":"https:\/\/justbuildit.eu\/wp-content\/uploads\/2021\/12\/109727.jpg","contentUrl":"https:\/\/justbuildit.eu\/wp-content\/uploads\/2021\/12\/109727.jpg","width":588,"height":588},{"@type":"BreadcrumbList","@id":"https:\/\/justbuildit.eu\/en\/pood\/ehitusplokid\/kergplokid\/kergplokk-efekt-3-mpa-200mm\/#breadcrumb","itemListElement":[{"@type":"ListItem","position":1,"name":"Home","item":"https:\/\/justbuildit.eu\/en\/"},{"@type":"ListItem","position":2,"name":"Shop","item":"https:\/\/justbuildit.eu\/en\/building-materials\/"},{"@type":"ListItem","position":3,"name":"Kergplokk Efekt 3 MPA 200mm"}]},{"@type":"WebSite","@id":"https:\/\/justbuildit.eu\/en\/#website","url":"https:\/\/justbuildit.eu\/en\/","name":"Ehituslahendused","description":"Ehituslahendused ja materjalid","publisher":{"@id":"https:\/\/justbuildit.eu\/en\/#organization"},"potentialAction":[{"@type":"SearchAction","target":{"@type":"EntryPoint","urlTemplate":"https:\/\/justbuildit.eu\/en\/?s={search_term_string}"},"query-input":{"@type":"PropertyValueSpecification","valueRequired":true,"valueName":"search_term_string"}}],"inLanguage":"en-US"},{"@type":"Organization","@id":"https:\/\/justbuildit.eu\/en\/#organization","name":"Just Build It O\u00dc","url":"https:\/\/justbuildit.eu\/en\/","logo":{"@type":"ImageObject","inLanguage":"en-US","@id":"https:\/\/justbuildit.eu\/en\/#\/schema\/logo\/image\/","url":"https:\/\/justbuildit.eu\/wp-content\/uploads\/2022\/01\/justbuildit.png","contentUrl":"https:\/\/justbuildit.eu\/wp-content\/uploads\/2022\/01\/justbuildit.png","width":173,"height":77,"caption":"Just Build It O\u00dc"},"image":{"@id":"https:\/\/justbuildit.eu\/en\/#\/schema\/logo\/image\/"},"sameAs":["https:\/\/www.facebook.com\/justbuildit.ee"]}]}},"_links":{"self":[{"href":"https:\/\/justbuildit.eu\/en\/wp-json\/wp\/v2\/product\/1152","targetHints":{"allow":["GET"]}}],"collection":[{"href":"https:\/\/justbuildit.eu\/en\/wp-json\/wp\/v2\/product"}],"about":[{"href":"https:\/\/justbuildit.eu\/en\/wp-json\/wp\/v2\/types\/product"}],"replies":[{"embeddable":true,"href":"https:\/\/justbuildit.eu\/en\/wp-json\/wp\/v2\/comments?post=1152"}],"wp:featuredmedia":[{"embeddable":true,"href":"https:\/\/justbuildit.eu\/en\/wp-json\/wp\/v2\/media\/1153"}],"wp:attachment":[{"href":"https:\/\/justbuildit.eu\/en\/wp-json\/wp\/v2\/media?parent=1152"}],"wp:term":[{"taxonomy":"product_brand","embeddable":true,"href":"https:\/\/justbuildit.eu\/en\/wp-json\/wp\/v2\/product_brand?post=1152"},{"taxonomy":"product_cat","embeddable":true,"href":"https:\/\/justbuildit.eu\/en\/wp-json\/wp\/v2\/product_cat?post=1152"},{"taxonomy":"product_tag","embeddable":true,"href":"https:\/\/justbuildit.eu\/en\/wp-json\/wp\/v2\/product_tag?post=1152"}],"curies":[{"name":"wp","href":"https:\/\/api.w.org\/{rel}","templated":true}]}}