{"id":1199,"date":"2021-12-06T15:07:08","date_gmt":"2021-12-06T12:07:08","guid":{"rendered":"https:\/\/justbuildit.eu\/?post_type=product&#038;p=1199"},"modified":"2026-05-01T12:06:47","modified_gmt":"2026-05-01T09:06:47","slug":"kergbetoonikruvi-80x110mm-100tk","status":"publish","type":"product","link":"https:\/\/justbuildit.eu\/en\/pood\/kinnitusvahendid\/kruvid\/kergbetoonikruvi-80x110mm-100tk\/","title":{"rendered":"Kergbetoonikruvi 8,0x110mm (100tk)"},"content":{"rendered":"<ul>\n<li>Keerme pikkus (mm): 60<\/li>\n<li>Detaili paksus (mm): 50<\/li>\n<li>Materjal, kuhu kinnitatakse: Kergbetoon<\/li>\n<\/ul>\n<p><strong>Kasutusvaldkond<\/strong>:<br \/>\nESSVE kergbetoonikruvi kasutatakse kinnitamiseks poorsetesse materjalidesse, nagu kergbetoon ja kergklinker (nimetatakse ka lecaks, ytongiks, sinibetooniks jne). Kergbetoonikruvi saab kasutada puit- ja teraskarkassi s\u00f5restikupostide montaa\u017eiks, alustalamontaa\u017eiks, puitsisustustoodete \u00fclespanekuks, isolatsiooni kinnitamiseks jne. Isolatsiooni montaa\u017eil v\u00f5ib kasutada nt ESSVE isolatsioonihoidja seibi \u00d890 mm.<\/p>\n<p>Kruvi klassifitseerub korrosiooniklassi C4, mis t\u00e4hendab, et see toimib suurep\u00e4raselt nii sise- kui ka v\u00e4liskeskkonnas.<\/p>\n<p><strong>Kirjeldus<\/strong>:<br \/>\nKergbetoonikruvi keere on disainitud poorsete materjalide jaoks nagu kergbetoon ja kergklinker. Peitpeaga kruvi on varustatud l\u00f5ikavate soontega, et minimeerida \u00fclepingutamise riski ja kergendada s\u00fcvistamist puitu.<\/p>\n<p>K.a ohutustegurid vastavalt Rootsi elamuameti v\u00e4ljaandele Boverkets Allm\u00e4nna R\u00e5d 1993:1, Typgodk\u00e4nnande av f\u00e4stdon.<br \/>\nPraktilise kandev\u00f5ime andmed on m\u00f5eldud juhatuseks projekteerimisel. \u00dcldiselt annab suurem monteerimiss\u00fcgavus parema kandev\u00f5ime. Spetsiifiliste objektide puhul saab vajaduse korral osana meie tehnilisest toest teostada katsetuse.<\/p>\n<p><strong>Paigaldamine<\/strong>:<br \/>\nKergbetoonikruvi kruvitakse otse kergbetooni\/-klinkerisse, s.t mingit ettepuurimist ei ole vaja. Monteerimiseks soovitatakse momentkruvikeerajat. Kruvi \u00fclepingutamise v\u00e4ltimiseks tuleb kruvikeerajal kasutada madalaid p\u00f6\u00f6rdeid. \u00dclepingutamine v\u00f5ib t\u00e4hendada, et keere puruneb nihkel, mille tagaj\u00e4rjel v\u00e4heneb koormustaluvus tugevasti ning tuleb teostada uus montaa\u017e.<\/p>\n","protected":false},"excerpt":{"rendered":"<p><strong>Kasutusvaldkond<\/strong>:<br \/>\nESSVE kergbetoonikruvi kasutatakse kinnitamiseks poorsetesse materjalidesse, nagu kergbetoon ja kergklinker (nimetatakse ka lecaks, ytongiks, sinibetooniks jne). Kergbetoonikruvi saab kasutada puit- ja teraskarkassi s\u00f5restikupostide montaa\u017eiks, alustalamontaa\u017eiks, puitsisustustoodete \u00fclespanekuks, isolatsiooni kinnitamiseks jne. Isolatsiooni montaa\u017eil v\u00f5ib kasutada nt ESSVE isolatsioonihoidja seibi \u00d890 mm.<\/p>","protected":false},"featured_media":1200,"comment_status":"open","ping_status":"closed","template":"","meta":{"_acf_changed":false},"product_brand":[],"product_cat":[85,497],"product_tag":[],"class_list":{"0":"post-1199","1":"product","2":"type-product","3":"status-publish","4":"has-post-thumbnail","6":"product_cat-kruvid","7":"product_cat-puumarket","9":"first","10":"outofstock","11":"shipping-taxable","12":"purchasable","13":"product-type-simple"},"acf":[],"yoast_head":"<!-- This site is optimized with the Yoast SEO Premium plugin v18.7 (Yoast SEO v26.5) - https:\/\/yoast.com\/wordpress\/plugins\/seo\/ -->\n<title>Kergbetoonikruvi 8,0x110mm (100tk) - Ehituslahendused<\/title>\n<meta name=\"robots\" content=\"index, follow, max-snippet:-1, max-image-preview:large, max-video-preview:-1\" \/>\n<link rel=\"canonical\" href=\"https:\/\/justbuildit.eu\/en\/pood\/kinnitusvahendid\/kruvid\/kergbetoonikruvi-80x110mm-100tk\/\" \/>\n<meta property=\"og:locale\" content=\"en_US\" \/>\n<meta property=\"og:type\" content=\"article\" \/>\n<meta property=\"og:title\" content=\"Kergbetoonikruvi 8,0x110mm (100tk)\" \/>\n<meta property=\"og:description\" content=\"Kasutusvaldkond: ESSVE kergbetoonikruvi kasutatakse kinnitamiseks poorsetesse materjalidesse, nagu kergbetoon ja kergklinker (nimetatakse ka lecaks, ytongiks, sinibetooniks jne). Kergbetoonikruvi saab kasutada puit- ja teraskarkassi s\u00f5restikupostide montaa\u017eiks, alustalamontaa\u017eiks, puitsisustustoodete \u00fclespanekuks, isolatsiooni kinnitamiseks jne. Isolatsiooni montaa\u017eil v\u00f5ib kasutada nt ESSVE isolatsioonihoidja seibi \u00d890 mm.\" \/>\n<meta property=\"og:url\" content=\"https:\/\/justbuildit.eu\/en\/pood\/kinnitusvahendid\/kruvid\/kergbetoonikruvi-80x110mm-100tk\/\" \/>\n<meta property=\"og:site_name\" content=\"Ehituslahendused\" \/>\n<meta property=\"article:publisher\" content=\"https:\/\/www.facebook.com\/justbuildit.ee\" \/>\n<meta property=\"article:modified_time\" content=\"2026-05-01T09:06:47+00:00\" \/>\n<meta property=\"og:image\" content=\"https:\/\/justbuildit.eu\/wp-content\/uploads\/2021\/12\/103646.jpg\" \/>\n\t<meta property=\"og:image:width\" content=\"640\" \/>\n\t<meta property=\"og:image:height\" content=\"480\" \/>\n\t<meta property=\"og:image:type\" content=\"image\/jpeg\" \/>\n<meta name=\"twitter:card\" content=\"summary_large_image\" \/>\n<script type=\"application\/ld+json\" class=\"yoast-schema-graph\">{\"@context\":\"https:\/\/schema.org\",\"@graph\":[{\"@type\":\"WebPage\",\"@id\":\"https:\/\/justbuildit.eu\/en\/pood\/kinnitusvahendid\/kruvid\/kergbetoonikruvi-80x110mm-100tk\/\",\"url\":\"https:\/\/justbuildit.eu\/en\/pood\/kinnitusvahendid\/kruvid\/kergbetoonikruvi-80x110mm-100tk\/\",\"name\":\"Kergbetoonikruvi 8,0x110mm (100tk) - Ehituslahendused\",\"isPartOf\":{\"@id\":\"https:\/\/justbuildit.eu\/en\/#website\"},\"primaryImageOfPage\":{\"@id\":\"https:\/\/justbuildit.eu\/en\/pood\/kinnitusvahendid\/kruvid\/kergbetoonikruvi-80x110mm-100tk\/#primaryimage\"},\"image\":{\"@id\":\"https:\/\/justbuildit.eu\/en\/pood\/kinnitusvahendid\/kruvid\/kergbetoonikruvi-80x110mm-100tk\/#primaryimage\"},\"thumbnailUrl\":\"https:\/\/justbuildit.eu\/wp-content\/uploads\/2021\/12\/103646.jpg\",\"datePublished\":\"2021-12-06T12:07:08+00:00\",\"dateModified\":\"2026-05-01T09:06:47+00:00\",\"breadcrumb\":{\"@id\":\"https:\/\/justbuildit.eu\/en\/pood\/kinnitusvahendid\/kruvid\/kergbetoonikruvi-80x110mm-100tk\/#breadcrumb\"},\"inLanguage\":\"en-US\",\"potentialAction\":[{\"@type\":\"ReadAction\",\"target\":[\"https:\/\/justbuildit.eu\/en\/pood\/kinnitusvahendid\/kruvid\/kergbetoonikruvi-80x110mm-100tk\/\"]}]},{\"@type\":\"ImageObject\",\"inLanguage\":\"en-US\",\"@id\":\"https:\/\/justbuildit.eu\/en\/pood\/kinnitusvahendid\/kruvid\/kergbetoonikruvi-80x110mm-100tk\/#primaryimage\",\"url\":\"https:\/\/justbuildit.eu\/wp-content\/uploads\/2021\/12\/103646.jpg\",\"contentUrl\":\"https:\/\/justbuildit.eu\/wp-content\/uploads\/2021\/12\/103646.jpg\",\"width\":640,\"height\":480},{\"@type\":\"BreadcrumbList\",\"@id\":\"https:\/\/justbuildit.eu\/en\/pood\/kinnitusvahendid\/kruvid\/kergbetoonikruvi-80x110mm-100tk\/#breadcrumb\",\"itemListElement\":[{\"@type\":\"ListItem\",\"position\":1,\"name\":\"Home\",\"item\":\"https:\/\/justbuildit.eu\/en\/\"},{\"@type\":\"ListItem\",\"position\":2,\"name\":\"Shop\",\"item\":\"https:\/\/justbuildit.eu\/en\/building-materials\/\"},{\"@type\":\"ListItem\",\"position\":3,\"name\":\"Kergbetoonikruvi 8,0x110mm (100tk)\"}]},{\"@type\":\"WebSite\",\"@id\":\"https:\/\/justbuildit.eu\/en\/#website\",\"url\":\"https:\/\/justbuildit.eu\/en\/\",\"name\":\"Ehituslahendused\",\"description\":\"Ehituslahendused ja materjalid\",\"publisher\":{\"@id\":\"https:\/\/justbuildit.eu\/en\/#organization\"},\"potentialAction\":[{\"@type\":\"SearchAction\",\"target\":{\"@type\":\"EntryPoint\",\"urlTemplate\":\"https:\/\/justbuildit.eu\/en\/?s={search_term_string}\"},\"query-input\":{\"@type\":\"PropertyValueSpecification\",\"valueRequired\":true,\"valueName\":\"search_term_string\"}}],\"inLanguage\":\"en-US\"},{\"@type\":\"Organization\",\"@id\":\"https:\/\/justbuildit.eu\/en\/#organization\",\"name\":\"Just Build It O\u00dc\",\"url\":\"https:\/\/justbuildit.eu\/en\/\",\"logo\":{\"@type\":\"ImageObject\",\"inLanguage\":\"en-US\",\"@id\":\"https:\/\/justbuildit.eu\/en\/#\/schema\/logo\/image\/\",\"url\":\"https:\/\/justbuildit.eu\/wp-content\/uploads\/2022\/01\/justbuildit.png\",\"contentUrl\":\"https:\/\/justbuildit.eu\/wp-content\/uploads\/2022\/01\/justbuildit.png\",\"width\":173,\"height\":77,\"caption\":\"Just Build It O\u00dc\"},\"image\":{\"@id\":\"https:\/\/justbuildit.eu\/en\/#\/schema\/logo\/image\/\"},\"sameAs\":[\"https:\/\/www.facebook.com\/justbuildit.ee\"]}]}<\/script>\n<!-- \/ Yoast SEO Premium plugin. -->","yoast_head_json":{"title":"Kergbetoonikruvi 8,0x110mm (100tk) - Ehituslahendused","robots":{"index":"index","follow":"follow","max-snippet":"max-snippet:-1","max-image-preview":"max-image-preview:large","max-video-preview":"max-video-preview:-1"},"canonical":"https:\/\/justbuildit.eu\/en\/pood\/kinnitusvahendid\/kruvid\/kergbetoonikruvi-80x110mm-100tk\/","og_locale":"en_US","og_type":"article","og_title":"Kergbetoonikruvi 8,0x110mm (100tk)","og_description":"Kasutusvaldkond: ESSVE kergbetoonikruvi kasutatakse kinnitamiseks poorsetesse materjalidesse, nagu kergbetoon ja kergklinker (nimetatakse ka lecaks, ytongiks, sinibetooniks jne). Kergbetoonikruvi saab kasutada puit- ja teraskarkassi s\u00f5restikupostide montaa\u017eiks, alustalamontaa\u017eiks, puitsisustustoodete \u00fclespanekuks, isolatsiooni kinnitamiseks jne. Isolatsiooni montaa\u017eil v\u00f5ib kasutada nt ESSVE isolatsioonihoidja seibi \u00d890 mm.","og_url":"https:\/\/justbuildit.eu\/en\/pood\/kinnitusvahendid\/kruvid\/kergbetoonikruvi-80x110mm-100tk\/","og_site_name":"Ehituslahendused","article_publisher":"https:\/\/www.facebook.com\/justbuildit.ee","article_modified_time":"2026-05-01T09:06:47+00:00","og_image":[{"width":640,"height":480,"url":"https:\/\/justbuildit.eu\/wp-content\/uploads\/2021\/12\/103646.jpg","type":"image\/jpeg"}],"twitter_card":"summary_large_image","schema":{"@context":"https:\/\/schema.org","@graph":[{"@type":"WebPage","@id":"https:\/\/justbuildit.eu\/en\/pood\/kinnitusvahendid\/kruvid\/kergbetoonikruvi-80x110mm-100tk\/","url":"https:\/\/justbuildit.eu\/en\/pood\/kinnitusvahendid\/kruvid\/kergbetoonikruvi-80x110mm-100tk\/","name":"Kergbetoonikruvi 8,0x110mm (100tk) - Ehituslahendused","isPartOf":{"@id":"https:\/\/justbuildit.eu\/en\/#website"},"primaryImageOfPage":{"@id":"https:\/\/justbuildit.eu\/en\/pood\/kinnitusvahendid\/kruvid\/kergbetoonikruvi-80x110mm-100tk\/#primaryimage"},"image":{"@id":"https:\/\/justbuildit.eu\/en\/pood\/kinnitusvahendid\/kruvid\/kergbetoonikruvi-80x110mm-100tk\/#primaryimage"},"thumbnailUrl":"https:\/\/justbuildit.eu\/wp-content\/uploads\/2021\/12\/103646.jpg","datePublished":"2021-12-06T12:07:08+00:00","dateModified":"2026-05-01T09:06:47+00:00","breadcrumb":{"@id":"https:\/\/justbuildit.eu\/en\/pood\/kinnitusvahendid\/kruvid\/kergbetoonikruvi-80x110mm-100tk\/#breadcrumb"},"inLanguage":"en-US","potentialAction":[{"@type":"ReadAction","target":["https:\/\/justbuildit.eu\/en\/pood\/kinnitusvahendid\/kruvid\/kergbetoonikruvi-80x110mm-100tk\/"]}]},{"@type":"ImageObject","inLanguage":"en-US","@id":"https:\/\/justbuildit.eu\/en\/pood\/kinnitusvahendid\/kruvid\/kergbetoonikruvi-80x110mm-100tk\/#primaryimage","url":"https:\/\/justbuildit.eu\/wp-content\/uploads\/2021\/12\/103646.jpg","contentUrl":"https:\/\/justbuildit.eu\/wp-content\/uploads\/2021\/12\/103646.jpg","width":640,"height":480},{"@type":"BreadcrumbList","@id":"https:\/\/justbuildit.eu\/en\/pood\/kinnitusvahendid\/kruvid\/kergbetoonikruvi-80x110mm-100tk\/#breadcrumb","itemListElement":[{"@type":"ListItem","position":1,"name":"Home","item":"https:\/\/justbuildit.eu\/en\/"},{"@type":"ListItem","position":2,"name":"Shop","item":"https:\/\/justbuildit.eu\/en\/building-materials\/"},{"@type":"ListItem","position":3,"name":"Kergbetoonikruvi 8,0x110mm (100tk)"}]},{"@type":"WebSite","@id":"https:\/\/justbuildit.eu\/en\/#website","url":"https:\/\/justbuildit.eu\/en\/","name":"Ehituslahendused","description":"Ehituslahendused ja materjalid","publisher":{"@id":"https:\/\/justbuildit.eu\/en\/#organization"},"potentialAction":[{"@type":"SearchAction","target":{"@type":"EntryPoint","urlTemplate":"https:\/\/justbuildit.eu\/en\/?s={search_term_string}"},"query-input":{"@type":"PropertyValueSpecification","valueRequired":true,"valueName":"search_term_string"}}],"inLanguage":"en-US"},{"@type":"Organization","@id":"https:\/\/justbuildit.eu\/en\/#organization","name":"Just Build It O\u00dc","url":"https:\/\/justbuildit.eu\/en\/","logo":{"@type":"ImageObject","inLanguage":"en-US","@id":"https:\/\/justbuildit.eu\/en\/#\/schema\/logo\/image\/","url":"https:\/\/justbuildit.eu\/wp-content\/uploads\/2022\/01\/justbuildit.png","contentUrl":"https:\/\/justbuildit.eu\/wp-content\/uploads\/2022\/01\/justbuildit.png","width":173,"height":77,"caption":"Just Build It O\u00dc"},"image":{"@id":"https:\/\/justbuildit.eu\/en\/#\/schema\/logo\/image\/"},"sameAs":["https:\/\/www.facebook.com\/justbuildit.ee"]}]}},"_links":{"self":[{"href":"https:\/\/justbuildit.eu\/en\/wp-json\/wp\/v2\/product\/1199","targetHints":{"allow":["GET"]}}],"collection":[{"href":"https:\/\/justbuildit.eu\/en\/wp-json\/wp\/v2\/product"}],"about":[{"href":"https:\/\/justbuildit.eu\/en\/wp-json\/wp\/v2\/types\/product"}],"replies":[{"embeddable":true,"href":"https:\/\/justbuildit.eu\/en\/wp-json\/wp\/v2\/comments?post=1199"}],"wp:featuredmedia":[{"embeddable":true,"href":"https:\/\/justbuildit.eu\/en\/wp-json\/wp\/v2\/media\/1200"}],"wp:attachment":[{"href":"https:\/\/justbuildit.eu\/en\/wp-json\/wp\/v2\/media?parent=1199"}],"wp:term":[{"taxonomy":"product_brand","embeddable":true,"href":"https:\/\/justbuildit.eu\/en\/wp-json\/wp\/v2\/product_brand?post=1199"},{"taxonomy":"product_cat","embeddable":true,"href":"https:\/\/justbuildit.eu\/en\/wp-json\/wp\/v2\/product_cat?post=1199"},{"taxonomy":"product_tag","embeddable":true,"href":"https:\/\/justbuildit.eu\/en\/wp-json\/wp\/v2\/product_tag?post=1199"}],"curies":[{"name":"wp","href":"https:\/\/api.w.org\/{rel}","templated":true}]}}