{"id":121234,"date":"2022-07-30T09:21:16","date_gmt":"2022-07-30T06:21:16","guid":{"rendered":"https:\/\/justbuildit.eu\/?post_type=product&#038;p=121234"},"modified":"2022-08-25T09:23:59","modified_gmt":"2022-08-25T06:23:59","slug":"kinema-garaaziuks","status":"publish","type":"product","link":"https:\/\/justbuildit.eu\/en\/pood\/uncategorized\/kinema-garaaziuks\/","title":{"rendered":"Kinema garaa\u017eiuks"},"content":{"rendered":"<p>Meie garaa\u017eiuks peab h\u00e4sti vastu just meie ilmastikus. Kuna uks avaneb lae alla, saavutad siseruumi maksimaalse kasutuse. Talvel ukse ette kogunenud lumevall ei takista ukse avanemist.<\/p>\n<p>Meie garaa\u017eiuksed on soojapidavad ja hermeetilised. Paneelid on valmistatud kvaliteetsest freoonivabast pol\u00fcuretaanvahust, mis on kahelt poolt kaetud 0,5 \u2013 0,55 mm galvaniseeritud terasplekiga. Hermeetilisuse tagavad tihendid.<\/p>\n","protected":false},"excerpt":{"rendered":"Meie garaa\u017eiuks peab h\u00e4sti vastu just meie ilmastikus. Kuna uks avaneb lae alla, saavutad siseruumi maksimaalse kasutuse. Talvel ukse ette kogunenud lumevall ei takista ukse avanemist.\r\n\r\nMeie garaa\u017eiuksed on soojapidavad ja hermeetilised. Paneelid on valmistatud kvaliteetsest freoonivabast pol\u00fcuretaanvahust, mis on kahelt poolt kaetud 0,5 \u2013 0,55 mm galvaniseeritud terasplekiga. Hermeetilisuse tagavad tihendid.","protected":false},"featured_media":0,"comment_status":"open","ping_status":"closed","template":"","meta":{"_acf_changed":false},"product_brand":[],"product_cat":[22],"product_tag":[],"class_list":{"0":"post-121234","1":"product","2":"type-product","3":"status-publish","5":"product_cat-uncategorized","7":"first","8":"outofstock","9":"shipping-taxable","10":"product-type-simple"},"acf":[],"yoast_head":"<!-- This site is optimized with the Yoast SEO Premium plugin v18.7 (Yoast SEO v26.5) - https:\/\/yoast.com\/wordpress\/plugins\/seo\/ -->\n<title>Kinema garaa\u017eiuks - Ehituslahendused<\/title>\n<meta name=\"robots\" content=\"index, follow, max-snippet:-1, max-image-preview:large, max-video-preview:-1\" \/>\n<link rel=\"canonical\" href=\"https:\/\/justbuildit.eu\/en\/pood\/uncategorized\/kinema-garaaziuks\/\" \/>\n<meta property=\"og:locale\" content=\"en_US\" \/>\n<meta property=\"og:type\" content=\"article\" \/>\n<meta property=\"og:title\" content=\"Kinema garaa\u017eiuks\" \/>\n<meta property=\"og:description\" content=\"Meie garaa\u017eiuks peab h\u00e4sti vastu just meie ilmastikus. Kuna uks avaneb lae alla, saavutad siseruumi maksimaalse kasutuse. Talvel ukse ette kogunenud lumevall ei takista ukse avanemist.  Meie garaa\u017eiuksed on soojapidavad ja hermeetilised. Paneelid on valmistatud kvaliteetsest freoonivabast pol\u00fcuretaanvahust, mis on kahelt poolt kaetud 0,5 \u2013 0,55 mm galvaniseeritud terasplekiga. Hermeetilisuse tagavad tihendid.\" \/>\n<meta property=\"og:url\" content=\"https:\/\/justbuildit.eu\/en\/pood\/uncategorized\/kinema-garaaziuks\/\" \/>\n<meta property=\"og:site_name\" content=\"Ehituslahendused\" \/>\n<meta property=\"article:publisher\" content=\"https:\/\/www.facebook.com\/justbuildit.ee\" \/>\n<meta property=\"article:modified_time\" content=\"2022-08-25T06:23:59+00:00\" \/>\n<meta name=\"twitter:card\" content=\"summary_large_image\" \/>\n<script type=\"application\/ld+json\" class=\"yoast-schema-graph\">{\"@context\":\"https:\/\/schema.org\",\"@graph\":[{\"@type\":\"WebPage\",\"@id\":\"https:\/\/justbuildit.eu\/en\/pood\/uncategorized\/kinema-garaaziuks\/\",\"url\":\"https:\/\/justbuildit.eu\/en\/pood\/uncategorized\/kinema-garaaziuks\/\",\"name\":\"Kinema garaa\u017eiuks - Ehituslahendused\",\"isPartOf\":{\"@id\":\"https:\/\/justbuildit.eu\/en\/#website\"},\"datePublished\":\"2022-07-30T06:21:16+00:00\",\"dateModified\":\"2022-08-25T06:23:59+00:00\",\"breadcrumb\":{\"@id\":\"https:\/\/justbuildit.eu\/en\/pood\/uncategorized\/kinema-garaaziuks\/#breadcrumb\"},\"inLanguage\":\"en-US\",\"potentialAction\":[{\"@type\":\"ReadAction\",\"target\":[\"https:\/\/justbuildit.eu\/en\/pood\/uncategorized\/kinema-garaaziuks\/\"]}]},{\"@type\":\"BreadcrumbList\",\"@id\":\"https:\/\/justbuildit.eu\/en\/pood\/uncategorized\/kinema-garaaziuks\/#breadcrumb\",\"itemListElement\":[{\"@type\":\"ListItem\",\"position\":1,\"name\":\"Home\",\"item\":\"https:\/\/justbuildit.eu\/en\/\"},{\"@type\":\"ListItem\",\"position\":2,\"name\":\"Shop\",\"item\":\"https:\/\/justbuildit.eu\/en\/building-materials\/\"},{\"@type\":\"ListItem\",\"position\":3,\"name\":\"Kinema garaa\u017eiuks\"}]},{\"@type\":\"WebSite\",\"@id\":\"https:\/\/justbuildit.eu\/en\/#website\",\"url\":\"https:\/\/justbuildit.eu\/en\/\",\"name\":\"Ehituslahendused\",\"description\":\"Ehituslahendused ja materjalid\",\"publisher\":{\"@id\":\"https:\/\/justbuildit.eu\/en\/#organization\"},\"potentialAction\":[{\"@type\":\"SearchAction\",\"target\":{\"@type\":\"EntryPoint\",\"urlTemplate\":\"https:\/\/justbuildit.eu\/en\/?s={search_term_string}\"},\"query-input\":{\"@type\":\"PropertyValueSpecification\",\"valueRequired\":true,\"valueName\":\"search_term_string\"}}],\"inLanguage\":\"en-US\"},{\"@type\":\"Organization\",\"@id\":\"https:\/\/justbuildit.eu\/en\/#organization\",\"name\":\"Just Build It O\u00dc\",\"url\":\"https:\/\/justbuildit.eu\/en\/\",\"logo\":{\"@type\":\"ImageObject\",\"inLanguage\":\"en-US\",\"@id\":\"https:\/\/justbuildit.eu\/en\/#\/schema\/logo\/image\/\",\"url\":\"https:\/\/justbuildit.eu\/wp-content\/uploads\/2022\/01\/justbuildit.png\",\"contentUrl\":\"https:\/\/justbuildit.eu\/wp-content\/uploads\/2022\/01\/justbuildit.png\",\"width\":173,\"height\":77,\"caption\":\"Just Build It O\u00dc\"},\"image\":{\"@id\":\"https:\/\/justbuildit.eu\/en\/#\/schema\/logo\/image\/\"},\"sameAs\":[\"https:\/\/www.facebook.com\/justbuildit.ee\"]}]}<\/script>\n<!-- \/ Yoast SEO Premium plugin. -->","yoast_head_json":{"title":"Kinema garaa\u017eiuks - Ehituslahendused","robots":{"index":"index","follow":"follow","max-snippet":"max-snippet:-1","max-image-preview":"max-image-preview:large","max-video-preview":"max-video-preview:-1"},"canonical":"https:\/\/justbuildit.eu\/en\/pood\/uncategorized\/kinema-garaaziuks\/","og_locale":"en_US","og_type":"article","og_title":"Kinema garaa\u017eiuks","og_description":"Meie garaa\u017eiuks peab h\u00e4sti vastu just meie ilmastikus. Kuna uks avaneb lae alla, saavutad siseruumi maksimaalse kasutuse. Talvel ukse ette kogunenud lumevall ei takista ukse avanemist.  Meie garaa\u017eiuksed on soojapidavad ja hermeetilised. Paneelid on valmistatud kvaliteetsest freoonivabast pol\u00fcuretaanvahust, mis on kahelt poolt kaetud 0,5 \u2013 0,55 mm galvaniseeritud terasplekiga. Hermeetilisuse tagavad tihendid.","og_url":"https:\/\/justbuildit.eu\/en\/pood\/uncategorized\/kinema-garaaziuks\/","og_site_name":"Ehituslahendused","article_publisher":"https:\/\/www.facebook.com\/justbuildit.ee","article_modified_time":"2022-08-25T06:23:59+00:00","twitter_card":"summary_large_image","schema":{"@context":"https:\/\/schema.org","@graph":[{"@type":"WebPage","@id":"https:\/\/justbuildit.eu\/en\/pood\/uncategorized\/kinema-garaaziuks\/","url":"https:\/\/justbuildit.eu\/en\/pood\/uncategorized\/kinema-garaaziuks\/","name":"Kinema garaa\u017eiuks - Ehituslahendused","isPartOf":{"@id":"https:\/\/justbuildit.eu\/en\/#website"},"datePublished":"2022-07-30T06:21:16+00:00","dateModified":"2022-08-25T06:23:59+00:00","breadcrumb":{"@id":"https:\/\/justbuildit.eu\/en\/pood\/uncategorized\/kinema-garaaziuks\/#breadcrumb"},"inLanguage":"en-US","potentialAction":[{"@type":"ReadAction","target":["https:\/\/justbuildit.eu\/en\/pood\/uncategorized\/kinema-garaaziuks\/"]}]},{"@type":"BreadcrumbList","@id":"https:\/\/justbuildit.eu\/en\/pood\/uncategorized\/kinema-garaaziuks\/#breadcrumb","itemListElement":[{"@type":"ListItem","position":1,"name":"Home","item":"https:\/\/justbuildit.eu\/en\/"},{"@type":"ListItem","position":2,"name":"Shop","item":"https:\/\/justbuildit.eu\/en\/building-materials\/"},{"@type":"ListItem","position":3,"name":"Kinema garaa\u017eiuks"}]},{"@type":"WebSite","@id":"https:\/\/justbuildit.eu\/en\/#website","url":"https:\/\/justbuildit.eu\/en\/","name":"Ehituslahendused","description":"Ehituslahendused ja materjalid","publisher":{"@id":"https:\/\/justbuildit.eu\/en\/#organization"},"potentialAction":[{"@type":"SearchAction","target":{"@type":"EntryPoint","urlTemplate":"https:\/\/justbuildit.eu\/en\/?s={search_term_string}"},"query-input":{"@type":"PropertyValueSpecification","valueRequired":true,"valueName":"search_term_string"}}],"inLanguage":"en-US"},{"@type":"Organization","@id":"https:\/\/justbuildit.eu\/en\/#organization","name":"Just Build It O\u00dc","url":"https:\/\/justbuildit.eu\/en\/","logo":{"@type":"ImageObject","inLanguage":"en-US","@id":"https:\/\/justbuildit.eu\/en\/#\/schema\/logo\/image\/","url":"https:\/\/justbuildit.eu\/wp-content\/uploads\/2022\/01\/justbuildit.png","contentUrl":"https:\/\/justbuildit.eu\/wp-content\/uploads\/2022\/01\/justbuildit.png","width":173,"height":77,"caption":"Just Build It O\u00dc"},"image":{"@id":"https:\/\/justbuildit.eu\/en\/#\/schema\/logo\/image\/"},"sameAs":["https:\/\/www.facebook.com\/justbuildit.ee"]}]}},"_links":{"self":[{"href":"https:\/\/justbuildit.eu\/en\/wp-json\/wp\/v2\/product\/121234","targetHints":{"allow":["GET"]}}],"collection":[{"href":"https:\/\/justbuildit.eu\/en\/wp-json\/wp\/v2\/product"}],"about":[{"href":"https:\/\/justbuildit.eu\/en\/wp-json\/wp\/v2\/types\/product"}],"replies":[{"embeddable":true,"href":"https:\/\/justbuildit.eu\/en\/wp-json\/wp\/v2\/comments?post=121234"}],"wp:attachment":[{"href":"https:\/\/justbuildit.eu\/en\/wp-json\/wp\/v2\/media?parent=121234"}],"wp:term":[{"taxonomy":"product_brand","embeddable":true,"href":"https:\/\/justbuildit.eu\/en\/wp-json\/wp\/v2\/product_brand?post=121234"},{"taxonomy":"product_cat","embeddable":true,"href":"https:\/\/justbuildit.eu\/en\/wp-json\/wp\/v2\/product_cat?post=121234"},{"taxonomy":"product_tag","embeddable":true,"href":"https:\/\/justbuildit.eu\/en\/wp-json\/wp\/v2\/product_tag?post=121234"}],"curies":[{"name":"wp","href":"https:\/\/api.w.org\/{rel}","templated":true}]}}