{"id":1283,"date":"2021-12-06T15:32:07","date_gmt":"2021-12-06T12:32:07","guid":{"rendered":"https:\/\/justbuildit.eu\/?post_type=product&#038;p=1283"},"modified":"2026-04-18T12:07:08","modified_gmt":"2026-04-18T09:07:08","slug":"klaasvill-isover-rkl-facade-30x1200x1800mm-1512m2","status":"publish","type":"product","link":"https:\/\/justbuildit.eu\/en\/pood\/isolatsioonimaterjalid\/tuuletokked\/klaasvill-isover-rkl-facade-30x1200x1800mm-1512m2\/","title":{"rendered":"Klaasvill Isover RKL Facade 30x1200x1800mm 15,12m2"},"content":{"rendered":"<ul>\n<li>ISOVER RKL FACADE (endine tootenimetus RKL 31 FACADE) on kombineeritud soojustus\u2013 ja tuulet\u00f5kkeplaat, mis on v\u00e4lja t\u00f6\u00f6tatud niiskustehniliselt keerukate tingimuste jaoks.<\/li>\n<li> FACADE pinnakate on veeauru v\u00e4ga h\u00e4sti l\u00e4bilaskev, tagades samal ajal vihmavee- ja tuuletiheduse.<\/li>\n<li>Sobib kasutamiseks ka renoveerimislahenduse juures vanade piirete t\u00e4iendavaks v\u00e4lispidiseks lisasoojustamiseks.<\/li>\n<li>Toode on mittep\u00f5lev ning omab parimat isolatsiooniv\u00f5imet mineraalvillast tuulet\u00f5kketoodete seas.<\/li>\n<li>2 toodet \u00fches &gt; soojustus+tuulet\u00f5ke.<\/li>\n<li> Parim soojapidavus.<\/li>\n<li>Tuleohutu lahendus.<\/li>\n<li>UV-kindlus on 6 kuud.<\/li>\n<\/ul>\n<p>ISOVER RKL FACADE on valmistatud anorgaanilisest materjalist ning ei sisalda korrosiooni p\u00f5hjustavaid komponente ega paku soodsat kasvupinnast hallitusseentele. Toode ei ole h\u00fcgroskoopne (ei seo endaga \u00f5huniiskust) vaid on kergesti veeauru l\u00e4bilaskev ning seel\u00e4bi v\u00f5imaldab ehitusniiskusel kuivada konstruktsioonist v\u00e4ljapoole, mis tagab niisustehniliselt hea lahenduse. Toode vastab ehitusmaterjalide saasteklassile M1.<\/p>\n<p>ISOVER RKL FACADE tooteid kasutatakse peamiselt tuulet\u00f5kkeks ja t\u00e4iendavaks soojusisolatsiooniks v\u00e4lisseintes, p\u00f6\u00f6ningutel ja tuulutatavates p\u00f5randaalustes. Toodet kasutatakse uusehitistes v\u00f5i renoveeritavates hoonetes nii k\u00f5rghoonete kui ka v\u00e4iksemate elamute puhul. Kuna Facade pinnakate laseb kergesti veeauru v\u00e4ljapoole, siis toode on sobiv v\u00e4lispidiseks lisasoojustamiseks renoveerimislahendustes.<\/p>\n<p>RKL FACADE on mittep\u00f5lev ning tuld mittelevitav. Tuleohutuse klass on A2-s1,d0, toode sobib kasutamiseks ehitistes ja selle osades, mille tuleohutusklass on TP1 (tulekindel) ja TP2 (tuld takistav) ning ka TP3 (tuldkartev).<\/p>\n<p>Plaatide pikemas k\u00fcljes olev punnsoon\u00fchendus tagab plaatide omavahelistele liitkohtadele tuulekindla ning k\u00fclmasillavaba \u00fchenduse. RKL FACADE plaatide k\u00f5ik omavahelised \u00fchenduskohad tuleb t\u00e4iendavalt tihendada s\u00fcsteemi kuuluva FACADE tihendusteibiga.<\/p>\n","protected":false},"excerpt":{"rendered":"<p>ISOVER RKL FACADE on valmistatud anorgaanilisest materjalist ning ei sisalda korrosiooni p\u00f5hjustavaid komponente ega paku soodsat kasvupinnast hallitusseentele. Toode ei ole h\u00fcgroskoopne (ei seo endaga \u00f5huniiskust) vaid on kergesti veeauru l\u00e4bilaskev ning seel\u00e4bi v\u00f5imaldab ehitusniiskusel kuivada konstruktsioonist v\u00e4ljapoole, mis tagab niisustehniliselt hea lahenduse. Toode vastab ehitusmaterjalide saasteklassile M1.<\/p>","protected":false},"featured_media":1284,"comment_status":"open","ping_status":"closed","template":"","meta":{"_acf_changed":false},"product_brand":[],"product_cat":[69,497],"product_tag":[],"class_list":{"0":"post-1283","1":"product","2":"type-product","3":"status-publish","4":"has-post-thumbnail","6":"product_cat-tuuletokked","7":"product_cat-puumarket","9":"first","10":"instock","11":"shipping-taxable","12":"purchasable","13":"product-type-simple"},"acf":[],"yoast_head":"<!-- This site is optimized with the Yoast SEO Premium plugin v18.7 (Yoast SEO v26.5) - https:\/\/yoast.com\/wordpress\/plugins\/seo\/ -->\n<title>Klaasvill Isover RKL Facade 30x1200x1800mm 15,12m2 - Ehituslahendused<\/title>\n<meta name=\"robots\" content=\"index, follow, max-snippet:-1, max-image-preview:large, max-video-preview:-1\" \/>\n<link rel=\"canonical\" href=\"https:\/\/justbuildit.eu\/en\/pood\/isolatsioonimaterjalid\/tuuletokked\/klaasvill-isover-rkl-facade-30x1200x1800mm-1512m2\/\" \/>\n<meta property=\"og:locale\" content=\"en_US\" \/>\n<meta property=\"og:type\" content=\"article\" \/>\n<meta property=\"og:title\" content=\"Klaasvill Isover RKL Facade 30x1200x1800mm 15,12m2\" \/>\n<meta property=\"og:description\" content=\"ISOVER RKL FACADE on valmistatud anorgaanilisest materjalist ning ei sisalda korrosiooni p\u00f5hjustavaid komponente ega paku soodsat kasvupinnast hallitusseentele. Toode ei ole h\u00fcgroskoopne (ei seo endaga \u00f5huniiskust) vaid on kergesti veeauru l\u00e4bilaskev ning seel\u00e4bi v\u00f5imaldab ehitusniiskusel kuivada konstruktsioonist v\u00e4ljapoole, mis tagab niisustehniliselt hea lahenduse. Toode vastab ehitusmaterjalide saasteklassile M1.\" \/>\n<meta property=\"og:url\" content=\"https:\/\/justbuildit.eu\/en\/pood\/isolatsioonimaterjalid\/tuuletokked\/klaasvill-isover-rkl-facade-30x1200x1800mm-1512m2\/\" \/>\n<meta property=\"og:site_name\" content=\"Ehituslahendused\" \/>\n<meta property=\"article:publisher\" content=\"https:\/\/www.facebook.com\/justbuildit.ee\" \/>\n<meta property=\"article:modified_time\" content=\"2026-04-18T09:07:08+00:00\" \/>\n<meta property=\"og:image\" content=\"https:\/\/justbuildit.eu\/wp-content\/uploads\/2021\/12\/110666.jpg\" \/>\n\t<meta property=\"og:image:width\" content=\"588\" \/>\n\t<meta property=\"og:image:height\" content=\"588\" \/>\n\t<meta property=\"og:image:type\" content=\"image\/jpeg\" \/>\n<meta name=\"twitter:card\" content=\"summary_large_image\" \/>\n<script type=\"application\/ld+json\" class=\"yoast-schema-graph\">{\"@context\":\"https:\/\/schema.org\",\"@graph\":[{\"@type\":\"WebPage\",\"@id\":\"https:\/\/justbuildit.eu\/en\/pood\/isolatsioonimaterjalid\/tuuletokked\/klaasvill-isover-rkl-facade-30x1200x1800mm-1512m2\/\",\"url\":\"https:\/\/justbuildit.eu\/en\/pood\/isolatsioonimaterjalid\/tuuletokked\/klaasvill-isover-rkl-facade-30x1200x1800mm-1512m2\/\",\"name\":\"Klaasvill Isover RKL Facade 30x1200x1800mm 15,12m2 - Ehituslahendused\",\"isPartOf\":{\"@id\":\"https:\/\/justbuildit.eu\/en\/#website\"},\"primaryImageOfPage\":{\"@id\":\"https:\/\/justbuildit.eu\/en\/pood\/isolatsioonimaterjalid\/tuuletokked\/klaasvill-isover-rkl-facade-30x1200x1800mm-1512m2\/#primaryimage\"},\"image\":{\"@id\":\"https:\/\/justbuildit.eu\/en\/pood\/isolatsioonimaterjalid\/tuuletokked\/klaasvill-isover-rkl-facade-30x1200x1800mm-1512m2\/#primaryimage\"},\"thumbnailUrl\":\"https:\/\/justbuildit.eu\/wp-content\/uploads\/2021\/12\/110666.jpg\",\"datePublished\":\"2021-12-06T12:32:07+00:00\",\"dateModified\":\"2026-04-18T09:07:08+00:00\",\"breadcrumb\":{\"@id\":\"https:\/\/justbuildit.eu\/en\/pood\/isolatsioonimaterjalid\/tuuletokked\/klaasvill-isover-rkl-facade-30x1200x1800mm-1512m2\/#breadcrumb\"},\"inLanguage\":\"en-US\",\"potentialAction\":[{\"@type\":\"ReadAction\",\"target\":[\"https:\/\/justbuildit.eu\/en\/pood\/isolatsioonimaterjalid\/tuuletokked\/klaasvill-isover-rkl-facade-30x1200x1800mm-1512m2\/\"]}]},{\"@type\":\"ImageObject\",\"inLanguage\":\"en-US\",\"@id\":\"https:\/\/justbuildit.eu\/en\/pood\/isolatsioonimaterjalid\/tuuletokked\/klaasvill-isover-rkl-facade-30x1200x1800mm-1512m2\/#primaryimage\",\"url\":\"https:\/\/justbuildit.eu\/wp-content\/uploads\/2021\/12\/110666.jpg\",\"contentUrl\":\"https:\/\/justbuildit.eu\/wp-content\/uploads\/2021\/12\/110666.jpg\",\"width\":588,\"height\":588},{\"@type\":\"BreadcrumbList\",\"@id\":\"https:\/\/justbuildit.eu\/en\/pood\/isolatsioonimaterjalid\/tuuletokked\/klaasvill-isover-rkl-facade-30x1200x1800mm-1512m2\/#breadcrumb\",\"itemListElement\":[{\"@type\":\"ListItem\",\"position\":1,\"name\":\"Home\",\"item\":\"https:\/\/justbuildit.eu\/en\/\"},{\"@type\":\"ListItem\",\"position\":2,\"name\":\"Shop\",\"item\":\"https:\/\/justbuildit.eu\/en\/building-materials\/\"},{\"@type\":\"ListItem\",\"position\":3,\"name\":\"Klaasvill Isover RKL Facade 30x1200x1800mm 15,12m2\"}]},{\"@type\":\"WebSite\",\"@id\":\"https:\/\/justbuildit.eu\/en\/#website\",\"url\":\"https:\/\/justbuildit.eu\/en\/\",\"name\":\"Ehituslahendused\",\"description\":\"Ehituslahendused ja materjalid\",\"publisher\":{\"@id\":\"https:\/\/justbuildit.eu\/en\/#organization\"},\"potentialAction\":[{\"@type\":\"SearchAction\",\"target\":{\"@type\":\"EntryPoint\",\"urlTemplate\":\"https:\/\/justbuildit.eu\/en\/?s={search_term_string}\"},\"query-input\":{\"@type\":\"PropertyValueSpecification\",\"valueRequired\":true,\"valueName\":\"search_term_string\"}}],\"inLanguage\":\"en-US\"},{\"@type\":\"Organization\",\"@id\":\"https:\/\/justbuildit.eu\/en\/#organization\",\"name\":\"Just Build It O\u00dc\",\"url\":\"https:\/\/justbuildit.eu\/en\/\",\"logo\":{\"@type\":\"ImageObject\",\"inLanguage\":\"en-US\",\"@id\":\"https:\/\/justbuildit.eu\/en\/#\/schema\/logo\/image\/\",\"url\":\"https:\/\/justbuildit.eu\/wp-content\/uploads\/2022\/01\/justbuildit.png\",\"contentUrl\":\"https:\/\/justbuildit.eu\/wp-content\/uploads\/2022\/01\/justbuildit.png\",\"width\":173,\"height\":77,\"caption\":\"Just Build It O\u00dc\"},\"image\":{\"@id\":\"https:\/\/justbuildit.eu\/en\/#\/schema\/logo\/image\/\"},\"sameAs\":[\"https:\/\/www.facebook.com\/justbuildit.ee\"]}]}<\/script>\n<!-- \/ Yoast SEO Premium plugin. -->","yoast_head_json":{"title":"Klaasvill Isover RKL Facade 30x1200x1800mm 15,12m2 - Ehituslahendused","robots":{"index":"index","follow":"follow","max-snippet":"max-snippet:-1","max-image-preview":"max-image-preview:large","max-video-preview":"max-video-preview:-1"},"canonical":"https:\/\/justbuildit.eu\/en\/pood\/isolatsioonimaterjalid\/tuuletokked\/klaasvill-isover-rkl-facade-30x1200x1800mm-1512m2\/","og_locale":"en_US","og_type":"article","og_title":"Klaasvill Isover RKL Facade 30x1200x1800mm 15,12m2","og_description":"ISOVER RKL FACADE on valmistatud anorgaanilisest materjalist ning ei sisalda korrosiooni p\u00f5hjustavaid komponente ega paku soodsat kasvupinnast hallitusseentele. Toode ei ole h\u00fcgroskoopne (ei seo endaga \u00f5huniiskust) vaid on kergesti veeauru l\u00e4bilaskev ning seel\u00e4bi v\u00f5imaldab ehitusniiskusel kuivada konstruktsioonist v\u00e4ljapoole, mis tagab niisustehniliselt hea lahenduse. Toode vastab ehitusmaterjalide saasteklassile M1.","og_url":"https:\/\/justbuildit.eu\/en\/pood\/isolatsioonimaterjalid\/tuuletokked\/klaasvill-isover-rkl-facade-30x1200x1800mm-1512m2\/","og_site_name":"Ehituslahendused","article_publisher":"https:\/\/www.facebook.com\/justbuildit.ee","article_modified_time":"2026-04-18T09:07:08+00:00","og_image":[{"width":588,"height":588,"url":"https:\/\/justbuildit.eu\/wp-content\/uploads\/2021\/12\/110666.jpg","type":"image\/jpeg"}],"twitter_card":"summary_large_image","schema":{"@context":"https:\/\/schema.org","@graph":[{"@type":"WebPage","@id":"https:\/\/justbuildit.eu\/en\/pood\/isolatsioonimaterjalid\/tuuletokked\/klaasvill-isover-rkl-facade-30x1200x1800mm-1512m2\/","url":"https:\/\/justbuildit.eu\/en\/pood\/isolatsioonimaterjalid\/tuuletokked\/klaasvill-isover-rkl-facade-30x1200x1800mm-1512m2\/","name":"Klaasvill Isover RKL Facade 30x1200x1800mm 15,12m2 - Ehituslahendused","isPartOf":{"@id":"https:\/\/justbuildit.eu\/en\/#website"},"primaryImageOfPage":{"@id":"https:\/\/justbuildit.eu\/en\/pood\/isolatsioonimaterjalid\/tuuletokked\/klaasvill-isover-rkl-facade-30x1200x1800mm-1512m2\/#primaryimage"},"image":{"@id":"https:\/\/justbuildit.eu\/en\/pood\/isolatsioonimaterjalid\/tuuletokked\/klaasvill-isover-rkl-facade-30x1200x1800mm-1512m2\/#primaryimage"},"thumbnailUrl":"https:\/\/justbuildit.eu\/wp-content\/uploads\/2021\/12\/110666.jpg","datePublished":"2021-12-06T12:32:07+00:00","dateModified":"2026-04-18T09:07:08+00:00","breadcrumb":{"@id":"https:\/\/justbuildit.eu\/en\/pood\/isolatsioonimaterjalid\/tuuletokked\/klaasvill-isover-rkl-facade-30x1200x1800mm-1512m2\/#breadcrumb"},"inLanguage":"en-US","potentialAction":[{"@type":"ReadAction","target":["https:\/\/justbuildit.eu\/en\/pood\/isolatsioonimaterjalid\/tuuletokked\/klaasvill-isover-rkl-facade-30x1200x1800mm-1512m2\/"]}]},{"@type":"ImageObject","inLanguage":"en-US","@id":"https:\/\/justbuildit.eu\/en\/pood\/isolatsioonimaterjalid\/tuuletokked\/klaasvill-isover-rkl-facade-30x1200x1800mm-1512m2\/#primaryimage","url":"https:\/\/justbuildit.eu\/wp-content\/uploads\/2021\/12\/110666.jpg","contentUrl":"https:\/\/justbuildit.eu\/wp-content\/uploads\/2021\/12\/110666.jpg","width":588,"height":588},{"@type":"BreadcrumbList","@id":"https:\/\/justbuildit.eu\/en\/pood\/isolatsioonimaterjalid\/tuuletokked\/klaasvill-isover-rkl-facade-30x1200x1800mm-1512m2\/#breadcrumb","itemListElement":[{"@type":"ListItem","position":1,"name":"Home","item":"https:\/\/justbuildit.eu\/en\/"},{"@type":"ListItem","position":2,"name":"Shop","item":"https:\/\/justbuildit.eu\/en\/building-materials\/"},{"@type":"ListItem","position":3,"name":"Klaasvill Isover RKL Facade 30x1200x1800mm 15,12m2"}]},{"@type":"WebSite","@id":"https:\/\/justbuildit.eu\/en\/#website","url":"https:\/\/justbuildit.eu\/en\/","name":"Ehituslahendused","description":"Ehituslahendused ja materjalid","publisher":{"@id":"https:\/\/justbuildit.eu\/en\/#organization"},"potentialAction":[{"@type":"SearchAction","target":{"@type":"EntryPoint","urlTemplate":"https:\/\/justbuildit.eu\/en\/?s={search_term_string}"},"query-input":{"@type":"PropertyValueSpecification","valueRequired":true,"valueName":"search_term_string"}}],"inLanguage":"en-US"},{"@type":"Organization","@id":"https:\/\/justbuildit.eu\/en\/#organization","name":"Just Build It O\u00dc","url":"https:\/\/justbuildit.eu\/en\/","logo":{"@type":"ImageObject","inLanguage":"en-US","@id":"https:\/\/justbuildit.eu\/en\/#\/schema\/logo\/image\/","url":"https:\/\/justbuildit.eu\/wp-content\/uploads\/2022\/01\/justbuildit.png","contentUrl":"https:\/\/justbuildit.eu\/wp-content\/uploads\/2022\/01\/justbuildit.png","width":173,"height":77,"caption":"Just Build It O\u00dc"},"image":{"@id":"https:\/\/justbuildit.eu\/en\/#\/schema\/logo\/image\/"},"sameAs":["https:\/\/www.facebook.com\/justbuildit.ee"]}]}},"_links":{"self":[{"href":"https:\/\/justbuildit.eu\/en\/wp-json\/wp\/v2\/product\/1283","targetHints":{"allow":["GET"]}}],"collection":[{"href":"https:\/\/justbuildit.eu\/en\/wp-json\/wp\/v2\/product"}],"about":[{"href":"https:\/\/justbuildit.eu\/en\/wp-json\/wp\/v2\/types\/product"}],"replies":[{"embeddable":true,"href":"https:\/\/justbuildit.eu\/en\/wp-json\/wp\/v2\/comments?post=1283"}],"wp:featuredmedia":[{"embeddable":true,"href":"https:\/\/justbuildit.eu\/en\/wp-json\/wp\/v2\/media\/1284"}],"wp:attachment":[{"href":"https:\/\/justbuildit.eu\/en\/wp-json\/wp\/v2\/media?parent=1283"}],"wp:term":[{"taxonomy":"product_brand","embeddable":true,"href":"https:\/\/justbuildit.eu\/en\/wp-json\/wp\/v2\/product_brand?post=1283"},{"taxonomy":"product_cat","embeddable":true,"href":"https:\/\/justbuildit.eu\/en\/wp-json\/wp\/v2\/product_cat?post=1283"},{"taxonomy":"product_tag","embeddable":true,"href":"https:\/\/justbuildit.eu\/en\/wp-json\/wp\/v2\/product_tag?post=1283"}],"curies":[{"name":"wp","href":"https:\/\/api.w.org\/{rel}","templated":true}]}}