{"id":1297,"date":"2021-12-06T15:36:52","date_gmt":"2021-12-06T12:36:52","guid":{"rendered":"https:\/\/justbuildit.eu\/?post_type=product&#038;p=1297"},"modified":"2026-04-19T12:07:11","modified_gmt":"2026-04-19T09:07:11","slug":"ehitusteip-tescon-vana-60mm-30m","status":"publish","type":"product","link":"https:\/\/justbuildit.eu\/en\/pood\/tihendusmaterjalid\/teibid\/ehitusteip-tescon-vana-60mm-30m\/","title":{"rendered":"Ehitusteip Tescon Vana 60mm 30m"},"content":{"rendered":"<p>Universaalne ehitusteip sise- ja v\u00e4listingimustesse.<\/p>\n<p>Eelised:<\/p>\n<ul>\n<li>Turvaline toimivus sise- ja v\u00e4listingimustes &#8211; isegi niiskumisel, veekindel SOLID-liimaine<\/li>\n<li>Eriti ajas kestev: eeldatav eluiga 100 aastat, mis on s\u00f5ltumatult testitud ja kinnitatud<\/li>\n<li>Ehituse paindlikus: ilmastikukindlus 6 kuud<\/li>\n<li>Ehituse kiirendamine: fliis on koheselt \u00fclekrohvitav ja \u00fcleteibitav<\/li>\n<li>Mugav kasutada: fliis on v\u00e4ga liibuv ja k\u00e4sitsi rebitav<\/li>\n<li>Saksamaa tarbijaajakiri Stiftung Warentest v\u00e4ljaande 4\/2012 testiv\u00f5itja<\/li>\n<li>Sobilik Skandinaavia kliimasse: toimivus on s\u00f5ltumatult kontrollitud ja kinnitatud (SINTEF TG 20557)<\/li>\n<li>Eeskirjadele vastav ehitamine: \u00f5hupidavad \u00fchenduskohad standardite DIN 4108-7, SIA 180 ja \u00d6NORM B 8110-2 n\u00f5uete kohaselt<\/li>\n<li>Parimad tulemused kahjulike ainete m\u00e4\u00e4ramisel, katsetused tehtud ISO 16000 n\u00f5uete kohaselt<\/li>\n<\/ul>\n<p>Kasutusvaldkond:<br \/>\nSiset\u00f6\u00f6del: auru- ja \u00f5hut\u00f5kkekangaste ning \u00f5hukindlate puidup\u00f5histe plaatide \u00f5hupidavad liim\u00fchendused.<\/p>\n<p>V\u00e4list\u00f6\u00f6del: tuulepidavate aluskatuse-, aluskatte- ja tuulet\u00f5kkekangaste (n\u00e4iteks pro clima SOLITEX) \u00fchenduste teostamiseks. Aluskatuse puidup\u00f5histe plaatide tuultpidavateks \u00fchendusteks. Tarindi pealsete ja renoveerimise aurut\u00f5kete \u00f5hupidavad liimliited.<\/p>\n<p>K\u00f5iki liim\u00fchendusi sise- ja v\u00e4listingimustes v\u00f5ib teha nii omavahel kui ka k\u00fclgnevate siledate mittemineraalsete ehitusdetailidega (n\u00e4iteks toru l\u00e4biviigud, katuseaknad).<\/p>\n","protected":false},"excerpt":{"rendered":"<p>Universaalne ehitusteip sise- ja v\u00e4listingimustesse.<\/p>","protected":false},"featured_media":1298,"comment_status":"open","ping_status":"closed","template":"","meta":{"_acf_changed":false},"product_brand":[],"product_cat":[111,497],"product_tag":[],"class_list":{"0":"post-1297","1":"product","2":"type-product","3":"status-publish","4":"has-post-thumbnail","6":"product_cat-teibid","7":"product_cat-puumarket","9":"first","10":"instock","11":"shipping-taxable","12":"purchasable","13":"product-type-simple"},"acf":[],"yoast_head":"<!-- This site is optimized with the Yoast SEO Premium plugin v18.7 (Yoast SEO v26.5) - https:\/\/yoast.com\/wordpress\/plugins\/seo\/ -->\n<title>Ehitusteip<\/title>\n<meta name=\"robots\" content=\"index, follow, max-snippet:-1, max-image-preview:large, max-video-preview:-1\" \/>\n<link rel=\"canonical\" href=\"https:\/\/justbuildit.eu\/en\/pood\/tihendusmaterjalid\/teibid\/ehitusteip-tescon-vana-60mm-30m\/\" \/>\n<meta property=\"og:locale\" content=\"en_US\" \/>\n<meta property=\"og:type\" content=\"article\" \/>\n<meta property=\"og:title\" content=\"Ehitusteip Tescon Vana 60mm 30m\" \/>\n<meta property=\"og:description\" content=\"Universaalne ehitusteip sise- ja v\u00e4listingimustesse.\" \/>\n<meta property=\"og:url\" content=\"https:\/\/justbuildit.eu\/en\/pood\/tihendusmaterjalid\/teibid\/ehitusteip-tescon-vana-60mm-30m\/\" \/>\n<meta property=\"og:site_name\" content=\"Ehituslahendused\" \/>\n<meta property=\"article:publisher\" content=\"https:\/\/www.facebook.com\/justbuildit.ee\" \/>\n<meta property=\"article:modified_time\" content=\"2026-04-19T09:07:11+00:00\" \/>\n<meta property=\"og:image\" content=\"https:\/\/justbuildit.eu\/wp-content\/uploads\/2021\/12\/107368.jpg\" \/>\n\t<meta property=\"og:image:width\" content=\"709\" \/>\n\t<meta property=\"og:image:height\" content=\"709\" \/>\n\t<meta property=\"og:image:type\" content=\"image\/jpeg\" \/>\n<meta name=\"twitter:card\" content=\"summary_large_image\" \/>\n<script type=\"application\/ld+json\" class=\"yoast-schema-graph\">{\"@context\":\"https:\/\/schema.org\",\"@graph\":[{\"@type\":\"WebPage\",\"@id\":\"https:\/\/justbuildit.eu\/en\/pood\/tihendusmaterjalid\/teibid\/ehitusteip-tescon-vana-60mm-30m\/\",\"url\":\"https:\/\/justbuildit.eu\/en\/pood\/tihendusmaterjalid\/teibid\/ehitusteip-tescon-vana-60mm-30m\/\",\"name\":\"Ehitusteip\",\"isPartOf\":{\"@id\":\"https:\/\/justbuildit.eu\/en\/#website\"},\"primaryImageOfPage\":{\"@id\":\"https:\/\/justbuildit.eu\/en\/pood\/tihendusmaterjalid\/teibid\/ehitusteip-tescon-vana-60mm-30m\/#primaryimage\"},\"image\":{\"@id\":\"https:\/\/justbuildit.eu\/en\/pood\/tihendusmaterjalid\/teibid\/ehitusteip-tescon-vana-60mm-30m\/#primaryimage\"},\"thumbnailUrl\":\"https:\/\/justbuildit.eu\/wp-content\/uploads\/2021\/12\/107368.jpg\",\"datePublished\":\"2021-12-06T12:36:52+00:00\",\"dateModified\":\"2026-04-19T09:07:11+00:00\",\"breadcrumb\":{\"@id\":\"https:\/\/justbuildit.eu\/en\/pood\/tihendusmaterjalid\/teibid\/ehitusteip-tescon-vana-60mm-30m\/#breadcrumb\"},\"inLanguage\":\"en-US\",\"potentialAction\":[{\"@type\":\"ReadAction\",\"target\":[\"https:\/\/justbuildit.eu\/en\/pood\/tihendusmaterjalid\/teibid\/ehitusteip-tescon-vana-60mm-30m\/\"]}]},{\"@type\":\"ImageObject\",\"inLanguage\":\"en-US\",\"@id\":\"https:\/\/justbuildit.eu\/en\/pood\/tihendusmaterjalid\/teibid\/ehitusteip-tescon-vana-60mm-30m\/#primaryimage\",\"url\":\"https:\/\/justbuildit.eu\/wp-content\/uploads\/2021\/12\/107368.jpg\",\"contentUrl\":\"https:\/\/justbuildit.eu\/wp-content\/uploads\/2021\/12\/107368.jpg\",\"width\":709,\"height\":709},{\"@type\":\"BreadcrumbList\",\"@id\":\"https:\/\/justbuildit.eu\/en\/pood\/tihendusmaterjalid\/teibid\/ehitusteip-tescon-vana-60mm-30m\/#breadcrumb\",\"itemListElement\":[{\"@type\":\"ListItem\",\"position\":1,\"name\":\"Home\",\"item\":\"https:\/\/justbuildit.eu\/en\/\"},{\"@type\":\"ListItem\",\"position\":2,\"name\":\"Shop\",\"item\":\"https:\/\/justbuildit.eu\/en\/building-materials\/\"},{\"@type\":\"ListItem\",\"position\":3,\"name\":\"Ehitusteip Tescon Vana 60mm 30m\"}]},{\"@type\":\"WebSite\",\"@id\":\"https:\/\/justbuildit.eu\/en\/#website\",\"url\":\"https:\/\/justbuildit.eu\/en\/\",\"name\":\"Ehituslahendused\",\"description\":\"Ehituslahendused ja materjalid\",\"publisher\":{\"@id\":\"https:\/\/justbuildit.eu\/en\/#organization\"},\"potentialAction\":[{\"@type\":\"SearchAction\",\"target\":{\"@type\":\"EntryPoint\",\"urlTemplate\":\"https:\/\/justbuildit.eu\/en\/?s={search_term_string}\"},\"query-input\":{\"@type\":\"PropertyValueSpecification\",\"valueRequired\":true,\"valueName\":\"search_term_string\"}}],\"inLanguage\":\"en-US\"},{\"@type\":\"Organization\",\"@id\":\"https:\/\/justbuildit.eu\/en\/#organization\",\"name\":\"Just Build It O\u00dc\",\"url\":\"https:\/\/justbuildit.eu\/en\/\",\"logo\":{\"@type\":\"ImageObject\",\"inLanguage\":\"en-US\",\"@id\":\"https:\/\/justbuildit.eu\/en\/#\/schema\/logo\/image\/\",\"url\":\"https:\/\/justbuildit.eu\/wp-content\/uploads\/2022\/01\/justbuildit.png\",\"contentUrl\":\"https:\/\/justbuildit.eu\/wp-content\/uploads\/2022\/01\/justbuildit.png\",\"width\":173,\"height\":77,\"caption\":\"Just Build It O\u00dc\"},\"image\":{\"@id\":\"https:\/\/justbuildit.eu\/en\/#\/schema\/logo\/image\/\"},\"sameAs\":[\"https:\/\/www.facebook.com\/justbuildit.ee\"]}]}<\/script>\n<!-- \/ Yoast SEO Premium plugin. -->","yoast_head_json":{"title":"Ehitusteip","robots":{"index":"index","follow":"follow","max-snippet":"max-snippet:-1","max-image-preview":"max-image-preview:large","max-video-preview":"max-video-preview:-1"},"canonical":"https:\/\/justbuildit.eu\/en\/pood\/tihendusmaterjalid\/teibid\/ehitusteip-tescon-vana-60mm-30m\/","og_locale":"en_US","og_type":"article","og_title":"Ehitusteip Tescon Vana 60mm 30m","og_description":"Universaalne ehitusteip sise- ja v\u00e4listingimustesse.","og_url":"https:\/\/justbuildit.eu\/en\/pood\/tihendusmaterjalid\/teibid\/ehitusteip-tescon-vana-60mm-30m\/","og_site_name":"Ehituslahendused","article_publisher":"https:\/\/www.facebook.com\/justbuildit.ee","article_modified_time":"2026-04-19T09:07:11+00:00","og_image":[{"width":709,"height":709,"url":"https:\/\/justbuildit.eu\/wp-content\/uploads\/2021\/12\/107368.jpg","type":"image\/jpeg"}],"twitter_card":"summary_large_image","schema":{"@context":"https:\/\/schema.org","@graph":[{"@type":"WebPage","@id":"https:\/\/justbuildit.eu\/en\/pood\/tihendusmaterjalid\/teibid\/ehitusteip-tescon-vana-60mm-30m\/","url":"https:\/\/justbuildit.eu\/en\/pood\/tihendusmaterjalid\/teibid\/ehitusteip-tescon-vana-60mm-30m\/","name":"Ehitusteip","isPartOf":{"@id":"https:\/\/justbuildit.eu\/en\/#website"},"primaryImageOfPage":{"@id":"https:\/\/justbuildit.eu\/en\/pood\/tihendusmaterjalid\/teibid\/ehitusteip-tescon-vana-60mm-30m\/#primaryimage"},"image":{"@id":"https:\/\/justbuildit.eu\/en\/pood\/tihendusmaterjalid\/teibid\/ehitusteip-tescon-vana-60mm-30m\/#primaryimage"},"thumbnailUrl":"https:\/\/justbuildit.eu\/wp-content\/uploads\/2021\/12\/107368.jpg","datePublished":"2021-12-06T12:36:52+00:00","dateModified":"2026-04-19T09:07:11+00:00","breadcrumb":{"@id":"https:\/\/justbuildit.eu\/en\/pood\/tihendusmaterjalid\/teibid\/ehitusteip-tescon-vana-60mm-30m\/#breadcrumb"},"inLanguage":"en-US","potentialAction":[{"@type":"ReadAction","target":["https:\/\/justbuildit.eu\/en\/pood\/tihendusmaterjalid\/teibid\/ehitusteip-tescon-vana-60mm-30m\/"]}]},{"@type":"ImageObject","inLanguage":"en-US","@id":"https:\/\/justbuildit.eu\/en\/pood\/tihendusmaterjalid\/teibid\/ehitusteip-tescon-vana-60mm-30m\/#primaryimage","url":"https:\/\/justbuildit.eu\/wp-content\/uploads\/2021\/12\/107368.jpg","contentUrl":"https:\/\/justbuildit.eu\/wp-content\/uploads\/2021\/12\/107368.jpg","width":709,"height":709},{"@type":"BreadcrumbList","@id":"https:\/\/justbuildit.eu\/en\/pood\/tihendusmaterjalid\/teibid\/ehitusteip-tescon-vana-60mm-30m\/#breadcrumb","itemListElement":[{"@type":"ListItem","position":1,"name":"Home","item":"https:\/\/justbuildit.eu\/en\/"},{"@type":"ListItem","position":2,"name":"Shop","item":"https:\/\/justbuildit.eu\/en\/building-materials\/"},{"@type":"ListItem","position":3,"name":"Ehitusteip Tescon Vana 60mm 30m"}]},{"@type":"WebSite","@id":"https:\/\/justbuildit.eu\/en\/#website","url":"https:\/\/justbuildit.eu\/en\/","name":"Ehituslahendused","description":"Ehituslahendused ja materjalid","publisher":{"@id":"https:\/\/justbuildit.eu\/en\/#organization"},"potentialAction":[{"@type":"SearchAction","target":{"@type":"EntryPoint","urlTemplate":"https:\/\/justbuildit.eu\/en\/?s={search_term_string}"},"query-input":{"@type":"PropertyValueSpecification","valueRequired":true,"valueName":"search_term_string"}}],"inLanguage":"en-US"},{"@type":"Organization","@id":"https:\/\/justbuildit.eu\/en\/#organization","name":"Just Build It O\u00dc","url":"https:\/\/justbuildit.eu\/en\/","logo":{"@type":"ImageObject","inLanguage":"en-US","@id":"https:\/\/justbuildit.eu\/en\/#\/schema\/logo\/image\/","url":"https:\/\/justbuildit.eu\/wp-content\/uploads\/2022\/01\/justbuildit.png","contentUrl":"https:\/\/justbuildit.eu\/wp-content\/uploads\/2022\/01\/justbuildit.png","width":173,"height":77,"caption":"Just Build It O\u00dc"},"image":{"@id":"https:\/\/justbuildit.eu\/en\/#\/schema\/logo\/image\/"},"sameAs":["https:\/\/www.facebook.com\/justbuildit.ee"]}]}},"_links":{"self":[{"href":"https:\/\/justbuildit.eu\/en\/wp-json\/wp\/v2\/product\/1297","targetHints":{"allow":["GET"]}}],"collection":[{"href":"https:\/\/justbuildit.eu\/en\/wp-json\/wp\/v2\/product"}],"about":[{"href":"https:\/\/justbuildit.eu\/en\/wp-json\/wp\/v2\/types\/product"}],"replies":[{"embeddable":true,"href":"https:\/\/justbuildit.eu\/en\/wp-json\/wp\/v2\/comments?post=1297"}],"wp:featuredmedia":[{"embeddable":true,"href":"https:\/\/justbuildit.eu\/en\/wp-json\/wp\/v2\/media\/1298"}],"wp:attachment":[{"href":"https:\/\/justbuildit.eu\/en\/wp-json\/wp\/v2\/media?parent=1297"}],"wp:term":[{"taxonomy":"product_brand","embeddable":true,"href":"https:\/\/justbuildit.eu\/en\/wp-json\/wp\/v2\/product_brand?post=1297"},{"taxonomy":"product_cat","embeddable":true,"href":"https:\/\/justbuildit.eu\/en\/wp-json\/wp\/v2\/product_cat?post=1297"},{"taxonomy":"product_tag","embeddable":true,"href":"https:\/\/justbuildit.eu\/en\/wp-json\/wp\/v2\/product_tag?post=1297"}],"curies":[{"name":"wp","href":"https:\/\/api.w.org\/{rel}","templated":true}]}}