{"id":135489,"date":"2022-08-24T12:48:22","date_gmt":"2022-08-24T09:48:22","guid":{"rendered":"https:\/\/justbuildit.eu\/?post_type=product&#038;p=135489"},"modified":"2026-04-16T12:06:32","modified_gmt":"2026-04-16T09:06:32","slug":"puitpindade-immutuskrunt-teksturdekor-base-10l","status":"publish","type":"product","link":"https:\/\/justbuildit.eu\/en\/pood\/varvid-ja-viimistlusmaterjalid\/krundid\/puitpindade-immutuskrunt-teksturdekor-base-10l\/","title":{"rendered":"PUITPINDADE IMMUTUSKRUNT TEKSTURDEKOR BASE 10L"},"content":{"rendered":"<div class=\"row\"  id=\"row-1376073039\">\n<div id=\"col-1490099423\" class=\"col medium-9 small-12 large-9\"  >\n<div class=\"col-inner\"  >\n<h2>TEKSTURDEKOR BASE<\/h2>\n<p>Lahustip\u00f5hine immutusvahend sise \u2013ja v\u00e4listingimustes asuvate puitpindade kruntimiseks enne v\u00e4rvimist. Tungib h\u00e4sti puidupooridesse, kaitstes pinda vee imendumise eest, parandab katte ilmastikukindlust ning naket j\u00e4rgnevate viimistlustoodetega.Soovitatakse pindade kruntimiseks enne nende v\u00e4rvimist vesilahustuvate v\u00e4rvide v\u00f5i lahusti baasil emailv\u00e4rvidega, mis on ette n\u00e4htud puitpindade viimistlemiseks.Sobib t\u00f6\u00f6stuslikuks kasutamiseks. <\/p>\n<div class=\"message-box relative\" style=\"padding-top:15px;padding-bottom:15px;\">\n<div class=\"message-box-bg-image bg-fill fill\" ><\/div>\n<div class=\"message-box-bg-overlay bg-fill fill\" ><\/div>\n<div class=\"container relative\">\n<div class=\"inner last-reset\">\n<div class=\"row align-middle align-center\"  id=\"row-1704798589\">\n<div id=\"col-1041460618\" class=\"col small-12 large-12\"  >\n<div class=\"col-inner text-left\"  >\n<h4>Omadused<\/h4>\n<div class=\"row\"  id=\"row-563913581\">\n<div id=\"col-1240170105\" class=\"col medium-6 small-12 large-6\"  >\n<div class=\"col-inner\"  >\n<p><i class=\"fa fa-check fa-2x\"><\/i> <strong>Toodet v\u00f5ib hoida ainult temperatuuril \u00fcle +5\u00baC<\/strong><\/p>\n<p><i class=\"fa fa-check fa-2x\"><\/i> <strong>Toode on kasutatav sise- ja v\u00e4list\u00f6\u00f6deks<\/strong><\/p>\n<\/p>\n<\/div>\n<style>\n#col-1240170105 > .col-inner {\n  margin: 0px 0px 15px 0px;\n}\n<\/style>\n<\/p>\n<\/div>\n<\/div>\n<\/div>\n<\/div>\n<\/div>\n<\/div>\n<\/div>\n<\/div>\n<div id=\"gap-548480904\" class=\"gap-element clearfix\" style=\"display:block; height:auto;\">\n<style>\n#gap-548480904 {\n  padding-top: 30px;\n}\n<\/style>\n<\/p>\n<\/div>\n<h3>Kasutamise \u00fcksikasjad<\/h3>\n<p><strong>Kasutamine:<\/strong> Toode on kasutusvalmis ega vaja lahjendamist. Enne kasutamist segatakse ja kantakse pintsliga puhtale kuivale puitpinnale 1-2 kihina. Erilise hoolega tuleb t\u00f6\u00f6delda lauaotsi. Saavutamaks ideaalse sileda pinna on soovitav enne viimistlemist lakkide v\u00f5i dekoratiivsete puidukaitsevahenditega TEKSTURDEKOR BASE ga  t\u00f6\u00f6deldud pind peeneteralise liivapaberiga lihvida. \u00d5hu ja v\u00e4rvitava pinna temperatuur peab olema vahendi pealekandmisel  ja kuivamisel \u00fcle +5\u043e\u0421. Suhteline \u00f5huniiskus ei v\u00f5i \u00fcletada 85%.<\/p>\n<\/p>\n<\/div>\n<\/div>\n<div id=\"col-782486419\" class=\"col medium-3 small-12 large-3\"  >\n<div class=\"col-inner\"  >\n<div id=\"gap-939698169\" class=\"gap-element clearfix\" style=\"display:block; height:auto;\">\n<style>\n#gap-939698169 {\n  padding-top: 30px;\n}\n<\/style>\n<\/p>\n<\/div>\n<div class=\"is-divider divider clearfix\" ><\/div>\n<p><strong>\u00dcksikasjalikuma n\u00f5u saamiseks v\u00f5tke \u00fchendust:<br \/><\/strong>RIIA LAKID O\u00dc<br \/>Kantsi 3<br \/>11415<br \/>Tallinn<br \/>+372 6335439<\/p>\n<div class=\"is-divider divider clearfix\" ><\/div>\n<\/p>\n<\/div>\n<\/div>\n<\/div>\n","protected":false},"excerpt":{"rendered":"<p>Lahustip\u00f5hine immutusvahend sise \u2013ja v\u00e4listingimustes asuvate puitpindade kruntimiseks enne v\u00e4rvimist. Tungib h\u00e4sti puidupooridesse, kaitstes pinda vee imendumise eest, parandab katte ilmastikukindlust ning naket j\u00e4rgnevate viimistlustoodetega.Soovitatakse pindade kruntimiseks enne nende v\u00e4rvimist vesilahustuvate v\u00e4rvide v\u00f5i lahusti baasil emailv\u00e4rvidega, mis on ette n\u00e4htud puitpindade viimistlemiseks.Sobib t\u00f6\u00f6stuslikuks kasutamiseks. <\/p>","protected":false},"featured_media":135490,"comment_status":"open","ping_status":"closed","template":"","meta":{"_acf_changed":false},"product_brand":[],"product_cat":[121,120,125,498],"product_tag":[],"class_list":{"0":"post-135489","1":"product","2":"type-product","3":"status-publish","4":"has-post-thumbnail","6":"product_cat-krundid","7":"product_cat-varvid-ja-viimistlusmaterjalid","8":"product_cat-varvid-valistoodeks","9":"product_cat-espak","11":"first","12":"instock","13":"sale","14":"featured","15":"shipping-taxable","16":"purchasable","17":"product-type-simple"},"acf":[],"yoast_head":"<!-- This site is optimized with the Yoast SEO Premium plugin v18.7 (Yoast SEO v26.5) - https:\/\/yoast.com\/wordpress\/plugins\/seo\/ -->\n<title>PUITPINDADE IMMUTUSKRUNT TEKSTURDEKOR BASE 10L - Ehituslahendused<\/title>\n<meta name=\"description\" content=\"Lahustip\u00f5hine immutusvahend sise \u2013ja v\u00e4listingimustes asuvate puitpindade kruntimiseks enne v\u00e4rvimist. Soovitatakse pindade kruntimiseks enne nende v\u00e4rvimist vesilahustuvate v\u00e4rvide v\u00f5i lahusti baasil emailv\u00e4rvidega, mis on ette n\u00e4htud puitpindade viimistlemiseks.Sobib t\u00f6\u00f6stuslikuks kasutamiseks.\" \/>\n<meta name=\"robots\" content=\"index, follow, max-snippet:-1, max-image-preview:large, max-video-preview:-1\" \/>\n<link rel=\"canonical\" href=\"https:\/\/justbuildit.eu\/en\/pood\/varvid-ja-viimistlusmaterjalid\/krundid\/puitpindade-immutuskrunt-teksturdekor-base-10l\/\" \/>\n<meta property=\"og:locale\" content=\"en_US\" \/>\n<meta property=\"og:type\" content=\"article\" \/>\n<meta property=\"og:title\" content=\"PUITPINDADE IMMUTUSKRUNT TEKSTURDEKOR BASE 10L\" \/>\n<meta property=\"og:description\" content=\"Lahustip\u00f5hine immutusvahend sise \u2013ja v\u00e4listingimustes asuvate puitpindade kruntimiseks enne v\u00e4rvimist. Soovitatakse pindade kruntimiseks enne nende v\u00e4rvimist vesilahustuvate v\u00e4rvide v\u00f5i lahusti baasil emailv\u00e4rvidega, mis on ette n\u00e4htud puitpindade viimistlemiseks.Sobib t\u00f6\u00f6stuslikuks kasutamiseks.\" \/>\n<meta property=\"og:url\" content=\"https:\/\/justbuildit.eu\/en\/pood\/varvid-ja-viimistlusmaterjalid\/krundid\/puitpindade-immutuskrunt-teksturdekor-base-10l\/\" \/>\n<meta property=\"og:site_name\" content=\"Ehituslahendused\" \/>\n<meta property=\"article:publisher\" content=\"https:\/\/www.facebook.com\/justbuildit.ee\" \/>\n<meta property=\"article:modified_time\" content=\"2026-04-16T09:06:32+00:00\" \/>\n<meta property=\"og:image\" content=\"https:\/\/justbuildit.eu\/wp-content\/uploads\/2022\/08\/teksturdekorbase-10L.jpg\" \/>\n\t<meta property=\"og:image:width\" content=\"638\" \/>\n\t<meta property=\"og:image:height\" content=\"638\" \/>\n\t<meta property=\"og:image:type\" content=\"image\/jpeg\" \/>\n<meta name=\"twitter:card\" content=\"summary_large_image\" \/>\n<script type=\"application\/ld+json\" class=\"yoast-schema-graph\">{\"@context\":\"https:\/\/schema.org\",\"@graph\":[{\"@type\":\"WebPage\",\"@id\":\"https:\/\/justbuildit.eu\/en\/pood\/varvid-ja-viimistlusmaterjalid\/krundid\/puitpindade-immutuskrunt-teksturdekor-base-10l\/\",\"url\":\"https:\/\/justbuildit.eu\/en\/pood\/varvid-ja-viimistlusmaterjalid\/krundid\/puitpindade-immutuskrunt-teksturdekor-base-10l\/\",\"name\":\"PUITPINDADE IMMUTUSKRUNT TEKSTURDEKOR BASE 10L - Ehituslahendused\",\"isPartOf\":{\"@id\":\"https:\/\/justbuildit.eu\/en\/#website\"},\"primaryImageOfPage\":{\"@id\":\"https:\/\/justbuildit.eu\/en\/pood\/varvid-ja-viimistlusmaterjalid\/krundid\/puitpindade-immutuskrunt-teksturdekor-base-10l\/#primaryimage\"},\"image\":{\"@id\":\"https:\/\/justbuildit.eu\/en\/pood\/varvid-ja-viimistlusmaterjalid\/krundid\/puitpindade-immutuskrunt-teksturdekor-base-10l\/#primaryimage\"},\"thumbnailUrl\":\"https:\/\/justbuildit.eu\/wp-content\/uploads\/2022\/08\/teksturdekorbase-10L.jpg\",\"datePublished\":\"2022-08-24T09:48:22+00:00\",\"dateModified\":\"2026-04-16T09:06:32+00:00\",\"description\":\"Lahustip\u00f5hine immutusvahend sise \u2013ja v\u00e4listingimustes asuvate puitpindade kruntimiseks enne v\u00e4rvimist. Soovitatakse pindade kruntimiseks enne nende v\u00e4rvimist vesilahustuvate v\u00e4rvide v\u00f5i lahusti baasil emailv\u00e4rvidega, mis on ette n\u00e4htud puitpindade viimistlemiseks.Sobib t\u00f6\u00f6stuslikuks kasutamiseks.\",\"breadcrumb\":{\"@id\":\"https:\/\/justbuildit.eu\/en\/pood\/varvid-ja-viimistlusmaterjalid\/krundid\/puitpindade-immutuskrunt-teksturdekor-base-10l\/#breadcrumb\"},\"inLanguage\":\"en-US\",\"potentialAction\":[{\"@type\":\"ReadAction\",\"target\":[\"https:\/\/justbuildit.eu\/en\/pood\/varvid-ja-viimistlusmaterjalid\/krundid\/puitpindade-immutuskrunt-teksturdekor-base-10l\/\"]}]},{\"@type\":\"ImageObject\",\"inLanguage\":\"en-US\",\"@id\":\"https:\/\/justbuildit.eu\/en\/pood\/varvid-ja-viimistlusmaterjalid\/krundid\/puitpindade-immutuskrunt-teksturdekor-base-10l\/#primaryimage\",\"url\":\"https:\/\/justbuildit.eu\/wp-content\/uploads\/2022\/08\/teksturdekorbase-10L.jpg\",\"contentUrl\":\"https:\/\/justbuildit.eu\/wp-content\/uploads\/2022\/08\/teksturdekorbase-10L.jpg\",\"width\":638,\"height\":638},{\"@type\":\"BreadcrumbList\",\"@id\":\"https:\/\/justbuildit.eu\/en\/pood\/varvid-ja-viimistlusmaterjalid\/krundid\/puitpindade-immutuskrunt-teksturdekor-base-10l\/#breadcrumb\",\"itemListElement\":[{\"@type\":\"ListItem\",\"position\":1,\"name\":\"Home\",\"item\":\"https:\/\/justbuildit.eu\/en\/\"},{\"@type\":\"ListItem\",\"position\":2,\"name\":\"Shop\",\"item\":\"https:\/\/justbuildit.eu\/en\/building-materials\/\"},{\"@type\":\"ListItem\",\"position\":3,\"name\":\"PUITPINDADE IMMUTUSKRUNT TEKSTURDEKOR BASE 10L\"}]},{\"@type\":\"WebSite\",\"@id\":\"https:\/\/justbuildit.eu\/en\/#website\",\"url\":\"https:\/\/justbuildit.eu\/en\/\",\"name\":\"Ehituslahendused\",\"description\":\"Ehituslahendused ja materjalid\",\"publisher\":{\"@id\":\"https:\/\/justbuildit.eu\/en\/#organization\"},\"potentialAction\":[{\"@type\":\"SearchAction\",\"target\":{\"@type\":\"EntryPoint\",\"urlTemplate\":\"https:\/\/justbuildit.eu\/en\/?s={search_term_string}\"},\"query-input\":{\"@type\":\"PropertyValueSpecification\",\"valueRequired\":true,\"valueName\":\"search_term_string\"}}],\"inLanguage\":\"en-US\"},{\"@type\":\"Organization\",\"@id\":\"https:\/\/justbuildit.eu\/en\/#organization\",\"name\":\"Just Build It O\u00dc\",\"url\":\"https:\/\/justbuildit.eu\/en\/\",\"logo\":{\"@type\":\"ImageObject\",\"inLanguage\":\"en-US\",\"@id\":\"https:\/\/justbuildit.eu\/en\/#\/schema\/logo\/image\/\",\"url\":\"https:\/\/justbuildit.eu\/wp-content\/uploads\/2022\/01\/justbuildit.png\",\"contentUrl\":\"https:\/\/justbuildit.eu\/wp-content\/uploads\/2022\/01\/justbuildit.png\",\"width\":173,\"height\":77,\"caption\":\"Just Build It O\u00dc\"},\"image\":{\"@id\":\"https:\/\/justbuildit.eu\/en\/#\/schema\/logo\/image\/\"},\"sameAs\":[\"https:\/\/www.facebook.com\/justbuildit.ee\"]}]}<\/script>\n<!-- \/ Yoast SEO Premium plugin. -->","yoast_head_json":{"title":"PUITPINDADE IMMUTUSKRUNT TEKSTURDEKOR BASE 10L - Ehituslahendused","description":"Lahustip\u00f5hine immutusvahend sise \u2013ja v\u00e4listingimustes asuvate puitpindade kruntimiseks enne v\u00e4rvimist. Soovitatakse pindade kruntimiseks enne nende v\u00e4rvimist vesilahustuvate v\u00e4rvide v\u00f5i lahusti baasil emailv\u00e4rvidega, mis on ette n\u00e4htud puitpindade viimistlemiseks.Sobib t\u00f6\u00f6stuslikuks kasutamiseks.","robots":{"index":"index","follow":"follow","max-snippet":"max-snippet:-1","max-image-preview":"max-image-preview:large","max-video-preview":"max-video-preview:-1"},"canonical":"https:\/\/justbuildit.eu\/en\/pood\/varvid-ja-viimistlusmaterjalid\/krundid\/puitpindade-immutuskrunt-teksturdekor-base-10l\/","og_locale":"en_US","og_type":"article","og_title":"PUITPINDADE IMMUTUSKRUNT TEKSTURDEKOR BASE 10L","og_description":"Lahustip\u00f5hine immutusvahend sise \u2013ja v\u00e4listingimustes asuvate puitpindade kruntimiseks enne v\u00e4rvimist. Soovitatakse pindade kruntimiseks enne nende v\u00e4rvimist vesilahustuvate v\u00e4rvide v\u00f5i lahusti baasil emailv\u00e4rvidega, mis on ette n\u00e4htud puitpindade viimistlemiseks.Sobib t\u00f6\u00f6stuslikuks kasutamiseks.","og_url":"https:\/\/justbuildit.eu\/en\/pood\/varvid-ja-viimistlusmaterjalid\/krundid\/puitpindade-immutuskrunt-teksturdekor-base-10l\/","og_site_name":"Ehituslahendused","article_publisher":"https:\/\/www.facebook.com\/justbuildit.ee","article_modified_time":"2026-04-16T09:06:32+00:00","og_image":[{"width":638,"height":638,"url":"https:\/\/justbuildit.eu\/wp-content\/uploads\/2022\/08\/teksturdekorbase-10L.jpg","type":"image\/jpeg"}],"twitter_card":"summary_large_image","schema":{"@context":"https:\/\/schema.org","@graph":[{"@type":"WebPage","@id":"https:\/\/justbuildit.eu\/en\/pood\/varvid-ja-viimistlusmaterjalid\/krundid\/puitpindade-immutuskrunt-teksturdekor-base-10l\/","url":"https:\/\/justbuildit.eu\/en\/pood\/varvid-ja-viimistlusmaterjalid\/krundid\/puitpindade-immutuskrunt-teksturdekor-base-10l\/","name":"PUITPINDADE IMMUTUSKRUNT TEKSTURDEKOR BASE 10L - Ehituslahendused","isPartOf":{"@id":"https:\/\/justbuildit.eu\/en\/#website"},"primaryImageOfPage":{"@id":"https:\/\/justbuildit.eu\/en\/pood\/varvid-ja-viimistlusmaterjalid\/krundid\/puitpindade-immutuskrunt-teksturdekor-base-10l\/#primaryimage"},"image":{"@id":"https:\/\/justbuildit.eu\/en\/pood\/varvid-ja-viimistlusmaterjalid\/krundid\/puitpindade-immutuskrunt-teksturdekor-base-10l\/#primaryimage"},"thumbnailUrl":"https:\/\/justbuildit.eu\/wp-content\/uploads\/2022\/08\/teksturdekorbase-10L.jpg","datePublished":"2022-08-24T09:48:22+00:00","dateModified":"2026-04-16T09:06:32+00:00","description":"Lahustip\u00f5hine immutusvahend sise \u2013ja v\u00e4listingimustes asuvate puitpindade kruntimiseks enne v\u00e4rvimist. Soovitatakse pindade kruntimiseks enne nende v\u00e4rvimist vesilahustuvate v\u00e4rvide v\u00f5i lahusti baasil emailv\u00e4rvidega, mis on ette n\u00e4htud puitpindade viimistlemiseks.Sobib t\u00f6\u00f6stuslikuks kasutamiseks.","breadcrumb":{"@id":"https:\/\/justbuildit.eu\/en\/pood\/varvid-ja-viimistlusmaterjalid\/krundid\/puitpindade-immutuskrunt-teksturdekor-base-10l\/#breadcrumb"},"inLanguage":"en-US","potentialAction":[{"@type":"ReadAction","target":["https:\/\/justbuildit.eu\/en\/pood\/varvid-ja-viimistlusmaterjalid\/krundid\/puitpindade-immutuskrunt-teksturdekor-base-10l\/"]}]},{"@type":"ImageObject","inLanguage":"en-US","@id":"https:\/\/justbuildit.eu\/en\/pood\/varvid-ja-viimistlusmaterjalid\/krundid\/puitpindade-immutuskrunt-teksturdekor-base-10l\/#primaryimage","url":"https:\/\/justbuildit.eu\/wp-content\/uploads\/2022\/08\/teksturdekorbase-10L.jpg","contentUrl":"https:\/\/justbuildit.eu\/wp-content\/uploads\/2022\/08\/teksturdekorbase-10L.jpg","width":638,"height":638},{"@type":"BreadcrumbList","@id":"https:\/\/justbuildit.eu\/en\/pood\/varvid-ja-viimistlusmaterjalid\/krundid\/puitpindade-immutuskrunt-teksturdekor-base-10l\/#breadcrumb","itemListElement":[{"@type":"ListItem","position":1,"name":"Home","item":"https:\/\/justbuildit.eu\/en\/"},{"@type":"ListItem","position":2,"name":"Shop","item":"https:\/\/justbuildit.eu\/en\/building-materials\/"},{"@type":"ListItem","position":3,"name":"PUITPINDADE IMMUTUSKRUNT TEKSTURDEKOR BASE 10L"}]},{"@type":"WebSite","@id":"https:\/\/justbuildit.eu\/en\/#website","url":"https:\/\/justbuildit.eu\/en\/","name":"Ehituslahendused","description":"Ehituslahendused ja materjalid","publisher":{"@id":"https:\/\/justbuildit.eu\/en\/#organization"},"potentialAction":[{"@type":"SearchAction","target":{"@type":"EntryPoint","urlTemplate":"https:\/\/justbuildit.eu\/en\/?s={search_term_string}"},"query-input":{"@type":"PropertyValueSpecification","valueRequired":true,"valueName":"search_term_string"}}],"inLanguage":"en-US"},{"@type":"Organization","@id":"https:\/\/justbuildit.eu\/en\/#organization","name":"Just Build It O\u00dc","url":"https:\/\/justbuildit.eu\/en\/","logo":{"@type":"ImageObject","inLanguage":"en-US","@id":"https:\/\/justbuildit.eu\/en\/#\/schema\/logo\/image\/","url":"https:\/\/justbuildit.eu\/wp-content\/uploads\/2022\/01\/justbuildit.png","contentUrl":"https:\/\/justbuildit.eu\/wp-content\/uploads\/2022\/01\/justbuildit.png","width":173,"height":77,"caption":"Just Build It O\u00dc"},"image":{"@id":"https:\/\/justbuildit.eu\/en\/#\/schema\/logo\/image\/"},"sameAs":["https:\/\/www.facebook.com\/justbuildit.ee"]}]}},"_links":{"self":[{"href":"https:\/\/justbuildit.eu\/en\/wp-json\/wp\/v2\/product\/135489","targetHints":{"allow":["GET"]}}],"collection":[{"href":"https:\/\/justbuildit.eu\/en\/wp-json\/wp\/v2\/product"}],"about":[{"href":"https:\/\/justbuildit.eu\/en\/wp-json\/wp\/v2\/types\/product"}],"replies":[{"embeddable":true,"href":"https:\/\/justbuildit.eu\/en\/wp-json\/wp\/v2\/comments?post=135489"}],"wp:featuredmedia":[{"embeddable":true,"href":"https:\/\/justbuildit.eu\/en\/wp-json\/wp\/v2\/media\/135490"}],"wp:attachment":[{"href":"https:\/\/justbuildit.eu\/en\/wp-json\/wp\/v2\/media?parent=135489"}],"wp:term":[{"taxonomy":"product_brand","embeddable":true,"href":"https:\/\/justbuildit.eu\/en\/wp-json\/wp\/v2\/product_brand?post=135489"},{"taxonomy":"product_cat","embeddable":true,"href":"https:\/\/justbuildit.eu\/en\/wp-json\/wp\/v2\/product_cat?post=135489"},{"taxonomy":"product_tag","embeddable":true,"href":"https:\/\/justbuildit.eu\/en\/wp-json\/wp\/v2\/product_tag?post=135489"}],"curies":[{"name":"wp","href":"https:\/\/api.w.org\/{rel}","templated":true}]}}