{"id":141063,"date":"2022-09-03T08:43:11","date_gmt":"2022-09-03T05:43:11","guid":{"rendered":"https:\/\/justbuildit.eu\/?post_type=product&#038;p=141063"},"modified":"2026-04-11T12:06:04","modified_gmt":"2026-04-11T09:06:04","slug":"mineraalne-kuivsegu-capatect-klebe-und-armierungsmasse-186m-25kg","status":"publish","type":"product","link":"https:\/\/justbuildit.eu\/en\/pood\/pahtlid-krohvisegud\/krohvid\/mineraalne-kuivsegu-capatect-klebe-und-armierungsmasse-186m-25kg\/","title":{"rendered":"MINERAALNE KUIVSEGU CAPATECT KLEBE- UND ARMIERUNGSMASSE 186M 25KG"},"content":{"rendered":"<div class=\"row\"  id=\"row-181341771\">\n<div id=\"col-628726568\" class=\"col medium-9 small-12 large-9\"  >\n<div class=\"col-inner\"  >\n<h2>Mineraalne kuivsegu Capatect Klebe- und Armierungsmasse 186M<\/h2>\n<p>Mineraalne kuivsegu soojustusplaatide liimimiseks ning armeerimiseks. Sobib ka masinaga kasutamiseks.<\/p>\n<div class=\"message-box relative\" style=\"padding-top:15px;padding-bottom:15px;\">\n<div class=\"message-box-bg-image bg-fill fill\" ><\/div>\n<div class=\"message-box-bg-overlay bg-fill fill\" ><\/div>\n<div class=\"container relative\">\n<div class=\"inner last-reset\">\n<div class=\"row align-middle align-center\"  id=\"row-1113555604\">\n<div id=\"col-841750969\" class=\"col small-12 large-12\"  >\n<div class=\"col-inner text-left\"  >\n<h4>Omadused<\/h4>\n<div class=\"row\"  id=\"row-1034270438\">\n<div id=\"col-988982094\" class=\"col medium-6 small-12 large-6\"  >\n<div class=\"col-inner\"  >\n<p><i class=\"fa fa-check fa-2x\"><\/i> <strong>Ilmastikukindel, vett-t\u00f5rjuv<\/strong><\/p>\n<p><i class=\"fa fa-check fa-2x\"><\/i> <strong>V\u00e4ga hea veeaurul\u00e4bilaskvus<\/strong><\/p>\n<\/p>\n<\/div>\n<style>\n#col-988982094 > .col-inner {\n  margin: 0px 0px 15px 0px;\n}\n<\/style>\n<\/p>\n<\/div>\n<div id=\"col-875270480\" class=\"col medium-6 small-12 large-6\"  >\n<div class=\"col-inner\"  >\n<p><i class=\"fa fa-check fa-2x\"><\/i> <strong>Pikk pealekandmisaeg<\/strong><\/p>\n<p><i class=\"fa fa-check fa-2x\"><\/i> <strong>Hea kinnituvus<\/strong><\/p>\n<\/p>\n<\/div>\n<style>\n#col-875270480 > .col-inner {\n  margin: 0px 0px 15px 0px;\n}\n<\/style>\n<\/p>\n<\/div>\n<\/div>\n<\/div>\n<\/div>\n<\/div>\n<\/div>\n<\/div>\n<\/div>\n<div id=\"gap-1066927719\" class=\"gap-element clearfix\" style=\"display:block; height:auto;\">\n<style>\n#gap-1066927719 {\n  padding-top: 30px;\n}\n<\/style>\n<\/p>\n<\/div>\n<h3>Kasutamise \u00fcksikasjad<\/h3>\n<p><strong>Kasutusala:<\/strong> Liim ja armeerimissegu, m\u00f5eldud spetsiaalselt masinaga pinnalekandmiseks. Sobib kasutamiseks Capatect soojusisolatsiooni liits\u00fcsteemides (SILS) A ja B ning Capatecti tuulutatavates fassaadi-soojustuse s\u00fcsteemis (VHF).<\/p>\n<p><strong>Ohutus:<\/strong> See mineraalne kuivsegu reageerib leeliseliselt. \u00c4rritab nahka. Silmade kahjustamise t\u00f5sine oht. Hoida lastele k\u00e4ttesaamatus kohas. V\u00e4ltida sattumist nahale ja silma. Silma sattumisel loputada kohe rohke veega ja p\u00f6\u00f6rduda arsti poole. Kanda sobivaid kaitsekindaid ja silmade v\u00f5i n\u00e4okaitset. Allaneelamise korral p\u00f6\u00f6rduda viivitamatult arsti poole ja n\u00e4idata talle pakendit v\u00f5i etiketti. Tolmu mitte sisse hingata.<\/p>\n<\/p>\n<\/div>\n<\/div>\n<div id=\"col-1966577\" class=\"col medium-3 small-12 large-3\"  >\n<div class=\"col-inner\"  >\n<div id=\"gap-2101681860\" class=\"gap-element clearfix\" style=\"display:block; height:auto;\">\n<style>\n#gap-2101681860 {\n  padding-top: 30px;\n}\n<\/style>\n<\/p>\n<\/div>\n<h3>Tehniline informatsioon<\/h3>\n<p><a href=\"https:\/\/espak.ee\/epood\/wp-content\/uploads\/Mineraalne-kuivsegu-Capatect-Klebe-und-Armierungsmasse-186M-tooteleht.pdf\" target=\"_blank\" rel=\"noopener noreferrer\"><i class=\"far fa-file-pdf\"><\/i> Tehniline info (PDF)<\/a><\/p>\n<h3>Ohutusalane teave<\/h3>\n<p><a href=\"https:\/\/espak.ee\/epood\/wp-content\/uploads\/Mineraalne-kuivsegu-Capatect-Klebe-und-Armierungsmasse-186M-ohutuskaart.pdf\" target=\"_blank\" rel=\"noopener noreferrer\"><i class=\"far fa-file-pdf\"><\/i> Ohutusalane teave (PDF)<\/a><\/p>\n<div class=\"is-divider divider clearfix\" ><\/div>\n<p><strong>\u00dcksikasjalikuma n\u00f5u saamiseks v\u00f5tke \u00fchendust:<br \/><\/strong>SIA DAW Baltica Eesti filiaal<br \/>L\u00e4ike tee 2\/1<br \/>75312<br \/>Peetri alevik, Rae vald<br \/>+372 6000690<\/p>\n<div class=\"is-divider divider clearfix\" ><\/div>\n<\/p>\n<\/div>\n<\/div>\n<\/div>\n","protected":false},"excerpt":{"rendered":"<p>Mineraalne kuivsegu soojustusplaatide liimimiseks ning armeerimiseks. Sobib ka masinaga kasutamiseks.<\/p>","protected":false},"featured_media":141064,"comment_status":"open","ping_status":"closed","template":"","meta":{"_acf_changed":false},"product_brand":[],"product_cat":[92,91,498],"product_tag":[],"class_list":{"0":"post-141063","1":"product","2":"type-product","3":"status-publish","4":"has-post-thumbnail","6":"product_cat-krohvid","7":"product_cat-pahtlid-krohvisegud","8":"product_cat-espak","10":"first","11":"instock","12":"sale","13":"shipping-taxable","14":"purchasable","15":"product-type-simple"},"acf":[],"yoast_head":"<!-- This site is optimized with the Yoast SEO Premium plugin v18.7 (Yoast SEO v26.5) - https:\/\/yoast.com\/wordpress\/plugins\/seo\/ -->\n<title>MINERAALNE KUIVSEGU CAPATECT KLEBE- UND ARMIERUNGSMASSE 186M 25KG - Ehituslahendused<\/title>\n<meta name=\"description\" content=\"Liim ja armeerimissegu, m\u00f5eldud spetsiaalselt masinaga pinnalekandmiseks. Sobib kasutamiseks Capatect soojusisolatsiooni liits\u00fcsteemides (SILS) A ja B ning Capatecti tuulutatavates fassaadi-soojustuse s\u00fcsteemis (VHF).\" \/>\n<meta name=\"robots\" content=\"index, follow, max-snippet:-1, max-image-preview:large, max-video-preview:-1\" \/>\n<link rel=\"canonical\" href=\"https:\/\/justbuildit.eu\/en\/pood\/pahtlid-krohvisegud\/krohvid\/mineraalne-kuivsegu-capatect-klebe-und-armierungsmasse-186m-25kg\/\" \/>\n<meta property=\"og:locale\" content=\"en_US\" \/>\n<meta property=\"og:type\" content=\"article\" \/>\n<meta property=\"og:title\" content=\"MINERAALNE KUIVSEGU CAPATECT KLEBE- UND ARMIERUNGSMASSE 186M 25KG\" \/>\n<meta property=\"og:description\" content=\"Liim ja armeerimissegu, m\u00f5eldud spetsiaalselt masinaga pinnalekandmiseks. Sobib kasutamiseks Capatect soojusisolatsiooni liits\u00fcsteemides (SILS) A ja B ning Capatecti tuulutatavates fassaadi-soojustuse s\u00fcsteemis (VHF).\" \/>\n<meta property=\"og:url\" content=\"https:\/\/justbuildit.eu\/en\/pood\/pahtlid-krohvisegud\/krohvid\/mineraalne-kuivsegu-capatect-klebe-und-armierungsmasse-186m-25kg\/\" \/>\n<meta property=\"og:site_name\" content=\"Ehituslahendused\" \/>\n<meta property=\"article:publisher\" content=\"https:\/\/www.facebook.com\/justbuildit.ee\" \/>\n<meta property=\"article:modified_time\" content=\"2026-04-11T09:06:04+00:00\" \/>\n<meta property=\"og:image\" content=\"https:\/\/justbuildit.eu\/wp-content\/uploads\/2022\/09\/caparol-186m-new.png\" \/>\n\t<meta property=\"og:image:width\" content=\"1600\" \/>\n\t<meta property=\"og:image:height\" content=\"1000\" \/>\n\t<meta property=\"og:image:type\" content=\"image\/png\" \/>\n<meta name=\"twitter:card\" content=\"summary_large_image\" \/>\n<script type=\"application\/ld+json\" class=\"yoast-schema-graph\">{\"@context\":\"https:\/\/schema.org\",\"@graph\":[{\"@type\":\"WebPage\",\"@id\":\"https:\/\/justbuildit.eu\/en\/pood\/pahtlid-krohvisegud\/krohvid\/mineraalne-kuivsegu-capatect-klebe-und-armierungsmasse-186m-25kg\/\",\"url\":\"https:\/\/justbuildit.eu\/en\/pood\/pahtlid-krohvisegud\/krohvid\/mineraalne-kuivsegu-capatect-klebe-und-armierungsmasse-186m-25kg\/\",\"name\":\"MINERAALNE KUIVSEGU CAPATECT KLEBE- UND ARMIERUNGSMASSE 186M 25KG - Ehituslahendused\",\"isPartOf\":{\"@id\":\"https:\/\/justbuildit.eu\/en\/#website\"},\"primaryImageOfPage\":{\"@id\":\"https:\/\/justbuildit.eu\/en\/pood\/pahtlid-krohvisegud\/krohvid\/mineraalne-kuivsegu-capatect-klebe-und-armierungsmasse-186m-25kg\/#primaryimage\"},\"image\":{\"@id\":\"https:\/\/justbuildit.eu\/en\/pood\/pahtlid-krohvisegud\/krohvid\/mineraalne-kuivsegu-capatect-klebe-und-armierungsmasse-186m-25kg\/#primaryimage\"},\"thumbnailUrl\":\"https:\/\/justbuildit.eu\/wp-content\/uploads\/2022\/09\/caparol-186m-new.png\",\"datePublished\":\"2022-09-03T05:43:11+00:00\",\"dateModified\":\"2026-04-11T09:06:04+00:00\",\"description\":\"Liim ja armeerimissegu, m\u00f5eldud spetsiaalselt masinaga pinnalekandmiseks. Sobib kasutamiseks Capatect soojusisolatsiooni liits\u00fcsteemides (SILS) A ja B ning Capatecti tuulutatavates fassaadi-soojustuse s\u00fcsteemis (VHF).\",\"breadcrumb\":{\"@id\":\"https:\/\/justbuildit.eu\/en\/pood\/pahtlid-krohvisegud\/krohvid\/mineraalne-kuivsegu-capatect-klebe-und-armierungsmasse-186m-25kg\/#breadcrumb\"},\"inLanguage\":\"en-US\",\"potentialAction\":[{\"@type\":\"ReadAction\",\"target\":[\"https:\/\/justbuildit.eu\/en\/pood\/pahtlid-krohvisegud\/krohvid\/mineraalne-kuivsegu-capatect-klebe-und-armierungsmasse-186m-25kg\/\"]}]},{\"@type\":\"ImageObject\",\"inLanguage\":\"en-US\",\"@id\":\"https:\/\/justbuildit.eu\/en\/pood\/pahtlid-krohvisegud\/krohvid\/mineraalne-kuivsegu-capatect-klebe-und-armierungsmasse-186m-25kg\/#primaryimage\",\"url\":\"https:\/\/justbuildit.eu\/wp-content\/uploads\/2022\/09\/caparol-186m-new.png\",\"contentUrl\":\"https:\/\/justbuildit.eu\/wp-content\/uploads\/2022\/09\/caparol-186m-new.png\",\"width\":1600,\"height\":1000},{\"@type\":\"BreadcrumbList\",\"@id\":\"https:\/\/justbuildit.eu\/en\/pood\/pahtlid-krohvisegud\/krohvid\/mineraalne-kuivsegu-capatect-klebe-und-armierungsmasse-186m-25kg\/#breadcrumb\",\"itemListElement\":[{\"@type\":\"ListItem\",\"position\":1,\"name\":\"Home\",\"item\":\"https:\/\/justbuildit.eu\/en\/\"},{\"@type\":\"ListItem\",\"position\":2,\"name\":\"Shop\",\"item\":\"https:\/\/justbuildit.eu\/en\/building-materials\/\"},{\"@type\":\"ListItem\",\"position\":3,\"name\":\"MINERAALNE KUIVSEGU CAPATECT KLEBE- UND ARMIERUNGSMASSE 186M 25KG\"}]},{\"@type\":\"WebSite\",\"@id\":\"https:\/\/justbuildit.eu\/en\/#website\",\"url\":\"https:\/\/justbuildit.eu\/en\/\",\"name\":\"Ehituslahendused\",\"description\":\"Ehituslahendused ja materjalid\",\"publisher\":{\"@id\":\"https:\/\/justbuildit.eu\/en\/#organization\"},\"potentialAction\":[{\"@type\":\"SearchAction\",\"target\":{\"@type\":\"EntryPoint\",\"urlTemplate\":\"https:\/\/justbuildit.eu\/en\/?s={search_term_string}\"},\"query-input\":{\"@type\":\"PropertyValueSpecification\",\"valueRequired\":true,\"valueName\":\"search_term_string\"}}],\"inLanguage\":\"en-US\"},{\"@type\":\"Organization\",\"@id\":\"https:\/\/justbuildit.eu\/en\/#organization\",\"name\":\"Just Build It O\u00dc\",\"url\":\"https:\/\/justbuildit.eu\/en\/\",\"logo\":{\"@type\":\"ImageObject\",\"inLanguage\":\"en-US\",\"@id\":\"https:\/\/justbuildit.eu\/en\/#\/schema\/logo\/image\/\",\"url\":\"https:\/\/justbuildit.eu\/wp-content\/uploads\/2022\/01\/justbuildit.png\",\"contentUrl\":\"https:\/\/justbuildit.eu\/wp-content\/uploads\/2022\/01\/justbuildit.png\",\"width\":173,\"height\":77,\"caption\":\"Just Build It O\u00dc\"},\"image\":{\"@id\":\"https:\/\/justbuildit.eu\/en\/#\/schema\/logo\/image\/\"},\"sameAs\":[\"https:\/\/www.facebook.com\/justbuildit.ee\"]}]}<\/script>\n<!-- \/ Yoast SEO Premium plugin. -->","yoast_head_json":{"title":"MINERAALNE KUIVSEGU CAPATECT KLEBE- UND ARMIERUNGSMASSE 186M 25KG - Ehituslahendused","description":"Liim ja armeerimissegu, m\u00f5eldud spetsiaalselt masinaga pinnalekandmiseks. Sobib kasutamiseks Capatect soojusisolatsiooni liits\u00fcsteemides (SILS) A ja B ning Capatecti tuulutatavates fassaadi-soojustuse s\u00fcsteemis (VHF).","robots":{"index":"index","follow":"follow","max-snippet":"max-snippet:-1","max-image-preview":"max-image-preview:large","max-video-preview":"max-video-preview:-1"},"canonical":"https:\/\/justbuildit.eu\/en\/pood\/pahtlid-krohvisegud\/krohvid\/mineraalne-kuivsegu-capatect-klebe-und-armierungsmasse-186m-25kg\/","og_locale":"en_US","og_type":"article","og_title":"MINERAALNE KUIVSEGU CAPATECT KLEBE- UND ARMIERUNGSMASSE 186M 25KG","og_description":"Liim ja armeerimissegu, m\u00f5eldud spetsiaalselt masinaga pinnalekandmiseks. Sobib kasutamiseks Capatect soojusisolatsiooni liits\u00fcsteemides (SILS) A ja B ning Capatecti tuulutatavates fassaadi-soojustuse s\u00fcsteemis (VHF).","og_url":"https:\/\/justbuildit.eu\/en\/pood\/pahtlid-krohvisegud\/krohvid\/mineraalne-kuivsegu-capatect-klebe-und-armierungsmasse-186m-25kg\/","og_site_name":"Ehituslahendused","article_publisher":"https:\/\/www.facebook.com\/justbuildit.ee","article_modified_time":"2026-04-11T09:06:04+00:00","og_image":[{"width":1600,"height":1000,"url":"https:\/\/justbuildit.eu\/wp-content\/uploads\/2022\/09\/caparol-186m-new.png","type":"image\/png"}],"twitter_card":"summary_large_image","schema":{"@context":"https:\/\/schema.org","@graph":[{"@type":"WebPage","@id":"https:\/\/justbuildit.eu\/en\/pood\/pahtlid-krohvisegud\/krohvid\/mineraalne-kuivsegu-capatect-klebe-und-armierungsmasse-186m-25kg\/","url":"https:\/\/justbuildit.eu\/en\/pood\/pahtlid-krohvisegud\/krohvid\/mineraalne-kuivsegu-capatect-klebe-und-armierungsmasse-186m-25kg\/","name":"MINERAALNE KUIVSEGU CAPATECT KLEBE- UND ARMIERUNGSMASSE 186M 25KG - Ehituslahendused","isPartOf":{"@id":"https:\/\/justbuildit.eu\/en\/#website"},"primaryImageOfPage":{"@id":"https:\/\/justbuildit.eu\/en\/pood\/pahtlid-krohvisegud\/krohvid\/mineraalne-kuivsegu-capatect-klebe-und-armierungsmasse-186m-25kg\/#primaryimage"},"image":{"@id":"https:\/\/justbuildit.eu\/en\/pood\/pahtlid-krohvisegud\/krohvid\/mineraalne-kuivsegu-capatect-klebe-und-armierungsmasse-186m-25kg\/#primaryimage"},"thumbnailUrl":"https:\/\/justbuildit.eu\/wp-content\/uploads\/2022\/09\/caparol-186m-new.png","datePublished":"2022-09-03T05:43:11+00:00","dateModified":"2026-04-11T09:06:04+00:00","description":"Liim ja armeerimissegu, m\u00f5eldud spetsiaalselt masinaga pinnalekandmiseks. Sobib kasutamiseks Capatect soojusisolatsiooni liits\u00fcsteemides (SILS) A ja B ning Capatecti tuulutatavates fassaadi-soojustuse s\u00fcsteemis (VHF).","breadcrumb":{"@id":"https:\/\/justbuildit.eu\/en\/pood\/pahtlid-krohvisegud\/krohvid\/mineraalne-kuivsegu-capatect-klebe-und-armierungsmasse-186m-25kg\/#breadcrumb"},"inLanguage":"en-US","potentialAction":[{"@type":"ReadAction","target":["https:\/\/justbuildit.eu\/en\/pood\/pahtlid-krohvisegud\/krohvid\/mineraalne-kuivsegu-capatect-klebe-und-armierungsmasse-186m-25kg\/"]}]},{"@type":"ImageObject","inLanguage":"en-US","@id":"https:\/\/justbuildit.eu\/en\/pood\/pahtlid-krohvisegud\/krohvid\/mineraalne-kuivsegu-capatect-klebe-und-armierungsmasse-186m-25kg\/#primaryimage","url":"https:\/\/justbuildit.eu\/wp-content\/uploads\/2022\/09\/caparol-186m-new.png","contentUrl":"https:\/\/justbuildit.eu\/wp-content\/uploads\/2022\/09\/caparol-186m-new.png","width":1600,"height":1000},{"@type":"BreadcrumbList","@id":"https:\/\/justbuildit.eu\/en\/pood\/pahtlid-krohvisegud\/krohvid\/mineraalne-kuivsegu-capatect-klebe-und-armierungsmasse-186m-25kg\/#breadcrumb","itemListElement":[{"@type":"ListItem","position":1,"name":"Home","item":"https:\/\/justbuildit.eu\/en\/"},{"@type":"ListItem","position":2,"name":"Shop","item":"https:\/\/justbuildit.eu\/en\/building-materials\/"},{"@type":"ListItem","position":3,"name":"MINERAALNE KUIVSEGU CAPATECT KLEBE- UND ARMIERUNGSMASSE 186M 25KG"}]},{"@type":"WebSite","@id":"https:\/\/justbuildit.eu\/en\/#website","url":"https:\/\/justbuildit.eu\/en\/","name":"Ehituslahendused","description":"Ehituslahendused ja materjalid","publisher":{"@id":"https:\/\/justbuildit.eu\/en\/#organization"},"potentialAction":[{"@type":"SearchAction","target":{"@type":"EntryPoint","urlTemplate":"https:\/\/justbuildit.eu\/en\/?s={search_term_string}"},"query-input":{"@type":"PropertyValueSpecification","valueRequired":true,"valueName":"search_term_string"}}],"inLanguage":"en-US"},{"@type":"Organization","@id":"https:\/\/justbuildit.eu\/en\/#organization","name":"Just Build It O\u00dc","url":"https:\/\/justbuildit.eu\/en\/","logo":{"@type":"ImageObject","inLanguage":"en-US","@id":"https:\/\/justbuildit.eu\/en\/#\/schema\/logo\/image\/","url":"https:\/\/justbuildit.eu\/wp-content\/uploads\/2022\/01\/justbuildit.png","contentUrl":"https:\/\/justbuildit.eu\/wp-content\/uploads\/2022\/01\/justbuildit.png","width":173,"height":77,"caption":"Just Build It O\u00dc"},"image":{"@id":"https:\/\/justbuildit.eu\/en\/#\/schema\/logo\/image\/"},"sameAs":["https:\/\/www.facebook.com\/justbuildit.ee"]}]}},"_links":{"self":[{"href":"https:\/\/justbuildit.eu\/en\/wp-json\/wp\/v2\/product\/141063","targetHints":{"allow":["GET"]}}],"collection":[{"href":"https:\/\/justbuildit.eu\/en\/wp-json\/wp\/v2\/product"}],"about":[{"href":"https:\/\/justbuildit.eu\/en\/wp-json\/wp\/v2\/types\/product"}],"replies":[{"embeddable":true,"href":"https:\/\/justbuildit.eu\/en\/wp-json\/wp\/v2\/comments?post=141063"}],"wp:featuredmedia":[{"embeddable":true,"href":"https:\/\/justbuildit.eu\/en\/wp-json\/wp\/v2\/media\/141064"}],"wp:attachment":[{"href":"https:\/\/justbuildit.eu\/en\/wp-json\/wp\/v2\/media?parent=141063"}],"wp:term":[{"taxonomy":"product_brand","embeddable":true,"href":"https:\/\/justbuildit.eu\/en\/wp-json\/wp\/v2\/product_brand?post=141063"},{"taxonomy":"product_cat","embeddable":true,"href":"https:\/\/justbuildit.eu\/en\/wp-json\/wp\/v2\/product_cat?post=141063"},{"taxonomy":"product_tag","embeddable":true,"href":"https:\/\/justbuildit.eu\/en\/wp-json\/wp\/v2\/product_tag?post=141063"}],"curies":[{"name":"wp","href":"https:\/\/api.w.org\/{rel}","templated":true}]}}