{"id":160716,"date":"2022-10-15T11:57:27","date_gmt":"2022-10-15T08:57:27","guid":{"rendered":"https:\/\/justbuildit.eu\/?post_type=product&#038;p=160716"},"modified":"2026-04-18T12:05:52","modified_gmt":"2026-04-18T09:05:52","slug":"mitmeotstarbeline-liimvaht-penosil-speedfix-epsxps-878-750ml","status":"publish","type":"product","link":"https:\/\/justbuildit.eu\/en\/pood\/tihendusmaterjalid\/ehitusvahud\/mitmeotstarbeline-liimvaht-penosil-speedfix-epsxps-878-750ml\/","title":{"rendered":"MITMEOTSTARBELINE LIIMVAHT PENOSIL SPEEDFIX EPS&#038;XPS 878 750ML"},"content":{"rendered":"<div class=\"row\"  id=\"row-1861970365\">\n<div id=\"col-1104111964\" class=\"col medium-9 small-12 large-9\"  >\n<div class=\"col-inner\"  >\n<h3>Universaalne liimvaht Penosil SpeedFix EPS&#038;XPS 878 750ml<\/h3>\n<p>PENOSIL SpeedFix EPS&#038;XPS 878 on universaalne liimvaht erinevateks ehitust\u00f6\u00f6deks nii sise- kui ka v\u00e4listingimustes. Asendab tavalise segu v\u00f5i kruvidega kinnitamise lihtsama, kiirema, puhtama, vaiksema ja odavama lahendusega.<\/p>\n<div class=\"message-box relative\" style=\"padding-top:15px;padding-bottom:15px;\">\n<div class=\"message-box-bg-image bg-fill fill\" ><\/div>\n<div class=\"message-box-bg-overlay bg-fill fill\" ><\/div>\n<div class=\"container relative\">\n<div class=\"inner last-reset\">\n<div class=\"row align-middle align-center\"  id=\"row-1692446713\">\n<div id=\"col-1506245787\" class=\"col small-12 large-12\"  >\n<div class=\"col-inner text-left\"  >\n<h4>Omadused<\/h4>\n<div class=\"row\"  id=\"row-1894309629\">\n<div id=\"col-1705421896\" class=\"col medium-6 small-12 large-6\"  >\n<div class=\"col-inner\"  >\n<p><i class=\"fa fa-check fa-2x\"><\/i> <strong>Suurep\u00e4rased liimimis- ja tihendusomadused<\/strong><\/p>\n<p><i class=\"fa fa-check fa-2x\"><\/i> <strong>V\u00e4ike j\u00e4relpaisumine ja paisumissurve<\/strong><\/p>\n<\/p>\n<\/div>\n<style>\n#col-1705421896 > .col-inner {\n  margin: 0px 0px 15px 0px;\n}\n<\/style>\n<\/p>\n<\/div>\n<div id=\"col-1277900210\" class=\"col medium-6 small-12 large-6\"  >\n<div class=\"col-inner\"  >\n<p><i class=\"fa fa-check fa-2x\"><\/i> <strong>Lihtsam, kiirem, vaiksem, puhtam ja odavam lahendus v\u00f5rreldes t\u00fc\u00fcpiliste liimim\u00f6rtidega<\/strong><\/p>\n<p><i class=\"fa fa-check fa-2x\"><\/i> <strong>Saab kasutada vahup\u00fcstoliga v\u00f5i kaasas oleva EasyGun aplikaatoriga, mis<br \/>\nv\u00f5imaldab liimvahu kasutamist tihendamiseks kitsastes kohtades soojustuse v\u00f5i ehitusplaatide vahel<\/strong><\/p>\n<\/p>\n<\/div>\n<style>\n#col-1277900210 > .col-inner {\n  margin: 0px 0px 15px 0px;\n}\n<\/style>\n<\/p>\n<\/div>\n<\/div>\n<\/div>\n<\/div>\n<\/div>\n<\/div>\n<\/div>\n<\/div>\n<div id=\"gap-801174894\" class=\"gap-element clearfix\" style=\"display:block; height:auto;\">\n<style>\n#gap-801174894 {\n  padding-top: 30px;\n}\n<\/style>\n<\/p>\n<\/div>\n<h3>Kasutamise \u00fcksikasjad<\/h3>\n<p><strong>Kasutusalad:<\/strong> Soojustusplaatide paigaldamiseks fassaadidele ja soklitele.<br \/>\nAknalaudade paigaldamiseks.<br \/>\nSiseviimistlusplaatide seinale kinnitamiseks.<br \/>\nMittekandvate vaheseinte ehitusplokkide jaoks.<br \/>\nSoojustus- v\u00f5i ehitusplaatide vaheliste kitsaste kohtade tihendamiseks.<\/p>\n<p><strong>Kasutusjuhend:<\/strong> Hoidke liimiballoon p\u00fcstises asendis ja keerake see p\u00fcstolile, hoides \u00fche k\u00e4ega p\u00fcstoli k\u00e4epidemest ja keerates teise k\u00e4ega ballooni. Keeramise ajal \u00e4rge suunake p\u00fcstolit kellegi poole. \u00c4rge keerake ballooni p\u00fcstolile, ventiil allapoole suunatud, ega keerake p\u00fcstolit ballooni peal. P\u00e4rast ballooni \u00fchendamist loksutage seda j\u00f5uliselt v\u00e4hemalt 20 korda ja p\u00f6\u00f6rake t\u00f6\u00f6asendisse.<\/p>\n<p>Vahu hulka reguleerida p\u00fcstoli p\u00e4\u00e4stikuga. Kandke liimvaht \u00fchtlase joana paralleelselt soojustusplaadi servadele (3-4 cm plaadi servast) ja \u00fcks riba plaadi keskele paralleelselt pikema k\u00fcljega (vahekaugused kuni 25 cm). P\u00e4rast liimvahu soojustusplaadile kandmist oodake ligikaudu 2 minutit ja seej\u00e4rel suruge plaat seinale. Paigaldatud vahtpol\u00fcst\u00fcreenplaatide tasasust saab kohandada kuni 5 minutit. R\u00f5dude, lagede v\u00f5i pikkade s\u00f5restike jaoks kasutage kinnitustarvikuid.<\/p>\n<p>Aluspinna eelniisutamine tagab liimvahu kiirema tardumise ja paremad tulemused.<\/p>\n<p><strong>Kitsendused:<\/strong><br \/>\nLiimvaht ei nakku teflon-, pol\u00fcet\u00fcleen- ega silikoonpindadele.<br \/>\nTardunud liimvaht on UV-kiirguse ja p\u00e4ikesevalguse suhtes tundlik ning vajab katmist sobiva l\u00e4bipaistmatu materjaliga.<\/p>\n<\/p>\n<\/div>\n<\/div>\n<div id=\"col-1743231293\" class=\"col medium-3 small-12 large-3\"  >\n<div class=\"col-inner\"  >\n<div id=\"gap-1998611505\" class=\"gap-element clearfix\" style=\"display:block; height:auto;\">\n<style>\n#gap-1998611505 {\n  padding-top: 30px;\n}\n<\/style>\n<\/p>\n<\/div>\n<h3>Tehniline informatsioon<\/h3>\n<p><a href=\"https:\/\/espak.ee\/epood\/wp-content\/uploads\/2022\/04\/3241_PENOSIL_Premium_SpeedFix_EPSXPS_878_TDS_est.pdf\"target=\"_blank\" rel=\"noopener noreferrer\"><i class=\"far fa-file-pdf\"><\/i> Tehniline info (PDF)<\/a><\/p>\n<h3>Ohutusalane teave<\/h3>\n<p><a href=\"https:\/\/espak.ee\/epood\/wp-content\/uploads\/2022\/04\/31227_Penosil_Premium_SpeedFix_EPSXPS_878_SDS_et-EE.pdf\"target=\"_blank\" rel=\"noopener noreferrer\"><i class=\"far fa-file-pdf\"><\/i> Ohutuskaart (PDF)<\/a><\/p>\n<div class=\"is-divider divider clearfix\" ><\/div>\n<p><strong>\u00dcksikasjalikuma n\u00f5u saamiseks v\u00f5tke \u00fchendust:<br \/><\/strong>Wolf Group O\u00dc<br \/>Suur-Paala 6<br \/>13619<br \/>Tallinn<br \/>+372 605 9301<\/p>\n<\/p>\n<\/div>\n<\/div>\n<\/div>\n","protected":false},"excerpt":{"rendered":"<p>PENOSIL SpeedFix EPS&#038;XPS 878 on universaalne liimvaht erinevateks ehitust\u00f6\u00f6deks nii sise- kui ka v\u00e4listingimustes. Asendab tavalise segu v\u00f5i kruvidega kinnitamise lihtsama, kiirema, puhtama, vaiksema ja odavama lahendusega.<\/p>","protected":false},"featured_media":185946,"comment_status":"open","ping_status":"closed","template":"","meta":{"_acf_changed":false},"product_brand":[],"product_cat":[109,89,733,498],"product_tag":[],"class_list":{"0":"post-160716","1":"product","2":"type-product","3":"status-publish","4":"has-post-thumbnail","6":"product_cat-ehitusvahud","7":"product_cat-liimid","8":"product_cat-ehituskeemia","9":"product_cat-espak","11":"first","12":"instock","13":"sale","14":"featured","15":"shipping-taxable","16":"purchasable","17":"product-type-simple"},"acf":[],"yoast_head":"<!-- This site is optimized with the Yoast SEO Premium plugin v18.7 (Yoast SEO v26.5) - https:\/\/yoast.com\/wordpress\/plugins\/seo\/ -->\n<title>MITMEOTSTARBELINE LIIMVAHT PENOSIL SPEEDFIX EPS&amp;XPS 878 750ML - Ehituslahendused<\/title>\n<meta name=\"description\" content=\"Liimvaht, ehitusvaht, ehitusplaatide, aknalaudade ja soojustusplaatide liimimiseks\" \/>\n<meta name=\"robots\" content=\"index, follow, max-snippet:-1, max-image-preview:large, max-video-preview:-1\" \/>\n<link rel=\"canonical\" href=\"https:\/\/justbuildit.eu\/en\/pood\/tihendusmaterjalid\/ehitusvahud\/mitmeotstarbeline-liimvaht-penosil-speedfix-epsxps-878-750ml\/\" \/>\n<meta property=\"og:locale\" content=\"en_US\" \/>\n<meta property=\"og:type\" content=\"article\" \/>\n<meta property=\"og:title\" content=\"MITMEOTSTARBELINE LIIMVAHT PENOSIL SPEEDFIX EPS&amp;XPS 878 750ML\" \/>\n<meta property=\"og:description\" content=\"Liimvaht, ehitusvaht, ehitusplaatide, aknalaudade ja soojustusplaatide liimimiseks\" \/>\n<meta property=\"og:url\" content=\"https:\/\/justbuildit.eu\/en\/pood\/tihendusmaterjalid\/ehitusvahud\/mitmeotstarbeline-liimvaht-penosil-speedfix-epsxps-878-750ml\/\" \/>\n<meta property=\"og:site_name\" content=\"Ehituslahendused\" \/>\n<meta property=\"article:publisher\" content=\"https:\/\/www.facebook.com\/justbuildit.ee\" \/>\n<meta property=\"article:modified_time\" content=\"2026-04-18T09:05:52+00:00\" \/>\n<meta property=\"og:image\" content=\"https:\/\/justbuildit.eu\/wp-content\/uploads\/2022\/10\/878_SpeedFix_EPSjaXPS_878_EE_FI.png.jpg\" \/>\n\t<meta property=\"og:image:width\" content=\"800\" \/>\n\t<meta property=\"og:image:height\" content=\"800\" \/>\n\t<meta property=\"og:image:type\" content=\"image\/jpeg\" \/>\n<meta name=\"twitter:card\" content=\"summary_large_image\" \/>\n<script type=\"application\/ld+json\" class=\"yoast-schema-graph\">{\"@context\":\"https:\/\/schema.org\",\"@graph\":[{\"@type\":\"WebPage\",\"@id\":\"https:\/\/justbuildit.eu\/en\/pood\/tihendusmaterjalid\/ehitusvahud\/mitmeotstarbeline-liimvaht-penosil-speedfix-epsxps-878-750ml\/\",\"url\":\"https:\/\/justbuildit.eu\/en\/pood\/tihendusmaterjalid\/ehitusvahud\/mitmeotstarbeline-liimvaht-penosil-speedfix-epsxps-878-750ml\/\",\"name\":\"MITMEOTSTARBELINE LIIMVAHT PENOSIL SPEEDFIX EPS&XPS 878 750ML - Ehituslahendused\",\"isPartOf\":{\"@id\":\"https:\/\/justbuildit.eu\/en\/#website\"},\"primaryImageOfPage\":{\"@id\":\"https:\/\/justbuildit.eu\/en\/pood\/tihendusmaterjalid\/ehitusvahud\/mitmeotstarbeline-liimvaht-penosil-speedfix-epsxps-878-750ml\/#primaryimage\"},\"image\":{\"@id\":\"https:\/\/justbuildit.eu\/en\/pood\/tihendusmaterjalid\/ehitusvahud\/mitmeotstarbeline-liimvaht-penosil-speedfix-epsxps-878-750ml\/#primaryimage\"},\"thumbnailUrl\":\"https:\/\/justbuildit.eu\/wp-content\/uploads\/2022\/10\/878_SpeedFix_EPSjaXPS_878_EE_FI.png.jpg\",\"datePublished\":\"2022-10-15T08:57:27+00:00\",\"dateModified\":\"2026-04-18T09:05:52+00:00\",\"description\":\"Liimvaht, ehitusvaht, ehitusplaatide, aknalaudade ja soojustusplaatide liimimiseks\",\"breadcrumb\":{\"@id\":\"https:\/\/justbuildit.eu\/en\/pood\/tihendusmaterjalid\/ehitusvahud\/mitmeotstarbeline-liimvaht-penosil-speedfix-epsxps-878-750ml\/#breadcrumb\"},\"inLanguage\":\"en-US\",\"potentialAction\":[{\"@type\":\"ReadAction\",\"target\":[\"https:\/\/justbuildit.eu\/en\/pood\/tihendusmaterjalid\/ehitusvahud\/mitmeotstarbeline-liimvaht-penosil-speedfix-epsxps-878-750ml\/\"]}]},{\"@type\":\"ImageObject\",\"inLanguage\":\"en-US\",\"@id\":\"https:\/\/justbuildit.eu\/en\/pood\/tihendusmaterjalid\/ehitusvahud\/mitmeotstarbeline-liimvaht-penosil-speedfix-epsxps-878-750ml\/#primaryimage\",\"url\":\"https:\/\/justbuildit.eu\/wp-content\/uploads\/2022\/10\/878_SpeedFix_EPSjaXPS_878_EE_FI.png.jpg\",\"contentUrl\":\"https:\/\/justbuildit.eu\/wp-content\/uploads\/2022\/10\/878_SpeedFix_EPSjaXPS_878_EE_FI.png.jpg\",\"width\":800,\"height\":800},{\"@type\":\"BreadcrumbList\",\"@id\":\"https:\/\/justbuildit.eu\/en\/pood\/tihendusmaterjalid\/ehitusvahud\/mitmeotstarbeline-liimvaht-penosil-speedfix-epsxps-878-750ml\/#breadcrumb\",\"itemListElement\":[{\"@type\":\"ListItem\",\"position\":1,\"name\":\"Home\",\"item\":\"https:\/\/justbuildit.eu\/en\/\"},{\"@type\":\"ListItem\",\"position\":2,\"name\":\"Shop\",\"item\":\"https:\/\/justbuildit.eu\/en\/building-materials\/\"},{\"@type\":\"ListItem\",\"position\":3,\"name\":\"MITMEOTSTARBELINE LIIMVAHT PENOSIL SPEEDFIX EPS&#038;XPS 878 750ML\"}]},{\"@type\":\"WebSite\",\"@id\":\"https:\/\/justbuildit.eu\/en\/#website\",\"url\":\"https:\/\/justbuildit.eu\/en\/\",\"name\":\"Ehituslahendused\",\"description\":\"Ehituslahendused ja materjalid\",\"publisher\":{\"@id\":\"https:\/\/justbuildit.eu\/en\/#organization\"},\"potentialAction\":[{\"@type\":\"SearchAction\",\"target\":{\"@type\":\"EntryPoint\",\"urlTemplate\":\"https:\/\/justbuildit.eu\/en\/?s={search_term_string}\"},\"query-input\":{\"@type\":\"PropertyValueSpecification\",\"valueRequired\":true,\"valueName\":\"search_term_string\"}}],\"inLanguage\":\"en-US\"},{\"@type\":\"Organization\",\"@id\":\"https:\/\/justbuildit.eu\/en\/#organization\",\"name\":\"Just Build It O\u00dc\",\"url\":\"https:\/\/justbuildit.eu\/en\/\",\"logo\":{\"@type\":\"ImageObject\",\"inLanguage\":\"en-US\",\"@id\":\"https:\/\/justbuildit.eu\/en\/#\/schema\/logo\/image\/\",\"url\":\"https:\/\/justbuildit.eu\/wp-content\/uploads\/2022\/01\/justbuildit.png\",\"contentUrl\":\"https:\/\/justbuildit.eu\/wp-content\/uploads\/2022\/01\/justbuildit.png\",\"width\":173,\"height\":77,\"caption\":\"Just Build It O\u00dc\"},\"image\":{\"@id\":\"https:\/\/justbuildit.eu\/en\/#\/schema\/logo\/image\/\"},\"sameAs\":[\"https:\/\/www.facebook.com\/justbuildit.ee\"]}]}<\/script>\n<!-- \/ Yoast SEO Premium plugin. -->","yoast_head_json":{"title":"MITMEOTSTARBELINE LIIMVAHT PENOSIL SPEEDFIX EPS&XPS 878 750ML - Ehituslahendused","description":"Liimvaht, ehitusvaht, ehitusplaatide, aknalaudade ja soojustusplaatide liimimiseks","robots":{"index":"index","follow":"follow","max-snippet":"max-snippet:-1","max-image-preview":"max-image-preview:large","max-video-preview":"max-video-preview:-1"},"canonical":"https:\/\/justbuildit.eu\/en\/pood\/tihendusmaterjalid\/ehitusvahud\/mitmeotstarbeline-liimvaht-penosil-speedfix-epsxps-878-750ml\/","og_locale":"en_US","og_type":"article","og_title":"MITMEOTSTARBELINE LIIMVAHT PENOSIL SPEEDFIX EPS&XPS 878 750ML","og_description":"Liimvaht, ehitusvaht, ehitusplaatide, aknalaudade ja soojustusplaatide liimimiseks","og_url":"https:\/\/justbuildit.eu\/en\/pood\/tihendusmaterjalid\/ehitusvahud\/mitmeotstarbeline-liimvaht-penosil-speedfix-epsxps-878-750ml\/","og_site_name":"Ehituslahendused","article_publisher":"https:\/\/www.facebook.com\/justbuildit.ee","article_modified_time":"2026-04-18T09:05:52+00:00","og_image":[{"width":800,"height":800,"url":"https:\/\/justbuildit.eu\/wp-content\/uploads\/2022\/10\/878_SpeedFix_EPSjaXPS_878_EE_FI.png.jpg","type":"image\/jpeg"}],"twitter_card":"summary_large_image","schema":{"@context":"https:\/\/schema.org","@graph":[{"@type":"WebPage","@id":"https:\/\/justbuildit.eu\/en\/pood\/tihendusmaterjalid\/ehitusvahud\/mitmeotstarbeline-liimvaht-penosil-speedfix-epsxps-878-750ml\/","url":"https:\/\/justbuildit.eu\/en\/pood\/tihendusmaterjalid\/ehitusvahud\/mitmeotstarbeline-liimvaht-penosil-speedfix-epsxps-878-750ml\/","name":"MITMEOTSTARBELINE LIIMVAHT PENOSIL SPEEDFIX EPS&XPS 878 750ML - Ehituslahendused","isPartOf":{"@id":"https:\/\/justbuildit.eu\/en\/#website"},"primaryImageOfPage":{"@id":"https:\/\/justbuildit.eu\/en\/pood\/tihendusmaterjalid\/ehitusvahud\/mitmeotstarbeline-liimvaht-penosil-speedfix-epsxps-878-750ml\/#primaryimage"},"image":{"@id":"https:\/\/justbuildit.eu\/en\/pood\/tihendusmaterjalid\/ehitusvahud\/mitmeotstarbeline-liimvaht-penosil-speedfix-epsxps-878-750ml\/#primaryimage"},"thumbnailUrl":"https:\/\/justbuildit.eu\/wp-content\/uploads\/2022\/10\/878_SpeedFix_EPSjaXPS_878_EE_FI.png.jpg","datePublished":"2022-10-15T08:57:27+00:00","dateModified":"2026-04-18T09:05:52+00:00","description":"Liimvaht, ehitusvaht, ehitusplaatide, aknalaudade ja soojustusplaatide liimimiseks","breadcrumb":{"@id":"https:\/\/justbuildit.eu\/en\/pood\/tihendusmaterjalid\/ehitusvahud\/mitmeotstarbeline-liimvaht-penosil-speedfix-epsxps-878-750ml\/#breadcrumb"},"inLanguage":"en-US","potentialAction":[{"@type":"ReadAction","target":["https:\/\/justbuildit.eu\/en\/pood\/tihendusmaterjalid\/ehitusvahud\/mitmeotstarbeline-liimvaht-penosil-speedfix-epsxps-878-750ml\/"]}]},{"@type":"ImageObject","inLanguage":"en-US","@id":"https:\/\/justbuildit.eu\/en\/pood\/tihendusmaterjalid\/ehitusvahud\/mitmeotstarbeline-liimvaht-penosil-speedfix-epsxps-878-750ml\/#primaryimage","url":"https:\/\/justbuildit.eu\/wp-content\/uploads\/2022\/10\/878_SpeedFix_EPSjaXPS_878_EE_FI.png.jpg","contentUrl":"https:\/\/justbuildit.eu\/wp-content\/uploads\/2022\/10\/878_SpeedFix_EPSjaXPS_878_EE_FI.png.jpg","width":800,"height":800},{"@type":"BreadcrumbList","@id":"https:\/\/justbuildit.eu\/en\/pood\/tihendusmaterjalid\/ehitusvahud\/mitmeotstarbeline-liimvaht-penosil-speedfix-epsxps-878-750ml\/#breadcrumb","itemListElement":[{"@type":"ListItem","position":1,"name":"Home","item":"https:\/\/justbuildit.eu\/en\/"},{"@type":"ListItem","position":2,"name":"Shop","item":"https:\/\/justbuildit.eu\/en\/building-materials\/"},{"@type":"ListItem","position":3,"name":"MITMEOTSTARBELINE LIIMVAHT PENOSIL SPEEDFIX EPS&#038;XPS 878 750ML"}]},{"@type":"WebSite","@id":"https:\/\/justbuildit.eu\/en\/#website","url":"https:\/\/justbuildit.eu\/en\/","name":"Ehituslahendused","description":"Ehituslahendused ja materjalid","publisher":{"@id":"https:\/\/justbuildit.eu\/en\/#organization"},"potentialAction":[{"@type":"SearchAction","target":{"@type":"EntryPoint","urlTemplate":"https:\/\/justbuildit.eu\/en\/?s={search_term_string}"},"query-input":{"@type":"PropertyValueSpecification","valueRequired":true,"valueName":"search_term_string"}}],"inLanguage":"en-US"},{"@type":"Organization","@id":"https:\/\/justbuildit.eu\/en\/#organization","name":"Just Build It O\u00dc","url":"https:\/\/justbuildit.eu\/en\/","logo":{"@type":"ImageObject","inLanguage":"en-US","@id":"https:\/\/justbuildit.eu\/en\/#\/schema\/logo\/image\/","url":"https:\/\/justbuildit.eu\/wp-content\/uploads\/2022\/01\/justbuildit.png","contentUrl":"https:\/\/justbuildit.eu\/wp-content\/uploads\/2022\/01\/justbuildit.png","width":173,"height":77,"caption":"Just Build It O\u00dc"},"image":{"@id":"https:\/\/justbuildit.eu\/en\/#\/schema\/logo\/image\/"},"sameAs":["https:\/\/www.facebook.com\/justbuildit.ee"]}]}},"_links":{"self":[{"href":"https:\/\/justbuildit.eu\/en\/wp-json\/wp\/v2\/product\/160716","targetHints":{"allow":["GET"]}}],"collection":[{"href":"https:\/\/justbuildit.eu\/en\/wp-json\/wp\/v2\/product"}],"about":[{"href":"https:\/\/justbuildit.eu\/en\/wp-json\/wp\/v2\/types\/product"}],"replies":[{"embeddable":true,"href":"https:\/\/justbuildit.eu\/en\/wp-json\/wp\/v2\/comments?post=160716"}],"wp:featuredmedia":[{"embeddable":true,"href":"https:\/\/justbuildit.eu\/en\/wp-json\/wp\/v2\/media\/185946"}],"wp:attachment":[{"href":"https:\/\/justbuildit.eu\/en\/wp-json\/wp\/v2\/media?parent=160716"}],"wp:term":[{"taxonomy":"product_brand","embeddable":true,"href":"https:\/\/justbuildit.eu\/en\/wp-json\/wp\/v2\/product_brand?post=160716"},{"taxonomy":"product_cat","embeddable":true,"href":"https:\/\/justbuildit.eu\/en\/wp-json\/wp\/v2\/product_cat?post=160716"},{"taxonomy":"product_tag","embeddable":true,"href":"https:\/\/justbuildit.eu\/en\/wp-json\/wp\/v2\/product_tag?post=160716"}],"curies":[{"name":"wp","href":"https:\/\/api.w.org\/{rel}","templated":true}]}}