{"id":1670,"date":"2021-12-17T15:50:45","date_gmt":"2021-12-17T12:50:45","guid":{"rendered":"https:\/\/justbuildit.eu\/?post_type=product&#038;p=1670"},"modified":"2026-04-16T12:07:37","modified_gmt":"2026-04-16T09:07:37","slug":"dekoratiivvarv-alpina-farbrezepte-sturm-optik-hobedane-1l","status":"publish","type":"product","link":"https:\/\/justbuildit.eu\/en\/pood\/varvid-ja-viimistlusmaterjalid\/varvid-sisetoodeks\/dekoratiivvarv-alpina-farbrezepte-sturm-optik-hobedane-1l\/","title":{"rendered":"DEKORATIIVV\u00c4RV ALPINA FARBREZEPTE STURM-OPTIK H\u00d5BEDANE 1L"},"content":{"rendered":"<div class=\"row\"  id=\"row-1662017998\">\n<div id=\"col-1817562970\" class=\"col medium-9 small-12 large-9\"  >\n<div class=\"col-inner\"  >\n<h2>Dekoratiivv\u00e4rv Alpina Farbrezepte STURM-OPTIK H\u00f5bedane 1 L<\/h2>\n<p>Alpina Farbrezepte STURM-OPTIK on kvartsliiva sisaldav efektv\u00e4rv siset\u00f6\u00f6deks. Saadaval kahes v\u00e4rvitoonis: h\u00f5be ja antratsiit.<\/p>\n<div class=\"message-box relative\" style=\"padding-top:15px;padding-bottom:15px;\">\n<div class=\"message-box-bg-image bg-fill fill\" ><\/div>\n<div class=\"message-box-bg-overlay bg-fill fill\" ><\/div>\n<div class=\"container relative\">\n<div class=\"inner last-reset\">\n<div class=\"row align-middle align-center\"  id=\"row-1866402269\">\n<div id=\"col-574303014\" class=\"col small-12 large-12\"  >\n<div class=\"col-inner text-left\"  >\n<h4>Omadused<\/h4>\n<div class=\"row\"  id=\"row-1685660113\">\n<div id=\"col-651532966\" class=\"col medium-6 small-12 large-6\"  >\n<div class=\"col-inner\"  >\n<p><i class=\"fa fa-check fa-2x\"><\/i> <strong>Siset\u00f6\u00f6deks<\/strong><\/p>\n<p><i class=\"fa fa-check fa-2x\"><\/i> <strong>Veega lahjendatav, v\u00e4hese l\u00f5hnaga<\/strong><\/p>\n<\/p>\n<\/div>\n<style>\n#col-651532966 > .col-inner {\n  margin: 0px 0px 15px 0px;\n}\n<\/style>\n<\/p>\n<\/div>\n<div id=\"col-1981594607\" class=\"col medium-6 small-12 large-6\"  >\n<div class=\"col-inner\"  >\n<p><i class=\"fa fa-check fa-2x\"><\/i> <strong>Puhastatav vee ja neutraalsete puhastusvahenditega<\/strong><\/p>\n<\/p>\n<\/div>\n<style>\n#col-1981594607 > .col-inner {\n  margin: 0px 0px 15px 0px;\n}\n<\/style>\n<\/p>\n<\/div>\n<\/div>\n<\/div>\n<\/div>\n<\/div>\n<\/div>\n<\/div>\n<\/div>\n<div id=\"gap-746762558\" class=\"gap-element clearfix\" style=\"display:block; height:auto;\">\n<style>\n#gap-746762558 {\n  padding-top: 30px;\n}\n<\/style>\n<\/p>\n<\/div>\n<h3>Kasutamise \u00fcksikasjad<\/h3>\n<p><strong> Aluspinna ettevalmistus:<\/strong> Aluspinnad peavad olema puhtad, vabad nakkumist takistavatest ainetest, kuivad ja siledad.<br \/>\nSobib kasutamiseks j\u00e4rgnevatel siledatel aluspindadel: m\u00fc\u00fcritised, krohv, krunditud kipskartongplaadid, vanad dispersioonkihtidel ja kandvatel tapeetidel, mis on kleebitud dispersioonliimiga.<\/p>\n<\/p>\n<\/div>\n<\/div>\n<div id=\"col-715105851\" class=\"col medium-3 small-12 large-3\"  >\n<div class=\"col-inner\"  >\n<div id=\"gap-1130732341\" class=\"gap-element clearfix\" style=\"display:block; height:auto;\">\n<style>\n#gap-1130732341 {\n  padding-top: 30px;\n}\n<\/style>\n<\/p>\n<\/div>\n<div class=\"is-divider divider clearfix\" ><\/div>\n<p><strong>\u00dcksikasjalikuma n\u00f5u saamiseks v\u00f5tke \u00fchendust:<br \/><\/strong>SIA DAW Baltica Eesti filiaal<br \/>L\u00e4ike tee 2\/1<br \/>75312<br \/>Peetri alevik, Rae vald<br \/>+372 6000690<\/p>\n<div class=\"is-divider divider clearfix\" ><\/div>\n<\/p>\n<\/div>\n<\/div>\n<\/div>\n","protected":false},"excerpt":{"rendered":"<p>Alpina Farbrezepte STURM-OPTIK on kvartsliiva sisaldav efektv\u00e4rv siset\u00f6\u00f6deks. Saadaval kahes v\u00e4rvitoonis: h\u00f5be ja antratsiit.<\/p>","protected":false},"featured_media":1671,"comment_status":"open","ping_status":"closed","template":"","meta":{"_acf_changed":false},"product_brand":[],"product_cat":[120,124,498],"product_tag":[],"class_list":{"0":"post-1670","1":"product","2":"type-product","3":"status-publish","4":"has-post-thumbnail","6":"product_cat-varvid-ja-viimistlusmaterjalid","7":"product_cat-varvid-sisetoodeks","8":"product_cat-espak","10":"first","11":"instock","12":"sale","13":"shipping-taxable","14":"purchasable","15":"product-type-simple"},"acf":[],"yoast_head":"<!-- This site is optimized with the Yoast SEO Premium plugin v18.7 (Yoast SEO v26.5) - https:\/\/yoast.com\/wordpress\/plugins\/seo\/ -->\n<title>Dekoratiivv\u00e4rv<\/title>\n<meta name=\"robots\" content=\"index, follow, max-snippet:-1, max-image-preview:large, max-video-preview:-1\" \/>\n<link rel=\"canonical\" href=\"https:\/\/justbuildit.eu\/en\/pood\/varvid-ja-viimistlusmaterjalid\/varvid-sisetoodeks\/dekoratiivvarv-alpina-farbrezepte-sturm-optik-hobedane-1l\/\" \/>\n<meta property=\"og:locale\" content=\"en_US\" \/>\n<meta property=\"og:type\" content=\"article\" \/>\n<meta property=\"og:title\" content=\"DEKORATIIVV\u00c4RV ALPINA FARBREZEPTE STURM-OPTIK H\u00d5BEDANE 1L\" \/>\n<meta property=\"og:description\" content=\"Alpina Farbrezepte STURM-OPTIK on kvartsliiva sisaldav efektv\u00e4rv siset\u00f6\u00f6deks. Saadaval kahes v\u00e4rvitoonis: h\u00f5be ja antratsiit.\" \/>\n<meta property=\"og:url\" content=\"https:\/\/justbuildit.eu\/en\/pood\/varvid-ja-viimistlusmaterjalid\/varvid-sisetoodeks\/dekoratiivvarv-alpina-farbrezepte-sturm-optik-hobedane-1l\/\" \/>\n<meta property=\"og:site_name\" content=\"Ehituslahendused\" \/>\n<meta property=\"article:publisher\" content=\"https:\/\/www.facebook.com\/justbuildit.ee\" \/>\n<meta property=\"article:modified_time\" content=\"2026-04-16T09:07:37+00:00\" \/>\n<meta property=\"og:image\" content=\"https:\/\/justbuildit.eu\/wp-content\/uploads\/2021\/12\/539903.jpg\" \/>\n\t<meta property=\"og:image:width\" content=\"525\" \/>\n\t<meta property=\"og:image:height\" content=\"525\" \/>\n\t<meta property=\"og:image:type\" content=\"image\/jpeg\" \/>\n<meta name=\"twitter:card\" content=\"summary_large_image\" \/>\n<script type=\"application\/ld+json\" class=\"yoast-schema-graph\">{\"@context\":\"https:\/\/schema.org\",\"@graph\":[{\"@type\":\"WebPage\",\"@id\":\"https:\/\/justbuildit.eu\/en\/pood\/varvid-ja-viimistlusmaterjalid\/varvid-sisetoodeks\/dekoratiivvarv-alpina-farbrezepte-sturm-optik-hobedane-1l\/\",\"url\":\"https:\/\/justbuildit.eu\/en\/pood\/varvid-ja-viimistlusmaterjalid\/varvid-sisetoodeks\/dekoratiivvarv-alpina-farbrezepte-sturm-optik-hobedane-1l\/\",\"name\":\"Dekoratiivv\u00e4rv\",\"isPartOf\":{\"@id\":\"https:\/\/justbuildit.eu\/en\/#website\"},\"primaryImageOfPage\":{\"@id\":\"https:\/\/justbuildit.eu\/en\/pood\/varvid-ja-viimistlusmaterjalid\/varvid-sisetoodeks\/dekoratiivvarv-alpina-farbrezepte-sturm-optik-hobedane-1l\/#primaryimage\"},\"image\":{\"@id\":\"https:\/\/justbuildit.eu\/en\/pood\/varvid-ja-viimistlusmaterjalid\/varvid-sisetoodeks\/dekoratiivvarv-alpina-farbrezepte-sturm-optik-hobedane-1l\/#primaryimage\"},\"thumbnailUrl\":\"https:\/\/justbuildit.eu\/wp-content\/uploads\/2021\/12\/539903.jpg\",\"datePublished\":\"2021-12-17T12:50:45+00:00\",\"dateModified\":\"2026-04-16T09:07:37+00:00\",\"breadcrumb\":{\"@id\":\"https:\/\/justbuildit.eu\/en\/pood\/varvid-ja-viimistlusmaterjalid\/varvid-sisetoodeks\/dekoratiivvarv-alpina-farbrezepte-sturm-optik-hobedane-1l\/#breadcrumb\"},\"inLanguage\":\"en-US\",\"potentialAction\":[{\"@type\":\"ReadAction\",\"target\":[\"https:\/\/justbuildit.eu\/en\/pood\/varvid-ja-viimistlusmaterjalid\/varvid-sisetoodeks\/dekoratiivvarv-alpina-farbrezepte-sturm-optik-hobedane-1l\/\"]}]},{\"@type\":\"ImageObject\",\"inLanguage\":\"en-US\",\"@id\":\"https:\/\/justbuildit.eu\/en\/pood\/varvid-ja-viimistlusmaterjalid\/varvid-sisetoodeks\/dekoratiivvarv-alpina-farbrezepte-sturm-optik-hobedane-1l\/#primaryimage\",\"url\":\"https:\/\/justbuildit.eu\/wp-content\/uploads\/2021\/12\/539903.jpg\",\"contentUrl\":\"https:\/\/justbuildit.eu\/wp-content\/uploads\/2021\/12\/539903.jpg\",\"width\":525,\"height\":525},{\"@type\":\"BreadcrumbList\",\"@id\":\"https:\/\/justbuildit.eu\/en\/pood\/varvid-ja-viimistlusmaterjalid\/varvid-sisetoodeks\/dekoratiivvarv-alpina-farbrezepte-sturm-optik-hobedane-1l\/#breadcrumb\",\"itemListElement\":[{\"@type\":\"ListItem\",\"position\":1,\"name\":\"Home\",\"item\":\"https:\/\/justbuildit.eu\/en\/\"},{\"@type\":\"ListItem\",\"position\":2,\"name\":\"Shop\",\"item\":\"https:\/\/justbuildit.eu\/en\/building-materials\/\"},{\"@type\":\"ListItem\",\"position\":3,\"name\":\"DEKORATIIVV\u00c4RV ALPINA FARBREZEPTE STURM-OPTIK H\u00d5BEDANE 1L\"}]},{\"@type\":\"WebSite\",\"@id\":\"https:\/\/justbuildit.eu\/en\/#website\",\"url\":\"https:\/\/justbuildit.eu\/en\/\",\"name\":\"Ehituslahendused\",\"description\":\"Ehituslahendused ja materjalid\",\"publisher\":{\"@id\":\"https:\/\/justbuildit.eu\/en\/#organization\"},\"potentialAction\":[{\"@type\":\"SearchAction\",\"target\":{\"@type\":\"EntryPoint\",\"urlTemplate\":\"https:\/\/justbuildit.eu\/en\/?s={search_term_string}\"},\"query-input\":{\"@type\":\"PropertyValueSpecification\",\"valueRequired\":true,\"valueName\":\"search_term_string\"}}],\"inLanguage\":\"en-US\"},{\"@type\":\"Organization\",\"@id\":\"https:\/\/justbuildit.eu\/en\/#organization\",\"name\":\"Just Build It O\u00dc\",\"url\":\"https:\/\/justbuildit.eu\/en\/\",\"logo\":{\"@type\":\"ImageObject\",\"inLanguage\":\"en-US\",\"@id\":\"https:\/\/justbuildit.eu\/en\/#\/schema\/logo\/image\/\",\"url\":\"https:\/\/justbuildit.eu\/wp-content\/uploads\/2022\/01\/justbuildit.png\",\"contentUrl\":\"https:\/\/justbuildit.eu\/wp-content\/uploads\/2022\/01\/justbuildit.png\",\"width\":173,\"height\":77,\"caption\":\"Just Build It O\u00dc\"},\"image\":{\"@id\":\"https:\/\/justbuildit.eu\/en\/#\/schema\/logo\/image\/\"},\"sameAs\":[\"https:\/\/www.facebook.com\/justbuildit.ee\"]}]}<\/script>\n<!-- \/ Yoast SEO Premium plugin. -->","yoast_head_json":{"title":"Dekoratiivv\u00e4rv","robots":{"index":"index","follow":"follow","max-snippet":"max-snippet:-1","max-image-preview":"max-image-preview:large","max-video-preview":"max-video-preview:-1"},"canonical":"https:\/\/justbuildit.eu\/en\/pood\/varvid-ja-viimistlusmaterjalid\/varvid-sisetoodeks\/dekoratiivvarv-alpina-farbrezepte-sturm-optik-hobedane-1l\/","og_locale":"en_US","og_type":"article","og_title":"DEKORATIIVV\u00c4RV ALPINA FARBREZEPTE STURM-OPTIK H\u00d5BEDANE 1L","og_description":"Alpina Farbrezepte STURM-OPTIK on kvartsliiva sisaldav efektv\u00e4rv siset\u00f6\u00f6deks. Saadaval kahes v\u00e4rvitoonis: h\u00f5be ja antratsiit.","og_url":"https:\/\/justbuildit.eu\/en\/pood\/varvid-ja-viimistlusmaterjalid\/varvid-sisetoodeks\/dekoratiivvarv-alpina-farbrezepte-sturm-optik-hobedane-1l\/","og_site_name":"Ehituslahendused","article_publisher":"https:\/\/www.facebook.com\/justbuildit.ee","article_modified_time":"2026-04-16T09:07:37+00:00","og_image":[{"width":525,"height":525,"url":"https:\/\/justbuildit.eu\/wp-content\/uploads\/2021\/12\/539903.jpg","type":"image\/jpeg"}],"twitter_card":"summary_large_image","schema":{"@context":"https:\/\/schema.org","@graph":[{"@type":"WebPage","@id":"https:\/\/justbuildit.eu\/en\/pood\/varvid-ja-viimistlusmaterjalid\/varvid-sisetoodeks\/dekoratiivvarv-alpina-farbrezepte-sturm-optik-hobedane-1l\/","url":"https:\/\/justbuildit.eu\/en\/pood\/varvid-ja-viimistlusmaterjalid\/varvid-sisetoodeks\/dekoratiivvarv-alpina-farbrezepte-sturm-optik-hobedane-1l\/","name":"Dekoratiivv\u00e4rv","isPartOf":{"@id":"https:\/\/justbuildit.eu\/en\/#website"},"primaryImageOfPage":{"@id":"https:\/\/justbuildit.eu\/en\/pood\/varvid-ja-viimistlusmaterjalid\/varvid-sisetoodeks\/dekoratiivvarv-alpina-farbrezepte-sturm-optik-hobedane-1l\/#primaryimage"},"image":{"@id":"https:\/\/justbuildit.eu\/en\/pood\/varvid-ja-viimistlusmaterjalid\/varvid-sisetoodeks\/dekoratiivvarv-alpina-farbrezepte-sturm-optik-hobedane-1l\/#primaryimage"},"thumbnailUrl":"https:\/\/justbuildit.eu\/wp-content\/uploads\/2021\/12\/539903.jpg","datePublished":"2021-12-17T12:50:45+00:00","dateModified":"2026-04-16T09:07:37+00:00","breadcrumb":{"@id":"https:\/\/justbuildit.eu\/en\/pood\/varvid-ja-viimistlusmaterjalid\/varvid-sisetoodeks\/dekoratiivvarv-alpina-farbrezepte-sturm-optik-hobedane-1l\/#breadcrumb"},"inLanguage":"en-US","potentialAction":[{"@type":"ReadAction","target":["https:\/\/justbuildit.eu\/en\/pood\/varvid-ja-viimistlusmaterjalid\/varvid-sisetoodeks\/dekoratiivvarv-alpina-farbrezepte-sturm-optik-hobedane-1l\/"]}]},{"@type":"ImageObject","inLanguage":"en-US","@id":"https:\/\/justbuildit.eu\/en\/pood\/varvid-ja-viimistlusmaterjalid\/varvid-sisetoodeks\/dekoratiivvarv-alpina-farbrezepte-sturm-optik-hobedane-1l\/#primaryimage","url":"https:\/\/justbuildit.eu\/wp-content\/uploads\/2021\/12\/539903.jpg","contentUrl":"https:\/\/justbuildit.eu\/wp-content\/uploads\/2021\/12\/539903.jpg","width":525,"height":525},{"@type":"BreadcrumbList","@id":"https:\/\/justbuildit.eu\/en\/pood\/varvid-ja-viimistlusmaterjalid\/varvid-sisetoodeks\/dekoratiivvarv-alpina-farbrezepte-sturm-optik-hobedane-1l\/#breadcrumb","itemListElement":[{"@type":"ListItem","position":1,"name":"Home","item":"https:\/\/justbuildit.eu\/en\/"},{"@type":"ListItem","position":2,"name":"Shop","item":"https:\/\/justbuildit.eu\/en\/building-materials\/"},{"@type":"ListItem","position":3,"name":"DEKORATIIVV\u00c4RV ALPINA FARBREZEPTE STURM-OPTIK H\u00d5BEDANE 1L"}]},{"@type":"WebSite","@id":"https:\/\/justbuildit.eu\/en\/#website","url":"https:\/\/justbuildit.eu\/en\/","name":"Ehituslahendused","description":"Ehituslahendused ja materjalid","publisher":{"@id":"https:\/\/justbuildit.eu\/en\/#organization"},"potentialAction":[{"@type":"SearchAction","target":{"@type":"EntryPoint","urlTemplate":"https:\/\/justbuildit.eu\/en\/?s={search_term_string}"},"query-input":{"@type":"PropertyValueSpecification","valueRequired":true,"valueName":"search_term_string"}}],"inLanguage":"en-US"},{"@type":"Organization","@id":"https:\/\/justbuildit.eu\/en\/#organization","name":"Just Build It O\u00dc","url":"https:\/\/justbuildit.eu\/en\/","logo":{"@type":"ImageObject","inLanguage":"en-US","@id":"https:\/\/justbuildit.eu\/en\/#\/schema\/logo\/image\/","url":"https:\/\/justbuildit.eu\/wp-content\/uploads\/2022\/01\/justbuildit.png","contentUrl":"https:\/\/justbuildit.eu\/wp-content\/uploads\/2022\/01\/justbuildit.png","width":173,"height":77,"caption":"Just Build It O\u00dc"},"image":{"@id":"https:\/\/justbuildit.eu\/en\/#\/schema\/logo\/image\/"},"sameAs":["https:\/\/www.facebook.com\/justbuildit.ee"]}]}},"_links":{"self":[{"href":"https:\/\/justbuildit.eu\/en\/wp-json\/wp\/v2\/product\/1670","targetHints":{"allow":["GET"]}}],"collection":[{"href":"https:\/\/justbuildit.eu\/en\/wp-json\/wp\/v2\/product"}],"about":[{"href":"https:\/\/justbuildit.eu\/en\/wp-json\/wp\/v2\/types\/product"}],"replies":[{"embeddable":true,"href":"https:\/\/justbuildit.eu\/en\/wp-json\/wp\/v2\/comments?post=1670"}],"wp:featuredmedia":[{"embeddable":true,"href":"https:\/\/justbuildit.eu\/en\/wp-json\/wp\/v2\/media\/1671"}],"wp:attachment":[{"href":"https:\/\/justbuildit.eu\/en\/wp-json\/wp\/v2\/media?parent=1670"}],"wp:term":[{"taxonomy":"product_brand","embeddable":true,"href":"https:\/\/justbuildit.eu\/en\/wp-json\/wp\/v2\/product_brand?post=1670"},{"taxonomy":"product_cat","embeddable":true,"href":"https:\/\/justbuildit.eu\/en\/wp-json\/wp\/v2\/product_cat?post=1670"},{"taxonomy":"product_tag","embeddable":true,"href":"https:\/\/justbuildit.eu\/en\/wp-json\/wp\/v2\/product_tag?post=1670"}],"curies":[{"name":"wp","href":"https:\/\/api.w.org\/{rel}","templated":true}]}}