{"id":1722,"date":"2021-12-17T15:57:44","date_gmt":"2021-12-17T12:57:44","guid":{"rendered":"https:\/\/justbuildit.eu\/?post_type=product&#038;p=1722"},"modified":"2026-04-12T12:07:22","modified_gmt":"2026-04-12T09:07:22","slug":"elastne-vuugisegu-ceresit-ce-40-40-jasmiin-5kg","status":"publish","type":"product","link":"https:\/\/justbuildit.eu\/en\/pood\/ehitussegud\/vuugisegud\/elastne-vuugisegu-ceresit-ce-40-40-jasmiin-5kg\/","title":{"rendered":"ELASTNE VUUGISEGU CERESIT CE-40 40 JASMIIN 5KG"},"content":{"rendered":"<div class=\"row\"  id=\"row-760403540\">\n<div id=\"col-20040980\" class=\"col medium-9 small-12 large-9\"  >\n<div class=\"col-inner\"  >\n<h2>CE 40 Aquastatic Elastne vuugit\u00e4ide<\/h2>\n<p>Veetihe, elastne, mustusth\u00fclgav vuugisegu kuni 8 mm laiustele vuukidele.<\/p>\n<div class=\"message-box relative\" style=\"padding-top:15px;padding-bottom:15px;\">\n<div class=\"message-box-bg-image bg-fill fill\" ><\/div>\n<div class=\"message-box-bg-overlay bg-fill fill\" ><\/div>\n<div class=\"container relative\">\n<div class=\"inner last-reset\">\n<div class=\"row align-middle align-center\"  id=\"row-1383946498\">\n<div id=\"col-354049324\" class=\"col small-12 large-12\"  >\n<div class=\"col-inner text-left\"  >\n<h4>Omadused<\/h4>\n<div class=\"row\"  id=\"row-1242288583\">\n<div id=\"col-1263574213\" class=\"col medium-6 small-12 large-6\"  >\n<div class=\"col-inner\"  >\n<p><i class=\"fa fa-check fa-2x\"><\/i> <strong>Ei ima vett<\/strong><\/p>\n<p><i class=\"fa fa-check fa-2x\"><\/i> <strong>Hallituse- ja m\u00e4\u00e4rumiskindel<\/strong><\/p>\n<\/p>\n<\/div>\n<style>\n#col-1263574213 > .col-inner {\n  margin: 0px 0px 15px 0px;\n}\n<\/style>\n<\/p>\n<\/div>\n<div id=\"col-1692178895\" class=\"col medium-6 small-12 large-6\"  >\n<div class=\"col-inner\"  >\n<p><i class=\"fa fa-check fa-2x\"><\/i> <strong>Sise- ja v\u00e4list\u00f6\u00f6deks<\/strong><\/p>\n<p><i class=\"fa fa-check fa-2x\"><\/i> <strong>V\u00e4ga sile pind<\/strong><\/p>\n<\/p>\n<\/div>\n<style>\n#col-1692178895 > .col-inner {\n  margin: 0px 0px 15px 0px;\n}\n<\/style>\n<\/p>\n<\/div>\n<\/div>\n<\/div>\n<\/div>\n<\/div>\n<\/div>\n<\/div>\n<\/div>\n<div id=\"gap-1891525836\" class=\"gap-element clearfix\" style=\"display:block; height:auto;\">\n<style>\n#gap-1891525836 {\n  padding-top: 30px;\n}\n<\/style>\n<\/p>\n<\/div>\n<h3>Kasutamise \u00fcksikasjad<\/h3>\n<p><strong>Aluspinna ettevalmistus:<\/strong> Vuukimist v\u00f5ib alustada alles p\u00e4rast plaatimissegu kuivamist ja kivistumist Puhastage plaatide servad mustusest. Niisutage imavate platide servi m\u00e4rja k\u00e4sna abil. V\u00e4rvimuutustele vastuv\u00f5tlike plaatide (n\u00e4it looduskivi) puhul soovitame eelnevalt katsetada, kas CE 40 ei j\u00e4ta plaadi pinnale p\u00fcsivaid j\u00e4lgi.<\/p>\n<p><strong>Kasutamine:<\/strong> Valage CE 40 t\u00e4pselt v\u00e4lja m\u00f5\u00f5detud puhtasse k\u00fclma vette ja segage, kuni on saadud \u00fchtlane, t\u00fckkideta segumass. \u00c4rge kasutage roostes anumaid ega t\u00f6\u00f6riistu. Laske segumassil 3 minutit seista ja segage see uuesti l\u00e4bi. Segu kanda diagonaalsete liigutustega vuuki kummist pahtlilabida v\u00f5i kaabitsa abil. J\u00e4lgige, et vuukimise k\u00e4igus ei j\u00e4\u00e4ks plaatide vahele t\u00fchimikke. P\u00e4rast teatud aja m\u00f6\u00f6dumist, kui vuugit\u00e4ide on vuugis kergelt matistunud, v\u00f5ib asuda profileerimise juurde. Profileerimise aeg on 5 minutist kuni \u00fcle 30 minuti ning see s\u00f5ltub kasutatud plaatide imavusest, vuugi laiusest ja s\u00fcgavusest ning nii \u00fcmbritseva keskkonna kui ka t\u00f6\u00f6deldava pinna temperatuuritingimustest. Materjalij\u00e4\u00e4gid eemaldatakse niiske k\u00e4snaga, mida tuleb pidevalt vees loputada. Puhastamiseks ei tohi kasutada kuiva lappi, sest kuivanud ja niiske vuugit\u00e4ite segunemine v\u00f5ib p\u00f5hjustada v\u00e4rvimuutust. Pinnal v\u00f5ib k\u00f5ndida 6 tunni m\u00f6\u00f6dudes p\u00e4rast pealekandmist. Vuugit\u00e4ide v\u00f5ib veega kokku puutuda 24 tunni p\u00e4rast. Vuugit\u00e4ide on t\u00e4ielikult h\u00fcdrofoobne (vastupidavus vee sisseimbumisele) 5 p\u00e4eva p\u00e4rast pealekandmist.Esimese 5 p\u00e4eva jooksul p\u00e4rast vuukide t\u00e4itmist kasutage ainult puhast vett, kuhu ei ole lisatud mingeid puhastusvahendeid.<\/p>\n<p><strong>T\u00e4helepanu:<\/strong> T\u00f6id tuleb teha kuivades tingimustes, kui \u00f5hu ja t\u00f6\u00f6deldava pinna temperatuur on vahemikus +5\u00b0 \u2212 +25 \u00b0C. Kui plaate h\u00f5\u00f5rutakse liiga tugevasti, v\u00f5ib vuugit\u00e4ide kihistuda ning tagaj\u00e4rjeks on vuukide krobeline pealispind ja v\u00e4rvimuutus.<br \/>\nAluspinna liigne niiskus, erinev kuivsegule lisatud veekogus v\u00f5i eba\u00fchtlased kuivamistingimused (liigne vee kasutamine puhastamisel, kuivpuhastus samal p\u00e4eval vuukimisega).<\/p>\n<\/p>\n<\/div>\n<\/div>\n<div id=\"col-1306270106\" class=\"col medium-3 small-12 large-3\"  >\n<div class=\"col-inner\"  >\n<div id=\"gap-1804916950\" class=\"gap-element clearfix\" style=\"display:block; height:auto;\">\n<style>\n#gap-1804916950 {\n  padding-top: 30px;\n}\n<\/style>\n<\/p>\n<\/div>\n<h3>Tehniline informatsioon<\/h3>\n<p><a href=\"https:\/\/espak.ee\/epood\/wp-content\/uploads\/CE-40-tooteleht.pdf\" target=\"_blank\" rel=\"noopener noreferrer\"><i class=\"far fa-file-pdf\"><\/i> Tehniline info (PDF)<\/a><\/p>\n<h3>Ohutusalane teave<\/h3>\n<p><a href=\"https:\/\/espak.ee\/epood\/wp-content\/uploads\/CE-40-ohutuskaart.pdf\" target=\"_blank\" rel=\"noopener noreferrer\"><i class=\"far fa-file-pdf\"><\/i> Ohutusalane teave (PDF)<\/a><\/p>\n<div class=\"is-divider divider clearfix\" ><\/div>\n<p><strong>\u00dcksikasjalikuma n\u00f5u saamiseks v\u00f5tke \u00fchendust:<br \/><\/strong>Henkel Balti<br \/>S\u00f5bra 56 B<br \/>51013<br \/>Tartu<br \/>+ 372 7305800<\/p>\n<div class=\"is-divider divider clearfix\" ><\/div>\n<\/p>\n<\/div>\n<\/div>\n<\/div>\n","protected":false},"excerpt":{"rendered":"<p>Veetihe, elastne, mustusth\u00fclgav vuugisegu kuni 8 mm laiustele vuukidele.<\/p>","protected":false},"featured_media":648707,"comment_status":"open","ping_status":"closed","template":"","meta":{"_acf_changed":false},"product_brand":[],"product_cat":[57,61,498],"product_tag":[],"class_list":{"0":"post-1722","1":"product","2":"type-product","3":"status-publish","4":"has-post-thumbnail","6":"product_cat-ehitussegud","7":"product_cat-vuugisegud","8":"product_cat-espak","10":"first","11":"instock","12":"sale","13":"shipping-taxable","14":"purchasable","15":"product-type-simple"},"acf":[],"yoast_head":"<!-- This site is optimized with the Yoast SEO Premium plugin v18.7 (Yoast SEO v26.5) - https:\/\/yoast.com\/wordpress\/plugins\/seo\/ -->\n<title>Vuugit\u00e4ide Ceresit Jasmiin<\/title>\n<meta name=\"robots\" content=\"index, follow, max-snippet:-1, max-image-preview:large, max-video-preview:-1\" \/>\n<link rel=\"canonical\" href=\"https:\/\/justbuildit.eu\/en\/pood\/ehitussegud\/vuugisegud\/elastne-vuugisegu-ceresit-ce-40-40-jasmiin-5kg\/\" \/>\n<meta property=\"og:locale\" content=\"en_US\" \/>\n<meta property=\"og:type\" content=\"article\" \/>\n<meta property=\"og:title\" content=\"ELASTNE VUUGISEGU CERESIT CE-40 40 JASMIIN 5KG\" \/>\n<meta property=\"og:description\" content=\"Veetihe, elastne, mustusth\u00fclgav vuugisegu kuni 8 mm laiustele vuukidele.\" \/>\n<meta property=\"og:url\" content=\"https:\/\/justbuildit.eu\/en\/pood\/ehitussegud\/vuugisegud\/elastne-vuugisegu-ceresit-ce-40-40-jasmiin-5kg\/\" \/>\n<meta property=\"og:site_name\" content=\"Ehituslahendused\" \/>\n<meta property=\"article:publisher\" content=\"https:\/\/www.facebook.com\/justbuildit.ee\" \/>\n<meta property=\"article:modified_time\" content=\"2026-04-12T09:07:22+00:00\" \/>\n<meta property=\"og:image\" content=\"https:\/\/justbuildit.eu\/wp-content\/uploads\/2021\/12\/ce40-1940.png\" \/>\n\t<meta property=\"og:image:width\" content=\"1301\" \/>\n\t<meta property=\"og:image:height\" content=\"1301\" \/>\n\t<meta property=\"og:image:type\" content=\"image\/png\" \/>\n<meta name=\"twitter:card\" content=\"summary_large_image\" \/>\n<script type=\"application\/ld+json\" class=\"yoast-schema-graph\">{\"@context\":\"https:\/\/schema.org\",\"@graph\":[{\"@type\":\"WebPage\",\"@id\":\"https:\/\/justbuildit.eu\/en\/pood\/ehitussegud\/vuugisegud\/elastne-vuugisegu-ceresit-ce-40-40-jasmiin-5kg\/\",\"url\":\"https:\/\/justbuildit.eu\/en\/pood\/ehitussegud\/vuugisegud\/elastne-vuugisegu-ceresit-ce-40-40-jasmiin-5kg\/\",\"name\":\"Vuugit\u00e4ide Ceresit Jasmiin\",\"isPartOf\":{\"@id\":\"https:\/\/justbuildit.eu\/en\/#website\"},\"primaryImageOfPage\":{\"@id\":\"https:\/\/justbuildit.eu\/en\/pood\/ehitussegud\/vuugisegud\/elastne-vuugisegu-ceresit-ce-40-40-jasmiin-5kg\/#primaryimage\"},\"image\":{\"@id\":\"https:\/\/justbuildit.eu\/en\/pood\/ehitussegud\/vuugisegud\/elastne-vuugisegu-ceresit-ce-40-40-jasmiin-5kg\/#primaryimage\"},\"thumbnailUrl\":\"https:\/\/justbuildit.eu\/wp-content\/uploads\/2021\/12\/ce40-1939.png\",\"datePublished\":\"2021-12-17T12:57:44+00:00\",\"dateModified\":\"2026-04-12T09:07:22+00:00\",\"breadcrumb\":{\"@id\":\"https:\/\/justbuildit.eu\/en\/pood\/ehitussegud\/vuugisegud\/elastne-vuugisegu-ceresit-ce-40-40-jasmiin-5kg\/#breadcrumb\"},\"inLanguage\":\"en-US\",\"potentialAction\":[{\"@type\":\"ReadAction\",\"target\":[\"https:\/\/justbuildit.eu\/en\/pood\/ehitussegud\/vuugisegud\/elastne-vuugisegu-ceresit-ce-40-40-jasmiin-5kg\/\"]}]},{\"@type\":\"ImageObject\",\"inLanguage\":\"en-US\",\"@id\":\"https:\/\/justbuildit.eu\/en\/pood\/ehitussegud\/vuugisegud\/elastne-vuugisegu-ceresit-ce-40-40-jasmiin-5kg\/#primaryimage\",\"url\":\"https:\/\/justbuildit.eu\/wp-content\/uploads\/2021\/12\/ce40-1939.png\",\"contentUrl\":\"https:\/\/justbuildit.eu\/wp-content\/uploads\/2021\/12\/ce40-1939.png\",\"width\":1301,\"height\":1301},{\"@type\":\"BreadcrumbList\",\"@id\":\"https:\/\/justbuildit.eu\/en\/pood\/ehitussegud\/vuugisegud\/elastne-vuugisegu-ceresit-ce-40-40-jasmiin-5kg\/#breadcrumb\",\"itemListElement\":[{\"@type\":\"ListItem\",\"position\":1,\"name\":\"Home\",\"item\":\"https:\/\/justbuildit.eu\/en\/\"},{\"@type\":\"ListItem\",\"position\":2,\"name\":\"Shop\",\"item\":\"https:\/\/justbuildit.eu\/en\/building-materials\/\"},{\"@type\":\"ListItem\",\"position\":3,\"name\":\"ELASTNE VUUGISEGU CERESIT CE-40 40 JASMIIN 5KG\"}]},{\"@type\":\"WebSite\",\"@id\":\"https:\/\/justbuildit.eu\/en\/#website\",\"url\":\"https:\/\/justbuildit.eu\/en\/\",\"name\":\"Ehituslahendused\",\"description\":\"Ehituslahendused ja materjalid\",\"publisher\":{\"@id\":\"https:\/\/justbuildit.eu\/en\/#organization\"},\"potentialAction\":[{\"@type\":\"SearchAction\",\"target\":{\"@type\":\"EntryPoint\",\"urlTemplate\":\"https:\/\/justbuildit.eu\/en\/?s={search_term_string}\"},\"query-input\":{\"@type\":\"PropertyValueSpecification\",\"valueRequired\":true,\"valueName\":\"search_term_string\"}}],\"inLanguage\":\"en-US\"},{\"@type\":\"Organization\",\"@id\":\"https:\/\/justbuildit.eu\/en\/#organization\",\"name\":\"Just Build It O\u00dc\",\"url\":\"https:\/\/justbuildit.eu\/en\/\",\"logo\":{\"@type\":\"ImageObject\",\"inLanguage\":\"en-US\",\"@id\":\"https:\/\/justbuildit.eu\/en\/#\/schema\/logo\/image\/\",\"url\":\"https:\/\/justbuildit.eu\/wp-content\/uploads\/2022\/01\/justbuildit.png\",\"contentUrl\":\"https:\/\/justbuildit.eu\/wp-content\/uploads\/2022\/01\/justbuildit.png\",\"width\":173,\"height\":77,\"caption\":\"Just Build It O\u00dc\"},\"image\":{\"@id\":\"https:\/\/justbuildit.eu\/en\/#\/schema\/logo\/image\/\"},\"sameAs\":[\"https:\/\/www.facebook.com\/justbuildit.ee\"]}]}<\/script>\n<!-- \/ Yoast SEO Premium plugin. -->","yoast_head_json":{"title":"Vuugit\u00e4ide Ceresit Jasmiin","robots":{"index":"index","follow":"follow","max-snippet":"max-snippet:-1","max-image-preview":"max-image-preview:large","max-video-preview":"max-video-preview:-1"},"canonical":"https:\/\/justbuildit.eu\/en\/pood\/ehitussegud\/vuugisegud\/elastne-vuugisegu-ceresit-ce-40-40-jasmiin-5kg\/","og_locale":"en_US","og_type":"article","og_title":"ELASTNE VUUGISEGU CERESIT CE-40 40 JASMIIN 5KG","og_description":"Veetihe, elastne, mustusth\u00fclgav vuugisegu kuni 8 mm laiustele vuukidele.","og_url":"https:\/\/justbuildit.eu\/en\/pood\/ehitussegud\/vuugisegud\/elastne-vuugisegu-ceresit-ce-40-40-jasmiin-5kg\/","og_site_name":"Ehituslahendused","article_publisher":"https:\/\/www.facebook.com\/justbuildit.ee","article_modified_time":"2026-04-12T09:07:22+00:00","og_image":[{"width":1301,"height":1301,"url":"https:\/\/justbuildit.eu\/wp-content\/uploads\/2021\/12\/ce40-1940.png","type":"image\/png"}],"twitter_card":"summary_large_image","schema":{"@context":"https:\/\/schema.org","@graph":[{"@type":"WebPage","@id":"https:\/\/justbuildit.eu\/en\/pood\/ehitussegud\/vuugisegud\/elastne-vuugisegu-ceresit-ce-40-40-jasmiin-5kg\/","url":"https:\/\/justbuildit.eu\/en\/pood\/ehitussegud\/vuugisegud\/elastne-vuugisegu-ceresit-ce-40-40-jasmiin-5kg\/","name":"Vuugit\u00e4ide Ceresit Jasmiin","isPartOf":{"@id":"https:\/\/justbuildit.eu\/en\/#website"},"primaryImageOfPage":{"@id":"https:\/\/justbuildit.eu\/en\/pood\/ehitussegud\/vuugisegud\/elastne-vuugisegu-ceresit-ce-40-40-jasmiin-5kg\/#primaryimage"},"image":{"@id":"https:\/\/justbuildit.eu\/en\/pood\/ehitussegud\/vuugisegud\/elastne-vuugisegu-ceresit-ce-40-40-jasmiin-5kg\/#primaryimage"},"thumbnailUrl":"https:\/\/justbuildit.eu\/wp-content\/uploads\/2021\/12\/ce40-1939.png","datePublished":"2021-12-17T12:57:44+00:00","dateModified":"2026-04-12T09:07:22+00:00","breadcrumb":{"@id":"https:\/\/justbuildit.eu\/en\/pood\/ehitussegud\/vuugisegud\/elastne-vuugisegu-ceresit-ce-40-40-jasmiin-5kg\/#breadcrumb"},"inLanguage":"en-US","potentialAction":[{"@type":"ReadAction","target":["https:\/\/justbuildit.eu\/en\/pood\/ehitussegud\/vuugisegud\/elastne-vuugisegu-ceresit-ce-40-40-jasmiin-5kg\/"]}]},{"@type":"ImageObject","inLanguage":"en-US","@id":"https:\/\/justbuildit.eu\/en\/pood\/ehitussegud\/vuugisegud\/elastne-vuugisegu-ceresit-ce-40-40-jasmiin-5kg\/#primaryimage","url":"https:\/\/justbuildit.eu\/wp-content\/uploads\/2021\/12\/ce40-1939.png","contentUrl":"https:\/\/justbuildit.eu\/wp-content\/uploads\/2021\/12\/ce40-1939.png","width":1301,"height":1301},{"@type":"BreadcrumbList","@id":"https:\/\/justbuildit.eu\/en\/pood\/ehitussegud\/vuugisegud\/elastne-vuugisegu-ceresit-ce-40-40-jasmiin-5kg\/#breadcrumb","itemListElement":[{"@type":"ListItem","position":1,"name":"Home","item":"https:\/\/justbuildit.eu\/en\/"},{"@type":"ListItem","position":2,"name":"Shop","item":"https:\/\/justbuildit.eu\/en\/building-materials\/"},{"@type":"ListItem","position":3,"name":"ELASTNE VUUGISEGU CERESIT CE-40 40 JASMIIN 5KG"}]},{"@type":"WebSite","@id":"https:\/\/justbuildit.eu\/en\/#website","url":"https:\/\/justbuildit.eu\/en\/","name":"Ehituslahendused","description":"Ehituslahendused ja materjalid","publisher":{"@id":"https:\/\/justbuildit.eu\/en\/#organization"},"potentialAction":[{"@type":"SearchAction","target":{"@type":"EntryPoint","urlTemplate":"https:\/\/justbuildit.eu\/en\/?s={search_term_string}"},"query-input":{"@type":"PropertyValueSpecification","valueRequired":true,"valueName":"search_term_string"}}],"inLanguage":"en-US"},{"@type":"Organization","@id":"https:\/\/justbuildit.eu\/en\/#organization","name":"Just Build It O\u00dc","url":"https:\/\/justbuildit.eu\/en\/","logo":{"@type":"ImageObject","inLanguage":"en-US","@id":"https:\/\/justbuildit.eu\/en\/#\/schema\/logo\/image\/","url":"https:\/\/justbuildit.eu\/wp-content\/uploads\/2022\/01\/justbuildit.png","contentUrl":"https:\/\/justbuildit.eu\/wp-content\/uploads\/2022\/01\/justbuildit.png","width":173,"height":77,"caption":"Just Build It O\u00dc"},"image":{"@id":"https:\/\/justbuildit.eu\/en\/#\/schema\/logo\/image\/"},"sameAs":["https:\/\/www.facebook.com\/justbuildit.ee"]}]}},"_links":{"self":[{"href":"https:\/\/justbuildit.eu\/en\/wp-json\/wp\/v2\/product\/1722","targetHints":{"allow":["GET"]}}],"collection":[{"href":"https:\/\/justbuildit.eu\/en\/wp-json\/wp\/v2\/product"}],"about":[{"href":"https:\/\/justbuildit.eu\/en\/wp-json\/wp\/v2\/types\/product"}],"replies":[{"embeddable":true,"href":"https:\/\/justbuildit.eu\/en\/wp-json\/wp\/v2\/comments?post=1722"}],"wp:featuredmedia":[{"embeddable":true,"href":"https:\/\/justbuildit.eu\/en\/wp-json\/wp\/v2\/media\/648707"}],"wp:attachment":[{"href":"https:\/\/justbuildit.eu\/en\/wp-json\/wp\/v2\/media?parent=1722"}],"wp:term":[{"taxonomy":"product_brand","embeddable":true,"href":"https:\/\/justbuildit.eu\/en\/wp-json\/wp\/v2\/product_brand?post=1722"},{"taxonomy":"product_cat","embeddable":true,"href":"https:\/\/justbuildit.eu\/en\/wp-json\/wp\/v2\/product_cat?post=1722"},{"taxonomy":"product_tag","embeddable":true,"href":"https:\/\/justbuildit.eu\/en\/wp-json\/wp\/v2\/product_tag?post=1722"}],"curies":[{"name":"wp","href":"https:\/\/api.w.org\/{rel}","templated":true}]}}