{"id":228997,"date":"2023-02-19T12:19:03","date_gmt":"2023-02-19T09:19:03","guid":{"rendered":"https:\/\/justbuildit.eu\/?post_type=product&#038;p=228997"},"modified":"2026-04-11T12:05:57","modified_gmt":"2026-04-11T09:05:57","slug":"valamu-ifo-spira-square","status":"publish","type":"product","link":"https:\/\/justbuildit.eu\/en\/pood\/espak\/valamu-ifo-spira-square\/","title":{"rendered":"VALAMU IF\u00d6 SPIRA SQUARE"},"content":{"rendered":"<div class=\"row\"  id=\"row-1583544451\">\n<div id=\"col-2043376376\" class=\"col medium-9 small-12 large-9\"  >\n<div class=\"col-inner\"  >\n<h2>IF\u00d6 SPIRA SQUARE VALAMU<\/h2>\n<p>Valamu tagumise riiulipinna ja t\u00f5stetud tagaservaga. Nelinurkne kuju. Kinnitatakse kronsteinide v\u00f5i poltide abil seinale.<br \/>\nValamu on kaetud meie lihtsasti puhastatava glasuuriga If\u00f6 Clean.<br \/>\nKujustanud Knud Holscher.<br \/>\n Sobib kokku If\u00f6 Spira valamukapp kahe uksega If\u00f6 kronsteinide komplekt valamu jaoks, 26 cm.<\/p>\n<div id=\"gap-580862085\" class=\"gap-element clearfix\" style=\"display:block; height:auto;\">\n<style>\n#gap-580862085 {\n  padding-top: 30px;\n}\n<\/style>\n<\/p>\n<\/div>\n<\/div>\n<\/div>\n<div id=\"col-598079679\" class=\"col medium-3 small-12 large-3\"  >\n<div class=\"col-inner\"  >\n<div id=\"gap-334104662\" class=\"gap-element clearfix\" style=\"display:block; height:auto;\">\n<style>\n#gap-334104662 {\n  padding-top: 30px;\n}\n<\/style>\n<\/p>\n<\/div>\n<div class=\"is-divider divider clearfix\" ><\/div>\n<p><strong>\u00dcksikasjalikuma n\u00f5u saamiseks v\u00f5tke \u00fchendust:<br \/><\/strong>Geberit Estonia<br \/>Kuma tee 2<br \/>75312<br \/>Peetri<br \/>+372 6020775<\/p>\n<div class=\"is-divider divider clearfix\" ><\/div>\n<\/p>\n<\/div>\n<\/div>\n<\/div>\n","protected":false},"excerpt":{"rendered":"<p>Valamu tagumise riiulipinna ja t\u00f5stetud tagaservaga. Nelinurkne kuju. Kinnitatakse kronsteinide v\u00f5i poltide abil seinale.<br \/>\nValamu on kaetud meie lihtsasti puhastatava glasuuriga If\u00f6 Clean.<br \/>\nKujustanud Knud Holscher.<br \/>\n Sobib kokku If\u00f6 Spira valamukapp kahe uksega If\u00f6 kronsteinide komplekt valamu jaoks, 26 cm.<\/p>","protected":false},"featured_media":228998,"comment_status":"open","ping_status":"closed","template":"","meta":{"_acf_changed":false},"product_brand":[],"product_cat":[785,498],"product_tag":[],"class_list":{"0":"post-228997","1":"product","2":"type-product","3":"status-publish","4":"has-post-thumbnail","6":"product_cat-santehnika","7":"product_cat-espak","9":"first","10":"instock","11":"sale","12":"shipping-taxable","13":"purchasable","14":"product-type-simple"},"acf":[],"yoast_head":"<!-- This site is optimized with the Yoast SEO Premium plugin v18.7 (Yoast SEO v26.5) - https:\/\/yoast.com\/wordpress\/plugins\/seo\/ -->\n<title>VALAMU IF\u00d6 SPIRA SQUARE - Ehituslahendused<\/title>\n<meta name=\"description\" content=\"Valamu tagumise riiulipinna ja t\u00f5stetud tagaservaga. Nelinurkne kuju. Kinnitatakse kronsteinide v\u00f5i poltide abil seinale.Valamu on kaetud meie lihtsasti puhastatava glasuuriga If\u00f6 Clean.Kujustanud Knud Holscher.Sobib kokku If\u00f6 Spira valamukapp kahe uksega If\u00f6 kronsteinide komplekt valamu jaoks, 26 cm.\" \/>\n<meta name=\"robots\" content=\"index, follow, max-snippet:-1, max-image-preview:large, max-video-preview:-1\" \/>\n<link rel=\"canonical\" href=\"https:\/\/justbuildit.eu\/en\/pood\/espak\/valamu-ifo-spira-square\/\" \/>\n<meta property=\"og:locale\" content=\"en_US\" \/>\n<meta property=\"og:type\" content=\"article\" \/>\n<meta property=\"og:title\" content=\"VALAMU IF\u00d6 SPIRA SQUARE\" \/>\n<meta property=\"og:description\" content=\"Valamu tagumise riiulipinna ja t\u00f5stetud tagaservaga. Nelinurkne kuju. Kinnitatakse kronsteinide v\u00f5i poltide abil seinale.Valamu on kaetud meie lihtsasti puhastatava glasuuriga If\u00f6 Clean.Kujustanud Knud Holscher.Sobib kokku If\u00f6 Spira valamukapp kahe uksega If\u00f6 kronsteinide komplekt valamu jaoks, 26 cm.\" \/>\n<meta property=\"og:url\" content=\"https:\/\/justbuildit.eu\/en\/pood\/espak\/valamu-ifo-spira-square\/\" \/>\n<meta property=\"og:site_name\" content=\"Ehituslahendused\" \/>\n<meta property=\"article:publisher\" content=\"https:\/\/www.facebook.com\/justbuildit.ee\" \/>\n<meta property=\"article:modified_time\" content=\"2026-04-11T09:05:57+00:00\" \/>\n<meta property=\"og:image\" content=\"https:\/\/justbuildit.eu\/wp-content\/uploads\/2023\/02\/55-15022.jpg\" \/>\n\t<meta property=\"og:image:width\" content=\"530\" \/>\n\t<meta property=\"og:image:height\" content=\"530\" \/>\n\t<meta property=\"og:image:type\" content=\"image\/jpeg\" \/>\n<meta name=\"twitter:card\" content=\"summary_large_image\" \/>\n<script type=\"application\/ld+json\" class=\"yoast-schema-graph\">{\"@context\":\"https:\/\/schema.org\",\"@graph\":[{\"@type\":\"WebPage\",\"@id\":\"https:\/\/justbuildit.eu\/en\/pood\/espak\/valamu-ifo-spira-square\/\",\"url\":\"https:\/\/justbuildit.eu\/en\/pood\/espak\/valamu-ifo-spira-square\/\",\"name\":\"VALAMU IF\u00d6 SPIRA SQUARE - Ehituslahendused\",\"isPartOf\":{\"@id\":\"https:\/\/justbuildit.eu\/en\/#website\"},\"primaryImageOfPage\":{\"@id\":\"https:\/\/justbuildit.eu\/en\/pood\/espak\/valamu-ifo-spira-square\/#primaryimage\"},\"image\":{\"@id\":\"https:\/\/justbuildit.eu\/en\/pood\/espak\/valamu-ifo-spira-square\/#primaryimage\"},\"thumbnailUrl\":\"https:\/\/justbuildit.eu\/wp-content\/uploads\/2023\/02\/55-15022.jpg\",\"datePublished\":\"2023-02-19T09:19:03+00:00\",\"dateModified\":\"2026-04-11T09:05:57+00:00\",\"description\":\"Valamu tagumise riiulipinna ja t\u00f5stetud tagaservaga. Nelinurkne kuju. Kinnitatakse kronsteinide v\u00f5i poltide abil seinale.Valamu on kaetud meie lihtsasti puhastatava glasuuriga If\u00f6 Clean.Kujustanud Knud Holscher.Sobib kokku If\u00f6 Spira valamukapp kahe uksega If\u00f6 kronsteinide komplekt valamu jaoks, 26 cm.\",\"breadcrumb\":{\"@id\":\"https:\/\/justbuildit.eu\/en\/pood\/espak\/valamu-ifo-spira-square\/#breadcrumb\"},\"inLanguage\":\"en-US\",\"potentialAction\":[{\"@type\":\"ReadAction\",\"target\":[\"https:\/\/justbuildit.eu\/en\/pood\/espak\/valamu-ifo-spira-square\/\"]}]},{\"@type\":\"ImageObject\",\"inLanguage\":\"en-US\",\"@id\":\"https:\/\/justbuildit.eu\/en\/pood\/espak\/valamu-ifo-spira-square\/#primaryimage\",\"url\":\"https:\/\/justbuildit.eu\/wp-content\/uploads\/2023\/02\/55-15022.jpg\",\"contentUrl\":\"https:\/\/justbuildit.eu\/wp-content\/uploads\/2023\/02\/55-15022.jpg\",\"width\":530,\"height\":530},{\"@type\":\"BreadcrumbList\",\"@id\":\"https:\/\/justbuildit.eu\/en\/pood\/espak\/valamu-ifo-spira-square\/#breadcrumb\",\"itemListElement\":[{\"@type\":\"ListItem\",\"position\":1,\"name\":\"Home\",\"item\":\"https:\/\/justbuildit.eu\/en\/\"},{\"@type\":\"ListItem\",\"position\":2,\"name\":\"Shop\",\"item\":\"https:\/\/justbuildit.eu\/en\/building-materials\/\"},{\"@type\":\"ListItem\",\"position\":3,\"name\":\"VALAMU IF\u00d6 SPIRA SQUARE\"}]},{\"@type\":\"WebSite\",\"@id\":\"https:\/\/justbuildit.eu\/en\/#website\",\"url\":\"https:\/\/justbuildit.eu\/en\/\",\"name\":\"Ehituslahendused\",\"description\":\"Ehituslahendused ja materjalid\",\"publisher\":{\"@id\":\"https:\/\/justbuildit.eu\/en\/#organization\"},\"potentialAction\":[{\"@type\":\"SearchAction\",\"target\":{\"@type\":\"EntryPoint\",\"urlTemplate\":\"https:\/\/justbuildit.eu\/en\/?s={search_term_string}\"},\"query-input\":{\"@type\":\"PropertyValueSpecification\",\"valueRequired\":true,\"valueName\":\"search_term_string\"}}],\"inLanguage\":\"en-US\"},{\"@type\":\"Organization\",\"@id\":\"https:\/\/justbuildit.eu\/en\/#organization\",\"name\":\"Just Build It O\u00dc\",\"url\":\"https:\/\/justbuildit.eu\/en\/\",\"logo\":{\"@type\":\"ImageObject\",\"inLanguage\":\"en-US\",\"@id\":\"https:\/\/justbuildit.eu\/en\/#\/schema\/logo\/image\/\",\"url\":\"https:\/\/justbuildit.eu\/wp-content\/uploads\/2022\/01\/justbuildit.png\",\"contentUrl\":\"https:\/\/justbuildit.eu\/wp-content\/uploads\/2022\/01\/justbuildit.png\",\"width\":173,\"height\":77,\"caption\":\"Just Build It O\u00dc\"},\"image\":{\"@id\":\"https:\/\/justbuildit.eu\/en\/#\/schema\/logo\/image\/\"},\"sameAs\":[\"https:\/\/www.facebook.com\/justbuildit.ee\"]}]}<\/script>\n<!-- \/ Yoast SEO Premium plugin. -->","yoast_head_json":{"title":"VALAMU IF\u00d6 SPIRA SQUARE - Ehituslahendused","description":"Valamu tagumise riiulipinna ja t\u00f5stetud tagaservaga. Nelinurkne kuju. Kinnitatakse kronsteinide v\u00f5i poltide abil seinale.Valamu on kaetud meie lihtsasti puhastatava glasuuriga If\u00f6 Clean.Kujustanud Knud Holscher.Sobib kokku If\u00f6 Spira valamukapp kahe uksega If\u00f6 kronsteinide komplekt valamu jaoks, 26 cm.","robots":{"index":"index","follow":"follow","max-snippet":"max-snippet:-1","max-image-preview":"max-image-preview:large","max-video-preview":"max-video-preview:-1"},"canonical":"https:\/\/justbuildit.eu\/en\/pood\/espak\/valamu-ifo-spira-square\/","og_locale":"en_US","og_type":"article","og_title":"VALAMU IF\u00d6 SPIRA SQUARE","og_description":"Valamu tagumise riiulipinna ja t\u00f5stetud tagaservaga. Nelinurkne kuju. Kinnitatakse kronsteinide v\u00f5i poltide abil seinale.Valamu on kaetud meie lihtsasti puhastatava glasuuriga If\u00f6 Clean.Kujustanud Knud Holscher.Sobib kokku If\u00f6 Spira valamukapp kahe uksega If\u00f6 kronsteinide komplekt valamu jaoks, 26 cm.","og_url":"https:\/\/justbuildit.eu\/en\/pood\/espak\/valamu-ifo-spira-square\/","og_site_name":"Ehituslahendused","article_publisher":"https:\/\/www.facebook.com\/justbuildit.ee","article_modified_time":"2026-04-11T09:05:57+00:00","og_image":[{"width":530,"height":530,"url":"https:\/\/justbuildit.eu\/wp-content\/uploads\/2023\/02\/55-15022.jpg","type":"image\/jpeg"}],"twitter_card":"summary_large_image","schema":{"@context":"https:\/\/schema.org","@graph":[{"@type":"WebPage","@id":"https:\/\/justbuildit.eu\/en\/pood\/espak\/valamu-ifo-spira-square\/","url":"https:\/\/justbuildit.eu\/en\/pood\/espak\/valamu-ifo-spira-square\/","name":"VALAMU IF\u00d6 SPIRA SQUARE - Ehituslahendused","isPartOf":{"@id":"https:\/\/justbuildit.eu\/en\/#website"},"primaryImageOfPage":{"@id":"https:\/\/justbuildit.eu\/en\/pood\/espak\/valamu-ifo-spira-square\/#primaryimage"},"image":{"@id":"https:\/\/justbuildit.eu\/en\/pood\/espak\/valamu-ifo-spira-square\/#primaryimage"},"thumbnailUrl":"https:\/\/justbuildit.eu\/wp-content\/uploads\/2023\/02\/55-15022.jpg","datePublished":"2023-02-19T09:19:03+00:00","dateModified":"2026-04-11T09:05:57+00:00","description":"Valamu tagumise riiulipinna ja t\u00f5stetud tagaservaga. Nelinurkne kuju. Kinnitatakse kronsteinide v\u00f5i poltide abil seinale.Valamu on kaetud meie lihtsasti puhastatava glasuuriga If\u00f6 Clean.Kujustanud Knud Holscher.Sobib kokku If\u00f6 Spira valamukapp kahe uksega If\u00f6 kronsteinide komplekt valamu jaoks, 26 cm.","breadcrumb":{"@id":"https:\/\/justbuildit.eu\/en\/pood\/espak\/valamu-ifo-spira-square\/#breadcrumb"},"inLanguage":"en-US","potentialAction":[{"@type":"ReadAction","target":["https:\/\/justbuildit.eu\/en\/pood\/espak\/valamu-ifo-spira-square\/"]}]},{"@type":"ImageObject","inLanguage":"en-US","@id":"https:\/\/justbuildit.eu\/en\/pood\/espak\/valamu-ifo-spira-square\/#primaryimage","url":"https:\/\/justbuildit.eu\/wp-content\/uploads\/2023\/02\/55-15022.jpg","contentUrl":"https:\/\/justbuildit.eu\/wp-content\/uploads\/2023\/02\/55-15022.jpg","width":530,"height":530},{"@type":"BreadcrumbList","@id":"https:\/\/justbuildit.eu\/en\/pood\/espak\/valamu-ifo-spira-square\/#breadcrumb","itemListElement":[{"@type":"ListItem","position":1,"name":"Home","item":"https:\/\/justbuildit.eu\/en\/"},{"@type":"ListItem","position":2,"name":"Shop","item":"https:\/\/justbuildit.eu\/en\/building-materials\/"},{"@type":"ListItem","position":3,"name":"VALAMU IF\u00d6 SPIRA SQUARE"}]},{"@type":"WebSite","@id":"https:\/\/justbuildit.eu\/en\/#website","url":"https:\/\/justbuildit.eu\/en\/","name":"Ehituslahendused","description":"Ehituslahendused ja materjalid","publisher":{"@id":"https:\/\/justbuildit.eu\/en\/#organization"},"potentialAction":[{"@type":"SearchAction","target":{"@type":"EntryPoint","urlTemplate":"https:\/\/justbuildit.eu\/en\/?s={search_term_string}"},"query-input":{"@type":"PropertyValueSpecification","valueRequired":true,"valueName":"search_term_string"}}],"inLanguage":"en-US"},{"@type":"Organization","@id":"https:\/\/justbuildit.eu\/en\/#organization","name":"Just Build It O\u00dc","url":"https:\/\/justbuildit.eu\/en\/","logo":{"@type":"ImageObject","inLanguage":"en-US","@id":"https:\/\/justbuildit.eu\/en\/#\/schema\/logo\/image\/","url":"https:\/\/justbuildit.eu\/wp-content\/uploads\/2022\/01\/justbuildit.png","contentUrl":"https:\/\/justbuildit.eu\/wp-content\/uploads\/2022\/01\/justbuildit.png","width":173,"height":77,"caption":"Just Build It O\u00dc"},"image":{"@id":"https:\/\/justbuildit.eu\/en\/#\/schema\/logo\/image\/"},"sameAs":["https:\/\/www.facebook.com\/justbuildit.ee"]}]}},"_links":{"self":[{"href":"https:\/\/justbuildit.eu\/en\/wp-json\/wp\/v2\/product\/228997","targetHints":{"allow":["GET"]}}],"collection":[{"href":"https:\/\/justbuildit.eu\/en\/wp-json\/wp\/v2\/product"}],"about":[{"href":"https:\/\/justbuildit.eu\/en\/wp-json\/wp\/v2\/types\/product"}],"replies":[{"embeddable":true,"href":"https:\/\/justbuildit.eu\/en\/wp-json\/wp\/v2\/comments?post=228997"}],"wp:featuredmedia":[{"embeddable":true,"href":"https:\/\/justbuildit.eu\/en\/wp-json\/wp\/v2\/media\/228998"}],"wp:attachment":[{"href":"https:\/\/justbuildit.eu\/en\/wp-json\/wp\/v2\/media?parent=228997"}],"wp:term":[{"taxonomy":"product_brand","embeddable":true,"href":"https:\/\/justbuildit.eu\/en\/wp-json\/wp\/v2\/product_brand?post=228997"},{"taxonomy":"product_cat","embeddable":true,"href":"https:\/\/justbuildit.eu\/en\/wp-json\/wp\/v2\/product_cat?post=228997"},{"taxonomy":"product_tag","embeddable":true,"href":"https:\/\/justbuildit.eu\/en\/wp-json\/wp\/v2\/product_tag?post=228997"}],"curies":[{"name":"wp","href":"https:\/\/api.w.org\/{rel}","templated":true}]}}