{"id":246232,"date":"2023-03-18T09:55:04","date_gmt":"2023-03-18T06:55:04","guid":{"rendered":"https:\/\/justbuildit.eu\/?post_type=product&#038;p=246232"},"modified":"2026-04-19T12:05:51","modified_gmt":"2026-04-19T09:05:51","slug":"laminaatparkett-d3073-12mm-kl33-phalsbourg-tamm","status":"publish","type":"product","link":"https:\/\/justbuildit.eu\/en\/pood\/poranda-ja-seinakatted\/parketid\/laminaatparkett-d3073-12mm-kl33-phalsbourg-tamm\/","title":{"rendered":"LAMINAATPARKETT D3073 12MM KL33 PHALSBOURG TAMM"},"content":{"rendered":"<div class=\"row\"  id=\"row-1788527399\">\n<div id=\"col-244605289\" class=\"col medium-9 small-12 large-9\"  >\n<div class=\"col-inner\"  >\n<h3>LAMINAATPARKETT ROBUSTO D3073 PHALSBOURG TAMM<\/h3>\n<p>Kronotex ROBUSTO on p\u00f5randakate, mille peaksite valima, kui oluline on suur kandev\u00f5ime ja vastupidavus.<br \/>\nMaksimaalne vastupidavus ja kandev\u00f5ime on saavutatud 12 mm kandeplaadi, tippkoormuste jaoks v\u00e4lja t\u00f6\u00f6tatud pealispinna ning Click s\u00fcsteemiga.<br \/>\nROBUSTO on p\u00f5rand, millele saate ilma probleemideta esitada palju n\u00f5udmisi. P\u00f5rand s\u00e4ilitab oma esialgse ilu mitu aastat, isegi kui kasutate seda \u00fchiskondlikes ruumides.<\/p>\n<div class=\"message-box relative\" style=\"padding-top:15px;padding-bottom:15px;\">\n<div class=\"message-box-bg-image bg-fill fill\" ><\/div>\n<div class=\"message-box-bg-overlay bg-fill fill\" ><\/div>\n<div class=\"container relative\">\n<div class=\"inner last-reset\">\n<div class=\"row align-middle align-center\"  id=\"row-855619456\">\n<div id=\"col-1103072489\" class=\"col small-12 large-12\"  >\n<div class=\"col-inner text-left\"  >\n<h4>Omadused<\/h4>\n<div class=\"row\"  id=\"row-870745236\">\n<div id=\"col-877269302\" class=\"col medium-6 small-12 large-6\"  >\n<div class=\"col-inner\"  >\n<p><i class=\"fa fa-check fa-2x\"><\/i>  Sobib suure kasutusintensiivsusega \u00fchiskondlikesse ruumidesse<\/p>\n<p><i class=\"fa fa-check fa-2x\"><\/i> 1- lipiline<\/p>\n<p><i class=\"fa fa-check fa-2x\"><\/i> Sobib p\u00f5randak\u00fcttele<\/p>\n<p><i class=\"fa fa-check fa-2x\"><\/i> Antistaatiline<\/p>\n<\/p>\n<\/div>\n<style>\n#col-877269302 > .col-inner {\n  margin: 10px 0px 15px 0px;\n}\n<\/style>\n<\/p>\n<\/div>\n<div id=\"col-1904081467\" class=\"col medium-6 small-12 large-6\"  >\n<div class=\"col-inner\"  >\n<p><i class=\"fa fa-check fa-2x\"><\/i> Niiskuskindel ja vastupidav<\/p>\n<p><i class=\"fa fa-check fa-2x\"><\/i> Spetsiaalse pinnastruktuuriga<\/p>\n<p><i class=\"fa fa-check fa-2x\"><\/i> 4-st k\u00fcljest faasitud (V4) 45\u00b0 kaldservaga <\/p>\n<\/p>\n<\/div>\n<style>\n#col-1904081467 > .col-inner {\n  margin: 10px 0px 15px 0px;\n}\n<\/style>\n<\/p>\n<\/div>\n<\/div>\n<\/div>\n<\/div>\n<\/div>\n<\/div>\n<\/div>\n<\/div>\n<div id=\"gap-5079002\" class=\"gap-element clearfix\" style=\"display:block; height:auto;\">\n<style>\n#gap-5079002 {\n  padding-top: 30px;\n}\n<\/style>\n<\/p>\n<\/div>\n<\/div>\n<\/div>\n<div id=\"col-1289938490\" class=\"col medium-3 small-12 large-3\"  >\n<div class=\"col-inner\"  >\n<div id=\"gap-1980189345\" class=\"gap-element clearfix\" style=\"display:block; height:auto;\">\n<style>\n#gap-1980189345 {\n  padding-top: 30px;\n}\n<\/style>\n<\/p>\n<\/div>\n<p><strong>\u00dcksikasjalikuma n\u00f5u saamiseks v\u00f5tke \u00fchendust:<br \/><\/strong>Espak AS<br \/>Viadukti 42<br \/>11313<br \/>Tallinn<br \/>+372 6 512333<\/p>\n<\/p>\n<\/div>\n<\/div>\n<\/div>\n","protected":false},"excerpt":{"rendered":"<p>Kronotex ROBUSTO on p\u00f5randakate, mille peaksite valima, kui oluline on suur kandev\u00f5ime ja vastupidavus.<br \/>\nMaksimaalne vastupidavus ja kandev\u00f5ime on saavutatud 12 mm kandeplaadi, tippkoormuste jaoks v\u00e4lja t\u00f6\u00f6tatud pealispinna ning Click s\u00fcsteemiga.<br \/>\nROBUSTO on p\u00f5rand, millele saate ilma probleemideta esitada palju n\u00f5udmisi. P\u00f5rand s\u00e4ilitab oma esialgse ilu mitu aastat, isegi kui kasutate seda \u00fchiskondlikes ruumides.<\/p>","protected":false},"featured_media":246233,"comment_status":"open","ping_status":"closed","template":"","meta":{"_acf_changed":false},"product_brand":[],"product_cat":[96,498],"product_tag":[],"class_list":{"0":"post-246232","1":"product","2":"type-product","3":"status-publish","4":"has-post-thumbnail","6":"product_cat-parketid","7":"product_cat-espak","9":"first","10":"instock","11":"sale","12":"shipping-taxable","13":"purchasable","14":"product-type-simple"},"acf":[],"yoast_head":"<!-- This site is optimized with the Yoast SEO Premium plugin v18.7 (Yoast SEO v26.5) - https:\/\/yoast.com\/wordpress\/plugins\/seo\/ -->\n<title>LAMINAATPARKETT D3073 12MM KL33 PHALSBOURG TAMM - Ehituslahendused<\/title>\n<meta name=\"description\" content=\"Kronotex ROBUSTO on p\u00f5randakate, mille peaksite valima, kui oluline on suur kandev\u00f5ime ja vastupidavus.Maksimaalne vastupidavus ja kandev\u00f5ime on saavutatud 12 mm kandeplaadi, tippkoormuste jaoks v\u00e4lja t\u00f6\u00f6tatud pealispinna ning Click s\u00fcsteemiga.ROBUSTO on p\u00f5rand, millele saate ilma probleemideta esitada palju n\u00f5udmisi.\" \/>\n<meta name=\"robots\" content=\"index, follow, max-snippet:-1, max-image-preview:large, max-video-preview:-1\" \/>\n<link rel=\"canonical\" href=\"https:\/\/justbuildit.eu\/en\/pood\/poranda-ja-seinakatted\/parketid\/laminaatparkett-d3073-12mm-kl33-phalsbourg-tamm\/\" \/>\n<meta property=\"og:locale\" content=\"en_US\" \/>\n<meta property=\"og:type\" content=\"article\" \/>\n<meta property=\"og:title\" content=\"LAMINAATPARKETT D3073 12MM KL33 PHALSBOURG TAMM\" \/>\n<meta property=\"og:description\" content=\"Kronotex ROBUSTO on p\u00f5randakate, mille peaksite valima, kui oluline on suur kandev\u00f5ime ja vastupidavus.Maksimaalne vastupidavus ja kandev\u00f5ime on saavutatud 12 mm kandeplaadi, tippkoormuste jaoks v\u00e4lja t\u00f6\u00f6tatud pealispinna ning Click s\u00fcsteemiga.ROBUSTO on p\u00f5rand, millele saate ilma probleemideta esitada palju n\u00f5udmisi.\" \/>\n<meta property=\"og:url\" content=\"https:\/\/justbuildit.eu\/en\/pood\/poranda-ja-seinakatted\/parketid\/laminaatparkett-d3073-12mm-kl33-phalsbourg-tamm\/\" \/>\n<meta property=\"og:site_name\" content=\"Ehituslahendused\" \/>\n<meta property=\"article:publisher\" content=\"https:\/\/www.facebook.com\/justbuildit.ee\" \/>\n<meta property=\"article:modified_time\" content=\"2026-04-19T09:05:51+00:00\" \/>\n<meta property=\"og:image\" content=\"https:\/\/justbuildit.eu\/wp-content\/uploads\/2023\/03\/D-3073-V4-A7-CMYK.tif-1.jpg\" \/>\n\t<meta property=\"og:image:width\" content=\"877\" \/>\n\t<meta property=\"og:image:height\" content=\"877\" \/>\n\t<meta property=\"og:image:type\" content=\"image\/jpeg\" \/>\n<meta name=\"twitter:card\" content=\"summary_large_image\" \/>\n<script type=\"application\/ld+json\" class=\"yoast-schema-graph\">{\"@context\":\"https:\/\/schema.org\",\"@graph\":[{\"@type\":\"WebPage\",\"@id\":\"https:\/\/justbuildit.eu\/en\/pood\/poranda-ja-seinakatted\/parketid\/laminaatparkett-d3073-12mm-kl33-phalsbourg-tamm\/\",\"url\":\"https:\/\/justbuildit.eu\/en\/pood\/poranda-ja-seinakatted\/parketid\/laminaatparkett-d3073-12mm-kl33-phalsbourg-tamm\/\",\"name\":\"LAMINAATPARKETT D3073 12MM KL33 PHALSBOURG TAMM - Ehituslahendused\",\"isPartOf\":{\"@id\":\"https:\/\/justbuildit.eu\/en\/#website\"},\"primaryImageOfPage\":{\"@id\":\"https:\/\/justbuildit.eu\/en\/pood\/poranda-ja-seinakatted\/parketid\/laminaatparkett-d3073-12mm-kl33-phalsbourg-tamm\/#primaryimage\"},\"image\":{\"@id\":\"https:\/\/justbuildit.eu\/en\/pood\/poranda-ja-seinakatted\/parketid\/laminaatparkett-d3073-12mm-kl33-phalsbourg-tamm\/#primaryimage\"},\"thumbnailUrl\":\"https:\/\/justbuildit.eu\/wp-content\/uploads\/2023\/03\/D-3073-V4-A7-CMYK.tif-1.jpg\",\"datePublished\":\"2023-03-18T06:55:04+00:00\",\"dateModified\":\"2026-04-19T09:05:51+00:00\",\"description\":\"Kronotex ROBUSTO on p\u00f5randakate, mille peaksite valima, kui oluline on suur kandev\u00f5ime ja vastupidavus.Maksimaalne vastupidavus ja kandev\u00f5ime on saavutatud 12 mm kandeplaadi, tippkoormuste jaoks v\u00e4lja t\u00f6\u00f6tatud pealispinna ning Click s\u00fcsteemiga.ROBUSTO on p\u00f5rand, millele saate ilma probleemideta esitada palju n\u00f5udmisi.\",\"breadcrumb\":{\"@id\":\"https:\/\/justbuildit.eu\/en\/pood\/poranda-ja-seinakatted\/parketid\/laminaatparkett-d3073-12mm-kl33-phalsbourg-tamm\/#breadcrumb\"},\"inLanguage\":\"en-US\",\"potentialAction\":[{\"@type\":\"ReadAction\",\"target\":[\"https:\/\/justbuildit.eu\/en\/pood\/poranda-ja-seinakatted\/parketid\/laminaatparkett-d3073-12mm-kl33-phalsbourg-tamm\/\"]}]},{\"@type\":\"ImageObject\",\"inLanguage\":\"en-US\",\"@id\":\"https:\/\/justbuildit.eu\/en\/pood\/poranda-ja-seinakatted\/parketid\/laminaatparkett-d3073-12mm-kl33-phalsbourg-tamm\/#primaryimage\",\"url\":\"https:\/\/justbuildit.eu\/wp-content\/uploads\/2023\/03\/D-3073-V4-A7-CMYK.tif-1.jpg\",\"contentUrl\":\"https:\/\/justbuildit.eu\/wp-content\/uploads\/2023\/03\/D-3073-V4-A7-CMYK.tif-1.jpg\",\"width\":877,\"height\":877},{\"@type\":\"BreadcrumbList\",\"@id\":\"https:\/\/justbuildit.eu\/en\/pood\/poranda-ja-seinakatted\/parketid\/laminaatparkett-d3073-12mm-kl33-phalsbourg-tamm\/#breadcrumb\",\"itemListElement\":[{\"@type\":\"ListItem\",\"position\":1,\"name\":\"Home\",\"item\":\"https:\/\/justbuildit.eu\/en\/\"},{\"@type\":\"ListItem\",\"position\":2,\"name\":\"Shop\",\"item\":\"https:\/\/justbuildit.eu\/en\/building-materials\/\"},{\"@type\":\"ListItem\",\"position\":3,\"name\":\"LAMINAATPARKETT D3073 12MM KL33 PHALSBOURG TAMM\"}]},{\"@type\":\"WebSite\",\"@id\":\"https:\/\/justbuildit.eu\/en\/#website\",\"url\":\"https:\/\/justbuildit.eu\/en\/\",\"name\":\"Ehituslahendused\",\"description\":\"Ehituslahendused ja materjalid\",\"publisher\":{\"@id\":\"https:\/\/justbuildit.eu\/en\/#organization\"},\"potentialAction\":[{\"@type\":\"SearchAction\",\"target\":{\"@type\":\"EntryPoint\",\"urlTemplate\":\"https:\/\/justbuildit.eu\/en\/?s={search_term_string}\"},\"query-input\":{\"@type\":\"PropertyValueSpecification\",\"valueRequired\":true,\"valueName\":\"search_term_string\"}}],\"inLanguage\":\"en-US\"},{\"@type\":\"Organization\",\"@id\":\"https:\/\/justbuildit.eu\/en\/#organization\",\"name\":\"Just Build It O\u00dc\",\"url\":\"https:\/\/justbuildit.eu\/en\/\",\"logo\":{\"@type\":\"ImageObject\",\"inLanguage\":\"en-US\",\"@id\":\"https:\/\/justbuildit.eu\/en\/#\/schema\/logo\/image\/\",\"url\":\"https:\/\/justbuildit.eu\/wp-content\/uploads\/2022\/01\/justbuildit.png\",\"contentUrl\":\"https:\/\/justbuildit.eu\/wp-content\/uploads\/2022\/01\/justbuildit.png\",\"width\":173,\"height\":77,\"caption\":\"Just Build It O\u00dc\"},\"image\":{\"@id\":\"https:\/\/justbuildit.eu\/en\/#\/schema\/logo\/image\/\"},\"sameAs\":[\"https:\/\/www.facebook.com\/justbuildit.ee\"]}]}<\/script>\n<!-- \/ Yoast SEO Premium plugin. -->","yoast_head_json":{"title":"LAMINAATPARKETT D3073 12MM KL33 PHALSBOURG TAMM - Ehituslahendused","description":"Kronotex ROBUSTO on p\u00f5randakate, mille peaksite valima, kui oluline on suur kandev\u00f5ime ja vastupidavus.Maksimaalne vastupidavus ja kandev\u00f5ime on saavutatud 12 mm kandeplaadi, tippkoormuste jaoks v\u00e4lja t\u00f6\u00f6tatud pealispinna ning Click s\u00fcsteemiga.ROBUSTO on p\u00f5rand, millele saate ilma probleemideta esitada palju n\u00f5udmisi.","robots":{"index":"index","follow":"follow","max-snippet":"max-snippet:-1","max-image-preview":"max-image-preview:large","max-video-preview":"max-video-preview:-1"},"canonical":"https:\/\/justbuildit.eu\/en\/pood\/poranda-ja-seinakatted\/parketid\/laminaatparkett-d3073-12mm-kl33-phalsbourg-tamm\/","og_locale":"en_US","og_type":"article","og_title":"LAMINAATPARKETT D3073 12MM KL33 PHALSBOURG TAMM","og_description":"Kronotex ROBUSTO on p\u00f5randakate, mille peaksite valima, kui oluline on suur kandev\u00f5ime ja vastupidavus.Maksimaalne vastupidavus ja kandev\u00f5ime on saavutatud 12 mm kandeplaadi, tippkoormuste jaoks v\u00e4lja t\u00f6\u00f6tatud pealispinna ning Click s\u00fcsteemiga.ROBUSTO on p\u00f5rand, millele saate ilma probleemideta esitada palju n\u00f5udmisi.","og_url":"https:\/\/justbuildit.eu\/en\/pood\/poranda-ja-seinakatted\/parketid\/laminaatparkett-d3073-12mm-kl33-phalsbourg-tamm\/","og_site_name":"Ehituslahendused","article_publisher":"https:\/\/www.facebook.com\/justbuildit.ee","article_modified_time":"2026-04-19T09:05:51+00:00","og_image":[{"width":877,"height":877,"url":"https:\/\/justbuildit.eu\/wp-content\/uploads\/2023\/03\/D-3073-V4-A7-CMYK.tif-1.jpg","type":"image\/jpeg"}],"twitter_card":"summary_large_image","schema":{"@context":"https:\/\/schema.org","@graph":[{"@type":"WebPage","@id":"https:\/\/justbuildit.eu\/en\/pood\/poranda-ja-seinakatted\/parketid\/laminaatparkett-d3073-12mm-kl33-phalsbourg-tamm\/","url":"https:\/\/justbuildit.eu\/en\/pood\/poranda-ja-seinakatted\/parketid\/laminaatparkett-d3073-12mm-kl33-phalsbourg-tamm\/","name":"LAMINAATPARKETT D3073 12MM KL33 PHALSBOURG TAMM - Ehituslahendused","isPartOf":{"@id":"https:\/\/justbuildit.eu\/en\/#website"},"primaryImageOfPage":{"@id":"https:\/\/justbuildit.eu\/en\/pood\/poranda-ja-seinakatted\/parketid\/laminaatparkett-d3073-12mm-kl33-phalsbourg-tamm\/#primaryimage"},"image":{"@id":"https:\/\/justbuildit.eu\/en\/pood\/poranda-ja-seinakatted\/parketid\/laminaatparkett-d3073-12mm-kl33-phalsbourg-tamm\/#primaryimage"},"thumbnailUrl":"https:\/\/justbuildit.eu\/wp-content\/uploads\/2023\/03\/D-3073-V4-A7-CMYK.tif-1.jpg","datePublished":"2023-03-18T06:55:04+00:00","dateModified":"2026-04-19T09:05:51+00:00","description":"Kronotex ROBUSTO on p\u00f5randakate, mille peaksite valima, kui oluline on suur kandev\u00f5ime ja vastupidavus.Maksimaalne vastupidavus ja kandev\u00f5ime on saavutatud 12 mm kandeplaadi, tippkoormuste jaoks v\u00e4lja t\u00f6\u00f6tatud pealispinna ning Click s\u00fcsteemiga.ROBUSTO on p\u00f5rand, millele saate ilma probleemideta esitada palju n\u00f5udmisi.","breadcrumb":{"@id":"https:\/\/justbuildit.eu\/en\/pood\/poranda-ja-seinakatted\/parketid\/laminaatparkett-d3073-12mm-kl33-phalsbourg-tamm\/#breadcrumb"},"inLanguage":"en-US","potentialAction":[{"@type":"ReadAction","target":["https:\/\/justbuildit.eu\/en\/pood\/poranda-ja-seinakatted\/parketid\/laminaatparkett-d3073-12mm-kl33-phalsbourg-tamm\/"]}]},{"@type":"ImageObject","inLanguage":"en-US","@id":"https:\/\/justbuildit.eu\/en\/pood\/poranda-ja-seinakatted\/parketid\/laminaatparkett-d3073-12mm-kl33-phalsbourg-tamm\/#primaryimage","url":"https:\/\/justbuildit.eu\/wp-content\/uploads\/2023\/03\/D-3073-V4-A7-CMYK.tif-1.jpg","contentUrl":"https:\/\/justbuildit.eu\/wp-content\/uploads\/2023\/03\/D-3073-V4-A7-CMYK.tif-1.jpg","width":877,"height":877},{"@type":"BreadcrumbList","@id":"https:\/\/justbuildit.eu\/en\/pood\/poranda-ja-seinakatted\/parketid\/laminaatparkett-d3073-12mm-kl33-phalsbourg-tamm\/#breadcrumb","itemListElement":[{"@type":"ListItem","position":1,"name":"Home","item":"https:\/\/justbuildit.eu\/en\/"},{"@type":"ListItem","position":2,"name":"Shop","item":"https:\/\/justbuildit.eu\/en\/building-materials\/"},{"@type":"ListItem","position":3,"name":"LAMINAATPARKETT D3073 12MM KL33 PHALSBOURG TAMM"}]},{"@type":"WebSite","@id":"https:\/\/justbuildit.eu\/en\/#website","url":"https:\/\/justbuildit.eu\/en\/","name":"Ehituslahendused","description":"Ehituslahendused ja materjalid","publisher":{"@id":"https:\/\/justbuildit.eu\/en\/#organization"},"potentialAction":[{"@type":"SearchAction","target":{"@type":"EntryPoint","urlTemplate":"https:\/\/justbuildit.eu\/en\/?s={search_term_string}"},"query-input":{"@type":"PropertyValueSpecification","valueRequired":true,"valueName":"search_term_string"}}],"inLanguage":"en-US"},{"@type":"Organization","@id":"https:\/\/justbuildit.eu\/en\/#organization","name":"Just Build It O\u00dc","url":"https:\/\/justbuildit.eu\/en\/","logo":{"@type":"ImageObject","inLanguage":"en-US","@id":"https:\/\/justbuildit.eu\/en\/#\/schema\/logo\/image\/","url":"https:\/\/justbuildit.eu\/wp-content\/uploads\/2022\/01\/justbuildit.png","contentUrl":"https:\/\/justbuildit.eu\/wp-content\/uploads\/2022\/01\/justbuildit.png","width":173,"height":77,"caption":"Just Build It O\u00dc"},"image":{"@id":"https:\/\/justbuildit.eu\/en\/#\/schema\/logo\/image\/"},"sameAs":["https:\/\/www.facebook.com\/justbuildit.ee"]}]}},"_links":{"self":[{"href":"https:\/\/justbuildit.eu\/en\/wp-json\/wp\/v2\/product\/246232","targetHints":{"allow":["GET"]}}],"collection":[{"href":"https:\/\/justbuildit.eu\/en\/wp-json\/wp\/v2\/product"}],"about":[{"href":"https:\/\/justbuildit.eu\/en\/wp-json\/wp\/v2\/types\/product"}],"replies":[{"embeddable":true,"href":"https:\/\/justbuildit.eu\/en\/wp-json\/wp\/v2\/comments?post=246232"}],"wp:featuredmedia":[{"embeddable":true,"href":"https:\/\/justbuildit.eu\/en\/wp-json\/wp\/v2\/media\/246233"}],"wp:attachment":[{"href":"https:\/\/justbuildit.eu\/en\/wp-json\/wp\/v2\/media?parent=246232"}],"wp:term":[{"taxonomy":"product_brand","embeddable":true,"href":"https:\/\/justbuildit.eu\/en\/wp-json\/wp\/v2\/product_brand?post=246232"},{"taxonomy":"product_cat","embeddable":true,"href":"https:\/\/justbuildit.eu\/en\/wp-json\/wp\/v2\/product_cat?post=246232"},{"taxonomy":"product_tag","embeddable":true,"href":"https:\/\/justbuildit.eu\/en\/wp-json\/wp\/v2\/product_tag?post=246232"}],"curies":[{"name":"wp","href":"https:\/\/api.w.org\/{rel}","templated":true}]}}