{"id":272535,"date":"2023-04-29T09:55:26","date_gmt":"2023-04-29T06:55:26","guid":{"rendered":"https:\/\/justbuildit.eu\/?post_type=product&#038;p=272535"},"modified":"2026-04-16T12:06:22","modified_gmt":"2026-04-16T09:06:22","slug":"sugavale-imenduv-kruntimisvahend-ceresit-ct-17-5l-2","status":"publish","type":"product","link":"https:\/\/justbuildit.eu\/en\/pood\/varvid-ja-viimistlusmaterjalid\/krundid\/sugavale-imenduv-kruntimisvahend-ceresit-ct-17-5l-2\/","title":{"rendered":"S\u00dcGAVALE IMENDUV KRUNTIMISVAHEND CERESIT CT-17 5L"},"content":{"rendered":"<div class=\"row\"  id=\"row-1618908866\">\n<div id=\"col-1427373228\" class=\"col medium-9 small-12 large-9\"  >\n<div class=\"col-inner\"  >\n<h2>CT 17 S\u00fcgavale imenduv krunt<\/h2>\n<p>S\u00fcnteetilisel vaigul p\u00f5hinev krunt.<\/p>\n<div class=\"message-box relative\" style=\"padding-top:15px;padding-bottom:15px;\">\n<div class=\"message-box-bg-image bg-fill fill\" ><\/div>\n<div class=\"message-box-bg-overlay bg-fill fill\" ><\/div>\n<div class=\"container relative\">\n<div class=\"inner last-reset\">\n<div class=\"row align-middle align-center\"  id=\"row-1456480178\">\n<div id=\"col-1277474999\" class=\"col small-12 large-12\"  >\n<div class=\"col-inner text-left\"  >\n<h4>Omadused<\/h4>\n<div class=\"row\"  id=\"row-386467510\">\n<div id=\"col-779582286\" class=\"col medium-6 small-12 large-6\"  >\n<div class=\"col-inner\"  >\n<p><i class=\"fa fa-check fa-2x\"><\/i> <strong>Pinda tugevdav<\/strong><\/p>\n<p><i class=\"fa fa-check fa-2x\"><\/i> <strong>V\u00e4ga imavatele pindadele<\/strong><\/p>\n<\/p>\n<\/div>\n<style>\n#col-779582286 > .col-inner {\n  margin: 0px 0px 15px 0px;\n}\n<\/style>\n<\/p>\n<\/div>\n<div id=\"col-256361238\" class=\"col medium-6 small-12 large-6\"  >\n<div class=\"col-inner\"  >\n<p><i class=\"fa fa-check fa-2x\"><\/i> <strong>V\u00e4hendab imavust<\/strong><\/p>\n<p><i class=\"fa fa-check fa-2x\"><\/i> <strong>H\u00f5lbustab j\u00e4rgmiste kihtide pealekandmist<\/strong><\/p>\n<\/p>\n<\/div>\n<style>\n#col-256361238 > .col-inner {\n  margin: 0px 0px 15px 0px;\n}\n<\/style>\n<\/p>\n<\/div>\n<\/div>\n<\/div>\n<\/div>\n<\/div>\n<\/div>\n<\/div>\n<\/div>\n<div id=\"gap-1237374084\" class=\"gap-element clearfix\" style=\"display:block; height:auto;\">\n<style>\n#gap-1237374084 {\n  padding-top: 30px;\n}\n<\/style>\n<\/p>\n<\/div>\n<h3>Kasutamise \u00fcksikasjad<\/h3>\n<p><strong>Kasutusala:<\/strong> Seinte ja p\u00f5randate kruntimiseks v\u00e4ga imavatel kriitilistel pindadel enne j\u00e4rgmise kihi pealekandmist v\u00f5i kinnitamist.<\/p>\n<p><strong>Aluspinna ettevalmistus:<\/strong> Pinnad, mida soovitakse kruntida Ceresit CT 17-ga, peavad olema kuivad, koormust taluvad ja puhastatud nakkumist takistavatest ainetest: m\u00e4\u00e4rde\u00f5lidest, bituumenist, tolmust jne. M\u00e4\u00e4rdunud kohad ja v\u00e4ikese vastupidavusega kihid tuleb eemaldada. Samuti tuleb pinnalt maha kraapida liimv\u00e4rvide j\u00e4\u00e4gid ning pind seej\u00e4rel veega \u00fcle pesta. Kipsja anh\u00fcdriittsementpinnad ning tugevad v\u00e4rvikihid tuleb j\u00e4meda liivapaberiga \u00fcle lihvida ja korralikult lihvimistolmust puhastada.<\/p>\n<p><strong>T\u00f6\u00f6de k\u00e4ik:<\/strong> Enne kasutamist loksutada korralikult pakendi sisu. Vahend kanda aluspinnale pintsliga. CT 17 kuivab umbes 2 tundi. Keraamiliste plaatide tsement- ja lubitsementpinnale paigaldamist v\u00f5ib alustada juba 15 minuti p\u00e4rast. Juhul kui krunditakse v\u00e4ga hea imavusega ja n\u00f5rku aluspindu, v\u00f5ib vahendit lahjendada puhta veega vahekorras 1 : 1. J\u00e4rgmised CT 17 kihid kanda peale lahjendamata meetodil \u201em\u00e4rg m\u00e4rjale\u201d. Juhul kui krunditakse aluspinda, mida hiljem v\u00e4rvitakse, v\u00f5ib CT 17 lahjendada veega vahekorras 1 : 1. Olenevalt aluspinna liigist ja imavusest kasutada kruntimisvahendit lahjendatud (veega vahekorras 1 : 1) v\u00f5i lahjendamata kujul. Juhul kui krunditakse aluspinda, millele hiljem paigaldatakse plaadid, tuleb CT 17 valada p\u00f5randale ning harjaga \u00fchtlaselt laiali ajada, nii et ei tekiks loike. Kui aluspind on p\u00e4rast kruntimisvahendi kuivamist endiselt imav, tuleb kruntimist korrata. T\u00f6\u00f6riistad ja v\u00e4rsked plekid pesta veega puhtaks.<\/p>\n<p><strong>T\u00e4helepanu:<\/strong> T\u00f6\u00f6d tuleb teha, kui \u00f5hu ja t\u00f6\u00f6deldava pinna temperatuur on 5\u221225 \u2103 ning \u00f5huniiskus alla 80%. Kui materjal on silma sattunud, loputada silmi rohke veega ja p\u00f6\u00f6rduda arsti poole.<\/p>\n<\/p>\n<\/div>\n<\/div>\n<div id=\"col-926875330\" class=\"col medium-3 small-12 large-3\"  >\n<div class=\"col-inner\"  >\n<div id=\"gap-390508571\" class=\"gap-element clearfix\" style=\"display:block; height:auto;\">\n<style>\n#gap-390508571 {\n  padding-top: 30px;\n}\n<\/style>\n<\/p>\n<\/div>\n<h3>Tehniline informatsioon<\/h3>\n<p><a href=\"https:\/\/espak.ee\/epood\/wp-content\/uploads\/CT17-tooteleht.pdf\" target=\"_blank\" rel=\"noopener noreferrer\"><i class=\"far fa-file-pdf\"><\/i> Tehniline info (PDF)<\/a><\/p>\n<h3>Ohutusalane teave<\/h3>\n<p><a href=\"https:\/\/espak.ee\/epood\/wp-content\/uploads\/CT17-ohutuskaart.pdf\" target=\"_blank\" rel=\"noopener noreferrer\"><i class=\"far fa-file-pdf\"><\/i> Ohutusalane teave (PDF)<\/a><\/p>\n<div class=\"is-divider divider clearfix\" ><\/div>\n<p><strong>\u00dcksikasjalikuma n\u00f5u saamiseks v\u00f5tke \u00fchendust:<br \/><\/strong>Henkel Balti<br \/>S\u00f5bra 56 B<br \/>51013<br \/>Tartu<br \/>+ 372 7305800<\/p>\n<div class=\"is-divider divider clearfix\" ><\/div>\n<\/p>\n<\/div>\n<\/div>\n<\/div>\n","protected":false},"excerpt":{"rendered":"<p>S\u00fcnteetilisel vaigul p\u00f5hinev krunt.<\/p>","protected":false},"featured_media":272536,"comment_status":"open","ping_status":"closed","template":"","meta":{"_acf_changed":false},"product_brand":[],"product_cat":[121,498],"product_tag":[],"class_list":{"0":"post-272535","1":"product","2":"type-product","3":"status-publish","4":"has-post-thumbnail","6":"product_cat-krundid","7":"product_cat-espak","9":"first","10":"instock","11":"sale","12":"shipping-taxable","13":"purchasable","14":"product-type-simple"},"acf":[],"yoast_head":"<!-- This site is optimized with the Yoast SEO Premium plugin v18.7 (Yoast SEO v26.5) - https:\/\/yoast.com\/wordpress\/plugins\/seo\/ -->\n<title>S\u00dcGAVALE IMENDUV KRUNTIMISVAHEND CERESIT CT-17 5L - Ehituslahendused<\/title>\n<meta name=\"robots\" content=\"index, follow, max-snippet:-1, max-image-preview:large, max-video-preview:-1\" \/>\n<link rel=\"canonical\" href=\"https:\/\/justbuildit.eu\/en\/pood\/varvid-ja-viimistlusmaterjalid\/krundid\/sugavale-imenduv-kruntimisvahend-ceresit-ct-17-5l-2\/\" \/>\n<meta property=\"og:locale\" content=\"en_US\" \/>\n<meta property=\"og:type\" content=\"article\" \/>\n<meta property=\"og:title\" content=\"S\u00dcGAVALE IMENDUV KRUNTIMISVAHEND CERESIT CT-17 5L\" \/>\n<meta property=\"og:description\" content=\"S\u00fcnteetilisel vaigul p\u00f5hinev krunt.\" \/>\n<meta property=\"og:url\" content=\"https:\/\/justbuildit.eu\/en\/pood\/varvid-ja-viimistlusmaterjalid\/krundid\/sugavale-imenduv-kruntimisvahend-ceresit-ct-17-5l-2\/\" \/>\n<meta property=\"og:site_name\" content=\"Ehituslahendused\" \/>\n<meta property=\"article:publisher\" content=\"https:\/\/www.facebook.com\/justbuildit.ee\" \/>\n<meta property=\"article:modified_time\" content=\"2026-04-16T09:06:22+00:00\" \/>\n<meta property=\"og:image\" content=\"https:\/\/justbuildit.eu\/wp-content\/uploads\/2023\/04\/CT17_balti.jpg\" \/>\n\t<meta property=\"og:image:width\" content=\"2048\" \/>\n\t<meta property=\"og:image:height\" content=\"2048\" \/>\n\t<meta property=\"og:image:type\" content=\"image\/jpeg\" \/>\n<meta name=\"twitter:card\" content=\"summary_large_image\" \/>\n<script type=\"application\/ld+json\" class=\"yoast-schema-graph\">{\"@context\":\"https:\/\/schema.org\",\"@graph\":[{\"@type\":\"WebPage\",\"@id\":\"https:\/\/justbuildit.eu\/en\/pood\/varvid-ja-viimistlusmaterjalid\/krundid\/sugavale-imenduv-kruntimisvahend-ceresit-ct-17-5l-2\/\",\"url\":\"https:\/\/justbuildit.eu\/en\/pood\/varvid-ja-viimistlusmaterjalid\/krundid\/sugavale-imenduv-kruntimisvahend-ceresit-ct-17-5l-2\/\",\"name\":\"S\u00dcGAVALE IMENDUV KRUNTIMISVAHEND CERESIT CT-17 5L - Ehituslahendused\",\"isPartOf\":{\"@id\":\"https:\/\/justbuildit.eu\/en\/#website\"},\"primaryImageOfPage\":{\"@id\":\"https:\/\/justbuildit.eu\/en\/pood\/varvid-ja-viimistlusmaterjalid\/krundid\/sugavale-imenduv-kruntimisvahend-ceresit-ct-17-5l-2\/#primaryimage\"},\"image\":{\"@id\":\"https:\/\/justbuildit.eu\/en\/pood\/varvid-ja-viimistlusmaterjalid\/krundid\/sugavale-imenduv-kruntimisvahend-ceresit-ct-17-5l-2\/#primaryimage\"},\"thumbnailUrl\":\"https:\/\/justbuildit.eu\/wp-content\/uploads\/2023\/04\/CT17_balti.jpg\",\"datePublished\":\"2023-04-29T06:55:26+00:00\",\"dateModified\":\"2026-04-16T09:06:22+00:00\",\"breadcrumb\":{\"@id\":\"https:\/\/justbuildit.eu\/en\/pood\/varvid-ja-viimistlusmaterjalid\/krundid\/sugavale-imenduv-kruntimisvahend-ceresit-ct-17-5l-2\/#breadcrumb\"},\"inLanguage\":\"en-US\",\"potentialAction\":[{\"@type\":\"ReadAction\",\"target\":[\"https:\/\/justbuildit.eu\/en\/pood\/varvid-ja-viimistlusmaterjalid\/krundid\/sugavale-imenduv-kruntimisvahend-ceresit-ct-17-5l-2\/\"]}]},{\"@type\":\"ImageObject\",\"inLanguage\":\"en-US\",\"@id\":\"https:\/\/justbuildit.eu\/en\/pood\/varvid-ja-viimistlusmaterjalid\/krundid\/sugavale-imenduv-kruntimisvahend-ceresit-ct-17-5l-2\/#primaryimage\",\"url\":\"https:\/\/justbuildit.eu\/wp-content\/uploads\/2023\/04\/CT17_balti.jpg\",\"contentUrl\":\"https:\/\/justbuildit.eu\/wp-content\/uploads\/2023\/04\/CT17_balti.jpg\",\"width\":2048,\"height\":2048},{\"@type\":\"BreadcrumbList\",\"@id\":\"https:\/\/justbuildit.eu\/en\/pood\/varvid-ja-viimistlusmaterjalid\/krundid\/sugavale-imenduv-kruntimisvahend-ceresit-ct-17-5l-2\/#breadcrumb\",\"itemListElement\":[{\"@type\":\"ListItem\",\"position\":1,\"name\":\"Home\",\"item\":\"https:\/\/justbuildit.eu\/en\/\"},{\"@type\":\"ListItem\",\"position\":2,\"name\":\"Shop\",\"item\":\"https:\/\/justbuildit.eu\/en\/building-materials\/\"},{\"@type\":\"ListItem\",\"position\":3,\"name\":\"S\u00dcGAVALE IMENDUV KRUNTIMISVAHEND CERESIT CT-17 5L\"}]},{\"@type\":\"WebSite\",\"@id\":\"https:\/\/justbuildit.eu\/en\/#website\",\"url\":\"https:\/\/justbuildit.eu\/en\/\",\"name\":\"Ehituslahendused\",\"description\":\"Ehituslahendused ja materjalid\",\"publisher\":{\"@id\":\"https:\/\/justbuildit.eu\/en\/#organization\"},\"potentialAction\":[{\"@type\":\"SearchAction\",\"target\":{\"@type\":\"EntryPoint\",\"urlTemplate\":\"https:\/\/justbuildit.eu\/en\/?s={search_term_string}\"},\"query-input\":{\"@type\":\"PropertyValueSpecification\",\"valueRequired\":true,\"valueName\":\"search_term_string\"}}],\"inLanguage\":\"en-US\"},{\"@type\":\"Organization\",\"@id\":\"https:\/\/justbuildit.eu\/en\/#organization\",\"name\":\"Just Build It O\u00dc\",\"url\":\"https:\/\/justbuildit.eu\/en\/\",\"logo\":{\"@type\":\"ImageObject\",\"inLanguage\":\"en-US\",\"@id\":\"https:\/\/justbuildit.eu\/en\/#\/schema\/logo\/image\/\",\"url\":\"https:\/\/justbuildit.eu\/wp-content\/uploads\/2022\/01\/justbuildit.png\",\"contentUrl\":\"https:\/\/justbuildit.eu\/wp-content\/uploads\/2022\/01\/justbuildit.png\",\"width\":173,\"height\":77,\"caption\":\"Just Build It O\u00dc\"},\"image\":{\"@id\":\"https:\/\/justbuildit.eu\/en\/#\/schema\/logo\/image\/\"},\"sameAs\":[\"https:\/\/www.facebook.com\/justbuildit.ee\"]}]}<\/script>\n<!-- \/ Yoast SEO Premium plugin. -->","yoast_head_json":{"title":"S\u00dcGAVALE IMENDUV KRUNTIMISVAHEND CERESIT CT-17 5L - Ehituslahendused","robots":{"index":"index","follow":"follow","max-snippet":"max-snippet:-1","max-image-preview":"max-image-preview:large","max-video-preview":"max-video-preview:-1"},"canonical":"https:\/\/justbuildit.eu\/en\/pood\/varvid-ja-viimistlusmaterjalid\/krundid\/sugavale-imenduv-kruntimisvahend-ceresit-ct-17-5l-2\/","og_locale":"en_US","og_type":"article","og_title":"S\u00dcGAVALE IMENDUV KRUNTIMISVAHEND CERESIT CT-17 5L","og_description":"S\u00fcnteetilisel vaigul p\u00f5hinev krunt.","og_url":"https:\/\/justbuildit.eu\/en\/pood\/varvid-ja-viimistlusmaterjalid\/krundid\/sugavale-imenduv-kruntimisvahend-ceresit-ct-17-5l-2\/","og_site_name":"Ehituslahendused","article_publisher":"https:\/\/www.facebook.com\/justbuildit.ee","article_modified_time":"2026-04-16T09:06:22+00:00","og_image":[{"width":2048,"height":2048,"url":"https:\/\/justbuildit.eu\/wp-content\/uploads\/2023\/04\/CT17_balti.jpg","type":"image\/jpeg"}],"twitter_card":"summary_large_image","schema":{"@context":"https:\/\/schema.org","@graph":[{"@type":"WebPage","@id":"https:\/\/justbuildit.eu\/en\/pood\/varvid-ja-viimistlusmaterjalid\/krundid\/sugavale-imenduv-kruntimisvahend-ceresit-ct-17-5l-2\/","url":"https:\/\/justbuildit.eu\/en\/pood\/varvid-ja-viimistlusmaterjalid\/krundid\/sugavale-imenduv-kruntimisvahend-ceresit-ct-17-5l-2\/","name":"S\u00dcGAVALE IMENDUV KRUNTIMISVAHEND CERESIT CT-17 5L - Ehituslahendused","isPartOf":{"@id":"https:\/\/justbuildit.eu\/en\/#website"},"primaryImageOfPage":{"@id":"https:\/\/justbuildit.eu\/en\/pood\/varvid-ja-viimistlusmaterjalid\/krundid\/sugavale-imenduv-kruntimisvahend-ceresit-ct-17-5l-2\/#primaryimage"},"image":{"@id":"https:\/\/justbuildit.eu\/en\/pood\/varvid-ja-viimistlusmaterjalid\/krundid\/sugavale-imenduv-kruntimisvahend-ceresit-ct-17-5l-2\/#primaryimage"},"thumbnailUrl":"https:\/\/justbuildit.eu\/wp-content\/uploads\/2023\/04\/CT17_balti.jpg","datePublished":"2023-04-29T06:55:26+00:00","dateModified":"2026-04-16T09:06:22+00:00","breadcrumb":{"@id":"https:\/\/justbuildit.eu\/en\/pood\/varvid-ja-viimistlusmaterjalid\/krundid\/sugavale-imenduv-kruntimisvahend-ceresit-ct-17-5l-2\/#breadcrumb"},"inLanguage":"en-US","potentialAction":[{"@type":"ReadAction","target":["https:\/\/justbuildit.eu\/en\/pood\/varvid-ja-viimistlusmaterjalid\/krundid\/sugavale-imenduv-kruntimisvahend-ceresit-ct-17-5l-2\/"]}]},{"@type":"ImageObject","inLanguage":"en-US","@id":"https:\/\/justbuildit.eu\/en\/pood\/varvid-ja-viimistlusmaterjalid\/krundid\/sugavale-imenduv-kruntimisvahend-ceresit-ct-17-5l-2\/#primaryimage","url":"https:\/\/justbuildit.eu\/wp-content\/uploads\/2023\/04\/CT17_balti.jpg","contentUrl":"https:\/\/justbuildit.eu\/wp-content\/uploads\/2023\/04\/CT17_balti.jpg","width":2048,"height":2048},{"@type":"BreadcrumbList","@id":"https:\/\/justbuildit.eu\/en\/pood\/varvid-ja-viimistlusmaterjalid\/krundid\/sugavale-imenduv-kruntimisvahend-ceresit-ct-17-5l-2\/#breadcrumb","itemListElement":[{"@type":"ListItem","position":1,"name":"Home","item":"https:\/\/justbuildit.eu\/en\/"},{"@type":"ListItem","position":2,"name":"Shop","item":"https:\/\/justbuildit.eu\/en\/building-materials\/"},{"@type":"ListItem","position":3,"name":"S\u00dcGAVALE IMENDUV KRUNTIMISVAHEND CERESIT CT-17 5L"}]},{"@type":"WebSite","@id":"https:\/\/justbuildit.eu\/en\/#website","url":"https:\/\/justbuildit.eu\/en\/","name":"Ehituslahendused","description":"Ehituslahendused ja materjalid","publisher":{"@id":"https:\/\/justbuildit.eu\/en\/#organization"},"potentialAction":[{"@type":"SearchAction","target":{"@type":"EntryPoint","urlTemplate":"https:\/\/justbuildit.eu\/en\/?s={search_term_string}"},"query-input":{"@type":"PropertyValueSpecification","valueRequired":true,"valueName":"search_term_string"}}],"inLanguage":"en-US"},{"@type":"Organization","@id":"https:\/\/justbuildit.eu\/en\/#organization","name":"Just Build It O\u00dc","url":"https:\/\/justbuildit.eu\/en\/","logo":{"@type":"ImageObject","inLanguage":"en-US","@id":"https:\/\/justbuildit.eu\/en\/#\/schema\/logo\/image\/","url":"https:\/\/justbuildit.eu\/wp-content\/uploads\/2022\/01\/justbuildit.png","contentUrl":"https:\/\/justbuildit.eu\/wp-content\/uploads\/2022\/01\/justbuildit.png","width":173,"height":77,"caption":"Just Build It O\u00dc"},"image":{"@id":"https:\/\/justbuildit.eu\/en\/#\/schema\/logo\/image\/"},"sameAs":["https:\/\/www.facebook.com\/justbuildit.ee"]}]}},"_links":{"self":[{"href":"https:\/\/justbuildit.eu\/en\/wp-json\/wp\/v2\/product\/272535","targetHints":{"allow":["GET"]}}],"collection":[{"href":"https:\/\/justbuildit.eu\/en\/wp-json\/wp\/v2\/product"}],"about":[{"href":"https:\/\/justbuildit.eu\/en\/wp-json\/wp\/v2\/types\/product"}],"replies":[{"embeddable":true,"href":"https:\/\/justbuildit.eu\/en\/wp-json\/wp\/v2\/comments?post=272535"}],"wp:featuredmedia":[{"embeddable":true,"href":"https:\/\/justbuildit.eu\/en\/wp-json\/wp\/v2\/media\/272536"}],"wp:attachment":[{"href":"https:\/\/justbuildit.eu\/en\/wp-json\/wp\/v2\/media?parent=272535"}],"wp:term":[{"taxonomy":"product_brand","embeddable":true,"href":"https:\/\/justbuildit.eu\/en\/wp-json\/wp\/v2\/product_brand?post=272535"},{"taxonomy":"product_cat","embeddable":true,"href":"https:\/\/justbuildit.eu\/en\/wp-json\/wp\/v2\/product_cat?post=272535"},{"taxonomy":"product_tag","embeddable":true,"href":"https:\/\/justbuildit.eu\/en\/wp-json\/wp\/v2\/product_tag?post=272535"}],"curies":[{"name":"wp","href":"https:\/\/api.w.org\/{rel}","templated":true}]}}