{"id":2741,"date":"2021-12-20T09:55:47","date_gmt":"2021-12-20T06:55:47","guid":{"rendered":"https:\/\/justbuildit.eu\/?post_type=product&#038;p=2741"},"modified":"2026-04-11T12:06:28","modified_gmt":"2026-04-11T09:06:28","slug":"hudroisolatsioonimass-ceresit-cl-51-15kg","status":"publish","type":"product","link":"https:\/\/justbuildit.eu\/en\/pood\/hudroisolatsioon\/veetokked\/hudroisolatsioonimass-ceresit-cl-51-15kg\/","title":{"rendered":"H\u00dcDROISOLATSIOONIMASS CERESIT CL-51 15KG"},"content":{"rendered":"<div class=\"row\"  id=\"row-1825100950\">\n<div id=\"col-1107478389\" class=\"col medium-9 small-12 large-9\"  >\n<div class=\"col-inner\"  >\n<h2>CL 51 H\u00fcdroisolatsioonimass<\/h2>\n<div class=\"message-box relative\" style=\"padding-top:15px;padding-bottom:15px;\">\n<div class=\"message-box-bg-image bg-fill fill\" ><\/div>\n<div class=\"message-box-bg-overlay bg-fill fill\" ><\/div>\n<div class=\"container relative\">\n<div class=\"inner last-reset\">\n<div class=\"row align-middle align-center\"  id=\"row-565540193\">\n<div id=\"col-1387976871\" class=\"col small-12 large-12\"  >\n<div class=\"col-inner text-left\"  >\n<h4>Omadused<\/h4>\n<div class=\"row\"  id=\"row-1695785898\">\n<div id=\"col-1524389307\" class=\"col medium-6 small-12 large-6\"  >\n<div class=\"col-inner\"  >\n<p><i class=\"fa fa-check fa-2x\"><\/i> <strong>Kaitseb pindu niiskuse eest<\/strong><\/p>\n<p><i class=\"fa fa-check fa-2x\"><\/i> <strong>Veekindel ja elastne<\/strong><\/p>\n<\/p>\n<\/div>\n<style>\n#col-1524389307 > .col-inner {\n  margin: 0px 0px 15px 0px;\n}\n<\/style>\n<\/p>\n<\/div>\n<div id=\"col-1703964142\" class=\"col medium-6 small-12 large-6\"  >\n<div class=\"col-inner\"  >\n<p><i class=\"fa fa-check fa-2x\"><\/i> <strong>Katab aluspinnas esinevad praod<\/strong><\/p>\n<p><i class=\"fa fa-check fa-2x\"><\/i> <strong>Ei sisalda lahusteid<\/strong><\/p>\n<\/p>\n<\/div>\n<style>\n#col-1703964142 > .col-inner {\n  margin: 0px 0px 15px 0px;\n}\n<\/style>\n<\/p>\n<\/div>\n<\/div>\n<\/div>\n<\/div>\n<\/div>\n<\/div>\n<\/div>\n<\/div>\n<div id=\"gap-963909346\" class=\"gap-element clearfix\" style=\"display:block; height:auto;\">\n<style>\n#gap-963909346 {\n  padding-top: 30px;\n}\n<\/style>\n<\/p>\n<\/div>\n<h3>Kasutamise \u00fcksikasjad<\/h3>\n<p><strong>Kasutusala:<\/strong> Sobib kasutamiseks siseruumides ja vertikaal- ja horisontaalpindadel. Aluspindade pindmiseks \u00fchenduskohtadeta tihendamiseks enne keraamiliste plaatide paigaldamist. Kasutamiseks elamuehituses aeg-ajalt niiskusega kokku puutuvates ruumides. Sobib j\u00e4rgmiste pindade tihendamiseks: krohv ja valatud tsementaluskihid (ka k\u00f6etavad), lubitsementkrohv, t\u00e4isvuugiga laotud m\u00fc\u00fcrid. Sobib j\u00e4rgmiste niiskuse suhtes tundlike pindade kaitsmiseks: gaasbetoon, kipskartong-, kipskiud-, tsementkiud- ja OSB-plaadid, anh\u00fcdriittsement, kipspinnad ja kipskrohv, p\u00f5randatasandussegud.<\/p>\n<p><strong>Aluspinna ettevalmistus:<\/strong> Ceresit CL 51 nakkub h\u00e4sti kuivade, tugevate, puhaste, segu nakkumist takistavatest ainetest (nakkumisvastastest vahenditest, sideainete pinnakihtidest, tolmust, soolakirmest) puhastatud ja plaatide paigaldamiseks sobivate pindadega. Mustus, kooruvad ja v\u00e4rvikihid tuleb pindadelt eemaldada. Aluspinna pealmine kiht peab olema tasane ja suurte pragudeta.<\/p>\n<p><strong>T\u00f6\u00f6de k\u00e4ik:<\/strong> Kui toodet ei ole pikemat aega kasutatud, tuleb see aeglasek\u00e4igulise seguriga l\u00e4bi segada. Materjal on kasutusvalmis. Lahjendamata Ceresit CL 51 kanda peale pintsli v\u00f5i rulliga. Veekindla aluspinna saamiseks tuleb peale kanda v\u00e4hemalt kaks kihti kogupaksusega umbes 1,0 mm. Esimene kiht kanda alati peale pintsliga. Teise kihi v\u00f5ib peale kanda umbes 90 minuti p\u00e4rast. Kihid kanda peale risti. Iga j\u00e4rgnev kiht kanda peale p\u00e4rast eelmise kihi kuivamist.<\/p>\n<\/p>\n<\/div>\n<\/div>\n<div id=\"col-1974452124\" class=\"col medium-3 small-12 large-3\"  >\n<div class=\"col-inner\"  >\n<div id=\"gap-1338568664\" class=\"gap-element clearfix\" style=\"display:block; height:auto;\">\n<style>\n#gap-1338568664 {\n  padding-top: 30px;\n}\n<\/style>\n<\/p>\n<\/div>\n<h3>Ohutusalane teave<\/h3>\n<p><a href=\"https:\/\/espak.ee\/epood\/wp-content\/uploads\/CL51-ohutuskaart.pdf\" target=\"_blank\" rel=\"noopener noreferrer\"><i class=\"far fa-file-pdf\"><\/i> Ohutusalane teave (PDF)<\/a><\/p>\n<div class=\"is-divider divider clearfix\" ><\/div>\n<p><strong>\u00dcksikasjalikuma n\u00f5u saamiseks v\u00f5tke \u00fchendust:<br \/><\/strong>Henkel Balti<br \/>S\u00f5bra 56 B<br \/>51013<br \/>Tartu<br \/>+ 372 7305800<\/p>\n<div class=\"is-divider divider clearfix\" ><\/div>\n<\/p>\n<\/div>\n<\/div>\n<\/div>\n","protected":false},"excerpt":{"rendered":"<p><i class=\"fa fa-check fa-2x\"><\/i> <strong>Kaitseb pindu niiskuse eest<\/strong><\/p>","protected":false},"featured_media":2742,"comment_status":"open","ping_status":"closed","template":"","meta":{"_acf_changed":false},"product_brand":[],"product_cat":[64,62,498],"product_tag":[],"class_list":{"0":"post-2741","1":"product","2":"type-product","3":"status-publish","4":"has-post-thumbnail","6":"product_cat-veetokked","7":"product_cat-hudroisolatsioon","8":"product_cat-espak","10":"first","11":"instock","12":"sale","13":"shipping-taxable","14":"purchasable","15":"product-type-simple"},"acf":[],"yoast_head":"<!-- This site is optimized with the Yoast SEO Premium plugin v18.7 (Yoast SEO v26.5) - https:\/\/yoast.com\/wordpress\/plugins\/seo\/ -->\n<title>H\u00dcDROISOLATSIOONIMASS CERESIT CL-51 15KG - Ehituslahendused<\/title>\n<meta name=\"description\" content=\"H\u00fcdroisoleerimine, veet\u00f5ke, h\u00fcdroisolatsioonit\u00f6\u00f6d, niisked ruumid, m\u00e4rjad ruumid\" \/>\n<meta name=\"robots\" content=\"index, follow, max-snippet:-1, max-image-preview:large, max-video-preview:-1\" \/>\n<link rel=\"canonical\" href=\"https:\/\/justbuildit.eu\/en\/pood\/hudroisolatsioon\/veetokked\/hudroisolatsioonimass-ceresit-cl-51-15kg\/\" \/>\n<meta property=\"og:locale\" content=\"en_US\" \/>\n<meta property=\"og:type\" content=\"article\" \/>\n<meta property=\"og:title\" content=\"H\u00dcDROISOLATSIOONIMASS CERESIT CL-51 15KG\" \/>\n<meta property=\"og:description\" content=\"H\u00fcdroisoleerimine, veet\u00f5ke, h\u00fcdroisolatsioonit\u00f6\u00f6d, niisked ruumid, m\u00e4rjad ruumid\" \/>\n<meta property=\"og:url\" content=\"https:\/\/justbuildit.eu\/en\/pood\/hudroisolatsioon\/veetokked\/hudroisolatsioonimass-ceresit-cl-51-15kg\/\" \/>\n<meta property=\"og:site_name\" content=\"Ehituslahendused\" \/>\n<meta property=\"article:publisher\" content=\"https:\/\/www.facebook.com\/justbuildit.ee\" \/>\n<meta property=\"article:modified_time\" content=\"2026-04-11T09:06:28+00:00\" \/>\n<meta property=\"og:image\" content=\"https:\/\/justbuildit.eu\/wp-content\/uploads\/2021\/12\/Ceresit-CL51_15kg.jpg\" \/>\n\t<meta property=\"og:image:width\" content=\"2048\" \/>\n\t<meta property=\"og:image:height\" content=\"2048\" \/>\n\t<meta property=\"og:image:type\" content=\"image\/jpeg\" \/>\n<meta name=\"twitter:card\" content=\"summary_large_image\" \/>\n<script type=\"application\/ld+json\" class=\"yoast-schema-graph\">{\"@context\":\"https:\/\/schema.org\",\"@graph\":[{\"@type\":\"WebPage\",\"@id\":\"https:\/\/justbuildit.eu\/en\/pood\/hudroisolatsioon\/veetokked\/hudroisolatsioonimass-ceresit-cl-51-15kg\/\",\"url\":\"https:\/\/justbuildit.eu\/en\/pood\/hudroisolatsioon\/veetokked\/hudroisolatsioonimass-ceresit-cl-51-15kg\/\",\"name\":\"H\u00dcDROISOLATSIOONIMASS CERESIT CL-51 15KG - Ehituslahendused\",\"isPartOf\":{\"@id\":\"https:\/\/justbuildit.eu\/en\/#website\"},\"primaryImageOfPage\":{\"@id\":\"https:\/\/justbuildit.eu\/en\/pood\/hudroisolatsioon\/veetokked\/hudroisolatsioonimass-ceresit-cl-51-15kg\/#primaryimage\"},\"image\":{\"@id\":\"https:\/\/justbuildit.eu\/en\/pood\/hudroisolatsioon\/veetokked\/hudroisolatsioonimass-ceresit-cl-51-15kg\/#primaryimage\"},\"thumbnailUrl\":\"https:\/\/justbuildit.eu\/wp-content\/uploads\/2021\/12\/Ceresit-CL51_15kg.jpg\",\"datePublished\":\"2021-12-20T06:55:47+00:00\",\"dateModified\":\"2026-04-11T09:06:28+00:00\",\"description\":\"H\u00fcdroisoleerimine, veet\u00f5ke, h\u00fcdroisolatsioonit\u00f6\u00f6d, niisked ruumid, m\u00e4rjad ruumid\",\"breadcrumb\":{\"@id\":\"https:\/\/justbuildit.eu\/en\/pood\/hudroisolatsioon\/veetokked\/hudroisolatsioonimass-ceresit-cl-51-15kg\/#breadcrumb\"},\"inLanguage\":\"en-US\",\"potentialAction\":[{\"@type\":\"ReadAction\",\"target\":[\"https:\/\/justbuildit.eu\/en\/pood\/hudroisolatsioon\/veetokked\/hudroisolatsioonimass-ceresit-cl-51-15kg\/\"]}]},{\"@type\":\"ImageObject\",\"inLanguage\":\"en-US\",\"@id\":\"https:\/\/justbuildit.eu\/en\/pood\/hudroisolatsioon\/veetokked\/hudroisolatsioonimass-ceresit-cl-51-15kg\/#primaryimage\",\"url\":\"https:\/\/justbuildit.eu\/wp-content\/uploads\/2021\/12\/Ceresit-CL51_15kg.jpg\",\"contentUrl\":\"https:\/\/justbuildit.eu\/wp-content\/uploads\/2021\/12\/Ceresit-CL51_15kg.jpg\",\"width\":2048,\"height\":2048},{\"@type\":\"BreadcrumbList\",\"@id\":\"https:\/\/justbuildit.eu\/en\/pood\/hudroisolatsioon\/veetokked\/hudroisolatsioonimass-ceresit-cl-51-15kg\/#breadcrumb\",\"itemListElement\":[{\"@type\":\"ListItem\",\"position\":1,\"name\":\"Home\",\"item\":\"https:\/\/justbuildit.eu\/en\/\"},{\"@type\":\"ListItem\",\"position\":2,\"name\":\"Shop\",\"item\":\"https:\/\/justbuildit.eu\/en\/building-materials\/\"},{\"@type\":\"ListItem\",\"position\":3,\"name\":\"H\u00dcDROISOLATSIOONIMASS CERESIT CL-51 15KG\"}]},{\"@type\":\"WebSite\",\"@id\":\"https:\/\/justbuildit.eu\/en\/#website\",\"url\":\"https:\/\/justbuildit.eu\/en\/\",\"name\":\"Ehituslahendused\",\"description\":\"Ehituslahendused ja materjalid\",\"publisher\":{\"@id\":\"https:\/\/justbuildit.eu\/en\/#organization\"},\"potentialAction\":[{\"@type\":\"SearchAction\",\"target\":{\"@type\":\"EntryPoint\",\"urlTemplate\":\"https:\/\/justbuildit.eu\/en\/?s={search_term_string}\"},\"query-input\":{\"@type\":\"PropertyValueSpecification\",\"valueRequired\":true,\"valueName\":\"search_term_string\"}}],\"inLanguage\":\"en-US\"},{\"@type\":\"Organization\",\"@id\":\"https:\/\/justbuildit.eu\/en\/#organization\",\"name\":\"Just Build It O\u00dc\",\"url\":\"https:\/\/justbuildit.eu\/en\/\",\"logo\":{\"@type\":\"ImageObject\",\"inLanguage\":\"en-US\",\"@id\":\"https:\/\/justbuildit.eu\/en\/#\/schema\/logo\/image\/\",\"url\":\"https:\/\/justbuildit.eu\/wp-content\/uploads\/2022\/01\/justbuildit.png\",\"contentUrl\":\"https:\/\/justbuildit.eu\/wp-content\/uploads\/2022\/01\/justbuildit.png\",\"width\":173,\"height\":77,\"caption\":\"Just Build It O\u00dc\"},\"image\":{\"@id\":\"https:\/\/justbuildit.eu\/en\/#\/schema\/logo\/image\/\"},\"sameAs\":[\"https:\/\/www.facebook.com\/justbuildit.ee\"]}]}<\/script>\n<!-- \/ Yoast SEO Premium plugin. -->","yoast_head_json":{"title":"H\u00dcDROISOLATSIOONIMASS CERESIT CL-51 15KG - Ehituslahendused","description":"H\u00fcdroisoleerimine, veet\u00f5ke, h\u00fcdroisolatsioonit\u00f6\u00f6d, niisked ruumid, m\u00e4rjad ruumid","robots":{"index":"index","follow":"follow","max-snippet":"max-snippet:-1","max-image-preview":"max-image-preview:large","max-video-preview":"max-video-preview:-1"},"canonical":"https:\/\/justbuildit.eu\/en\/pood\/hudroisolatsioon\/veetokked\/hudroisolatsioonimass-ceresit-cl-51-15kg\/","og_locale":"en_US","og_type":"article","og_title":"H\u00dcDROISOLATSIOONIMASS CERESIT CL-51 15KG","og_description":"H\u00fcdroisoleerimine, veet\u00f5ke, h\u00fcdroisolatsioonit\u00f6\u00f6d, niisked ruumid, m\u00e4rjad ruumid","og_url":"https:\/\/justbuildit.eu\/en\/pood\/hudroisolatsioon\/veetokked\/hudroisolatsioonimass-ceresit-cl-51-15kg\/","og_site_name":"Ehituslahendused","article_publisher":"https:\/\/www.facebook.com\/justbuildit.ee","article_modified_time":"2026-04-11T09:06:28+00:00","og_image":[{"width":2048,"height":2048,"url":"https:\/\/justbuildit.eu\/wp-content\/uploads\/2021\/12\/Ceresit-CL51_15kg.jpg","type":"image\/jpeg"}],"twitter_card":"summary_large_image","schema":{"@context":"https:\/\/schema.org","@graph":[{"@type":"WebPage","@id":"https:\/\/justbuildit.eu\/en\/pood\/hudroisolatsioon\/veetokked\/hudroisolatsioonimass-ceresit-cl-51-15kg\/","url":"https:\/\/justbuildit.eu\/en\/pood\/hudroisolatsioon\/veetokked\/hudroisolatsioonimass-ceresit-cl-51-15kg\/","name":"H\u00dcDROISOLATSIOONIMASS CERESIT CL-51 15KG - Ehituslahendused","isPartOf":{"@id":"https:\/\/justbuildit.eu\/en\/#website"},"primaryImageOfPage":{"@id":"https:\/\/justbuildit.eu\/en\/pood\/hudroisolatsioon\/veetokked\/hudroisolatsioonimass-ceresit-cl-51-15kg\/#primaryimage"},"image":{"@id":"https:\/\/justbuildit.eu\/en\/pood\/hudroisolatsioon\/veetokked\/hudroisolatsioonimass-ceresit-cl-51-15kg\/#primaryimage"},"thumbnailUrl":"https:\/\/justbuildit.eu\/wp-content\/uploads\/2021\/12\/Ceresit-CL51_15kg.jpg","datePublished":"2021-12-20T06:55:47+00:00","dateModified":"2026-04-11T09:06:28+00:00","description":"H\u00fcdroisoleerimine, veet\u00f5ke, h\u00fcdroisolatsioonit\u00f6\u00f6d, niisked ruumid, m\u00e4rjad ruumid","breadcrumb":{"@id":"https:\/\/justbuildit.eu\/en\/pood\/hudroisolatsioon\/veetokked\/hudroisolatsioonimass-ceresit-cl-51-15kg\/#breadcrumb"},"inLanguage":"en-US","potentialAction":[{"@type":"ReadAction","target":["https:\/\/justbuildit.eu\/en\/pood\/hudroisolatsioon\/veetokked\/hudroisolatsioonimass-ceresit-cl-51-15kg\/"]}]},{"@type":"ImageObject","inLanguage":"en-US","@id":"https:\/\/justbuildit.eu\/en\/pood\/hudroisolatsioon\/veetokked\/hudroisolatsioonimass-ceresit-cl-51-15kg\/#primaryimage","url":"https:\/\/justbuildit.eu\/wp-content\/uploads\/2021\/12\/Ceresit-CL51_15kg.jpg","contentUrl":"https:\/\/justbuildit.eu\/wp-content\/uploads\/2021\/12\/Ceresit-CL51_15kg.jpg","width":2048,"height":2048},{"@type":"BreadcrumbList","@id":"https:\/\/justbuildit.eu\/en\/pood\/hudroisolatsioon\/veetokked\/hudroisolatsioonimass-ceresit-cl-51-15kg\/#breadcrumb","itemListElement":[{"@type":"ListItem","position":1,"name":"Home","item":"https:\/\/justbuildit.eu\/en\/"},{"@type":"ListItem","position":2,"name":"Shop","item":"https:\/\/justbuildit.eu\/en\/building-materials\/"},{"@type":"ListItem","position":3,"name":"H\u00dcDROISOLATSIOONIMASS CERESIT CL-51 15KG"}]},{"@type":"WebSite","@id":"https:\/\/justbuildit.eu\/en\/#website","url":"https:\/\/justbuildit.eu\/en\/","name":"Ehituslahendused","description":"Ehituslahendused ja materjalid","publisher":{"@id":"https:\/\/justbuildit.eu\/en\/#organization"},"potentialAction":[{"@type":"SearchAction","target":{"@type":"EntryPoint","urlTemplate":"https:\/\/justbuildit.eu\/en\/?s={search_term_string}"},"query-input":{"@type":"PropertyValueSpecification","valueRequired":true,"valueName":"search_term_string"}}],"inLanguage":"en-US"},{"@type":"Organization","@id":"https:\/\/justbuildit.eu\/en\/#organization","name":"Just Build It O\u00dc","url":"https:\/\/justbuildit.eu\/en\/","logo":{"@type":"ImageObject","inLanguage":"en-US","@id":"https:\/\/justbuildit.eu\/en\/#\/schema\/logo\/image\/","url":"https:\/\/justbuildit.eu\/wp-content\/uploads\/2022\/01\/justbuildit.png","contentUrl":"https:\/\/justbuildit.eu\/wp-content\/uploads\/2022\/01\/justbuildit.png","width":173,"height":77,"caption":"Just Build It O\u00dc"},"image":{"@id":"https:\/\/justbuildit.eu\/en\/#\/schema\/logo\/image\/"},"sameAs":["https:\/\/www.facebook.com\/justbuildit.ee"]}]}},"_links":{"self":[{"href":"https:\/\/justbuildit.eu\/en\/wp-json\/wp\/v2\/product\/2741","targetHints":{"allow":["GET"]}}],"collection":[{"href":"https:\/\/justbuildit.eu\/en\/wp-json\/wp\/v2\/product"}],"about":[{"href":"https:\/\/justbuildit.eu\/en\/wp-json\/wp\/v2\/types\/product"}],"replies":[{"embeddable":true,"href":"https:\/\/justbuildit.eu\/en\/wp-json\/wp\/v2\/comments?post=2741"}],"wp:featuredmedia":[{"embeddable":true,"href":"https:\/\/justbuildit.eu\/en\/wp-json\/wp\/v2\/media\/2742"}],"wp:attachment":[{"href":"https:\/\/justbuildit.eu\/en\/wp-json\/wp\/v2\/media?parent=2741"}],"wp:term":[{"taxonomy":"product_brand","embeddable":true,"href":"https:\/\/justbuildit.eu\/en\/wp-json\/wp\/v2\/product_brand?post=2741"},{"taxonomy":"product_cat","embeddable":true,"href":"https:\/\/justbuildit.eu\/en\/wp-json\/wp\/v2\/product_cat?post=2741"},{"taxonomy":"product_tag","embeddable":true,"href":"https:\/\/justbuildit.eu\/en\/wp-json\/wp\/v2\/product_tag?post=2741"}],"curies":[{"name":"wp","href":"https:\/\/api.w.org\/{rel}","templated":true}]}}