{"id":328346,"date":"2023-07-31T11:20:11","date_gmt":"2023-07-31T08:20:11","guid":{"rendered":"https:\/\/justbuildit.eu\/?post_type=product&#038;p=328346"},"modified":"2026-04-18T12:05:44","modified_gmt":"2026-04-18T09:05:44","slug":"kruntvarv-ceresit-ct-16-10l","status":"publish","type":"product","link":"https:\/\/justbuildit.eu\/en\/pood\/varvid-ja-viimistlusmaterjalid\/krundid\/kruntvarv-ceresit-ct-16-10l\/","title":{"rendered":"KRUNTV\u00c4RV CERESIT CT-16 10L"},"content":{"rendered":"<div class=\"row\"  id=\"row-578105977\">\n<div id=\"col-1408098977\" class=\"col medium-9 small-12 large-9\"  >\n<div class=\"col-inner\"  >\n<h2>CT 16 Kruntv\u00e4rv<\/h2>\n<p>S\u00fcnteetiliste vaikude dispersioon \u00f5hukesekihiliste krohvi-, pahtli- ja v\u00e4rvipindade kruntimiseks.<\/p>\n<div class=\"message-box relative\" style=\"padding-top:15px;padding-bottom:15px;\">\n<div class=\"message-box-bg-image bg-fill fill\" ><\/div>\n<div class=\"message-box-bg-overlay bg-fill fill\" ><\/div>\n<div class=\"container relative\">\n<div class=\"inner last-reset\">\n<div class=\"row align-middle align-center\"  id=\"row-920139157\">\n<div id=\"col-2081536576\" class=\"col small-12 large-12\"  >\n<div class=\"col-inner text-left\"  >\n<h4>Omadused<\/h4>\n<div class=\"row\"  id=\"row-154395845\">\n<div id=\"col-529353988\" class=\"col medium-6 small-12 large-6\"  >\n<div class=\"col-inner\"  >\n<p><i class=\"fa fa-check fa-2x\"><\/i> <strong>Parem nake aluspinnaga<\/strong><\/p>\n<p><i class=\"fa fa-check fa-2x\"><\/i> <strong>Veekindel<\/strong><\/p>\n<\/p>\n<\/div>\n<style>\n#col-529353988 > .col-inner {\n  margin: 0px 0px 15px 0px;\n}\n<\/style>\n<\/p>\n<\/div>\n<div id=\"col-1717262395\" class=\"col medium-6 small-12 large-6\"  >\n<div class=\"col-inner\"  >\n<p><i class=\"fa fa-check fa-2x\"><\/i> <strong>V\u00e4ga hea katvus<\/strong><\/p>\n<p><i class=\"fa fa-check fa-2x\"><\/i> <strong>Kasutusvalmis<\/strong><\/p>\n<\/p>\n<\/div>\n<style>\n#col-1717262395 > .col-inner {\n  margin: 0px 0px 15px 0px;\n}\n<\/style>\n<\/p>\n<\/div>\n<\/div>\n<\/div>\n<\/div>\n<\/div>\n<\/div>\n<\/div>\n<\/div>\n<div id=\"gap-1184989631\" class=\"gap-element clearfix\" style=\"display:block; height:auto;\">\n<style>\n#gap-1184989631 {\n  padding-top: 30px;\n}\n<\/style>\n<\/p>\n<\/div>\n<h3>Kasutamise \u00fcksikasjad<\/h3>\n<p><strong>Kasutusala:<\/strong> Ceresit CT 16 h\u00f5lbustab \u00f5hukeste silikaatkrohvikihtide ning sise- ja v\u00e4listingimustes kasutatava krohvisegude pealekandmist. Soovitatakse sarrustuskihtide kruntimiseks Ceresit Ceretherm ETICS-s\u00fcsteemide (krohvitud v\u00e4liste soojusisolatsioonis\u00fcsteemide) ja traditsiooniliste krohvide puhul. V\u00e4rviga CT 16 v\u00f5ib katta puitkiud- ja kipskartongplaate, kipskrohvi, igat t\u00fc\u00fcpi betooni ja tugevaid v\u00e4rvikihte. CT 16 krundina kasutamisel v\u00e4heneb pinna imavus tunduvalt, mis v\u00e4ldib pinnakatte liiga kiiret kuivamist. V\u00e4rvis sisalduvad peened t\u00e4iteained muudavad krunditud pinna karedaks ja kriimustuskindlaks. Kuna pindala suureneb, paraneb krohvi, pahtli ja v\u00e4rvi nake. Toode on hea katvusega, muutes pinna \u00fchtlaseks ja v\u00e4ltides v\u00e4rvitud akr\u00fc\u00fcl-, mineraal- ja silikoonkrohvil plekkide tekkimist.<\/p>\n<p><strong>Aluspinna ettevalmistus:<\/strong> V\u00e4rvitavad pinnad peavad olema tasased, j\u00e4igad, kuivad ja puhastatud naket takistavatest ainetest (m\u00e4\u00e4rde\u00f5lid, bituumen, tolm jne). M\u00e4\u00e4rdunud kohad ja n\u00f5rgad kihid, samuti vanad liim- v\u00f5i lubiv\u00e4rvikihid tuleb eemaldada. Pinda pesta surveveega, millele on lisatud puhastusvahendit CT 98. Krohvipinna kahjustused ja augud t\u00e4idetakse pahtliga CT 29. Imavad pinnad (n\u00e4it. kipskrohv, puitlaastplaadid v\u00f5i immutamata kipskartongplaadid) krunditakse eelnevalt CT 17-ga ja lastakse umbes 2 tundi kuivada.<\/p>\n<p><strong>T\u00f6\u00f6de k\u00e4ik:<\/strong> Pakendi sisu segatakse l\u00e4bi. \u00c4rge kasutage roostes n\u00f5usid ega t\u00f6\u00f6riistu. V\u00e4rvi ei tohi lahjendada! CT 16 kantakse peale rulli v\u00f5i pintsliga \u00fche \u00fchtlase kihina. Kuivamisaeg on umbes 3 tundi. T\u00f6\u00f6riistad saab puhtaks veega ja ka v\u00e4rsked v\u00e4rviplekid saab \u00e4ra veega.<\/p>\n<p><strong>T\u00e4helepanu:<\/strong> V\u00e4rvimise ajal peab \u00f5hu ja t\u00f6\u00f6deldava pinna temperatuur olema + 5\u00b0 kuni + 25\u00b0C ja suhteline \u00f5huniiskus alla 80%. V\u00e4rvi silma sattumisel loputage veega ja p\u00f6\u00f6rduge arsti poole. Tekstis esitatud toimivusomadusi on kirjeldatud toote toimivusdeklaratsioonis.<\/p>\n<\/p>\n<\/div>\n<\/div>\n<div id=\"col-909133653\" class=\"col medium-3 small-12 large-3\"  >\n<div class=\"col-inner\"  >\n<div id=\"gap-1024545754\" class=\"gap-element clearfix\" style=\"display:block; height:auto;\">\n<style>\n#gap-1024545754 {\n  padding-top: 30px;\n}\n<\/style>\n<\/p>\n<\/div>\n<h3>Tehniline informatsioon<\/h3>\n<p><a href=\"https:\/\/espak.ee\/epood\/wp-content\/uploads\/CT16-tooteleht.pdf\" target=\"_blank\" rel=\"noopener noreferrer\"><i class=\"far fa-file-pdf\"><\/i> Tehniline info (PDF)<\/a><\/p>\n<h3>Ohutusalane teave<\/h3>\n<p><a href=\"https:\/\/espak.ee\/epood\/wp-content\/uploads\/CT16-ohutuskaart.pdf\" target=\"_blank\" rel=\"noopener noreferrer\"><i class=\"far fa-file-pdf\"><\/i> Ohutusalane teave (PDF)<\/a><\/p>\n<div class=\"is-divider divider clearfix\" ><\/div>\n<p><strong>\u00dcksikasjalikuma n\u00f5u saamiseks v\u00f5tke \u00fchendust:<br \/><\/strong>Henkel Balti<br \/>S\u00f5bra 56 B<br \/>51013<br \/>Tartu<br \/>+ 372 7305800<\/p>\n<div class=\"is-divider divider clearfix\" ><\/div>\n<\/p>\n<\/div>\n<\/div>\n<\/div>\n","protected":false},"excerpt":{"rendered":"<p>S\u00fcnteetiliste vaikude dispersioon \u00f5hukesekihiliste krohvi-, pahtli- ja v\u00e4rvipindade kruntimiseks.<\/p>","protected":false},"featured_media":328347,"comment_status":"open","ping_status":"closed","template":"","meta":{"_acf_changed":false},"product_brand":[],"product_cat":[121,498],"product_tag":[],"class_list":{"0":"post-328346","1":"product","2":"type-product","3":"status-publish","4":"has-post-thumbnail","6":"product_cat-krundid","7":"product_cat-espak","9":"first","10":"instock","11":"sale","12":"shipping-taxable","13":"purchasable","14":"product-type-simple"},"acf":[],"yoast_head":"<!-- This site is optimized with the Yoast SEO Premium plugin v18.7 (Yoast SEO v26.5) - https:\/\/yoast.com\/wordpress\/plugins\/seo\/ -->\n<title>KRUNTV\u00c4RV CERESIT CT-16 10L - Ehituslahendused<\/title>\n<meta name=\"description\" content=\"S\u00fcnteetiliste vaikude dispersioon \u00f5hukesekihiliste krohvi-, pahtli- ja v\u00e4rvipindade kruntimiseks.\" \/>\n<meta name=\"robots\" content=\"index, follow, max-snippet:-1, max-image-preview:large, max-video-preview:-1\" \/>\n<link rel=\"canonical\" href=\"https:\/\/justbuildit.eu\/en\/pood\/varvid-ja-viimistlusmaterjalid\/krundid\/kruntvarv-ceresit-ct-16-10l\/\" \/>\n<meta property=\"og:locale\" content=\"en_US\" \/>\n<meta property=\"og:type\" content=\"article\" \/>\n<meta property=\"og:title\" content=\"KRUNTV\u00c4RV CERESIT CT-16 10L\" \/>\n<meta property=\"og:description\" content=\"S\u00fcnteetiliste vaikude dispersioon \u00f5hukesekihiliste krohvi-, pahtli- ja v\u00e4rvipindade kruntimiseks.\" \/>\n<meta property=\"og:url\" content=\"https:\/\/justbuildit.eu\/en\/pood\/varvid-ja-viimistlusmaterjalid\/krundid\/kruntvarv-ceresit-ct-16-10l\/\" \/>\n<meta property=\"og:site_name\" content=\"Ehituslahendused\" \/>\n<meta property=\"article:publisher\" content=\"https:\/\/www.facebook.com\/justbuildit.ee\" \/>\n<meta property=\"article:modified_time\" content=\"2026-04-18T09:05:44+00:00\" \/>\n<meta property=\"og:image\" content=\"https:\/\/justbuildit.eu\/wp-content\/uploads\/2023\/07\/Ceresit-CT16.jpg\" \/>\n\t<meta property=\"og:image:width\" content=\"2048\" \/>\n\t<meta property=\"og:image:height\" content=\"2048\" \/>\n\t<meta property=\"og:image:type\" content=\"image\/jpeg\" \/>\n<meta name=\"twitter:card\" content=\"summary_large_image\" \/>\n<script type=\"application\/ld+json\" class=\"yoast-schema-graph\">{\"@context\":\"https:\/\/schema.org\",\"@graph\":[{\"@type\":\"WebPage\",\"@id\":\"https:\/\/justbuildit.eu\/en\/pood\/varvid-ja-viimistlusmaterjalid\/krundid\/kruntvarv-ceresit-ct-16-10l\/\",\"url\":\"https:\/\/justbuildit.eu\/en\/pood\/varvid-ja-viimistlusmaterjalid\/krundid\/kruntvarv-ceresit-ct-16-10l\/\",\"name\":\"KRUNTV\u00c4RV CERESIT CT-16 10L - Ehituslahendused\",\"isPartOf\":{\"@id\":\"https:\/\/justbuildit.eu\/en\/#website\"},\"primaryImageOfPage\":{\"@id\":\"https:\/\/justbuildit.eu\/en\/pood\/varvid-ja-viimistlusmaterjalid\/krundid\/kruntvarv-ceresit-ct-16-10l\/#primaryimage\"},\"image\":{\"@id\":\"https:\/\/justbuildit.eu\/en\/pood\/varvid-ja-viimistlusmaterjalid\/krundid\/kruntvarv-ceresit-ct-16-10l\/#primaryimage\"},\"thumbnailUrl\":\"https:\/\/justbuildit.eu\/wp-content\/uploads\/2023\/07\/Ceresit-CT16.jpg\",\"datePublished\":\"2023-07-31T08:20:11+00:00\",\"dateModified\":\"2026-04-18T09:05:44+00:00\",\"description\":\"S\u00fcnteetiliste vaikude dispersioon \u00f5hukesekihiliste krohvi-, pahtli- ja v\u00e4rvipindade kruntimiseks.\",\"breadcrumb\":{\"@id\":\"https:\/\/justbuildit.eu\/en\/pood\/varvid-ja-viimistlusmaterjalid\/krundid\/kruntvarv-ceresit-ct-16-10l\/#breadcrumb\"},\"inLanguage\":\"en-US\",\"potentialAction\":[{\"@type\":\"ReadAction\",\"target\":[\"https:\/\/justbuildit.eu\/en\/pood\/varvid-ja-viimistlusmaterjalid\/krundid\/kruntvarv-ceresit-ct-16-10l\/\"]}]},{\"@type\":\"ImageObject\",\"inLanguage\":\"en-US\",\"@id\":\"https:\/\/justbuildit.eu\/en\/pood\/varvid-ja-viimistlusmaterjalid\/krundid\/kruntvarv-ceresit-ct-16-10l\/#primaryimage\",\"url\":\"https:\/\/justbuildit.eu\/wp-content\/uploads\/2023\/07\/Ceresit-CT16.jpg\",\"contentUrl\":\"https:\/\/justbuildit.eu\/wp-content\/uploads\/2023\/07\/Ceresit-CT16.jpg\",\"width\":2048,\"height\":2048},{\"@type\":\"BreadcrumbList\",\"@id\":\"https:\/\/justbuildit.eu\/en\/pood\/varvid-ja-viimistlusmaterjalid\/krundid\/kruntvarv-ceresit-ct-16-10l\/#breadcrumb\",\"itemListElement\":[{\"@type\":\"ListItem\",\"position\":1,\"name\":\"Home\",\"item\":\"https:\/\/justbuildit.eu\/en\/\"},{\"@type\":\"ListItem\",\"position\":2,\"name\":\"Shop\",\"item\":\"https:\/\/justbuildit.eu\/en\/building-materials\/\"},{\"@type\":\"ListItem\",\"position\":3,\"name\":\"KRUNTV\u00c4RV CERESIT CT-16 10L\"}]},{\"@type\":\"WebSite\",\"@id\":\"https:\/\/justbuildit.eu\/en\/#website\",\"url\":\"https:\/\/justbuildit.eu\/en\/\",\"name\":\"Ehituslahendused\",\"description\":\"Ehituslahendused ja materjalid\",\"publisher\":{\"@id\":\"https:\/\/justbuildit.eu\/en\/#organization\"},\"potentialAction\":[{\"@type\":\"SearchAction\",\"target\":{\"@type\":\"EntryPoint\",\"urlTemplate\":\"https:\/\/justbuildit.eu\/en\/?s={search_term_string}\"},\"query-input\":{\"@type\":\"PropertyValueSpecification\",\"valueRequired\":true,\"valueName\":\"search_term_string\"}}],\"inLanguage\":\"en-US\"},{\"@type\":\"Organization\",\"@id\":\"https:\/\/justbuildit.eu\/en\/#organization\",\"name\":\"Just Build It O\u00dc\",\"url\":\"https:\/\/justbuildit.eu\/en\/\",\"logo\":{\"@type\":\"ImageObject\",\"inLanguage\":\"en-US\",\"@id\":\"https:\/\/justbuildit.eu\/en\/#\/schema\/logo\/image\/\",\"url\":\"https:\/\/justbuildit.eu\/wp-content\/uploads\/2022\/01\/justbuildit.png\",\"contentUrl\":\"https:\/\/justbuildit.eu\/wp-content\/uploads\/2022\/01\/justbuildit.png\",\"width\":173,\"height\":77,\"caption\":\"Just Build It O\u00dc\"},\"image\":{\"@id\":\"https:\/\/justbuildit.eu\/en\/#\/schema\/logo\/image\/\"},\"sameAs\":[\"https:\/\/www.facebook.com\/justbuildit.ee\"]}]}<\/script>\n<!-- \/ Yoast SEO Premium plugin. -->","yoast_head_json":{"title":"KRUNTV\u00c4RV CERESIT CT-16 10L - Ehituslahendused","description":"S\u00fcnteetiliste vaikude dispersioon \u00f5hukesekihiliste krohvi-, pahtli- ja v\u00e4rvipindade kruntimiseks.","robots":{"index":"index","follow":"follow","max-snippet":"max-snippet:-1","max-image-preview":"max-image-preview:large","max-video-preview":"max-video-preview:-1"},"canonical":"https:\/\/justbuildit.eu\/en\/pood\/varvid-ja-viimistlusmaterjalid\/krundid\/kruntvarv-ceresit-ct-16-10l\/","og_locale":"en_US","og_type":"article","og_title":"KRUNTV\u00c4RV CERESIT CT-16 10L","og_description":"S\u00fcnteetiliste vaikude dispersioon \u00f5hukesekihiliste krohvi-, pahtli- ja v\u00e4rvipindade kruntimiseks.","og_url":"https:\/\/justbuildit.eu\/en\/pood\/varvid-ja-viimistlusmaterjalid\/krundid\/kruntvarv-ceresit-ct-16-10l\/","og_site_name":"Ehituslahendused","article_publisher":"https:\/\/www.facebook.com\/justbuildit.ee","article_modified_time":"2026-04-18T09:05:44+00:00","og_image":[{"width":2048,"height":2048,"url":"https:\/\/justbuildit.eu\/wp-content\/uploads\/2023\/07\/Ceresit-CT16.jpg","type":"image\/jpeg"}],"twitter_card":"summary_large_image","schema":{"@context":"https:\/\/schema.org","@graph":[{"@type":"WebPage","@id":"https:\/\/justbuildit.eu\/en\/pood\/varvid-ja-viimistlusmaterjalid\/krundid\/kruntvarv-ceresit-ct-16-10l\/","url":"https:\/\/justbuildit.eu\/en\/pood\/varvid-ja-viimistlusmaterjalid\/krundid\/kruntvarv-ceresit-ct-16-10l\/","name":"KRUNTV\u00c4RV CERESIT CT-16 10L - Ehituslahendused","isPartOf":{"@id":"https:\/\/justbuildit.eu\/en\/#website"},"primaryImageOfPage":{"@id":"https:\/\/justbuildit.eu\/en\/pood\/varvid-ja-viimistlusmaterjalid\/krundid\/kruntvarv-ceresit-ct-16-10l\/#primaryimage"},"image":{"@id":"https:\/\/justbuildit.eu\/en\/pood\/varvid-ja-viimistlusmaterjalid\/krundid\/kruntvarv-ceresit-ct-16-10l\/#primaryimage"},"thumbnailUrl":"https:\/\/justbuildit.eu\/wp-content\/uploads\/2023\/07\/Ceresit-CT16.jpg","datePublished":"2023-07-31T08:20:11+00:00","dateModified":"2026-04-18T09:05:44+00:00","description":"S\u00fcnteetiliste vaikude dispersioon \u00f5hukesekihiliste krohvi-, pahtli- ja v\u00e4rvipindade kruntimiseks.","breadcrumb":{"@id":"https:\/\/justbuildit.eu\/en\/pood\/varvid-ja-viimistlusmaterjalid\/krundid\/kruntvarv-ceresit-ct-16-10l\/#breadcrumb"},"inLanguage":"en-US","potentialAction":[{"@type":"ReadAction","target":["https:\/\/justbuildit.eu\/en\/pood\/varvid-ja-viimistlusmaterjalid\/krundid\/kruntvarv-ceresit-ct-16-10l\/"]}]},{"@type":"ImageObject","inLanguage":"en-US","@id":"https:\/\/justbuildit.eu\/en\/pood\/varvid-ja-viimistlusmaterjalid\/krundid\/kruntvarv-ceresit-ct-16-10l\/#primaryimage","url":"https:\/\/justbuildit.eu\/wp-content\/uploads\/2023\/07\/Ceresit-CT16.jpg","contentUrl":"https:\/\/justbuildit.eu\/wp-content\/uploads\/2023\/07\/Ceresit-CT16.jpg","width":2048,"height":2048},{"@type":"BreadcrumbList","@id":"https:\/\/justbuildit.eu\/en\/pood\/varvid-ja-viimistlusmaterjalid\/krundid\/kruntvarv-ceresit-ct-16-10l\/#breadcrumb","itemListElement":[{"@type":"ListItem","position":1,"name":"Home","item":"https:\/\/justbuildit.eu\/en\/"},{"@type":"ListItem","position":2,"name":"Shop","item":"https:\/\/justbuildit.eu\/en\/building-materials\/"},{"@type":"ListItem","position":3,"name":"KRUNTV\u00c4RV CERESIT CT-16 10L"}]},{"@type":"WebSite","@id":"https:\/\/justbuildit.eu\/en\/#website","url":"https:\/\/justbuildit.eu\/en\/","name":"Ehituslahendused","description":"Ehituslahendused ja materjalid","publisher":{"@id":"https:\/\/justbuildit.eu\/en\/#organization"},"potentialAction":[{"@type":"SearchAction","target":{"@type":"EntryPoint","urlTemplate":"https:\/\/justbuildit.eu\/en\/?s={search_term_string}"},"query-input":{"@type":"PropertyValueSpecification","valueRequired":true,"valueName":"search_term_string"}}],"inLanguage":"en-US"},{"@type":"Organization","@id":"https:\/\/justbuildit.eu\/en\/#organization","name":"Just Build It O\u00dc","url":"https:\/\/justbuildit.eu\/en\/","logo":{"@type":"ImageObject","inLanguage":"en-US","@id":"https:\/\/justbuildit.eu\/en\/#\/schema\/logo\/image\/","url":"https:\/\/justbuildit.eu\/wp-content\/uploads\/2022\/01\/justbuildit.png","contentUrl":"https:\/\/justbuildit.eu\/wp-content\/uploads\/2022\/01\/justbuildit.png","width":173,"height":77,"caption":"Just Build It O\u00dc"},"image":{"@id":"https:\/\/justbuildit.eu\/en\/#\/schema\/logo\/image\/"},"sameAs":["https:\/\/www.facebook.com\/justbuildit.ee"]}]}},"_links":{"self":[{"href":"https:\/\/justbuildit.eu\/en\/wp-json\/wp\/v2\/product\/328346","targetHints":{"allow":["GET"]}}],"collection":[{"href":"https:\/\/justbuildit.eu\/en\/wp-json\/wp\/v2\/product"}],"about":[{"href":"https:\/\/justbuildit.eu\/en\/wp-json\/wp\/v2\/types\/product"}],"replies":[{"embeddable":true,"href":"https:\/\/justbuildit.eu\/en\/wp-json\/wp\/v2\/comments?post=328346"}],"wp:featuredmedia":[{"embeddable":true,"href":"https:\/\/justbuildit.eu\/en\/wp-json\/wp\/v2\/media\/328347"}],"wp:attachment":[{"href":"https:\/\/justbuildit.eu\/en\/wp-json\/wp\/v2\/media?parent=328346"}],"wp:term":[{"taxonomy":"product_brand","embeddable":true,"href":"https:\/\/justbuildit.eu\/en\/wp-json\/wp\/v2\/product_brand?post=328346"},{"taxonomy":"product_cat","embeddable":true,"href":"https:\/\/justbuildit.eu\/en\/wp-json\/wp\/v2\/product_cat?post=328346"},{"taxonomy":"product_tag","embeddable":true,"href":"https:\/\/justbuildit.eu\/en\/wp-json\/wp\/v2\/product_tag?post=328346"}],"curies":[{"name":"wp","href":"https:\/\/api.w.org\/{rel}","templated":true}]}}