{"id":364904,"date":"2023-10-24T10:25:34","date_gmt":"2023-10-24T07:25:34","guid":{"rendered":"https:\/\/justbuildit.eu\/?post_type=product&#038;p=364904"},"modified":"2026-04-11T12:05:52","modified_gmt":"2026-04-11T09:05:52","slug":"valisvoodrilaud-uys-21x120x5400mm","status":"publish","type":"product","link":"https:\/\/justbuildit.eu\/en\/pood\/puitmaterjal\/voodrilauad\/valisvoodrilaud-uys-21x120x5400mm\/","title":{"rendered":"V\u00e4lisvoodrilaud UYS 21x120x5400mm"},"content":{"rendered":"<ul>\n<li>Materjali kulu: 9,09 jm \/ m\u00b2 (jooksvat meetrit ruutmeetri kohta).<\/li>\n<li>K\u00e4itlemine: Puit on profileeritud, puidukaitsevahendiga viimistlemata ning pakendatud termokahanevasse kilesse.<\/li>\n<li>UYS-profiili soovitame peamiselt vertikaalseks paigaldamiseks.<\/li>\n<\/ul>\n<p><strong>Toodet m\u00fc\u00fcme pakikaupa. <\/strong><\/p>\n<p>  T\u00e4ispuidust v\u00e4lisvoodrilaud sobib kasutamiseks hoonete v\u00e4lisviimistluses. Voodrilaud sobib nii uute hoonete fassaadide katmiseks kui ka vanade hoonete renoveerimiseks. Viimistlemata materjal n\u00f5uab enne paigaldamist kruntimist ja katmist \u00fche kihi pinnav\u00e4rviga. <\/p>\n","protected":false},"excerpt":{"rendered":"<p><strong>Toodet m\u00fc\u00fcme pakikaupa. <\/strong><\/p>","protected":false},"featured_media":364905,"comment_status":"open","ping_status":"closed","template":"","meta":{"_acf_changed":false},"product_brand":[],"product_cat":[104,497],"product_tag":[],"class_list":{"0":"post-364904","1":"product","2":"type-product","3":"status-publish","4":"has-post-thumbnail","6":"product_cat-voodrilauad","7":"product_cat-puumarket","9":"first","10":"instock","11":"shipping-taxable","12":"purchasable","13":"product-type-simple"},"acf":[],"yoast_head":"<!-- This site is optimized with the Yoast SEO Premium plugin v18.7 (Yoast SEO v26.5) - https:\/\/yoast.com\/wordpress\/plugins\/seo\/ -->\n<title>V\u00e4lisvoodrilaud UYS 21x120x5400mm - Ehituslahendused<\/title>\n<meta name=\"description\" content=\"Antud v\u00e4lisvoodrilaud tuleb kruntida ja v\u00e4rvida.\" \/>\n<meta name=\"robots\" content=\"index, follow, max-snippet:-1, max-image-preview:large, max-video-preview:-1\" \/>\n<link rel=\"canonical\" href=\"https:\/\/justbuildit.eu\/en\/pood\/puitmaterjal\/voodrilauad\/valisvoodrilaud-uys-21x120x5400mm\/\" \/>\n<meta property=\"og:locale\" content=\"en_US\" \/>\n<meta property=\"og:type\" content=\"article\" \/>\n<meta property=\"og:title\" content=\"V\u00e4lisvoodrilaud UYS 21x120x5400mm\" \/>\n<meta property=\"og:description\" content=\"Antud v\u00e4lisvoodrilaud tuleb kruntida ja v\u00e4rvida.\" \/>\n<meta property=\"og:url\" content=\"https:\/\/justbuildit.eu\/en\/pood\/puitmaterjal\/voodrilauad\/valisvoodrilaud-uys-21x120x5400mm\/\" \/>\n<meta property=\"og:site_name\" content=\"Ehituslahendused\" \/>\n<meta property=\"article:publisher\" content=\"https:\/\/www.facebook.com\/justbuildit.ee\" \/>\n<meta property=\"article:modified_time\" content=\"2026-04-11T09:05:52+00:00\" \/>\n<meta property=\"og:image\" content=\"https:\/\/justbuildit.eu\/wp-content\/uploads\/2023\/10\/102347.jpg\" \/>\n\t<meta property=\"og:image:width\" content=\"900\" \/>\n\t<meta property=\"og:image:height\" content=\"900\" \/>\n\t<meta property=\"og:image:type\" content=\"image\/jpeg\" \/>\n<meta name=\"twitter:card\" content=\"summary_large_image\" \/>\n<script type=\"application\/ld+json\" class=\"yoast-schema-graph\">{\"@context\":\"https:\/\/schema.org\",\"@graph\":[{\"@type\":\"WebPage\",\"@id\":\"https:\/\/justbuildit.eu\/en\/pood\/puitmaterjal\/voodrilauad\/valisvoodrilaud-uys-21x120x5400mm\/\",\"url\":\"https:\/\/justbuildit.eu\/en\/pood\/puitmaterjal\/voodrilauad\/valisvoodrilaud-uys-21x120x5400mm\/\",\"name\":\"V\u00e4lisvoodrilaud UYS 21x120x5400mm - Ehituslahendused\",\"isPartOf\":{\"@id\":\"https:\/\/justbuildit.eu\/en\/#website\"},\"primaryImageOfPage\":{\"@id\":\"https:\/\/justbuildit.eu\/en\/pood\/puitmaterjal\/voodrilauad\/valisvoodrilaud-uys-21x120x5400mm\/#primaryimage\"},\"image\":{\"@id\":\"https:\/\/justbuildit.eu\/en\/pood\/puitmaterjal\/voodrilauad\/valisvoodrilaud-uys-21x120x5400mm\/#primaryimage\"},\"thumbnailUrl\":\"https:\/\/justbuildit.eu\/wp-content\/uploads\/2023\/10\/102347.jpg\",\"datePublished\":\"2023-10-24T07:25:34+00:00\",\"dateModified\":\"2026-04-11T09:05:52+00:00\",\"description\":\"Antud v\u00e4lisvoodrilaud tuleb kruntida ja v\u00e4rvida.\",\"breadcrumb\":{\"@id\":\"https:\/\/justbuildit.eu\/en\/pood\/puitmaterjal\/voodrilauad\/valisvoodrilaud-uys-21x120x5400mm\/#breadcrumb\"},\"inLanguage\":\"en-US\",\"potentialAction\":[{\"@type\":\"ReadAction\",\"target\":[\"https:\/\/justbuildit.eu\/en\/pood\/puitmaterjal\/voodrilauad\/valisvoodrilaud-uys-21x120x5400mm\/\"]}]},{\"@type\":\"ImageObject\",\"inLanguage\":\"en-US\",\"@id\":\"https:\/\/justbuildit.eu\/en\/pood\/puitmaterjal\/voodrilauad\/valisvoodrilaud-uys-21x120x5400mm\/#primaryimage\",\"url\":\"https:\/\/justbuildit.eu\/wp-content\/uploads\/2023\/10\/102347.jpg\",\"contentUrl\":\"https:\/\/justbuildit.eu\/wp-content\/uploads\/2023\/10\/102347.jpg\",\"width\":900,\"height\":900},{\"@type\":\"BreadcrumbList\",\"@id\":\"https:\/\/justbuildit.eu\/en\/pood\/puitmaterjal\/voodrilauad\/valisvoodrilaud-uys-21x120x5400mm\/#breadcrumb\",\"itemListElement\":[{\"@type\":\"ListItem\",\"position\":1,\"name\":\"Home\",\"item\":\"https:\/\/justbuildit.eu\/en\/\"},{\"@type\":\"ListItem\",\"position\":2,\"name\":\"Shop\",\"item\":\"https:\/\/justbuildit.eu\/en\/building-materials\/\"},{\"@type\":\"ListItem\",\"position\":3,\"name\":\"V\u00e4lisvoodrilaud UYS 21x120x5400mm\"}]},{\"@type\":\"WebSite\",\"@id\":\"https:\/\/justbuildit.eu\/en\/#website\",\"url\":\"https:\/\/justbuildit.eu\/en\/\",\"name\":\"Ehituslahendused\",\"description\":\"Ehituslahendused ja materjalid\",\"publisher\":{\"@id\":\"https:\/\/justbuildit.eu\/en\/#organization\"},\"potentialAction\":[{\"@type\":\"SearchAction\",\"target\":{\"@type\":\"EntryPoint\",\"urlTemplate\":\"https:\/\/justbuildit.eu\/en\/?s={search_term_string}\"},\"query-input\":{\"@type\":\"PropertyValueSpecification\",\"valueRequired\":true,\"valueName\":\"search_term_string\"}}],\"inLanguage\":\"en-US\"},{\"@type\":\"Organization\",\"@id\":\"https:\/\/justbuildit.eu\/en\/#organization\",\"name\":\"Just Build It O\u00dc\",\"url\":\"https:\/\/justbuildit.eu\/en\/\",\"logo\":{\"@type\":\"ImageObject\",\"inLanguage\":\"en-US\",\"@id\":\"https:\/\/justbuildit.eu\/en\/#\/schema\/logo\/image\/\",\"url\":\"https:\/\/justbuildit.eu\/wp-content\/uploads\/2022\/01\/justbuildit.png\",\"contentUrl\":\"https:\/\/justbuildit.eu\/wp-content\/uploads\/2022\/01\/justbuildit.png\",\"width\":173,\"height\":77,\"caption\":\"Just Build It O\u00dc\"},\"image\":{\"@id\":\"https:\/\/justbuildit.eu\/en\/#\/schema\/logo\/image\/\"},\"sameAs\":[\"https:\/\/www.facebook.com\/justbuildit.ee\"]}]}<\/script>\n<!-- \/ Yoast SEO Premium plugin. -->","yoast_head_json":{"title":"V\u00e4lisvoodrilaud UYS 21x120x5400mm - Ehituslahendused","description":"Antud v\u00e4lisvoodrilaud tuleb kruntida ja v\u00e4rvida.","robots":{"index":"index","follow":"follow","max-snippet":"max-snippet:-1","max-image-preview":"max-image-preview:large","max-video-preview":"max-video-preview:-1"},"canonical":"https:\/\/justbuildit.eu\/en\/pood\/puitmaterjal\/voodrilauad\/valisvoodrilaud-uys-21x120x5400mm\/","og_locale":"en_US","og_type":"article","og_title":"V\u00e4lisvoodrilaud UYS 21x120x5400mm","og_description":"Antud v\u00e4lisvoodrilaud tuleb kruntida ja v\u00e4rvida.","og_url":"https:\/\/justbuildit.eu\/en\/pood\/puitmaterjal\/voodrilauad\/valisvoodrilaud-uys-21x120x5400mm\/","og_site_name":"Ehituslahendused","article_publisher":"https:\/\/www.facebook.com\/justbuildit.ee","article_modified_time":"2026-04-11T09:05:52+00:00","og_image":[{"width":900,"height":900,"url":"https:\/\/justbuildit.eu\/wp-content\/uploads\/2023\/10\/102347.jpg","type":"image\/jpeg"}],"twitter_card":"summary_large_image","schema":{"@context":"https:\/\/schema.org","@graph":[{"@type":"WebPage","@id":"https:\/\/justbuildit.eu\/en\/pood\/puitmaterjal\/voodrilauad\/valisvoodrilaud-uys-21x120x5400mm\/","url":"https:\/\/justbuildit.eu\/en\/pood\/puitmaterjal\/voodrilauad\/valisvoodrilaud-uys-21x120x5400mm\/","name":"V\u00e4lisvoodrilaud UYS 21x120x5400mm - Ehituslahendused","isPartOf":{"@id":"https:\/\/justbuildit.eu\/en\/#website"},"primaryImageOfPage":{"@id":"https:\/\/justbuildit.eu\/en\/pood\/puitmaterjal\/voodrilauad\/valisvoodrilaud-uys-21x120x5400mm\/#primaryimage"},"image":{"@id":"https:\/\/justbuildit.eu\/en\/pood\/puitmaterjal\/voodrilauad\/valisvoodrilaud-uys-21x120x5400mm\/#primaryimage"},"thumbnailUrl":"https:\/\/justbuildit.eu\/wp-content\/uploads\/2023\/10\/102347.jpg","datePublished":"2023-10-24T07:25:34+00:00","dateModified":"2026-04-11T09:05:52+00:00","description":"Antud v\u00e4lisvoodrilaud tuleb kruntida ja v\u00e4rvida.","breadcrumb":{"@id":"https:\/\/justbuildit.eu\/en\/pood\/puitmaterjal\/voodrilauad\/valisvoodrilaud-uys-21x120x5400mm\/#breadcrumb"},"inLanguage":"en-US","potentialAction":[{"@type":"ReadAction","target":["https:\/\/justbuildit.eu\/en\/pood\/puitmaterjal\/voodrilauad\/valisvoodrilaud-uys-21x120x5400mm\/"]}]},{"@type":"ImageObject","inLanguage":"en-US","@id":"https:\/\/justbuildit.eu\/en\/pood\/puitmaterjal\/voodrilauad\/valisvoodrilaud-uys-21x120x5400mm\/#primaryimage","url":"https:\/\/justbuildit.eu\/wp-content\/uploads\/2023\/10\/102347.jpg","contentUrl":"https:\/\/justbuildit.eu\/wp-content\/uploads\/2023\/10\/102347.jpg","width":900,"height":900},{"@type":"BreadcrumbList","@id":"https:\/\/justbuildit.eu\/en\/pood\/puitmaterjal\/voodrilauad\/valisvoodrilaud-uys-21x120x5400mm\/#breadcrumb","itemListElement":[{"@type":"ListItem","position":1,"name":"Home","item":"https:\/\/justbuildit.eu\/en\/"},{"@type":"ListItem","position":2,"name":"Shop","item":"https:\/\/justbuildit.eu\/en\/building-materials\/"},{"@type":"ListItem","position":3,"name":"V\u00e4lisvoodrilaud UYS 21x120x5400mm"}]},{"@type":"WebSite","@id":"https:\/\/justbuildit.eu\/en\/#website","url":"https:\/\/justbuildit.eu\/en\/","name":"Ehituslahendused","description":"Ehituslahendused ja materjalid","publisher":{"@id":"https:\/\/justbuildit.eu\/en\/#organization"},"potentialAction":[{"@type":"SearchAction","target":{"@type":"EntryPoint","urlTemplate":"https:\/\/justbuildit.eu\/en\/?s={search_term_string}"},"query-input":{"@type":"PropertyValueSpecification","valueRequired":true,"valueName":"search_term_string"}}],"inLanguage":"en-US"},{"@type":"Organization","@id":"https:\/\/justbuildit.eu\/en\/#organization","name":"Just Build It O\u00dc","url":"https:\/\/justbuildit.eu\/en\/","logo":{"@type":"ImageObject","inLanguage":"en-US","@id":"https:\/\/justbuildit.eu\/en\/#\/schema\/logo\/image\/","url":"https:\/\/justbuildit.eu\/wp-content\/uploads\/2022\/01\/justbuildit.png","contentUrl":"https:\/\/justbuildit.eu\/wp-content\/uploads\/2022\/01\/justbuildit.png","width":173,"height":77,"caption":"Just Build It O\u00dc"},"image":{"@id":"https:\/\/justbuildit.eu\/en\/#\/schema\/logo\/image\/"},"sameAs":["https:\/\/www.facebook.com\/justbuildit.ee"]}]}},"_links":{"self":[{"href":"https:\/\/justbuildit.eu\/en\/wp-json\/wp\/v2\/product\/364904","targetHints":{"allow":["GET"]}}],"collection":[{"href":"https:\/\/justbuildit.eu\/en\/wp-json\/wp\/v2\/product"}],"about":[{"href":"https:\/\/justbuildit.eu\/en\/wp-json\/wp\/v2\/types\/product"}],"replies":[{"embeddable":true,"href":"https:\/\/justbuildit.eu\/en\/wp-json\/wp\/v2\/comments?post=364904"}],"wp:featuredmedia":[{"embeddable":true,"href":"https:\/\/justbuildit.eu\/en\/wp-json\/wp\/v2\/media\/364905"}],"wp:attachment":[{"href":"https:\/\/justbuildit.eu\/en\/wp-json\/wp\/v2\/media?parent=364904"}],"wp:term":[{"taxonomy":"product_brand","embeddable":true,"href":"https:\/\/justbuildit.eu\/en\/wp-json\/wp\/v2\/product_brand?post=364904"},{"taxonomy":"product_cat","embeddable":true,"href":"https:\/\/justbuildit.eu\/en\/wp-json\/wp\/v2\/product_cat?post=364904"},{"taxonomy":"product_tag","embeddable":true,"href":"https:\/\/justbuildit.eu\/en\/wp-json\/wp\/v2\/product_tag?post=364904"}],"curies":[{"name":"wp","href":"https:\/\/api.w.org\/{rel}","templated":true}]}}