{"id":366495,"date":"2023-10-28T08:36:57","date_gmt":"2023-10-28T05:36:57","guid":{"rendered":"https:\/\/justbuildit.eu\/?post_type=product&#038;p=366495"},"modified":"2026-04-11T12:05:49","modified_gmt":"2026-04-11T09:05:49","slug":"horisontaalprofiil-70-37-30","status":"publish","type":"product","link":"https:\/\/justbuildit.eu\/en\/pood\/rauakaubad\/metallkarkass-kipsplaadile\/horisontaalprofiil-70-37-30\/","title":{"rendered":"HORISONTAALPROFIIL 70\/37 3,0"},"content":{"rendered":"<div class=\"row\"  id=\"row-818118169\">\n<div id=\"col-1959730985\" class=\"col medium-9 small-12 large-9\"  >\n<div class=\"col-inner\"  >\n<h2>Horisontaalprofiil<\/h2>\n<div id=\"gap-1565961869\" class=\"gap-element clearfix\" style=\"display:block; height:auto;\">\n<style>\n#gap-1565961869 {\n  padding-top: 30px;\n}\n<\/style>\n<\/p>\n<\/div>\n<\/div>\n<\/div>\n<div id=\"col-2096885283\" class=\"col medium-3 small-12 large-3\"  >\n<div class=\"col-inner\"  >\n<div id=\"gap-1130170938\" class=\"gap-element clearfix\" style=\"display:block; height:auto;\">\n<style>\n#gap-1130170938 {\n  padding-top: 30px;\n}\n<\/style>\n<\/p>\n<\/div>\n<div class=\"is-divider divider clearfix\" ><\/div>\n<p><strong>\u00dcksikasjalikuma n\u00f5u saamiseks v\u00f5tke \u00fchendust:<br \/><\/strong>Favor AS<br \/>Loov\u00e4lja tee 11<br \/>74207<br \/>Liivam\u00e4e k\u00fcla, J\u00f5el\u00e4htme vald<br \/>+372 6349200<\/p>\n<div class=\"is-divider divider clearfix\" ><\/div>\n<\/p>\n<\/div>\n<\/div>\n<\/div>\n","protected":false},"excerpt":{"rendered":"<p><strong>\u00dcksikasjalikuma n\u00f5u saamiseks v\u00f5tke \u00fchendust:<br \/><\/strong>Favor AS<br \/>Loov\u00e4lja tee 11<br \/>74207<br \/>Liivam\u00e4e k\u00fcla, J\u00f5el\u00e4htme vald<br \/>+372 6349200<\/p>","protected":false},"featured_media":366496,"comment_status":"open","ping_status":"closed","template":"","meta":{"_acf_changed":false},"product_brand":[],"product_cat":[106,498],"product_tag":[],"class_list":{"0":"post-366495","1":"product","2":"type-product","3":"status-publish","4":"has-post-thumbnail","6":"product_cat-metallkarkass-kipsplaadile","7":"product_cat-espak","9":"first","10":"instock","11":"sale","12":"shipping-taxable","13":"purchasable","14":"product-type-simple"},"acf":[],"yoast_head":"<!-- This site is optimized with the Yoast SEO Premium plugin v18.7 (Yoast SEO v26.5) - https:\/\/yoast.com\/wordpress\/plugins\/seo\/ -->\n<title>HORISONTAALPROFIIL 70\/37 3,0 - Ehituslahendused<\/title>\n<meta name=\"description\" content=\"Lae ja p\u00f5randa v\u00f6\u00f6, kipsplaatseina ehitamiseks.\" \/>\n<meta name=\"robots\" content=\"index, follow, max-snippet:-1, max-image-preview:large, max-video-preview:-1\" \/>\n<link rel=\"canonical\" href=\"https:\/\/justbuildit.eu\/en\/pood\/rauakaubad\/metallkarkass-kipsplaadile\/horisontaalprofiil-70-37-30\/\" \/>\n<meta property=\"og:locale\" content=\"en_US\" \/>\n<meta property=\"og:type\" content=\"article\" \/>\n<meta property=\"og:title\" content=\"HORISONTAALPROFIIL 70\/37 3,0\" \/>\n<meta property=\"og:description\" content=\"Lae ja p\u00f5randa v\u00f6\u00f6, kipsplaatseina ehitamiseks.\" \/>\n<meta property=\"og:url\" content=\"https:\/\/justbuildit.eu\/en\/pood\/rauakaubad\/metallkarkass-kipsplaadile\/horisontaalprofiil-70-37-30\/\" \/>\n<meta property=\"og:site_name\" content=\"Ehituslahendused\" \/>\n<meta property=\"article:publisher\" content=\"https:\/\/www.facebook.com\/justbuildit.ee\" \/>\n<meta property=\"article:modified_time\" content=\"2026-04-11T09:05:49+00:00\" \/>\n<meta property=\"og:image\" content=\"https:\/\/justbuildit.eu\/wp-content\/uploads\/2023\/10\/Horisontaalprofiil.jpg\" \/>\n\t<meta property=\"og:image:width\" content=\"268\" \/>\n\t<meta property=\"og:image:height\" content=\"268\" \/>\n\t<meta property=\"og:image:type\" content=\"image\/jpeg\" \/>\n<meta name=\"twitter:card\" content=\"summary_large_image\" \/>\n<script type=\"application\/ld+json\" class=\"yoast-schema-graph\">{\"@context\":\"https:\/\/schema.org\",\"@graph\":[{\"@type\":\"WebPage\",\"@id\":\"https:\/\/justbuildit.eu\/en\/pood\/rauakaubad\/metallkarkass-kipsplaadile\/horisontaalprofiil-70-37-30\/\",\"url\":\"https:\/\/justbuildit.eu\/en\/pood\/rauakaubad\/metallkarkass-kipsplaadile\/horisontaalprofiil-70-37-30\/\",\"name\":\"HORISONTAALPROFIIL 70\/37 3,0 - Ehituslahendused\",\"isPartOf\":{\"@id\":\"https:\/\/justbuildit.eu\/en\/#website\"},\"primaryImageOfPage\":{\"@id\":\"https:\/\/justbuildit.eu\/en\/pood\/rauakaubad\/metallkarkass-kipsplaadile\/horisontaalprofiil-70-37-30\/#primaryimage\"},\"image\":{\"@id\":\"https:\/\/justbuildit.eu\/en\/pood\/rauakaubad\/metallkarkass-kipsplaadile\/horisontaalprofiil-70-37-30\/#primaryimage\"},\"thumbnailUrl\":\"https:\/\/justbuildit.eu\/wp-content\/uploads\/2023\/10\/Horisontaalprofiil.jpg\",\"datePublished\":\"2023-10-28T05:36:57+00:00\",\"dateModified\":\"2026-04-11T09:05:49+00:00\",\"description\":\"Lae ja p\u00f5randa v\u00f6\u00f6, kipsplaatseina ehitamiseks.\",\"breadcrumb\":{\"@id\":\"https:\/\/justbuildit.eu\/en\/pood\/rauakaubad\/metallkarkass-kipsplaadile\/horisontaalprofiil-70-37-30\/#breadcrumb\"},\"inLanguage\":\"en-US\",\"potentialAction\":[{\"@type\":\"ReadAction\",\"target\":[\"https:\/\/justbuildit.eu\/en\/pood\/rauakaubad\/metallkarkass-kipsplaadile\/horisontaalprofiil-70-37-30\/\"]}]},{\"@type\":\"ImageObject\",\"inLanguage\":\"en-US\",\"@id\":\"https:\/\/justbuildit.eu\/en\/pood\/rauakaubad\/metallkarkass-kipsplaadile\/horisontaalprofiil-70-37-30\/#primaryimage\",\"url\":\"https:\/\/justbuildit.eu\/wp-content\/uploads\/2023\/10\/Horisontaalprofiil.jpg\",\"contentUrl\":\"https:\/\/justbuildit.eu\/wp-content\/uploads\/2023\/10\/Horisontaalprofiil.jpg\",\"width\":268,\"height\":268},{\"@type\":\"BreadcrumbList\",\"@id\":\"https:\/\/justbuildit.eu\/en\/pood\/rauakaubad\/metallkarkass-kipsplaadile\/horisontaalprofiil-70-37-30\/#breadcrumb\",\"itemListElement\":[{\"@type\":\"ListItem\",\"position\":1,\"name\":\"Home\",\"item\":\"https:\/\/justbuildit.eu\/en\/\"},{\"@type\":\"ListItem\",\"position\":2,\"name\":\"Shop\",\"item\":\"https:\/\/justbuildit.eu\/en\/building-materials\/\"},{\"@type\":\"ListItem\",\"position\":3,\"name\":\"HORISONTAALPROFIIL 70\/37 3,0\"}]},{\"@type\":\"WebSite\",\"@id\":\"https:\/\/justbuildit.eu\/en\/#website\",\"url\":\"https:\/\/justbuildit.eu\/en\/\",\"name\":\"Ehituslahendused\",\"description\":\"Ehituslahendused ja materjalid\",\"publisher\":{\"@id\":\"https:\/\/justbuildit.eu\/en\/#organization\"},\"potentialAction\":[{\"@type\":\"SearchAction\",\"target\":{\"@type\":\"EntryPoint\",\"urlTemplate\":\"https:\/\/justbuildit.eu\/en\/?s={search_term_string}\"},\"query-input\":{\"@type\":\"PropertyValueSpecification\",\"valueRequired\":true,\"valueName\":\"search_term_string\"}}],\"inLanguage\":\"en-US\"},{\"@type\":\"Organization\",\"@id\":\"https:\/\/justbuildit.eu\/en\/#organization\",\"name\":\"Just Build It O\u00dc\",\"url\":\"https:\/\/justbuildit.eu\/en\/\",\"logo\":{\"@type\":\"ImageObject\",\"inLanguage\":\"en-US\",\"@id\":\"https:\/\/justbuildit.eu\/en\/#\/schema\/logo\/image\/\",\"url\":\"https:\/\/justbuildit.eu\/wp-content\/uploads\/2022\/01\/justbuildit.png\",\"contentUrl\":\"https:\/\/justbuildit.eu\/wp-content\/uploads\/2022\/01\/justbuildit.png\",\"width\":173,\"height\":77,\"caption\":\"Just Build It O\u00dc\"},\"image\":{\"@id\":\"https:\/\/justbuildit.eu\/en\/#\/schema\/logo\/image\/\"},\"sameAs\":[\"https:\/\/www.facebook.com\/justbuildit.ee\"]}]}<\/script>\n<!-- \/ Yoast SEO Premium plugin. -->","yoast_head_json":{"title":"HORISONTAALPROFIIL 70\/37 3,0 - Ehituslahendused","description":"Lae ja p\u00f5randa v\u00f6\u00f6, kipsplaatseina ehitamiseks.","robots":{"index":"index","follow":"follow","max-snippet":"max-snippet:-1","max-image-preview":"max-image-preview:large","max-video-preview":"max-video-preview:-1"},"canonical":"https:\/\/justbuildit.eu\/en\/pood\/rauakaubad\/metallkarkass-kipsplaadile\/horisontaalprofiil-70-37-30\/","og_locale":"en_US","og_type":"article","og_title":"HORISONTAALPROFIIL 70\/37 3,0","og_description":"Lae ja p\u00f5randa v\u00f6\u00f6, kipsplaatseina ehitamiseks.","og_url":"https:\/\/justbuildit.eu\/en\/pood\/rauakaubad\/metallkarkass-kipsplaadile\/horisontaalprofiil-70-37-30\/","og_site_name":"Ehituslahendused","article_publisher":"https:\/\/www.facebook.com\/justbuildit.ee","article_modified_time":"2026-04-11T09:05:49+00:00","og_image":[{"width":268,"height":268,"url":"https:\/\/justbuildit.eu\/wp-content\/uploads\/2023\/10\/Horisontaalprofiil.jpg","type":"image\/jpeg"}],"twitter_card":"summary_large_image","schema":{"@context":"https:\/\/schema.org","@graph":[{"@type":"WebPage","@id":"https:\/\/justbuildit.eu\/en\/pood\/rauakaubad\/metallkarkass-kipsplaadile\/horisontaalprofiil-70-37-30\/","url":"https:\/\/justbuildit.eu\/en\/pood\/rauakaubad\/metallkarkass-kipsplaadile\/horisontaalprofiil-70-37-30\/","name":"HORISONTAALPROFIIL 70\/37 3,0 - Ehituslahendused","isPartOf":{"@id":"https:\/\/justbuildit.eu\/en\/#website"},"primaryImageOfPage":{"@id":"https:\/\/justbuildit.eu\/en\/pood\/rauakaubad\/metallkarkass-kipsplaadile\/horisontaalprofiil-70-37-30\/#primaryimage"},"image":{"@id":"https:\/\/justbuildit.eu\/en\/pood\/rauakaubad\/metallkarkass-kipsplaadile\/horisontaalprofiil-70-37-30\/#primaryimage"},"thumbnailUrl":"https:\/\/justbuildit.eu\/wp-content\/uploads\/2023\/10\/Horisontaalprofiil.jpg","datePublished":"2023-10-28T05:36:57+00:00","dateModified":"2026-04-11T09:05:49+00:00","description":"Lae ja p\u00f5randa v\u00f6\u00f6, kipsplaatseina ehitamiseks.","breadcrumb":{"@id":"https:\/\/justbuildit.eu\/en\/pood\/rauakaubad\/metallkarkass-kipsplaadile\/horisontaalprofiil-70-37-30\/#breadcrumb"},"inLanguage":"en-US","potentialAction":[{"@type":"ReadAction","target":["https:\/\/justbuildit.eu\/en\/pood\/rauakaubad\/metallkarkass-kipsplaadile\/horisontaalprofiil-70-37-30\/"]}]},{"@type":"ImageObject","inLanguage":"en-US","@id":"https:\/\/justbuildit.eu\/en\/pood\/rauakaubad\/metallkarkass-kipsplaadile\/horisontaalprofiil-70-37-30\/#primaryimage","url":"https:\/\/justbuildit.eu\/wp-content\/uploads\/2023\/10\/Horisontaalprofiil.jpg","contentUrl":"https:\/\/justbuildit.eu\/wp-content\/uploads\/2023\/10\/Horisontaalprofiil.jpg","width":268,"height":268},{"@type":"BreadcrumbList","@id":"https:\/\/justbuildit.eu\/en\/pood\/rauakaubad\/metallkarkass-kipsplaadile\/horisontaalprofiil-70-37-30\/#breadcrumb","itemListElement":[{"@type":"ListItem","position":1,"name":"Home","item":"https:\/\/justbuildit.eu\/en\/"},{"@type":"ListItem","position":2,"name":"Shop","item":"https:\/\/justbuildit.eu\/en\/building-materials\/"},{"@type":"ListItem","position":3,"name":"HORISONTAALPROFIIL 70\/37 3,0"}]},{"@type":"WebSite","@id":"https:\/\/justbuildit.eu\/en\/#website","url":"https:\/\/justbuildit.eu\/en\/","name":"Ehituslahendused","description":"Ehituslahendused ja materjalid","publisher":{"@id":"https:\/\/justbuildit.eu\/en\/#organization"},"potentialAction":[{"@type":"SearchAction","target":{"@type":"EntryPoint","urlTemplate":"https:\/\/justbuildit.eu\/en\/?s={search_term_string}"},"query-input":{"@type":"PropertyValueSpecification","valueRequired":true,"valueName":"search_term_string"}}],"inLanguage":"en-US"},{"@type":"Organization","@id":"https:\/\/justbuildit.eu\/en\/#organization","name":"Just Build It O\u00dc","url":"https:\/\/justbuildit.eu\/en\/","logo":{"@type":"ImageObject","inLanguage":"en-US","@id":"https:\/\/justbuildit.eu\/en\/#\/schema\/logo\/image\/","url":"https:\/\/justbuildit.eu\/wp-content\/uploads\/2022\/01\/justbuildit.png","contentUrl":"https:\/\/justbuildit.eu\/wp-content\/uploads\/2022\/01\/justbuildit.png","width":173,"height":77,"caption":"Just Build It O\u00dc"},"image":{"@id":"https:\/\/justbuildit.eu\/en\/#\/schema\/logo\/image\/"},"sameAs":["https:\/\/www.facebook.com\/justbuildit.ee"]}]}},"_links":{"self":[{"href":"https:\/\/justbuildit.eu\/en\/wp-json\/wp\/v2\/product\/366495","targetHints":{"allow":["GET"]}}],"collection":[{"href":"https:\/\/justbuildit.eu\/en\/wp-json\/wp\/v2\/product"}],"about":[{"href":"https:\/\/justbuildit.eu\/en\/wp-json\/wp\/v2\/types\/product"}],"replies":[{"embeddable":true,"href":"https:\/\/justbuildit.eu\/en\/wp-json\/wp\/v2\/comments?post=366495"}],"wp:featuredmedia":[{"embeddable":true,"href":"https:\/\/justbuildit.eu\/en\/wp-json\/wp\/v2\/media\/366496"}],"wp:attachment":[{"href":"https:\/\/justbuildit.eu\/en\/wp-json\/wp\/v2\/media?parent=366495"}],"wp:term":[{"taxonomy":"product_brand","embeddable":true,"href":"https:\/\/justbuildit.eu\/en\/wp-json\/wp\/v2\/product_brand?post=366495"},{"taxonomy":"product_cat","embeddable":true,"href":"https:\/\/justbuildit.eu\/en\/wp-json\/wp\/v2\/product_cat?post=366495"},{"taxonomy":"product_tag","embeddable":true,"href":"https:\/\/justbuildit.eu\/en\/wp-json\/wp\/v2\/product_tag?post=366495"}],"curies":[{"name":"wp","href":"https:\/\/api.w.org\/{rel}","templated":true}]}}