{"id":381317,"date":"2023-12-04T17:35:41","date_gmt":"2023-12-04T14:35:41","guid":{"rendered":"https:\/\/justbuildit.eu\/?post_type=product&#038;p=381317"},"modified":"2026-04-28T12:05:20","modified_gmt":"2026-04-28T09:05:20","slug":"betoonikruvi-63x30mm-100tk","status":"publish","type":"product","link":"https:\/\/justbuildit.eu\/en\/pood\/kinnitusvahendid\/kruvid\/betoonikruvi-63x30mm-100tk\/","title":{"rendered":"Betoonikruvi 6,3x30mm (100tk)"},"content":{"rendered":"<ul>\n<li>Puurimiss\u00fcgavus (mm): 35<\/li>\n<li>Detaili paksus (mm): 5<\/li>\n<li>Pinnat\u00f6\u00f6tlus: Tsink pinnakattega<\/li>\n<li>Materjal, kuhu kinnitatakse: Betoon, \u00f5\u00f5nespaneel, kivi<\/li>\n<\/ul>\n<p>Kasutusvaldkond: <br \/>\nESSVE betoonikruvi ECS on taskukohane betoonikruvi lihtsamateks t\u00f6\u00f6deks, kui paigalduse kohta ei n\u00f5uta nt ETA tunnustust.<\/p>\n<p>Kirjeldus:<br \/>\nSpetsiaalselt karastud kruvi, mis keeratakse puuritud auku otse, ilma t\u00fc\u00fcblita. Kruvil on nn hi-low-keere, mis tagab head koormusv\u00e4\u00e4rtused ning lihtsustab paigaldamist.<\/p>\n<p>L\u00e4ikivaks tsingitud pinnat\u00f6\u00f6tlus sobib paigaldust\u00f6\u00f6deks siseruumides, kus korrodeeruvusklassiks on C1. Standardi ISO 9223 kohaselt iseloomustavad korrodeeruvusklassi C1 sisekeskkonnad, kus on k\u00f6etavad ruumid, madal \u00f5huniiskus ja v\u00e4hene saaste hulk, nt kontorid, poed, koolid ja hotellid.<\/p>\n<p>M\u00f5\u00f5t 7,5 mm on heaks kiidetud tuleohutuse klassis R30 koormusele 1,0 kN. Min monteerimiss\u00fcgavus 35 mm.<\/p>\n<p>Paigaldamine:<br \/>\nPaigaldamisel on soovitatav kasutada l\u00f6\u00f6kkruvikeerajat. <\/p>\n<p>Betoonikruvi ei n\u00f5ua kinnituse kindlustamiseks eelpingestusmomenti, mis t\u00e4hendab, et kui kruvi on j\u00f5udnud aluspinda, tuleb igasugust pingutamist v\u00e4ltida. L\u00f5plik rakendatav pingutusmoment ei tohi olla suurem kui fikseeritava objekti paigalhoidmiseks vajalik. Esitatud pingutusmoment on maksimaalne pingutusmoment; mitte ajada segi teiste toodetega, mis n\u00f5uavad eelpingestusmomenti (nt kiilankrud).<\/p>\n<p>Betoonikruvi ECS on l\u00e4bikarastatud ning seet\u00f5ttu tundlik viltusele sissekruvimisele. Puuriauk peab olema aluspinna suhtes 90 kraadi all.<\/p>\n<p>Betoonikruvi ECS puhul ei ole n\u00f5utav puuriaugu puhtaks puhumine enne paigaldamist, kuid puuriauk peab olema piisavalt s\u00fcgav, et betoonikruvi saavutaks \u00f5ige paigalduss\u00fcgavuse s\u00f5ltumata v\u00f5imalikust auku j\u00e4\u00e4nud puurimistolmust.<\/p>\n","protected":false},"excerpt":{"rendered":"<p>Kasutusvaldkond: <br \/>\nESSVE betoonikruvi ECS on taskukohane betoonikruvi lihtsamateks t\u00f6\u00f6deks, kui paigalduse kohta ei n\u00f5uta nt ETA tunnustust.<\/p>","protected":false},"featured_media":381318,"comment_status":"open","ping_status":"closed","template":"","meta":{"_acf_changed":false},"product_brand":[],"product_cat":[85,497],"product_tag":[],"class_list":{"0":"post-381317","1":"product","2":"type-product","3":"status-publish","4":"has-post-thumbnail","6":"product_cat-kruvid","7":"product_cat-puumarket","9":"first","10":"instock","11":"shipping-taxable","12":"purchasable","13":"product-type-simple"},"acf":[],"yoast_head":"<!-- This site is optimized with the Yoast SEO Premium plugin v18.7 (Yoast SEO v26.5) - https:\/\/yoast.com\/wordpress\/plugins\/seo\/ -->\n<title>Betoonikruvi 6,3x30mm (100tk) - Ehituslahendused<\/title>\n<meta name=\"description\" content=\"Betoonikruvi, petsiaalselt karastud, mis keeratakse puuritud auku otse, ilma t\u00fc\u00fcblita. Kruvil on nn hi-low-keere, mis tagab head koormusv\u00e4\u00e4rtused ning lihtsustab paigaldamist.\" \/>\n<meta name=\"robots\" content=\"index, follow, max-snippet:-1, max-image-preview:large, max-video-preview:-1\" \/>\n<link rel=\"canonical\" href=\"https:\/\/justbuildit.eu\/en\/pood\/kinnitusvahendid\/kruvid\/betoonikruvi-63x30mm-100tk\/\" \/>\n<meta property=\"og:locale\" content=\"en_US\" \/>\n<meta property=\"og:type\" content=\"article\" \/>\n<meta property=\"og:title\" content=\"Betoonikruvi 6,3x30mm (100tk)\" \/>\n<meta property=\"og:description\" content=\"Betoonikruvi, petsiaalselt karastud, mis keeratakse puuritud auku otse, ilma t\u00fc\u00fcblita. Kruvil on nn hi-low-keere, mis tagab head koormusv\u00e4\u00e4rtused ning lihtsustab paigaldamist.\" \/>\n<meta property=\"og:url\" content=\"https:\/\/justbuildit.eu\/en\/pood\/kinnitusvahendid\/kruvid\/betoonikruvi-63x30mm-100tk\/\" \/>\n<meta property=\"og:site_name\" content=\"Ehituslahendused\" \/>\n<meta property=\"article:publisher\" content=\"https:\/\/www.facebook.com\/justbuildit.ee\" \/>\n<meta property=\"article:modified_time\" content=\"2026-04-28T09:05:20+00:00\" \/>\n<meta property=\"og:image\" content=\"https:\/\/justbuildit.eu\/wp-content\/uploads\/2023\/12\/103483.jpg\" \/>\n\t<meta property=\"og:image:width\" content=\"709\" \/>\n\t<meta property=\"og:image:height\" content=\"709\" \/>\n\t<meta property=\"og:image:type\" content=\"image\/jpeg\" \/>\n<meta name=\"twitter:card\" content=\"summary_large_image\" \/>\n<script type=\"application\/ld+json\" class=\"yoast-schema-graph\">{\"@context\":\"https:\/\/schema.org\",\"@graph\":[{\"@type\":\"WebPage\",\"@id\":\"https:\/\/justbuildit.eu\/en\/pood\/kinnitusvahendid\/kruvid\/betoonikruvi-63x30mm-100tk\/\",\"url\":\"https:\/\/justbuildit.eu\/en\/pood\/kinnitusvahendid\/kruvid\/betoonikruvi-63x30mm-100tk\/\",\"name\":\"Betoonikruvi 6,3x30mm (100tk) - Ehituslahendused\",\"isPartOf\":{\"@id\":\"https:\/\/justbuildit.eu\/en\/#website\"},\"primaryImageOfPage\":{\"@id\":\"https:\/\/justbuildit.eu\/en\/pood\/kinnitusvahendid\/kruvid\/betoonikruvi-63x30mm-100tk\/#primaryimage\"},\"image\":{\"@id\":\"https:\/\/justbuildit.eu\/en\/pood\/kinnitusvahendid\/kruvid\/betoonikruvi-63x30mm-100tk\/#primaryimage\"},\"thumbnailUrl\":\"https:\/\/justbuildit.eu\/wp-content\/uploads\/2023\/12\/103483.jpg\",\"datePublished\":\"2023-12-04T14:35:41+00:00\",\"dateModified\":\"2026-04-28T09:05:20+00:00\",\"description\":\"Betoonikruvi, petsiaalselt karastud, mis keeratakse puuritud auku otse, ilma t\u00fc\u00fcblita. Kruvil on nn hi-low-keere, mis tagab head koormusv\u00e4\u00e4rtused ning lihtsustab paigaldamist.\",\"breadcrumb\":{\"@id\":\"https:\/\/justbuildit.eu\/en\/pood\/kinnitusvahendid\/kruvid\/betoonikruvi-63x30mm-100tk\/#breadcrumb\"},\"inLanguage\":\"en-US\",\"potentialAction\":[{\"@type\":\"ReadAction\",\"target\":[\"https:\/\/justbuildit.eu\/en\/pood\/kinnitusvahendid\/kruvid\/betoonikruvi-63x30mm-100tk\/\"]}]},{\"@type\":\"ImageObject\",\"inLanguage\":\"en-US\",\"@id\":\"https:\/\/justbuildit.eu\/en\/pood\/kinnitusvahendid\/kruvid\/betoonikruvi-63x30mm-100tk\/#primaryimage\",\"url\":\"https:\/\/justbuildit.eu\/wp-content\/uploads\/2023\/12\/103483.jpg\",\"contentUrl\":\"https:\/\/justbuildit.eu\/wp-content\/uploads\/2023\/12\/103483.jpg\",\"width\":709,\"height\":709},{\"@type\":\"BreadcrumbList\",\"@id\":\"https:\/\/justbuildit.eu\/en\/pood\/kinnitusvahendid\/kruvid\/betoonikruvi-63x30mm-100tk\/#breadcrumb\",\"itemListElement\":[{\"@type\":\"ListItem\",\"position\":1,\"name\":\"Home\",\"item\":\"https:\/\/justbuildit.eu\/en\/\"},{\"@type\":\"ListItem\",\"position\":2,\"name\":\"Shop\",\"item\":\"https:\/\/justbuildit.eu\/en\/building-materials\/\"},{\"@type\":\"ListItem\",\"position\":3,\"name\":\"Betoonikruvi 6,3x30mm (100tk)\"}]},{\"@type\":\"WebSite\",\"@id\":\"https:\/\/justbuildit.eu\/en\/#website\",\"url\":\"https:\/\/justbuildit.eu\/en\/\",\"name\":\"Ehituslahendused\",\"description\":\"Ehituslahendused ja materjalid\",\"publisher\":{\"@id\":\"https:\/\/justbuildit.eu\/en\/#organization\"},\"potentialAction\":[{\"@type\":\"SearchAction\",\"target\":{\"@type\":\"EntryPoint\",\"urlTemplate\":\"https:\/\/justbuildit.eu\/en\/?s={search_term_string}\"},\"query-input\":{\"@type\":\"PropertyValueSpecification\",\"valueRequired\":true,\"valueName\":\"search_term_string\"}}],\"inLanguage\":\"en-US\"},{\"@type\":\"Organization\",\"@id\":\"https:\/\/justbuildit.eu\/en\/#organization\",\"name\":\"Just Build It O\u00dc\",\"url\":\"https:\/\/justbuildit.eu\/en\/\",\"logo\":{\"@type\":\"ImageObject\",\"inLanguage\":\"en-US\",\"@id\":\"https:\/\/justbuildit.eu\/en\/#\/schema\/logo\/image\/\",\"url\":\"https:\/\/justbuildit.eu\/wp-content\/uploads\/2022\/01\/justbuildit.png\",\"contentUrl\":\"https:\/\/justbuildit.eu\/wp-content\/uploads\/2022\/01\/justbuildit.png\",\"width\":173,\"height\":77,\"caption\":\"Just Build It O\u00dc\"},\"image\":{\"@id\":\"https:\/\/justbuildit.eu\/en\/#\/schema\/logo\/image\/\"},\"sameAs\":[\"https:\/\/www.facebook.com\/justbuildit.ee\"]}]}<\/script>\n<!-- \/ Yoast SEO Premium plugin. -->","yoast_head_json":{"title":"Betoonikruvi 6,3x30mm (100tk) - Ehituslahendused","description":"Betoonikruvi, petsiaalselt karastud, mis keeratakse puuritud auku otse, ilma t\u00fc\u00fcblita. Kruvil on nn hi-low-keere, mis tagab head koormusv\u00e4\u00e4rtused ning lihtsustab paigaldamist.","robots":{"index":"index","follow":"follow","max-snippet":"max-snippet:-1","max-image-preview":"max-image-preview:large","max-video-preview":"max-video-preview:-1"},"canonical":"https:\/\/justbuildit.eu\/en\/pood\/kinnitusvahendid\/kruvid\/betoonikruvi-63x30mm-100tk\/","og_locale":"en_US","og_type":"article","og_title":"Betoonikruvi 6,3x30mm (100tk)","og_description":"Betoonikruvi, petsiaalselt karastud, mis keeratakse puuritud auku otse, ilma t\u00fc\u00fcblita. Kruvil on nn hi-low-keere, mis tagab head koormusv\u00e4\u00e4rtused ning lihtsustab paigaldamist.","og_url":"https:\/\/justbuildit.eu\/en\/pood\/kinnitusvahendid\/kruvid\/betoonikruvi-63x30mm-100tk\/","og_site_name":"Ehituslahendused","article_publisher":"https:\/\/www.facebook.com\/justbuildit.ee","article_modified_time":"2026-04-28T09:05:20+00:00","og_image":[{"width":709,"height":709,"url":"https:\/\/justbuildit.eu\/wp-content\/uploads\/2023\/12\/103483.jpg","type":"image\/jpeg"}],"twitter_card":"summary_large_image","schema":{"@context":"https:\/\/schema.org","@graph":[{"@type":"WebPage","@id":"https:\/\/justbuildit.eu\/en\/pood\/kinnitusvahendid\/kruvid\/betoonikruvi-63x30mm-100tk\/","url":"https:\/\/justbuildit.eu\/en\/pood\/kinnitusvahendid\/kruvid\/betoonikruvi-63x30mm-100tk\/","name":"Betoonikruvi 6,3x30mm (100tk) - Ehituslahendused","isPartOf":{"@id":"https:\/\/justbuildit.eu\/en\/#website"},"primaryImageOfPage":{"@id":"https:\/\/justbuildit.eu\/en\/pood\/kinnitusvahendid\/kruvid\/betoonikruvi-63x30mm-100tk\/#primaryimage"},"image":{"@id":"https:\/\/justbuildit.eu\/en\/pood\/kinnitusvahendid\/kruvid\/betoonikruvi-63x30mm-100tk\/#primaryimage"},"thumbnailUrl":"https:\/\/justbuildit.eu\/wp-content\/uploads\/2023\/12\/103483.jpg","datePublished":"2023-12-04T14:35:41+00:00","dateModified":"2026-04-28T09:05:20+00:00","description":"Betoonikruvi, petsiaalselt karastud, mis keeratakse puuritud auku otse, ilma t\u00fc\u00fcblita. Kruvil on nn hi-low-keere, mis tagab head koormusv\u00e4\u00e4rtused ning lihtsustab paigaldamist.","breadcrumb":{"@id":"https:\/\/justbuildit.eu\/en\/pood\/kinnitusvahendid\/kruvid\/betoonikruvi-63x30mm-100tk\/#breadcrumb"},"inLanguage":"en-US","potentialAction":[{"@type":"ReadAction","target":["https:\/\/justbuildit.eu\/en\/pood\/kinnitusvahendid\/kruvid\/betoonikruvi-63x30mm-100tk\/"]}]},{"@type":"ImageObject","inLanguage":"en-US","@id":"https:\/\/justbuildit.eu\/en\/pood\/kinnitusvahendid\/kruvid\/betoonikruvi-63x30mm-100tk\/#primaryimage","url":"https:\/\/justbuildit.eu\/wp-content\/uploads\/2023\/12\/103483.jpg","contentUrl":"https:\/\/justbuildit.eu\/wp-content\/uploads\/2023\/12\/103483.jpg","width":709,"height":709},{"@type":"BreadcrumbList","@id":"https:\/\/justbuildit.eu\/en\/pood\/kinnitusvahendid\/kruvid\/betoonikruvi-63x30mm-100tk\/#breadcrumb","itemListElement":[{"@type":"ListItem","position":1,"name":"Home","item":"https:\/\/justbuildit.eu\/en\/"},{"@type":"ListItem","position":2,"name":"Shop","item":"https:\/\/justbuildit.eu\/en\/building-materials\/"},{"@type":"ListItem","position":3,"name":"Betoonikruvi 6,3x30mm (100tk)"}]},{"@type":"WebSite","@id":"https:\/\/justbuildit.eu\/en\/#website","url":"https:\/\/justbuildit.eu\/en\/","name":"Ehituslahendused","description":"Ehituslahendused ja materjalid","publisher":{"@id":"https:\/\/justbuildit.eu\/en\/#organization"},"potentialAction":[{"@type":"SearchAction","target":{"@type":"EntryPoint","urlTemplate":"https:\/\/justbuildit.eu\/en\/?s={search_term_string}"},"query-input":{"@type":"PropertyValueSpecification","valueRequired":true,"valueName":"search_term_string"}}],"inLanguage":"en-US"},{"@type":"Organization","@id":"https:\/\/justbuildit.eu\/en\/#organization","name":"Just Build It O\u00dc","url":"https:\/\/justbuildit.eu\/en\/","logo":{"@type":"ImageObject","inLanguage":"en-US","@id":"https:\/\/justbuildit.eu\/en\/#\/schema\/logo\/image\/","url":"https:\/\/justbuildit.eu\/wp-content\/uploads\/2022\/01\/justbuildit.png","contentUrl":"https:\/\/justbuildit.eu\/wp-content\/uploads\/2022\/01\/justbuildit.png","width":173,"height":77,"caption":"Just Build It O\u00dc"},"image":{"@id":"https:\/\/justbuildit.eu\/en\/#\/schema\/logo\/image\/"},"sameAs":["https:\/\/www.facebook.com\/justbuildit.ee"]}]}},"_links":{"self":[{"href":"https:\/\/justbuildit.eu\/en\/wp-json\/wp\/v2\/product\/381317","targetHints":{"allow":["GET"]}}],"collection":[{"href":"https:\/\/justbuildit.eu\/en\/wp-json\/wp\/v2\/product"}],"about":[{"href":"https:\/\/justbuildit.eu\/en\/wp-json\/wp\/v2\/types\/product"}],"replies":[{"embeddable":true,"href":"https:\/\/justbuildit.eu\/en\/wp-json\/wp\/v2\/comments?post=381317"}],"wp:featuredmedia":[{"embeddable":true,"href":"https:\/\/justbuildit.eu\/en\/wp-json\/wp\/v2\/media\/381318"}],"wp:attachment":[{"href":"https:\/\/justbuildit.eu\/en\/wp-json\/wp\/v2\/media?parent=381317"}],"wp:term":[{"taxonomy":"product_brand","embeddable":true,"href":"https:\/\/justbuildit.eu\/en\/wp-json\/wp\/v2\/product_brand?post=381317"},{"taxonomy":"product_cat","embeddable":true,"href":"https:\/\/justbuildit.eu\/en\/wp-json\/wp\/v2\/product_cat?post=381317"},{"taxonomy":"product_tag","embeddable":true,"href":"https:\/\/justbuildit.eu\/en\/wp-json\/wp\/v2\/product_tag?post=381317"}],"curies":[{"name":"wp","href":"https:\/\/api.w.org\/{rel}","templated":true}]}}