{"id":381385,"date":"2023-12-05T10:41:09","date_gmt":"2023-12-05T07:41:09","guid":{"rendered":"https:\/\/justbuildit.eu\/?post_type=product&#038;p=381385"},"modified":"2026-04-11T12:05:29","modified_gmt":"2026-04-11T09:05:29","slug":"aluskate-eurovent-maxi-140g-sk2-375m2","status":"publish","type":"product","link":"https:\/\/justbuildit.eu\/en\/pood\/isolatsioonimaterjalid\/membraanid\/aluskate-eurovent-maxi-140g-sk2-375m2\/","title":{"rendered":"Aluskate Eurovent Maxi 140g SK2 (37,5m2)"},"content":{"rendered":"<p><strong>Kolmekihiline hingav katusemembraan isoleeritud ventileeritavatele kaldkatustele, eriti t\u00e4islaudisega katustele. Pol\u00fcet\u00fcleenv\u00f5rguga tugevdatud, \u00e4\u00e4rmiselt rebenemiskindel.<\/strong><\/p>\n<p>    SK2 Eurovent\u00ae on uudne s\u00fcsteem katuse- ja tuulet\u00f5kkemembraanide j\u00e4tkukohtades \u00fclekatete kinnitamiseks, kasutades kahte integreeritud kleeplinti. S\u00dcSTEEM Eurovent\u00ae SK 2 teeb paigaldust\u00f6\u00f6d lihtsamaks ja tagab \u00fclekatete professionaalse kinnituse. Membraanide kindla kinnituse garanteerib ainult kahe kleeplindi kokkukleepimine \u2013 see \u00fchendab membraanid t\u00f5husalt mis tahes tingimustes: k\u00f5rge niiskuse puhul, vihma ja tuulega, madalatel temperatuuridel ja tugevasti m\u00e4\u00e4rdunud membraanipindade korral. Eurovent\u00ae SK2 hoiab \u00e4ra tuule puhumise membraanide vahele, soojustuse m\u00e4rgumise ja soojuskaod soojustuse k\u00fclmas \u00f5hus jahtumise t\u00f5ttu.<\/p>\n<p>Eurovent STRONG katusemembraan on m\u00f5eldud kasutamiseks soojustatud, ventileeritavate kaldkatuste esialgse kattena, ka t\u00e4islaudise korral. Paigaldamisel ei ole vaja membraani ja soojusisolatsiooni (mineraalvill, klaaskiud) vahelise \u00f5hutuspilu s\u00e4ilitamist \u2013 toote saab paigaldada otse soojusisolatsioonile. Sobib kasutamiseks peaaegu k\u00f5igi katusekatete puhul \u2013 soovitatav keraamiliste, betooni, metallist katusekivide, loodusliku kiltkivi jaoks.<\/p>\n<p><strong>Eelised<\/strong>  <\/p>\n<ul>\n<li>kinnitamine mis tahes ilmastikutingimustes<\/li>\n<li>katuse t\u00f5hus isolatsioon<\/li>\n<li>kaitse tuule ja niiskuse eest<\/li>\n<li>soojusenergia s\u00e4\u00e4stmine<\/li>\n<\/ul>\n","protected":false},"excerpt":{"rendered":"<p><strong>Kolmekihiline hingav katusemembraan isoleeritud ventileeritavatele kaldkatustele, eriti t\u00e4islaudisega katustele. Pol\u00fcet\u00fcleenv\u00f5rguga tugevdatud, \u00e4\u00e4rmiselt rebenemiskindel.<\/strong><\/p>","protected":false},"featured_media":381386,"comment_status":"open","ping_status":"closed","template":"","meta":{"_acf_changed":false},"product_brand":[],"product_cat":[68,497],"product_tag":[],"class_list":{"0":"post-381385","1":"product","2":"type-product","3":"status-publish","4":"has-post-thumbnail","6":"product_cat-membraanid","7":"product_cat-puumarket","9":"first","10":"instock","11":"shipping-taxable","12":"purchasable","13":"product-type-simple"},"acf":[],"yoast_head":"<!-- This site is optimized with the Yoast SEO Premium plugin v18.7 (Yoast SEO v26.5) - https:\/\/yoast.com\/wordpress\/plugins\/seo\/ -->\n<title>Aluskate Eurovent Maxi 140g SK2 (37,5m2) - Ehituslahendused<\/title>\n<meta name=\"description\" content=\"Kolmekihiline hingav katusemembraan isoleeritud ventileeritavatele kaldkatustele, eriti t\u00e4islaudisega katustele. Pol\u00fcet\u00fcleenv\u00f5rguga tugevdatud, \u00e4\u00e4rmiselt rebenemiskindel.\" \/>\n<meta name=\"robots\" content=\"index, follow, max-snippet:-1, max-image-preview:large, max-video-preview:-1\" \/>\n<link rel=\"canonical\" href=\"https:\/\/justbuildit.eu\/en\/pood\/isolatsioonimaterjalid\/membraanid\/aluskate-eurovent-maxi-140g-sk2-375m2\/\" \/>\n<meta property=\"og:locale\" content=\"en_US\" \/>\n<meta property=\"og:type\" content=\"article\" \/>\n<meta property=\"og:title\" content=\"Aluskate Eurovent Maxi 140g SK2 (37,5m2)\" \/>\n<meta property=\"og:description\" content=\"Kolmekihiline hingav katusemembraan isoleeritud ventileeritavatele kaldkatustele, eriti t\u00e4islaudisega katustele. Pol\u00fcet\u00fcleenv\u00f5rguga tugevdatud, \u00e4\u00e4rmiselt rebenemiskindel.\" \/>\n<meta property=\"og:url\" content=\"https:\/\/justbuildit.eu\/en\/pood\/isolatsioonimaterjalid\/membraanid\/aluskate-eurovent-maxi-140g-sk2-375m2\/\" \/>\n<meta property=\"og:site_name\" content=\"Ehituslahendused\" \/>\n<meta property=\"article:publisher\" content=\"https:\/\/www.facebook.com\/justbuildit.ee\" \/>\n<meta property=\"article:modified_time\" content=\"2026-04-11T09:05:29+00:00\" \/>\n<meta property=\"og:image\" content=\"https:\/\/justbuildit.eu\/wp-content\/uploads\/2023\/12\/114379.jpg\" \/>\n\t<meta property=\"og:image:width\" content=\"709\" \/>\n\t<meta property=\"og:image:height\" content=\"709\" \/>\n\t<meta property=\"og:image:type\" content=\"image\/jpeg\" \/>\n<meta name=\"twitter:card\" content=\"summary_large_image\" \/>\n<script type=\"application\/ld+json\" class=\"yoast-schema-graph\">{\"@context\":\"https:\/\/schema.org\",\"@graph\":[{\"@type\":\"WebPage\",\"@id\":\"https:\/\/justbuildit.eu\/en\/pood\/isolatsioonimaterjalid\/membraanid\/aluskate-eurovent-maxi-140g-sk2-375m2\/\",\"url\":\"https:\/\/justbuildit.eu\/en\/pood\/isolatsioonimaterjalid\/membraanid\/aluskate-eurovent-maxi-140g-sk2-375m2\/\",\"name\":\"Aluskate Eurovent Maxi 140g SK2 (37,5m2) - Ehituslahendused\",\"isPartOf\":{\"@id\":\"https:\/\/justbuildit.eu\/en\/#website\"},\"primaryImageOfPage\":{\"@id\":\"https:\/\/justbuildit.eu\/en\/pood\/isolatsioonimaterjalid\/membraanid\/aluskate-eurovent-maxi-140g-sk2-375m2\/#primaryimage\"},\"image\":{\"@id\":\"https:\/\/justbuildit.eu\/en\/pood\/isolatsioonimaterjalid\/membraanid\/aluskate-eurovent-maxi-140g-sk2-375m2\/#primaryimage\"},\"thumbnailUrl\":\"https:\/\/justbuildit.eu\/wp-content\/uploads\/2023\/12\/114379.jpg\",\"datePublished\":\"2023-12-05T07:41:09+00:00\",\"dateModified\":\"2026-04-11T09:05:29+00:00\",\"description\":\"Kolmekihiline hingav katusemembraan isoleeritud ventileeritavatele kaldkatustele, eriti t\u00e4islaudisega katustele. Pol\u00fcet\u00fcleenv\u00f5rguga tugevdatud, \u00e4\u00e4rmiselt rebenemiskindel.\",\"breadcrumb\":{\"@id\":\"https:\/\/justbuildit.eu\/en\/pood\/isolatsioonimaterjalid\/membraanid\/aluskate-eurovent-maxi-140g-sk2-375m2\/#breadcrumb\"},\"inLanguage\":\"en-US\",\"potentialAction\":[{\"@type\":\"ReadAction\",\"target\":[\"https:\/\/justbuildit.eu\/en\/pood\/isolatsioonimaterjalid\/membraanid\/aluskate-eurovent-maxi-140g-sk2-375m2\/\"]}]},{\"@type\":\"ImageObject\",\"inLanguage\":\"en-US\",\"@id\":\"https:\/\/justbuildit.eu\/en\/pood\/isolatsioonimaterjalid\/membraanid\/aluskate-eurovent-maxi-140g-sk2-375m2\/#primaryimage\",\"url\":\"https:\/\/justbuildit.eu\/wp-content\/uploads\/2023\/12\/114379.jpg\",\"contentUrl\":\"https:\/\/justbuildit.eu\/wp-content\/uploads\/2023\/12\/114379.jpg\",\"width\":709,\"height\":709},{\"@type\":\"BreadcrumbList\",\"@id\":\"https:\/\/justbuildit.eu\/en\/pood\/isolatsioonimaterjalid\/membraanid\/aluskate-eurovent-maxi-140g-sk2-375m2\/#breadcrumb\",\"itemListElement\":[{\"@type\":\"ListItem\",\"position\":1,\"name\":\"Home\",\"item\":\"https:\/\/justbuildit.eu\/en\/\"},{\"@type\":\"ListItem\",\"position\":2,\"name\":\"Shop\",\"item\":\"https:\/\/justbuildit.eu\/en\/building-materials\/\"},{\"@type\":\"ListItem\",\"position\":3,\"name\":\"Aluskate Eurovent Maxi 140g SK2 (37,5m2)\"}]},{\"@type\":\"WebSite\",\"@id\":\"https:\/\/justbuildit.eu\/en\/#website\",\"url\":\"https:\/\/justbuildit.eu\/en\/\",\"name\":\"Ehituslahendused\",\"description\":\"Ehituslahendused ja materjalid\",\"publisher\":{\"@id\":\"https:\/\/justbuildit.eu\/en\/#organization\"},\"potentialAction\":[{\"@type\":\"SearchAction\",\"target\":{\"@type\":\"EntryPoint\",\"urlTemplate\":\"https:\/\/justbuildit.eu\/en\/?s={search_term_string}\"},\"query-input\":{\"@type\":\"PropertyValueSpecification\",\"valueRequired\":true,\"valueName\":\"search_term_string\"}}],\"inLanguage\":\"en-US\"},{\"@type\":\"Organization\",\"@id\":\"https:\/\/justbuildit.eu\/en\/#organization\",\"name\":\"Just Build It O\u00dc\",\"url\":\"https:\/\/justbuildit.eu\/en\/\",\"logo\":{\"@type\":\"ImageObject\",\"inLanguage\":\"en-US\",\"@id\":\"https:\/\/justbuildit.eu\/en\/#\/schema\/logo\/image\/\",\"url\":\"https:\/\/justbuildit.eu\/wp-content\/uploads\/2022\/01\/justbuildit.png\",\"contentUrl\":\"https:\/\/justbuildit.eu\/wp-content\/uploads\/2022\/01\/justbuildit.png\",\"width\":173,\"height\":77,\"caption\":\"Just Build It O\u00dc\"},\"image\":{\"@id\":\"https:\/\/justbuildit.eu\/en\/#\/schema\/logo\/image\/\"},\"sameAs\":[\"https:\/\/www.facebook.com\/justbuildit.ee\"]}]}<\/script>\n<!-- \/ Yoast SEO Premium plugin. -->","yoast_head_json":{"title":"Aluskate Eurovent Maxi 140g SK2 (37,5m2) - Ehituslahendused","description":"Kolmekihiline hingav katusemembraan isoleeritud ventileeritavatele kaldkatustele, eriti t\u00e4islaudisega katustele. Pol\u00fcet\u00fcleenv\u00f5rguga tugevdatud, \u00e4\u00e4rmiselt rebenemiskindel.","robots":{"index":"index","follow":"follow","max-snippet":"max-snippet:-1","max-image-preview":"max-image-preview:large","max-video-preview":"max-video-preview:-1"},"canonical":"https:\/\/justbuildit.eu\/en\/pood\/isolatsioonimaterjalid\/membraanid\/aluskate-eurovent-maxi-140g-sk2-375m2\/","og_locale":"en_US","og_type":"article","og_title":"Aluskate Eurovent Maxi 140g SK2 (37,5m2)","og_description":"Kolmekihiline hingav katusemembraan isoleeritud ventileeritavatele kaldkatustele, eriti t\u00e4islaudisega katustele. Pol\u00fcet\u00fcleenv\u00f5rguga tugevdatud, \u00e4\u00e4rmiselt rebenemiskindel.","og_url":"https:\/\/justbuildit.eu\/en\/pood\/isolatsioonimaterjalid\/membraanid\/aluskate-eurovent-maxi-140g-sk2-375m2\/","og_site_name":"Ehituslahendused","article_publisher":"https:\/\/www.facebook.com\/justbuildit.ee","article_modified_time":"2026-04-11T09:05:29+00:00","og_image":[{"width":709,"height":709,"url":"https:\/\/justbuildit.eu\/wp-content\/uploads\/2023\/12\/114379.jpg","type":"image\/jpeg"}],"twitter_card":"summary_large_image","schema":{"@context":"https:\/\/schema.org","@graph":[{"@type":"WebPage","@id":"https:\/\/justbuildit.eu\/en\/pood\/isolatsioonimaterjalid\/membraanid\/aluskate-eurovent-maxi-140g-sk2-375m2\/","url":"https:\/\/justbuildit.eu\/en\/pood\/isolatsioonimaterjalid\/membraanid\/aluskate-eurovent-maxi-140g-sk2-375m2\/","name":"Aluskate Eurovent Maxi 140g SK2 (37,5m2) - Ehituslahendused","isPartOf":{"@id":"https:\/\/justbuildit.eu\/en\/#website"},"primaryImageOfPage":{"@id":"https:\/\/justbuildit.eu\/en\/pood\/isolatsioonimaterjalid\/membraanid\/aluskate-eurovent-maxi-140g-sk2-375m2\/#primaryimage"},"image":{"@id":"https:\/\/justbuildit.eu\/en\/pood\/isolatsioonimaterjalid\/membraanid\/aluskate-eurovent-maxi-140g-sk2-375m2\/#primaryimage"},"thumbnailUrl":"https:\/\/justbuildit.eu\/wp-content\/uploads\/2023\/12\/114379.jpg","datePublished":"2023-12-05T07:41:09+00:00","dateModified":"2026-04-11T09:05:29+00:00","description":"Kolmekihiline hingav katusemembraan isoleeritud ventileeritavatele kaldkatustele, eriti t\u00e4islaudisega katustele. Pol\u00fcet\u00fcleenv\u00f5rguga tugevdatud, \u00e4\u00e4rmiselt rebenemiskindel.","breadcrumb":{"@id":"https:\/\/justbuildit.eu\/en\/pood\/isolatsioonimaterjalid\/membraanid\/aluskate-eurovent-maxi-140g-sk2-375m2\/#breadcrumb"},"inLanguage":"en-US","potentialAction":[{"@type":"ReadAction","target":["https:\/\/justbuildit.eu\/en\/pood\/isolatsioonimaterjalid\/membraanid\/aluskate-eurovent-maxi-140g-sk2-375m2\/"]}]},{"@type":"ImageObject","inLanguage":"en-US","@id":"https:\/\/justbuildit.eu\/en\/pood\/isolatsioonimaterjalid\/membraanid\/aluskate-eurovent-maxi-140g-sk2-375m2\/#primaryimage","url":"https:\/\/justbuildit.eu\/wp-content\/uploads\/2023\/12\/114379.jpg","contentUrl":"https:\/\/justbuildit.eu\/wp-content\/uploads\/2023\/12\/114379.jpg","width":709,"height":709},{"@type":"BreadcrumbList","@id":"https:\/\/justbuildit.eu\/en\/pood\/isolatsioonimaterjalid\/membraanid\/aluskate-eurovent-maxi-140g-sk2-375m2\/#breadcrumb","itemListElement":[{"@type":"ListItem","position":1,"name":"Home","item":"https:\/\/justbuildit.eu\/en\/"},{"@type":"ListItem","position":2,"name":"Shop","item":"https:\/\/justbuildit.eu\/en\/building-materials\/"},{"@type":"ListItem","position":3,"name":"Aluskate Eurovent Maxi 140g SK2 (37,5m2)"}]},{"@type":"WebSite","@id":"https:\/\/justbuildit.eu\/en\/#website","url":"https:\/\/justbuildit.eu\/en\/","name":"Ehituslahendused","description":"Ehituslahendused ja materjalid","publisher":{"@id":"https:\/\/justbuildit.eu\/en\/#organization"},"potentialAction":[{"@type":"SearchAction","target":{"@type":"EntryPoint","urlTemplate":"https:\/\/justbuildit.eu\/en\/?s={search_term_string}"},"query-input":{"@type":"PropertyValueSpecification","valueRequired":true,"valueName":"search_term_string"}}],"inLanguage":"en-US"},{"@type":"Organization","@id":"https:\/\/justbuildit.eu\/en\/#organization","name":"Just Build It O\u00dc","url":"https:\/\/justbuildit.eu\/en\/","logo":{"@type":"ImageObject","inLanguage":"en-US","@id":"https:\/\/justbuildit.eu\/en\/#\/schema\/logo\/image\/","url":"https:\/\/justbuildit.eu\/wp-content\/uploads\/2022\/01\/justbuildit.png","contentUrl":"https:\/\/justbuildit.eu\/wp-content\/uploads\/2022\/01\/justbuildit.png","width":173,"height":77,"caption":"Just Build It O\u00dc"},"image":{"@id":"https:\/\/justbuildit.eu\/en\/#\/schema\/logo\/image\/"},"sameAs":["https:\/\/www.facebook.com\/justbuildit.ee"]}]}},"_links":{"self":[{"href":"https:\/\/justbuildit.eu\/en\/wp-json\/wp\/v2\/product\/381385","targetHints":{"allow":["GET"]}}],"collection":[{"href":"https:\/\/justbuildit.eu\/en\/wp-json\/wp\/v2\/product"}],"about":[{"href":"https:\/\/justbuildit.eu\/en\/wp-json\/wp\/v2\/types\/product"}],"replies":[{"embeddable":true,"href":"https:\/\/justbuildit.eu\/en\/wp-json\/wp\/v2\/comments?post=381385"}],"wp:featuredmedia":[{"embeddable":true,"href":"https:\/\/justbuildit.eu\/en\/wp-json\/wp\/v2\/media\/381386"}],"wp:attachment":[{"href":"https:\/\/justbuildit.eu\/en\/wp-json\/wp\/v2\/media?parent=381385"}],"wp:term":[{"taxonomy":"product_brand","embeddable":true,"href":"https:\/\/justbuildit.eu\/en\/wp-json\/wp\/v2\/product_brand?post=381385"},{"taxonomy":"product_cat","embeddable":true,"href":"https:\/\/justbuildit.eu\/en\/wp-json\/wp\/v2\/product_cat?post=381385"},{"taxonomy":"product_tag","embeddable":true,"href":"https:\/\/justbuildit.eu\/en\/wp-json\/wp\/v2\/product_tag?post=381385"}],"curies":[{"name":"wp","href":"https:\/\/api.w.org\/{rel}","templated":true}]}}