{"id":381397,"date":"2023-12-05T10:45:53","date_gmt":"2023-12-05T07:45:53","guid":{"rendered":"https:\/\/justbuildit.eu\/?post_type=product&#038;p=381397"},"modified":"2026-04-19T12:05:24","modified_gmt":"2026-04-19T09:05:24","slug":"aluskate-delta-vent-n-15x50m","status":"publish","type":"product","link":"https:\/\/justbuildit.eu\/en\/pood\/isolatsioonimaterjalid\/membraanid\/aluskate-delta-vent-n-15x50m\/","title":{"rendered":"Aluskate Delta-Vent N+ 1,5x50m"},"content":{"rendered":"<ul>\n<li>M\u00f5lemas servas teip<\/li>\n<li>Rulli m\u00f5\u00f5tmed: 1,5 x 50 m (75 m2\/rull)<\/li>\n<li>Materjali kaal: 130 g\/m2<\/li>\n<li>T\u00f5mbetugevus (MD\/CMD): 220\/165 [N\/50mm]<\/li>\n<li>Temperatuuride taluvus: &#8211; 40\u00b0C \/ + 80\u00b0C<\/li>\n<li>Ilmastikukindel, niiskuskindel<\/li>\n<\/ul>\n<p>Katustes ja seintes p\u00f5hikonstruktsioonide kaitseks m\u00f5eldud hingaval aluskattel on hea veeauru l\u00e4bilaskev\u00f5ime hoonele sobiliku sisekliima tagamiseks. Suurep\u00e4rane niiskuskindlus ehitise ja tema konstruktsioonide kaitsmiseks v\u00e4ljast tulevate sademete eest. Aluskatte v\u00f5ib paigaldada otse soojustusele (tuulutusvahesid ei ole vaja j\u00e4tta), see on kergesti lahtirullitav ja piisavalt rebenemiskindel ka paigaldamisel esinevatele ajutistele koormamistele.<\/p>\n","protected":false},"excerpt":{"rendered":"<p>Katustes ja seintes p\u00f5hikonstruktsioonide kaitseks m\u00f5eldud hingaval aluskattel on hea veeauru l\u00e4bilaskev\u00f5ime hoonele sobiliku sisekliima tagamiseks. Suurep\u00e4rane niiskuskindlus ehitise ja tema konstruktsioonide kaitsmiseks v\u00e4ljast tulevate sademete eest. Aluskatte v\u00f5ib paigaldada otse soojustusele (tuulutusvahesid ei ole vaja j\u00e4tta), see on kergesti lahtirullitav ja piisavalt rebenemiskindel ka paigaldamisel esinevatele ajutistele koormamistele.<\/p>","protected":false},"featured_media":381398,"comment_status":"open","ping_status":"closed","template":"","meta":{"_acf_changed":false},"product_brand":[],"product_cat":[68,69,497],"product_tag":[],"class_list":{"0":"post-381397","1":"product","2":"type-product","3":"status-publish","4":"has-post-thumbnail","6":"product_cat-membraanid","7":"product_cat-tuuletokked","8":"product_cat-puumarket","10":"first","11":"outofstock","12":"shipping-taxable","13":"purchasable","14":"product-type-simple"},"acf":[],"yoast_head":"<!-- This site is optimized with the Yoast SEO Premium plugin v18.7 (Yoast SEO v26.5) - https:\/\/yoast.com\/wordpress\/plugins\/seo\/ -->\n<title>Aluskate Delta-Vent N+ 1,5x50m - Ehituslahendused<\/title>\n<meta name=\"description\" content=\"Katustes ja seintes p\u00f5hikonstruktsioonide kaitseks m\u00f5eldud hingaval aluskattel on hea veeauru l\u00e4bilaskev\u00f5ime hoonele sobiliku sisekliima tagamiseks. Suurep\u00e4rane niiskuskindlus ehitise ja tema konstruktsioonide kaitsmiseks v\u00e4ljast tulevate sademete eest. Aluskatte v\u00f5ib paigaldada otse soojustusele (tuulutusvahesid ei ole vaja j\u00e4tta), see on kergesti lahtirullitav ja piisavalt rebenemiskindel ka paigaldamisel esinevatele ajutistele koormamistele.\" \/>\n<meta name=\"robots\" content=\"index, follow, max-snippet:-1, max-image-preview:large, max-video-preview:-1\" \/>\n<link rel=\"canonical\" href=\"https:\/\/justbuildit.eu\/en\/pood\/isolatsioonimaterjalid\/membraanid\/aluskate-delta-vent-n-15x50m\/\" \/>\n<meta property=\"og:locale\" content=\"en_US\" \/>\n<meta property=\"og:type\" content=\"article\" \/>\n<meta property=\"og:title\" content=\"Aluskate Delta-Vent N+ 1,5x50m\" \/>\n<meta property=\"og:description\" content=\"Katustes ja seintes p\u00f5hikonstruktsioonide kaitseks m\u00f5eldud hingaval aluskattel on hea veeauru l\u00e4bilaskev\u00f5ime hoonele sobiliku sisekliima tagamiseks. Suurep\u00e4rane niiskuskindlus ehitise ja tema konstruktsioonide kaitsmiseks v\u00e4ljast tulevate sademete eest. Aluskatte v\u00f5ib paigaldada otse soojustusele (tuulutusvahesid ei ole vaja j\u00e4tta), see on kergesti lahtirullitav ja piisavalt rebenemiskindel ka paigaldamisel esinevatele ajutistele koormamistele.\" \/>\n<meta property=\"og:url\" content=\"https:\/\/justbuildit.eu\/en\/pood\/isolatsioonimaterjalid\/membraanid\/aluskate-delta-vent-n-15x50m\/\" \/>\n<meta property=\"og:site_name\" content=\"Ehituslahendused\" \/>\n<meta property=\"article:publisher\" content=\"https:\/\/www.facebook.com\/justbuildit.ee\" \/>\n<meta property=\"article:modified_time\" content=\"2026-04-19T09:05:24+00:00\" \/>\n<meta property=\"og:image\" content=\"https:\/\/justbuildit.eu\/wp-content\/uploads\/2023\/12\/108142.jpg\" \/>\n\t<meta property=\"og:image:width\" content=\"709\" \/>\n\t<meta property=\"og:image:height\" content=\"709\" \/>\n\t<meta property=\"og:image:type\" content=\"image\/jpeg\" \/>\n<meta name=\"twitter:card\" content=\"summary_large_image\" \/>\n<script type=\"application\/ld+json\" class=\"yoast-schema-graph\">{\"@context\":\"https:\/\/schema.org\",\"@graph\":[{\"@type\":\"WebPage\",\"@id\":\"https:\/\/justbuildit.eu\/en\/pood\/isolatsioonimaterjalid\/membraanid\/aluskate-delta-vent-n-15x50m\/\",\"url\":\"https:\/\/justbuildit.eu\/en\/pood\/isolatsioonimaterjalid\/membraanid\/aluskate-delta-vent-n-15x50m\/\",\"name\":\"Aluskate Delta-Vent N+ 1,5x50m - Ehituslahendused\",\"isPartOf\":{\"@id\":\"https:\/\/justbuildit.eu\/en\/#website\"},\"primaryImageOfPage\":{\"@id\":\"https:\/\/justbuildit.eu\/en\/pood\/isolatsioonimaterjalid\/membraanid\/aluskate-delta-vent-n-15x50m\/#primaryimage\"},\"image\":{\"@id\":\"https:\/\/justbuildit.eu\/en\/pood\/isolatsioonimaterjalid\/membraanid\/aluskate-delta-vent-n-15x50m\/#primaryimage\"},\"thumbnailUrl\":\"https:\/\/justbuildit.eu\/wp-content\/uploads\/2023\/12\/108142.jpg\",\"datePublished\":\"2023-12-05T07:45:53+00:00\",\"dateModified\":\"2026-04-19T09:05:24+00:00\",\"description\":\"Katustes ja seintes p\u00f5hikonstruktsioonide kaitseks m\u00f5eldud hingaval aluskattel on hea veeauru l\u00e4bilaskev\u00f5ime hoonele sobiliku sisekliima tagamiseks. Suurep\u00e4rane niiskuskindlus ehitise ja tema konstruktsioonide kaitsmiseks v\u00e4ljast tulevate sademete eest. Aluskatte v\u00f5ib paigaldada otse soojustusele (tuulutusvahesid ei ole vaja j\u00e4tta), see on kergesti lahtirullitav ja piisavalt rebenemiskindel ka paigaldamisel esinevatele ajutistele koormamistele.\",\"breadcrumb\":{\"@id\":\"https:\/\/justbuildit.eu\/en\/pood\/isolatsioonimaterjalid\/membraanid\/aluskate-delta-vent-n-15x50m\/#breadcrumb\"},\"inLanguage\":\"en-US\",\"potentialAction\":[{\"@type\":\"ReadAction\",\"target\":[\"https:\/\/justbuildit.eu\/en\/pood\/isolatsioonimaterjalid\/membraanid\/aluskate-delta-vent-n-15x50m\/\"]}]},{\"@type\":\"ImageObject\",\"inLanguage\":\"en-US\",\"@id\":\"https:\/\/justbuildit.eu\/en\/pood\/isolatsioonimaterjalid\/membraanid\/aluskate-delta-vent-n-15x50m\/#primaryimage\",\"url\":\"https:\/\/justbuildit.eu\/wp-content\/uploads\/2023\/12\/108142.jpg\",\"contentUrl\":\"https:\/\/justbuildit.eu\/wp-content\/uploads\/2023\/12\/108142.jpg\",\"width\":709,\"height\":709},{\"@type\":\"BreadcrumbList\",\"@id\":\"https:\/\/justbuildit.eu\/en\/pood\/isolatsioonimaterjalid\/membraanid\/aluskate-delta-vent-n-15x50m\/#breadcrumb\",\"itemListElement\":[{\"@type\":\"ListItem\",\"position\":1,\"name\":\"Home\",\"item\":\"https:\/\/justbuildit.eu\/en\/\"},{\"@type\":\"ListItem\",\"position\":2,\"name\":\"Shop\",\"item\":\"https:\/\/justbuildit.eu\/en\/building-materials\/\"},{\"@type\":\"ListItem\",\"position\":3,\"name\":\"Aluskate Delta-Vent N+ 1,5x50m\"}]},{\"@type\":\"WebSite\",\"@id\":\"https:\/\/justbuildit.eu\/en\/#website\",\"url\":\"https:\/\/justbuildit.eu\/en\/\",\"name\":\"Ehituslahendused\",\"description\":\"Ehituslahendused ja materjalid\",\"publisher\":{\"@id\":\"https:\/\/justbuildit.eu\/en\/#organization\"},\"potentialAction\":[{\"@type\":\"SearchAction\",\"target\":{\"@type\":\"EntryPoint\",\"urlTemplate\":\"https:\/\/justbuildit.eu\/en\/?s={search_term_string}\"},\"query-input\":{\"@type\":\"PropertyValueSpecification\",\"valueRequired\":true,\"valueName\":\"search_term_string\"}}],\"inLanguage\":\"en-US\"},{\"@type\":\"Organization\",\"@id\":\"https:\/\/justbuildit.eu\/en\/#organization\",\"name\":\"Just Build It O\u00dc\",\"url\":\"https:\/\/justbuildit.eu\/en\/\",\"logo\":{\"@type\":\"ImageObject\",\"inLanguage\":\"en-US\",\"@id\":\"https:\/\/justbuildit.eu\/en\/#\/schema\/logo\/image\/\",\"url\":\"https:\/\/justbuildit.eu\/wp-content\/uploads\/2022\/01\/justbuildit.png\",\"contentUrl\":\"https:\/\/justbuildit.eu\/wp-content\/uploads\/2022\/01\/justbuildit.png\",\"width\":173,\"height\":77,\"caption\":\"Just Build It O\u00dc\"},\"image\":{\"@id\":\"https:\/\/justbuildit.eu\/en\/#\/schema\/logo\/image\/\"},\"sameAs\":[\"https:\/\/www.facebook.com\/justbuildit.ee\"]}]}<\/script>\n<!-- \/ Yoast SEO Premium plugin. -->","yoast_head_json":{"title":"Aluskate Delta-Vent N+ 1,5x50m - Ehituslahendused","description":"Katustes ja seintes p\u00f5hikonstruktsioonide kaitseks m\u00f5eldud hingaval aluskattel on hea veeauru l\u00e4bilaskev\u00f5ime hoonele sobiliku sisekliima tagamiseks. Suurep\u00e4rane niiskuskindlus ehitise ja tema konstruktsioonide kaitsmiseks v\u00e4ljast tulevate sademete eest. Aluskatte v\u00f5ib paigaldada otse soojustusele (tuulutusvahesid ei ole vaja j\u00e4tta), see on kergesti lahtirullitav ja piisavalt rebenemiskindel ka paigaldamisel esinevatele ajutistele koormamistele.","robots":{"index":"index","follow":"follow","max-snippet":"max-snippet:-1","max-image-preview":"max-image-preview:large","max-video-preview":"max-video-preview:-1"},"canonical":"https:\/\/justbuildit.eu\/en\/pood\/isolatsioonimaterjalid\/membraanid\/aluskate-delta-vent-n-15x50m\/","og_locale":"en_US","og_type":"article","og_title":"Aluskate Delta-Vent N+ 1,5x50m","og_description":"Katustes ja seintes p\u00f5hikonstruktsioonide kaitseks m\u00f5eldud hingaval aluskattel on hea veeauru l\u00e4bilaskev\u00f5ime hoonele sobiliku sisekliima tagamiseks. Suurep\u00e4rane niiskuskindlus ehitise ja tema konstruktsioonide kaitsmiseks v\u00e4ljast tulevate sademete eest. Aluskatte v\u00f5ib paigaldada otse soojustusele (tuulutusvahesid ei ole vaja j\u00e4tta), see on kergesti lahtirullitav ja piisavalt rebenemiskindel ka paigaldamisel esinevatele ajutistele koormamistele.","og_url":"https:\/\/justbuildit.eu\/en\/pood\/isolatsioonimaterjalid\/membraanid\/aluskate-delta-vent-n-15x50m\/","og_site_name":"Ehituslahendused","article_publisher":"https:\/\/www.facebook.com\/justbuildit.ee","article_modified_time":"2026-04-19T09:05:24+00:00","og_image":[{"width":709,"height":709,"url":"https:\/\/justbuildit.eu\/wp-content\/uploads\/2023\/12\/108142.jpg","type":"image\/jpeg"}],"twitter_card":"summary_large_image","schema":{"@context":"https:\/\/schema.org","@graph":[{"@type":"WebPage","@id":"https:\/\/justbuildit.eu\/en\/pood\/isolatsioonimaterjalid\/membraanid\/aluskate-delta-vent-n-15x50m\/","url":"https:\/\/justbuildit.eu\/en\/pood\/isolatsioonimaterjalid\/membraanid\/aluskate-delta-vent-n-15x50m\/","name":"Aluskate Delta-Vent N+ 1,5x50m - Ehituslahendused","isPartOf":{"@id":"https:\/\/justbuildit.eu\/en\/#website"},"primaryImageOfPage":{"@id":"https:\/\/justbuildit.eu\/en\/pood\/isolatsioonimaterjalid\/membraanid\/aluskate-delta-vent-n-15x50m\/#primaryimage"},"image":{"@id":"https:\/\/justbuildit.eu\/en\/pood\/isolatsioonimaterjalid\/membraanid\/aluskate-delta-vent-n-15x50m\/#primaryimage"},"thumbnailUrl":"https:\/\/justbuildit.eu\/wp-content\/uploads\/2023\/12\/108142.jpg","datePublished":"2023-12-05T07:45:53+00:00","dateModified":"2026-04-19T09:05:24+00:00","description":"Katustes ja seintes p\u00f5hikonstruktsioonide kaitseks m\u00f5eldud hingaval aluskattel on hea veeauru l\u00e4bilaskev\u00f5ime hoonele sobiliku sisekliima tagamiseks. Suurep\u00e4rane niiskuskindlus ehitise ja tema konstruktsioonide kaitsmiseks v\u00e4ljast tulevate sademete eest. Aluskatte v\u00f5ib paigaldada otse soojustusele (tuulutusvahesid ei ole vaja j\u00e4tta), see on kergesti lahtirullitav ja piisavalt rebenemiskindel ka paigaldamisel esinevatele ajutistele koormamistele.","breadcrumb":{"@id":"https:\/\/justbuildit.eu\/en\/pood\/isolatsioonimaterjalid\/membraanid\/aluskate-delta-vent-n-15x50m\/#breadcrumb"},"inLanguage":"en-US","potentialAction":[{"@type":"ReadAction","target":["https:\/\/justbuildit.eu\/en\/pood\/isolatsioonimaterjalid\/membraanid\/aluskate-delta-vent-n-15x50m\/"]}]},{"@type":"ImageObject","inLanguage":"en-US","@id":"https:\/\/justbuildit.eu\/en\/pood\/isolatsioonimaterjalid\/membraanid\/aluskate-delta-vent-n-15x50m\/#primaryimage","url":"https:\/\/justbuildit.eu\/wp-content\/uploads\/2023\/12\/108142.jpg","contentUrl":"https:\/\/justbuildit.eu\/wp-content\/uploads\/2023\/12\/108142.jpg","width":709,"height":709},{"@type":"BreadcrumbList","@id":"https:\/\/justbuildit.eu\/en\/pood\/isolatsioonimaterjalid\/membraanid\/aluskate-delta-vent-n-15x50m\/#breadcrumb","itemListElement":[{"@type":"ListItem","position":1,"name":"Home","item":"https:\/\/justbuildit.eu\/en\/"},{"@type":"ListItem","position":2,"name":"Shop","item":"https:\/\/justbuildit.eu\/en\/building-materials\/"},{"@type":"ListItem","position":3,"name":"Aluskate Delta-Vent N+ 1,5x50m"}]},{"@type":"WebSite","@id":"https:\/\/justbuildit.eu\/en\/#website","url":"https:\/\/justbuildit.eu\/en\/","name":"Ehituslahendused","description":"Ehituslahendused ja materjalid","publisher":{"@id":"https:\/\/justbuildit.eu\/en\/#organization"},"potentialAction":[{"@type":"SearchAction","target":{"@type":"EntryPoint","urlTemplate":"https:\/\/justbuildit.eu\/en\/?s={search_term_string}"},"query-input":{"@type":"PropertyValueSpecification","valueRequired":true,"valueName":"search_term_string"}}],"inLanguage":"en-US"},{"@type":"Organization","@id":"https:\/\/justbuildit.eu\/en\/#organization","name":"Just Build It O\u00dc","url":"https:\/\/justbuildit.eu\/en\/","logo":{"@type":"ImageObject","inLanguage":"en-US","@id":"https:\/\/justbuildit.eu\/en\/#\/schema\/logo\/image\/","url":"https:\/\/justbuildit.eu\/wp-content\/uploads\/2022\/01\/justbuildit.png","contentUrl":"https:\/\/justbuildit.eu\/wp-content\/uploads\/2022\/01\/justbuildit.png","width":173,"height":77,"caption":"Just Build It O\u00dc"},"image":{"@id":"https:\/\/justbuildit.eu\/en\/#\/schema\/logo\/image\/"},"sameAs":["https:\/\/www.facebook.com\/justbuildit.ee"]}]}},"_links":{"self":[{"href":"https:\/\/justbuildit.eu\/en\/wp-json\/wp\/v2\/product\/381397","targetHints":{"allow":["GET"]}}],"collection":[{"href":"https:\/\/justbuildit.eu\/en\/wp-json\/wp\/v2\/product"}],"about":[{"href":"https:\/\/justbuildit.eu\/en\/wp-json\/wp\/v2\/types\/product"}],"replies":[{"embeddable":true,"href":"https:\/\/justbuildit.eu\/en\/wp-json\/wp\/v2\/comments?post=381397"}],"wp:featuredmedia":[{"embeddable":true,"href":"https:\/\/justbuildit.eu\/en\/wp-json\/wp\/v2\/media\/381398"}],"wp:attachment":[{"href":"https:\/\/justbuildit.eu\/en\/wp-json\/wp\/v2\/media?parent=381397"}],"wp:term":[{"taxonomy":"product_brand","embeddable":true,"href":"https:\/\/justbuildit.eu\/en\/wp-json\/wp\/v2\/product_brand?post=381397"},{"taxonomy":"product_cat","embeddable":true,"href":"https:\/\/justbuildit.eu\/en\/wp-json\/wp\/v2\/product_cat?post=381397"},{"taxonomy":"product_tag","embeddable":true,"href":"https:\/\/justbuildit.eu\/en\/wp-json\/wp\/v2\/product_tag?post=381397"}],"curies":[{"name":"wp","href":"https:\/\/api.w.org\/{rel}","templated":true}]}}