{"id":381402,"date":"2023-12-05T10:49:00","date_gmt":"2023-12-05T07:49:00","guid":{"rendered":"https:\/\/justbuildit.eu\/?post_type=product&#038;p=381402"},"modified":"2026-04-11T12:05:28","modified_gmt":"2026-04-11T09:05:28","slug":"tuuletoke-tyvek-pro-2508b-124g-15x50m-hingav","status":"publish","type":"product","link":"https:\/\/justbuildit.eu\/en\/pood\/isolatsioonimaterjalid\/membraanid\/tuuletoke-tyvek-pro-2508b-124g-15x50m-hingav\/","title":{"rendered":"Tuulet\u00f5ke Tyvek Pro 2508B 124g 1,5x50m hingav"},"content":{"rendered":"<p>Tyvek\u00ae Pro 2508B on k\u00f5rge auru l\u00e4bilaskev\u00f5imega veekindel aluskate kasutamiseks ventileeritud, kalletega sh. t\u00e4isroovitusega katustele. <\/p>\n<ul>\n<li>UV-kiirguse kindel 4 kuud, rebenemiskindel.<\/li>\n<li>Membraani pealmine kattekiht annab tootele t\u00e4iendava kaitse mehaanilise pinge ja UV-kiirguse eest.<\/li>\n<li>Sobib kasutamiseks tuulet\u00f5kkeks fassaadis ja katuse aluskatteks.<\/li>\n<li>Lihtne ja kiire paigaldus t\u00e4nu teibile toote pikemas servas.<\/li>\n<li>Eriti tugev ning vastupidav rebimisele.<\/li>\n<li>Tootel on keskkonnadeklaratsioon EPD.<\/li>\n<\/ul>\n<p>75 m\u00b2\/rull, laius 150 cm, 24 rulli\/alus.<\/p>\n","protected":false},"excerpt":{"rendered":"<p>Tyvek\u00ae Pro 2508B on k\u00f5rge auru l\u00e4bilaskev\u00f5imega veekindel aluskate kasutamiseks ventileeritud, kalletega sh. t\u00e4isroovitusega katustele. <\/p>","protected":false},"featured_media":381403,"comment_status":"open","ping_status":"closed","template":"","meta":{"_acf_changed":false},"product_brand":[],"product_cat":[68,69,497],"product_tag":[],"class_list":{"0":"post-381402","1":"product","2":"type-product","3":"status-publish","4":"has-post-thumbnail","6":"product_cat-membraanid","7":"product_cat-tuuletokked","8":"product_cat-puumarket","10":"first","11":"outofstock","12":"shipping-taxable","13":"purchasable","14":"product-type-simple"},"acf":[],"yoast_head":"<!-- This site is optimized with the Yoast SEO Premium plugin v18.7 (Yoast SEO v26.5) - https:\/\/yoast.com\/wordpress\/plugins\/seo\/ -->\n<title>Tuulet\u00f5ke Tyvek Pro 2508B 124g 1,5x50m hingav - Ehituslahendused<\/title>\n<meta name=\"description\" content=\"Tyvek\u00ae Pro 2508B on k\u00f5rge auru l\u00e4bilaskev\u00f5imega veekindel aluskate kasutamiseks ventileeritud, kalletega sh. t\u00e4isroovitusega katustele.\" \/>\n<meta name=\"robots\" content=\"index, follow, max-snippet:-1, max-image-preview:large, max-video-preview:-1\" \/>\n<link rel=\"canonical\" href=\"https:\/\/justbuildit.eu\/en\/pood\/isolatsioonimaterjalid\/membraanid\/tuuletoke-tyvek-pro-2508b-124g-15x50m-hingav\/\" \/>\n<meta property=\"og:locale\" content=\"en_US\" \/>\n<meta property=\"og:type\" content=\"article\" \/>\n<meta property=\"og:title\" content=\"Tuulet\u00f5ke Tyvek Pro 2508B 124g 1,5x50m hingav\" \/>\n<meta property=\"og:description\" content=\"Tyvek\u00ae Pro 2508B on k\u00f5rge auru l\u00e4bilaskev\u00f5imega veekindel aluskate kasutamiseks ventileeritud, kalletega sh. t\u00e4isroovitusega katustele.\" \/>\n<meta property=\"og:url\" content=\"https:\/\/justbuildit.eu\/en\/pood\/isolatsioonimaterjalid\/membraanid\/tuuletoke-tyvek-pro-2508b-124g-15x50m-hingav\/\" \/>\n<meta property=\"og:site_name\" content=\"Ehituslahendused\" \/>\n<meta property=\"article:publisher\" content=\"https:\/\/www.facebook.com\/justbuildit.ee\" \/>\n<meta property=\"article:modified_time\" content=\"2026-04-11T09:05:28+00:00\" \/>\n<meta property=\"og:image\" content=\"https:\/\/justbuildit.eu\/wp-content\/uploads\/2023\/12\/108770.jpg\" \/>\n\t<meta property=\"og:image:width\" content=\"709\" \/>\n\t<meta property=\"og:image:height\" content=\"709\" \/>\n\t<meta property=\"og:image:type\" content=\"image\/jpeg\" \/>\n<meta name=\"twitter:card\" content=\"summary_large_image\" \/>\n<script type=\"application\/ld+json\" class=\"yoast-schema-graph\">{\"@context\":\"https:\/\/schema.org\",\"@graph\":[{\"@type\":\"WebPage\",\"@id\":\"https:\/\/justbuildit.eu\/en\/pood\/isolatsioonimaterjalid\/membraanid\/tuuletoke-tyvek-pro-2508b-124g-15x50m-hingav\/\",\"url\":\"https:\/\/justbuildit.eu\/en\/pood\/isolatsioonimaterjalid\/membraanid\/tuuletoke-tyvek-pro-2508b-124g-15x50m-hingav\/\",\"name\":\"Tuulet\u00f5ke Tyvek Pro 2508B 124g 1,5x50m hingav - Ehituslahendused\",\"isPartOf\":{\"@id\":\"https:\/\/justbuildit.eu\/en\/#website\"},\"primaryImageOfPage\":{\"@id\":\"https:\/\/justbuildit.eu\/en\/pood\/isolatsioonimaterjalid\/membraanid\/tuuletoke-tyvek-pro-2508b-124g-15x50m-hingav\/#primaryimage\"},\"image\":{\"@id\":\"https:\/\/justbuildit.eu\/en\/pood\/isolatsioonimaterjalid\/membraanid\/tuuletoke-tyvek-pro-2508b-124g-15x50m-hingav\/#primaryimage\"},\"thumbnailUrl\":\"https:\/\/justbuildit.eu\/wp-content\/uploads\/2023\/12\/108770.jpg\",\"datePublished\":\"2023-12-05T07:49:00+00:00\",\"dateModified\":\"2026-04-11T09:05:28+00:00\",\"description\":\"Tyvek\u00ae Pro 2508B on k\u00f5rge auru l\u00e4bilaskev\u00f5imega veekindel aluskate kasutamiseks ventileeritud, kalletega sh. t\u00e4isroovitusega katustele.\",\"breadcrumb\":{\"@id\":\"https:\/\/justbuildit.eu\/en\/pood\/isolatsioonimaterjalid\/membraanid\/tuuletoke-tyvek-pro-2508b-124g-15x50m-hingav\/#breadcrumb\"},\"inLanguage\":\"en-US\",\"potentialAction\":[{\"@type\":\"ReadAction\",\"target\":[\"https:\/\/justbuildit.eu\/en\/pood\/isolatsioonimaterjalid\/membraanid\/tuuletoke-tyvek-pro-2508b-124g-15x50m-hingav\/\"]}]},{\"@type\":\"ImageObject\",\"inLanguage\":\"en-US\",\"@id\":\"https:\/\/justbuildit.eu\/en\/pood\/isolatsioonimaterjalid\/membraanid\/tuuletoke-tyvek-pro-2508b-124g-15x50m-hingav\/#primaryimage\",\"url\":\"https:\/\/justbuildit.eu\/wp-content\/uploads\/2023\/12\/108770.jpg\",\"contentUrl\":\"https:\/\/justbuildit.eu\/wp-content\/uploads\/2023\/12\/108770.jpg\",\"width\":709,\"height\":709},{\"@type\":\"BreadcrumbList\",\"@id\":\"https:\/\/justbuildit.eu\/en\/pood\/isolatsioonimaterjalid\/membraanid\/tuuletoke-tyvek-pro-2508b-124g-15x50m-hingav\/#breadcrumb\",\"itemListElement\":[{\"@type\":\"ListItem\",\"position\":1,\"name\":\"Home\",\"item\":\"https:\/\/justbuildit.eu\/en\/\"},{\"@type\":\"ListItem\",\"position\":2,\"name\":\"Shop\",\"item\":\"https:\/\/justbuildit.eu\/en\/building-materials\/\"},{\"@type\":\"ListItem\",\"position\":3,\"name\":\"Tuulet\u00f5ke Tyvek Pro 2508B 124g 1,5x50m hingav\"}]},{\"@type\":\"WebSite\",\"@id\":\"https:\/\/justbuildit.eu\/en\/#website\",\"url\":\"https:\/\/justbuildit.eu\/en\/\",\"name\":\"Ehituslahendused\",\"description\":\"Ehituslahendused ja materjalid\",\"publisher\":{\"@id\":\"https:\/\/justbuildit.eu\/en\/#organization\"},\"potentialAction\":[{\"@type\":\"SearchAction\",\"target\":{\"@type\":\"EntryPoint\",\"urlTemplate\":\"https:\/\/justbuildit.eu\/en\/?s={search_term_string}\"},\"query-input\":{\"@type\":\"PropertyValueSpecification\",\"valueRequired\":true,\"valueName\":\"search_term_string\"}}],\"inLanguage\":\"en-US\"},{\"@type\":\"Organization\",\"@id\":\"https:\/\/justbuildit.eu\/en\/#organization\",\"name\":\"Just Build It O\u00dc\",\"url\":\"https:\/\/justbuildit.eu\/en\/\",\"logo\":{\"@type\":\"ImageObject\",\"inLanguage\":\"en-US\",\"@id\":\"https:\/\/justbuildit.eu\/en\/#\/schema\/logo\/image\/\",\"url\":\"https:\/\/justbuildit.eu\/wp-content\/uploads\/2022\/01\/justbuildit.png\",\"contentUrl\":\"https:\/\/justbuildit.eu\/wp-content\/uploads\/2022\/01\/justbuildit.png\",\"width\":173,\"height\":77,\"caption\":\"Just Build It O\u00dc\"},\"image\":{\"@id\":\"https:\/\/justbuildit.eu\/en\/#\/schema\/logo\/image\/\"},\"sameAs\":[\"https:\/\/www.facebook.com\/justbuildit.ee\"]}]}<\/script>\n<!-- \/ Yoast SEO Premium plugin. -->","yoast_head_json":{"title":"Tuulet\u00f5ke Tyvek Pro 2508B 124g 1,5x50m hingav - Ehituslahendused","description":"Tyvek\u00ae Pro 2508B on k\u00f5rge auru l\u00e4bilaskev\u00f5imega veekindel aluskate kasutamiseks ventileeritud, kalletega sh. t\u00e4isroovitusega katustele.","robots":{"index":"index","follow":"follow","max-snippet":"max-snippet:-1","max-image-preview":"max-image-preview:large","max-video-preview":"max-video-preview:-1"},"canonical":"https:\/\/justbuildit.eu\/en\/pood\/isolatsioonimaterjalid\/membraanid\/tuuletoke-tyvek-pro-2508b-124g-15x50m-hingav\/","og_locale":"en_US","og_type":"article","og_title":"Tuulet\u00f5ke Tyvek Pro 2508B 124g 1,5x50m hingav","og_description":"Tyvek\u00ae Pro 2508B on k\u00f5rge auru l\u00e4bilaskev\u00f5imega veekindel aluskate kasutamiseks ventileeritud, kalletega sh. t\u00e4isroovitusega katustele.","og_url":"https:\/\/justbuildit.eu\/en\/pood\/isolatsioonimaterjalid\/membraanid\/tuuletoke-tyvek-pro-2508b-124g-15x50m-hingav\/","og_site_name":"Ehituslahendused","article_publisher":"https:\/\/www.facebook.com\/justbuildit.ee","article_modified_time":"2026-04-11T09:05:28+00:00","og_image":[{"width":709,"height":709,"url":"https:\/\/justbuildit.eu\/wp-content\/uploads\/2023\/12\/108770.jpg","type":"image\/jpeg"}],"twitter_card":"summary_large_image","schema":{"@context":"https:\/\/schema.org","@graph":[{"@type":"WebPage","@id":"https:\/\/justbuildit.eu\/en\/pood\/isolatsioonimaterjalid\/membraanid\/tuuletoke-tyvek-pro-2508b-124g-15x50m-hingav\/","url":"https:\/\/justbuildit.eu\/en\/pood\/isolatsioonimaterjalid\/membraanid\/tuuletoke-tyvek-pro-2508b-124g-15x50m-hingav\/","name":"Tuulet\u00f5ke Tyvek Pro 2508B 124g 1,5x50m hingav - Ehituslahendused","isPartOf":{"@id":"https:\/\/justbuildit.eu\/en\/#website"},"primaryImageOfPage":{"@id":"https:\/\/justbuildit.eu\/en\/pood\/isolatsioonimaterjalid\/membraanid\/tuuletoke-tyvek-pro-2508b-124g-15x50m-hingav\/#primaryimage"},"image":{"@id":"https:\/\/justbuildit.eu\/en\/pood\/isolatsioonimaterjalid\/membraanid\/tuuletoke-tyvek-pro-2508b-124g-15x50m-hingav\/#primaryimage"},"thumbnailUrl":"https:\/\/justbuildit.eu\/wp-content\/uploads\/2023\/12\/108770.jpg","datePublished":"2023-12-05T07:49:00+00:00","dateModified":"2026-04-11T09:05:28+00:00","description":"Tyvek\u00ae Pro 2508B on k\u00f5rge auru l\u00e4bilaskev\u00f5imega veekindel aluskate kasutamiseks ventileeritud, kalletega sh. t\u00e4isroovitusega katustele.","breadcrumb":{"@id":"https:\/\/justbuildit.eu\/en\/pood\/isolatsioonimaterjalid\/membraanid\/tuuletoke-tyvek-pro-2508b-124g-15x50m-hingav\/#breadcrumb"},"inLanguage":"en-US","potentialAction":[{"@type":"ReadAction","target":["https:\/\/justbuildit.eu\/en\/pood\/isolatsioonimaterjalid\/membraanid\/tuuletoke-tyvek-pro-2508b-124g-15x50m-hingav\/"]}]},{"@type":"ImageObject","inLanguage":"en-US","@id":"https:\/\/justbuildit.eu\/en\/pood\/isolatsioonimaterjalid\/membraanid\/tuuletoke-tyvek-pro-2508b-124g-15x50m-hingav\/#primaryimage","url":"https:\/\/justbuildit.eu\/wp-content\/uploads\/2023\/12\/108770.jpg","contentUrl":"https:\/\/justbuildit.eu\/wp-content\/uploads\/2023\/12\/108770.jpg","width":709,"height":709},{"@type":"BreadcrumbList","@id":"https:\/\/justbuildit.eu\/en\/pood\/isolatsioonimaterjalid\/membraanid\/tuuletoke-tyvek-pro-2508b-124g-15x50m-hingav\/#breadcrumb","itemListElement":[{"@type":"ListItem","position":1,"name":"Home","item":"https:\/\/justbuildit.eu\/en\/"},{"@type":"ListItem","position":2,"name":"Shop","item":"https:\/\/justbuildit.eu\/en\/building-materials\/"},{"@type":"ListItem","position":3,"name":"Tuulet\u00f5ke Tyvek Pro 2508B 124g 1,5x50m hingav"}]},{"@type":"WebSite","@id":"https:\/\/justbuildit.eu\/en\/#website","url":"https:\/\/justbuildit.eu\/en\/","name":"Ehituslahendused","description":"Ehituslahendused ja materjalid","publisher":{"@id":"https:\/\/justbuildit.eu\/en\/#organization"},"potentialAction":[{"@type":"SearchAction","target":{"@type":"EntryPoint","urlTemplate":"https:\/\/justbuildit.eu\/en\/?s={search_term_string}"},"query-input":{"@type":"PropertyValueSpecification","valueRequired":true,"valueName":"search_term_string"}}],"inLanguage":"en-US"},{"@type":"Organization","@id":"https:\/\/justbuildit.eu\/en\/#organization","name":"Just Build It O\u00dc","url":"https:\/\/justbuildit.eu\/en\/","logo":{"@type":"ImageObject","inLanguage":"en-US","@id":"https:\/\/justbuildit.eu\/en\/#\/schema\/logo\/image\/","url":"https:\/\/justbuildit.eu\/wp-content\/uploads\/2022\/01\/justbuildit.png","contentUrl":"https:\/\/justbuildit.eu\/wp-content\/uploads\/2022\/01\/justbuildit.png","width":173,"height":77,"caption":"Just Build It O\u00dc"},"image":{"@id":"https:\/\/justbuildit.eu\/en\/#\/schema\/logo\/image\/"},"sameAs":["https:\/\/www.facebook.com\/justbuildit.ee"]}]}},"_links":{"self":[{"href":"https:\/\/justbuildit.eu\/en\/wp-json\/wp\/v2\/product\/381402","targetHints":{"allow":["GET"]}}],"collection":[{"href":"https:\/\/justbuildit.eu\/en\/wp-json\/wp\/v2\/product"}],"about":[{"href":"https:\/\/justbuildit.eu\/en\/wp-json\/wp\/v2\/types\/product"}],"replies":[{"embeddable":true,"href":"https:\/\/justbuildit.eu\/en\/wp-json\/wp\/v2\/comments?post=381402"}],"wp:featuredmedia":[{"embeddable":true,"href":"https:\/\/justbuildit.eu\/en\/wp-json\/wp\/v2\/media\/381403"}],"wp:attachment":[{"href":"https:\/\/justbuildit.eu\/en\/wp-json\/wp\/v2\/media?parent=381402"}],"wp:term":[{"taxonomy":"product_brand","embeddable":true,"href":"https:\/\/justbuildit.eu\/en\/wp-json\/wp\/v2\/product_brand?post=381402"},{"taxonomy":"product_cat","embeddable":true,"href":"https:\/\/justbuildit.eu\/en\/wp-json\/wp\/v2\/product_cat?post=381402"},{"taxonomy":"product_tag","embeddable":true,"href":"https:\/\/justbuildit.eu\/en\/wp-json\/wp\/v2\/product_tag?post=381402"}],"curies":[{"name":"wp","href":"https:\/\/api.w.org\/{rel}","templated":true}]}}