{"id":382900,"date":"2023-12-09T11:26:52","date_gmt":"2023-12-09T08:26:52","guid":{"rendered":"https:\/\/justbuildit.eu\/?post_type=product&#038;p=382900"},"modified":"2026-04-11T12:05:22","modified_gmt":"2026-04-11T09:05:22","slug":"tapp-liitega-kergplokk-fibo-3mpa-250185480","status":"publish","type":"product","link":"https:\/\/justbuildit.eu\/en\/pood\/ehitusplokid\/kergplokid\/tapp-liitega-kergplokk-fibo-3mpa-250185480\/","title":{"rendered":"TAPP-LIITEGA KERGPLOKK FIBO 3MPA 250*185*480"},"content":{"rendered":"<div class=\"row\"  id=\"row-220330756\">\n<div id=\"col-1649738277\" class=\"col medium-9 small-12 large-9\"  >\n<div class=\"col-inner\"  >\n<p>250 mm plokk kandvate ja mittekandvate seinte ning vundamentide  ehitamiseks. Tugevus 3 MPa.<\/p>\n<div class=\"message-box relative\" style=\"padding-top:15px;padding-bottom:15px;\">\n<div class=\"message-box-bg-image bg-fill fill\" ><\/div>\n<div class=\"message-box-bg-overlay bg-fill fill\" ><\/div>\n<div class=\"container relative\">\n<div class=\"inner last-reset\">\n<div class=\"row align-middle align-center\"  id=\"row-460806190\">\n<div id=\"col-562196356\" class=\"col small-12 large-12\"  >\n<div class=\"col-inner text-left\"  >\n<h4>Omadused<\/h4>\n<div class=\"row\"  id=\"row-151297500\">\n<div id=\"col-122381923\" class=\"col medium-6 small-12 large-6\"  >\n<div class=\"col-inner\"  >\n<p><i class=\"fa fa-paint-roller fa-2x\"><\/i> <strong>Kulunorm<\/strong> 10,4 tk\/m\u00b2<\/p>\n<\/p>\n<\/div>\n<style>\n#col-122381923 > .col-inner {\n  margin: 10px 0px 15px 0px;\n}\n<\/style>\n<\/p>\n<\/div>\n<\/div>\n<div class=\"is-divider divider clearfix\" style=\"margin-top:20px;margin-bottom:20px;max-width:100%;height:2px;background-color:rgb(1, 27, 70);\"><\/div>\n<div class=\"row\"  id=\"row-1024553442\">\n<div id=\"col-1382628518\" class=\"col medium-6 small-12 large-6\"  >\n<div class=\"col-inner\"  >\n<p><i class=\"fa fa-check fa-2x\"><\/i> <strong>Tugev<\/strong><\/p>\n<p><i class=\"fa fa-check fa-2x\"><\/i> <strong>Helipidav<\/strong><\/p>\n<\/p>\n<\/div>\n<style>\n#col-1382628518 > .col-inner {\n  margin: 10px 0px 15px 0px;\n}\n<\/style>\n<\/p>\n<\/div>\n<div id=\"col-281250898\" class=\"col medium-6 small-12 large-6\"  >\n<div class=\"col-inner\"  >\n<p><i class=\"fa fa-check fa-2x\"><\/i> <strong>Tulekindel<\/strong><\/p>\n<p><i class=\"fa fa-check fa-2x\"><\/i> <strong>Niiskuskindel<\/strong><\/p>\n<\/p>\n<\/div>\n<style>\n#col-281250898 > .col-inner {\n  margin: 10px 0px 15px 0px;\n}\n<\/style>\n<\/p>\n<\/div>\n<\/div>\n<\/div>\n<\/div>\n<\/div>\n<\/div>\n<\/div>\n<\/div>\n<div id=\"gap-1726969189\" class=\"gap-element clearfix\" style=\"display:block; height:auto;\">\n<style>\n#gap-1726969189 {\n  padding-top: 30px;\n}\n<\/style>\n<\/p>\n<\/div>\n<p><strong>Kasutamine:<\/strong> Kandvad ja mittekandvad seinad ning vundamendid<\/p>\n<\/p>\n<\/div>\n<\/div>\n<div id=\"col-986391410\" class=\"col medium-3 small-12 large-3\"  >\n<div class=\"col-inner\"  >\n<p><strong>\u00dcksikasjalikuma n\u00f5u saamiseks v\u00f5tke \u00fchendust:<br \/><\/strong>SAINT-GOBAIN EESTI AS, Peterburi tee 75, 11415 Tallinn, Telefon: +372 6209 510<\/p>\n<\/p>\n<\/div>\n<\/div>\n<\/div>\n","protected":false},"excerpt":{"rendered":"<p>250 mm plokk kandvate ja mittekandvate seinte ning vundamentide  ehitamiseks. Tugevus 3 MPa.<\/p>","protected":false},"featured_media":648329,"comment_status":"open","ping_status":"closed","template":"","meta":{"_acf_changed":false},"product_brand":[],"product_cat":[55,54,498],"product_tag":[],"class_list":{"0":"post-382900","1":"product","2":"type-product","3":"status-publish","4":"has-post-thumbnail","6":"product_cat-kergplokid","7":"product_cat-ehitusplokid","8":"product_cat-espak","10":"first","11":"instock","12":"sale","13":"shipping-taxable","14":"purchasable","15":"product-type-simple"},"acf":[],"yoast_head":"<!-- This site is optimized with the Yoast SEO Premium plugin v18.7 (Yoast SEO v26.5) - https:\/\/yoast.com\/wordpress\/plugins\/seo\/ -->\n<title>TAPP-LIITEGA KERGPLOKK FIBO 3MPA 250*185*480 - Ehituslahendused<\/title>\n<meta name=\"description\" content=\"250 mm plokk kandvate ja mittekandvate seinte ning vundamentide ehitamiseks. Tugevus 3 MPa.\" \/>\n<meta name=\"robots\" content=\"index, follow, max-snippet:-1, max-image-preview:large, max-video-preview:-1\" \/>\n<link rel=\"canonical\" href=\"https:\/\/justbuildit.eu\/en\/pood\/ehitusplokid\/kergplokid\/tapp-liitega-kergplokk-fibo-3mpa-250185480\/\" \/>\n<meta property=\"og:locale\" content=\"en_US\" \/>\n<meta property=\"og:type\" content=\"article\" \/>\n<meta property=\"og:title\" content=\"TAPP-LIITEGA KERGPLOKK FIBO 3MPA 250*185*480\" \/>\n<meta property=\"og:description\" content=\"250 mm plokk kandvate ja mittekandvate seinte ning vundamentide ehitamiseks. Tugevus 3 MPa.\" \/>\n<meta property=\"og:url\" content=\"https:\/\/justbuildit.eu\/en\/pood\/ehitusplokid\/kergplokid\/tapp-liitega-kergplokk-fibo-3mpa-250185480\/\" \/>\n<meta property=\"og:site_name\" content=\"Ehituslahendused\" \/>\n<meta property=\"article:publisher\" content=\"https:\/\/www.facebook.com\/justbuildit.ee\" \/>\n<meta property=\"article:modified_time\" content=\"2026-04-11T09:05:22+00:00\" \/>\n<meta property=\"og:image\" content=\"https:\/\/justbuildit.eu\/wp-content\/uploads\/2023\/12\/1013277-scaled-2.jpg\" \/>\n\t<meta property=\"og:image:width\" content=\"2048\" \/>\n\t<meta property=\"og:image:height\" content=\"2048\" \/>\n\t<meta property=\"og:image:type\" content=\"image\/jpeg\" \/>\n<meta name=\"twitter:card\" content=\"summary_large_image\" \/>\n<script type=\"application\/ld+json\" class=\"yoast-schema-graph\">{\"@context\":\"https:\/\/schema.org\",\"@graph\":[{\"@type\":\"WebPage\",\"@id\":\"https:\/\/justbuildit.eu\/en\/pood\/ehitusplokid\/kergplokid\/tapp-liitega-kergplokk-fibo-3mpa-250185480\/\",\"url\":\"https:\/\/justbuildit.eu\/en\/pood\/ehitusplokid\/kergplokid\/tapp-liitega-kergplokk-fibo-3mpa-250185480\/\",\"name\":\"TAPP-LIITEGA KERGPLOKK FIBO 3MPA 250*185*480 - Ehituslahendused\",\"isPartOf\":{\"@id\":\"https:\/\/justbuildit.eu\/en\/#website\"},\"primaryImageOfPage\":{\"@id\":\"https:\/\/justbuildit.eu\/en\/pood\/ehitusplokid\/kergplokid\/tapp-liitega-kergplokk-fibo-3mpa-250185480\/#primaryimage\"},\"image\":{\"@id\":\"https:\/\/justbuildit.eu\/en\/pood\/ehitusplokid\/kergplokid\/tapp-liitega-kergplokk-fibo-3mpa-250185480\/#primaryimage\"},\"thumbnailUrl\":\"https:\/\/justbuildit.eu\/wp-content\/uploads\/2023\/12\/1013277-scaled-1.jpg\",\"datePublished\":\"2023-12-09T08:26:52+00:00\",\"dateModified\":\"2026-04-11T09:05:22+00:00\",\"description\":\"250 mm plokk kandvate ja mittekandvate seinte ning vundamentide ehitamiseks. Tugevus 3 MPa.\",\"breadcrumb\":{\"@id\":\"https:\/\/justbuildit.eu\/en\/pood\/ehitusplokid\/kergplokid\/tapp-liitega-kergplokk-fibo-3mpa-250185480\/#breadcrumb\"},\"inLanguage\":\"en-US\",\"potentialAction\":[{\"@type\":\"ReadAction\",\"target\":[\"https:\/\/justbuildit.eu\/en\/pood\/ehitusplokid\/kergplokid\/tapp-liitega-kergplokk-fibo-3mpa-250185480\/\"]}]},{\"@type\":\"ImageObject\",\"inLanguage\":\"en-US\",\"@id\":\"https:\/\/justbuildit.eu\/en\/pood\/ehitusplokid\/kergplokid\/tapp-liitega-kergplokk-fibo-3mpa-250185480\/#primaryimage\",\"url\":\"https:\/\/justbuildit.eu\/wp-content\/uploads\/2023\/12\/1013277-scaled-1.jpg\",\"contentUrl\":\"https:\/\/justbuildit.eu\/wp-content\/uploads\/2023\/12\/1013277-scaled-1.jpg\",\"width\":2048,\"height\":2048},{\"@type\":\"BreadcrumbList\",\"@id\":\"https:\/\/justbuildit.eu\/en\/pood\/ehitusplokid\/kergplokid\/tapp-liitega-kergplokk-fibo-3mpa-250185480\/#breadcrumb\",\"itemListElement\":[{\"@type\":\"ListItem\",\"position\":1,\"name\":\"Home\",\"item\":\"https:\/\/justbuildit.eu\/en\/\"},{\"@type\":\"ListItem\",\"position\":2,\"name\":\"Shop\",\"item\":\"https:\/\/justbuildit.eu\/en\/building-materials\/\"},{\"@type\":\"ListItem\",\"position\":3,\"name\":\"TAPP-LIITEGA KERGPLOKK FIBO 3MPA 250*185*480\"}]},{\"@type\":\"WebSite\",\"@id\":\"https:\/\/justbuildit.eu\/en\/#website\",\"url\":\"https:\/\/justbuildit.eu\/en\/\",\"name\":\"Ehituslahendused\",\"description\":\"Ehituslahendused ja materjalid\",\"publisher\":{\"@id\":\"https:\/\/justbuildit.eu\/en\/#organization\"},\"potentialAction\":[{\"@type\":\"SearchAction\",\"target\":{\"@type\":\"EntryPoint\",\"urlTemplate\":\"https:\/\/justbuildit.eu\/en\/?s={search_term_string}\"},\"query-input\":{\"@type\":\"PropertyValueSpecification\",\"valueRequired\":true,\"valueName\":\"search_term_string\"}}],\"inLanguage\":\"en-US\"},{\"@type\":\"Organization\",\"@id\":\"https:\/\/justbuildit.eu\/en\/#organization\",\"name\":\"Just Build It O\u00dc\",\"url\":\"https:\/\/justbuildit.eu\/en\/\",\"logo\":{\"@type\":\"ImageObject\",\"inLanguage\":\"en-US\",\"@id\":\"https:\/\/justbuildit.eu\/en\/#\/schema\/logo\/image\/\",\"url\":\"https:\/\/justbuildit.eu\/wp-content\/uploads\/2022\/01\/justbuildit.png\",\"contentUrl\":\"https:\/\/justbuildit.eu\/wp-content\/uploads\/2022\/01\/justbuildit.png\",\"width\":173,\"height\":77,\"caption\":\"Just Build It O\u00dc\"},\"image\":{\"@id\":\"https:\/\/justbuildit.eu\/en\/#\/schema\/logo\/image\/\"},\"sameAs\":[\"https:\/\/www.facebook.com\/justbuildit.ee\"]}]}<\/script>\n<!-- \/ Yoast SEO Premium plugin. -->","yoast_head_json":{"title":"TAPP-LIITEGA KERGPLOKK FIBO 3MPA 250*185*480 - Ehituslahendused","description":"250 mm plokk kandvate ja mittekandvate seinte ning vundamentide ehitamiseks. Tugevus 3 MPa.","robots":{"index":"index","follow":"follow","max-snippet":"max-snippet:-1","max-image-preview":"max-image-preview:large","max-video-preview":"max-video-preview:-1"},"canonical":"https:\/\/justbuildit.eu\/en\/pood\/ehitusplokid\/kergplokid\/tapp-liitega-kergplokk-fibo-3mpa-250185480\/","og_locale":"en_US","og_type":"article","og_title":"TAPP-LIITEGA KERGPLOKK FIBO 3MPA 250*185*480","og_description":"250 mm plokk kandvate ja mittekandvate seinte ning vundamentide ehitamiseks. Tugevus 3 MPa.","og_url":"https:\/\/justbuildit.eu\/en\/pood\/ehitusplokid\/kergplokid\/tapp-liitega-kergplokk-fibo-3mpa-250185480\/","og_site_name":"Ehituslahendused","article_publisher":"https:\/\/www.facebook.com\/justbuildit.ee","article_modified_time":"2026-04-11T09:05:22+00:00","og_image":[{"width":2048,"height":2048,"url":"https:\/\/justbuildit.eu\/wp-content\/uploads\/2023\/12\/1013277-scaled-2.jpg","type":"image\/jpeg"}],"twitter_card":"summary_large_image","schema":{"@context":"https:\/\/schema.org","@graph":[{"@type":"WebPage","@id":"https:\/\/justbuildit.eu\/en\/pood\/ehitusplokid\/kergplokid\/tapp-liitega-kergplokk-fibo-3mpa-250185480\/","url":"https:\/\/justbuildit.eu\/en\/pood\/ehitusplokid\/kergplokid\/tapp-liitega-kergplokk-fibo-3mpa-250185480\/","name":"TAPP-LIITEGA KERGPLOKK FIBO 3MPA 250*185*480 - Ehituslahendused","isPartOf":{"@id":"https:\/\/justbuildit.eu\/en\/#website"},"primaryImageOfPage":{"@id":"https:\/\/justbuildit.eu\/en\/pood\/ehitusplokid\/kergplokid\/tapp-liitega-kergplokk-fibo-3mpa-250185480\/#primaryimage"},"image":{"@id":"https:\/\/justbuildit.eu\/en\/pood\/ehitusplokid\/kergplokid\/tapp-liitega-kergplokk-fibo-3mpa-250185480\/#primaryimage"},"thumbnailUrl":"https:\/\/justbuildit.eu\/wp-content\/uploads\/2023\/12\/1013277-scaled-1.jpg","datePublished":"2023-12-09T08:26:52+00:00","dateModified":"2026-04-11T09:05:22+00:00","description":"250 mm plokk kandvate ja mittekandvate seinte ning vundamentide ehitamiseks. Tugevus 3 MPa.","breadcrumb":{"@id":"https:\/\/justbuildit.eu\/en\/pood\/ehitusplokid\/kergplokid\/tapp-liitega-kergplokk-fibo-3mpa-250185480\/#breadcrumb"},"inLanguage":"en-US","potentialAction":[{"@type":"ReadAction","target":["https:\/\/justbuildit.eu\/en\/pood\/ehitusplokid\/kergplokid\/tapp-liitega-kergplokk-fibo-3mpa-250185480\/"]}]},{"@type":"ImageObject","inLanguage":"en-US","@id":"https:\/\/justbuildit.eu\/en\/pood\/ehitusplokid\/kergplokid\/tapp-liitega-kergplokk-fibo-3mpa-250185480\/#primaryimage","url":"https:\/\/justbuildit.eu\/wp-content\/uploads\/2023\/12\/1013277-scaled-1.jpg","contentUrl":"https:\/\/justbuildit.eu\/wp-content\/uploads\/2023\/12\/1013277-scaled-1.jpg","width":2048,"height":2048},{"@type":"BreadcrumbList","@id":"https:\/\/justbuildit.eu\/en\/pood\/ehitusplokid\/kergplokid\/tapp-liitega-kergplokk-fibo-3mpa-250185480\/#breadcrumb","itemListElement":[{"@type":"ListItem","position":1,"name":"Home","item":"https:\/\/justbuildit.eu\/en\/"},{"@type":"ListItem","position":2,"name":"Shop","item":"https:\/\/justbuildit.eu\/en\/building-materials\/"},{"@type":"ListItem","position":3,"name":"TAPP-LIITEGA KERGPLOKK FIBO 3MPA 250*185*480"}]},{"@type":"WebSite","@id":"https:\/\/justbuildit.eu\/en\/#website","url":"https:\/\/justbuildit.eu\/en\/","name":"Ehituslahendused","description":"Ehituslahendused ja materjalid","publisher":{"@id":"https:\/\/justbuildit.eu\/en\/#organization"},"potentialAction":[{"@type":"SearchAction","target":{"@type":"EntryPoint","urlTemplate":"https:\/\/justbuildit.eu\/en\/?s={search_term_string}"},"query-input":{"@type":"PropertyValueSpecification","valueRequired":true,"valueName":"search_term_string"}}],"inLanguage":"en-US"},{"@type":"Organization","@id":"https:\/\/justbuildit.eu\/en\/#organization","name":"Just Build It O\u00dc","url":"https:\/\/justbuildit.eu\/en\/","logo":{"@type":"ImageObject","inLanguage":"en-US","@id":"https:\/\/justbuildit.eu\/en\/#\/schema\/logo\/image\/","url":"https:\/\/justbuildit.eu\/wp-content\/uploads\/2022\/01\/justbuildit.png","contentUrl":"https:\/\/justbuildit.eu\/wp-content\/uploads\/2022\/01\/justbuildit.png","width":173,"height":77,"caption":"Just Build It O\u00dc"},"image":{"@id":"https:\/\/justbuildit.eu\/en\/#\/schema\/logo\/image\/"},"sameAs":["https:\/\/www.facebook.com\/justbuildit.ee"]}]}},"_links":{"self":[{"href":"https:\/\/justbuildit.eu\/en\/wp-json\/wp\/v2\/product\/382900","targetHints":{"allow":["GET"]}}],"collection":[{"href":"https:\/\/justbuildit.eu\/en\/wp-json\/wp\/v2\/product"}],"about":[{"href":"https:\/\/justbuildit.eu\/en\/wp-json\/wp\/v2\/types\/product"}],"replies":[{"embeddable":true,"href":"https:\/\/justbuildit.eu\/en\/wp-json\/wp\/v2\/comments?post=382900"}],"wp:featuredmedia":[{"embeddable":true,"href":"https:\/\/justbuildit.eu\/en\/wp-json\/wp\/v2\/media\/648329"}],"wp:attachment":[{"href":"https:\/\/justbuildit.eu\/en\/wp-json\/wp\/v2\/media?parent=382900"}],"wp:term":[{"taxonomy":"product_brand","embeddable":true,"href":"https:\/\/justbuildit.eu\/en\/wp-json\/wp\/v2\/product_brand?post=382900"},{"taxonomy":"product_cat","embeddable":true,"href":"https:\/\/justbuildit.eu\/en\/wp-json\/wp\/v2\/product_cat?post=382900"},{"taxonomy":"product_tag","embeddable":true,"href":"https:\/\/justbuildit.eu\/en\/wp-json\/wp\/v2\/product_tag?post=382900"}],"curies":[{"name":"wp","href":"https:\/\/api.w.org\/{rel}","templated":true}]}}