{"id":382927,"date":"2023-12-09T12:11:30","date_gmt":"2023-12-09T09:11:30","guid":{"rendered":"https:\/\/justbuildit.eu\/?post_type=product&#038;p=382927"},"modified":"2026-04-11T12:05:18","modified_gmt":"2026-04-11T09:05:18","slug":"betooni-lisand-betotop-2-25kg","status":"publish","type":"product","link":"https:\/\/justbuildit.eu\/en\/pood\/varvid-ja-viimistlusmaterjalid\/tolmutokked-ja-pinnakovendid\/betooni-lisand-betotop-2-25kg\/","title":{"rendered":"Betooni lisand Betotop 2 25kg"},"content":{"rendered":"<p>BETOTOP 2 on kasutusvalmis pulbriline pinnak\u00f5vendi, mis koosneb hoolikalt valitud suure kulumiskindlusega mineraalsetest t\u00e4itematerjalidest ja portlandtsemendist. Antud toodet kasutatakse betoonp\u00f5randate kulumis- ja l\u00f6\u00f6gikindluse t\u00f5stmiseks. Paigaldatakse kuivpuistena v\u00e4rskele betoonile. BETOTOP 2 v\u00f5ib kasutada ka teraskiudbetoonp\u00f5randatel teraskiudude katmiseks.<\/p>\n<ul>\n<li>Kuluefektiivne<\/li>\n<li>Suurendab betoonp\u00f5randa kulumiskindlust<\/li>\n<li>V\u00e4hendab betoonp\u00f5randa tolmamist<\/li>\n<li>Lihtne paigaldada ja hooldada<\/li>\n<li>V\u00e4iksem poorsus ja veeimavus<\/li>\n<li>Mittes\u00fcttiv<\/li>\n<li>Mittekorrodeeruv<\/li>\n<li>Vastupidav \u00f5lidele<\/li>\n<\/ul>\n","protected":false},"excerpt":{"rendered":"<p>BETOTOP 2 on kasutusvalmis pulbriline pinnak\u00f5vendi, mis koosneb hoolikalt valitud suure kulumiskindlusega mineraalsetest t\u00e4itematerjalidest ja portlandtsemendist. Antud toodet kasutatakse betoonp\u00f5randate kulumis- ja l\u00f6\u00f6gikindluse t\u00f5stmiseks. Paigaldatakse kuivpuistena v\u00e4rskele betoonile. BETOTOP 2 v\u00f5ib kasutada ka teraskiudbetoonp\u00f5randatel teraskiudude katmiseks.<\/p>","protected":false},"featured_media":382928,"comment_status":"open","ping_status":"closed","template":"","meta":{"_acf_changed":false},"product_brand":[],"product_cat":[683,497],"product_tag":[],"class_list":{"0":"post-382927","1":"product","2":"type-product","3":"status-publish","4":"has-post-thumbnail","6":"product_cat-tolmutokked-ja-pinnakovendid","7":"product_cat-puumarket","9":"first","10":"outofstock","11":"shipping-taxable","12":"purchasable","13":"product-type-simple"},"acf":[],"yoast_head":"<!-- This site is optimized with the Yoast SEO Premium plugin v18.7 (Yoast SEO v26.5) - https:\/\/yoast.com\/wordpress\/plugins\/seo\/ -->\n<title>Betooni lisand Betotop 2 25kg - Ehituslahendused<\/title>\n<meta name=\"description\" content=\"BETOTOP 2 on kasutusvalmis pulbriline pinnak\u00f5vendi, mis koosneb hoolikalt valitud suure kulumiskindlusega mineraalsetest t\u00e4itematerjalidest ja portlandtsemendist. Antud toodet kasutatakse betoonp\u00f5randate kulumis- ja l\u00f6\u00f6gikindluse t\u00f5stmiseks. Paigaldatakse kuivpuistena v\u00e4rskele betoonile. BETOTOP 2 v\u00f5ib kasutada ka teraskiudbetoonp\u00f5randatel teraskiudude katmiseks.\" \/>\n<meta name=\"robots\" content=\"index, follow, max-snippet:-1, max-image-preview:large, max-video-preview:-1\" \/>\n<link rel=\"canonical\" href=\"https:\/\/justbuildit.eu\/en\/pood\/varvid-ja-viimistlusmaterjalid\/tolmutokked-ja-pinnakovendid\/betooni-lisand-betotop-2-25kg\/\" \/>\n<meta property=\"og:locale\" content=\"en_US\" \/>\n<meta property=\"og:type\" content=\"article\" \/>\n<meta property=\"og:title\" content=\"Betooni lisand Betotop 2 25kg\" \/>\n<meta property=\"og:description\" content=\"BETOTOP 2 on kasutusvalmis pulbriline pinnak\u00f5vendi, mis koosneb hoolikalt valitud suure kulumiskindlusega mineraalsetest t\u00e4itematerjalidest ja portlandtsemendist. Antud toodet kasutatakse betoonp\u00f5randate kulumis- ja l\u00f6\u00f6gikindluse t\u00f5stmiseks. Paigaldatakse kuivpuistena v\u00e4rskele betoonile. BETOTOP 2 v\u00f5ib kasutada ka teraskiudbetoonp\u00f5randatel teraskiudude katmiseks.\" \/>\n<meta property=\"og:url\" content=\"https:\/\/justbuildit.eu\/en\/pood\/varvid-ja-viimistlusmaterjalid\/tolmutokked-ja-pinnakovendid\/betooni-lisand-betotop-2-25kg\/\" \/>\n<meta property=\"og:site_name\" content=\"Ehituslahendused\" \/>\n<meta property=\"article:publisher\" content=\"https:\/\/www.facebook.com\/justbuildit.ee\" \/>\n<meta property=\"article:modified_time\" content=\"2026-04-11T09:05:18+00:00\" \/>\n<meta property=\"og:image\" content=\"https:\/\/justbuildit.eu\/wp-content\/uploads\/2023\/12\/108315.jpg\" \/>\n\t<meta property=\"og:image:width\" content=\"709\" \/>\n\t<meta property=\"og:image:height\" content=\"709\" \/>\n\t<meta property=\"og:image:type\" content=\"image\/jpeg\" \/>\n<meta name=\"twitter:card\" content=\"summary_large_image\" \/>\n<script type=\"application\/ld+json\" class=\"yoast-schema-graph\">{\"@context\":\"https:\/\/schema.org\",\"@graph\":[{\"@type\":\"WebPage\",\"@id\":\"https:\/\/justbuildit.eu\/en\/pood\/varvid-ja-viimistlusmaterjalid\/tolmutokked-ja-pinnakovendid\/betooni-lisand-betotop-2-25kg\/\",\"url\":\"https:\/\/justbuildit.eu\/en\/pood\/varvid-ja-viimistlusmaterjalid\/tolmutokked-ja-pinnakovendid\/betooni-lisand-betotop-2-25kg\/\",\"name\":\"Betooni lisand Betotop 2 25kg - Ehituslahendused\",\"isPartOf\":{\"@id\":\"https:\/\/justbuildit.eu\/en\/#website\"},\"primaryImageOfPage\":{\"@id\":\"https:\/\/justbuildit.eu\/en\/pood\/varvid-ja-viimistlusmaterjalid\/tolmutokked-ja-pinnakovendid\/betooni-lisand-betotop-2-25kg\/#primaryimage\"},\"image\":{\"@id\":\"https:\/\/justbuildit.eu\/en\/pood\/varvid-ja-viimistlusmaterjalid\/tolmutokked-ja-pinnakovendid\/betooni-lisand-betotop-2-25kg\/#primaryimage\"},\"thumbnailUrl\":\"https:\/\/justbuildit.eu\/wp-content\/uploads\/2023\/12\/108315.jpg\",\"datePublished\":\"2023-12-09T09:11:30+00:00\",\"dateModified\":\"2026-04-11T09:05:18+00:00\",\"description\":\"BETOTOP 2 on kasutusvalmis pulbriline pinnak\u00f5vendi, mis koosneb hoolikalt valitud suure kulumiskindlusega mineraalsetest t\u00e4itematerjalidest ja portlandtsemendist. Antud toodet kasutatakse betoonp\u00f5randate kulumis- ja l\u00f6\u00f6gikindluse t\u00f5stmiseks. Paigaldatakse kuivpuistena v\u00e4rskele betoonile. BETOTOP 2 v\u00f5ib kasutada ka teraskiudbetoonp\u00f5randatel teraskiudude katmiseks.\",\"breadcrumb\":{\"@id\":\"https:\/\/justbuildit.eu\/en\/pood\/varvid-ja-viimistlusmaterjalid\/tolmutokked-ja-pinnakovendid\/betooni-lisand-betotop-2-25kg\/#breadcrumb\"},\"inLanguage\":\"en-US\",\"potentialAction\":[{\"@type\":\"ReadAction\",\"target\":[\"https:\/\/justbuildit.eu\/en\/pood\/varvid-ja-viimistlusmaterjalid\/tolmutokked-ja-pinnakovendid\/betooni-lisand-betotop-2-25kg\/\"]}]},{\"@type\":\"ImageObject\",\"inLanguage\":\"en-US\",\"@id\":\"https:\/\/justbuildit.eu\/en\/pood\/varvid-ja-viimistlusmaterjalid\/tolmutokked-ja-pinnakovendid\/betooni-lisand-betotop-2-25kg\/#primaryimage\",\"url\":\"https:\/\/justbuildit.eu\/wp-content\/uploads\/2023\/12\/108315.jpg\",\"contentUrl\":\"https:\/\/justbuildit.eu\/wp-content\/uploads\/2023\/12\/108315.jpg\",\"width\":709,\"height\":709},{\"@type\":\"BreadcrumbList\",\"@id\":\"https:\/\/justbuildit.eu\/en\/pood\/varvid-ja-viimistlusmaterjalid\/tolmutokked-ja-pinnakovendid\/betooni-lisand-betotop-2-25kg\/#breadcrumb\",\"itemListElement\":[{\"@type\":\"ListItem\",\"position\":1,\"name\":\"Home\",\"item\":\"https:\/\/justbuildit.eu\/en\/\"},{\"@type\":\"ListItem\",\"position\":2,\"name\":\"Shop\",\"item\":\"https:\/\/justbuildit.eu\/en\/building-materials\/\"},{\"@type\":\"ListItem\",\"position\":3,\"name\":\"Betooni lisand Betotop 2 25kg\"}]},{\"@type\":\"WebSite\",\"@id\":\"https:\/\/justbuildit.eu\/en\/#website\",\"url\":\"https:\/\/justbuildit.eu\/en\/\",\"name\":\"Ehituslahendused\",\"description\":\"Ehituslahendused ja materjalid\",\"publisher\":{\"@id\":\"https:\/\/justbuildit.eu\/en\/#organization\"},\"potentialAction\":[{\"@type\":\"SearchAction\",\"target\":{\"@type\":\"EntryPoint\",\"urlTemplate\":\"https:\/\/justbuildit.eu\/en\/?s={search_term_string}\"},\"query-input\":{\"@type\":\"PropertyValueSpecification\",\"valueRequired\":true,\"valueName\":\"search_term_string\"}}],\"inLanguage\":\"en-US\"},{\"@type\":\"Organization\",\"@id\":\"https:\/\/justbuildit.eu\/en\/#organization\",\"name\":\"Just Build It O\u00dc\",\"url\":\"https:\/\/justbuildit.eu\/en\/\",\"logo\":{\"@type\":\"ImageObject\",\"inLanguage\":\"en-US\",\"@id\":\"https:\/\/justbuildit.eu\/en\/#\/schema\/logo\/image\/\",\"url\":\"https:\/\/justbuildit.eu\/wp-content\/uploads\/2022\/01\/justbuildit.png\",\"contentUrl\":\"https:\/\/justbuildit.eu\/wp-content\/uploads\/2022\/01\/justbuildit.png\",\"width\":173,\"height\":77,\"caption\":\"Just Build It O\u00dc\"},\"image\":{\"@id\":\"https:\/\/justbuildit.eu\/en\/#\/schema\/logo\/image\/\"},\"sameAs\":[\"https:\/\/www.facebook.com\/justbuildit.ee\"]}]}<\/script>\n<!-- \/ Yoast SEO Premium plugin. -->","yoast_head_json":{"title":"Betooni lisand Betotop 2 25kg - Ehituslahendused","description":"BETOTOP 2 on kasutusvalmis pulbriline pinnak\u00f5vendi, mis koosneb hoolikalt valitud suure kulumiskindlusega mineraalsetest t\u00e4itematerjalidest ja portlandtsemendist. Antud toodet kasutatakse betoonp\u00f5randate kulumis- ja l\u00f6\u00f6gikindluse t\u00f5stmiseks. Paigaldatakse kuivpuistena v\u00e4rskele betoonile. BETOTOP 2 v\u00f5ib kasutada ka teraskiudbetoonp\u00f5randatel teraskiudude katmiseks.","robots":{"index":"index","follow":"follow","max-snippet":"max-snippet:-1","max-image-preview":"max-image-preview:large","max-video-preview":"max-video-preview:-1"},"canonical":"https:\/\/justbuildit.eu\/en\/pood\/varvid-ja-viimistlusmaterjalid\/tolmutokked-ja-pinnakovendid\/betooni-lisand-betotop-2-25kg\/","og_locale":"en_US","og_type":"article","og_title":"Betooni lisand Betotop 2 25kg","og_description":"BETOTOP 2 on kasutusvalmis pulbriline pinnak\u00f5vendi, mis koosneb hoolikalt valitud suure kulumiskindlusega mineraalsetest t\u00e4itematerjalidest ja portlandtsemendist. Antud toodet kasutatakse betoonp\u00f5randate kulumis- ja l\u00f6\u00f6gikindluse t\u00f5stmiseks. Paigaldatakse kuivpuistena v\u00e4rskele betoonile. BETOTOP 2 v\u00f5ib kasutada ka teraskiudbetoonp\u00f5randatel teraskiudude katmiseks.","og_url":"https:\/\/justbuildit.eu\/en\/pood\/varvid-ja-viimistlusmaterjalid\/tolmutokked-ja-pinnakovendid\/betooni-lisand-betotop-2-25kg\/","og_site_name":"Ehituslahendused","article_publisher":"https:\/\/www.facebook.com\/justbuildit.ee","article_modified_time":"2026-04-11T09:05:18+00:00","og_image":[{"width":709,"height":709,"url":"https:\/\/justbuildit.eu\/wp-content\/uploads\/2023\/12\/108315.jpg","type":"image\/jpeg"}],"twitter_card":"summary_large_image","schema":{"@context":"https:\/\/schema.org","@graph":[{"@type":"WebPage","@id":"https:\/\/justbuildit.eu\/en\/pood\/varvid-ja-viimistlusmaterjalid\/tolmutokked-ja-pinnakovendid\/betooni-lisand-betotop-2-25kg\/","url":"https:\/\/justbuildit.eu\/en\/pood\/varvid-ja-viimistlusmaterjalid\/tolmutokked-ja-pinnakovendid\/betooni-lisand-betotop-2-25kg\/","name":"Betooni lisand Betotop 2 25kg - Ehituslahendused","isPartOf":{"@id":"https:\/\/justbuildit.eu\/en\/#website"},"primaryImageOfPage":{"@id":"https:\/\/justbuildit.eu\/en\/pood\/varvid-ja-viimistlusmaterjalid\/tolmutokked-ja-pinnakovendid\/betooni-lisand-betotop-2-25kg\/#primaryimage"},"image":{"@id":"https:\/\/justbuildit.eu\/en\/pood\/varvid-ja-viimistlusmaterjalid\/tolmutokked-ja-pinnakovendid\/betooni-lisand-betotop-2-25kg\/#primaryimage"},"thumbnailUrl":"https:\/\/justbuildit.eu\/wp-content\/uploads\/2023\/12\/108315.jpg","datePublished":"2023-12-09T09:11:30+00:00","dateModified":"2026-04-11T09:05:18+00:00","description":"BETOTOP 2 on kasutusvalmis pulbriline pinnak\u00f5vendi, mis koosneb hoolikalt valitud suure kulumiskindlusega mineraalsetest t\u00e4itematerjalidest ja portlandtsemendist. Antud toodet kasutatakse betoonp\u00f5randate kulumis- ja l\u00f6\u00f6gikindluse t\u00f5stmiseks. Paigaldatakse kuivpuistena v\u00e4rskele betoonile. BETOTOP 2 v\u00f5ib kasutada ka teraskiudbetoonp\u00f5randatel teraskiudude katmiseks.","breadcrumb":{"@id":"https:\/\/justbuildit.eu\/en\/pood\/varvid-ja-viimistlusmaterjalid\/tolmutokked-ja-pinnakovendid\/betooni-lisand-betotop-2-25kg\/#breadcrumb"},"inLanguage":"en-US","potentialAction":[{"@type":"ReadAction","target":["https:\/\/justbuildit.eu\/en\/pood\/varvid-ja-viimistlusmaterjalid\/tolmutokked-ja-pinnakovendid\/betooni-lisand-betotop-2-25kg\/"]}]},{"@type":"ImageObject","inLanguage":"en-US","@id":"https:\/\/justbuildit.eu\/en\/pood\/varvid-ja-viimistlusmaterjalid\/tolmutokked-ja-pinnakovendid\/betooni-lisand-betotop-2-25kg\/#primaryimage","url":"https:\/\/justbuildit.eu\/wp-content\/uploads\/2023\/12\/108315.jpg","contentUrl":"https:\/\/justbuildit.eu\/wp-content\/uploads\/2023\/12\/108315.jpg","width":709,"height":709},{"@type":"BreadcrumbList","@id":"https:\/\/justbuildit.eu\/en\/pood\/varvid-ja-viimistlusmaterjalid\/tolmutokked-ja-pinnakovendid\/betooni-lisand-betotop-2-25kg\/#breadcrumb","itemListElement":[{"@type":"ListItem","position":1,"name":"Home","item":"https:\/\/justbuildit.eu\/en\/"},{"@type":"ListItem","position":2,"name":"Shop","item":"https:\/\/justbuildit.eu\/en\/building-materials\/"},{"@type":"ListItem","position":3,"name":"Betooni lisand Betotop 2 25kg"}]},{"@type":"WebSite","@id":"https:\/\/justbuildit.eu\/en\/#website","url":"https:\/\/justbuildit.eu\/en\/","name":"Ehituslahendused","description":"Ehituslahendused ja materjalid","publisher":{"@id":"https:\/\/justbuildit.eu\/en\/#organization"},"potentialAction":[{"@type":"SearchAction","target":{"@type":"EntryPoint","urlTemplate":"https:\/\/justbuildit.eu\/en\/?s={search_term_string}"},"query-input":{"@type":"PropertyValueSpecification","valueRequired":true,"valueName":"search_term_string"}}],"inLanguage":"en-US"},{"@type":"Organization","@id":"https:\/\/justbuildit.eu\/en\/#organization","name":"Just Build It O\u00dc","url":"https:\/\/justbuildit.eu\/en\/","logo":{"@type":"ImageObject","inLanguage":"en-US","@id":"https:\/\/justbuildit.eu\/en\/#\/schema\/logo\/image\/","url":"https:\/\/justbuildit.eu\/wp-content\/uploads\/2022\/01\/justbuildit.png","contentUrl":"https:\/\/justbuildit.eu\/wp-content\/uploads\/2022\/01\/justbuildit.png","width":173,"height":77,"caption":"Just Build It O\u00dc"},"image":{"@id":"https:\/\/justbuildit.eu\/en\/#\/schema\/logo\/image\/"},"sameAs":["https:\/\/www.facebook.com\/justbuildit.ee"]}]}},"_links":{"self":[{"href":"https:\/\/justbuildit.eu\/en\/wp-json\/wp\/v2\/product\/382927","targetHints":{"allow":["GET"]}}],"collection":[{"href":"https:\/\/justbuildit.eu\/en\/wp-json\/wp\/v2\/product"}],"about":[{"href":"https:\/\/justbuildit.eu\/en\/wp-json\/wp\/v2\/types\/product"}],"replies":[{"embeddable":true,"href":"https:\/\/justbuildit.eu\/en\/wp-json\/wp\/v2\/comments?post=382927"}],"wp:featuredmedia":[{"embeddable":true,"href":"https:\/\/justbuildit.eu\/en\/wp-json\/wp\/v2\/media\/382928"}],"wp:attachment":[{"href":"https:\/\/justbuildit.eu\/en\/wp-json\/wp\/v2\/media?parent=382927"}],"wp:term":[{"taxonomy":"product_brand","embeddable":true,"href":"https:\/\/justbuildit.eu\/en\/wp-json\/wp\/v2\/product_brand?post=382927"},{"taxonomy":"product_cat","embeddable":true,"href":"https:\/\/justbuildit.eu\/en\/wp-json\/wp\/v2\/product_cat?post=382927"},{"taxonomy":"product_tag","embeddable":true,"href":"https:\/\/justbuildit.eu\/en\/wp-json\/wp\/v2\/product_tag?post=382927"}],"curies":[{"name":"wp","href":"https:\/\/api.w.org\/{rel}","templated":true}]}}