{"id":382942,"date":"2023-12-09T12:34:09","date_gmt":"2023-12-09T09:34:09","guid":{"rendered":"https:\/\/justbuildit.eu\/?post_type=product&#038;p=382942"},"modified":"2026-04-12T12:05:33","modified_gmt":"2026-04-12T09:05:33","slug":"viimistluspahtel-weber-vh-valge-20kg","status":"publish","type":"product","link":"https:\/\/justbuildit.eu\/en\/pood\/pahtlid-krohvisegud\/pahtlid\/viimistluspahtel-weber-vh-valge-20kg\/","title":{"rendered":"VIIMISTLUSPAHTEL WEBER VH VALGE 20KG"},"content":{"rendered":"<div class=\"row\"  id=\"row-711987380\">\n<div id=\"col-905346664\" class=\"col medium-9 small-12 large-9\"  >\n<div class=\"col-inner\"  >\n<p>weber VH Hall on halli v\u00e4rvi niiksus-, k\u00fclma- ja kuumakindel viimistluspahtel seinte ja lagede viimistlemiseks. Pahteldatud pind j\u00e4\u00e4b sile ning seda v\u00f5ib v\u00e4rvida ning tapetseerida. Toode sobib kasutamiseks nii eluruumides kui ka du\u0161iruumides, saunas jm niisketes oludes. weber VH Hall sobib ka k\u00f6etavate pindade (ahjud, pliidid, kaminad, korstnad) pahteldamiseks.<\/p>\n<div class=\"message-box relative\" style=\"padding-top:15px;padding-bottom:15px;\">\n<div class=\"message-box-bg-image bg-fill fill\" ><\/div>\n<div class=\"message-box-bg-overlay bg-fill fill\" ><\/div>\n<div class=\"container relative\">\n<div class=\"inner last-reset\">\n<div class=\"row align-middle align-center\"  id=\"row-1231946245\">\n<div id=\"col-921706866\" class=\"col small-12 large-12\"  >\n<div class=\"col-inner text-left\"  >\n<h4>Omadused<\/h4>\n<div class=\"row\"  id=\"row-1278054040\">\n<div id=\"col-1535032816\" class=\"col medium-6 small-12 large-6\"  >\n<div class=\"col-inner\"  >\n<p><i class=\"fa fa-paint-roller fa-2x\"><\/i> <strong>Kulunorm<\/strong> 1,2 kg\/m\u00b2\/mm<\/p>\n<\/p>\n<\/div>\n<style>\n#col-1535032816 > .col-inner {\n  margin: 10px 0px 15px 0px;\n}\n<\/style>\n<\/p>\n<\/div>\n<div id=\"col-413940306\" class=\"col medium-6 small-12 large-6\"  >\n<div class=\"col-inner\"  >\n<p><i class=\"fa fa-clock-four fa-2x\"><\/i> <strong>Kuivamisaeg<\/strong> 1\u20262 p\u00e4eva<\/p>\n<\/p>\n<\/div>\n<style>\n#col-413940306 > .col-inner {\n  margin: 10px 0px 15px 0px;\n}\n<\/style>\n<\/p>\n<\/div>\n<\/div>\n<div class=\"is-divider divider clearfix\" style=\"margin-top:20px;margin-bottom:20px;max-width:100%;height:2px;background-color:rgb(1, 27, 70);\"><\/div>\n<div class=\"row\"  id=\"row-1947026777\">\n<div id=\"col-473257925\" class=\"col medium-6 small-12 large-6\"  >\n<div class=\"col-inner\"  >\n<p><i class=\"fa fa-check fa-2x\"><\/i> <strong>Tagab sileda pinna v\u00e4rvimiseks ja tapetseerimiseks<\/strong><\/p>\n<p><i class=\"fa fa-check fa-2x\"><\/i> <strong>Niiskuskindel<\/strong><\/p>\n<\/p>\n<\/div>\n<style>\n#col-473257925 > .col-inner {\n  margin: 10px 0px 15px 0px;\n}\n<\/style>\n<\/p>\n<\/div>\n<div id=\"col-68907242\" class=\"col medium-6 small-12 large-6\"  >\n<div class=\"col-inner\"  >\n<p><i class=\"fa fa-check fa-2x\"><\/i> <strong>K\u00fclmakindel<\/strong><\/p>\n<p><i class=\"fa fa-check fa-2x\"><\/i> <strong>Kuumakindel<\/strong><\/p>\n<\/p>\n<\/div>\n<style>\n#col-68907242 > .col-inner {\n  margin: 10px 0px 15px 0px;\n}\n<\/style>\n<\/p>\n<\/div>\n<\/div>\n<\/div>\n<\/div>\n<\/div>\n<\/div>\n<\/div>\n<\/div>\n<div id=\"gap-1940822033\" class=\"gap-element clearfix\" style=\"display:block; height:auto;\">\n<style>\n#gap-1940822033 {\n  padding-top: 30px;\n}\n<\/style>\n<\/p>\n<\/div>\n<p><strong>Kasutamine:<\/strong> Seinte ja lagede viimistluspahtel kuivades, niisketes ja m\u00e4rgades ruumides.<\/p>\n<\/p>\n<\/div>\n<\/div>\n<div id=\"col-1904467218\" class=\"col medium-3 small-12 large-3\"  >\n<div class=\"col-inner\"  >\n<h3>Ohutuskaart<\/h3>\n<p><a href=\"https:\/\/espak.ee\/epood\/wp-content\/uploads\/2020\/09\/SDSXXP01015048_-_2_-_weber_VH_Hall_-_EE.pdf\"target=\"_blank\" rel=\"noopener noreferrer\"><i class=\"far fa-file-pdf\"><\/i> Ohutuskaart (PDF)<\/a><\/p>\n<h3>Tooteleht<\/h3>\n<p><a href=\"https:\/\/espak.ee\/epood\/wp-content\/uploads\/2020\/09\/weber-VH-Hall.pdf\"target=\"_blank\" rel=\"noopener noreferrer\"><i class=\"far fa-file-pdf\"><\/i> Tooteleht (PDF)<\/a><\/p>\n<h3>DoP<\/h3>\n<p><a href=\"https:\/\/espak.ee\/epood\/wp-content\/uploads\/2020\/09\/weber_VH.pdf\"target=\"_blank\" rel=\"noopener noreferrer\"><i class=\"far fa-file-pdf\"><\/i> Dop (PDF)<\/a><\/p>\n<p><strong>\u00dcksikasjalikuma n\u00f5u saamiseks v\u00f5tke \u00fchendust:<br \/><\/strong>SAINT-GOBAIN EESTI AS, Peterburi tee 75, 11415 Tallinn, Telefon: +372 6209 510<\/p>\n<\/p>\n<\/div>\n<\/div>\n<\/div>\n","protected":false},"excerpt":{"rendered":"<p>weber VH Hall on halli v\u00e4rvi niiksus-, k\u00fclma- ja kuumakindel viimistluspahtel seinte ja lagede viimistlemiseks. Pahteldatud pind j\u00e4\u00e4b sile ning seda v\u00f5ib v\u00e4rvida ning tapetseerida. Toode sobib kasutamiseks nii eluruumides kui ka du\u0161iruumides, saunas jm niisketes oludes. weber VH Hall sobib ka k\u00f6etavate pindade (ahjud, pliidid, kaminad, korstnad) pahteldamiseks.<\/p>","protected":false},"featured_media":648643,"comment_status":"open","ping_status":"closed","template":"","meta":{"_acf_changed":false},"product_brand":[],"product_cat":[93,90,91,498],"product_tag":[],"class_list":{"0":"post-382942","1":"product","2":"type-product","3":"status-publish","4":"has-post-thumbnail","6":"product_cat-pahtlid","7":"product_cat-pahtel","8":"product_cat-pahtlid-krohvisegud","9":"product_cat-espak","11":"first","12":"instock","13":"sale","14":"shipping-taxable","15":"purchasable","16":"product-type-simple"},"acf":[],"yoast_head":"<!-- This site is optimized with the Yoast SEO Premium plugin v18.7 (Yoast SEO v26.5) - https:\/\/yoast.com\/wordpress\/plugins\/seo\/ -->\n<title>VIIMISTLUSPAHTEL WEBER VH VALGE 20KG - Ehituslahendused<\/title>\n<meta name=\"description\" content=\"weber VH Hall on valget v\u00e4rvi niiksus-, k\u00fclma- ja kuumakindel viimistluspahtel seinte ja lagede viimistlemiseks. Pahteldatud pind j\u00e4\u00e4b sile ning seda v\u00f5ib v\u00e4rvida ning tapetseerida. Toode sobib kasutamiseks nii eluruumides kui ka du\u0161iruumides, saunas jm niisketes oludes. weber VH Hall sobib ka k\u00f6etavate pindade (ahjud, pliidid, kaminad, korstnad) pahteldamiseks.\" \/>\n<meta name=\"robots\" content=\"index, follow, max-snippet:-1, max-image-preview:large, max-video-preview:-1\" \/>\n<link rel=\"canonical\" href=\"https:\/\/justbuildit.eu\/en\/pood\/pahtlid-krohvisegud\/pahtlid\/viimistluspahtel-weber-vh-valge-20kg\/\" \/>\n<meta property=\"og:locale\" content=\"en_US\" \/>\n<meta property=\"og:type\" content=\"article\" \/>\n<meta property=\"og:title\" content=\"VIIMISTLUSPAHTEL WEBER VH VALGE 20KG\" \/>\n<meta property=\"og:description\" content=\"weber VH Hall on valget v\u00e4rvi niiksus-, k\u00fclma- ja kuumakindel viimistluspahtel seinte ja lagede viimistlemiseks. Pahteldatud pind j\u00e4\u00e4b sile ning seda v\u00f5ib v\u00e4rvida ning tapetseerida. Toode sobib kasutamiseks nii eluruumides kui ka du\u0161iruumides, saunas jm niisketes oludes. weber VH Hall sobib ka k\u00f6etavate pindade (ahjud, pliidid, kaminad, korstnad) pahteldamiseks.\" \/>\n<meta property=\"og:url\" content=\"https:\/\/justbuildit.eu\/en\/pood\/pahtlid-krohvisegud\/pahtlid\/viimistluspahtel-weber-vh-valge-20kg\/\" \/>\n<meta property=\"og:site_name\" content=\"Ehituslahendused\" \/>\n<meta property=\"article:publisher\" content=\"https:\/\/www.facebook.com\/justbuildit.ee\" \/>\n<meta property=\"article:modified_time\" content=\"2026-04-12T09:05:33+00:00\" \/>\n<meta property=\"og:image\" content=\"https:\/\/justbuildit.eu\/wp-content\/uploads\/2023\/12\/1011520-scaled-1.jpg\" \/>\n\t<meta property=\"og:image:width\" content=\"2048\" \/>\n\t<meta property=\"og:image:height\" content=\"2048\" \/>\n\t<meta property=\"og:image:type\" content=\"image\/jpeg\" \/>\n<meta name=\"twitter:card\" content=\"summary_large_image\" \/>\n<script type=\"application\/ld+json\" class=\"yoast-schema-graph\">{\"@context\":\"https:\/\/schema.org\",\"@graph\":[{\"@type\":\"WebPage\",\"@id\":\"https:\/\/justbuildit.eu\/en\/pood\/pahtlid-krohvisegud\/pahtlid\/viimistluspahtel-weber-vh-valge-20kg\/\",\"url\":\"https:\/\/justbuildit.eu\/en\/pood\/pahtlid-krohvisegud\/pahtlid\/viimistluspahtel-weber-vh-valge-20kg\/\",\"name\":\"VIIMISTLUSPAHTEL WEBER VH VALGE 20KG - Ehituslahendused\",\"isPartOf\":{\"@id\":\"https:\/\/justbuildit.eu\/en\/#website\"},\"primaryImageOfPage\":{\"@id\":\"https:\/\/justbuildit.eu\/en\/pood\/pahtlid-krohvisegud\/pahtlid\/viimistluspahtel-weber-vh-valge-20kg\/#primaryimage\"},\"image\":{\"@id\":\"https:\/\/justbuildit.eu\/en\/pood\/pahtlid-krohvisegud\/pahtlid\/viimistluspahtel-weber-vh-valge-20kg\/#primaryimage\"},\"thumbnailUrl\":\"https:\/\/justbuildit.eu\/wp-content\/uploads\/2023\/12\/1011520-scaled-2.jpg\",\"datePublished\":\"2023-12-09T09:34:09+00:00\",\"dateModified\":\"2026-04-12T09:05:33+00:00\",\"description\":\"weber VH Hall on valget v\u00e4rvi niiksus-, k\u00fclma- ja kuumakindel viimistluspahtel seinte ja lagede viimistlemiseks. Pahteldatud pind j\u00e4\u00e4b sile ning seda v\u00f5ib v\u00e4rvida ning tapetseerida. Toode sobib kasutamiseks nii eluruumides kui ka du\u0161iruumides, saunas jm niisketes oludes. weber VH Hall sobib ka k\u00f6etavate pindade (ahjud, pliidid, kaminad, korstnad) pahteldamiseks.\",\"breadcrumb\":{\"@id\":\"https:\/\/justbuildit.eu\/en\/pood\/pahtlid-krohvisegud\/pahtlid\/viimistluspahtel-weber-vh-valge-20kg\/#breadcrumb\"},\"inLanguage\":\"en-US\",\"potentialAction\":[{\"@type\":\"ReadAction\",\"target\":[\"https:\/\/justbuildit.eu\/en\/pood\/pahtlid-krohvisegud\/pahtlid\/viimistluspahtel-weber-vh-valge-20kg\/\"]}]},{\"@type\":\"ImageObject\",\"inLanguage\":\"en-US\",\"@id\":\"https:\/\/justbuildit.eu\/en\/pood\/pahtlid-krohvisegud\/pahtlid\/viimistluspahtel-weber-vh-valge-20kg\/#primaryimage\",\"url\":\"https:\/\/justbuildit.eu\/wp-content\/uploads\/2023\/12\/1011520-scaled-2.jpg\",\"contentUrl\":\"https:\/\/justbuildit.eu\/wp-content\/uploads\/2023\/12\/1011520-scaled-2.jpg\",\"width\":2048,\"height\":2048},{\"@type\":\"BreadcrumbList\",\"@id\":\"https:\/\/justbuildit.eu\/en\/pood\/pahtlid-krohvisegud\/pahtlid\/viimistluspahtel-weber-vh-valge-20kg\/#breadcrumb\",\"itemListElement\":[{\"@type\":\"ListItem\",\"position\":1,\"name\":\"Home\",\"item\":\"https:\/\/justbuildit.eu\/en\/\"},{\"@type\":\"ListItem\",\"position\":2,\"name\":\"Shop\",\"item\":\"https:\/\/justbuildit.eu\/en\/building-materials\/\"},{\"@type\":\"ListItem\",\"position\":3,\"name\":\"VIIMISTLUSPAHTEL WEBER VH VALGE 20KG\"}]},{\"@type\":\"WebSite\",\"@id\":\"https:\/\/justbuildit.eu\/en\/#website\",\"url\":\"https:\/\/justbuildit.eu\/en\/\",\"name\":\"Ehituslahendused\",\"description\":\"Ehituslahendused ja materjalid\",\"publisher\":{\"@id\":\"https:\/\/justbuildit.eu\/en\/#organization\"},\"potentialAction\":[{\"@type\":\"SearchAction\",\"target\":{\"@type\":\"EntryPoint\",\"urlTemplate\":\"https:\/\/justbuildit.eu\/en\/?s={search_term_string}\"},\"query-input\":{\"@type\":\"PropertyValueSpecification\",\"valueRequired\":true,\"valueName\":\"search_term_string\"}}],\"inLanguage\":\"en-US\"},{\"@type\":\"Organization\",\"@id\":\"https:\/\/justbuildit.eu\/en\/#organization\",\"name\":\"Just Build It O\u00dc\",\"url\":\"https:\/\/justbuildit.eu\/en\/\",\"logo\":{\"@type\":\"ImageObject\",\"inLanguage\":\"en-US\",\"@id\":\"https:\/\/justbuildit.eu\/en\/#\/schema\/logo\/image\/\",\"url\":\"https:\/\/justbuildit.eu\/wp-content\/uploads\/2022\/01\/justbuildit.png\",\"contentUrl\":\"https:\/\/justbuildit.eu\/wp-content\/uploads\/2022\/01\/justbuildit.png\",\"width\":173,\"height\":77,\"caption\":\"Just Build It O\u00dc\"},\"image\":{\"@id\":\"https:\/\/justbuildit.eu\/en\/#\/schema\/logo\/image\/\"},\"sameAs\":[\"https:\/\/www.facebook.com\/justbuildit.ee\"]}]}<\/script>\n<!-- \/ Yoast SEO Premium plugin. -->","yoast_head_json":{"title":"VIIMISTLUSPAHTEL WEBER VH VALGE 20KG - Ehituslahendused","description":"weber VH Hall on valget v\u00e4rvi niiksus-, k\u00fclma- ja kuumakindel viimistluspahtel seinte ja lagede viimistlemiseks. Pahteldatud pind j\u00e4\u00e4b sile ning seda v\u00f5ib v\u00e4rvida ning tapetseerida. Toode sobib kasutamiseks nii eluruumides kui ka du\u0161iruumides, saunas jm niisketes oludes. weber VH Hall sobib ka k\u00f6etavate pindade (ahjud, pliidid, kaminad, korstnad) pahteldamiseks.","robots":{"index":"index","follow":"follow","max-snippet":"max-snippet:-1","max-image-preview":"max-image-preview:large","max-video-preview":"max-video-preview:-1"},"canonical":"https:\/\/justbuildit.eu\/en\/pood\/pahtlid-krohvisegud\/pahtlid\/viimistluspahtel-weber-vh-valge-20kg\/","og_locale":"en_US","og_type":"article","og_title":"VIIMISTLUSPAHTEL WEBER VH VALGE 20KG","og_description":"weber VH Hall on valget v\u00e4rvi niiksus-, k\u00fclma- ja kuumakindel viimistluspahtel seinte ja lagede viimistlemiseks. Pahteldatud pind j\u00e4\u00e4b sile ning seda v\u00f5ib v\u00e4rvida ning tapetseerida. Toode sobib kasutamiseks nii eluruumides kui ka du\u0161iruumides, saunas jm niisketes oludes. weber VH Hall sobib ka k\u00f6etavate pindade (ahjud, pliidid, kaminad, korstnad) pahteldamiseks.","og_url":"https:\/\/justbuildit.eu\/en\/pood\/pahtlid-krohvisegud\/pahtlid\/viimistluspahtel-weber-vh-valge-20kg\/","og_site_name":"Ehituslahendused","article_publisher":"https:\/\/www.facebook.com\/justbuildit.ee","article_modified_time":"2026-04-12T09:05:33+00:00","og_image":[{"width":2048,"height":2048,"url":"https:\/\/justbuildit.eu\/wp-content\/uploads\/2023\/12\/1011520-scaled-1.jpg","type":"image\/jpeg"}],"twitter_card":"summary_large_image","schema":{"@context":"https:\/\/schema.org","@graph":[{"@type":"WebPage","@id":"https:\/\/justbuildit.eu\/en\/pood\/pahtlid-krohvisegud\/pahtlid\/viimistluspahtel-weber-vh-valge-20kg\/","url":"https:\/\/justbuildit.eu\/en\/pood\/pahtlid-krohvisegud\/pahtlid\/viimistluspahtel-weber-vh-valge-20kg\/","name":"VIIMISTLUSPAHTEL WEBER VH VALGE 20KG - Ehituslahendused","isPartOf":{"@id":"https:\/\/justbuildit.eu\/en\/#website"},"primaryImageOfPage":{"@id":"https:\/\/justbuildit.eu\/en\/pood\/pahtlid-krohvisegud\/pahtlid\/viimistluspahtel-weber-vh-valge-20kg\/#primaryimage"},"image":{"@id":"https:\/\/justbuildit.eu\/en\/pood\/pahtlid-krohvisegud\/pahtlid\/viimistluspahtel-weber-vh-valge-20kg\/#primaryimage"},"thumbnailUrl":"https:\/\/justbuildit.eu\/wp-content\/uploads\/2023\/12\/1011520-scaled-2.jpg","datePublished":"2023-12-09T09:34:09+00:00","dateModified":"2026-04-12T09:05:33+00:00","description":"weber VH Hall on valget v\u00e4rvi niiksus-, k\u00fclma- ja kuumakindel viimistluspahtel seinte ja lagede viimistlemiseks. Pahteldatud pind j\u00e4\u00e4b sile ning seda v\u00f5ib v\u00e4rvida ning tapetseerida. Toode sobib kasutamiseks nii eluruumides kui ka du\u0161iruumides, saunas jm niisketes oludes. weber VH Hall sobib ka k\u00f6etavate pindade (ahjud, pliidid, kaminad, korstnad) pahteldamiseks.","breadcrumb":{"@id":"https:\/\/justbuildit.eu\/en\/pood\/pahtlid-krohvisegud\/pahtlid\/viimistluspahtel-weber-vh-valge-20kg\/#breadcrumb"},"inLanguage":"en-US","potentialAction":[{"@type":"ReadAction","target":["https:\/\/justbuildit.eu\/en\/pood\/pahtlid-krohvisegud\/pahtlid\/viimistluspahtel-weber-vh-valge-20kg\/"]}]},{"@type":"ImageObject","inLanguage":"en-US","@id":"https:\/\/justbuildit.eu\/en\/pood\/pahtlid-krohvisegud\/pahtlid\/viimistluspahtel-weber-vh-valge-20kg\/#primaryimage","url":"https:\/\/justbuildit.eu\/wp-content\/uploads\/2023\/12\/1011520-scaled-2.jpg","contentUrl":"https:\/\/justbuildit.eu\/wp-content\/uploads\/2023\/12\/1011520-scaled-2.jpg","width":2048,"height":2048},{"@type":"BreadcrumbList","@id":"https:\/\/justbuildit.eu\/en\/pood\/pahtlid-krohvisegud\/pahtlid\/viimistluspahtel-weber-vh-valge-20kg\/#breadcrumb","itemListElement":[{"@type":"ListItem","position":1,"name":"Home","item":"https:\/\/justbuildit.eu\/en\/"},{"@type":"ListItem","position":2,"name":"Shop","item":"https:\/\/justbuildit.eu\/en\/building-materials\/"},{"@type":"ListItem","position":3,"name":"VIIMISTLUSPAHTEL WEBER VH VALGE 20KG"}]},{"@type":"WebSite","@id":"https:\/\/justbuildit.eu\/en\/#website","url":"https:\/\/justbuildit.eu\/en\/","name":"Ehituslahendused","description":"Ehituslahendused ja materjalid","publisher":{"@id":"https:\/\/justbuildit.eu\/en\/#organization"},"potentialAction":[{"@type":"SearchAction","target":{"@type":"EntryPoint","urlTemplate":"https:\/\/justbuildit.eu\/en\/?s={search_term_string}"},"query-input":{"@type":"PropertyValueSpecification","valueRequired":true,"valueName":"search_term_string"}}],"inLanguage":"en-US"},{"@type":"Organization","@id":"https:\/\/justbuildit.eu\/en\/#organization","name":"Just Build It O\u00dc","url":"https:\/\/justbuildit.eu\/en\/","logo":{"@type":"ImageObject","inLanguage":"en-US","@id":"https:\/\/justbuildit.eu\/en\/#\/schema\/logo\/image\/","url":"https:\/\/justbuildit.eu\/wp-content\/uploads\/2022\/01\/justbuildit.png","contentUrl":"https:\/\/justbuildit.eu\/wp-content\/uploads\/2022\/01\/justbuildit.png","width":173,"height":77,"caption":"Just Build It O\u00dc"},"image":{"@id":"https:\/\/justbuildit.eu\/en\/#\/schema\/logo\/image\/"},"sameAs":["https:\/\/www.facebook.com\/justbuildit.ee"]}]}},"_links":{"self":[{"href":"https:\/\/justbuildit.eu\/en\/wp-json\/wp\/v2\/product\/382942","targetHints":{"allow":["GET"]}}],"collection":[{"href":"https:\/\/justbuildit.eu\/en\/wp-json\/wp\/v2\/product"}],"about":[{"href":"https:\/\/justbuildit.eu\/en\/wp-json\/wp\/v2\/types\/product"}],"replies":[{"embeddable":true,"href":"https:\/\/justbuildit.eu\/en\/wp-json\/wp\/v2\/comments?post=382942"}],"wp:featuredmedia":[{"embeddable":true,"href":"https:\/\/justbuildit.eu\/en\/wp-json\/wp\/v2\/media\/648643"}],"wp:attachment":[{"href":"https:\/\/justbuildit.eu\/en\/wp-json\/wp\/v2\/media?parent=382942"}],"wp:term":[{"taxonomy":"product_brand","embeddable":true,"href":"https:\/\/justbuildit.eu\/en\/wp-json\/wp\/v2\/product_brand?post=382942"},{"taxonomy":"product_cat","embeddable":true,"href":"https:\/\/justbuildit.eu\/en\/wp-json\/wp\/v2\/product_cat?post=382942"},{"taxonomy":"product_tag","embeddable":true,"href":"https:\/\/justbuildit.eu\/en\/wp-json\/wp\/v2\/product_tag?post=382942"}],"curies":[{"name":"wp","href":"https:\/\/api.w.org\/{rel}","templated":true}]}}