{"id":383339,"date":"2023-12-10T10:14:24","date_gmt":"2023-12-10T07:14:24","guid":{"rendered":"https:\/\/justbuildit.eu\/?post_type=product&#038;p=383339"},"modified":"2026-04-11T12:05:15","modified_gmt":"2026-04-11T09:05:15","slug":"nurgatugevduslint-kiilto-02m25m","status":"publish","type":"product","link":"https:\/\/justbuildit.eu\/en\/pood\/isolatsioonimaterjalid\/membraanid\/nurgatugevduslint-kiilto-02m25m\/","title":{"rendered":"NURGATUGEVDUSLINT KIILTO 0,2M*25M"},"content":{"rendered":"<div class=\"row\"  id=\"row-1784304407\">\n<div id=\"col-2124884604\" class=\"col medium-9 small-12 large-9\"  >\n<div class=\"col-inner\"  >\n<h2>Kiilto nurgatugevduslint<\/h2>\n<p>Kiudlint nurkade tugevdamiseks ja tihendamiseks. Kasutatakse koos Kiilto h\u00fcdroisolatsioonimastiksiga.<\/p>\n<div id=\"gap-14583424\" class=\"gap-element clearfix\" style=\"display:block; height:auto;\">\n<style>\n#gap-14583424 {\n  padding-top: 30px;\n}\n<\/style>\n<\/p>\n<\/div>\n<h3>Kasutamise \u00fcksikasjad<\/h3>\n<p><strong>Kasutusalad:<\/strong> Nurkade, liitekohtade ja materjalide \u00fchenduskohtade tihendamiseks. Kasutatakse koos Kiilto veet\u00f5kkemembraaniga.<\/p>\n<p><strong>Kasutusjuhis:<\/strong> Seinad:Vajadusel lihvige ja\/v\u00f5i tasandage eba\u00fchtlane aluspind tsementi sisaldava Kiilto seinatasandusseguga. Kuivad seinapinnad tuleb enne Kiilto Keraprimer veet\u00f5kke pealekandmist kruntida vastavalt juhistele. H\u00fcdroisolatsioonimastiksit tuleb alati enne kasutamist segada. Kiilto h\u00fcdroisolatsioonimastiks tuleb kanda seinte vertikaalnurkadesse, kruvipeadele, ehitusplaatidele ning muudele aluspinna materjalide \u00fchendus- ja liitekohtadele. Seej\u00e4rel paigaldada Kiilto nurgatugevduslint (laius nurkades 10 cm \/ 20 cm ja liitekohtades 10 cm), suru lint v\u00e4rske h\u00fcdroisolatsioonimastiksi sisse ja kontrolli, et see on l\u00e4binisti m\u00e4rg. P\u00f5randad:Vajadusel lihvige ja\/v\u00f5i tasandage eba\u00fchtlane aluspind Kiilto tasandusseguga. Kuivad p\u00f5randapinnad tuleb enne Kiilto Keraprimer veet\u00f5kke pealekandmist kruntida vastavalt juhistele.H\u00fcdroisolatsioonimastiksit tuleb alati enne kasutamist segada. Seej\u00e4rel paigaldada Kiilto Kerafiber horisontaalnurkadesse ja torude l\u00e4biviikudesse, suruda Kiilto nurgatugevduslint v\u00e4rske h\u00fcdroisolatsioonimastiksi sisse ja kontrollida, et see on l\u00e4binisti m\u00e4rg.<\/p>\n<p><strong>Keskkond ja ohutus:<\/strong> V\u00e4ltige kuivamata toote kokkupuudet nahaga, kasutage kaitsekindaid. Tutvuge tooteohutuskaardiga.<\/p>\n<\/p>\n<\/div>\n<\/div>\n<div id=\"col-677880648\" class=\"col medium-3 small-12 large-3\"  >\n<div class=\"col-inner\"  >\n<div id=\"gap-1380813247\" class=\"gap-element clearfix\" style=\"display:block; height:auto;\">\n<style>\n#gap-1380813247 {\n  padding-top: 30px;\n}\n<\/style>\n<\/p>\n<\/div>\n<h3>Tehniline informatsioon<\/h3>\n<p><a href=\"https:\/\/espak.ee\/epood\/wp-content\/uploads\/nurgatug.lint-tooteleht.pdf\" target=\"_blank\" rel=\"noopener noreferrer\"><i class=\"far fa-file-pdf\"><\/i> Tehniline info (PDF)<\/a><\/p>\n<h3>Ohutusalane teave<\/h3>\n<p><a href=\"https:\/\/espak.ee\/epood\/wp-content\/uploads\/nurgatug.lint-ohutuskaart.pdf\" target=\"_blank\" rel=\"noopener noreferrer\"><i class=\"far fa-file-pdf\"><\/i> Ohutusalane teave (PDF)<\/a><\/p>\n<div class=\"is-divider divider clearfix\" ><\/div>\n<p><strong>\u00dcksikasjalikuma n\u00f5u saamiseks v\u00f5tke \u00fchendust:<br \/><\/strong>Kiilto Eesti O\u00dc<br \/>L\u00e4ike tee 4<br \/>75312<br \/>Rae vald<br \/>(+372) 60 31 900<\/p>\n<div class=\"is-divider divider clearfix\" ><\/div>\n<\/p>\n<\/div>\n<\/div>\n<\/div>\n","protected":false},"excerpt":{"rendered":"<p>Kiudlint nurkade tugevdamiseks ja tihendamiseks. Kasutatakse koos Kiilto h\u00fcdroisolatsioonimastiksiga.<\/p>","protected":false},"featured_media":383340,"comment_status":"open","ping_status":"closed","template":"","meta":{"_acf_changed":false},"product_brand":[],"product_cat":[64,68,498],"product_tag":[],"class_list":{"0":"post-383339","1":"product","2":"type-product","3":"status-publish","4":"has-post-thumbnail","6":"product_cat-veetokked","7":"product_cat-membraanid","8":"product_cat-espak","10":"first","11":"instock","12":"sale","13":"shipping-taxable","14":"purchasable","15":"product-type-simple"},"acf":[],"yoast_head":"<!-- This site is optimized with the Yoast SEO Premium plugin v18.7 (Yoast SEO v26.5) - https:\/\/yoast.com\/wordpress\/plugins\/seo\/ -->\n<title>NURGATUGEVDUSLINT KIILTO 0,2M*25M - Ehituslahendused<\/title>\n<meta name=\"robots\" content=\"index, follow, max-snippet:-1, max-image-preview:large, max-video-preview:-1\" \/>\n<link rel=\"canonical\" href=\"https:\/\/justbuildit.eu\/en\/pood\/isolatsioonimaterjalid\/membraanid\/nurgatugevduslint-kiilto-02m25m\/\" \/>\n<meta property=\"og:locale\" content=\"en_US\" \/>\n<meta property=\"og:type\" content=\"article\" \/>\n<meta property=\"og:title\" content=\"NURGATUGEVDUSLINT KIILTO 0,2M*25M\" \/>\n<meta property=\"og:description\" content=\"Kiudlint nurkade tugevdamiseks ja tihendamiseks. Kasutatakse koos Kiilto h\u00fcdroisolatsioonimastiksiga.\" \/>\n<meta property=\"og:url\" content=\"https:\/\/justbuildit.eu\/en\/pood\/isolatsioonimaterjalid\/membraanid\/nurgatugevduslint-kiilto-02m25m\/\" \/>\n<meta property=\"og:site_name\" content=\"Ehituslahendused\" \/>\n<meta property=\"article:publisher\" content=\"https:\/\/www.facebook.com\/justbuildit.ee\" \/>\n<meta property=\"article:modified_time\" content=\"2026-04-11T09:05:15+00:00\" \/>\n<meta property=\"og:image\" content=\"https:\/\/justbuildit.eu\/wp-content\/uploads\/2023\/12\/nurgatug.lint_.png\" \/>\n\t<meta property=\"og:image:width\" content=\"800\" \/>\n\t<meta property=\"og:image:height\" content=\"800\" \/>\n\t<meta property=\"og:image:type\" content=\"image\/png\" \/>\n<meta name=\"twitter:card\" content=\"summary_large_image\" \/>\n<script type=\"application\/ld+json\" class=\"yoast-schema-graph\">{\"@context\":\"https:\/\/schema.org\",\"@graph\":[{\"@type\":\"WebPage\",\"@id\":\"https:\/\/justbuildit.eu\/en\/pood\/isolatsioonimaterjalid\/membraanid\/nurgatugevduslint-kiilto-02m25m\/\",\"url\":\"https:\/\/justbuildit.eu\/en\/pood\/isolatsioonimaterjalid\/membraanid\/nurgatugevduslint-kiilto-02m25m\/\",\"name\":\"NURGATUGEVDUSLINT KIILTO 0,2M*25M - Ehituslahendused\",\"isPartOf\":{\"@id\":\"https:\/\/justbuildit.eu\/en\/#website\"},\"primaryImageOfPage\":{\"@id\":\"https:\/\/justbuildit.eu\/en\/pood\/isolatsioonimaterjalid\/membraanid\/nurgatugevduslint-kiilto-02m25m\/#primaryimage\"},\"image\":{\"@id\":\"https:\/\/justbuildit.eu\/en\/pood\/isolatsioonimaterjalid\/membraanid\/nurgatugevduslint-kiilto-02m25m\/#primaryimage\"},\"thumbnailUrl\":\"https:\/\/justbuildit.eu\/wp-content\/uploads\/2023\/12\/nurgatug.lint_.png\",\"datePublished\":\"2023-12-10T07:14:24+00:00\",\"dateModified\":\"2026-04-11T09:05:15+00:00\",\"breadcrumb\":{\"@id\":\"https:\/\/justbuildit.eu\/en\/pood\/isolatsioonimaterjalid\/membraanid\/nurgatugevduslint-kiilto-02m25m\/#breadcrumb\"},\"inLanguage\":\"en-US\",\"potentialAction\":[{\"@type\":\"ReadAction\",\"target\":[\"https:\/\/justbuildit.eu\/en\/pood\/isolatsioonimaterjalid\/membraanid\/nurgatugevduslint-kiilto-02m25m\/\"]}]},{\"@type\":\"ImageObject\",\"inLanguage\":\"en-US\",\"@id\":\"https:\/\/justbuildit.eu\/en\/pood\/isolatsioonimaterjalid\/membraanid\/nurgatugevduslint-kiilto-02m25m\/#primaryimage\",\"url\":\"https:\/\/justbuildit.eu\/wp-content\/uploads\/2023\/12\/nurgatug.lint_.png\",\"contentUrl\":\"https:\/\/justbuildit.eu\/wp-content\/uploads\/2023\/12\/nurgatug.lint_.png\",\"width\":800,\"height\":800},{\"@type\":\"BreadcrumbList\",\"@id\":\"https:\/\/justbuildit.eu\/en\/pood\/isolatsioonimaterjalid\/membraanid\/nurgatugevduslint-kiilto-02m25m\/#breadcrumb\",\"itemListElement\":[{\"@type\":\"ListItem\",\"position\":1,\"name\":\"Home\",\"item\":\"https:\/\/justbuildit.eu\/en\/\"},{\"@type\":\"ListItem\",\"position\":2,\"name\":\"Shop\",\"item\":\"https:\/\/justbuildit.eu\/en\/building-materials\/\"},{\"@type\":\"ListItem\",\"position\":3,\"name\":\"NURGATUGEVDUSLINT KIILTO 0,2M*25M\"}]},{\"@type\":\"WebSite\",\"@id\":\"https:\/\/justbuildit.eu\/en\/#website\",\"url\":\"https:\/\/justbuildit.eu\/en\/\",\"name\":\"Ehituslahendused\",\"description\":\"Ehituslahendused ja materjalid\",\"publisher\":{\"@id\":\"https:\/\/justbuildit.eu\/en\/#organization\"},\"potentialAction\":[{\"@type\":\"SearchAction\",\"target\":{\"@type\":\"EntryPoint\",\"urlTemplate\":\"https:\/\/justbuildit.eu\/en\/?s={search_term_string}\"},\"query-input\":{\"@type\":\"PropertyValueSpecification\",\"valueRequired\":true,\"valueName\":\"search_term_string\"}}],\"inLanguage\":\"en-US\"},{\"@type\":\"Organization\",\"@id\":\"https:\/\/justbuildit.eu\/en\/#organization\",\"name\":\"Just Build It O\u00dc\",\"url\":\"https:\/\/justbuildit.eu\/en\/\",\"logo\":{\"@type\":\"ImageObject\",\"inLanguage\":\"en-US\",\"@id\":\"https:\/\/justbuildit.eu\/en\/#\/schema\/logo\/image\/\",\"url\":\"https:\/\/justbuildit.eu\/wp-content\/uploads\/2022\/01\/justbuildit.png\",\"contentUrl\":\"https:\/\/justbuildit.eu\/wp-content\/uploads\/2022\/01\/justbuildit.png\",\"width\":173,\"height\":77,\"caption\":\"Just Build It O\u00dc\"},\"image\":{\"@id\":\"https:\/\/justbuildit.eu\/en\/#\/schema\/logo\/image\/\"},\"sameAs\":[\"https:\/\/www.facebook.com\/justbuildit.ee\"]}]}<\/script>\n<!-- \/ Yoast SEO Premium plugin. -->","yoast_head_json":{"title":"NURGATUGEVDUSLINT KIILTO 0,2M*25M - Ehituslahendused","robots":{"index":"index","follow":"follow","max-snippet":"max-snippet:-1","max-image-preview":"max-image-preview:large","max-video-preview":"max-video-preview:-1"},"canonical":"https:\/\/justbuildit.eu\/en\/pood\/isolatsioonimaterjalid\/membraanid\/nurgatugevduslint-kiilto-02m25m\/","og_locale":"en_US","og_type":"article","og_title":"NURGATUGEVDUSLINT KIILTO 0,2M*25M","og_description":"Kiudlint nurkade tugevdamiseks ja tihendamiseks. Kasutatakse koos Kiilto h\u00fcdroisolatsioonimastiksiga.","og_url":"https:\/\/justbuildit.eu\/en\/pood\/isolatsioonimaterjalid\/membraanid\/nurgatugevduslint-kiilto-02m25m\/","og_site_name":"Ehituslahendused","article_publisher":"https:\/\/www.facebook.com\/justbuildit.ee","article_modified_time":"2026-04-11T09:05:15+00:00","og_image":[{"width":800,"height":800,"url":"https:\/\/justbuildit.eu\/wp-content\/uploads\/2023\/12\/nurgatug.lint_.png","type":"image\/png"}],"twitter_card":"summary_large_image","schema":{"@context":"https:\/\/schema.org","@graph":[{"@type":"WebPage","@id":"https:\/\/justbuildit.eu\/en\/pood\/isolatsioonimaterjalid\/membraanid\/nurgatugevduslint-kiilto-02m25m\/","url":"https:\/\/justbuildit.eu\/en\/pood\/isolatsioonimaterjalid\/membraanid\/nurgatugevduslint-kiilto-02m25m\/","name":"NURGATUGEVDUSLINT KIILTO 0,2M*25M - Ehituslahendused","isPartOf":{"@id":"https:\/\/justbuildit.eu\/en\/#website"},"primaryImageOfPage":{"@id":"https:\/\/justbuildit.eu\/en\/pood\/isolatsioonimaterjalid\/membraanid\/nurgatugevduslint-kiilto-02m25m\/#primaryimage"},"image":{"@id":"https:\/\/justbuildit.eu\/en\/pood\/isolatsioonimaterjalid\/membraanid\/nurgatugevduslint-kiilto-02m25m\/#primaryimage"},"thumbnailUrl":"https:\/\/justbuildit.eu\/wp-content\/uploads\/2023\/12\/nurgatug.lint_.png","datePublished":"2023-12-10T07:14:24+00:00","dateModified":"2026-04-11T09:05:15+00:00","breadcrumb":{"@id":"https:\/\/justbuildit.eu\/en\/pood\/isolatsioonimaterjalid\/membraanid\/nurgatugevduslint-kiilto-02m25m\/#breadcrumb"},"inLanguage":"en-US","potentialAction":[{"@type":"ReadAction","target":["https:\/\/justbuildit.eu\/en\/pood\/isolatsioonimaterjalid\/membraanid\/nurgatugevduslint-kiilto-02m25m\/"]}]},{"@type":"ImageObject","inLanguage":"en-US","@id":"https:\/\/justbuildit.eu\/en\/pood\/isolatsioonimaterjalid\/membraanid\/nurgatugevduslint-kiilto-02m25m\/#primaryimage","url":"https:\/\/justbuildit.eu\/wp-content\/uploads\/2023\/12\/nurgatug.lint_.png","contentUrl":"https:\/\/justbuildit.eu\/wp-content\/uploads\/2023\/12\/nurgatug.lint_.png","width":800,"height":800},{"@type":"BreadcrumbList","@id":"https:\/\/justbuildit.eu\/en\/pood\/isolatsioonimaterjalid\/membraanid\/nurgatugevduslint-kiilto-02m25m\/#breadcrumb","itemListElement":[{"@type":"ListItem","position":1,"name":"Home","item":"https:\/\/justbuildit.eu\/en\/"},{"@type":"ListItem","position":2,"name":"Shop","item":"https:\/\/justbuildit.eu\/en\/building-materials\/"},{"@type":"ListItem","position":3,"name":"NURGATUGEVDUSLINT KIILTO 0,2M*25M"}]},{"@type":"WebSite","@id":"https:\/\/justbuildit.eu\/en\/#website","url":"https:\/\/justbuildit.eu\/en\/","name":"Ehituslahendused","description":"Ehituslahendused ja materjalid","publisher":{"@id":"https:\/\/justbuildit.eu\/en\/#organization"},"potentialAction":[{"@type":"SearchAction","target":{"@type":"EntryPoint","urlTemplate":"https:\/\/justbuildit.eu\/en\/?s={search_term_string}"},"query-input":{"@type":"PropertyValueSpecification","valueRequired":true,"valueName":"search_term_string"}}],"inLanguage":"en-US"},{"@type":"Organization","@id":"https:\/\/justbuildit.eu\/en\/#organization","name":"Just Build It O\u00dc","url":"https:\/\/justbuildit.eu\/en\/","logo":{"@type":"ImageObject","inLanguage":"en-US","@id":"https:\/\/justbuildit.eu\/en\/#\/schema\/logo\/image\/","url":"https:\/\/justbuildit.eu\/wp-content\/uploads\/2022\/01\/justbuildit.png","contentUrl":"https:\/\/justbuildit.eu\/wp-content\/uploads\/2022\/01\/justbuildit.png","width":173,"height":77,"caption":"Just Build It O\u00dc"},"image":{"@id":"https:\/\/justbuildit.eu\/en\/#\/schema\/logo\/image\/"},"sameAs":["https:\/\/www.facebook.com\/justbuildit.ee"]}]}},"_links":{"self":[{"href":"https:\/\/justbuildit.eu\/en\/wp-json\/wp\/v2\/product\/383339","targetHints":{"allow":["GET"]}}],"collection":[{"href":"https:\/\/justbuildit.eu\/en\/wp-json\/wp\/v2\/product"}],"about":[{"href":"https:\/\/justbuildit.eu\/en\/wp-json\/wp\/v2\/types\/product"}],"replies":[{"embeddable":true,"href":"https:\/\/justbuildit.eu\/en\/wp-json\/wp\/v2\/comments?post=383339"}],"wp:featuredmedia":[{"embeddable":true,"href":"https:\/\/justbuildit.eu\/en\/wp-json\/wp\/v2\/media\/383340"}],"wp:attachment":[{"href":"https:\/\/justbuildit.eu\/en\/wp-json\/wp\/v2\/media?parent=383339"}],"wp:term":[{"taxonomy":"product_brand","embeddable":true,"href":"https:\/\/justbuildit.eu\/en\/wp-json\/wp\/v2\/product_brand?post=383339"},{"taxonomy":"product_cat","embeddable":true,"href":"https:\/\/justbuildit.eu\/en\/wp-json\/wp\/v2\/product_cat?post=383339"},{"taxonomy":"product_tag","embeddable":true,"href":"https:\/\/justbuildit.eu\/en\/wp-json\/wp\/v2\/product_tag?post=383339"}],"curies":[{"name":"wp","href":"https:\/\/api.w.org\/{rel}","templated":true}]}}