{"id":384994,"date":"2023-12-13T15:47:49","date_gmt":"2023-12-13T12:47:49","guid":{"rendered":"https:\/\/justbuildit.eu\/?post_type=product&#038;p=384994"},"modified":"2026-04-15T12:06:25","modified_gmt":"2026-04-15T09:06:25","slug":"penosil-window-door-198-elastic-12tk-vahupustol-c1","status":"publish","type":"product","link":"https:\/\/justbuildit.eu\/en\/pood\/tihendusmaterjalid\/ehitusvahud\/penosil-window-door-198-elastic-12tk-vahupustol-c1\/","title":{"rendered":"PENOSIL WINDOW &#038; DOOR 198 ELASTIC 12TK +VAHUP\u00dcSTOL C1"},"content":{"rendered":"<div class=\"row\"  id=\"row-1682778934\">\n<div id=\"col-814533033\" class=\"col medium-9 small-12 large-9\"  >\n<div class=\"col-inner\"  >\n<h3>PENOSIL<br \/>\nKomplekt Window&#038;Door Elastic Gunfoam 198 elastne p\u00fcstolivaht \u00f5hutihedaks ja akustiliseks tihendamiseks C1 vahup\u00fcstoliga<\/h3>\n<p>Window&#038;Door Elastic Gunfoam 198 on h\u00f5lpsalt kokkusurutav elastne isolatsioonivaht survetundlike ja liikuvate vuukide jaoks, sobib eriti h\u00e4sti akendele ja ustele. Komplekt: Window&#038;Door Elastic Gunfoam 198 x 12 tk + vahup\u00fcstol C1<\/p>\n<div class=\"message-box relative\" style=\"padding-top:15px;padding-bottom:15px;\">\n<div class=\"message-box-bg-image bg-fill fill\" ><\/div>\n<div class=\"message-box-bg-overlay bg-fill fill\" ><\/div>\n<div class=\"container relative\">\n<div class=\"inner last-reset\">\n<div class=\"row align-middle align-center\"  id=\"row-94938994\">\n<div id=\"col-2064302515\" class=\"col small-12 large-12\"  >\n<div class=\"col-inner text-left\"  >\n<h4>Omadused<\/h4>\n<div class=\"row\"  id=\"row-1737147773\">\n<div id=\"col-2005854948\" class=\"col medium-6 small-12 large-6\"  >\n<div class=\"col-inner\"  >\n<p><i class=\"fa fa-check fa-2x\"><\/i> <strong> Elastne, h\u00f5lpsalt kokkusurutav, p\u00e4rast kokkusurumist taastub algne kuju<\/strong><\/p>\n<p><i class=\"fa fa-check fa-2x\"><\/i> <strong> T\u00e4nu eriti v\u00e4ikesele paisumissurvele sobib v\u00e4ga h\u00e4sti kasutamiseks \u00f5rnade konstruktsioonide puhul<\/strong><\/p>\n<p><i class=\"fa fa-check fa-2x\"><\/i> <strong> V\u00f5imaldab t\u00e4pset doseerimist ja \u00f6konoomset kasutust<\/strong><\/p>\n<p><i class=\"fa fa-check fa-2x\"><\/i> <strong> Nakkub h\u00e4sti mitmesuguste ehitusmaterjalidega<\/strong><\/p>\n<\/p>\n<\/div>\n<style>\n#col-2005854948 > .col-inner {\n  margin: 0px 0px 15px 0px;\n}\n<\/style>\n<\/p>\n<\/div>\n<div id=\"col-1564843492\" class=\"col medium-6 small-12 large-6\"  >\n<div class=\"col-inner\"  >\n<p><i class=\"fa fa-check fa-2x\"><\/i> <strong> Talub h\u00e4sti vibratsiooni<\/strong><\/p>\n<p><i class=\"fa fa-check fa-2x\"><\/i> <strong> Kiirelt tarduv<\/strong><\/p>\n<p><i class=\"fa fa-check fa-2x\"><\/i> <strong> Nullil\u00e4hedane paisumissurve<\/strong><\/p>\n<p><i class=\"fa fa-check fa-2x\"><\/i> <strong> Pikaajaline elastsus<\/strong><\/p>\n<\/p>\n<\/div>\n<style>\n#col-1564843492 > .col-inner {\n  margin: 0px 0px 15px 0px;\n}\n<\/style>\n<\/p>\n<\/div>\n<\/div>\n<\/div>\n<\/div>\n<\/div>\n<\/div>\n<\/div>\n<\/div>\n<div id=\"gap-399882987\" class=\"gap-element clearfix\" style=\"display:block; height:auto;\">\n<style>\n#gap-399882987 {\n  padding-top: 30px;\n}\n<\/style>\n<\/p>\n<\/div>\n<h3>Kasutamise \u00fcksikasjad<\/h3>\n<p><strong>Kasutusalad:<\/strong><br \/>\nAkende ja uste paigaldamiseks ja tihendamiseks.<br \/>\nSurvetundlike ja kitsaste vuukide t\u00e4itmiseks.<br \/>\nVentilatsiooniseadmete ja torude isolatsiooniks.<br \/>\nOlulise liikuvusega vuukide ja avauste t\u00e4itmiseks.<br \/>\nSoojusisolatsiooniks ja helikindluseks.<br \/>\nNakkuvus: Puit, betoon, m\u00fc\u00fcritis, tellis, enamik metalle, kipsplaat, EPS, katusekivid.<\/p>\n<p><strong>Kasutusjuhend:<\/strong><br \/>\nHoidke vahuballooni p\u00fcstises asendis ja keerake balloon p\u00fcstoli k\u00fclge, hoides \u00fche k\u00e4ega p\u00fcstoli k\u00e4epidemest ja keerates teisega ballooni. Keeramise ajal j\u00e4lgige, et p\u00fcstol ei oleks suunatud teiste inimeste poole. \u00c4rge keerake ballooni p\u00fcstolile tagurpidi asendis ega keerake p\u00fcstolit balloonile. P\u00e4rast ballooni kinnitamist raputage seda j\u00f5uliselt v\u00e4hemalt 20 korda ja p\u00f6\u00f6rake t\u00f6\u00f6asendisse.<\/p>\n<p>V\u00e4ljuvat vahukogust saab reguleerida p\u00fcstoli p\u00e4\u00e4stikuga.<\/p>\n<p><strong>N\u00e4pun\u00e4ited:<\/strong><br \/>\n Pinna eelnev niisutamine tagab vahu kiirema tardumise ja parema tulemuse.<br \/>\nK\u00fclmal ajal on vajalik enne t\u00f6\u00f6ga alustamist ballooni soojendada soojas ruumis v\u00f5i soojas vees. Soojendava vee v\u00f5i \u00f5hu temperatuur ei tohi \u00fcletada +30\u00b0C.<br \/>\n\u00d5hutemperatuur kasutamisel \u20135\u00b0C kuni +30\u00b0C, parimad tulemused +20\u00b0C korral.<br \/>\nBallooni temperatuur kasutamisel +5\u00b0C kuni +25\u00b0C, parimad tulemused +20\u00b0C korral.<br \/>\n\u00dchendatavad pinnad peavad olema puhtad tolmust, lahtistest osakestest \u00f5list.<\/p>\n<p><strong>Kitsendused:<\/strong><br \/>\nTardunud vaht on tundlik ultraviolettkiirguse suhtes ja tuleb kinni katta.<br \/>\nMitte kasutada alaliselt veega kokkupuutuvates kohtades.<br \/>\nIsolatsioonivaht ei nakku pol\u00fcet\u00fcleeni (PE), PTFE (Teflon\u00ae-i) ega silikoonpindadega.<\/p>\n<\/p>\n<\/div>\n<\/div>\n<div id=\"col-1486916648\" class=\"col medium-3 small-12 large-3\"  >\n<div class=\"col-inner\"  >\n<h3>Tehniline informatsioon<\/h3>\n<p><a href=\"https:\/\/espak.ee\/epood\/wp-content\/uploads\/2022\/03\/198_PENOSIL_Window__Door_Elastic_Gunfoam_198_TDS_est.pdf\"target=\"_blank\" rel=\"noopener noreferrer\"><i class=\"far fa-file-pdf\"><\/i> Tehniline info (PDF)<\/a><\/p>\n<h3>Ohutusalane teave<\/h3>\n<p><a href=\"https:\/\/espak.ee\/epood\/wp-content\/uploads\/2022\/03\/198_Penosil_WindowDoor__Elastic_Gunfoam_198_SDS_et-EE.pdf\"target=\"_blank\" rel=\"noopener noreferrer\"><i class=\"far fa-file-pdf\"><\/i> Ohutuskaart (PDF)<\/a><\/p>\n<div class=\"is-divider divider clearfix\" ><\/div>\n<p><strong>\u00dcksikasjalikuma n\u00f5u saamiseks v\u00f5tke \u00fchendust:<br \/><\/strong>Wolf Group O\u00dc<br \/>Suur-Paala 6<br \/>13619<br \/>Tallinn<br \/>+372 605 9301<\/p>\n<\/p>\n<\/div>\n<\/div>\n<\/div>\n","protected":false},"excerpt":{"rendered":"<p>Window&#038;Door Elastic Gunfoam 198 on h\u00f5lpsalt kokkusurutav elastne isolatsioonivaht survetundlike ja liikuvate vuukide jaoks, sobib eriti h\u00e4sti akendele ja ustele. Komplekt: Window&#038;Door Elastic Gunfoam 198 x 12 tk + vahup\u00fcstol C1<\/p>","protected":false},"featured_media":384995,"comment_status":"open","ping_status":"closed","template":"","meta":{"_acf_changed":false},"product_brand":[],"product_cat":[109,498],"product_tag":[],"class_list":{"0":"post-384994","1":"product","2":"type-product","3":"status-publish","4":"has-post-thumbnail","6":"product_cat-ehitusvahud","7":"product_cat-espak","9":"first","10":"instock","11":"sale","12":"shipping-taxable","13":"purchasable","14":"product-type-simple"},"acf":[],"yoast_head":"<!-- This site is optimized with the Yoast SEO Premium plugin v18.7 (Yoast SEO v26.5) - https:\/\/yoast.com\/wordpress\/plugins\/seo\/ -->\n<title>PENOSIL WINDOW &amp; DOOR 198 ELASTIC 12TK +VAHUP\u00dcSTOL C1 - Ehituslahendused<\/title>\n<meta name=\"robots\" content=\"index, follow, max-snippet:-1, max-image-preview:large, max-video-preview:-1\" \/>\n<link rel=\"canonical\" href=\"https:\/\/justbuildit.eu\/en\/pood\/tihendusmaterjalid\/ehitusvahud\/penosil-window-door-198-elastic-12tk-vahupustol-c1\/\" \/>\n<meta property=\"og:locale\" content=\"en_US\" \/>\n<meta property=\"og:type\" content=\"article\" \/>\n<meta property=\"og:title\" content=\"PENOSIL WINDOW &amp; DOOR 198 ELASTIC 12TK +VAHUP\u00dcSTOL C1\" \/>\n<meta property=\"og:description\" content=\"Window&amp;Door Elastic Gunfoam 198 on h\u00f5lpsalt kokkusurutav elastne isolatsioonivaht survetundlike ja liikuvate vuukide jaoks, sobib eriti h\u00e4sti akendele ja ustele. Komplekt: Window&amp;Door Elastic Gunfoam 198 x 12 tk + vahup\u00fcstol C1\" \/>\n<meta property=\"og:url\" content=\"https:\/\/justbuildit.eu\/en\/pood\/tihendusmaterjalid\/ehitusvahud\/penosil-window-door-198-elastic-12tk-vahupustol-c1\/\" \/>\n<meta property=\"og:site_name\" content=\"Ehituslahendused\" \/>\n<meta property=\"article:publisher\" content=\"https:\/\/www.facebook.com\/justbuildit.ee\" \/>\n<meta property=\"article:modified_time\" content=\"2026-04-15T09:06:25+00:00\" \/>\n<meta property=\"og:image\" content=\"https:\/\/justbuildit.eu\/wp-content\/uploads\/2023\/12\/198_WindowDoor_Elastic_Gunfoam_198_EE_FI_kombo.png.jpg\" \/>\n\t<meta property=\"og:image:width\" content=\"800\" \/>\n\t<meta property=\"og:image:height\" content=\"800\" \/>\n\t<meta property=\"og:image:type\" content=\"image\/jpeg\" \/>\n<meta name=\"twitter:card\" content=\"summary_large_image\" \/>\n<script type=\"application\/ld+json\" class=\"yoast-schema-graph\">{\"@context\":\"https:\/\/schema.org\",\"@graph\":[{\"@type\":\"WebPage\",\"@id\":\"https:\/\/justbuildit.eu\/en\/pood\/tihendusmaterjalid\/ehitusvahud\/penosil-window-door-198-elastic-12tk-vahupustol-c1\/\",\"url\":\"https:\/\/justbuildit.eu\/en\/pood\/tihendusmaterjalid\/ehitusvahud\/penosil-window-door-198-elastic-12tk-vahupustol-c1\/\",\"name\":\"PENOSIL WINDOW & DOOR 198 ELASTIC 12TK +VAHUP\u00dcSTOL C1 - Ehituslahendused\",\"isPartOf\":{\"@id\":\"https:\/\/justbuildit.eu\/en\/#website\"},\"primaryImageOfPage\":{\"@id\":\"https:\/\/justbuildit.eu\/en\/pood\/tihendusmaterjalid\/ehitusvahud\/penosil-window-door-198-elastic-12tk-vahupustol-c1\/#primaryimage\"},\"image\":{\"@id\":\"https:\/\/justbuildit.eu\/en\/pood\/tihendusmaterjalid\/ehitusvahud\/penosil-window-door-198-elastic-12tk-vahupustol-c1\/#primaryimage\"},\"thumbnailUrl\":\"https:\/\/justbuildit.eu\/wp-content\/uploads\/2023\/12\/198_WindowDoor_Elastic_Gunfoam_198_EE_FI_kombo.png.jpg\",\"datePublished\":\"2023-12-13T12:47:49+00:00\",\"dateModified\":\"2026-04-15T09:06:25+00:00\",\"breadcrumb\":{\"@id\":\"https:\/\/justbuildit.eu\/en\/pood\/tihendusmaterjalid\/ehitusvahud\/penosil-window-door-198-elastic-12tk-vahupustol-c1\/#breadcrumb\"},\"inLanguage\":\"en-US\",\"potentialAction\":[{\"@type\":\"ReadAction\",\"target\":[\"https:\/\/justbuildit.eu\/en\/pood\/tihendusmaterjalid\/ehitusvahud\/penosil-window-door-198-elastic-12tk-vahupustol-c1\/\"]}]},{\"@type\":\"ImageObject\",\"inLanguage\":\"en-US\",\"@id\":\"https:\/\/justbuildit.eu\/en\/pood\/tihendusmaterjalid\/ehitusvahud\/penosil-window-door-198-elastic-12tk-vahupustol-c1\/#primaryimage\",\"url\":\"https:\/\/justbuildit.eu\/wp-content\/uploads\/2023\/12\/198_WindowDoor_Elastic_Gunfoam_198_EE_FI_kombo.png.jpg\",\"contentUrl\":\"https:\/\/justbuildit.eu\/wp-content\/uploads\/2023\/12\/198_WindowDoor_Elastic_Gunfoam_198_EE_FI_kombo.png.jpg\",\"width\":800,\"height\":800},{\"@type\":\"BreadcrumbList\",\"@id\":\"https:\/\/justbuildit.eu\/en\/pood\/tihendusmaterjalid\/ehitusvahud\/penosil-window-door-198-elastic-12tk-vahupustol-c1\/#breadcrumb\",\"itemListElement\":[{\"@type\":\"ListItem\",\"position\":1,\"name\":\"Home\",\"item\":\"https:\/\/justbuildit.eu\/en\/\"},{\"@type\":\"ListItem\",\"position\":2,\"name\":\"Shop\",\"item\":\"https:\/\/justbuildit.eu\/en\/building-materials\/\"},{\"@type\":\"ListItem\",\"position\":3,\"name\":\"PENOSIL WINDOW &#038; DOOR 198 ELASTIC 12TK +VAHUP\u00dcSTOL C1\"}]},{\"@type\":\"WebSite\",\"@id\":\"https:\/\/justbuildit.eu\/en\/#website\",\"url\":\"https:\/\/justbuildit.eu\/en\/\",\"name\":\"Ehituslahendused\",\"description\":\"Ehituslahendused ja materjalid\",\"publisher\":{\"@id\":\"https:\/\/justbuildit.eu\/en\/#organization\"},\"potentialAction\":[{\"@type\":\"SearchAction\",\"target\":{\"@type\":\"EntryPoint\",\"urlTemplate\":\"https:\/\/justbuildit.eu\/en\/?s={search_term_string}\"},\"query-input\":{\"@type\":\"PropertyValueSpecification\",\"valueRequired\":true,\"valueName\":\"search_term_string\"}}],\"inLanguage\":\"en-US\"},{\"@type\":\"Organization\",\"@id\":\"https:\/\/justbuildit.eu\/en\/#organization\",\"name\":\"Just Build It O\u00dc\",\"url\":\"https:\/\/justbuildit.eu\/en\/\",\"logo\":{\"@type\":\"ImageObject\",\"inLanguage\":\"en-US\",\"@id\":\"https:\/\/justbuildit.eu\/en\/#\/schema\/logo\/image\/\",\"url\":\"https:\/\/justbuildit.eu\/wp-content\/uploads\/2022\/01\/justbuildit.png\",\"contentUrl\":\"https:\/\/justbuildit.eu\/wp-content\/uploads\/2022\/01\/justbuildit.png\",\"width\":173,\"height\":77,\"caption\":\"Just Build It O\u00dc\"},\"image\":{\"@id\":\"https:\/\/justbuildit.eu\/en\/#\/schema\/logo\/image\/\"},\"sameAs\":[\"https:\/\/www.facebook.com\/justbuildit.ee\"]}]}<\/script>\n<!-- \/ Yoast SEO Premium plugin. -->","yoast_head_json":{"title":"PENOSIL WINDOW & DOOR 198 ELASTIC 12TK +VAHUP\u00dcSTOL C1 - Ehituslahendused","robots":{"index":"index","follow":"follow","max-snippet":"max-snippet:-1","max-image-preview":"max-image-preview:large","max-video-preview":"max-video-preview:-1"},"canonical":"https:\/\/justbuildit.eu\/en\/pood\/tihendusmaterjalid\/ehitusvahud\/penosil-window-door-198-elastic-12tk-vahupustol-c1\/","og_locale":"en_US","og_type":"article","og_title":"PENOSIL WINDOW & DOOR 198 ELASTIC 12TK +VAHUP\u00dcSTOL C1","og_description":"Window&Door Elastic Gunfoam 198 on h\u00f5lpsalt kokkusurutav elastne isolatsioonivaht survetundlike ja liikuvate vuukide jaoks, sobib eriti h\u00e4sti akendele ja ustele. Komplekt: Window&Door Elastic Gunfoam 198 x 12 tk + vahup\u00fcstol C1","og_url":"https:\/\/justbuildit.eu\/en\/pood\/tihendusmaterjalid\/ehitusvahud\/penosil-window-door-198-elastic-12tk-vahupustol-c1\/","og_site_name":"Ehituslahendused","article_publisher":"https:\/\/www.facebook.com\/justbuildit.ee","article_modified_time":"2026-04-15T09:06:25+00:00","og_image":[{"width":800,"height":800,"url":"https:\/\/justbuildit.eu\/wp-content\/uploads\/2023\/12\/198_WindowDoor_Elastic_Gunfoam_198_EE_FI_kombo.png.jpg","type":"image\/jpeg"}],"twitter_card":"summary_large_image","schema":{"@context":"https:\/\/schema.org","@graph":[{"@type":"WebPage","@id":"https:\/\/justbuildit.eu\/en\/pood\/tihendusmaterjalid\/ehitusvahud\/penosil-window-door-198-elastic-12tk-vahupustol-c1\/","url":"https:\/\/justbuildit.eu\/en\/pood\/tihendusmaterjalid\/ehitusvahud\/penosil-window-door-198-elastic-12tk-vahupustol-c1\/","name":"PENOSIL WINDOW & DOOR 198 ELASTIC 12TK +VAHUP\u00dcSTOL C1 - Ehituslahendused","isPartOf":{"@id":"https:\/\/justbuildit.eu\/en\/#website"},"primaryImageOfPage":{"@id":"https:\/\/justbuildit.eu\/en\/pood\/tihendusmaterjalid\/ehitusvahud\/penosil-window-door-198-elastic-12tk-vahupustol-c1\/#primaryimage"},"image":{"@id":"https:\/\/justbuildit.eu\/en\/pood\/tihendusmaterjalid\/ehitusvahud\/penosil-window-door-198-elastic-12tk-vahupustol-c1\/#primaryimage"},"thumbnailUrl":"https:\/\/justbuildit.eu\/wp-content\/uploads\/2023\/12\/198_WindowDoor_Elastic_Gunfoam_198_EE_FI_kombo.png.jpg","datePublished":"2023-12-13T12:47:49+00:00","dateModified":"2026-04-15T09:06:25+00:00","breadcrumb":{"@id":"https:\/\/justbuildit.eu\/en\/pood\/tihendusmaterjalid\/ehitusvahud\/penosil-window-door-198-elastic-12tk-vahupustol-c1\/#breadcrumb"},"inLanguage":"en-US","potentialAction":[{"@type":"ReadAction","target":["https:\/\/justbuildit.eu\/en\/pood\/tihendusmaterjalid\/ehitusvahud\/penosil-window-door-198-elastic-12tk-vahupustol-c1\/"]}]},{"@type":"ImageObject","inLanguage":"en-US","@id":"https:\/\/justbuildit.eu\/en\/pood\/tihendusmaterjalid\/ehitusvahud\/penosil-window-door-198-elastic-12tk-vahupustol-c1\/#primaryimage","url":"https:\/\/justbuildit.eu\/wp-content\/uploads\/2023\/12\/198_WindowDoor_Elastic_Gunfoam_198_EE_FI_kombo.png.jpg","contentUrl":"https:\/\/justbuildit.eu\/wp-content\/uploads\/2023\/12\/198_WindowDoor_Elastic_Gunfoam_198_EE_FI_kombo.png.jpg","width":800,"height":800},{"@type":"BreadcrumbList","@id":"https:\/\/justbuildit.eu\/en\/pood\/tihendusmaterjalid\/ehitusvahud\/penosil-window-door-198-elastic-12tk-vahupustol-c1\/#breadcrumb","itemListElement":[{"@type":"ListItem","position":1,"name":"Home","item":"https:\/\/justbuildit.eu\/en\/"},{"@type":"ListItem","position":2,"name":"Shop","item":"https:\/\/justbuildit.eu\/en\/building-materials\/"},{"@type":"ListItem","position":3,"name":"PENOSIL WINDOW &#038; DOOR 198 ELASTIC 12TK +VAHUP\u00dcSTOL C1"}]},{"@type":"WebSite","@id":"https:\/\/justbuildit.eu\/en\/#website","url":"https:\/\/justbuildit.eu\/en\/","name":"Ehituslahendused","description":"Ehituslahendused ja materjalid","publisher":{"@id":"https:\/\/justbuildit.eu\/en\/#organization"},"potentialAction":[{"@type":"SearchAction","target":{"@type":"EntryPoint","urlTemplate":"https:\/\/justbuildit.eu\/en\/?s={search_term_string}"},"query-input":{"@type":"PropertyValueSpecification","valueRequired":true,"valueName":"search_term_string"}}],"inLanguage":"en-US"},{"@type":"Organization","@id":"https:\/\/justbuildit.eu\/en\/#organization","name":"Just Build It O\u00dc","url":"https:\/\/justbuildit.eu\/en\/","logo":{"@type":"ImageObject","inLanguage":"en-US","@id":"https:\/\/justbuildit.eu\/en\/#\/schema\/logo\/image\/","url":"https:\/\/justbuildit.eu\/wp-content\/uploads\/2022\/01\/justbuildit.png","contentUrl":"https:\/\/justbuildit.eu\/wp-content\/uploads\/2022\/01\/justbuildit.png","width":173,"height":77,"caption":"Just Build It O\u00dc"},"image":{"@id":"https:\/\/justbuildit.eu\/en\/#\/schema\/logo\/image\/"},"sameAs":["https:\/\/www.facebook.com\/justbuildit.ee"]}]}},"_links":{"self":[{"href":"https:\/\/justbuildit.eu\/en\/wp-json\/wp\/v2\/product\/384994","targetHints":{"allow":["GET"]}}],"collection":[{"href":"https:\/\/justbuildit.eu\/en\/wp-json\/wp\/v2\/product"}],"about":[{"href":"https:\/\/justbuildit.eu\/en\/wp-json\/wp\/v2\/types\/product"}],"replies":[{"embeddable":true,"href":"https:\/\/justbuildit.eu\/en\/wp-json\/wp\/v2\/comments?post=384994"}],"wp:featuredmedia":[{"embeddable":true,"href":"https:\/\/justbuildit.eu\/en\/wp-json\/wp\/v2\/media\/384995"}],"wp:attachment":[{"href":"https:\/\/justbuildit.eu\/en\/wp-json\/wp\/v2\/media?parent=384994"}],"wp:term":[{"taxonomy":"product_brand","embeddable":true,"href":"https:\/\/justbuildit.eu\/en\/wp-json\/wp\/v2\/product_brand?post=384994"},{"taxonomy":"product_cat","embeddable":true,"href":"https:\/\/justbuildit.eu\/en\/wp-json\/wp\/v2\/product_cat?post=384994"},{"taxonomy":"product_tag","embeddable":true,"href":"https:\/\/justbuildit.eu\/en\/wp-json\/wp\/v2\/product_tag?post=384994"}],"curies":[{"name":"wp","href":"https:\/\/api.w.org\/{rel}","templated":true}]}}