{"id":385035,"date":"2023-12-13T15:53:40","date_gmt":"2023-12-13T12:53:40","guid":{"rendered":"https:\/\/justbuildit.eu\/?post_type=product&#038;p=385035"},"modified":"2026-04-11T12:05:09","modified_gmt":"2026-04-11T09:05:09","slug":"aastaringne-korrevaht-penosil-gap-filling-strawfoam-278-750ml","status":"publish","type":"product","link":"https:\/\/justbuildit.eu\/en\/pood\/tihendusmaterjalid\/ehitusvahud\/aastaringne-korrevaht-penosil-gap-filling-strawfoam-278-750ml\/","title":{"rendered":"AASTARINGNE K\u00d5RREVAHT PENOSIL GAP FILLING STRAWFOAM 278 750ML"},"content":{"rendered":"<div class=\"row\"  id=\"row-325141763\">\n<div id=\"col-498200989\" class=\"col medium-9 small-12 large-9\"  >\n<div class=\"col-inner\"  >\n<h3>Aastaringne k\u00f5rrevaht Penosil Gap Filling Strawfoam 278 750ml<\/h3>\n<p>PENOSIL Gap Filling Strawfoam 278 aastaringne \u00fchekomponentne pol\u00fcuretaanvaht v\u00e4lis- ja siset\u00e4itet\u00f6\u00f6deks. Suure saagise ja suure j\u00e4relpaisumise t\u00f5ttu sobib see k\u00f5rrevaht eriti h\u00e4sti suuremate t\u00fchimike ja avauste t\u00e4itmiseks. Nakkub h\u00e4sti enamiku materjalidega nagu puit, betoon, kivi, krohv, metall, PVC ja pol\u00fcst\u00fcreen.<\/p>\n<div class=\"message-box relative\" style=\"padding-top:15px;padding-bottom:15px;\">\n<div class=\"message-box-bg-image bg-fill fill\" ><\/div>\n<div class=\"message-box-bg-overlay bg-fill fill\" ><\/div>\n<div class=\"container relative\">\n<div class=\"inner last-reset\">\n<div class=\"row align-middle align-center\"  id=\"row-1019761110\">\n<div id=\"col-1845870953\" class=\"col small-12 large-12\"  >\n<div class=\"col-inner text-left\"  >\n<h4>Omadused<\/h4>\n<div class=\"row\"  id=\"row-1572161356\">\n<div id=\"col-640870831\" class=\"col medium-6 small-12 large-6\"  >\n<div class=\"col-inner\"  >\n<p><i class=\"fa fa-check fa-2x\"><\/i> <strong> Suurep\u00e4rased t\u00e4iteomadused, suur mahupaisumine<\/strong><\/p>\n<p><i class=\"fa fa-check fa-2x\"><\/i> <strong> Aastaringne (-10 kuni + 30 \u00b0)<\/strong><\/p>\n<p><i class=\"fa fa-check fa-2x\"><\/i> <strong> K\u00f5rge saagikus<\/strong><\/p>\n<\/p>\n<\/div>\n<style>\n#col-640870831 > .col-inner {\n  margin: 0px 0px 15px 0px;\n}\n<\/style>\n<\/p>\n<\/div>\n<div id=\"col-1339289163\" class=\"col medium-6 small-12 large-6\"  >\n<div class=\"col-inner\"  >\n<p><i class=\"fa fa-check fa-2x\"><\/i> <strong> Suurep\u00e4rane \u00f5hutihedus<\/strong><\/p>\n<p><i class=\"fa fa-check fa-2x\"><\/i> <strong> K\u00f5rge soojus- ja heliisolatsioon<\/strong><\/p>\n<p><i class=\"fa fa-check fa-2x\"><\/i> <strong> Hoiab \u00e4ra k\u00fclmasildade teket<\/strong><\/p>\n<\/p>\n<\/div>\n<style>\n#col-1339289163 > .col-inner {\n  margin: 0px 0px 15px 0px;\n}\n<\/style>\n<\/p>\n<\/div>\n<\/div>\n<\/div>\n<\/div>\n<\/div>\n<\/div>\n<\/div>\n<\/div>\n<div id=\"gap-1895604688\" class=\"gap-element clearfix\" style=\"display:block; height:auto;\">\n<style>\n#gap-1895604688 {\n  padding-top: 30px;\n}\n<\/style>\n<\/p>\n<\/div>\n<h3>Kasutamise \u00fcksikasjad<\/h3>\n<p><strong>Kasutusalad:<\/strong><br \/>\nSuuremate avauste ja t\u00fchimike t\u00e4itmine.<br \/>\nL\u00e4biviikude tihendamine.<br \/>\nVuukide tihendamine ja \u00fchendamine.<br \/>\nSoojus- ja heliisolatsioon.<br \/>\nK\u00fclmasildade m\u00f5ju v\u00e4hendamine<br \/>\nNakkuvus: Puit, betoon, k\u00f5ik metallid, PVC, tellis, kipsplaat, EPS, katusekivi.<\/p>\n<p><strong>Kasutusjuhend:<\/strong><br \/>\nPinnad peavad olema puhtad tolmust, lahtistest osakestest ja \u00f5liplekkidest. Niisutage kuivi pindu veepritsiga, et tagada kiirem tardumisaeg ja parem l\u00f5pptulemus.<\/p>\n<p>Loksutage ballooni tugevalt v\u00e4hemalt 20 korda. Eemaldage kork. Hoidke vahuballooni p\u00fcstises asendis, klapp \u00fcleval. Kruvige k\u00f5rsaplikaator tihedalt vahuballooni ventiili k\u00fclge.<br \/>\nVahu paigaldamise ajal hoidke ballooni tagurpidi. Vahu hulka saab reguleerida aplikaatori p\u00e4\u00e4stikuga.<\/p>\n<p>T\u00e4ida vuugid kuni u. 50%. Suuremate vuukide korral kanna vahtu mitme kihina ja niisuta kergelt iga kihi vahel. \u00dcleliigse vahu saab \u00e4ra l\u00f5igata p\u00e4rast selle t\u00e4ielikku tardumist.<\/p>\n<p><strong>N\u00e4pun\u00e4ited:<\/strong><br \/>\n \u00d5hutemperatuur kasutamise ajal: -10 \u00b0C kuni +30 \u00b0C.<br \/>\nKaitske k\u00fclgnevaid pindu paberi, kile v\u00f5i muu sobiva materjaliga.<br \/>\nKuna ehitusmaterjalid on v\u00e4ga erinevad, soovitame eelnevalt l\u00e4bi viia sobivustesti.<br \/>\nMadalatel temperatuuridel t\u00f6\u00f6tades tuleb vahuballoon eelnevalt soojendada toatemperatuurini (umbes 20\u00b0C).<br \/>\nT\u00f6\u00f6riistade ja pindade puhastamiseks tardumata vahust kasutage Penosil Foam Cleanerit.<br \/>\nKasutage Penosili puhastuslappe, et puhastada k\u00e4ed ja riided tardumata vahust.<br \/>\nPenosil Foam Remover pehmendab kuivanud vahtu ja aitab seda kergemini eemaldada.<\/p>\n<p><strong>Kitsendused:<\/strong><br \/>\nEi nakku pol\u00fcet\u00fcleen- (PE), PTFE (Teflon\u00ae) ega silikoonpindadega.<br \/>\nMitte kasutada temperatuuril alla -10 \u00b0C.<br \/>\nTardunud vaht tuleb UV-kiirte eest kaitsmiseks katta sobiva materjaliga.<br \/>\nSuure j\u00e4relpaisumise t\u00f5ttu tuleb kergemad konstruktsioonielemendid enne vahu pealekandmist kindlalt kinnitada.<br \/>\n\u00c4rge katke kinni enne, kui vaht on t\u00e4ielikult tardunud.<\/p>\n<\/p>\n<\/div>\n<\/div>\n<div id=\"col-2031394132\" class=\"col medium-3 small-12 large-3\"  >\n<div class=\"col-inner\"  >\n<h3>Tehniline informatsioon<\/h3>\n<p><a href=\"https:\/\/espak.ee\/epood\/wp-content\/uploads\/2022\/11\/278_PENOSIL_Gap_Filling_Strawfoam_278_TDS_est.pdf\"target=\"_blank\" rel=\"noopener noreferrer\"><i class=\"far fa-file-pdf\"><\/i> Tehniline info (PDF)<\/a><\/p>\n<h3>Ohutusalane teave<\/h3>\n<p><a href=\"https:\/\/espak.ee\/epood\/wp-content\/uploads\/2022\/11\/278_Penosil_Gap_Filling_Strawfoam_278_SDS_et-EE.pdf\"target=\"_blank\" rel=\"noopener noreferrer\"><i class=\"far fa-file-pdf\"><\/i> Ohutuskaart (PDF)<\/a><\/p>\n<div class=\"is-divider divider clearfix\" ><\/div>\n<p><strong>\u00dcksikasjalikuma n\u00f5u saamiseks v\u00f5tke \u00fchendust:<br \/><\/strong>Wolf Group O\u00dc<br \/>Suur-Paala 6<br \/>13619<br \/>Tallinn<br \/>+372 605 9301<\/p>\n<\/p>\n<\/div>\n<\/div>\n<\/div>\n","protected":false},"excerpt":{"rendered":"<p>PENOSIL Gap Filling Strawfoam 278 aastaringne \u00fchekomponentne pol\u00fcuretaanvaht v\u00e4lis- ja siset\u00e4itet\u00f6\u00f6deks. Suure saagise ja suure j\u00e4relpaisumise t\u00f5ttu sobib see k\u00f5rrevaht eriti h\u00e4sti suuremate t\u00fchimike ja avauste t\u00e4itmiseks. Nakkub h\u00e4sti enamiku materjalidega nagu puit, betoon, kivi, krohv, metall, PVC ja pol\u00fcst\u00fcreen.<\/p>","protected":false},"featured_media":385036,"comment_status":"open","ping_status":"closed","template":"","meta":{"_acf_changed":false},"product_brand":[],"product_cat":[109,498],"product_tag":[],"class_list":{"0":"post-385035","1":"product","2":"type-product","3":"status-publish","4":"has-post-thumbnail","6":"product_cat-ehitusvahud","7":"product_cat-espak","9":"first","10":"instock","11":"sale","12":"shipping-taxable","13":"purchasable","14":"product-type-simple"},"acf":[],"yoast_head":"<!-- This site is optimized with the Yoast SEO Premium plugin v18.7 (Yoast SEO v26.5) - https:\/\/yoast.com\/wordpress\/plugins\/seo\/ -->\n<title>AASTARINGNE K\u00d5RREVAHT PENOSIL GAP FILLING STRAWFOAM 278 750ML - Ehituslahendused<\/title>\n<meta name=\"robots\" content=\"index, follow, max-snippet:-1, max-image-preview:large, max-video-preview:-1\" \/>\n<link rel=\"canonical\" href=\"https:\/\/justbuildit.eu\/en\/pood\/tihendusmaterjalid\/ehitusvahud\/aastaringne-korrevaht-penosil-gap-filling-strawfoam-278-750ml\/\" \/>\n<meta property=\"og:locale\" content=\"en_US\" \/>\n<meta property=\"og:type\" content=\"article\" \/>\n<meta property=\"og:title\" content=\"AASTARINGNE K\u00d5RREVAHT PENOSIL GAP FILLING STRAWFOAM 278 750ML\" \/>\n<meta property=\"og:description\" content=\"PENOSIL Gap Filling Strawfoam 278 aastaringne \u00fchekomponentne pol\u00fcuretaanvaht v\u00e4lis- ja siset\u00e4itet\u00f6\u00f6deks. Suure saagise ja suure j\u00e4relpaisumise t\u00f5ttu sobib see k\u00f5rrevaht eriti h\u00e4sti suuremate t\u00fchimike ja avauste t\u00e4itmiseks. Nakkub h\u00e4sti enamiku materjalidega nagu puit, betoon, kivi, krohv, metall, PVC ja pol\u00fcst\u00fcreen.\" \/>\n<meta property=\"og:url\" content=\"https:\/\/justbuildit.eu\/en\/pood\/tihendusmaterjalid\/ehitusvahud\/aastaringne-korrevaht-penosil-gap-filling-strawfoam-278-750ml\/\" \/>\n<meta property=\"og:site_name\" content=\"Ehituslahendused\" \/>\n<meta property=\"article:publisher\" content=\"https:\/\/www.facebook.com\/justbuildit.ee\" \/>\n<meta property=\"article:modified_time\" content=\"2026-04-11T09:05:09+00:00\" \/>\n<meta property=\"og:image\" content=\"https:\/\/justbuildit.eu\/wp-content\/uploads\/2023\/12\/278_Gap_Filling_Strawfoam_278_EE_FI-1.png.jpg\" \/>\n\t<meta property=\"og:image:width\" content=\"800\" \/>\n\t<meta property=\"og:image:height\" content=\"800\" \/>\n\t<meta property=\"og:image:type\" content=\"image\/jpeg\" \/>\n<meta name=\"twitter:card\" content=\"summary_large_image\" \/>\n<script type=\"application\/ld+json\" class=\"yoast-schema-graph\">{\"@context\":\"https:\/\/schema.org\",\"@graph\":[{\"@type\":\"WebPage\",\"@id\":\"https:\/\/justbuildit.eu\/en\/pood\/tihendusmaterjalid\/ehitusvahud\/aastaringne-korrevaht-penosil-gap-filling-strawfoam-278-750ml\/\",\"url\":\"https:\/\/justbuildit.eu\/en\/pood\/tihendusmaterjalid\/ehitusvahud\/aastaringne-korrevaht-penosil-gap-filling-strawfoam-278-750ml\/\",\"name\":\"AASTARINGNE K\u00d5RREVAHT PENOSIL GAP FILLING STRAWFOAM 278 750ML - Ehituslahendused\",\"isPartOf\":{\"@id\":\"https:\/\/justbuildit.eu\/en\/#website\"},\"primaryImageOfPage\":{\"@id\":\"https:\/\/justbuildit.eu\/en\/pood\/tihendusmaterjalid\/ehitusvahud\/aastaringne-korrevaht-penosil-gap-filling-strawfoam-278-750ml\/#primaryimage\"},\"image\":{\"@id\":\"https:\/\/justbuildit.eu\/en\/pood\/tihendusmaterjalid\/ehitusvahud\/aastaringne-korrevaht-penosil-gap-filling-strawfoam-278-750ml\/#primaryimage\"},\"thumbnailUrl\":\"https:\/\/justbuildit.eu\/wp-content\/uploads\/2023\/12\/278_Gap_Filling_Strawfoam_278_EE_FI-1.png.jpg\",\"datePublished\":\"2023-12-13T12:53:40+00:00\",\"dateModified\":\"2026-04-11T09:05:09+00:00\",\"breadcrumb\":{\"@id\":\"https:\/\/justbuildit.eu\/en\/pood\/tihendusmaterjalid\/ehitusvahud\/aastaringne-korrevaht-penosil-gap-filling-strawfoam-278-750ml\/#breadcrumb\"},\"inLanguage\":\"en-US\",\"potentialAction\":[{\"@type\":\"ReadAction\",\"target\":[\"https:\/\/justbuildit.eu\/en\/pood\/tihendusmaterjalid\/ehitusvahud\/aastaringne-korrevaht-penosil-gap-filling-strawfoam-278-750ml\/\"]}]},{\"@type\":\"ImageObject\",\"inLanguage\":\"en-US\",\"@id\":\"https:\/\/justbuildit.eu\/en\/pood\/tihendusmaterjalid\/ehitusvahud\/aastaringne-korrevaht-penosil-gap-filling-strawfoam-278-750ml\/#primaryimage\",\"url\":\"https:\/\/justbuildit.eu\/wp-content\/uploads\/2023\/12\/278_Gap_Filling_Strawfoam_278_EE_FI-1.png.jpg\",\"contentUrl\":\"https:\/\/justbuildit.eu\/wp-content\/uploads\/2023\/12\/278_Gap_Filling_Strawfoam_278_EE_FI-1.png.jpg\",\"width\":800,\"height\":800},{\"@type\":\"BreadcrumbList\",\"@id\":\"https:\/\/justbuildit.eu\/en\/pood\/tihendusmaterjalid\/ehitusvahud\/aastaringne-korrevaht-penosil-gap-filling-strawfoam-278-750ml\/#breadcrumb\",\"itemListElement\":[{\"@type\":\"ListItem\",\"position\":1,\"name\":\"Home\",\"item\":\"https:\/\/justbuildit.eu\/en\/\"},{\"@type\":\"ListItem\",\"position\":2,\"name\":\"Shop\",\"item\":\"https:\/\/justbuildit.eu\/en\/building-materials\/\"},{\"@type\":\"ListItem\",\"position\":3,\"name\":\"AASTARINGNE K\u00d5RREVAHT PENOSIL GAP FILLING STRAWFOAM 278 750ML\"}]},{\"@type\":\"WebSite\",\"@id\":\"https:\/\/justbuildit.eu\/en\/#website\",\"url\":\"https:\/\/justbuildit.eu\/en\/\",\"name\":\"Ehituslahendused\",\"description\":\"Ehituslahendused ja materjalid\",\"publisher\":{\"@id\":\"https:\/\/justbuildit.eu\/en\/#organization\"},\"potentialAction\":[{\"@type\":\"SearchAction\",\"target\":{\"@type\":\"EntryPoint\",\"urlTemplate\":\"https:\/\/justbuildit.eu\/en\/?s={search_term_string}\"},\"query-input\":{\"@type\":\"PropertyValueSpecification\",\"valueRequired\":true,\"valueName\":\"search_term_string\"}}],\"inLanguage\":\"en-US\"},{\"@type\":\"Organization\",\"@id\":\"https:\/\/justbuildit.eu\/en\/#organization\",\"name\":\"Just Build It O\u00dc\",\"url\":\"https:\/\/justbuildit.eu\/en\/\",\"logo\":{\"@type\":\"ImageObject\",\"inLanguage\":\"en-US\",\"@id\":\"https:\/\/justbuildit.eu\/en\/#\/schema\/logo\/image\/\",\"url\":\"https:\/\/justbuildit.eu\/wp-content\/uploads\/2022\/01\/justbuildit.png\",\"contentUrl\":\"https:\/\/justbuildit.eu\/wp-content\/uploads\/2022\/01\/justbuildit.png\",\"width\":173,\"height\":77,\"caption\":\"Just Build It O\u00dc\"},\"image\":{\"@id\":\"https:\/\/justbuildit.eu\/en\/#\/schema\/logo\/image\/\"},\"sameAs\":[\"https:\/\/www.facebook.com\/justbuildit.ee\"]}]}<\/script>\n<!-- \/ Yoast SEO Premium plugin. -->","yoast_head_json":{"title":"AASTARINGNE K\u00d5RREVAHT PENOSIL GAP FILLING STRAWFOAM 278 750ML - Ehituslahendused","robots":{"index":"index","follow":"follow","max-snippet":"max-snippet:-1","max-image-preview":"max-image-preview:large","max-video-preview":"max-video-preview:-1"},"canonical":"https:\/\/justbuildit.eu\/en\/pood\/tihendusmaterjalid\/ehitusvahud\/aastaringne-korrevaht-penosil-gap-filling-strawfoam-278-750ml\/","og_locale":"en_US","og_type":"article","og_title":"AASTARINGNE K\u00d5RREVAHT PENOSIL GAP FILLING STRAWFOAM 278 750ML","og_description":"PENOSIL Gap Filling Strawfoam 278 aastaringne \u00fchekomponentne pol\u00fcuretaanvaht v\u00e4lis- ja siset\u00e4itet\u00f6\u00f6deks. Suure saagise ja suure j\u00e4relpaisumise t\u00f5ttu sobib see k\u00f5rrevaht eriti h\u00e4sti suuremate t\u00fchimike ja avauste t\u00e4itmiseks. Nakkub h\u00e4sti enamiku materjalidega nagu puit, betoon, kivi, krohv, metall, PVC ja pol\u00fcst\u00fcreen.","og_url":"https:\/\/justbuildit.eu\/en\/pood\/tihendusmaterjalid\/ehitusvahud\/aastaringne-korrevaht-penosil-gap-filling-strawfoam-278-750ml\/","og_site_name":"Ehituslahendused","article_publisher":"https:\/\/www.facebook.com\/justbuildit.ee","article_modified_time":"2026-04-11T09:05:09+00:00","og_image":[{"width":800,"height":800,"url":"https:\/\/justbuildit.eu\/wp-content\/uploads\/2023\/12\/278_Gap_Filling_Strawfoam_278_EE_FI-1.png.jpg","type":"image\/jpeg"}],"twitter_card":"summary_large_image","schema":{"@context":"https:\/\/schema.org","@graph":[{"@type":"WebPage","@id":"https:\/\/justbuildit.eu\/en\/pood\/tihendusmaterjalid\/ehitusvahud\/aastaringne-korrevaht-penosil-gap-filling-strawfoam-278-750ml\/","url":"https:\/\/justbuildit.eu\/en\/pood\/tihendusmaterjalid\/ehitusvahud\/aastaringne-korrevaht-penosil-gap-filling-strawfoam-278-750ml\/","name":"AASTARINGNE K\u00d5RREVAHT PENOSIL GAP FILLING STRAWFOAM 278 750ML - Ehituslahendused","isPartOf":{"@id":"https:\/\/justbuildit.eu\/en\/#website"},"primaryImageOfPage":{"@id":"https:\/\/justbuildit.eu\/en\/pood\/tihendusmaterjalid\/ehitusvahud\/aastaringne-korrevaht-penosil-gap-filling-strawfoam-278-750ml\/#primaryimage"},"image":{"@id":"https:\/\/justbuildit.eu\/en\/pood\/tihendusmaterjalid\/ehitusvahud\/aastaringne-korrevaht-penosil-gap-filling-strawfoam-278-750ml\/#primaryimage"},"thumbnailUrl":"https:\/\/justbuildit.eu\/wp-content\/uploads\/2023\/12\/278_Gap_Filling_Strawfoam_278_EE_FI-1.png.jpg","datePublished":"2023-12-13T12:53:40+00:00","dateModified":"2026-04-11T09:05:09+00:00","breadcrumb":{"@id":"https:\/\/justbuildit.eu\/en\/pood\/tihendusmaterjalid\/ehitusvahud\/aastaringne-korrevaht-penosil-gap-filling-strawfoam-278-750ml\/#breadcrumb"},"inLanguage":"en-US","potentialAction":[{"@type":"ReadAction","target":["https:\/\/justbuildit.eu\/en\/pood\/tihendusmaterjalid\/ehitusvahud\/aastaringne-korrevaht-penosil-gap-filling-strawfoam-278-750ml\/"]}]},{"@type":"ImageObject","inLanguage":"en-US","@id":"https:\/\/justbuildit.eu\/en\/pood\/tihendusmaterjalid\/ehitusvahud\/aastaringne-korrevaht-penosil-gap-filling-strawfoam-278-750ml\/#primaryimage","url":"https:\/\/justbuildit.eu\/wp-content\/uploads\/2023\/12\/278_Gap_Filling_Strawfoam_278_EE_FI-1.png.jpg","contentUrl":"https:\/\/justbuildit.eu\/wp-content\/uploads\/2023\/12\/278_Gap_Filling_Strawfoam_278_EE_FI-1.png.jpg","width":800,"height":800},{"@type":"BreadcrumbList","@id":"https:\/\/justbuildit.eu\/en\/pood\/tihendusmaterjalid\/ehitusvahud\/aastaringne-korrevaht-penosil-gap-filling-strawfoam-278-750ml\/#breadcrumb","itemListElement":[{"@type":"ListItem","position":1,"name":"Home","item":"https:\/\/justbuildit.eu\/en\/"},{"@type":"ListItem","position":2,"name":"Shop","item":"https:\/\/justbuildit.eu\/en\/building-materials\/"},{"@type":"ListItem","position":3,"name":"AASTARINGNE K\u00d5RREVAHT PENOSIL GAP FILLING STRAWFOAM 278 750ML"}]},{"@type":"WebSite","@id":"https:\/\/justbuildit.eu\/en\/#website","url":"https:\/\/justbuildit.eu\/en\/","name":"Ehituslahendused","description":"Ehituslahendused ja materjalid","publisher":{"@id":"https:\/\/justbuildit.eu\/en\/#organization"},"potentialAction":[{"@type":"SearchAction","target":{"@type":"EntryPoint","urlTemplate":"https:\/\/justbuildit.eu\/en\/?s={search_term_string}"},"query-input":{"@type":"PropertyValueSpecification","valueRequired":true,"valueName":"search_term_string"}}],"inLanguage":"en-US"},{"@type":"Organization","@id":"https:\/\/justbuildit.eu\/en\/#organization","name":"Just Build It O\u00dc","url":"https:\/\/justbuildit.eu\/en\/","logo":{"@type":"ImageObject","inLanguage":"en-US","@id":"https:\/\/justbuildit.eu\/en\/#\/schema\/logo\/image\/","url":"https:\/\/justbuildit.eu\/wp-content\/uploads\/2022\/01\/justbuildit.png","contentUrl":"https:\/\/justbuildit.eu\/wp-content\/uploads\/2022\/01\/justbuildit.png","width":173,"height":77,"caption":"Just Build It O\u00dc"},"image":{"@id":"https:\/\/justbuildit.eu\/en\/#\/schema\/logo\/image\/"},"sameAs":["https:\/\/www.facebook.com\/justbuildit.ee"]}]}},"_links":{"self":[{"href":"https:\/\/justbuildit.eu\/en\/wp-json\/wp\/v2\/product\/385035","targetHints":{"allow":["GET"]}}],"collection":[{"href":"https:\/\/justbuildit.eu\/en\/wp-json\/wp\/v2\/product"}],"about":[{"href":"https:\/\/justbuildit.eu\/en\/wp-json\/wp\/v2\/types\/product"}],"replies":[{"embeddable":true,"href":"https:\/\/justbuildit.eu\/en\/wp-json\/wp\/v2\/comments?post=385035"}],"wp:featuredmedia":[{"embeddable":true,"href":"https:\/\/justbuildit.eu\/en\/wp-json\/wp\/v2\/media\/385036"}],"wp:attachment":[{"href":"https:\/\/justbuildit.eu\/en\/wp-json\/wp\/v2\/media?parent=385035"}],"wp:term":[{"taxonomy":"product_brand","embeddable":true,"href":"https:\/\/justbuildit.eu\/en\/wp-json\/wp\/v2\/product_brand?post=385035"},{"taxonomy":"product_cat","embeddable":true,"href":"https:\/\/justbuildit.eu\/en\/wp-json\/wp\/v2\/product_cat?post=385035"},{"taxonomy":"product_tag","embeddable":true,"href":"https:\/\/justbuildit.eu\/en\/wp-json\/wp\/v2\/product_tag?post=385035"}],"curies":[{"name":"wp","href":"https:\/\/api.w.org\/{rel}","templated":true}]}}