{"id":385055,"date":"2023-12-13T15:58:44","date_gmt":"2023-12-13T12:58:44","guid":{"rendered":"https:\/\/justbuildit.eu\/?post_type=product&#038;p=385055"},"modified":"2026-04-19T12:05:03","modified_gmt":"2026-04-19T09:05:03","slug":"pustolivaht-penosil-fire-rated-gunfoam-b1-187-750ml","status":"publish","type":"product","link":"https:\/\/justbuildit.eu\/en\/pood\/tihendusmaterjalid\/ehitusvahud\/pustolivaht-penosil-fire-rated-gunfoam-b1-187-750ml\/","title":{"rendered":"P\u00dcSTOLIVAHT PENOSIL FIRE RATED GUNFOAM B1 187 750ML"},"content":{"rendered":"<div class=\"row\"  id=\"row-1974322101\">\n<div id=\"col-307259641\" class=\"col medium-9 small-12 large-9\"  >\n<div class=\"col-inner\"  >\n<h3> PENOSIL Fire Rated Gunfoam B1 187 tulet\u00f5kkevaht professionaalseks kasutamiseks 750ml<\/h3>\n<p>PENOSIL Fire Rated Gunfoam B1 187 on v\u00e4hese j\u00e4relpaisumisega tulet\u00f5kkevaht n\u00f5udlikule profikasutajale. Tulep\u00fcsivust on katsetatud koosk\u00f5las Euroopa standardiga EN 1366-4 ja tuletundlikkust koosk\u00f5las standardiga DIN 4102-1. Tulep\u00fcsivuse klass on m\u00e4\u00e4ratud koosk\u00f5las standardiga EN 13501-2.<\/p>\n<div class=\"message-box relative\" style=\"padding-top:15px;padding-bottom:15px;\">\n<div class=\"message-box-bg-image bg-fill fill\" ><\/div>\n<div class=\"message-box-bg-overlay bg-fill fill\" ><\/div>\n<div class=\"container relative\">\n<div class=\"inner last-reset\">\n<div class=\"row align-middle align-center\"  id=\"row-492710590\">\n<div id=\"col-1944333203\" class=\"col small-12 large-12\"  >\n<div class=\"col-inner text-left\"  >\n<h4>Omadused<\/h4>\n<div class=\"row\"  id=\"row-1595679242\">\n<div id=\"col-1307323357\" class=\"col medium-6 small-12 large-6\"  >\n<div class=\"col-inner\"  >\n<p><i class=\"fa fa-check fa-2x\"><\/i> <strong> Hea tulep\u00fcsivusega sertifitseeritud ehitusvaht <\/strong><\/p>\n<p><i class=\"fa fa-check fa-2x\"><\/i> <strong> Kvaliteetne tulemus erinevates ilmastikuoludes<\/strong><\/p>\n<\/p>\n<\/div>\n<style>\n#col-1307323357 > .col-inner {\n  margin: 0px 0px 15px 0px;\n}\n<\/style>\n<\/p>\n<\/div>\n<div id=\"col-2080094684\" class=\"col medium-6 small-12 large-6\"  >\n<div class=\"col-inner\"  >\n<p><i class=\"fa fa-check fa-2x\"><\/i> <strong> \u00dchtlane struktuur ja v\u00e4hene j\u00e4relpaisumine<\/strong><\/p>\n<p><i class=\"fa fa-check fa-2x\"><\/i> <strong> V\u00e4ga hea nake erinevate ehitusmaterjalidega<\/strong><\/p>\n<\/p>\n<\/div>\n<style>\n#col-2080094684 > .col-inner {\n  margin: 0px 0px 15px 0px;\n}\n<\/style>\n<\/p>\n<\/div>\n<\/div>\n<\/div>\n<\/div>\n<\/div>\n<\/div>\n<\/div>\n<\/div>\n<div id=\"gap-1100099724\" class=\"gap-element clearfix\" style=\"display:block; height:auto;\">\n<style>\n#gap-1100099724 {\n  padding-top: 30px;\n}\n<\/style>\n<\/p>\n<\/div>\n<h3>Kasutamise \u00fcksikasjad<\/h3>\n<p><strong>Kasutusalad:<\/strong> Vuukide tihendamiseks tulep\u00fcsivusn\u00f5udega seintes.<br \/>\nTulet\u00f5kkeuste ja -akende paigaldamiseks.<br \/>\nTihendust\u00f6\u00f6deks kohtades, kus on k\u00f5rgendatud n\u00f5uded ehitusmaterjalide tuletundlikkusele.<br \/>\nTavap\u00e4rasteks tihendust\u00f6\u00f6deks.<\/p>\n<p><strong>Kasutusjuhend:<\/strong><br \/>\n Hoidke vahuballooni p\u00fcstises asendis ja keerake see p\u00fcstolile, hoides \u00fche k\u00e4ega p\u00fcstoli k\u00e4epidemest ja keerates teise k\u00e4ega ballooni. J\u00e4lgige keeramise ajal, et p\u00fcstol ei oleks suunatud teiste inimeste poole. \u00c4rge keerake ballooni p\u00fcstolile tagurpidi asendis ega keerake p\u00fcstolit balloonile. P\u00e4rast ballooni kinnitamist raputage seda j\u00f5uliselt v\u00e4hemalt 20 korda ja p\u00f6\u00f6rake kasutusasendisse.<\/p>\n<p>V\u00e4ljuvat vahukogust saab reguleerida p\u00fcstoli p\u00e4\u00e4stikuga.<\/p>\n<p><strong>Kitsendused:<\/strong><br \/>\nTardunud vaht on tundlik ultraviolettkiirguse suhtes ja tuleb kinni katta.<br \/>\nMitte kasutada alaliselt veega kokkupuutuvates kohtades.<br \/>\nIsolatsioonivaht ei nakku pol\u00fcet\u00fcleeni (PE), PTFE (Teflon\u00ae-i) ega silikoonpindadega.<\/p>\n<\/p>\n<\/div>\n<\/div>\n<div id=\"col-4006597\" class=\"col medium-3 small-12 large-3\"  >\n<div class=\"col-inner\"  >\n<div id=\"gap-1405034835\" class=\"gap-element clearfix\" style=\"display:block; height:auto;\">\n<style>\n#gap-1405034835 {\n  padding-top: 30px;\n}\n<\/style>\n<\/p>\n<\/div>\n<h3>Tehniline informatsioon<\/h3>\n<p><a href=\"https:\/\/espak.ee\/epood\/wp-content\/uploads\/2022\/03\/187_PENOSIL_Fire_Rated_Gunfoam_B1_187_TDS_est.pdf\"target=\"_blank\" rel=\"noopener noreferrer\"><i class=\"far fa-file-pdf\"><\/i> Tehniline info (PDF)<\/a><\/p>\n<div class=\"is-divider divider clearfix\" ><\/div>\n<p><strong>\u00dcksikasjalikuma n\u00f5u saamiseks v\u00f5tke \u00fchendust:<br \/><\/strong>Wolf Group O\u00dc<br \/>Suur-Paala 6<br \/>13619<br \/>Tallinn<br \/>+372 605 9301<\/p>\n<\/p>\n<\/div>\n<\/div>\n<\/div>\n","protected":false},"excerpt":{"rendered":"<p>PENOSIL Fire Rated Gunfoam B1 187 on v\u00e4hese j\u00e4relpaisumisega tulet\u00f5kkevaht n\u00f5udlikule profikasutajale. Tulep\u00fcsivust on katsetatud koosk\u00f5las Euroopa standardiga EN 1366-4 ja tuletundlikkust koosk\u00f5las standardiga DIN 4102-1. Tulep\u00fcsivuse klass on m\u00e4\u00e4ratud koosk\u00f5las standardiga EN 13501-2.<\/p>","protected":false},"featured_media":385056,"comment_status":"open","ping_status":"closed","template":"","meta":{"_acf_changed":false},"product_brand":[],"product_cat":[109,498],"product_tag":[],"class_list":{"0":"post-385055","1":"product","2":"type-product","3":"status-publish","4":"has-post-thumbnail","6":"product_cat-ehitusvahud","7":"product_cat-espak","9":"first","10":"instock","11":"sale","12":"shipping-taxable","13":"purchasable","14":"product-type-simple"},"acf":[],"yoast_head":"<!-- This site is optimized with the Yoast SEO Premium plugin v18.7 (Yoast SEO v26.5) - https:\/\/yoast.com\/wordpress\/plugins\/seo\/ -->\n<title>P\u00dcSTOLIVAHT PENOSIL FIRE RATED GUNFOAM B1 187 750ML - Ehituslahendused<\/title>\n<meta name=\"robots\" content=\"index, follow, max-snippet:-1, max-image-preview:large, max-video-preview:-1\" \/>\n<link rel=\"canonical\" href=\"https:\/\/justbuildit.eu\/en\/pood\/tihendusmaterjalid\/ehitusvahud\/pustolivaht-penosil-fire-rated-gunfoam-b1-187-750ml\/\" \/>\n<meta property=\"og:locale\" content=\"en_US\" \/>\n<meta property=\"og:type\" content=\"article\" \/>\n<meta property=\"og:title\" content=\"P\u00dcSTOLIVAHT PENOSIL FIRE RATED GUNFOAM B1 187 750ML\" \/>\n<meta property=\"og:description\" content=\"PENOSIL Fire Rated Gunfoam B1 187 on v\u00e4hese j\u00e4relpaisumisega tulet\u00f5kkevaht n\u00f5udlikule profikasutajale. Tulep\u00fcsivust on katsetatud koosk\u00f5las Euroopa standardiga EN 1366-4 ja tuletundlikkust koosk\u00f5las standardiga DIN 4102-1. Tulep\u00fcsivuse klass on m\u00e4\u00e4ratud koosk\u00f5las standardiga EN 13501-2.\" \/>\n<meta property=\"og:url\" content=\"https:\/\/justbuildit.eu\/en\/pood\/tihendusmaterjalid\/ehitusvahud\/pustolivaht-penosil-fire-rated-gunfoam-b1-187-750ml\/\" \/>\n<meta property=\"og:site_name\" content=\"Ehituslahendused\" \/>\n<meta property=\"article:publisher\" content=\"https:\/\/www.facebook.com\/justbuildit.ee\" \/>\n<meta property=\"article:modified_time\" content=\"2026-04-19T09:05:03+00:00\" \/>\n<meta property=\"og:image\" content=\"https:\/\/justbuildit.eu\/wp-content\/uploads\/2023\/12\/187_Fire_Rated_Gunfoam_B1_187_EE_FI.jpg\" \/>\n\t<meta property=\"og:image:width\" content=\"800\" \/>\n\t<meta property=\"og:image:height\" content=\"800\" \/>\n\t<meta property=\"og:image:type\" content=\"image\/jpeg\" \/>\n<meta name=\"twitter:card\" content=\"summary_large_image\" \/>\n<script type=\"application\/ld+json\" class=\"yoast-schema-graph\">{\"@context\":\"https:\/\/schema.org\",\"@graph\":[{\"@type\":\"WebPage\",\"@id\":\"https:\/\/justbuildit.eu\/en\/pood\/tihendusmaterjalid\/ehitusvahud\/pustolivaht-penosil-fire-rated-gunfoam-b1-187-750ml\/\",\"url\":\"https:\/\/justbuildit.eu\/en\/pood\/tihendusmaterjalid\/ehitusvahud\/pustolivaht-penosil-fire-rated-gunfoam-b1-187-750ml\/\",\"name\":\"P\u00dcSTOLIVAHT PENOSIL FIRE RATED GUNFOAM B1 187 750ML - Ehituslahendused\",\"isPartOf\":{\"@id\":\"https:\/\/justbuildit.eu\/en\/#website\"},\"primaryImageOfPage\":{\"@id\":\"https:\/\/justbuildit.eu\/en\/pood\/tihendusmaterjalid\/ehitusvahud\/pustolivaht-penosil-fire-rated-gunfoam-b1-187-750ml\/#primaryimage\"},\"image\":{\"@id\":\"https:\/\/justbuildit.eu\/en\/pood\/tihendusmaterjalid\/ehitusvahud\/pustolivaht-penosil-fire-rated-gunfoam-b1-187-750ml\/#primaryimage\"},\"thumbnailUrl\":\"https:\/\/justbuildit.eu\/wp-content\/uploads\/2023\/12\/187_Fire_Rated_Gunfoam_B1_187_EE_FI.jpg\",\"datePublished\":\"2023-12-13T12:58:44+00:00\",\"dateModified\":\"2026-04-19T09:05:03+00:00\",\"breadcrumb\":{\"@id\":\"https:\/\/justbuildit.eu\/en\/pood\/tihendusmaterjalid\/ehitusvahud\/pustolivaht-penosil-fire-rated-gunfoam-b1-187-750ml\/#breadcrumb\"},\"inLanguage\":\"en-US\",\"potentialAction\":[{\"@type\":\"ReadAction\",\"target\":[\"https:\/\/justbuildit.eu\/en\/pood\/tihendusmaterjalid\/ehitusvahud\/pustolivaht-penosil-fire-rated-gunfoam-b1-187-750ml\/\"]}]},{\"@type\":\"ImageObject\",\"inLanguage\":\"en-US\",\"@id\":\"https:\/\/justbuildit.eu\/en\/pood\/tihendusmaterjalid\/ehitusvahud\/pustolivaht-penosil-fire-rated-gunfoam-b1-187-750ml\/#primaryimage\",\"url\":\"https:\/\/justbuildit.eu\/wp-content\/uploads\/2023\/12\/187_Fire_Rated_Gunfoam_B1_187_EE_FI.jpg\",\"contentUrl\":\"https:\/\/justbuildit.eu\/wp-content\/uploads\/2023\/12\/187_Fire_Rated_Gunfoam_B1_187_EE_FI.jpg\",\"width\":800,\"height\":800},{\"@type\":\"BreadcrumbList\",\"@id\":\"https:\/\/justbuildit.eu\/en\/pood\/tihendusmaterjalid\/ehitusvahud\/pustolivaht-penosil-fire-rated-gunfoam-b1-187-750ml\/#breadcrumb\",\"itemListElement\":[{\"@type\":\"ListItem\",\"position\":1,\"name\":\"Home\",\"item\":\"https:\/\/justbuildit.eu\/en\/\"},{\"@type\":\"ListItem\",\"position\":2,\"name\":\"Shop\",\"item\":\"https:\/\/justbuildit.eu\/en\/building-materials\/\"},{\"@type\":\"ListItem\",\"position\":3,\"name\":\"P\u00dcSTOLIVAHT PENOSIL FIRE RATED GUNFOAM B1 187 750ML\"}]},{\"@type\":\"WebSite\",\"@id\":\"https:\/\/justbuildit.eu\/en\/#website\",\"url\":\"https:\/\/justbuildit.eu\/en\/\",\"name\":\"Ehituslahendused\",\"description\":\"Ehituslahendused ja materjalid\",\"publisher\":{\"@id\":\"https:\/\/justbuildit.eu\/en\/#organization\"},\"potentialAction\":[{\"@type\":\"SearchAction\",\"target\":{\"@type\":\"EntryPoint\",\"urlTemplate\":\"https:\/\/justbuildit.eu\/en\/?s={search_term_string}\"},\"query-input\":{\"@type\":\"PropertyValueSpecification\",\"valueRequired\":true,\"valueName\":\"search_term_string\"}}],\"inLanguage\":\"en-US\"},{\"@type\":\"Organization\",\"@id\":\"https:\/\/justbuildit.eu\/en\/#organization\",\"name\":\"Just Build It O\u00dc\",\"url\":\"https:\/\/justbuildit.eu\/en\/\",\"logo\":{\"@type\":\"ImageObject\",\"inLanguage\":\"en-US\",\"@id\":\"https:\/\/justbuildit.eu\/en\/#\/schema\/logo\/image\/\",\"url\":\"https:\/\/justbuildit.eu\/wp-content\/uploads\/2022\/01\/justbuildit.png\",\"contentUrl\":\"https:\/\/justbuildit.eu\/wp-content\/uploads\/2022\/01\/justbuildit.png\",\"width\":173,\"height\":77,\"caption\":\"Just Build It O\u00dc\"},\"image\":{\"@id\":\"https:\/\/justbuildit.eu\/en\/#\/schema\/logo\/image\/\"},\"sameAs\":[\"https:\/\/www.facebook.com\/justbuildit.ee\"]}]}<\/script>\n<!-- \/ Yoast SEO Premium plugin. -->","yoast_head_json":{"title":"P\u00dcSTOLIVAHT PENOSIL FIRE RATED GUNFOAM B1 187 750ML - Ehituslahendused","robots":{"index":"index","follow":"follow","max-snippet":"max-snippet:-1","max-image-preview":"max-image-preview:large","max-video-preview":"max-video-preview:-1"},"canonical":"https:\/\/justbuildit.eu\/en\/pood\/tihendusmaterjalid\/ehitusvahud\/pustolivaht-penosil-fire-rated-gunfoam-b1-187-750ml\/","og_locale":"en_US","og_type":"article","og_title":"P\u00dcSTOLIVAHT PENOSIL FIRE RATED GUNFOAM B1 187 750ML","og_description":"PENOSIL Fire Rated Gunfoam B1 187 on v\u00e4hese j\u00e4relpaisumisega tulet\u00f5kkevaht n\u00f5udlikule profikasutajale. Tulep\u00fcsivust on katsetatud koosk\u00f5las Euroopa standardiga EN 1366-4 ja tuletundlikkust koosk\u00f5las standardiga DIN 4102-1. Tulep\u00fcsivuse klass on m\u00e4\u00e4ratud koosk\u00f5las standardiga EN 13501-2.","og_url":"https:\/\/justbuildit.eu\/en\/pood\/tihendusmaterjalid\/ehitusvahud\/pustolivaht-penosil-fire-rated-gunfoam-b1-187-750ml\/","og_site_name":"Ehituslahendused","article_publisher":"https:\/\/www.facebook.com\/justbuildit.ee","article_modified_time":"2026-04-19T09:05:03+00:00","og_image":[{"width":800,"height":800,"url":"https:\/\/justbuildit.eu\/wp-content\/uploads\/2023\/12\/187_Fire_Rated_Gunfoam_B1_187_EE_FI.jpg","type":"image\/jpeg"}],"twitter_card":"summary_large_image","schema":{"@context":"https:\/\/schema.org","@graph":[{"@type":"WebPage","@id":"https:\/\/justbuildit.eu\/en\/pood\/tihendusmaterjalid\/ehitusvahud\/pustolivaht-penosil-fire-rated-gunfoam-b1-187-750ml\/","url":"https:\/\/justbuildit.eu\/en\/pood\/tihendusmaterjalid\/ehitusvahud\/pustolivaht-penosil-fire-rated-gunfoam-b1-187-750ml\/","name":"P\u00dcSTOLIVAHT PENOSIL FIRE RATED GUNFOAM B1 187 750ML - Ehituslahendused","isPartOf":{"@id":"https:\/\/justbuildit.eu\/en\/#website"},"primaryImageOfPage":{"@id":"https:\/\/justbuildit.eu\/en\/pood\/tihendusmaterjalid\/ehitusvahud\/pustolivaht-penosil-fire-rated-gunfoam-b1-187-750ml\/#primaryimage"},"image":{"@id":"https:\/\/justbuildit.eu\/en\/pood\/tihendusmaterjalid\/ehitusvahud\/pustolivaht-penosil-fire-rated-gunfoam-b1-187-750ml\/#primaryimage"},"thumbnailUrl":"https:\/\/justbuildit.eu\/wp-content\/uploads\/2023\/12\/187_Fire_Rated_Gunfoam_B1_187_EE_FI.jpg","datePublished":"2023-12-13T12:58:44+00:00","dateModified":"2026-04-19T09:05:03+00:00","breadcrumb":{"@id":"https:\/\/justbuildit.eu\/en\/pood\/tihendusmaterjalid\/ehitusvahud\/pustolivaht-penosil-fire-rated-gunfoam-b1-187-750ml\/#breadcrumb"},"inLanguage":"en-US","potentialAction":[{"@type":"ReadAction","target":["https:\/\/justbuildit.eu\/en\/pood\/tihendusmaterjalid\/ehitusvahud\/pustolivaht-penosil-fire-rated-gunfoam-b1-187-750ml\/"]}]},{"@type":"ImageObject","inLanguage":"en-US","@id":"https:\/\/justbuildit.eu\/en\/pood\/tihendusmaterjalid\/ehitusvahud\/pustolivaht-penosil-fire-rated-gunfoam-b1-187-750ml\/#primaryimage","url":"https:\/\/justbuildit.eu\/wp-content\/uploads\/2023\/12\/187_Fire_Rated_Gunfoam_B1_187_EE_FI.jpg","contentUrl":"https:\/\/justbuildit.eu\/wp-content\/uploads\/2023\/12\/187_Fire_Rated_Gunfoam_B1_187_EE_FI.jpg","width":800,"height":800},{"@type":"BreadcrumbList","@id":"https:\/\/justbuildit.eu\/en\/pood\/tihendusmaterjalid\/ehitusvahud\/pustolivaht-penosil-fire-rated-gunfoam-b1-187-750ml\/#breadcrumb","itemListElement":[{"@type":"ListItem","position":1,"name":"Home","item":"https:\/\/justbuildit.eu\/en\/"},{"@type":"ListItem","position":2,"name":"Shop","item":"https:\/\/justbuildit.eu\/en\/building-materials\/"},{"@type":"ListItem","position":3,"name":"P\u00dcSTOLIVAHT PENOSIL FIRE RATED GUNFOAM B1 187 750ML"}]},{"@type":"WebSite","@id":"https:\/\/justbuildit.eu\/en\/#website","url":"https:\/\/justbuildit.eu\/en\/","name":"Ehituslahendused","description":"Ehituslahendused ja materjalid","publisher":{"@id":"https:\/\/justbuildit.eu\/en\/#organization"},"potentialAction":[{"@type":"SearchAction","target":{"@type":"EntryPoint","urlTemplate":"https:\/\/justbuildit.eu\/en\/?s={search_term_string}"},"query-input":{"@type":"PropertyValueSpecification","valueRequired":true,"valueName":"search_term_string"}}],"inLanguage":"en-US"},{"@type":"Organization","@id":"https:\/\/justbuildit.eu\/en\/#organization","name":"Just Build It O\u00dc","url":"https:\/\/justbuildit.eu\/en\/","logo":{"@type":"ImageObject","inLanguage":"en-US","@id":"https:\/\/justbuildit.eu\/en\/#\/schema\/logo\/image\/","url":"https:\/\/justbuildit.eu\/wp-content\/uploads\/2022\/01\/justbuildit.png","contentUrl":"https:\/\/justbuildit.eu\/wp-content\/uploads\/2022\/01\/justbuildit.png","width":173,"height":77,"caption":"Just Build It O\u00dc"},"image":{"@id":"https:\/\/justbuildit.eu\/en\/#\/schema\/logo\/image\/"},"sameAs":["https:\/\/www.facebook.com\/justbuildit.ee"]}]}},"_links":{"self":[{"href":"https:\/\/justbuildit.eu\/en\/wp-json\/wp\/v2\/product\/385055","targetHints":{"allow":["GET"]}}],"collection":[{"href":"https:\/\/justbuildit.eu\/en\/wp-json\/wp\/v2\/product"}],"about":[{"href":"https:\/\/justbuildit.eu\/en\/wp-json\/wp\/v2\/types\/product"}],"replies":[{"embeddable":true,"href":"https:\/\/justbuildit.eu\/en\/wp-json\/wp\/v2\/comments?post=385055"}],"wp:featuredmedia":[{"embeddable":true,"href":"https:\/\/justbuildit.eu\/en\/wp-json\/wp\/v2\/media\/385056"}],"wp:attachment":[{"href":"https:\/\/justbuildit.eu\/en\/wp-json\/wp\/v2\/media?parent=385055"}],"wp:term":[{"taxonomy":"product_brand","embeddable":true,"href":"https:\/\/justbuildit.eu\/en\/wp-json\/wp\/v2\/product_brand?post=385055"},{"taxonomy":"product_cat","embeddable":true,"href":"https:\/\/justbuildit.eu\/en\/wp-json\/wp\/v2\/product_cat?post=385055"},{"taxonomy":"product_tag","embeddable":true,"href":"https:\/\/justbuildit.eu\/en\/wp-json\/wp\/v2\/product_tag?post=385055"}],"curies":[{"name":"wp","href":"https:\/\/api.w.org\/{rel}","templated":true}]}}