{"id":385068,"date":"2023-12-13T16:01:28","date_gmt":"2023-12-13T13:01:28","guid":{"rendered":"https:\/\/justbuildit.eu\/?post_type=product&#038;p=385068"},"modified":"2026-04-18T12:05:00","modified_gmt":"2026-04-18T09:05:00","slug":"silikoon-penosil-all-weather-sealant-919-varvitu-310ml","status":"publish","type":"product","link":"https:\/\/justbuildit.eu\/en\/pood\/tihendusmaterjalid\/hermeetikud-silikoonid-akruulid\/silikoon-penosil-all-weather-sealant-919-varvitu-310ml\/","title":{"rendered":"SILIKOON PENOSIL ALL WEATHER SEALANT 919 V\u00c4RVITU 310ML"},"content":{"rendered":"<div class=\"row\"  id=\"row-1053128596\">\n<div id=\"col-524080476\" class=\"col medium-9 small-12 large-9\"  >\n<div class=\"col-inner\"  >\n<h3>PENOSIL All Weather Sealant 919 veekindel hermeetik<\/h3>\n<p>PENOSIL All Weather Sealant 919 on silikoonivaba koheselt veekindel kaut\u0161ukip\u00f5hine hermeetik, mida saab kasutada kiireteks fassaadi ja katuse remondit\u00f6\u00f6deks isegi vihma ajal. Nakkub h\u00e4sti enamiku tavaliste katusekattematerjalidega, saab kanda ka niisketele, kergelt \u00f5listele ja bituumenpindadele.<\/p>\n<div class=\"message-box relative\" style=\"padding-top:15px;padding-bottom:15px;\">\n<div class=\"message-box-bg-image bg-fill fill\" ><\/div>\n<div class=\"message-box-bg-overlay bg-fill fill\" ><\/div>\n<div class=\"container relative\">\n<div class=\"inner last-reset\">\n<div class=\"row align-middle align-center\"  id=\"row-937978428\">\n<div id=\"col-105760321\" class=\"col small-12 large-12\"  >\n<div class=\"col-inner text-left\"  >\n<h4>Omadused<\/h4>\n<div class=\"row\"  id=\"row-331828911\">\n<div id=\"col-88255095\" class=\"col medium-6 small-12 large-6\"  >\n<div class=\"col-inner\"  >\n<p><i class=\"fa fa-cloud-sun-rain fa-2x\"><\/i> <strong>Hallitus- UV- ja ilmastikukindel<\/strong><\/p>\n<p><i class=\"fa fa-clock-four fa-2x\"><\/i> <strong>Pika s\u00e4ilivusajaga<\/strong><\/p>\n<\/p>\n<\/div>\n<style>\n#col-88255095 > .col-inner {\n  margin: 0px 0px 15px 0px;\n}\n<\/style>\n<\/p>\n<\/div>\n<div id=\"col-129473591\" class=\"col medium-6 small-12 large-6\"  >\n<div class=\"col-inner\"  >\n<p><i class=\"fa fa-fill fa-2x\"><\/i> <strong>\u00dclev\u00e4rvitav<\/strong><\/p>\n<p><i class=\"far fa-check-circle fa-2x\"><\/i> <strong>L\u00e4bipaistev ja m\u00e4rkamatu<\/strong><\/p>\n<\/p>\n<\/div>\n<style>\n#col-129473591 > .col-inner {\n  margin: 0px 0px 15px 0px;\n}\n<\/style>\n<\/p>\n<\/div>\n<\/div>\n<\/div>\n<\/div>\n<\/div>\n<\/div>\n<\/div>\n<\/div>\n<div id=\"gap-1809693764\" class=\"gap-element clearfix\" style=\"display:block; height:auto;\">\n<style>\n#gap-1809693764 {\n  padding-top: 30px;\n}\n<\/style>\n<\/p>\n<\/div>\n<h3>Kasutamise \u00fcksikasjad<\/h3>\n<p><strong>Kasutusalad:<\/strong> \u00dcldkasutatav hermeetik sise- ja v\u00e4list\u00f6\u00f6deks, n\u00e4iteks katuset\u00f6\u00f6d<\/p>\n<p><strong>Kasutamistingimused:<\/strong> Kasutamistemperatuur -5\u00b0C kuni +40\u00b0C. Pinnad peavad olema puhtad tolmust ja lahtistest osakestest. Poorsed pinnad peavad olema kuivad ja \u00f5livabad.<\/p>\n<p><strong>Kasutusjuhend:<\/strong> Enne kasutamist hoida toodet v\u00e4hemalt 24 h toatemperatuuril. Hermeetikuga kokku puutuvad pinnad peavad olema puhtad ning vabad lahtistest osakestest nagu tolm, rooste jms. Nakkub ka m\u00e4rgade ja veidi \u00f5liste mittepoorsete pindadega, kuid poorsed pinnad peaksid olema parema nakke saavutamiseks kuivad. Padruni keermestatud ots lahti l\u00f5igata ja keerata peale paigaldusotsik hermeetiku suunamiseks. Otsik l\u00f5igata 45\u00b0 nurga all nii, et tekiks doseerimiseks sobiv ava. Asetada padrun koos otsikuga p\u00fcstolisse ja t\u00e4ita paigaldusotsik hermeetikuga, pumbates korduvalt p\u00fcstoli p\u00e4\u00e4stikut. Paigaldada hermeetik vuuki, surudes korduvalt ja \u00fchtlaselt p\u00fcstoli p\u00e4\u00e4stikule ning vedades pidevalt otsikut piki vuuki. Peale hermeetiku pealekandmist siluda see kummist silikoonilabidaga. Eemaldada \u00fcleliigne mass. N\u00e4puga siludes kasutada ohtralt seebivett. Vuukide nurki v\u00f5ib hermetiseerimise ajaks teipida, kuid teip tuleb eemaldada kohe p\u00e4rast toote viimistlemist, enne hermeetiku tahkumist. Hermeetik v\u00f5ib veega pideva kokkupuute korral v\u00e4rvuda kollaseks, mis aga ei m\u00f5juta materjali kvaliteeti. Tardumise ajal tagada piisav \u00f5huvahetus, v\u00e4ltida mustuse ladestumist materjali pinnale ja hoolitseda, et vuugi pealispinda ei m\u00f5jutaks mehaaniline koormus. Hermeetiku pind j\u00e4\u00e4b p\u00e4rast kuivamist kergelt kleepuvaks. Hermeetikut v\u00f5ib v\u00e4rvida ja lakkida. Hermeetiku kuivamine v\u00f5ib aeglustuda, kui kasutada lahustip\u00f5hiseid v\u00e4rve. Soovitatav on teha proovit\u00f6\u00f6.<\/p>\n<p><strong>Puhastamine:<\/strong> Tardumata hermeetiku puhastamiseks kasutada puhastuslappe PENOSIL Premium Cleaning Wipes. Tardunud hermeetik eemaldada mehaaniliselt.<\/p>\n<p><strong>S\u00e4ilitamine:<\/strong> Garanteeritud s\u00e4ilivusaeg 24 kuud tootmisp\u00e4evast, ladustatuna niiskuskindlalt suletud originaalpakendis kuivas kohas temperatuuridel +5\u00b0C kuni +30\u00b0C. Temperatuur ei tohi ka l\u00fchiajaliselt t\u00f5usta \u00fcle +60\u00b0C. Toode on k\u00fclmumiskindel. Mitte ladustada lahtise tule v\u00f5i aktiivse soojusallika l\u00e4heduses.<\/p>\n<p><strong>Ohutus:<\/strong> Korduv toime v\u00f5ib p\u00f5hjustada naha kuivust v\u00f5i l\u00f5henemist. V\u00e4ltida kemikaali sattumist nahale ja silma. Aurud v\u00f5ivad p\u00f5hjustada uimasust ja peap\u00f6\u00f6ritust. Hoida lastele k\u00e4ttesaamatus kohas. Kemikaal ja pakend tuleb j\u00e4\u00e4tmetena h\u00e4vitada ohutult. T\u00e4psem ohutusinfo on k\u00e4ttesaadav toote ohutuskaardil (SDS)<\/p>\n<\/p>\n<\/div>\n<\/div>\n<div id=\"col-1858209532\" class=\"col medium-3 small-12 large-3\"  >\n<div class=\"col-inner\"  >\n<div id=\"gap-1938986366\" class=\"gap-element clearfix\" style=\"display:block; height:auto;\">\n<style>\n#gap-1938986366 {\n  padding-top: 30px;\n}\n<\/style>\n<\/p>\n<\/div>\n<h3>Tehniline informatsioon<\/h3>\n<p><a href=\"https:\/\/espak.ee\/epood\/wp-content\/uploads\/2522_PENOSIL_Premium_All_Weather_Sealant_TDS_est.pdf\" target=\"_blank\" rel=\"noopener noreferrer\"><i class=\"far fa-file-pdf\"><\/i> Tehniline info (PDF)<\/a><\/p>\n<h3>Ohutusalane teave<\/h3>\n<p><a href=\"https:\/\/espak.ee\/epood\/wp-content\/uploads\/ohutus.pdf\" target=\"_blank\" rel=\"noopener noreferrer\"><i class=\"far fa-file-pdf\"><\/i> Ohutusalane teave (PDF)<\/a><\/p>\n<div class=\"is-divider divider clearfix\" ><\/div>\n<p><strong>\u00dcksikasjalikuma n\u00f5u saamiseks v\u00f5tke \u00fchendust:<br \/><\/strong>Wolf Group O\u00dc<br \/>Suur-Paala 6<br \/>13619<br \/>Tallinn<br \/>+372 605 9301<\/p>\n<\/p>\n<\/div>\n<\/div>\n<\/div>\n","protected":false},"excerpt":{"rendered":"<p>PENOSIL All Weather Sealant 919 on silikoonivaba koheselt veekindel kaut\u0161ukip\u00f5hine hermeetik, mida saab kasutada kiireteks fassaadi ja katuse remondit\u00f6\u00f6deks isegi vihma ajal. Nakkub h\u00e4sti enamiku tavaliste katusekattematerjalidega, saab kanda ka niisketele, kergelt \u00f5listele ja bituumenpindadele.<\/p>","protected":false},"featured_media":385069,"comment_status":"open","ping_status":"closed","template":"","meta":{"_acf_changed":false},"product_brand":[],"product_cat":[110,733,498],"product_tag":[],"class_list":{"0":"post-385068","1":"product","2":"type-product","3":"status-publish","4":"has-post-thumbnail","6":"product_cat-hermeetikud-silikoonid-akruulid","7":"product_cat-ehituskeemia","8":"product_cat-espak","10":"first","11":"instock","12":"sale","13":"shipping-taxable","14":"purchasable","15":"product-type-simple"},"acf":[],"yoast_head":"<!-- This site is optimized with the Yoast SEO Premium plugin v18.7 (Yoast SEO v26.5) - https:\/\/yoast.com\/wordpress\/plugins\/seo\/ -->\n<title>SILIKOON PENOSIL ALL WEATHER SEALANT 919 V\u00c4RVITU 310ML - Ehituslahendused<\/title>\n<meta name=\"robots\" content=\"index, follow, max-snippet:-1, max-image-preview:large, max-video-preview:-1\" \/>\n<link rel=\"canonical\" href=\"https:\/\/justbuildit.eu\/en\/pood\/tihendusmaterjalid\/hermeetikud-silikoonid-akruulid\/silikoon-penosil-all-weather-sealant-919-varvitu-310ml\/\" \/>\n<meta property=\"og:locale\" content=\"en_US\" \/>\n<meta property=\"og:type\" content=\"article\" \/>\n<meta property=\"og:title\" content=\"SILIKOON PENOSIL ALL WEATHER SEALANT 919 V\u00c4RVITU 310ML\" \/>\n<meta property=\"og:description\" content=\"PENOSIL All Weather Sealant 919 on silikoonivaba koheselt veekindel kaut\u0161ukip\u00f5hine hermeetik, mida saab kasutada kiireteks fassaadi ja katuse remondit\u00f6\u00f6deks isegi vihma ajal. Nakkub h\u00e4sti enamiku tavaliste katusekattematerjalidega, saab kanda ka niisketele, kergelt \u00f5listele ja bituumenpindadele.\" \/>\n<meta property=\"og:url\" content=\"https:\/\/justbuildit.eu\/en\/pood\/tihendusmaterjalid\/hermeetikud-silikoonid-akruulid\/silikoon-penosil-all-weather-sealant-919-varvitu-310ml\/\" \/>\n<meta property=\"og:site_name\" content=\"Ehituslahendused\" \/>\n<meta property=\"article:publisher\" content=\"https:\/\/www.facebook.com\/justbuildit.ee\" \/>\n<meta property=\"article:modified_time\" content=\"2026-04-18T09:05:00+00:00\" \/>\n<meta property=\"og:image\" content=\"https:\/\/justbuildit.eu\/wp-content\/uploads\/2023\/12\/919_All_Weather_Sealant_919_EE_FI.png.jpg\" \/>\n\t<meta property=\"og:image:width\" content=\"800\" \/>\n\t<meta property=\"og:image:height\" content=\"800\" \/>\n\t<meta property=\"og:image:type\" content=\"image\/jpeg\" \/>\n<meta name=\"twitter:card\" content=\"summary_large_image\" \/>\n<script type=\"application\/ld+json\" class=\"yoast-schema-graph\">{\"@context\":\"https:\/\/schema.org\",\"@graph\":[{\"@type\":\"WebPage\",\"@id\":\"https:\/\/justbuildit.eu\/en\/pood\/tihendusmaterjalid\/hermeetikud-silikoonid-akruulid\/silikoon-penosil-all-weather-sealant-919-varvitu-310ml\/\",\"url\":\"https:\/\/justbuildit.eu\/en\/pood\/tihendusmaterjalid\/hermeetikud-silikoonid-akruulid\/silikoon-penosil-all-weather-sealant-919-varvitu-310ml\/\",\"name\":\"SILIKOON PENOSIL ALL WEATHER SEALANT 919 V\u00c4RVITU 310ML - Ehituslahendused\",\"isPartOf\":{\"@id\":\"https:\/\/justbuildit.eu\/en\/#website\"},\"primaryImageOfPage\":{\"@id\":\"https:\/\/justbuildit.eu\/en\/pood\/tihendusmaterjalid\/hermeetikud-silikoonid-akruulid\/silikoon-penosil-all-weather-sealant-919-varvitu-310ml\/#primaryimage\"},\"image\":{\"@id\":\"https:\/\/justbuildit.eu\/en\/pood\/tihendusmaterjalid\/hermeetikud-silikoonid-akruulid\/silikoon-penosil-all-weather-sealant-919-varvitu-310ml\/#primaryimage\"},\"thumbnailUrl\":\"https:\/\/justbuildit.eu\/wp-content\/uploads\/2023\/12\/919_All_Weather_Sealant_919_EE_FI.png.jpg\",\"datePublished\":\"2023-12-13T13:01:28+00:00\",\"dateModified\":\"2026-04-18T09:05:00+00:00\",\"breadcrumb\":{\"@id\":\"https:\/\/justbuildit.eu\/en\/pood\/tihendusmaterjalid\/hermeetikud-silikoonid-akruulid\/silikoon-penosil-all-weather-sealant-919-varvitu-310ml\/#breadcrumb\"},\"inLanguage\":\"en-US\",\"potentialAction\":[{\"@type\":\"ReadAction\",\"target\":[\"https:\/\/justbuildit.eu\/en\/pood\/tihendusmaterjalid\/hermeetikud-silikoonid-akruulid\/silikoon-penosil-all-weather-sealant-919-varvitu-310ml\/\"]}]},{\"@type\":\"ImageObject\",\"inLanguage\":\"en-US\",\"@id\":\"https:\/\/justbuildit.eu\/en\/pood\/tihendusmaterjalid\/hermeetikud-silikoonid-akruulid\/silikoon-penosil-all-weather-sealant-919-varvitu-310ml\/#primaryimage\",\"url\":\"https:\/\/justbuildit.eu\/wp-content\/uploads\/2023\/12\/919_All_Weather_Sealant_919_EE_FI.png.jpg\",\"contentUrl\":\"https:\/\/justbuildit.eu\/wp-content\/uploads\/2023\/12\/919_All_Weather_Sealant_919_EE_FI.png.jpg\",\"width\":800,\"height\":800},{\"@type\":\"BreadcrumbList\",\"@id\":\"https:\/\/justbuildit.eu\/en\/pood\/tihendusmaterjalid\/hermeetikud-silikoonid-akruulid\/silikoon-penosil-all-weather-sealant-919-varvitu-310ml\/#breadcrumb\",\"itemListElement\":[{\"@type\":\"ListItem\",\"position\":1,\"name\":\"Home\",\"item\":\"https:\/\/justbuildit.eu\/en\/\"},{\"@type\":\"ListItem\",\"position\":2,\"name\":\"Shop\",\"item\":\"https:\/\/justbuildit.eu\/en\/building-materials\/\"},{\"@type\":\"ListItem\",\"position\":3,\"name\":\"SILIKOON PENOSIL ALL WEATHER SEALANT 919 V\u00c4RVITU 310ML\"}]},{\"@type\":\"WebSite\",\"@id\":\"https:\/\/justbuildit.eu\/en\/#website\",\"url\":\"https:\/\/justbuildit.eu\/en\/\",\"name\":\"Ehituslahendused\",\"description\":\"Ehituslahendused ja materjalid\",\"publisher\":{\"@id\":\"https:\/\/justbuildit.eu\/en\/#organization\"},\"potentialAction\":[{\"@type\":\"SearchAction\",\"target\":{\"@type\":\"EntryPoint\",\"urlTemplate\":\"https:\/\/justbuildit.eu\/en\/?s={search_term_string}\"},\"query-input\":{\"@type\":\"PropertyValueSpecification\",\"valueRequired\":true,\"valueName\":\"search_term_string\"}}],\"inLanguage\":\"en-US\"},{\"@type\":\"Organization\",\"@id\":\"https:\/\/justbuildit.eu\/en\/#organization\",\"name\":\"Just Build It O\u00dc\",\"url\":\"https:\/\/justbuildit.eu\/en\/\",\"logo\":{\"@type\":\"ImageObject\",\"inLanguage\":\"en-US\",\"@id\":\"https:\/\/justbuildit.eu\/en\/#\/schema\/logo\/image\/\",\"url\":\"https:\/\/justbuildit.eu\/wp-content\/uploads\/2022\/01\/justbuildit.png\",\"contentUrl\":\"https:\/\/justbuildit.eu\/wp-content\/uploads\/2022\/01\/justbuildit.png\",\"width\":173,\"height\":77,\"caption\":\"Just Build It O\u00dc\"},\"image\":{\"@id\":\"https:\/\/justbuildit.eu\/en\/#\/schema\/logo\/image\/\"},\"sameAs\":[\"https:\/\/www.facebook.com\/justbuildit.ee\"]}]}<\/script>\n<!-- \/ Yoast SEO Premium plugin. -->","yoast_head_json":{"title":"SILIKOON PENOSIL ALL WEATHER SEALANT 919 V\u00c4RVITU 310ML - Ehituslahendused","robots":{"index":"index","follow":"follow","max-snippet":"max-snippet:-1","max-image-preview":"max-image-preview:large","max-video-preview":"max-video-preview:-1"},"canonical":"https:\/\/justbuildit.eu\/en\/pood\/tihendusmaterjalid\/hermeetikud-silikoonid-akruulid\/silikoon-penosil-all-weather-sealant-919-varvitu-310ml\/","og_locale":"en_US","og_type":"article","og_title":"SILIKOON PENOSIL ALL WEATHER SEALANT 919 V\u00c4RVITU 310ML","og_description":"PENOSIL All Weather Sealant 919 on silikoonivaba koheselt veekindel kaut\u0161ukip\u00f5hine hermeetik, mida saab kasutada kiireteks fassaadi ja katuse remondit\u00f6\u00f6deks isegi vihma ajal. Nakkub h\u00e4sti enamiku tavaliste katusekattematerjalidega, saab kanda ka niisketele, kergelt \u00f5listele ja bituumenpindadele.","og_url":"https:\/\/justbuildit.eu\/en\/pood\/tihendusmaterjalid\/hermeetikud-silikoonid-akruulid\/silikoon-penosil-all-weather-sealant-919-varvitu-310ml\/","og_site_name":"Ehituslahendused","article_publisher":"https:\/\/www.facebook.com\/justbuildit.ee","article_modified_time":"2026-04-18T09:05:00+00:00","og_image":[{"width":800,"height":800,"url":"https:\/\/justbuildit.eu\/wp-content\/uploads\/2023\/12\/919_All_Weather_Sealant_919_EE_FI.png.jpg","type":"image\/jpeg"}],"twitter_card":"summary_large_image","schema":{"@context":"https:\/\/schema.org","@graph":[{"@type":"WebPage","@id":"https:\/\/justbuildit.eu\/en\/pood\/tihendusmaterjalid\/hermeetikud-silikoonid-akruulid\/silikoon-penosil-all-weather-sealant-919-varvitu-310ml\/","url":"https:\/\/justbuildit.eu\/en\/pood\/tihendusmaterjalid\/hermeetikud-silikoonid-akruulid\/silikoon-penosil-all-weather-sealant-919-varvitu-310ml\/","name":"SILIKOON PENOSIL ALL WEATHER SEALANT 919 V\u00c4RVITU 310ML - Ehituslahendused","isPartOf":{"@id":"https:\/\/justbuildit.eu\/en\/#website"},"primaryImageOfPage":{"@id":"https:\/\/justbuildit.eu\/en\/pood\/tihendusmaterjalid\/hermeetikud-silikoonid-akruulid\/silikoon-penosil-all-weather-sealant-919-varvitu-310ml\/#primaryimage"},"image":{"@id":"https:\/\/justbuildit.eu\/en\/pood\/tihendusmaterjalid\/hermeetikud-silikoonid-akruulid\/silikoon-penosil-all-weather-sealant-919-varvitu-310ml\/#primaryimage"},"thumbnailUrl":"https:\/\/justbuildit.eu\/wp-content\/uploads\/2023\/12\/919_All_Weather_Sealant_919_EE_FI.png.jpg","datePublished":"2023-12-13T13:01:28+00:00","dateModified":"2026-04-18T09:05:00+00:00","breadcrumb":{"@id":"https:\/\/justbuildit.eu\/en\/pood\/tihendusmaterjalid\/hermeetikud-silikoonid-akruulid\/silikoon-penosil-all-weather-sealant-919-varvitu-310ml\/#breadcrumb"},"inLanguage":"en-US","potentialAction":[{"@type":"ReadAction","target":["https:\/\/justbuildit.eu\/en\/pood\/tihendusmaterjalid\/hermeetikud-silikoonid-akruulid\/silikoon-penosil-all-weather-sealant-919-varvitu-310ml\/"]}]},{"@type":"ImageObject","inLanguage":"en-US","@id":"https:\/\/justbuildit.eu\/en\/pood\/tihendusmaterjalid\/hermeetikud-silikoonid-akruulid\/silikoon-penosil-all-weather-sealant-919-varvitu-310ml\/#primaryimage","url":"https:\/\/justbuildit.eu\/wp-content\/uploads\/2023\/12\/919_All_Weather_Sealant_919_EE_FI.png.jpg","contentUrl":"https:\/\/justbuildit.eu\/wp-content\/uploads\/2023\/12\/919_All_Weather_Sealant_919_EE_FI.png.jpg","width":800,"height":800},{"@type":"BreadcrumbList","@id":"https:\/\/justbuildit.eu\/en\/pood\/tihendusmaterjalid\/hermeetikud-silikoonid-akruulid\/silikoon-penosil-all-weather-sealant-919-varvitu-310ml\/#breadcrumb","itemListElement":[{"@type":"ListItem","position":1,"name":"Home","item":"https:\/\/justbuildit.eu\/en\/"},{"@type":"ListItem","position":2,"name":"Shop","item":"https:\/\/justbuildit.eu\/en\/building-materials\/"},{"@type":"ListItem","position":3,"name":"SILIKOON PENOSIL ALL WEATHER SEALANT 919 V\u00c4RVITU 310ML"}]},{"@type":"WebSite","@id":"https:\/\/justbuildit.eu\/en\/#website","url":"https:\/\/justbuildit.eu\/en\/","name":"Ehituslahendused","description":"Ehituslahendused ja materjalid","publisher":{"@id":"https:\/\/justbuildit.eu\/en\/#organization"},"potentialAction":[{"@type":"SearchAction","target":{"@type":"EntryPoint","urlTemplate":"https:\/\/justbuildit.eu\/en\/?s={search_term_string}"},"query-input":{"@type":"PropertyValueSpecification","valueRequired":true,"valueName":"search_term_string"}}],"inLanguage":"en-US"},{"@type":"Organization","@id":"https:\/\/justbuildit.eu\/en\/#organization","name":"Just Build It O\u00dc","url":"https:\/\/justbuildit.eu\/en\/","logo":{"@type":"ImageObject","inLanguage":"en-US","@id":"https:\/\/justbuildit.eu\/en\/#\/schema\/logo\/image\/","url":"https:\/\/justbuildit.eu\/wp-content\/uploads\/2022\/01\/justbuildit.png","contentUrl":"https:\/\/justbuildit.eu\/wp-content\/uploads\/2022\/01\/justbuildit.png","width":173,"height":77,"caption":"Just Build It O\u00dc"},"image":{"@id":"https:\/\/justbuildit.eu\/en\/#\/schema\/logo\/image\/"},"sameAs":["https:\/\/www.facebook.com\/justbuildit.ee"]}]}},"_links":{"self":[{"href":"https:\/\/justbuildit.eu\/en\/wp-json\/wp\/v2\/product\/385068","targetHints":{"allow":["GET"]}}],"collection":[{"href":"https:\/\/justbuildit.eu\/en\/wp-json\/wp\/v2\/product"}],"about":[{"href":"https:\/\/justbuildit.eu\/en\/wp-json\/wp\/v2\/types\/product"}],"replies":[{"embeddable":true,"href":"https:\/\/justbuildit.eu\/en\/wp-json\/wp\/v2\/comments?post=385068"}],"wp:featuredmedia":[{"embeddable":true,"href":"https:\/\/justbuildit.eu\/en\/wp-json\/wp\/v2\/media\/385069"}],"wp:attachment":[{"href":"https:\/\/justbuildit.eu\/en\/wp-json\/wp\/v2\/media?parent=385068"}],"wp:term":[{"taxonomy":"product_brand","embeddable":true,"href":"https:\/\/justbuildit.eu\/en\/wp-json\/wp\/v2\/product_brand?post=385068"},{"taxonomy":"product_cat","embeddable":true,"href":"https:\/\/justbuildit.eu\/en\/wp-json\/wp\/v2\/product_cat?post=385068"},{"taxonomy":"product_tag","embeddable":true,"href":"https:\/\/justbuildit.eu\/en\/wp-json\/wp\/v2\/product_tag?post=385068"}],"curies":[{"name":"wp","href":"https:\/\/api.w.org\/{rel}","templated":true}]}}