{"id":386283,"date":"2023-12-16T13:26:40","date_gmt":"2023-12-16T10:26:40","guid":{"rendered":"https:\/\/justbuildit.eu\/?post_type=product&#038;p=386283"},"modified":"2026-04-11T12:05:03","modified_gmt":"2026-04-11T09:05:03","slug":"klaasvill-isover-premium-33-100x560x870mm-39m2","status":"publish","type":"product","link":"https:\/\/justbuildit.eu\/en\/pood\/isolatsioonimaterjalid\/klaasvill\/klaasvill-isover-premium-33-100x560x870mm-39m2\/","title":{"rendered":"Klaasvill Isover Premium 33 100x560x870mm (3,9m2)"},"content":{"rendered":"<ul>\n<li>12 % parem soojapidavus v\u00f5rreldes lambda 37 tasemega &gt; parem soojapidavus v\u00f5i \u00f5hemad konstruktsioonid.<\/li>\n<li>Mittep\u00f5lev, tuleohtu lahendus.<\/li>\n<li>Veeauru kergesti l\u00e4bilaskev.<\/li>\n<li>Tooraineks enam kui 80% ulatuses taaskasutatud klaas.<\/li>\n<li>Paremad soojapidavusomadused aitavad v\u00e4hendada k\u00fcttekulusid kogu ehitise eluea v\u00e4ltel.<\/li>\n<\/ul>\n<p>ISOVER PREMIUM 33 tooted on pehmed pinnakatteta mineraalvillaplaadid, mida kasutatakse katuste, p\u00f5randate, seinte ja vahelagede soojustamiseks. Sobib k\u00f5igi puit-, metall- ja betoonkonstruktsioonide isoleerimiseks. Vill on ka v\u00e4ga hea heliisolaator.<br \/>\nISOVER PREMIUM 33 on valmistatud anorgaanilisest ja keemiliselt neutraalsest materjalist ning ei sisalda korrosiooni tekitavaid komponente. ISOVER PREMIUM 33 on l\u00f5hnatu, ei lagune ega paku soodsat kasvupinnast hallitusseentele. Vastab ehitusmaterjalide emissiooniklassile M1.<\/p>\n","protected":false},"excerpt":{"rendered":"<p>ISOVER PREMIUM 33 tooted on pehmed pinnakatteta mineraalvillaplaadid, mida kasutatakse katuste, p\u00f5randate, seinte ja vahelagede soojustamiseks. Sobib k\u00f5igi puit-, metall- ja betoonkonstruktsioonide isoleerimiseks. Vill on ka v\u00e4ga hea heliisolaator.<br \/>\nISOVER PREMIUM 33 on valmistatud anorgaanilisest ja keemiliselt neutraalsest materjalist ning ei sisalda korrosiooni tekitavaid komponente. ISOVER PREMIUM 33 on l\u00f5hnatu, ei lagune ega paku soodsat kasvupinnast hallitusseentele. Vastab ehitusmaterjalide emissiooniklassile M1.<\/p>","protected":false},"featured_media":386284,"comment_status":"open","ping_status":"closed","template":"","meta":{"_acf_changed":false},"product_brand":[],"product_cat":[67,65,497],"product_tag":[],"class_list":{"0":"post-386283","1":"product","2":"type-product","3":"status-publish","4":"has-post-thumbnail","6":"product_cat-klaasvill","7":"product_cat-isolatsioonimaterjalid","8":"product_cat-puumarket","10":"first","11":"instock","12":"shipping-taxable","13":"purchasable","14":"product-type-simple"},"acf":[],"yoast_head":"<!-- This site is optimized with the Yoast SEO Premium plugin v18.7 (Yoast SEO v26.5) - https:\/\/yoast.com\/wordpress\/plugins\/seo\/ -->\n<title>Klaasvill Isover Premium 33 100x560x870mm (3,9m2) - Ehituslahendused<\/title>\n<meta name=\"robots\" content=\"index, follow, max-snippet:-1, max-image-preview:large, max-video-preview:-1\" \/>\n<link rel=\"canonical\" href=\"https:\/\/justbuildit.eu\/en\/pood\/isolatsioonimaterjalid\/klaasvill\/klaasvill-isover-premium-33-100x560x870mm-39m2\/\" \/>\n<meta property=\"og:locale\" content=\"en_US\" \/>\n<meta property=\"og:type\" content=\"article\" \/>\n<meta property=\"og:title\" content=\"Klaasvill Isover Premium 33 100x560x870mm (3,9m2)\" \/>\n<meta property=\"og:description\" content=\"ISOVER PREMIUM 33 tooted on pehmed pinnakatteta mineraalvillaplaadid, mida kasutatakse katuste, p\u00f5randate, seinte ja vahelagede soojustamiseks. Sobib k\u00f5igi puit-, metall- ja betoonkonstruktsioonide isoleerimiseks. Vill on ka v\u00e4ga hea heliisolaator. ISOVER PREMIUM 33 on valmistatud anorgaanilisest ja keemiliselt neutraalsest materjalist ning ei sisalda korrosiooni tekitavaid komponente. ISOVER PREMIUM 33 on l\u00f5hnatu, ei lagune ega paku soodsat kasvupinnast hallitusseentele. Vastab ehitusmaterjalide emissiooniklassile M1.\" \/>\n<meta property=\"og:url\" content=\"https:\/\/justbuildit.eu\/en\/pood\/isolatsioonimaterjalid\/klaasvill\/klaasvill-isover-premium-33-100x560x870mm-39m2\/\" \/>\n<meta property=\"og:site_name\" content=\"Ehituslahendused\" \/>\n<meta property=\"article:publisher\" content=\"https:\/\/www.facebook.com\/justbuildit.ee\" \/>\n<meta property=\"article:modified_time\" content=\"2026-04-11T09:05:03+00:00\" \/>\n<meta property=\"og:image\" content=\"https:\/\/justbuildit.eu\/wp-content\/uploads\/2023\/12\/111980.jpg\" \/>\n\t<meta property=\"og:image:width\" content=\"709\" \/>\n\t<meta property=\"og:image:height\" content=\"709\" \/>\n\t<meta property=\"og:image:type\" content=\"image\/jpeg\" \/>\n<meta name=\"twitter:card\" content=\"summary_large_image\" \/>\n<script type=\"application\/ld+json\" class=\"yoast-schema-graph\">{\"@context\":\"https:\/\/schema.org\",\"@graph\":[{\"@type\":\"WebPage\",\"@id\":\"https:\/\/justbuildit.eu\/en\/pood\/isolatsioonimaterjalid\/klaasvill\/klaasvill-isover-premium-33-100x560x870mm-39m2\/\",\"url\":\"https:\/\/justbuildit.eu\/en\/pood\/isolatsioonimaterjalid\/klaasvill\/klaasvill-isover-premium-33-100x560x870mm-39m2\/\",\"name\":\"Klaasvill Isover Premium 33 100x560x870mm (3,9m2) - Ehituslahendused\",\"isPartOf\":{\"@id\":\"https:\/\/justbuildit.eu\/en\/#website\"},\"primaryImageOfPage\":{\"@id\":\"https:\/\/justbuildit.eu\/en\/pood\/isolatsioonimaterjalid\/klaasvill\/klaasvill-isover-premium-33-100x560x870mm-39m2\/#primaryimage\"},\"image\":{\"@id\":\"https:\/\/justbuildit.eu\/en\/pood\/isolatsioonimaterjalid\/klaasvill\/klaasvill-isover-premium-33-100x560x870mm-39m2\/#primaryimage\"},\"thumbnailUrl\":\"https:\/\/justbuildit.eu\/wp-content\/uploads\/2023\/12\/111980.jpg\",\"datePublished\":\"2023-12-16T10:26:40+00:00\",\"dateModified\":\"2026-04-11T09:05:03+00:00\",\"breadcrumb\":{\"@id\":\"https:\/\/justbuildit.eu\/en\/pood\/isolatsioonimaterjalid\/klaasvill\/klaasvill-isover-premium-33-100x560x870mm-39m2\/#breadcrumb\"},\"inLanguage\":\"en-US\",\"potentialAction\":[{\"@type\":\"ReadAction\",\"target\":[\"https:\/\/justbuildit.eu\/en\/pood\/isolatsioonimaterjalid\/klaasvill\/klaasvill-isover-premium-33-100x560x870mm-39m2\/\"]}]},{\"@type\":\"ImageObject\",\"inLanguage\":\"en-US\",\"@id\":\"https:\/\/justbuildit.eu\/en\/pood\/isolatsioonimaterjalid\/klaasvill\/klaasvill-isover-premium-33-100x560x870mm-39m2\/#primaryimage\",\"url\":\"https:\/\/justbuildit.eu\/wp-content\/uploads\/2023\/12\/111980.jpg\",\"contentUrl\":\"https:\/\/justbuildit.eu\/wp-content\/uploads\/2023\/12\/111980.jpg\",\"width\":709,\"height\":709},{\"@type\":\"BreadcrumbList\",\"@id\":\"https:\/\/justbuildit.eu\/en\/pood\/isolatsioonimaterjalid\/klaasvill\/klaasvill-isover-premium-33-100x560x870mm-39m2\/#breadcrumb\",\"itemListElement\":[{\"@type\":\"ListItem\",\"position\":1,\"name\":\"Home\",\"item\":\"https:\/\/justbuildit.eu\/en\/\"},{\"@type\":\"ListItem\",\"position\":2,\"name\":\"Shop\",\"item\":\"https:\/\/justbuildit.eu\/en\/building-materials\/\"},{\"@type\":\"ListItem\",\"position\":3,\"name\":\"Klaasvill Isover Premium 33 100x560x870mm (3,9m2)\"}]},{\"@type\":\"WebSite\",\"@id\":\"https:\/\/justbuildit.eu\/en\/#website\",\"url\":\"https:\/\/justbuildit.eu\/en\/\",\"name\":\"Ehituslahendused\",\"description\":\"Ehituslahendused ja materjalid\",\"publisher\":{\"@id\":\"https:\/\/justbuildit.eu\/en\/#organization\"},\"potentialAction\":[{\"@type\":\"SearchAction\",\"target\":{\"@type\":\"EntryPoint\",\"urlTemplate\":\"https:\/\/justbuildit.eu\/en\/?s={search_term_string}\"},\"query-input\":{\"@type\":\"PropertyValueSpecification\",\"valueRequired\":true,\"valueName\":\"search_term_string\"}}],\"inLanguage\":\"en-US\"},{\"@type\":\"Organization\",\"@id\":\"https:\/\/justbuildit.eu\/en\/#organization\",\"name\":\"Just Build It O\u00dc\",\"url\":\"https:\/\/justbuildit.eu\/en\/\",\"logo\":{\"@type\":\"ImageObject\",\"inLanguage\":\"en-US\",\"@id\":\"https:\/\/justbuildit.eu\/en\/#\/schema\/logo\/image\/\",\"url\":\"https:\/\/justbuildit.eu\/wp-content\/uploads\/2022\/01\/justbuildit.png\",\"contentUrl\":\"https:\/\/justbuildit.eu\/wp-content\/uploads\/2022\/01\/justbuildit.png\",\"width\":173,\"height\":77,\"caption\":\"Just Build It O\u00dc\"},\"image\":{\"@id\":\"https:\/\/justbuildit.eu\/en\/#\/schema\/logo\/image\/\"},\"sameAs\":[\"https:\/\/www.facebook.com\/justbuildit.ee\"]}]}<\/script>\n<!-- \/ Yoast SEO Premium plugin. -->","yoast_head_json":{"title":"Klaasvill Isover Premium 33 100x560x870mm (3,9m2) - Ehituslahendused","robots":{"index":"index","follow":"follow","max-snippet":"max-snippet:-1","max-image-preview":"max-image-preview:large","max-video-preview":"max-video-preview:-1"},"canonical":"https:\/\/justbuildit.eu\/en\/pood\/isolatsioonimaterjalid\/klaasvill\/klaasvill-isover-premium-33-100x560x870mm-39m2\/","og_locale":"en_US","og_type":"article","og_title":"Klaasvill Isover Premium 33 100x560x870mm (3,9m2)","og_description":"ISOVER PREMIUM 33 tooted on pehmed pinnakatteta mineraalvillaplaadid, mida kasutatakse katuste, p\u00f5randate, seinte ja vahelagede soojustamiseks. Sobib k\u00f5igi puit-, metall- ja betoonkonstruktsioonide isoleerimiseks. Vill on ka v\u00e4ga hea heliisolaator. ISOVER PREMIUM 33 on valmistatud anorgaanilisest ja keemiliselt neutraalsest materjalist ning ei sisalda korrosiooni tekitavaid komponente. ISOVER PREMIUM 33 on l\u00f5hnatu, ei lagune ega paku soodsat kasvupinnast hallitusseentele. Vastab ehitusmaterjalide emissiooniklassile M1.","og_url":"https:\/\/justbuildit.eu\/en\/pood\/isolatsioonimaterjalid\/klaasvill\/klaasvill-isover-premium-33-100x560x870mm-39m2\/","og_site_name":"Ehituslahendused","article_publisher":"https:\/\/www.facebook.com\/justbuildit.ee","article_modified_time":"2026-04-11T09:05:03+00:00","og_image":[{"width":709,"height":709,"url":"https:\/\/justbuildit.eu\/wp-content\/uploads\/2023\/12\/111980.jpg","type":"image\/jpeg"}],"twitter_card":"summary_large_image","schema":{"@context":"https:\/\/schema.org","@graph":[{"@type":"WebPage","@id":"https:\/\/justbuildit.eu\/en\/pood\/isolatsioonimaterjalid\/klaasvill\/klaasvill-isover-premium-33-100x560x870mm-39m2\/","url":"https:\/\/justbuildit.eu\/en\/pood\/isolatsioonimaterjalid\/klaasvill\/klaasvill-isover-premium-33-100x560x870mm-39m2\/","name":"Klaasvill Isover Premium 33 100x560x870mm (3,9m2) - Ehituslahendused","isPartOf":{"@id":"https:\/\/justbuildit.eu\/en\/#website"},"primaryImageOfPage":{"@id":"https:\/\/justbuildit.eu\/en\/pood\/isolatsioonimaterjalid\/klaasvill\/klaasvill-isover-premium-33-100x560x870mm-39m2\/#primaryimage"},"image":{"@id":"https:\/\/justbuildit.eu\/en\/pood\/isolatsioonimaterjalid\/klaasvill\/klaasvill-isover-premium-33-100x560x870mm-39m2\/#primaryimage"},"thumbnailUrl":"https:\/\/justbuildit.eu\/wp-content\/uploads\/2023\/12\/111980.jpg","datePublished":"2023-12-16T10:26:40+00:00","dateModified":"2026-04-11T09:05:03+00:00","breadcrumb":{"@id":"https:\/\/justbuildit.eu\/en\/pood\/isolatsioonimaterjalid\/klaasvill\/klaasvill-isover-premium-33-100x560x870mm-39m2\/#breadcrumb"},"inLanguage":"en-US","potentialAction":[{"@type":"ReadAction","target":["https:\/\/justbuildit.eu\/en\/pood\/isolatsioonimaterjalid\/klaasvill\/klaasvill-isover-premium-33-100x560x870mm-39m2\/"]}]},{"@type":"ImageObject","inLanguage":"en-US","@id":"https:\/\/justbuildit.eu\/en\/pood\/isolatsioonimaterjalid\/klaasvill\/klaasvill-isover-premium-33-100x560x870mm-39m2\/#primaryimage","url":"https:\/\/justbuildit.eu\/wp-content\/uploads\/2023\/12\/111980.jpg","contentUrl":"https:\/\/justbuildit.eu\/wp-content\/uploads\/2023\/12\/111980.jpg","width":709,"height":709},{"@type":"BreadcrumbList","@id":"https:\/\/justbuildit.eu\/en\/pood\/isolatsioonimaterjalid\/klaasvill\/klaasvill-isover-premium-33-100x560x870mm-39m2\/#breadcrumb","itemListElement":[{"@type":"ListItem","position":1,"name":"Home","item":"https:\/\/justbuildit.eu\/en\/"},{"@type":"ListItem","position":2,"name":"Shop","item":"https:\/\/justbuildit.eu\/en\/building-materials\/"},{"@type":"ListItem","position":3,"name":"Klaasvill Isover Premium 33 100x560x870mm (3,9m2)"}]},{"@type":"WebSite","@id":"https:\/\/justbuildit.eu\/en\/#website","url":"https:\/\/justbuildit.eu\/en\/","name":"Ehituslahendused","description":"Ehituslahendused ja materjalid","publisher":{"@id":"https:\/\/justbuildit.eu\/en\/#organization"},"potentialAction":[{"@type":"SearchAction","target":{"@type":"EntryPoint","urlTemplate":"https:\/\/justbuildit.eu\/en\/?s={search_term_string}"},"query-input":{"@type":"PropertyValueSpecification","valueRequired":true,"valueName":"search_term_string"}}],"inLanguage":"en-US"},{"@type":"Organization","@id":"https:\/\/justbuildit.eu\/en\/#organization","name":"Just Build It O\u00dc","url":"https:\/\/justbuildit.eu\/en\/","logo":{"@type":"ImageObject","inLanguage":"en-US","@id":"https:\/\/justbuildit.eu\/en\/#\/schema\/logo\/image\/","url":"https:\/\/justbuildit.eu\/wp-content\/uploads\/2022\/01\/justbuildit.png","contentUrl":"https:\/\/justbuildit.eu\/wp-content\/uploads\/2022\/01\/justbuildit.png","width":173,"height":77,"caption":"Just Build It O\u00dc"},"image":{"@id":"https:\/\/justbuildit.eu\/en\/#\/schema\/logo\/image\/"},"sameAs":["https:\/\/www.facebook.com\/justbuildit.ee"]}]}},"_links":{"self":[{"href":"https:\/\/justbuildit.eu\/en\/wp-json\/wp\/v2\/product\/386283","targetHints":{"allow":["GET"]}}],"collection":[{"href":"https:\/\/justbuildit.eu\/en\/wp-json\/wp\/v2\/product"}],"about":[{"href":"https:\/\/justbuildit.eu\/en\/wp-json\/wp\/v2\/types\/product"}],"replies":[{"embeddable":true,"href":"https:\/\/justbuildit.eu\/en\/wp-json\/wp\/v2\/comments?post=386283"}],"wp:featuredmedia":[{"embeddable":true,"href":"https:\/\/justbuildit.eu\/en\/wp-json\/wp\/v2\/media\/386284"}],"wp:attachment":[{"href":"https:\/\/justbuildit.eu\/en\/wp-json\/wp\/v2\/media?parent=386283"}],"wp:term":[{"taxonomy":"product_brand","embeddable":true,"href":"https:\/\/justbuildit.eu\/en\/wp-json\/wp\/v2\/product_brand?post=386283"},{"taxonomy":"product_cat","embeddable":true,"href":"https:\/\/justbuildit.eu\/en\/wp-json\/wp\/v2\/product_cat?post=386283"},{"taxonomy":"product_tag","embeddable":true,"href":"https:\/\/justbuildit.eu\/en\/wp-json\/wp\/v2\/product_tag?post=386283"}],"curies":[{"name":"wp","href":"https:\/\/api.w.org\/{rel}","templated":true}]}}