{"id":386310,"date":"2023-12-16T13:36:27","date_gmt":"2023-12-16T10:36:27","guid":{"rendered":"https:\/\/justbuildit.eu\/?post_type=product&#038;p=386310"},"modified":"2026-04-24T12:04:59","modified_gmt":"2026-04-24T09:04:59","slug":"metallnaelaga-isolatsioonituubel-wktherm-s-8x275mm-100tk","status":"publish","type":"product","link":"https:\/\/justbuildit.eu\/en\/pood\/kinnitusvahendid\/ankrud\/metallnaelaga-isolatsioonituubel-wktherm-s-8x275mm-100tk\/","title":{"rendered":"Metallnaelaga isolatsioonit\u00fc\u00fcbel WKTHERM-S 8x275mm (100tk)"},"content":{"rendered":"<p>WKTHERM-S on universaalne sissekeeratav t\u00fc\u00fcbel k\u00f5ikidele alusmaterjalidele. Sobib kasutamiseks j\u00e4rgnevate soojustusmaterjalide puhul: EPS, mineraalvill, XPS.<\/p>\n<ul>\n<li>Metallnaela pea on kaetud plastiktihendiga, mis tagab t\u00fc\u00fcblile v\u00e4ga v\u00e4ikese punktsoojusjuhtivuse (0,002W\/K) ning kaitseb naela korrosiooni eest<\/li>\n<li>V\u00e4ike punktsoojusjuhtivus suurendab kogu barj\u00e4\u00e4ri soojus\u00fclekande koefitsenti<\/li>\n<li>Sissekeeratavat t\u00fc\u00fcblit on mugav paigaldada <\/li>\n<li>Sissekeeratav nael tagab parimad tugevusparameetrid ning h\u00f5lbustab t\u00fc\u00fcbli paigaldamist isolatsioonimaterjaliga tasapinnaliselt<\/li>\n<li>T\u00fc\u00fcblitaldrik on reljeefse j\u00e4ljendiga, mis suurendab armeersegu nakkev\u00f5imet<\/li>\n<li>T\u00fc\u00fcblitaldriku suurem j\u00e4ikus tagab soojustusmaterjali parema hoidmise<\/li>\n<li>L\u00fchike kinnitus (l\u00e4bim\u00f5\u00f5t 8 mm) tagab t\u00fc\u00fcbli maksimaalse tugevuse v\u00f5imalikult v\u00e4ikese t\u00f6\u00f6- ja seadmekuluga<\/li>\n<\/ul>\n<p>Paigaldamine:<\/p>\n<p>Puurige aluspinnale sobiva puuriga \u00f88 mm augud. Puurimise j\u00e4rel tuleb alati enne t\u00fc\u00fcblite paigaldamist augud puhastada. Seej\u00e4rel asetage t\u00fc\u00fcbel puuritud auku ning paigaldage ja keerake sisse t\u00fc\u00fcblitega komplektis olev metallnael. Puuritava augu s\u00fcgavus = ankurduss\u00fcgavus + 10 mm.<\/p>\n","protected":false},"excerpt":{"rendered":"<p>WKTHERM-S on universaalne sissekeeratav t\u00fc\u00fcbel k\u00f5ikidele alusmaterjalidele. Sobib kasutamiseks j\u00e4rgnevate soojustusmaterjalide puhul: EPS, mineraalvill, XPS.<\/p>","protected":false},"featured_media":386311,"comment_status":"open","ping_status":"closed","template":"","meta":{"_acf_changed":false},"product_brand":[],"product_cat":[82,83,497],"product_tag":[],"class_list":{"0":"post-386310","1":"product","2":"type-product","3":"status-publish","4":"has-post-thumbnail","6":"product_cat-kinnitusvahendid","7":"product_cat-ankrud","8":"product_cat-puumarket","10":"first","11":"instock","12":"shipping-taxable","13":"purchasable","14":"product-type-simple"},"acf":[],"yoast_head":"<!-- This site is optimized with the Yoast SEO Premium plugin v18.7 (Yoast SEO v26.5) - https:\/\/yoast.com\/wordpress\/plugins\/seo\/ -->\n<title>Metallnaelaga isolatsioonit\u00fc\u00fcbel WKTHERM-S 8x275mm (100tk) - Ehituslahendused<\/title>\n<meta name=\"description\" content=\"universaalne sissekeeratav t\u00fc\u00fcbel k\u00f5ikidele alusmaterjalidele. Sobib kasutamiseks j\u00e4rgnevate soojustusmaterjalide puhul: EPS, mineraalvill, XPS.\" \/>\n<meta name=\"robots\" content=\"index, follow, max-snippet:-1, max-image-preview:large, max-video-preview:-1\" \/>\n<link rel=\"canonical\" href=\"https:\/\/justbuildit.eu\/en\/pood\/kinnitusvahendid\/ankrud\/metallnaelaga-isolatsioonituubel-wktherm-s-8x275mm-100tk\/\" \/>\n<meta property=\"og:locale\" content=\"en_US\" \/>\n<meta property=\"og:type\" content=\"article\" \/>\n<meta property=\"og:title\" content=\"Metallnaelaga isolatsioonit\u00fc\u00fcbel WKTHERM-S 8x275mm (100tk)\" \/>\n<meta property=\"og:description\" content=\"universaalne sissekeeratav t\u00fc\u00fcbel k\u00f5ikidele alusmaterjalidele. Sobib kasutamiseks j\u00e4rgnevate soojustusmaterjalide puhul: EPS, mineraalvill, XPS.\" \/>\n<meta property=\"og:url\" content=\"https:\/\/justbuildit.eu\/en\/pood\/kinnitusvahendid\/ankrud\/metallnaelaga-isolatsioonituubel-wktherm-s-8x275mm-100tk\/\" \/>\n<meta property=\"og:site_name\" content=\"Ehituslahendused\" \/>\n<meta property=\"article:publisher\" content=\"https:\/\/www.facebook.com\/justbuildit.ee\" \/>\n<meta property=\"article:modified_time\" content=\"2026-04-24T09:04:59+00:00\" \/>\n<meta property=\"og:image\" content=\"https:\/\/justbuildit.eu\/wp-content\/uploads\/2023\/12\/115221.jpg\" \/>\n\t<meta property=\"og:image:width\" content=\"709\" \/>\n\t<meta property=\"og:image:height\" content=\"709\" \/>\n\t<meta property=\"og:image:type\" content=\"image\/jpeg\" \/>\n<meta name=\"twitter:card\" content=\"summary_large_image\" \/>\n<script type=\"application\/ld+json\" class=\"yoast-schema-graph\">{\"@context\":\"https:\/\/schema.org\",\"@graph\":[{\"@type\":\"WebPage\",\"@id\":\"https:\/\/justbuildit.eu\/en\/pood\/kinnitusvahendid\/ankrud\/metallnaelaga-isolatsioonituubel-wktherm-s-8x275mm-100tk\/\",\"url\":\"https:\/\/justbuildit.eu\/en\/pood\/kinnitusvahendid\/ankrud\/metallnaelaga-isolatsioonituubel-wktherm-s-8x275mm-100tk\/\",\"name\":\"Metallnaelaga isolatsioonit\u00fc\u00fcbel WKTHERM-S 8x275mm (100tk) - Ehituslahendused\",\"isPartOf\":{\"@id\":\"https:\/\/justbuildit.eu\/en\/#website\"},\"primaryImageOfPage\":{\"@id\":\"https:\/\/justbuildit.eu\/en\/pood\/kinnitusvahendid\/ankrud\/metallnaelaga-isolatsioonituubel-wktherm-s-8x275mm-100tk\/#primaryimage\"},\"image\":{\"@id\":\"https:\/\/justbuildit.eu\/en\/pood\/kinnitusvahendid\/ankrud\/metallnaelaga-isolatsioonituubel-wktherm-s-8x275mm-100tk\/#primaryimage\"},\"thumbnailUrl\":\"https:\/\/justbuildit.eu\/wp-content\/uploads\/2023\/12\/115221.jpg\",\"datePublished\":\"2023-12-16T10:36:27+00:00\",\"dateModified\":\"2026-04-24T09:04:59+00:00\",\"description\":\"universaalne sissekeeratav t\u00fc\u00fcbel k\u00f5ikidele alusmaterjalidele. Sobib kasutamiseks j\u00e4rgnevate soojustusmaterjalide puhul: EPS, mineraalvill, XPS.\",\"breadcrumb\":{\"@id\":\"https:\/\/justbuildit.eu\/en\/pood\/kinnitusvahendid\/ankrud\/metallnaelaga-isolatsioonituubel-wktherm-s-8x275mm-100tk\/#breadcrumb\"},\"inLanguage\":\"en-US\",\"potentialAction\":[{\"@type\":\"ReadAction\",\"target\":[\"https:\/\/justbuildit.eu\/en\/pood\/kinnitusvahendid\/ankrud\/metallnaelaga-isolatsioonituubel-wktherm-s-8x275mm-100tk\/\"]}]},{\"@type\":\"ImageObject\",\"inLanguage\":\"en-US\",\"@id\":\"https:\/\/justbuildit.eu\/en\/pood\/kinnitusvahendid\/ankrud\/metallnaelaga-isolatsioonituubel-wktherm-s-8x275mm-100tk\/#primaryimage\",\"url\":\"https:\/\/justbuildit.eu\/wp-content\/uploads\/2023\/12\/115221.jpg\",\"contentUrl\":\"https:\/\/justbuildit.eu\/wp-content\/uploads\/2023\/12\/115221.jpg\",\"width\":709,\"height\":709},{\"@type\":\"BreadcrumbList\",\"@id\":\"https:\/\/justbuildit.eu\/en\/pood\/kinnitusvahendid\/ankrud\/metallnaelaga-isolatsioonituubel-wktherm-s-8x275mm-100tk\/#breadcrumb\",\"itemListElement\":[{\"@type\":\"ListItem\",\"position\":1,\"name\":\"Home\",\"item\":\"https:\/\/justbuildit.eu\/en\/\"},{\"@type\":\"ListItem\",\"position\":2,\"name\":\"Shop\",\"item\":\"https:\/\/justbuildit.eu\/en\/building-materials\/\"},{\"@type\":\"ListItem\",\"position\":3,\"name\":\"Metallnaelaga isolatsioonit\u00fc\u00fcbel WKTHERM-S 8x275mm (100tk)\"}]},{\"@type\":\"WebSite\",\"@id\":\"https:\/\/justbuildit.eu\/en\/#website\",\"url\":\"https:\/\/justbuildit.eu\/en\/\",\"name\":\"Ehituslahendused\",\"description\":\"Ehituslahendused ja materjalid\",\"publisher\":{\"@id\":\"https:\/\/justbuildit.eu\/en\/#organization\"},\"potentialAction\":[{\"@type\":\"SearchAction\",\"target\":{\"@type\":\"EntryPoint\",\"urlTemplate\":\"https:\/\/justbuildit.eu\/en\/?s={search_term_string}\"},\"query-input\":{\"@type\":\"PropertyValueSpecification\",\"valueRequired\":true,\"valueName\":\"search_term_string\"}}],\"inLanguage\":\"en-US\"},{\"@type\":\"Organization\",\"@id\":\"https:\/\/justbuildit.eu\/en\/#organization\",\"name\":\"Just Build It O\u00dc\",\"url\":\"https:\/\/justbuildit.eu\/en\/\",\"logo\":{\"@type\":\"ImageObject\",\"inLanguage\":\"en-US\",\"@id\":\"https:\/\/justbuildit.eu\/en\/#\/schema\/logo\/image\/\",\"url\":\"https:\/\/justbuildit.eu\/wp-content\/uploads\/2022\/01\/justbuildit.png\",\"contentUrl\":\"https:\/\/justbuildit.eu\/wp-content\/uploads\/2022\/01\/justbuildit.png\",\"width\":173,\"height\":77,\"caption\":\"Just Build It O\u00dc\"},\"image\":{\"@id\":\"https:\/\/justbuildit.eu\/en\/#\/schema\/logo\/image\/\"},\"sameAs\":[\"https:\/\/www.facebook.com\/justbuildit.ee\"]}]}<\/script>\n<!-- \/ Yoast SEO Premium plugin. -->","yoast_head_json":{"title":"Metallnaelaga isolatsioonit\u00fc\u00fcbel WKTHERM-S 8x275mm (100tk) - Ehituslahendused","description":"universaalne sissekeeratav t\u00fc\u00fcbel k\u00f5ikidele alusmaterjalidele. Sobib kasutamiseks j\u00e4rgnevate soojustusmaterjalide puhul: EPS, mineraalvill, XPS.","robots":{"index":"index","follow":"follow","max-snippet":"max-snippet:-1","max-image-preview":"max-image-preview:large","max-video-preview":"max-video-preview:-1"},"canonical":"https:\/\/justbuildit.eu\/en\/pood\/kinnitusvahendid\/ankrud\/metallnaelaga-isolatsioonituubel-wktherm-s-8x275mm-100tk\/","og_locale":"en_US","og_type":"article","og_title":"Metallnaelaga isolatsioonit\u00fc\u00fcbel WKTHERM-S 8x275mm (100tk)","og_description":"universaalne sissekeeratav t\u00fc\u00fcbel k\u00f5ikidele alusmaterjalidele. Sobib kasutamiseks j\u00e4rgnevate soojustusmaterjalide puhul: EPS, mineraalvill, XPS.","og_url":"https:\/\/justbuildit.eu\/en\/pood\/kinnitusvahendid\/ankrud\/metallnaelaga-isolatsioonituubel-wktherm-s-8x275mm-100tk\/","og_site_name":"Ehituslahendused","article_publisher":"https:\/\/www.facebook.com\/justbuildit.ee","article_modified_time":"2026-04-24T09:04:59+00:00","og_image":[{"width":709,"height":709,"url":"https:\/\/justbuildit.eu\/wp-content\/uploads\/2023\/12\/115221.jpg","type":"image\/jpeg"}],"twitter_card":"summary_large_image","schema":{"@context":"https:\/\/schema.org","@graph":[{"@type":"WebPage","@id":"https:\/\/justbuildit.eu\/en\/pood\/kinnitusvahendid\/ankrud\/metallnaelaga-isolatsioonituubel-wktherm-s-8x275mm-100tk\/","url":"https:\/\/justbuildit.eu\/en\/pood\/kinnitusvahendid\/ankrud\/metallnaelaga-isolatsioonituubel-wktherm-s-8x275mm-100tk\/","name":"Metallnaelaga isolatsioonit\u00fc\u00fcbel WKTHERM-S 8x275mm (100tk) - Ehituslahendused","isPartOf":{"@id":"https:\/\/justbuildit.eu\/en\/#website"},"primaryImageOfPage":{"@id":"https:\/\/justbuildit.eu\/en\/pood\/kinnitusvahendid\/ankrud\/metallnaelaga-isolatsioonituubel-wktherm-s-8x275mm-100tk\/#primaryimage"},"image":{"@id":"https:\/\/justbuildit.eu\/en\/pood\/kinnitusvahendid\/ankrud\/metallnaelaga-isolatsioonituubel-wktherm-s-8x275mm-100tk\/#primaryimage"},"thumbnailUrl":"https:\/\/justbuildit.eu\/wp-content\/uploads\/2023\/12\/115221.jpg","datePublished":"2023-12-16T10:36:27+00:00","dateModified":"2026-04-24T09:04:59+00:00","description":"universaalne sissekeeratav t\u00fc\u00fcbel k\u00f5ikidele alusmaterjalidele. Sobib kasutamiseks j\u00e4rgnevate soojustusmaterjalide puhul: EPS, mineraalvill, XPS.","breadcrumb":{"@id":"https:\/\/justbuildit.eu\/en\/pood\/kinnitusvahendid\/ankrud\/metallnaelaga-isolatsioonituubel-wktherm-s-8x275mm-100tk\/#breadcrumb"},"inLanguage":"en-US","potentialAction":[{"@type":"ReadAction","target":["https:\/\/justbuildit.eu\/en\/pood\/kinnitusvahendid\/ankrud\/metallnaelaga-isolatsioonituubel-wktherm-s-8x275mm-100tk\/"]}]},{"@type":"ImageObject","inLanguage":"en-US","@id":"https:\/\/justbuildit.eu\/en\/pood\/kinnitusvahendid\/ankrud\/metallnaelaga-isolatsioonituubel-wktherm-s-8x275mm-100tk\/#primaryimage","url":"https:\/\/justbuildit.eu\/wp-content\/uploads\/2023\/12\/115221.jpg","contentUrl":"https:\/\/justbuildit.eu\/wp-content\/uploads\/2023\/12\/115221.jpg","width":709,"height":709},{"@type":"BreadcrumbList","@id":"https:\/\/justbuildit.eu\/en\/pood\/kinnitusvahendid\/ankrud\/metallnaelaga-isolatsioonituubel-wktherm-s-8x275mm-100tk\/#breadcrumb","itemListElement":[{"@type":"ListItem","position":1,"name":"Home","item":"https:\/\/justbuildit.eu\/en\/"},{"@type":"ListItem","position":2,"name":"Shop","item":"https:\/\/justbuildit.eu\/en\/building-materials\/"},{"@type":"ListItem","position":3,"name":"Metallnaelaga isolatsioonit\u00fc\u00fcbel WKTHERM-S 8x275mm (100tk)"}]},{"@type":"WebSite","@id":"https:\/\/justbuildit.eu\/en\/#website","url":"https:\/\/justbuildit.eu\/en\/","name":"Ehituslahendused","description":"Ehituslahendused ja materjalid","publisher":{"@id":"https:\/\/justbuildit.eu\/en\/#organization"},"potentialAction":[{"@type":"SearchAction","target":{"@type":"EntryPoint","urlTemplate":"https:\/\/justbuildit.eu\/en\/?s={search_term_string}"},"query-input":{"@type":"PropertyValueSpecification","valueRequired":true,"valueName":"search_term_string"}}],"inLanguage":"en-US"},{"@type":"Organization","@id":"https:\/\/justbuildit.eu\/en\/#organization","name":"Just Build It O\u00dc","url":"https:\/\/justbuildit.eu\/en\/","logo":{"@type":"ImageObject","inLanguage":"en-US","@id":"https:\/\/justbuildit.eu\/en\/#\/schema\/logo\/image\/","url":"https:\/\/justbuildit.eu\/wp-content\/uploads\/2022\/01\/justbuildit.png","contentUrl":"https:\/\/justbuildit.eu\/wp-content\/uploads\/2022\/01\/justbuildit.png","width":173,"height":77,"caption":"Just Build It O\u00dc"},"image":{"@id":"https:\/\/justbuildit.eu\/en\/#\/schema\/logo\/image\/"},"sameAs":["https:\/\/www.facebook.com\/justbuildit.ee"]}]}},"_links":{"self":[{"href":"https:\/\/justbuildit.eu\/en\/wp-json\/wp\/v2\/product\/386310","targetHints":{"allow":["GET"]}}],"collection":[{"href":"https:\/\/justbuildit.eu\/en\/wp-json\/wp\/v2\/product"}],"about":[{"href":"https:\/\/justbuildit.eu\/en\/wp-json\/wp\/v2\/types\/product"}],"replies":[{"embeddable":true,"href":"https:\/\/justbuildit.eu\/en\/wp-json\/wp\/v2\/comments?post=386310"}],"wp:featuredmedia":[{"embeddable":true,"href":"https:\/\/justbuildit.eu\/en\/wp-json\/wp\/v2\/media\/386311"}],"wp:attachment":[{"href":"https:\/\/justbuildit.eu\/en\/wp-json\/wp\/v2\/media?parent=386310"}],"wp:term":[{"taxonomy":"product_brand","embeddable":true,"href":"https:\/\/justbuildit.eu\/en\/wp-json\/wp\/v2\/product_brand?post=386310"},{"taxonomy":"product_cat","embeddable":true,"href":"https:\/\/justbuildit.eu\/en\/wp-json\/wp\/v2\/product_cat?post=386310"},{"taxonomy":"product_tag","embeddable":true,"href":"https:\/\/justbuildit.eu\/en\/wp-json\/wp\/v2\/product_tag?post=386310"}],"curies":[{"name":"wp","href":"https:\/\/api.w.org\/{rel}","templated":true}]}}