{"id":386331,"date":"2023-12-16T14:35:16","date_gmt":"2023-12-16T11:35:16","guid":{"rendered":"https:\/\/justbuildit.eu\/?post_type=product&#038;p=386331"},"modified":"2026-04-11T12:04:55","modified_gmt":"2026-04-11T09:04:55","slug":"nelikantnael-peitpea-kzn-2560-1kg-334tk-pk","status":"publish","type":"product","link":"https:\/\/justbuildit.eu\/en\/pood\/kinnitusvahendid\/naelad\/nelikantnael-peitpea-kzn-2560-1kg-334tk-pk\/","title":{"rendered":"NELIKANTNAEL PEITPEA KZN 2,5*60 1KG ~334TK\/PK"},"content":{"rendered":"<div class=\"row\"  id=\"row-442640376\">\n<div id=\"col-2055326807\" class=\"col medium-9 small-12 large-9\"  >\n<div class=\"col-inner\"  >\n<h3>Nelikantnael peitpea kzn 2,5&#215;60 1kg<\/h3>\n<p>S\u00fcsinikterasest peitpeaga kuumtsingitud nelikantnael. Kasutatakse puitkonstruktsioonide ja -elementide kinnitamiseks.<\/p>\n<p><strong>Naelutamise n\u00f5uanded:<\/strong><br \/>\nMitme naela kinnitamisel samasse kohta, tuleb puidul\u00f5he tekkimise v\u00e4ltimiseks l\u00fc\u00fca nad \u00fcksteise suhtes suunaga eemale. Eelnevalt v\u00f5ib ette puurida v\u00e4ikese ava.<br \/>\nNael peab ulatuma puitkonstruktsioonile kinnitatava puidu paksusest, u 2,5 korda aluspuidu s\u00fcgavusse. Parema kinnitustulemuse saavutamiseks betoonis, peab nael olema u 15-20 mm s\u00fcgavusel.<br \/>\nParima vastupidavuse puitkonstruktsioonides tuleb naelad l\u00fc\u00fca veidi viltu.<br \/>\nImmutatud puidu puhul tuleb kasutada kuumtsingitud v\u00f5i roostevabu naelu.<br \/>\nN\u00e4htaval puitpinnal ilusa pinna saavutamiseks kasutage peitpeanaelu. Naelad tuleb s\u00fcvistada u 1-2mm s\u00fcgavuselt. Augud saab tasandada pahtliga ja v\u00e4rvida.<\/p>\n<\/p>\n<\/div>\n<\/div>\n<div id=\"col-1514817052\" class=\"col medium-3 small-12 large-3\"  >\n<div class=\"col-inner\"  >\n<div id=\"gap-137115766\" class=\"gap-element clearfix\" style=\"display:block; height:auto;\">\n<style>\n#gap-137115766 {\n  padding-top: 30px;\n}\n<\/style>\n<\/p>\n<\/div>\n<div class=\"is-divider divider clearfix\" ><\/div>\n<p><strong>\u00dcksikasjalikuma n\u00f5u saamiseks v\u00f5tke \u00fchendust:<br \/><\/strong>Espak AS<br \/>Viadukti 42<br \/>11313<br \/>Tallinn<br \/>+372 6 512333<\/p>\n<\/p>\n<\/div>\n<\/div>\n<\/div>\n","protected":false},"excerpt":{"rendered":"<p>S\u00fcsinikterasest peitpeaga kuumtsingitud nelikantnael. Kasutatakse puitkonstruktsioonide ja -elementide kinnitamiseks.<\/p>","protected":false},"featured_media":386332,"comment_status":"open","ping_status":"closed","template":"","meta":{"_acf_changed":false},"product_brand":[],"product_cat":[86,498],"product_tag":[],"class_list":{"0":"post-386331","1":"product","2":"type-product","3":"status-publish","4":"has-post-thumbnail","6":"product_cat-naelad","7":"product_cat-espak","9":"first","10":"instock","11":"sale","12":"shipping-taxable","13":"purchasable","14":"product-type-simple"},"acf":[],"yoast_head":"<!-- This site is optimized with the Yoast SEO Premium plugin v18.7 (Yoast SEO v26.5) - https:\/\/yoast.com\/wordpress\/plugins\/seo\/ -->\n<title>NELIKANTNAEL PEITPEA KZN 2,5*60 1KG ~334TK\/PK - Ehituslahendused<\/title>\n<meta name=\"robots\" content=\"index, follow, max-snippet:-1, max-image-preview:large, max-video-preview:-1\" \/>\n<link rel=\"canonical\" href=\"https:\/\/justbuildit.eu\/en\/pood\/kinnitusvahendid\/naelad\/nelikantnael-peitpea-kzn-2560-1kg-334tk-pk\/\" \/>\n<meta property=\"og:locale\" content=\"en_US\" \/>\n<meta property=\"og:type\" content=\"article\" \/>\n<meta property=\"og:title\" content=\"NELIKANTNAEL PEITPEA KZN 2,5*60 1KG ~334TK\/PK\" \/>\n<meta property=\"og:description\" content=\"S\u00fcsinikterasest peitpeaga kuumtsingitud nelikantnael. Kasutatakse puitkonstruktsioonide ja -elementide kinnitamiseks.\" \/>\n<meta property=\"og:url\" content=\"https:\/\/justbuildit.eu\/en\/pood\/kinnitusvahendid\/naelad\/nelikantnael-peitpea-kzn-2560-1kg-334tk-pk\/\" \/>\n<meta property=\"og:site_name\" content=\"Ehituslahendused\" \/>\n<meta property=\"article:publisher\" content=\"https:\/\/www.facebook.com\/justbuildit.ee\" \/>\n<meta property=\"article:modified_time\" content=\"2026-04-11T09:04:55+00:00\" \/>\n<meta property=\"og:image\" content=\"https:\/\/justbuildit.eu\/wp-content\/uploads\/2023\/12\/kzn-pp-nelik.jpg\" \/>\n\t<meta property=\"og:image:width\" content=\"1000\" \/>\n\t<meta property=\"og:image:height\" content=\"1000\" \/>\n\t<meta property=\"og:image:type\" content=\"image\/jpeg\" \/>\n<meta name=\"twitter:card\" content=\"summary_large_image\" \/>\n<script type=\"application\/ld+json\" class=\"yoast-schema-graph\">{\"@context\":\"https:\/\/schema.org\",\"@graph\":[{\"@type\":\"WebPage\",\"@id\":\"https:\/\/justbuildit.eu\/en\/pood\/kinnitusvahendid\/naelad\/nelikantnael-peitpea-kzn-2560-1kg-334tk-pk\/\",\"url\":\"https:\/\/justbuildit.eu\/en\/pood\/kinnitusvahendid\/naelad\/nelikantnael-peitpea-kzn-2560-1kg-334tk-pk\/\",\"name\":\"NELIKANTNAEL PEITPEA KZN 2,5*60 1KG ~334TK\/PK - Ehituslahendused\",\"isPartOf\":{\"@id\":\"https:\/\/justbuildit.eu\/en\/#website\"},\"primaryImageOfPage\":{\"@id\":\"https:\/\/justbuildit.eu\/en\/pood\/kinnitusvahendid\/naelad\/nelikantnael-peitpea-kzn-2560-1kg-334tk-pk\/#primaryimage\"},\"image\":{\"@id\":\"https:\/\/justbuildit.eu\/en\/pood\/kinnitusvahendid\/naelad\/nelikantnael-peitpea-kzn-2560-1kg-334tk-pk\/#primaryimage\"},\"thumbnailUrl\":\"https:\/\/justbuildit.eu\/wp-content\/uploads\/2023\/12\/kzn-pp-nelik.jpg\",\"datePublished\":\"2023-12-16T11:35:16+00:00\",\"dateModified\":\"2026-04-11T09:04:55+00:00\",\"breadcrumb\":{\"@id\":\"https:\/\/justbuildit.eu\/en\/pood\/kinnitusvahendid\/naelad\/nelikantnael-peitpea-kzn-2560-1kg-334tk-pk\/#breadcrumb\"},\"inLanguage\":\"en-US\",\"potentialAction\":[{\"@type\":\"ReadAction\",\"target\":[\"https:\/\/justbuildit.eu\/en\/pood\/kinnitusvahendid\/naelad\/nelikantnael-peitpea-kzn-2560-1kg-334tk-pk\/\"]}]},{\"@type\":\"ImageObject\",\"inLanguage\":\"en-US\",\"@id\":\"https:\/\/justbuildit.eu\/en\/pood\/kinnitusvahendid\/naelad\/nelikantnael-peitpea-kzn-2560-1kg-334tk-pk\/#primaryimage\",\"url\":\"https:\/\/justbuildit.eu\/wp-content\/uploads\/2023\/12\/kzn-pp-nelik.jpg\",\"contentUrl\":\"https:\/\/justbuildit.eu\/wp-content\/uploads\/2023\/12\/kzn-pp-nelik.jpg\",\"width\":1000,\"height\":1000},{\"@type\":\"BreadcrumbList\",\"@id\":\"https:\/\/justbuildit.eu\/en\/pood\/kinnitusvahendid\/naelad\/nelikantnael-peitpea-kzn-2560-1kg-334tk-pk\/#breadcrumb\",\"itemListElement\":[{\"@type\":\"ListItem\",\"position\":1,\"name\":\"Home\",\"item\":\"https:\/\/justbuildit.eu\/en\/\"},{\"@type\":\"ListItem\",\"position\":2,\"name\":\"Shop\",\"item\":\"https:\/\/justbuildit.eu\/en\/building-materials\/\"},{\"@type\":\"ListItem\",\"position\":3,\"name\":\"NELIKANTNAEL PEITPEA KZN 2,5*60 1KG ~334TK\/PK\"}]},{\"@type\":\"WebSite\",\"@id\":\"https:\/\/justbuildit.eu\/en\/#website\",\"url\":\"https:\/\/justbuildit.eu\/en\/\",\"name\":\"Ehituslahendused\",\"description\":\"Ehituslahendused ja materjalid\",\"publisher\":{\"@id\":\"https:\/\/justbuildit.eu\/en\/#organization\"},\"potentialAction\":[{\"@type\":\"SearchAction\",\"target\":{\"@type\":\"EntryPoint\",\"urlTemplate\":\"https:\/\/justbuildit.eu\/en\/?s={search_term_string}\"},\"query-input\":{\"@type\":\"PropertyValueSpecification\",\"valueRequired\":true,\"valueName\":\"search_term_string\"}}],\"inLanguage\":\"en-US\"},{\"@type\":\"Organization\",\"@id\":\"https:\/\/justbuildit.eu\/en\/#organization\",\"name\":\"Just Build It O\u00dc\",\"url\":\"https:\/\/justbuildit.eu\/en\/\",\"logo\":{\"@type\":\"ImageObject\",\"inLanguage\":\"en-US\",\"@id\":\"https:\/\/justbuildit.eu\/en\/#\/schema\/logo\/image\/\",\"url\":\"https:\/\/justbuildit.eu\/wp-content\/uploads\/2022\/01\/justbuildit.png\",\"contentUrl\":\"https:\/\/justbuildit.eu\/wp-content\/uploads\/2022\/01\/justbuildit.png\",\"width\":173,\"height\":77,\"caption\":\"Just Build It O\u00dc\"},\"image\":{\"@id\":\"https:\/\/justbuildit.eu\/en\/#\/schema\/logo\/image\/\"},\"sameAs\":[\"https:\/\/www.facebook.com\/justbuildit.ee\"]}]}<\/script>\n<!-- \/ Yoast SEO Premium plugin. -->","yoast_head_json":{"title":"NELIKANTNAEL PEITPEA KZN 2,5*60 1KG ~334TK\/PK - Ehituslahendused","robots":{"index":"index","follow":"follow","max-snippet":"max-snippet:-1","max-image-preview":"max-image-preview:large","max-video-preview":"max-video-preview:-1"},"canonical":"https:\/\/justbuildit.eu\/en\/pood\/kinnitusvahendid\/naelad\/nelikantnael-peitpea-kzn-2560-1kg-334tk-pk\/","og_locale":"en_US","og_type":"article","og_title":"NELIKANTNAEL PEITPEA KZN 2,5*60 1KG ~334TK\/PK","og_description":"S\u00fcsinikterasest peitpeaga kuumtsingitud nelikantnael. Kasutatakse puitkonstruktsioonide ja -elementide kinnitamiseks.","og_url":"https:\/\/justbuildit.eu\/en\/pood\/kinnitusvahendid\/naelad\/nelikantnael-peitpea-kzn-2560-1kg-334tk-pk\/","og_site_name":"Ehituslahendused","article_publisher":"https:\/\/www.facebook.com\/justbuildit.ee","article_modified_time":"2026-04-11T09:04:55+00:00","og_image":[{"width":1000,"height":1000,"url":"https:\/\/justbuildit.eu\/wp-content\/uploads\/2023\/12\/kzn-pp-nelik.jpg","type":"image\/jpeg"}],"twitter_card":"summary_large_image","schema":{"@context":"https:\/\/schema.org","@graph":[{"@type":"WebPage","@id":"https:\/\/justbuildit.eu\/en\/pood\/kinnitusvahendid\/naelad\/nelikantnael-peitpea-kzn-2560-1kg-334tk-pk\/","url":"https:\/\/justbuildit.eu\/en\/pood\/kinnitusvahendid\/naelad\/nelikantnael-peitpea-kzn-2560-1kg-334tk-pk\/","name":"NELIKANTNAEL PEITPEA KZN 2,5*60 1KG ~334TK\/PK - Ehituslahendused","isPartOf":{"@id":"https:\/\/justbuildit.eu\/en\/#website"},"primaryImageOfPage":{"@id":"https:\/\/justbuildit.eu\/en\/pood\/kinnitusvahendid\/naelad\/nelikantnael-peitpea-kzn-2560-1kg-334tk-pk\/#primaryimage"},"image":{"@id":"https:\/\/justbuildit.eu\/en\/pood\/kinnitusvahendid\/naelad\/nelikantnael-peitpea-kzn-2560-1kg-334tk-pk\/#primaryimage"},"thumbnailUrl":"https:\/\/justbuildit.eu\/wp-content\/uploads\/2023\/12\/kzn-pp-nelik.jpg","datePublished":"2023-12-16T11:35:16+00:00","dateModified":"2026-04-11T09:04:55+00:00","breadcrumb":{"@id":"https:\/\/justbuildit.eu\/en\/pood\/kinnitusvahendid\/naelad\/nelikantnael-peitpea-kzn-2560-1kg-334tk-pk\/#breadcrumb"},"inLanguage":"en-US","potentialAction":[{"@type":"ReadAction","target":["https:\/\/justbuildit.eu\/en\/pood\/kinnitusvahendid\/naelad\/nelikantnael-peitpea-kzn-2560-1kg-334tk-pk\/"]}]},{"@type":"ImageObject","inLanguage":"en-US","@id":"https:\/\/justbuildit.eu\/en\/pood\/kinnitusvahendid\/naelad\/nelikantnael-peitpea-kzn-2560-1kg-334tk-pk\/#primaryimage","url":"https:\/\/justbuildit.eu\/wp-content\/uploads\/2023\/12\/kzn-pp-nelik.jpg","contentUrl":"https:\/\/justbuildit.eu\/wp-content\/uploads\/2023\/12\/kzn-pp-nelik.jpg","width":1000,"height":1000},{"@type":"BreadcrumbList","@id":"https:\/\/justbuildit.eu\/en\/pood\/kinnitusvahendid\/naelad\/nelikantnael-peitpea-kzn-2560-1kg-334tk-pk\/#breadcrumb","itemListElement":[{"@type":"ListItem","position":1,"name":"Home","item":"https:\/\/justbuildit.eu\/en\/"},{"@type":"ListItem","position":2,"name":"Shop","item":"https:\/\/justbuildit.eu\/en\/building-materials\/"},{"@type":"ListItem","position":3,"name":"NELIKANTNAEL PEITPEA KZN 2,5*60 1KG ~334TK\/PK"}]},{"@type":"WebSite","@id":"https:\/\/justbuildit.eu\/en\/#website","url":"https:\/\/justbuildit.eu\/en\/","name":"Ehituslahendused","description":"Ehituslahendused ja materjalid","publisher":{"@id":"https:\/\/justbuildit.eu\/en\/#organization"},"potentialAction":[{"@type":"SearchAction","target":{"@type":"EntryPoint","urlTemplate":"https:\/\/justbuildit.eu\/en\/?s={search_term_string}"},"query-input":{"@type":"PropertyValueSpecification","valueRequired":true,"valueName":"search_term_string"}}],"inLanguage":"en-US"},{"@type":"Organization","@id":"https:\/\/justbuildit.eu\/en\/#organization","name":"Just Build It O\u00dc","url":"https:\/\/justbuildit.eu\/en\/","logo":{"@type":"ImageObject","inLanguage":"en-US","@id":"https:\/\/justbuildit.eu\/en\/#\/schema\/logo\/image\/","url":"https:\/\/justbuildit.eu\/wp-content\/uploads\/2022\/01\/justbuildit.png","contentUrl":"https:\/\/justbuildit.eu\/wp-content\/uploads\/2022\/01\/justbuildit.png","width":173,"height":77,"caption":"Just Build It O\u00dc"},"image":{"@id":"https:\/\/justbuildit.eu\/en\/#\/schema\/logo\/image\/"},"sameAs":["https:\/\/www.facebook.com\/justbuildit.ee"]}]}},"_links":{"self":[{"href":"https:\/\/justbuildit.eu\/en\/wp-json\/wp\/v2\/product\/386331","targetHints":{"allow":["GET"]}}],"collection":[{"href":"https:\/\/justbuildit.eu\/en\/wp-json\/wp\/v2\/product"}],"about":[{"href":"https:\/\/justbuildit.eu\/en\/wp-json\/wp\/v2\/types\/product"}],"replies":[{"embeddable":true,"href":"https:\/\/justbuildit.eu\/en\/wp-json\/wp\/v2\/comments?post=386331"}],"wp:featuredmedia":[{"embeddable":true,"href":"https:\/\/justbuildit.eu\/en\/wp-json\/wp\/v2\/media\/386332"}],"wp:attachment":[{"href":"https:\/\/justbuildit.eu\/en\/wp-json\/wp\/v2\/media?parent=386331"}],"wp:term":[{"taxonomy":"product_brand","embeddable":true,"href":"https:\/\/justbuildit.eu\/en\/wp-json\/wp\/v2\/product_brand?post=386331"},{"taxonomy":"product_cat","embeddable":true,"href":"https:\/\/justbuildit.eu\/en\/wp-json\/wp\/v2\/product_cat?post=386331"},{"taxonomy":"product_tag","embeddable":true,"href":"https:\/\/justbuildit.eu\/en\/wp-json\/wp\/v2\/product_tag?post=386331"}],"curies":[{"name":"wp","href":"https:\/\/api.w.org\/{rel}","templated":true}]}}