{"id":386355,"date":"2023-12-16T15:09:21","date_gmt":"2023-12-16T12:09:21","guid":{"rendered":"https:\/\/justbuildit.eu\/?post_type=product&#038;p=386355"},"modified":"2026-04-11T12:04:50","modified_gmt":"2026-04-11T09:04:50","slug":"soojustusplaat-eps-60-50-fassaad-20tk-12m2","status":"publish","type":"product","link":"https:\/\/justbuildit.eu\/en\/pood\/uncategorized\/soojustusplaat-eps-60-50-fassaad-20tk-12m2\/","title":{"rendered":"Soojustusplaat EPS 60-50 Fassaad (20tk\/12m2)"},"content":{"rendered":"<ul>\n<li>Plaadi pikkus x laius<\/b>: 600x1000mm<\/li>\n<li>Plaadi paksus<\/B>: 50mm<\/li>\n<li>Kogus pakis<\/b>: 20tk &#8211; 12m2 &#8211; 0,6m3<\/li>\n<\/ul>\n<p>EPS 60 Fassaad eelised:<\/p>\n<ul>\n<li>Suur valik eri paksusega (20-500 mm) tooteid v\u00f5imaldab optimaalset hoonete soojustuse lahendust.<\/li>\n<li>Mugav paigaldada, sest sademed ja niiskus ei kahjusta materjali t\u00f6\u00f6de ajal.<\/li>\n<li>\u00d5hekrohvis\u00fcsteemid on piisava \u00f5hu- ja aurul\u00e4bilaskvusega.<\/li>\n<li>Lihtsalt t\u00f6\u00f6deldav, kerge \u2013 ei koorma tellinguid.<\/li>\n<li>Soodsaim fassaadisoojustuslahendus.<\/li>\n<\/ul>\n<p>EPS 60 Fassaad on soojustusplaat, mis sobib kasutamiseks hoonete v\u00e4lisseinte p\u00f5hiosade soojustamisel (uusehitistel ja renoveerimisel) koos k\u00f5ikide tunnustatud fassaadis\u00fcsteemitoodetega.<\/p>\n<p>Fassaaditooted kuuluvad tuleklassi E (Euroclass E \u2013 raskesti s\u00fcttiv materjal) ning koos krohvis\u00fcsteemiga omavad tuleklassi B.<\/p>\n<p>Hoone alumiste servade, soklite, uste \u00fcmbruste ning teiste suuremat survetugevust ja l\u00f6\u00f6gitaluvust n\u00f5udvate osade soojustamisel soovitame kasutada toodet EPS 100 v\u00f5i EPS 100 Silver v\u00f5i soklis osaliselt pinnasesse paigaldades toodet EPS 120 Perimeeter.<\/p>\n<p>Enne viimistlusmaterjalidega katmist soovitame plaatide pindasid karestada parema nakkuvuse saavutamiseks.<\/p>\n","protected":false},"excerpt":{"rendered":"<p>EPS 60 Fassaad eelised:<\/p>","protected":false},"featured_media":386356,"comment_status":"open","ping_status":"closed","template":"","meta":{"_acf_changed":false},"product_brand":[],"product_cat":[497,22],"product_tag":[],"class_list":{"0":"post-386355","1":"product","2":"type-product","3":"status-publish","4":"has-post-thumbnail","6":"product_cat-puumarket","7":"product_cat-uncategorized","9":"first","10":"instock","11":"shipping-taxable","12":"purchasable","13":"product-type-simple"},"acf":[],"yoast_head":"<!-- This site is optimized with the Yoast SEO Premium plugin v18.7 (Yoast SEO v26.5) - https:\/\/yoast.com\/wordpress\/plugins\/seo\/ -->\n<title>Soojustusplaat EPS 60-50 Fassaad (20tk\/12m2) - Ehituslahendused<\/title>\n<meta name=\"robots\" content=\"index, follow, max-snippet:-1, max-image-preview:large, max-video-preview:-1\" \/>\n<link rel=\"canonical\" href=\"https:\/\/justbuildit.eu\/en\/pood\/uncategorized\/soojustusplaat-eps-60-50-fassaad-20tk-12m2\/\" \/>\n<meta property=\"og:locale\" content=\"en_US\" \/>\n<meta property=\"og:type\" content=\"article\" \/>\n<meta property=\"og:title\" content=\"Soojustusplaat EPS 60-50 Fassaad (20tk\/12m2)\" \/>\n<meta property=\"og:description\" content=\"EPS 60 Fassaad eelised:\" \/>\n<meta property=\"og:url\" content=\"https:\/\/justbuildit.eu\/en\/pood\/uncategorized\/soojustusplaat-eps-60-50-fassaad-20tk-12m2\/\" \/>\n<meta property=\"og:site_name\" content=\"Ehituslahendused\" \/>\n<meta property=\"article:publisher\" content=\"https:\/\/www.facebook.com\/justbuildit.ee\" \/>\n<meta property=\"article:modified_time\" content=\"2026-04-11T09:04:50+00:00\" \/>\n<meta property=\"og:image\" content=\"https:\/\/justbuildit.eu\/wp-content\/uploads\/2023\/12\/110789.jpg\" \/>\n\t<meta property=\"og:image:width\" content=\"709\" \/>\n\t<meta property=\"og:image:height\" content=\"709\" \/>\n\t<meta property=\"og:image:type\" content=\"image\/jpeg\" \/>\n<meta name=\"twitter:card\" content=\"summary_large_image\" \/>\n<script type=\"application\/ld+json\" class=\"yoast-schema-graph\">{\"@context\":\"https:\/\/schema.org\",\"@graph\":[{\"@type\":\"WebPage\",\"@id\":\"https:\/\/justbuildit.eu\/en\/pood\/uncategorized\/soojustusplaat-eps-60-50-fassaad-20tk-12m2\/\",\"url\":\"https:\/\/justbuildit.eu\/en\/pood\/uncategorized\/soojustusplaat-eps-60-50-fassaad-20tk-12m2\/\",\"name\":\"Soojustusplaat EPS 60-50 Fassaad (20tk\/12m2) - Ehituslahendused\",\"isPartOf\":{\"@id\":\"https:\/\/justbuildit.eu\/en\/#website\"},\"primaryImageOfPage\":{\"@id\":\"https:\/\/justbuildit.eu\/en\/pood\/uncategorized\/soojustusplaat-eps-60-50-fassaad-20tk-12m2\/#primaryimage\"},\"image\":{\"@id\":\"https:\/\/justbuildit.eu\/en\/pood\/uncategorized\/soojustusplaat-eps-60-50-fassaad-20tk-12m2\/#primaryimage\"},\"thumbnailUrl\":\"https:\/\/justbuildit.eu\/wp-content\/uploads\/2023\/12\/110789.jpg\",\"datePublished\":\"2023-12-16T12:09:21+00:00\",\"dateModified\":\"2026-04-11T09:04:50+00:00\",\"breadcrumb\":{\"@id\":\"https:\/\/justbuildit.eu\/en\/pood\/uncategorized\/soojustusplaat-eps-60-50-fassaad-20tk-12m2\/#breadcrumb\"},\"inLanguage\":\"en-US\",\"potentialAction\":[{\"@type\":\"ReadAction\",\"target\":[\"https:\/\/justbuildit.eu\/en\/pood\/uncategorized\/soojustusplaat-eps-60-50-fassaad-20tk-12m2\/\"]}]},{\"@type\":\"ImageObject\",\"inLanguage\":\"en-US\",\"@id\":\"https:\/\/justbuildit.eu\/en\/pood\/uncategorized\/soojustusplaat-eps-60-50-fassaad-20tk-12m2\/#primaryimage\",\"url\":\"https:\/\/justbuildit.eu\/wp-content\/uploads\/2023\/12\/110789.jpg\",\"contentUrl\":\"https:\/\/justbuildit.eu\/wp-content\/uploads\/2023\/12\/110789.jpg\",\"width\":709,\"height\":709},{\"@type\":\"BreadcrumbList\",\"@id\":\"https:\/\/justbuildit.eu\/en\/pood\/uncategorized\/soojustusplaat-eps-60-50-fassaad-20tk-12m2\/#breadcrumb\",\"itemListElement\":[{\"@type\":\"ListItem\",\"position\":1,\"name\":\"Home\",\"item\":\"https:\/\/justbuildit.eu\/en\/\"},{\"@type\":\"ListItem\",\"position\":2,\"name\":\"Shop\",\"item\":\"https:\/\/justbuildit.eu\/en\/building-materials\/\"},{\"@type\":\"ListItem\",\"position\":3,\"name\":\"Soojustusplaat EPS 60-50 Fassaad (20tk\/12m2)\"}]},{\"@type\":\"WebSite\",\"@id\":\"https:\/\/justbuildit.eu\/en\/#website\",\"url\":\"https:\/\/justbuildit.eu\/en\/\",\"name\":\"Ehituslahendused\",\"description\":\"Ehituslahendused ja materjalid\",\"publisher\":{\"@id\":\"https:\/\/justbuildit.eu\/en\/#organization\"},\"potentialAction\":[{\"@type\":\"SearchAction\",\"target\":{\"@type\":\"EntryPoint\",\"urlTemplate\":\"https:\/\/justbuildit.eu\/en\/?s={search_term_string}\"},\"query-input\":{\"@type\":\"PropertyValueSpecification\",\"valueRequired\":true,\"valueName\":\"search_term_string\"}}],\"inLanguage\":\"en-US\"},{\"@type\":\"Organization\",\"@id\":\"https:\/\/justbuildit.eu\/en\/#organization\",\"name\":\"Just Build It O\u00dc\",\"url\":\"https:\/\/justbuildit.eu\/en\/\",\"logo\":{\"@type\":\"ImageObject\",\"inLanguage\":\"en-US\",\"@id\":\"https:\/\/justbuildit.eu\/en\/#\/schema\/logo\/image\/\",\"url\":\"https:\/\/justbuildit.eu\/wp-content\/uploads\/2022\/01\/justbuildit.png\",\"contentUrl\":\"https:\/\/justbuildit.eu\/wp-content\/uploads\/2022\/01\/justbuildit.png\",\"width\":173,\"height\":77,\"caption\":\"Just Build It O\u00dc\"},\"image\":{\"@id\":\"https:\/\/justbuildit.eu\/en\/#\/schema\/logo\/image\/\"},\"sameAs\":[\"https:\/\/www.facebook.com\/justbuildit.ee\"]}]}<\/script>\n<!-- \/ Yoast SEO Premium plugin. -->","yoast_head_json":{"title":"Soojustusplaat EPS 60-50 Fassaad (20tk\/12m2) - Ehituslahendused","robots":{"index":"index","follow":"follow","max-snippet":"max-snippet:-1","max-image-preview":"max-image-preview:large","max-video-preview":"max-video-preview:-1"},"canonical":"https:\/\/justbuildit.eu\/en\/pood\/uncategorized\/soojustusplaat-eps-60-50-fassaad-20tk-12m2\/","og_locale":"en_US","og_type":"article","og_title":"Soojustusplaat EPS 60-50 Fassaad (20tk\/12m2)","og_description":"EPS 60 Fassaad eelised:","og_url":"https:\/\/justbuildit.eu\/en\/pood\/uncategorized\/soojustusplaat-eps-60-50-fassaad-20tk-12m2\/","og_site_name":"Ehituslahendused","article_publisher":"https:\/\/www.facebook.com\/justbuildit.ee","article_modified_time":"2026-04-11T09:04:50+00:00","og_image":[{"width":709,"height":709,"url":"https:\/\/justbuildit.eu\/wp-content\/uploads\/2023\/12\/110789.jpg","type":"image\/jpeg"}],"twitter_card":"summary_large_image","schema":{"@context":"https:\/\/schema.org","@graph":[{"@type":"WebPage","@id":"https:\/\/justbuildit.eu\/en\/pood\/uncategorized\/soojustusplaat-eps-60-50-fassaad-20tk-12m2\/","url":"https:\/\/justbuildit.eu\/en\/pood\/uncategorized\/soojustusplaat-eps-60-50-fassaad-20tk-12m2\/","name":"Soojustusplaat EPS 60-50 Fassaad (20tk\/12m2) - Ehituslahendused","isPartOf":{"@id":"https:\/\/justbuildit.eu\/en\/#website"},"primaryImageOfPage":{"@id":"https:\/\/justbuildit.eu\/en\/pood\/uncategorized\/soojustusplaat-eps-60-50-fassaad-20tk-12m2\/#primaryimage"},"image":{"@id":"https:\/\/justbuildit.eu\/en\/pood\/uncategorized\/soojustusplaat-eps-60-50-fassaad-20tk-12m2\/#primaryimage"},"thumbnailUrl":"https:\/\/justbuildit.eu\/wp-content\/uploads\/2023\/12\/110789.jpg","datePublished":"2023-12-16T12:09:21+00:00","dateModified":"2026-04-11T09:04:50+00:00","breadcrumb":{"@id":"https:\/\/justbuildit.eu\/en\/pood\/uncategorized\/soojustusplaat-eps-60-50-fassaad-20tk-12m2\/#breadcrumb"},"inLanguage":"en-US","potentialAction":[{"@type":"ReadAction","target":["https:\/\/justbuildit.eu\/en\/pood\/uncategorized\/soojustusplaat-eps-60-50-fassaad-20tk-12m2\/"]}]},{"@type":"ImageObject","inLanguage":"en-US","@id":"https:\/\/justbuildit.eu\/en\/pood\/uncategorized\/soojustusplaat-eps-60-50-fassaad-20tk-12m2\/#primaryimage","url":"https:\/\/justbuildit.eu\/wp-content\/uploads\/2023\/12\/110789.jpg","contentUrl":"https:\/\/justbuildit.eu\/wp-content\/uploads\/2023\/12\/110789.jpg","width":709,"height":709},{"@type":"BreadcrumbList","@id":"https:\/\/justbuildit.eu\/en\/pood\/uncategorized\/soojustusplaat-eps-60-50-fassaad-20tk-12m2\/#breadcrumb","itemListElement":[{"@type":"ListItem","position":1,"name":"Home","item":"https:\/\/justbuildit.eu\/en\/"},{"@type":"ListItem","position":2,"name":"Shop","item":"https:\/\/justbuildit.eu\/en\/building-materials\/"},{"@type":"ListItem","position":3,"name":"Soojustusplaat EPS 60-50 Fassaad (20tk\/12m2)"}]},{"@type":"WebSite","@id":"https:\/\/justbuildit.eu\/en\/#website","url":"https:\/\/justbuildit.eu\/en\/","name":"Ehituslahendused","description":"Ehituslahendused ja materjalid","publisher":{"@id":"https:\/\/justbuildit.eu\/en\/#organization"},"potentialAction":[{"@type":"SearchAction","target":{"@type":"EntryPoint","urlTemplate":"https:\/\/justbuildit.eu\/en\/?s={search_term_string}"},"query-input":{"@type":"PropertyValueSpecification","valueRequired":true,"valueName":"search_term_string"}}],"inLanguage":"en-US"},{"@type":"Organization","@id":"https:\/\/justbuildit.eu\/en\/#organization","name":"Just Build It O\u00dc","url":"https:\/\/justbuildit.eu\/en\/","logo":{"@type":"ImageObject","inLanguage":"en-US","@id":"https:\/\/justbuildit.eu\/en\/#\/schema\/logo\/image\/","url":"https:\/\/justbuildit.eu\/wp-content\/uploads\/2022\/01\/justbuildit.png","contentUrl":"https:\/\/justbuildit.eu\/wp-content\/uploads\/2022\/01\/justbuildit.png","width":173,"height":77,"caption":"Just Build It O\u00dc"},"image":{"@id":"https:\/\/justbuildit.eu\/en\/#\/schema\/logo\/image\/"},"sameAs":["https:\/\/www.facebook.com\/justbuildit.ee"]}]}},"_links":{"self":[{"href":"https:\/\/justbuildit.eu\/en\/wp-json\/wp\/v2\/product\/386355","targetHints":{"allow":["GET"]}}],"collection":[{"href":"https:\/\/justbuildit.eu\/en\/wp-json\/wp\/v2\/product"}],"about":[{"href":"https:\/\/justbuildit.eu\/en\/wp-json\/wp\/v2\/types\/product"}],"replies":[{"embeddable":true,"href":"https:\/\/justbuildit.eu\/en\/wp-json\/wp\/v2\/comments?post=386355"}],"wp:featuredmedia":[{"embeddable":true,"href":"https:\/\/justbuildit.eu\/en\/wp-json\/wp\/v2\/media\/386356"}],"wp:attachment":[{"href":"https:\/\/justbuildit.eu\/en\/wp-json\/wp\/v2\/media?parent=386355"}],"wp:term":[{"taxonomy":"product_brand","embeddable":true,"href":"https:\/\/justbuildit.eu\/en\/wp-json\/wp\/v2\/product_brand?post=386355"},{"taxonomy":"product_cat","embeddable":true,"href":"https:\/\/justbuildit.eu\/en\/wp-json\/wp\/v2\/product_cat?post=386355"},{"taxonomy":"product_tag","embeddable":true,"href":"https:\/\/justbuildit.eu\/en\/wp-json\/wp\/v2\/product_tag?post=386355"}],"curies":[{"name":"wp","href":"https:\/\/api.w.org\/{rel}","templated":true}]}}