{"id":386379,"date":"2023-12-16T15:18:21","date_gmt":"2023-12-16T12:18:21","guid":{"rendered":"https:\/\/justbuildit.eu\/?post_type=product&#038;p=386379"},"modified":"2026-04-19T12:04:44","modified_gmt":"2026-04-19T09:04:44","slug":"nurkraud-50x50x5mm-30m","status":"publish","type":"product","link":"https:\/\/justbuildit.eu\/en\/pood\/rauakaubad\/sarrusteras-armatuurteras\/nurkraud-50x50x5mm-30m\/","title":{"rendered":"Nurkraud 50x50x5mm 3,0m"},"content":{"rendered":"<p>Nurkrauda kasutatakse enamasti kergete ja kiiresti paigaldatavatel nii ehitusobjektidel (mastid, raamid, tugielemendid) kui masinaehituse (raamide osad, rakised) elementidena. Nurkraua kasutamine v\u00f5imaldab luua l\u00e4bipaindumise suhtes j\u00e4iga konstruktsiooni, kus nurkprofiilide erinevad osad \u00fchendatakse keevitamise v\u00f5i mehaaniliste kinnitusvahendite (poldid ja mutrid, needid, klambrid) abil. Standardsed nurkprofiilid on valmistatud h\u00e4sti keevitatavast mittelegeerkonstruktiooniterasest ning oma kuju poolest jagunevad need v\u00f5rd- v\u00f5i erik\u00fclgseteks nurkprofiilideks. <\/p>\n<p>  1JM=0,617KG<\/p>\n","protected":false},"excerpt":{"rendered":"<p>Nurkrauda kasutatakse enamasti kergete ja kiiresti paigaldatavatel nii ehitusobjektidel (mastid, raamid, tugielemendid) kui masinaehituse (raamide osad, rakised) elementidena. Nurkraua kasutamine v\u00f5imaldab luua l\u00e4bipaindumise suhtes j\u00e4iga konstruktsiooni, kus nurkprofiilide erinevad osad \u00fchendatakse keevitamise v\u00f5i mehaaniliste kinnitusvahendite (poldid ja mutrid, needid, klambrid) abil. Standardsed nurkprofiilid on valmistatud h\u00e4sti keevitatavast mittelegeerkonstruktiooniterasest ning oma kuju poolest jagunevad need v\u00f5rd- v\u00f5i erik\u00fclgseteks nurkprofiilideks. <\/p>","protected":false},"featured_media":386380,"comment_status":"open","ping_status":"closed","template":"","meta":{"_acf_changed":false},"product_brand":[],"product_cat":[107,497],"product_tag":[],"class_list":{"0":"post-386379","1":"product","2":"type-product","3":"status-publish","4":"has-post-thumbnail","6":"product_cat-sarrusteras-armatuurteras","7":"product_cat-puumarket","9":"first","10":"outofstock","11":"shipping-taxable","12":"purchasable","13":"product-type-simple"},"acf":[],"yoast_head":"<!-- This site is optimized with the Yoast SEO Premium plugin v18.7 (Yoast SEO v26.5) - https:\/\/yoast.com\/wordpress\/plugins\/seo\/ -->\n<title>Nurkraud 50x50x5mm 3,0m - Ehituslahendused<\/title>\n<meta name=\"robots\" content=\"index, follow, max-snippet:-1, max-image-preview:large, max-video-preview:-1\" \/>\n<link rel=\"canonical\" href=\"https:\/\/justbuildit.eu\/en\/pood\/rauakaubad\/sarrusteras-armatuurteras\/nurkraud-50x50x5mm-30m\/\" \/>\n<meta property=\"og:locale\" content=\"en_US\" \/>\n<meta property=\"og:type\" content=\"article\" \/>\n<meta property=\"og:title\" content=\"Nurkraud 50x50x5mm 3,0m\" \/>\n<meta property=\"og:description\" content=\"Nurkrauda kasutatakse enamasti kergete ja kiiresti paigaldatavatel nii ehitusobjektidel (mastid, raamid, tugielemendid) kui masinaehituse (raamide osad, rakised) elementidena. Nurkraua kasutamine v\u00f5imaldab luua l\u00e4bipaindumise suhtes j\u00e4iga konstruktsiooni, kus nurkprofiilide erinevad osad \u00fchendatakse keevitamise v\u00f5i mehaaniliste kinnitusvahendite (poldid ja mutrid, needid, klambrid) abil. Standardsed nurkprofiilid on valmistatud h\u00e4sti keevitatavast mittelegeerkonstruktiooniterasest ning oma kuju poolest jagunevad need v\u00f5rd- v\u00f5i erik\u00fclgseteks nurkprofiilideks.\" \/>\n<meta property=\"og:url\" content=\"https:\/\/justbuildit.eu\/en\/pood\/rauakaubad\/sarrusteras-armatuurteras\/nurkraud-50x50x5mm-30m\/\" \/>\n<meta property=\"og:site_name\" content=\"Ehituslahendused\" \/>\n<meta property=\"article:publisher\" content=\"https:\/\/www.facebook.com\/justbuildit.ee\" \/>\n<meta property=\"article:modified_time\" content=\"2026-04-19T09:04:44+00:00\" \/>\n<meta property=\"og:image\" content=\"https:\/\/justbuildit.eu\/wp-content\/uploads\/2023\/12\/108234.jpg\" \/>\n\t<meta property=\"og:image:width\" content=\"588\" \/>\n\t<meta property=\"og:image:height\" content=\"588\" \/>\n\t<meta property=\"og:image:type\" content=\"image\/jpeg\" \/>\n<meta name=\"twitter:card\" content=\"summary_large_image\" \/>\n<script type=\"application\/ld+json\" class=\"yoast-schema-graph\">{\"@context\":\"https:\/\/schema.org\",\"@graph\":[{\"@type\":\"WebPage\",\"@id\":\"https:\/\/justbuildit.eu\/en\/pood\/rauakaubad\/sarrusteras-armatuurteras\/nurkraud-50x50x5mm-30m\/\",\"url\":\"https:\/\/justbuildit.eu\/en\/pood\/rauakaubad\/sarrusteras-armatuurteras\/nurkraud-50x50x5mm-30m\/\",\"name\":\"Nurkraud 50x50x5mm 3,0m - Ehituslahendused\",\"isPartOf\":{\"@id\":\"https:\/\/justbuildit.eu\/en\/#website\"},\"primaryImageOfPage\":{\"@id\":\"https:\/\/justbuildit.eu\/en\/pood\/rauakaubad\/sarrusteras-armatuurteras\/nurkraud-50x50x5mm-30m\/#primaryimage\"},\"image\":{\"@id\":\"https:\/\/justbuildit.eu\/en\/pood\/rauakaubad\/sarrusteras-armatuurteras\/nurkraud-50x50x5mm-30m\/#primaryimage\"},\"thumbnailUrl\":\"https:\/\/justbuildit.eu\/wp-content\/uploads\/2023\/12\/108234.jpg\",\"datePublished\":\"2023-12-16T12:18:21+00:00\",\"dateModified\":\"2026-04-19T09:04:44+00:00\",\"breadcrumb\":{\"@id\":\"https:\/\/justbuildit.eu\/en\/pood\/rauakaubad\/sarrusteras-armatuurteras\/nurkraud-50x50x5mm-30m\/#breadcrumb\"},\"inLanguage\":\"en-US\",\"potentialAction\":[{\"@type\":\"ReadAction\",\"target\":[\"https:\/\/justbuildit.eu\/en\/pood\/rauakaubad\/sarrusteras-armatuurteras\/nurkraud-50x50x5mm-30m\/\"]}]},{\"@type\":\"ImageObject\",\"inLanguage\":\"en-US\",\"@id\":\"https:\/\/justbuildit.eu\/en\/pood\/rauakaubad\/sarrusteras-armatuurteras\/nurkraud-50x50x5mm-30m\/#primaryimage\",\"url\":\"https:\/\/justbuildit.eu\/wp-content\/uploads\/2023\/12\/108234.jpg\",\"contentUrl\":\"https:\/\/justbuildit.eu\/wp-content\/uploads\/2023\/12\/108234.jpg\",\"width\":588,\"height\":588},{\"@type\":\"BreadcrumbList\",\"@id\":\"https:\/\/justbuildit.eu\/en\/pood\/rauakaubad\/sarrusteras-armatuurteras\/nurkraud-50x50x5mm-30m\/#breadcrumb\",\"itemListElement\":[{\"@type\":\"ListItem\",\"position\":1,\"name\":\"Home\",\"item\":\"https:\/\/justbuildit.eu\/en\/\"},{\"@type\":\"ListItem\",\"position\":2,\"name\":\"Shop\",\"item\":\"https:\/\/justbuildit.eu\/en\/building-materials\/\"},{\"@type\":\"ListItem\",\"position\":3,\"name\":\"Nurkraud 50x50x5mm 3,0m\"}]},{\"@type\":\"WebSite\",\"@id\":\"https:\/\/justbuildit.eu\/en\/#website\",\"url\":\"https:\/\/justbuildit.eu\/en\/\",\"name\":\"Ehituslahendused\",\"description\":\"Ehituslahendused ja materjalid\",\"publisher\":{\"@id\":\"https:\/\/justbuildit.eu\/en\/#organization\"},\"potentialAction\":[{\"@type\":\"SearchAction\",\"target\":{\"@type\":\"EntryPoint\",\"urlTemplate\":\"https:\/\/justbuildit.eu\/en\/?s={search_term_string}\"},\"query-input\":{\"@type\":\"PropertyValueSpecification\",\"valueRequired\":true,\"valueName\":\"search_term_string\"}}],\"inLanguage\":\"en-US\"},{\"@type\":\"Organization\",\"@id\":\"https:\/\/justbuildit.eu\/en\/#organization\",\"name\":\"Just Build It O\u00dc\",\"url\":\"https:\/\/justbuildit.eu\/en\/\",\"logo\":{\"@type\":\"ImageObject\",\"inLanguage\":\"en-US\",\"@id\":\"https:\/\/justbuildit.eu\/en\/#\/schema\/logo\/image\/\",\"url\":\"https:\/\/justbuildit.eu\/wp-content\/uploads\/2022\/01\/justbuildit.png\",\"contentUrl\":\"https:\/\/justbuildit.eu\/wp-content\/uploads\/2022\/01\/justbuildit.png\",\"width\":173,\"height\":77,\"caption\":\"Just Build It O\u00dc\"},\"image\":{\"@id\":\"https:\/\/justbuildit.eu\/en\/#\/schema\/logo\/image\/\"},\"sameAs\":[\"https:\/\/www.facebook.com\/justbuildit.ee\"]}]}<\/script>\n<!-- \/ Yoast SEO Premium plugin. -->","yoast_head_json":{"title":"Nurkraud 50x50x5mm 3,0m - Ehituslahendused","robots":{"index":"index","follow":"follow","max-snippet":"max-snippet:-1","max-image-preview":"max-image-preview:large","max-video-preview":"max-video-preview:-1"},"canonical":"https:\/\/justbuildit.eu\/en\/pood\/rauakaubad\/sarrusteras-armatuurteras\/nurkraud-50x50x5mm-30m\/","og_locale":"en_US","og_type":"article","og_title":"Nurkraud 50x50x5mm 3,0m","og_description":"Nurkrauda kasutatakse enamasti kergete ja kiiresti paigaldatavatel nii ehitusobjektidel (mastid, raamid, tugielemendid) kui masinaehituse (raamide osad, rakised) elementidena. Nurkraua kasutamine v\u00f5imaldab luua l\u00e4bipaindumise suhtes j\u00e4iga konstruktsiooni, kus nurkprofiilide erinevad osad \u00fchendatakse keevitamise v\u00f5i mehaaniliste kinnitusvahendite (poldid ja mutrid, needid, klambrid) abil. Standardsed nurkprofiilid on valmistatud h\u00e4sti keevitatavast mittelegeerkonstruktiooniterasest ning oma kuju poolest jagunevad need v\u00f5rd- v\u00f5i erik\u00fclgseteks nurkprofiilideks.","og_url":"https:\/\/justbuildit.eu\/en\/pood\/rauakaubad\/sarrusteras-armatuurteras\/nurkraud-50x50x5mm-30m\/","og_site_name":"Ehituslahendused","article_publisher":"https:\/\/www.facebook.com\/justbuildit.ee","article_modified_time":"2026-04-19T09:04:44+00:00","og_image":[{"width":588,"height":588,"url":"https:\/\/justbuildit.eu\/wp-content\/uploads\/2023\/12\/108234.jpg","type":"image\/jpeg"}],"twitter_card":"summary_large_image","schema":{"@context":"https:\/\/schema.org","@graph":[{"@type":"WebPage","@id":"https:\/\/justbuildit.eu\/en\/pood\/rauakaubad\/sarrusteras-armatuurteras\/nurkraud-50x50x5mm-30m\/","url":"https:\/\/justbuildit.eu\/en\/pood\/rauakaubad\/sarrusteras-armatuurteras\/nurkraud-50x50x5mm-30m\/","name":"Nurkraud 50x50x5mm 3,0m - Ehituslahendused","isPartOf":{"@id":"https:\/\/justbuildit.eu\/en\/#website"},"primaryImageOfPage":{"@id":"https:\/\/justbuildit.eu\/en\/pood\/rauakaubad\/sarrusteras-armatuurteras\/nurkraud-50x50x5mm-30m\/#primaryimage"},"image":{"@id":"https:\/\/justbuildit.eu\/en\/pood\/rauakaubad\/sarrusteras-armatuurteras\/nurkraud-50x50x5mm-30m\/#primaryimage"},"thumbnailUrl":"https:\/\/justbuildit.eu\/wp-content\/uploads\/2023\/12\/108234.jpg","datePublished":"2023-12-16T12:18:21+00:00","dateModified":"2026-04-19T09:04:44+00:00","breadcrumb":{"@id":"https:\/\/justbuildit.eu\/en\/pood\/rauakaubad\/sarrusteras-armatuurteras\/nurkraud-50x50x5mm-30m\/#breadcrumb"},"inLanguage":"en-US","potentialAction":[{"@type":"ReadAction","target":["https:\/\/justbuildit.eu\/en\/pood\/rauakaubad\/sarrusteras-armatuurteras\/nurkraud-50x50x5mm-30m\/"]}]},{"@type":"ImageObject","inLanguage":"en-US","@id":"https:\/\/justbuildit.eu\/en\/pood\/rauakaubad\/sarrusteras-armatuurteras\/nurkraud-50x50x5mm-30m\/#primaryimage","url":"https:\/\/justbuildit.eu\/wp-content\/uploads\/2023\/12\/108234.jpg","contentUrl":"https:\/\/justbuildit.eu\/wp-content\/uploads\/2023\/12\/108234.jpg","width":588,"height":588},{"@type":"BreadcrumbList","@id":"https:\/\/justbuildit.eu\/en\/pood\/rauakaubad\/sarrusteras-armatuurteras\/nurkraud-50x50x5mm-30m\/#breadcrumb","itemListElement":[{"@type":"ListItem","position":1,"name":"Home","item":"https:\/\/justbuildit.eu\/en\/"},{"@type":"ListItem","position":2,"name":"Shop","item":"https:\/\/justbuildit.eu\/en\/building-materials\/"},{"@type":"ListItem","position":3,"name":"Nurkraud 50x50x5mm 3,0m"}]},{"@type":"WebSite","@id":"https:\/\/justbuildit.eu\/en\/#website","url":"https:\/\/justbuildit.eu\/en\/","name":"Ehituslahendused","description":"Ehituslahendused ja materjalid","publisher":{"@id":"https:\/\/justbuildit.eu\/en\/#organization"},"potentialAction":[{"@type":"SearchAction","target":{"@type":"EntryPoint","urlTemplate":"https:\/\/justbuildit.eu\/en\/?s={search_term_string}"},"query-input":{"@type":"PropertyValueSpecification","valueRequired":true,"valueName":"search_term_string"}}],"inLanguage":"en-US"},{"@type":"Organization","@id":"https:\/\/justbuildit.eu\/en\/#organization","name":"Just Build It O\u00dc","url":"https:\/\/justbuildit.eu\/en\/","logo":{"@type":"ImageObject","inLanguage":"en-US","@id":"https:\/\/justbuildit.eu\/en\/#\/schema\/logo\/image\/","url":"https:\/\/justbuildit.eu\/wp-content\/uploads\/2022\/01\/justbuildit.png","contentUrl":"https:\/\/justbuildit.eu\/wp-content\/uploads\/2022\/01\/justbuildit.png","width":173,"height":77,"caption":"Just Build It O\u00dc"},"image":{"@id":"https:\/\/justbuildit.eu\/en\/#\/schema\/logo\/image\/"},"sameAs":["https:\/\/www.facebook.com\/justbuildit.ee"]}]}},"_links":{"self":[{"href":"https:\/\/justbuildit.eu\/en\/wp-json\/wp\/v2\/product\/386379","targetHints":{"allow":["GET"]}}],"collection":[{"href":"https:\/\/justbuildit.eu\/en\/wp-json\/wp\/v2\/product"}],"about":[{"href":"https:\/\/justbuildit.eu\/en\/wp-json\/wp\/v2\/types\/product"}],"replies":[{"embeddable":true,"href":"https:\/\/justbuildit.eu\/en\/wp-json\/wp\/v2\/comments?post=386379"}],"wp:featuredmedia":[{"embeddable":true,"href":"https:\/\/justbuildit.eu\/en\/wp-json\/wp\/v2\/media\/386380"}],"wp:attachment":[{"href":"https:\/\/justbuildit.eu\/en\/wp-json\/wp\/v2\/media?parent=386379"}],"wp:term":[{"taxonomy":"product_brand","embeddable":true,"href":"https:\/\/justbuildit.eu\/en\/wp-json\/wp\/v2\/product_brand?post=386379"},{"taxonomy":"product_cat","embeddable":true,"href":"https:\/\/justbuildit.eu\/en\/wp-json\/wp\/v2\/product_cat?post=386379"},{"taxonomy":"product_tag","embeddable":true,"href":"https:\/\/justbuildit.eu\/en\/wp-json\/wp\/v2\/product_tag?post=386379"}],"curies":[{"name":"wp","href":"https:\/\/api.w.org\/{rel}","templated":true}]}}