{"id":390877,"date":"2023-12-28T11:34:51","date_gmt":"2023-12-28T08:34:51","guid":{"rendered":"https:\/\/justbuildit.eu\/?post_type=product&#038;p=390877"},"modified":"2026-04-24T12:04:52","modified_gmt":"2026-04-24T09:04:52","slug":"naeltuubel-zn-8100-100tk-pk","status":"publish","type":"product","link":"https:\/\/justbuildit.eu\/en\/pood\/kinnitusvahendid\/ankrud\/naeltuubel-zn-8100-100tk-pk\/","title":{"rendered":"NAELT\u00dc\u00dcBEL ZN 8*100 100TK\/PK"},"content":{"rendered":"<div class=\"row\"  id=\"row-246717655\">\n<div id=\"col-605983595\" class=\"col medium-9 small-12 large-9\"  >\n<div class=\"col-inner\"  >\n<h3>Naelt\u00fc\u00fcbel ZN 8 x 100 mm<\/h3>\n<p>Naelt\u00fc\u00fcbel koosneb nailont\u00fc\u00fcblist ja tsingitud peitpeaga naelast.<br \/>\nNaelt\u00fc\u00fcbel sobib kasutamiseks betoonis, kivis, tellistes.<br \/>\nSisse haamerdades s\u00fcvistub peitpeanaelaga t\u00fc\u00fcbel kinnitatavasse materjali, samas on v\u00f5imalik hilisem korrigeerimine t\u00e4nu PZ otsakule.<br \/>\n Pakendis 100 t\u00fc\u00fcblit.<\/p>\n<\/p>\n<\/div>\n<\/div>\n<div id=\"col-1998450483\" class=\"col medium-3 small-12 large-3\"  >\n<div class=\"col-inner\"  >\n<div id=\"gap-1271303562\" class=\"gap-element clearfix\" style=\"display:block; height:auto;\">\n<style>\n#gap-1271303562 {\n  padding-top: 30px;\n}\n<\/style>\n<\/p>\n<\/div>\n<p><strong>\u00dcksikasjalikuma n\u00f5u saamiseks v\u00f5tke \u00fchendust:<br \/><\/strong>Espak AS<br \/>Viadukti 42<br \/>11313<br \/>Tallinn<br \/>+372 6 512333<\/p>\n<\/p>\n<\/div>\n<\/div>\n<\/div>\n","protected":false},"excerpt":{"rendered":"<p>Naelt\u00fc\u00fcbel koosneb nailont\u00fc\u00fcblist ja tsingitud peitpeaga naelast.<br \/>\nNaelt\u00fc\u00fcbel sobib kasutamiseks betoonis, kivis, tellistes.<br \/>\nSisse haamerdades s\u00fcvistub peitpeanaelaga t\u00fc\u00fcbel kinnitatavasse materjali, samas on v\u00f5imalik hilisem korrigeerimine t\u00e4nu PZ otsakule.<br \/>\n Pakendis 100 t\u00fc\u00fcblit.<\/p>","protected":false},"featured_media":390878,"comment_status":"open","ping_status":"closed","template":"","meta":{"_acf_changed":false},"product_brand":[],"product_cat":[83,498],"product_tag":[],"class_list":{"0":"post-390877","1":"product","2":"type-product","3":"status-publish","4":"has-post-thumbnail","6":"product_cat-ankrud","7":"product_cat-espak","9":"first","10":"instock","11":"sale","12":"shipping-taxable","13":"purchasable","14":"product-type-simple"},"acf":[],"yoast_head":"<!-- This site is optimized with the Yoast SEO Premium plugin v18.7 (Yoast SEO v26.5) - https:\/\/yoast.com\/wordpress\/plugins\/seo\/ -->\n<title>NAELT\u00dc\u00dcBEL ZN 8*100 100TK\/PK - Ehituslahendused<\/title>\n<meta name=\"robots\" content=\"index, follow, max-snippet:-1, max-image-preview:large, max-video-preview:-1\" \/>\n<link rel=\"canonical\" href=\"https:\/\/justbuildit.eu\/en\/pood\/kinnitusvahendid\/ankrud\/naeltuubel-zn-8100-100tk-pk\/\" \/>\n<meta property=\"og:locale\" content=\"en_US\" \/>\n<meta property=\"og:type\" content=\"article\" \/>\n<meta property=\"og:title\" content=\"NAELT\u00dc\u00dcBEL ZN 8*100 100TK\/PK\" \/>\n<meta property=\"og:description\" content=\"Naelt\u00fc\u00fcbel koosneb nailont\u00fc\u00fcblist ja tsingitud peitpeaga naelast. Naelt\u00fc\u00fcbel sobib kasutamiseks betoonis, kivis, tellistes. Sisse haamerdades s\u00fcvistub peitpeanaelaga t\u00fc\u00fcbel kinnitatavasse materjali, samas on v\u00f5imalik hilisem korrigeerimine t\u00e4nu PZ otsakule. Pakendis 100 t\u00fc\u00fcblit.\" \/>\n<meta property=\"og:url\" content=\"https:\/\/justbuildit.eu\/en\/pood\/kinnitusvahendid\/ankrud\/naeltuubel-zn-8100-100tk-pk\/\" \/>\n<meta property=\"og:site_name\" content=\"Ehituslahendused\" \/>\n<meta property=\"article:publisher\" content=\"https:\/\/www.facebook.com\/justbuildit.ee\" \/>\n<meta property=\"article:modified_time\" content=\"2026-04-24T09:04:52+00:00\" \/>\n<meta property=\"og:image\" content=\"https:\/\/justbuildit.eu\/wp-content\/uploads\/2023\/12\/3113K.jpg\" \/>\n\t<meta property=\"og:image:width\" content=\"1000\" \/>\n\t<meta property=\"og:image:height\" content=\"1000\" \/>\n\t<meta property=\"og:image:type\" content=\"image\/jpeg\" \/>\n<meta name=\"twitter:card\" content=\"summary_large_image\" \/>\n<script type=\"application\/ld+json\" class=\"yoast-schema-graph\">{\"@context\":\"https:\/\/schema.org\",\"@graph\":[{\"@type\":\"WebPage\",\"@id\":\"https:\/\/justbuildit.eu\/en\/pood\/kinnitusvahendid\/ankrud\/naeltuubel-zn-8100-100tk-pk\/\",\"url\":\"https:\/\/justbuildit.eu\/en\/pood\/kinnitusvahendid\/ankrud\/naeltuubel-zn-8100-100tk-pk\/\",\"name\":\"NAELT\u00dc\u00dcBEL ZN 8*100 100TK\/PK - Ehituslahendused\",\"isPartOf\":{\"@id\":\"https:\/\/justbuildit.eu\/en\/#website\"},\"primaryImageOfPage\":{\"@id\":\"https:\/\/justbuildit.eu\/en\/pood\/kinnitusvahendid\/ankrud\/naeltuubel-zn-8100-100tk-pk\/#primaryimage\"},\"image\":{\"@id\":\"https:\/\/justbuildit.eu\/en\/pood\/kinnitusvahendid\/ankrud\/naeltuubel-zn-8100-100tk-pk\/#primaryimage\"},\"thumbnailUrl\":\"https:\/\/justbuildit.eu\/wp-content\/uploads\/2023\/12\/3113K.jpg\",\"datePublished\":\"2023-12-28T08:34:51+00:00\",\"dateModified\":\"2026-04-24T09:04:52+00:00\",\"breadcrumb\":{\"@id\":\"https:\/\/justbuildit.eu\/en\/pood\/kinnitusvahendid\/ankrud\/naeltuubel-zn-8100-100tk-pk\/#breadcrumb\"},\"inLanguage\":\"en-US\",\"potentialAction\":[{\"@type\":\"ReadAction\",\"target\":[\"https:\/\/justbuildit.eu\/en\/pood\/kinnitusvahendid\/ankrud\/naeltuubel-zn-8100-100tk-pk\/\"]}]},{\"@type\":\"ImageObject\",\"inLanguage\":\"en-US\",\"@id\":\"https:\/\/justbuildit.eu\/en\/pood\/kinnitusvahendid\/ankrud\/naeltuubel-zn-8100-100tk-pk\/#primaryimage\",\"url\":\"https:\/\/justbuildit.eu\/wp-content\/uploads\/2023\/12\/3113K.jpg\",\"contentUrl\":\"https:\/\/justbuildit.eu\/wp-content\/uploads\/2023\/12\/3113K.jpg\",\"width\":1000,\"height\":1000},{\"@type\":\"BreadcrumbList\",\"@id\":\"https:\/\/justbuildit.eu\/en\/pood\/kinnitusvahendid\/ankrud\/naeltuubel-zn-8100-100tk-pk\/#breadcrumb\",\"itemListElement\":[{\"@type\":\"ListItem\",\"position\":1,\"name\":\"Home\",\"item\":\"https:\/\/justbuildit.eu\/en\/\"},{\"@type\":\"ListItem\",\"position\":2,\"name\":\"Shop\",\"item\":\"https:\/\/justbuildit.eu\/en\/building-materials\/\"},{\"@type\":\"ListItem\",\"position\":3,\"name\":\"NAELT\u00dc\u00dcBEL ZN 8*100 100TK\/PK\"}]},{\"@type\":\"WebSite\",\"@id\":\"https:\/\/justbuildit.eu\/en\/#website\",\"url\":\"https:\/\/justbuildit.eu\/en\/\",\"name\":\"Ehituslahendused\",\"description\":\"Ehituslahendused ja materjalid\",\"publisher\":{\"@id\":\"https:\/\/justbuildit.eu\/en\/#organization\"},\"potentialAction\":[{\"@type\":\"SearchAction\",\"target\":{\"@type\":\"EntryPoint\",\"urlTemplate\":\"https:\/\/justbuildit.eu\/en\/?s={search_term_string}\"},\"query-input\":{\"@type\":\"PropertyValueSpecification\",\"valueRequired\":true,\"valueName\":\"search_term_string\"}}],\"inLanguage\":\"en-US\"},{\"@type\":\"Organization\",\"@id\":\"https:\/\/justbuildit.eu\/en\/#organization\",\"name\":\"Just Build It O\u00dc\",\"url\":\"https:\/\/justbuildit.eu\/en\/\",\"logo\":{\"@type\":\"ImageObject\",\"inLanguage\":\"en-US\",\"@id\":\"https:\/\/justbuildit.eu\/en\/#\/schema\/logo\/image\/\",\"url\":\"https:\/\/justbuildit.eu\/wp-content\/uploads\/2022\/01\/justbuildit.png\",\"contentUrl\":\"https:\/\/justbuildit.eu\/wp-content\/uploads\/2022\/01\/justbuildit.png\",\"width\":173,\"height\":77,\"caption\":\"Just Build It O\u00dc\"},\"image\":{\"@id\":\"https:\/\/justbuildit.eu\/en\/#\/schema\/logo\/image\/\"},\"sameAs\":[\"https:\/\/www.facebook.com\/justbuildit.ee\"]}]}<\/script>\n<!-- \/ Yoast SEO Premium plugin. -->","yoast_head_json":{"title":"NAELT\u00dc\u00dcBEL ZN 8*100 100TK\/PK - Ehituslahendused","robots":{"index":"index","follow":"follow","max-snippet":"max-snippet:-1","max-image-preview":"max-image-preview:large","max-video-preview":"max-video-preview:-1"},"canonical":"https:\/\/justbuildit.eu\/en\/pood\/kinnitusvahendid\/ankrud\/naeltuubel-zn-8100-100tk-pk\/","og_locale":"en_US","og_type":"article","og_title":"NAELT\u00dc\u00dcBEL ZN 8*100 100TK\/PK","og_description":"Naelt\u00fc\u00fcbel koosneb nailont\u00fc\u00fcblist ja tsingitud peitpeaga naelast. Naelt\u00fc\u00fcbel sobib kasutamiseks betoonis, kivis, tellistes. Sisse haamerdades s\u00fcvistub peitpeanaelaga t\u00fc\u00fcbel kinnitatavasse materjali, samas on v\u00f5imalik hilisem korrigeerimine t\u00e4nu PZ otsakule. Pakendis 100 t\u00fc\u00fcblit.","og_url":"https:\/\/justbuildit.eu\/en\/pood\/kinnitusvahendid\/ankrud\/naeltuubel-zn-8100-100tk-pk\/","og_site_name":"Ehituslahendused","article_publisher":"https:\/\/www.facebook.com\/justbuildit.ee","article_modified_time":"2026-04-24T09:04:52+00:00","og_image":[{"width":1000,"height":1000,"url":"https:\/\/justbuildit.eu\/wp-content\/uploads\/2023\/12\/3113K.jpg","type":"image\/jpeg"}],"twitter_card":"summary_large_image","schema":{"@context":"https:\/\/schema.org","@graph":[{"@type":"WebPage","@id":"https:\/\/justbuildit.eu\/en\/pood\/kinnitusvahendid\/ankrud\/naeltuubel-zn-8100-100tk-pk\/","url":"https:\/\/justbuildit.eu\/en\/pood\/kinnitusvahendid\/ankrud\/naeltuubel-zn-8100-100tk-pk\/","name":"NAELT\u00dc\u00dcBEL ZN 8*100 100TK\/PK - Ehituslahendused","isPartOf":{"@id":"https:\/\/justbuildit.eu\/en\/#website"},"primaryImageOfPage":{"@id":"https:\/\/justbuildit.eu\/en\/pood\/kinnitusvahendid\/ankrud\/naeltuubel-zn-8100-100tk-pk\/#primaryimage"},"image":{"@id":"https:\/\/justbuildit.eu\/en\/pood\/kinnitusvahendid\/ankrud\/naeltuubel-zn-8100-100tk-pk\/#primaryimage"},"thumbnailUrl":"https:\/\/justbuildit.eu\/wp-content\/uploads\/2023\/12\/3113K.jpg","datePublished":"2023-12-28T08:34:51+00:00","dateModified":"2026-04-24T09:04:52+00:00","breadcrumb":{"@id":"https:\/\/justbuildit.eu\/en\/pood\/kinnitusvahendid\/ankrud\/naeltuubel-zn-8100-100tk-pk\/#breadcrumb"},"inLanguage":"en-US","potentialAction":[{"@type":"ReadAction","target":["https:\/\/justbuildit.eu\/en\/pood\/kinnitusvahendid\/ankrud\/naeltuubel-zn-8100-100tk-pk\/"]}]},{"@type":"ImageObject","inLanguage":"en-US","@id":"https:\/\/justbuildit.eu\/en\/pood\/kinnitusvahendid\/ankrud\/naeltuubel-zn-8100-100tk-pk\/#primaryimage","url":"https:\/\/justbuildit.eu\/wp-content\/uploads\/2023\/12\/3113K.jpg","contentUrl":"https:\/\/justbuildit.eu\/wp-content\/uploads\/2023\/12\/3113K.jpg","width":1000,"height":1000},{"@type":"BreadcrumbList","@id":"https:\/\/justbuildit.eu\/en\/pood\/kinnitusvahendid\/ankrud\/naeltuubel-zn-8100-100tk-pk\/#breadcrumb","itemListElement":[{"@type":"ListItem","position":1,"name":"Home","item":"https:\/\/justbuildit.eu\/en\/"},{"@type":"ListItem","position":2,"name":"Shop","item":"https:\/\/justbuildit.eu\/en\/building-materials\/"},{"@type":"ListItem","position":3,"name":"NAELT\u00dc\u00dcBEL ZN 8*100 100TK\/PK"}]},{"@type":"WebSite","@id":"https:\/\/justbuildit.eu\/en\/#website","url":"https:\/\/justbuildit.eu\/en\/","name":"Ehituslahendused","description":"Ehituslahendused ja materjalid","publisher":{"@id":"https:\/\/justbuildit.eu\/en\/#organization"},"potentialAction":[{"@type":"SearchAction","target":{"@type":"EntryPoint","urlTemplate":"https:\/\/justbuildit.eu\/en\/?s={search_term_string}"},"query-input":{"@type":"PropertyValueSpecification","valueRequired":true,"valueName":"search_term_string"}}],"inLanguage":"en-US"},{"@type":"Organization","@id":"https:\/\/justbuildit.eu\/en\/#organization","name":"Just Build It O\u00dc","url":"https:\/\/justbuildit.eu\/en\/","logo":{"@type":"ImageObject","inLanguage":"en-US","@id":"https:\/\/justbuildit.eu\/en\/#\/schema\/logo\/image\/","url":"https:\/\/justbuildit.eu\/wp-content\/uploads\/2022\/01\/justbuildit.png","contentUrl":"https:\/\/justbuildit.eu\/wp-content\/uploads\/2022\/01\/justbuildit.png","width":173,"height":77,"caption":"Just Build It O\u00dc"},"image":{"@id":"https:\/\/justbuildit.eu\/en\/#\/schema\/logo\/image\/"},"sameAs":["https:\/\/www.facebook.com\/justbuildit.ee"]}]}},"_links":{"self":[{"href":"https:\/\/justbuildit.eu\/en\/wp-json\/wp\/v2\/product\/390877","targetHints":{"allow":["GET"]}}],"collection":[{"href":"https:\/\/justbuildit.eu\/en\/wp-json\/wp\/v2\/product"}],"about":[{"href":"https:\/\/justbuildit.eu\/en\/wp-json\/wp\/v2\/types\/product"}],"replies":[{"embeddable":true,"href":"https:\/\/justbuildit.eu\/en\/wp-json\/wp\/v2\/comments?post=390877"}],"wp:featuredmedia":[{"embeddable":true,"href":"https:\/\/justbuildit.eu\/en\/wp-json\/wp\/v2\/media\/390878"}],"wp:attachment":[{"href":"https:\/\/justbuildit.eu\/en\/wp-json\/wp\/v2\/media?parent=390877"}],"wp:term":[{"taxonomy":"product_brand","embeddable":true,"href":"https:\/\/justbuildit.eu\/en\/wp-json\/wp\/v2\/product_brand?post=390877"},{"taxonomy":"product_cat","embeddable":true,"href":"https:\/\/justbuildit.eu\/en\/wp-json\/wp\/v2\/product_cat?post=390877"},{"taxonomy":"product_tag","embeddable":true,"href":"https:\/\/justbuildit.eu\/en\/wp-json\/wp\/v2\/product_tag?post=390877"}],"curies":[{"name":"wp","href":"https:\/\/api.w.org\/{rel}","templated":true}]}}