{"id":397445,"date":"2024-01-14T10:18:11","date_gmt":"2024-01-14T07:18:11","guid":{"rendered":"https:\/\/justbuildit.eu\/?post_type=product&#038;p=397445"},"modified":"2026-04-11T12:04:47","modified_gmt":"2026-04-11T09:04:47","slug":"liim-penosil-stonefix-827-750ml-2","status":"publish","type":"product","link":"https:\/\/justbuildit.eu\/en\/pood\/liimid\/liim-penosil-stonefix-827-750ml-2\/","title":{"rendered":"LIIM PENOSIL STONEFIX 827 750ML"},"content":{"rendered":"<div class=\"row\"  id=\"row-918598522\">\n<div id=\"col-1901592620\" class=\"col medium-9 small-12 large-9\"  >\n<div class=\"col-inner\"  >\n<p>\u00dchekomponentne pol\u00fcuretaanliim ehitusplokkide ja kivide kinnitamiseks ehitust\u00f6\u00f6del. V\u00f5rreldes ehitusm\u00f6rdiga on PENOSIL Premium StoneFix 827 abil v\u00f5imalik m\u00fc\u00fcrit\u00f6id teostada m\u00e4rgatavalt kiiremini ja puhtamalt, t\u00f6\u00f6keskkond j\u00e4\u00e4b tolmuvabaks ja t\u00f6\u00f6vahendiks on vaja ainult vahup\u00fcstolit. PENOSIL Premium StoneFix 827 moodustab tugeva liim\u00fchenduse juba 30 minuti jooksul.<\/p>\n<div class=\"message-box relative\" style=\"padding-top:15px;padding-bottom:15px;\">\n<div class=\"message-box-bg-image bg-fill fill\" ><\/div>\n<div class=\"message-box-bg-overlay bg-fill fill\" ><\/div>\n<div class=\"container relative\">\n<div class=\"inner last-reset\">\n<div class=\"row align-middle align-center\"  id=\"row-298177450\">\n<div id=\"col-717855762\" class=\"col small-12 large-12\"  >\n<div class=\"col-inner text-left\"  >\n<h4>Omadused<\/h4>\n<div class=\"row\"  id=\"row-1155536139\">\n<div id=\"col-1427367948\" class=\"col medium-6 small-12 large-6\"  >\n<div class=\"col-inner\"  >\n<p><i class=\"fa fa-clock-four fa-2x\"><\/i> <strong>Moodustab tugeva liim\u00fchenduse juba 30 minuti jooksul.<\/strong><\/p>\n<p><i class=\"far fa-check-circle fa-2x\"><\/i> <strong>\u00dchekomponentne pol\u00fcuretaanliim ehitusplokkide ja kivide kinnitamiseks ehitust\u00f6\u00f6del<\/strong><\/p>\n<\/p>\n<\/div>\n<style>\n#col-1427367948 > .col-inner {\n  margin: 0px 0px 15px 0px;\n}\n<\/style>\n<\/p>\n<\/div>\n<div id=\"col-784991206\" class=\"col medium-6 small-12 large-6\"  >\n<div class=\"col-inner\"  >\n<p><i class=\"far fa-check-circle fa-2x\"><\/i> <strong>V\u00f5imalik m\u00fc\u00fcrit\u00f6id teostada m\u00e4rgatavalt kiiremini ja puhtamalt, t\u00f6\u00f6keskkond j\u00e4\u00e4b tolmuvabaks, t\u00f6\u00f6vahendiks on vaja ainult vahup\u00fcstolit<\/strong><\/p>\n<\/p>\n<\/div>\n<style>\n#col-784991206 > .col-inner {\n  margin: 0px 0px 15px 0px;\n}\n<\/style>\n<\/p>\n<\/div>\n<\/div>\n<\/div>\n<\/div>\n<\/div>\n<\/div>\n<\/div>\n<\/div>\n<div id=\"gap-91395968\" class=\"gap-element clearfix\" style=\"display:block; height:auto;\">\n<style>\n#gap-91395968 {\n  padding-top: 30px;\n}\n<\/style>\n<\/p>\n<\/div>\n<h3>Kasutamise \u00fcksikasjad<\/h3>\n<p><strong>Kasutusalad:<\/strong> Kasutatakse ehitusplokkide \u00fchendamiseks mittekandvate siseseinte ladumisel. Erinevate kivip\u00f5histe materjalidega sobivuse osas ja muudes tehnilistes k\u00fcsimustes pidada n\u00f5u m\u00fc\u00fcgiesindaja, edasim\u00fc\u00fcja v\u00f5i projekteerijaga.<\/p>\n<p><strong>Kasutamistingimused:<\/strong> \u00d5hutemperatuur kasutamisel -5\u00b0C kuni +35\u00b0C. Parimad tulemused alates +5\u00b0C. Kasutades temperatuuril alla +5\u00b0C tuleb eelnevalt testida, et adhesioon on konkreetses aplikatsioonis piisav. Ballooni temperatuur kasutamisel +5\u00b0C kuni +25\u00b0C, parimad tulemused +20\u00b0C juures. \u00dchendatavad pinnad peavad olema puhtad tolmust, lahtistest osakestest ja \u00f5list.<\/p>\n<p><strong>Kasutusjuhend:<\/strong> Vahuballooni hoida p\u00fcstises asendis, eemaldada adapteril olev kork ja keerata balloon p\u00fcstoli k\u00fclge, hoides \u00fche k\u00e4ega p\u00fcstoli k\u00e4epidemest ja teisega keerata ballooni. Keeramise ajal tuleb j\u00e4lgida, et p\u00fcstoli ette ei j\u00e4\u00e4ks teisi inimesi. Ballooni ei tohi keerata p\u00fcstolile nii, et balloon on ventiiliga allapoole v\u00f5i keerates p\u00fcstolit ballooni peal. Peale p\u00fcstoli kinnitamist loksutada ballooni v\u00e4hemalt 20 korda, seej\u00e4rel alustada t\u00f6\u00f6d hoides p\u00fcstolit t\u00f6\u00f6asendis, ballooni p\u00f5hi \u00fclespoole. Aluspinda niisutada, sest liimvaht valmib niiskuse toimel. Eelnevalt niisutatud pind tagab parema tulemuse. Temperatuuril all +5\u00b0C on soovitav aluspinda niisutada PENOSIL Premium Foam Activatoriga. Vahu kogust reguleerida p\u00fcstoli p\u00e4\u00e4stikuga. K\u00fclmal ajal on vajalik enne t\u00f6\u00f6ga alustamist ballooni soojendada soojas ruumis v\u00f5i soojas vees. Soojendava vee v\u00f5i \u00f5hu temperatuur ei tohi \u00fcletada +30\u00b0C. PENOSIL Premium StoneFix 827 moodustab vahup\u00fcstolist v\u00e4lja lastes \u00f5hukese liimikihi. Kohe kui liim on laiali valgunud v\u00f5ib \u00fchendatavad kivipinnad kokku suruda. Kiviliim tuleb peale kanda nii vertikaalsetele kui horisontaalsetele ploki k\u00fclgedele.<\/p>\n<p><strong>Puhastamine:<\/strong> Tardumata liimvahu puhastamiseks pindadelt ja t\u00f6\u00f6riistadelt sobib PENOSIL Premium Foam Cleaner. Tardunud liimvahtu saab eemaldada mehaaniliselt kui seda eelnevalt pehmendada vahendiga PENOSIL Premium Foam Remover. K\u00e4te, riiete ja vahup\u00fcstoli puhastamiseks tardumata liimvahust sobivad puhastuslapid PENOSIL Premium Cleaning Wipes.<\/p>\n<p><strong>S\u00e4ilitamine:<\/strong> Ballooni tuleb ladustada ning transportida vertikaalselt. Hoida jahedas ja kuivas kohas. Ladustada temperatuuril +5\u00b0C kuni +30\u00b0C. Aerosoolballooni ei tohi hoida temperatuuridel \u00fcle +50\u00b0C, soojusallikate l\u00e4heduses ega otsese p\u00e4ikesevalguse k\u00e4es. Garanteeritud s\u00e4ilivusaeg avamata pakendis 12 kuud.<\/p>\n<p><strong>Ohutus:<\/strong> Toode on tuleohtlik, kaitsta \u00fclekuumenemise eest ja eemal s\u00fcttimisallikatest, v\u00e4ltida otsest p\u00e4ikesevalgust ja suitsetamist t\u00f6\u00f6tamise ajal. V\u00f5ib p\u00f5hjustada \u00fclitundlikkust sissehingamisel ja kokkupuutel nahaga. Kasutamise ajal tagada piisav ventilatsioon. Kanda kaitseprille ja -kindaid. Hoida lastele k\u00e4ttesaamatus kohas. Tardunud liimvahtu v\u00f5ib k\u00e4sitseda ilma igasuguse ohuta tervisele. T\u00e4psem ohutusinfo on k\u00e4ttesaadav toote ohutuskaardil (SDS).<\/p>\n<\/p>\n<\/div>\n<\/div>\n<div id=\"col-2085863262\" class=\"col medium-3 small-12 large-3\"  >\n<div class=\"col-inner\"  >\n<div id=\"gap-1824101914\" class=\"gap-element clearfix\" style=\"display:block; height:auto;\">\n<style>\n#gap-1824101914 {\n  padding-top: 30px;\n}\n<\/style>\n<\/p>\n<\/div>\n<h3>Tehniline informatsioon<\/h3>\n<p><a href=\"https:\/\/espak.ee\/epood\/wp-content\/uploads\/31215_PENOSIL_Premium_StoneFix_827_TDS_est.pdf\" target=\"_blank\" rel=\"noopener noreferrer\"><i class=\"far fa-file-pdf\"><\/i> Tehniline info (PDF)<\/a><\/p>\n<h3>Ohutusalane teave<\/h3>\n<p><a href=\"https:\/\/espak.ee\/epood\/wp-content\/uploads\/31215_Premium_StoneFix_827_SDS_1_et_EST.pdf\" target=\"_blank\" rel=\"noopener noreferrer\"><i class=\"far fa-file-pdf\"><\/i> Ohutusalane teave (PDF)<\/a><\/p>\n<div class=\"is-divider divider clearfix\" ><\/div>\n<p><strong>\u00dcksikasjalikuma n\u00f5u saamiseks v\u00f5tke \u00fchendust:<br \/><\/strong>Wolf Group O\u00dc<br \/>Suur-Paala 6<br \/>13619<br \/>Tallinn<br \/>+372 605 9301<\/p>\n<div class=\"is-divider divider clearfix\" ><\/div>\n<div class=\"video video-fit mb\" style=\"padding-top:56.25%;\">\n<p><iframe width=\"1020\" height=\"574\" src=\"https:\/\/www.youtube.com\/embed\/ERvbFEmV40k?feature=oembed\" frameborder=\"0\" allow=\"accelerometer; autoplay; encrypted-media; gyroscope; picture-in-picture\" allowfullscreen><\/iframe><\/p>\n<\/div>\n<\/div>\n<\/div>\n<\/div>\n","protected":false},"excerpt":{"rendered":"<p>\u00dchekomponentne pol\u00fcuretaanliim ehitusplokkide ja kivide kinnitamiseks ehitust\u00f6\u00f6del. V\u00f5rreldes ehitusm\u00f6rdiga on PENOSIL Premium StoneFix 827 abil v\u00f5imalik m\u00fc\u00fcrit\u00f6id teostada m\u00e4rgatavalt kiiremini ja puhtamalt, t\u00f6\u00f6keskkond j\u00e4\u00e4b tolmuvabaks ja t\u00f6\u00f6vahendiks on vaja ainult vahup\u00fcstolit. PENOSIL Premium StoneFix 827 moodustab tugeva liim\u00fchenduse juba 30 minuti jooksul.<\/p>","protected":false},"featured_media":397446,"comment_status":"open","ping_status":"closed","template":"","meta":{"_acf_changed":false},"product_brand":[],"product_cat":[89,498],"product_tag":[],"class_list":{"0":"post-397445","1":"product","2":"type-product","3":"status-publish","4":"has-post-thumbnail","6":"product_cat-liimid","7":"product_cat-espak","9":"first","10":"instock","11":"sale","12":"shipping-taxable","13":"purchasable","14":"product-type-simple"},"acf":[],"yoast_head":"<!-- This site is optimized with the Yoast SEO Premium plugin v18.7 (Yoast SEO v26.5) - https:\/\/yoast.com\/wordpress\/plugins\/seo\/ -->\n<title>LIIM PENOSIL STONEFIX 827 750ML - Ehituslahendused<\/title>\n<meta name=\"description\" content=\"\u00dchekomponentne pol\u00fcuretaanliim ehitusplokkide ja kivide kinnitamiseks ehitust\u00f6\u00f6del. V\u00f5rreldes ehitusm\u00f6rdiga on PENOSIL Premium StoneFix 827 abil v\u00f5imalik m\u00fc\u00fcrit\u00f6id teostada m\u00e4rgatavalt kiiremini ja puhtamalt, t\u00f6\u00f6keskkond j\u00e4\u00e4b tolmuvabaks ja t\u00f6\u00f6vahendiks on vaja ainult vahup\u00fcstolit. PENOSIL Premium StoneFix 827 moodustab tugeva liim\u00fchenduse juba 30 minuti jooksul\" \/>\n<meta name=\"robots\" content=\"index, follow, max-snippet:-1, max-image-preview:large, max-video-preview:-1\" \/>\n<link rel=\"canonical\" href=\"https:\/\/justbuildit.eu\/en\/pood\/liimid\/liim-penosil-stonefix-827-750ml-2\/\" \/>\n<meta property=\"og:locale\" content=\"en_US\" \/>\n<meta property=\"og:type\" content=\"article\" \/>\n<meta property=\"og:title\" content=\"LIIM PENOSIL STONEFIX 827 750ML\" \/>\n<meta property=\"og:description\" content=\"\u00dchekomponentne pol\u00fcuretaanliim ehitusplokkide ja kivide kinnitamiseks ehitust\u00f6\u00f6del. V\u00f5rreldes ehitusm\u00f6rdiga on PENOSIL Premium StoneFix 827 abil v\u00f5imalik m\u00fc\u00fcrit\u00f6id teostada m\u00e4rgatavalt kiiremini ja puhtamalt, t\u00f6\u00f6keskkond j\u00e4\u00e4b tolmuvabaks ja t\u00f6\u00f6vahendiks on vaja ainult vahup\u00fcstolit. PENOSIL Premium StoneFix 827 moodustab tugeva liim\u00fchenduse juba 30 minuti jooksul\" \/>\n<meta property=\"og:url\" content=\"https:\/\/justbuildit.eu\/en\/pood\/liimid\/liim-penosil-stonefix-827-750ml-2\/\" \/>\n<meta property=\"og:site_name\" content=\"Ehituslahendused\" \/>\n<meta property=\"article:publisher\" content=\"https:\/\/www.facebook.com\/justbuildit.ee\" \/>\n<meta property=\"article:modified_time\" content=\"2026-04-11T09:04:47+00:00\" \/>\n<meta property=\"og:image\" content=\"https:\/\/justbuildit.eu\/wp-content\/uploads\/2024\/01\/827_StoneFix_827_EE_FI.png.jpg\" \/>\n\t<meta property=\"og:image:width\" content=\"800\" \/>\n\t<meta property=\"og:image:height\" content=\"800\" \/>\n\t<meta property=\"og:image:type\" content=\"image\/jpeg\" \/>\n<meta name=\"twitter:card\" content=\"summary_large_image\" \/>\n<script type=\"application\/ld+json\" class=\"yoast-schema-graph\">{\"@context\":\"https:\/\/schema.org\",\"@graph\":[{\"@type\":\"WebPage\",\"@id\":\"https:\/\/justbuildit.eu\/en\/pood\/liimid\/liim-penosil-stonefix-827-750ml-2\/\",\"url\":\"https:\/\/justbuildit.eu\/en\/pood\/liimid\/liim-penosil-stonefix-827-750ml-2\/\",\"name\":\"LIIM PENOSIL STONEFIX 827 750ML - Ehituslahendused\",\"isPartOf\":{\"@id\":\"https:\/\/justbuildit.eu\/en\/#website\"},\"primaryImageOfPage\":{\"@id\":\"https:\/\/justbuildit.eu\/en\/pood\/liimid\/liim-penosil-stonefix-827-750ml-2\/#primaryimage\"},\"image\":{\"@id\":\"https:\/\/justbuildit.eu\/en\/pood\/liimid\/liim-penosil-stonefix-827-750ml-2\/#primaryimage\"},\"thumbnailUrl\":\"https:\/\/justbuildit.eu\/wp-content\/uploads\/2024\/01\/827_StoneFix_827_EE_FI.png.jpg\",\"datePublished\":\"2024-01-14T07:18:11+00:00\",\"dateModified\":\"2026-04-11T09:04:47+00:00\",\"description\":\"\u00dchekomponentne pol\u00fcuretaanliim ehitusplokkide ja kivide kinnitamiseks ehitust\u00f6\u00f6del. V\u00f5rreldes ehitusm\u00f6rdiga on PENOSIL Premium StoneFix 827 abil v\u00f5imalik m\u00fc\u00fcrit\u00f6id teostada m\u00e4rgatavalt kiiremini ja puhtamalt, t\u00f6\u00f6keskkond j\u00e4\u00e4b tolmuvabaks ja t\u00f6\u00f6vahendiks on vaja ainult vahup\u00fcstolit. PENOSIL Premium StoneFix 827 moodustab tugeva liim\u00fchenduse juba 30 minuti jooksul\",\"breadcrumb\":{\"@id\":\"https:\/\/justbuildit.eu\/en\/pood\/liimid\/liim-penosil-stonefix-827-750ml-2\/#breadcrumb\"},\"inLanguage\":\"en-US\",\"potentialAction\":[{\"@type\":\"ReadAction\",\"target\":[\"https:\/\/justbuildit.eu\/en\/pood\/liimid\/liim-penosil-stonefix-827-750ml-2\/\"]}]},{\"@type\":\"ImageObject\",\"inLanguage\":\"en-US\",\"@id\":\"https:\/\/justbuildit.eu\/en\/pood\/liimid\/liim-penosil-stonefix-827-750ml-2\/#primaryimage\",\"url\":\"https:\/\/justbuildit.eu\/wp-content\/uploads\/2024\/01\/827_StoneFix_827_EE_FI.png.jpg\",\"contentUrl\":\"https:\/\/justbuildit.eu\/wp-content\/uploads\/2024\/01\/827_StoneFix_827_EE_FI.png.jpg\",\"width\":800,\"height\":800},{\"@type\":\"BreadcrumbList\",\"@id\":\"https:\/\/justbuildit.eu\/en\/pood\/liimid\/liim-penosil-stonefix-827-750ml-2\/#breadcrumb\",\"itemListElement\":[{\"@type\":\"ListItem\",\"position\":1,\"name\":\"Home\",\"item\":\"https:\/\/justbuildit.eu\/en\/\"},{\"@type\":\"ListItem\",\"position\":2,\"name\":\"Shop\",\"item\":\"https:\/\/justbuildit.eu\/en\/building-materials\/\"},{\"@type\":\"ListItem\",\"position\":3,\"name\":\"LIIM PENOSIL STONEFIX 827 750ML\"}]},{\"@type\":\"WebSite\",\"@id\":\"https:\/\/justbuildit.eu\/en\/#website\",\"url\":\"https:\/\/justbuildit.eu\/en\/\",\"name\":\"Ehituslahendused\",\"description\":\"Ehituslahendused ja materjalid\",\"publisher\":{\"@id\":\"https:\/\/justbuildit.eu\/en\/#organization\"},\"potentialAction\":[{\"@type\":\"SearchAction\",\"target\":{\"@type\":\"EntryPoint\",\"urlTemplate\":\"https:\/\/justbuildit.eu\/en\/?s={search_term_string}\"},\"query-input\":{\"@type\":\"PropertyValueSpecification\",\"valueRequired\":true,\"valueName\":\"search_term_string\"}}],\"inLanguage\":\"en-US\"},{\"@type\":\"Organization\",\"@id\":\"https:\/\/justbuildit.eu\/en\/#organization\",\"name\":\"Just Build It O\u00dc\",\"url\":\"https:\/\/justbuildit.eu\/en\/\",\"logo\":{\"@type\":\"ImageObject\",\"inLanguage\":\"en-US\",\"@id\":\"https:\/\/justbuildit.eu\/en\/#\/schema\/logo\/image\/\",\"url\":\"https:\/\/justbuildit.eu\/wp-content\/uploads\/2022\/01\/justbuildit.png\",\"contentUrl\":\"https:\/\/justbuildit.eu\/wp-content\/uploads\/2022\/01\/justbuildit.png\",\"width\":173,\"height\":77,\"caption\":\"Just Build It O\u00dc\"},\"image\":{\"@id\":\"https:\/\/justbuildit.eu\/en\/#\/schema\/logo\/image\/\"},\"sameAs\":[\"https:\/\/www.facebook.com\/justbuildit.ee\"]}]}<\/script>\n<!-- \/ Yoast SEO Premium plugin. -->","yoast_head_json":{"title":"LIIM PENOSIL STONEFIX 827 750ML - Ehituslahendused","description":"\u00dchekomponentne pol\u00fcuretaanliim ehitusplokkide ja kivide kinnitamiseks ehitust\u00f6\u00f6del. V\u00f5rreldes ehitusm\u00f6rdiga on PENOSIL Premium StoneFix 827 abil v\u00f5imalik m\u00fc\u00fcrit\u00f6id teostada m\u00e4rgatavalt kiiremini ja puhtamalt, t\u00f6\u00f6keskkond j\u00e4\u00e4b tolmuvabaks ja t\u00f6\u00f6vahendiks on vaja ainult vahup\u00fcstolit. PENOSIL Premium StoneFix 827 moodustab tugeva liim\u00fchenduse juba 30 minuti jooksul","robots":{"index":"index","follow":"follow","max-snippet":"max-snippet:-1","max-image-preview":"max-image-preview:large","max-video-preview":"max-video-preview:-1"},"canonical":"https:\/\/justbuildit.eu\/en\/pood\/liimid\/liim-penosil-stonefix-827-750ml-2\/","og_locale":"en_US","og_type":"article","og_title":"LIIM PENOSIL STONEFIX 827 750ML","og_description":"\u00dchekomponentne pol\u00fcuretaanliim ehitusplokkide ja kivide kinnitamiseks ehitust\u00f6\u00f6del. V\u00f5rreldes ehitusm\u00f6rdiga on PENOSIL Premium StoneFix 827 abil v\u00f5imalik m\u00fc\u00fcrit\u00f6id teostada m\u00e4rgatavalt kiiremini ja puhtamalt, t\u00f6\u00f6keskkond j\u00e4\u00e4b tolmuvabaks ja t\u00f6\u00f6vahendiks on vaja ainult vahup\u00fcstolit. PENOSIL Premium StoneFix 827 moodustab tugeva liim\u00fchenduse juba 30 minuti jooksul","og_url":"https:\/\/justbuildit.eu\/en\/pood\/liimid\/liim-penosil-stonefix-827-750ml-2\/","og_site_name":"Ehituslahendused","article_publisher":"https:\/\/www.facebook.com\/justbuildit.ee","article_modified_time":"2026-04-11T09:04:47+00:00","og_image":[{"width":800,"height":800,"url":"https:\/\/justbuildit.eu\/wp-content\/uploads\/2024\/01\/827_StoneFix_827_EE_FI.png.jpg","type":"image\/jpeg"}],"twitter_card":"summary_large_image","schema":{"@context":"https:\/\/schema.org","@graph":[{"@type":"WebPage","@id":"https:\/\/justbuildit.eu\/en\/pood\/liimid\/liim-penosil-stonefix-827-750ml-2\/","url":"https:\/\/justbuildit.eu\/en\/pood\/liimid\/liim-penosil-stonefix-827-750ml-2\/","name":"LIIM PENOSIL STONEFIX 827 750ML - Ehituslahendused","isPartOf":{"@id":"https:\/\/justbuildit.eu\/en\/#website"},"primaryImageOfPage":{"@id":"https:\/\/justbuildit.eu\/en\/pood\/liimid\/liim-penosil-stonefix-827-750ml-2\/#primaryimage"},"image":{"@id":"https:\/\/justbuildit.eu\/en\/pood\/liimid\/liim-penosil-stonefix-827-750ml-2\/#primaryimage"},"thumbnailUrl":"https:\/\/justbuildit.eu\/wp-content\/uploads\/2024\/01\/827_StoneFix_827_EE_FI.png.jpg","datePublished":"2024-01-14T07:18:11+00:00","dateModified":"2026-04-11T09:04:47+00:00","description":"\u00dchekomponentne pol\u00fcuretaanliim ehitusplokkide ja kivide kinnitamiseks ehitust\u00f6\u00f6del. V\u00f5rreldes ehitusm\u00f6rdiga on PENOSIL Premium StoneFix 827 abil v\u00f5imalik m\u00fc\u00fcrit\u00f6id teostada m\u00e4rgatavalt kiiremini ja puhtamalt, t\u00f6\u00f6keskkond j\u00e4\u00e4b tolmuvabaks ja t\u00f6\u00f6vahendiks on vaja ainult vahup\u00fcstolit. PENOSIL Premium StoneFix 827 moodustab tugeva liim\u00fchenduse juba 30 minuti jooksul","breadcrumb":{"@id":"https:\/\/justbuildit.eu\/en\/pood\/liimid\/liim-penosil-stonefix-827-750ml-2\/#breadcrumb"},"inLanguage":"en-US","potentialAction":[{"@type":"ReadAction","target":["https:\/\/justbuildit.eu\/en\/pood\/liimid\/liim-penosil-stonefix-827-750ml-2\/"]}]},{"@type":"ImageObject","inLanguage":"en-US","@id":"https:\/\/justbuildit.eu\/en\/pood\/liimid\/liim-penosil-stonefix-827-750ml-2\/#primaryimage","url":"https:\/\/justbuildit.eu\/wp-content\/uploads\/2024\/01\/827_StoneFix_827_EE_FI.png.jpg","contentUrl":"https:\/\/justbuildit.eu\/wp-content\/uploads\/2024\/01\/827_StoneFix_827_EE_FI.png.jpg","width":800,"height":800},{"@type":"BreadcrumbList","@id":"https:\/\/justbuildit.eu\/en\/pood\/liimid\/liim-penosil-stonefix-827-750ml-2\/#breadcrumb","itemListElement":[{"@type":"ListItem","position":1,"name":"Home","item":"https:\/\/justbuildit.eu\/en\/"},{"@type":"ListItem","position":2,"name":"Shop","item":"https:\/\/justbuildit.eu\/en\/building-materials\/"},{"@type":"ListItem","position":3,"name":"LIIM PENOSIL STONEFIX 827 750ML"}]},{"@type":"WebSite","@id":"https:\/\/justbuildit.eu\/en\/#website","url":"https:\/\/justbuildit.eu\/en\/","name":"Ehituslahendused","description":"Ehituslahendused ja materjalid","publisher":{"@id":"https:\/\/justbuildit.eu\/en\/#organization"},"potentialAction":[{"@type":"SearchAction","target":{"@type":"EntryPoint","urlTemplate":"https:\/\/justbuildit.eu\/en\/?s={search_term_string}"},"query-input":{"@type":"PropertyValueSpecification","valueRequired":true,"valueName":"search_term_string"}}],"inLanguage":"en-US"},{"@type":"Organization","@id":"https:\/\/justbuildit.eu\/en\/#organization","name":"Just Build It O\u00dc","url":"https:\/\/justbuildit.eu\/en\/","logo":{"@type":"ImageObject","inLanguage":"en-US","@id":"https:\/\/justbuildit.eu\/en\/#\/schema\/logo\/image\/","url":"https:\/\/justbuildit.eu\/wp-content\/uploads\/2022\/01\/justbuildit.png","contentUrl":"https:\/\/justbuildit.eu\/wp-content\/uploads\/2022\/01\/justbuildit.png","width":173,"height":77,"caption":"Just Build It O\u00dc"},"image":{"@id":"https:\/\/justbuildit.eu\/en\/#\/schema\/logo\/image\/"},"sameAs":["https:\/\/www.facebook.com\/justbuildit.ee"]}]}},"_links":{"self":[{"href":"https:\/\/justbuildit.eu\/en\/wp-json\/wp\/v2\/product\/397445","targetHints":{"allow":["GET"]}}],"collection":[{"href":"https:\/\/justbuildit.eu\/en\/wp-json\/wp\/v2\/product"}],"about":[{"href":"https:\/\/justbuildit.eu\/en\/wp-json\/wp\/v2\/types\/product"}],"replies":[{"embeddable":true,"href":"https:\/\/justbuildit.eu\/en\/wp-json\/wp\/v2\/comments?post=397445"}],"wp:featuredmedia":[{"embeddable":true,"href":"https:\/\/justbuildit.eu\/en\/wp-json\/wp\/v2\/media\/397446"}],"wp:attachment":[{"href":"https:\/\/justbuildit.eu\/en\/wp-json\/wp\/v2\/media?parent=397445"}],"wp:term":[{"taxonomy":"product_brand","embeddable":true,"href":"https:\/\/justbuildit.eu\/en\/wp-json\/wp\/v2\/product_brand?post=397445"},{"taxonomy":"product_cat","embeddable":true,"href":"https:\/\/justbuildit.eu\/en\/wp-json\/wp\/v2\/product_cat?post=397445"},{"taxonomy":"product_tag","embeddable":true,"href":"https:\/\/justbuildit.eu\/en\/wp-json\/wp\/v2\/product_tag?post=397445"}],"curies":[{"name":"wp","href":"https:\/\/api.w.org\/{rel}","templated":true}]}}