{"id":417923,"date":"2024-03-08T12:11:18","date_gmt":"2024-03-08T09:11:18","guid":{"rendered":"https:\/\/justbuildit.eu\/?post_type=product&#038;p=417923"},"modified":"2026-04-11T12:04:37","modified_gmt":"2026-04-11T09:04:37","slug":"terrassilaud-immutatud-phl-28x120x4800mm-pruun","status":"publish","type":"product","link":"https:\/\/justbuildit.eu\/en\/pood\/puitmaterjal\/terrassilauad\/terrassilaud-immutatud-phl-28x120x4800mm-pruun\/","title":{"rendered":"Terrassilaud immutatud PHL 28x120x4800mm pruun"},"content":{"rendered":"<ul>\n<li> Kasutusk\u00fclg &#8211; soontega ehk rihveldatud pool. Teisel k\u00fcljel lubatud defektid (osaliselt h\u00f6\u00f6veldamata pind, mehhaanilised vigastused, jne).\n<li> Immutusklass H3, sobib kasutamiseks maapinnast k\u00f5rgemal, pidevatest ilmastikuoludest m\u00f5jutatud, niisketes ja m\u00e4rgades kohtades.<\/li>\n<li>Puitmaterjalide eluiga pikeneb immutamisega 3 \u2013 5 korda.<\/li>\n<li>Puidul on pikaajaline kaitse seenkahjustuste ja kahjurputukate eest nii maapinnast eraldatuna kui ka kokkupuutes maapinnaga.<\/li>\n<li> NB! Immutamine ei anna 100%-list kaitset pindmise hallituse eest.\n<li><a href=\"https:\/\/puumarket.ee\/tooteinfo\/puitmaterjal\/immutatud-puitmaterjal\/\" target=\"_blank\">Immutatud materjalide infoleht<\/a><\/li>\n<\/ul>\n","protected":false},"excerpt":{"rendered":"Kasutusk\u00fclg &#8211; soontega ehk rihveldatud pool. Teisel k\u00fcljel lubatud defektid (osaliselt h\u00f6\u00f6veldamata pind, mehhaanilised vigastused, jne). Immutusklass H3, sobib kasutamiseks maapinnast k\u00f5rgemal, pidevatest ilmastikuoludest m\u00f5jutatud, niisketes ja m\u00e4rgades kohtades. Puitmaterjalide eluiga pikeneb immutamisega 3 \u2013 5 korda. Puidul on pikaajaline kaitse seenkahjustuste ja kahjurputukate eest nii maapinnast eraldatuna kui ka kokkupuutes maapinnaga. NB! Immutamine ei [&hellip;]","protected":false},"featured_media":417924,"comment_status":"open","ping_status":"closed","template":"","meta":{"_acf_changed":false},"product_brand":[],"product_cat":[103,497],"product_tag":[],"class_list":{"0":"post-417923","1":"product","2":"type-product","3":"status-publish","4":"has-post-thumbnail","6":"product_cat-terrassilauad","7":"product_cat-puumarket","9":"first","10":"instock","11":"shipping-taxable","12":"purchasable","13":"product-type-simple"},"acf":[],"yoast_head":"<!-- This site is optimized with the Yoast SEO Premium plugin v18.7 (Yoast SEO v26.5) - https:\/\/yoast.com\/wordpress\/plugins\/seo\/ -->\n<title>Terrassilaud immutatud PHL 28x120x4800mm pruun - Ehituslahendused<\/title>\n<meta name=\"robots\" content=\"index, follow, max-snippet:-1, max-image-preview:large, max-video-preview:-1\" \/>\n<link rel=\"canonical\" href=\"https:\/\/justbuildit.eu\/en\/pood\/puitmaterjal\/terrassilauad\/terrassilaud-immutatud-phl-28x120x4800mm-pruun\/\" \/>\n<meta property=\"og:locale\" content=\"en_US\" \/>\n<meta property=\"og:type\" content=\"article\" \/>\n<meta property=\"og:title\" content=\"Terrassilaud immutatud PHL 28x120x4800mm pruun\" \/>\n<meta property=\"og:description\" content=\"Kasutusk\u00fclg &#8211; soontega ehk rihveldatud pool. Teisel k\u00fcljel lubatud defektid (osaliselt h\u00f6\u00f6veldamata pind, mehhaanilised vigastused, jne). Immutusklass H3, sobib kasutamiseks maapinnast k\u00f5rgemal, pidevatest ilmastikuoludest m\u00f5jutatud, niisketes ja m\u00e4rgades kohtades. Puitmaterjalide eluiga pikeneb immutamisega 3 \u2013 5 korda. Puidul on pikaajaline kaitse seenkahjustuste ja kahjurputukate eest nii maapinnast eraldatuna kui ka kokkupuutes maapinnaga. NB! Immutamine ei [&hellip;]\" \/>\n<meta property=\"og:url\" content=\"https:\/\/justbuildit.eu\/en\/pood\/puitmaterjal\/terrassilauad\/terrassilaud-immutatud-phl-28x120x4800mm-pruun\/\" \/>\n<meta property=\"og:site_name\" content=\"Ehituslahendused\" \/>\n<meta property=\"article:publisher\" content=\"https:\/\/www.facebook.com\/justbuildit.ee\" \/>\n<meta property=\"article:modified_time\" content=\"2026-04-11T09:04:37+00:00\" \/>\n<meta property=\"og:image\" content=\"https:\/\/justbuildit.eu\/wp-content\/uploads\/2024\/03\/100671.jpg\" \/>\n\t<meta property=\"og:image:width\" content=\"588\" \/>\n\t<meta property=\"og:image:height\" content=\"588\" \/>\n\t<meta property=\"og:image:type\" content=\"image\/jpeg\" \/>\n<meta name=\"twitter:card\" content=\"summary_large_image\" \/>\n<script type=\"application\/ld+json\" class=\"yoast-schema-graph\">{\"@context\":\"https:\/\/schema.org\",\"@graph\":[{\"@type\":\"WebPage\",\"@id\":\"https:\/\/justbuildit.eu\/en\/pood\/puitmaterjal\/terrassilauad\/terrassilaud-immutatud-phl-28x120x4800mm-pruun\/\",\"url\":\"https:\/\/justbuildit.eu\/en\/pood\/puitmaterjal\/terrassilauad\/terrassilaud-immutatud-phl-28x120x4800mm-pruun\/\",\"name\":\"Terrassilaud immutatud PHL 28x120x4800mm pruun - Ehituslahendused\",\"isPartOf\":{\"@id\":\"https:\/\/justbuildit.eu\/en\/#website\"},\"primaryImageOfPage\":{\"@id\":\"https:\/\/justbuildit.eu\/en\/pood\/puitmaterjal\/terrassilauad\/terrassilaud-immutatud-phl-28x120x4800mm-pruun\/#primaryimage\"},\"image\":{\"@id\":\"https:\/\/justbuildit.eu\/en\/pood\/puitmaterjal\/terrassilauad\/terrassilaud-immutatud-phl-28x120x4800mm-pruun\/#primaryimage\"},\"thumbnailUrl\":\"https:\/\/justbuildit.eu\/wp-content\/uploads\/2024\/03\/100671.jpg\",\"datePublished\":\"2024-03-08T09:11:18+00:00\",\"dateModified\":\"2026-04-11T09:04:37+00:00\",\"breadcrumb\":{\"@id\":\"https:\/\/justbuildit.eu\/en\/pood\/puitmaterjal\/terrassilauad\/terrassilaud-immutatud-phl-28x120x4800mm-pruun\/#breadcrumb\"},\"inLanguage\":\"en-US\",\"potentialAction\":[{\"@type\":\"ReadAction\",\"target\":[\"https:\/\/justbuildit.eu\/en\/pood\/puitmaterjal\/terrassilauad\/terrassilaud-immutatud-phl-28x120x4800mm-pruun\/\"]}]},{\"@type\":\"ImageObject\",\"inLanguage\":\"en-US\",\"@id\":\"https:\/\/justbuildit.eu\/en\/pood\/puitmaterjal\/terrassilauad\/terrassilaud-immutatud-phl-28x120x4800mm-pruun\/#primaryimage\",\"url\":\"https:\/\/justbuildit.eu\/wp-content\/uploads\/2024\/03\/100671.jpg\",\"contentUrl\":\"https:\/\/justbuildit.eu\/wp-content\/uploads\/2024\/03\/100671.jpg\",\"width\":588,\"height\":588},{\"@type\":\"BreadcrumbList\",\"@id\":\"https:\/\/justbuildit.eu\/en\/pood\/puitmaterjal\/terrassilauad\/terrassilaud-immutatud-phl-28x120x4800mm-pruun\/#breadcrumb\",\"itemListElement\":[{\"@type\":\"ListItem\",\"position\":1,\"name\":\"Home\",\"item\":\"https:\/\/justbuildit.eu\/en\/\"},{\"@type\":\"ListItem\",\"position\":2,\"name\":\"Shop\",\"item\":\"https:\/\/justbuildit.eu\/en\/building-materials\/\"},{\"@type\":\"ListItem\",\"position\":3,\"name\":\"Terrassilaud immutatud PHL 28x120x4800mm pruun\"}]},{\"@type\":\"WebSite\",\"@id\":\"https:\/\/justbuildit.eu\/en\/#website\",\"url\":\"https:\/\/justbuildit.eu\/en\/\",\"name\":\"Ehituslahendused\",\"description\":\"Ehituslahendused ja materjalid\",\"publisher\":{\"@id\":\"https:\/\/justbuildit.eu\/en\/#organization\"},\"potentialAction\":[{\"@type\":\"SearchAction\",\"target\":{\"@type\":\"EntryPoint\",\"urlTemplate\":\"https:\/\/justbuildit.eu\/en\/?s={search_term_string}\"},\"query-input\":{\"@type\":\"PropertyValueSpecification\",\"valueRequired\":true,\"valueName\":\"search_term_string\"}}],\"inLanguage\":\"en-US\"},{\"@type\":\"Organization\",\"@id\":\"https:\/\/justbuildit.eu\/en\/#organization\",\"name\":\"Just Build It O\u00dc\",\"url\":\"https:\/\/justbuildit.eu\/en\/\",\"logo\":{\"@type\":\"ImageObject\",\"inLanguage\":\"en-US\",\"@id\":\"https:\/\/justbuildit.eu\/en\/#\/schema\/logo\/image\/\",\"url\":\"https:\/\/justbuildit.eu\/wp-content\/uploads\/2022\/01\/justbuildit.png\",\"contentUrl\":\"https:\/\/justbuildit.eu\/wp-content\/uploads\/2022\/01\/justbuildit.png\",\"width\":173,\"height\":77,\"caption\":\"Just Build It O\u00dc\"},\"image\":{\"@id\":\"https:\/\/justbuildit.eu\/en\/#\/schema\/logo\/image\/\"},\"sameAs\":[\"https:\/\/www.facebook.com\/justbuildit.ee\"]}]}<\/script>\n<!-- \/ Yoast SEO Premium plugin. -->","yoast_head_json":{"title":"Terrassilaud immutatud PHL 28x120x4800mm pruun - Ehituslahendused","robots":{"index":"index","follow":"follow","max-snippet":"max-snippet:-1","max-image-preview":"max-image-preview:large","max-video-preview":"max-video-preview:-1"},"canonical":"https:\/\/justbuildit.eu\/en\/pood\/puitmaterjal\/terrassilauad\/terrassilaud-immutatud-phl-28x120x4800mm-pruun\/","og_locale":"en_US","og_type":"article","og_title":"Terrassilaud immutatud PHL 28x120x4800mm pruun","og_description":"Kasutusk\u00fclg &#8211; soontega ehk rihveldatud pool. Teisel k\u00fcljel lubatud defektid (osaliselt h\u00f6\u00f6veldamata pind, mehhaanilised vigastused, jne). Immutusklass H3, sobib kasutamiseks maapinnast k\u00f5rgemal, pidevatest ilmastikuoludest m\u00f5jutatud, niisketes ja m\u00e4rgades kohtades. Puitmaterjalide eluiga pikeneb immutamisega 3 \u2013 5 korda. Puidul on pikaajaline kaitse seenkahjustuste ja kahjurputukate eest nii maapinnast eraldatuna kui ka kokkupuutes maapinnaga. NB! Immutamine ei [&hellip;]","og_url":"https:\/\/justbuildit.eu\/en\/pood\/puitmaterjal\/terrassilauad\/terrassilaud-immutatud-phl-28x120x4800mm-pruun\/","og_site_name":"Ehituslahendused","article_publisher":"https:\/\/www.facebook.com\/justbuildit.ee","article_modified_time":"2026-04-11T09:04:37+00:00","og_image":[{"width":588,"height":588,"url":"https:\/\/justbuildit.eu\/wp-content\/uploads\/2024\/03\/100671.jpg","type":"image\/jpeg"}],"twitter_card":"summary_large_image","schema":{"@context":"https:\/\/schema.org","@graph":[{"@type":"WebPage","@id":"https:\/\/justbuildit.eu\/en\/pood\/puitmaterjal\/terrassilauad\/terrassilaud-immutatud-phl-28x120x4800mm-pruun\/","url":"https:\/\/justbuildit.eu\/en\/pood\/puitmaterjal\/terrassilauad\/terrassilaud-immutatud-phl-28x120x4800mm-pruun\/","name":"Terrassilaud immutatud PHL 28x120x4800mm pruun - Ehituslahendused","isPartOf":{"@id":"https:\/\/justbuildit.eu\/en\/#website"},"primaryImageOfPage":{"@id":"https:\/\/justbuildit.eu\/en\/pood\/puitmaterjal\/terrassilauad\/terrassilaud-immutatud-phl-28x120x4800mm-pruun\/#primaryimage"},"image":{"@id":"https:\/\/justbuildit.eu\/en\/pood\/puitmaterjal\/terrassilauad\/terrassilaud-immutatud-phl-28x120x4800mm-pruun\/#primaryimage"},"thumbnailUrl":"https:\/\/justbuildit.eu\/wp-content\/uploads\/2024\/03\/100671.jpg","datePublished":"2024-03-08T09:11:18+00:00","dateModified":"2026-04-11T09:04:37+00:00","breadcrumb":{"@id":"https:\/\/justbuildit.eu\/en\/pood\/puitmaterjal\/terrassilauad\/terrassilaud-immutatud-phl-28x120x4800mm-pruun\/#breadcrumb"},"inLanguage":"en-US","potentialAction":[{"@type":"ReadAction","target":["https:\/\/justbuildit.eu\/en\/pood\/puitmaterjal\/terrassilauad\/terrassilaud-immutatud-phl-28x120x4800mm-pruun\/"]}]},{"@type":"ImageObject","inLanguage":"en-US","@id":"https:\/\/justbuildit.eu\/en\/pood\/puitmaterjal\/terrassilauad\/terrassilaud-immutatud-phl-28x120x4800mm-pruun\/#primaryimage","url":"https:\/\/justbuildit.eu\/wp-content\/uploads\/2024\/03\/100671.jpg","contentUrl":"https:\/\/justbuildit.eu\/wp-content\/uploads\/2024\/03\/100671.jpg","width":588,"height":588},{"@type":"BreadcrumbList","@id":"https:\/\/justbuildit.eu\/en\/pood\/puitmaterjal\/terrassilauad\/terrassilaud-immutatud-phl-28x120x4800mm-pruun\/#breadcrumb","itemListElement":[{"@type":"ListItem","position":1,"name":"Home","item":"https:\/\/justbuildit.eu\/en\/"},{"@type":"ListItem","position":2,"name":"Shop","item":"https:\/\/justbuildit.eu\/en\/building-materials\/"},{"@type":"ListItem","position":3,"name":"Terrassilaud immutatud PHL 28x120x4800mm pruun"}]},{"@type":"WebSite","@id":"https:\/\/justbuildit.eu\/en\/#website","url":"https:\/\/justbuildit.eu\/en\/","name":"Ehituslahendused","description":"Ehituslahendused ja materjalid","publisher":{"@id":"https:\/\/justbuildit.eu\/en\/#organization"},"potentialAction":[{"@type":"SearchAction","target":{"@type":"EntryPoint","urlTemplate":"https:\/\/justbuildit.eu\/en\/?s={search_term_string}"},"query-input":{"@type":"PropertyValueSpecification","valueRequired":true,"valueName":"search_term_string"}}],"inLanguage":"en-US"},{"@type":"Organization","@id":"https:\/\/justbuildit.eu\/en\/#organization","name":"Just Build It O\u00dc","url":"https:\/\/justbuildit.eu\/en\/","logo":{"@type":"ImageObject","inLanguage":"en-US","@id":"https:\/\/justbuildit.eu\/en\/#\/schema\/logo\/image\/","url":"https:\/\/justbuildit.eu\/wp-content\/uploads\/2022\/01\/justbuildit.png","contentUrl":"https:\/\/justbuildit.eu\/wp-content\/uploads\/2022\/01\/justbuildit.png","width":173,"height":77,"caption":"Just Build It O\u00dc"},"image":{"@id":"https:\/\/justbuildit.eu\/en\/#\/schema\/logo\/image\/"},"sameAs":["https:\/\/www.facebook.com\/justbuildit.ee"]}]}},"_links":{"self":[{"href":"https:\/\/justbuildit.eu\/en\/wp-json\/wp\/v2\/product\/417923","targetHints":{"allow":["GET"]}}],"collection":[{"href":"https:\/\/justbuildit.eu\/en\/wp-json\/wp\/v2\/product"}],"about":[{"href":"https:\/\/justbuildit.eu\/en\/wp-json\/wp\/v2\/types\/product"}],"replies":[{"embeddable":true,"href":"https:\/\/justbuildit.eu\/en\/wp-json\/wp\/v2\/comments?post=417923"}],"wp:featuredmedia":[{"embeddable":true,"href":"https:\/\/justbuildit.eu\/en\/wp-json\/wp\/v2\/media\/417924"}],"wp:attachment":[{"href":"https:\/\/justbuildit.eu\/en\/wp-json\/wp\/v2\/media?parent=417923"}],"wp:term":[{"taxonomy":"product_brand","embeddable":true,"href":"https:\/\/justbuildit.eu\/en\/wp-json\/wp\/v2\/product_brand?post=417923"},{"taxonomy":"product_cat","embeddable":true,"href":"https:\/\/justbuildit.eu\/en\/wp-json\/wp\/v2\/product_cat?post=417923"},{"taxonomy":"product_tag","embeddable":true,"href":"https:\/\/justbuildit.eu\/en\/wp-json\/wp\/v2\/product_tag?post=417923"}],"curies":[{"name":"wp","href":"https:\/\/api.w.org\/{rel}","templated":true}]}}