{"id":418276,"date":"2024-03-08T12:44:14","date_gmt":"2024-03-08T09:44:14","guid":{"rendered":"https:\/\/justbuildit.eu\/?post_type=product&#038;p=418276"},"modified":"2026-04-16T12:04:51","modified_gmt":"2026-04-16T09:04:51","slug":"terrassioli-thermory-25l-tumepruun","status":"publish","type":"product","link":"https:\/\/justbuildit.eu\/en\/pood\/varvid-ja-viimistlusmaterjalid\/olid-lakid\/terrassioli-thermory-25l-tumepruun\/","title":{"rendered":"Terrassi\u00f5li Thermory 2,5L tumepruun"},"content":{"rendered":"<p><strong>Thermory tumepruun \u00f5li puitpindade, eelk\u00f5ige termot\u00f6\u00f6deldud saarepuidu hoolduseks <\/strong><\/p>\n<p>Thermory\u00ae \u00f5li on valmistatud veebaasil ja on peaaegu l\u00f5hnatu ning annab puidule tumepruuni termosaarelaadse tooni.  Sobib kasutamiseks nii v\u00e4li- kui ka sisetingimustes (terrassid, terrassim\u00f6\u00f6bel, jne).\u00d5li imendub kiiresti ning reguleerib niiskuse liikumist puidus. \u00d5litatud pind j\u00e4\u00e4b sametjas. <\/p>\n<p>Katvus: 120\u2013160 ml \/ m2 kahe \u00f5lituskorra puhul (s\u00f5ltub kasutatud puuliigi imavusomadustest). Enne kasutamist loksutage ja segage korralikult. <\/p>\n<p>\u00d5li v\u00f5ib kanda ainult puhastele, tasastele, tolmuta ja rasvata pindadele. Enne laudade \u00f5litamist tehke katse v\u00e4ikesel puidut\u00fckil. Soovitame kinni pidada \u00f5litootja poolt esitatud juhistest. <\/p>\n<p>V\u00e4rvitooni intensiivsus s\u00f5ltub laua kvaliteedist, puuliigist, pealekandmisviisist ja puidu niiskustasemest. Puidu niiskus ei tohi \u00fcletada 20%.<\/p>\n<p>Kandke \u00f5huke kiht \u00f5li ja \u00fcleliigne \u00f5li eemaldage koheselt. \u00d5li kuivab tavatingimustes ligikaudu 3 tundi. Teise \u00f5likihi pealekandmisega ei tohiks aga alustada enne 8 tunni m\u00f6\u00f6dumist. Optimaalne viimistlemis- ja kuivamistemperatuur on +15 &#8211; +30 C\u00b0, minimaalne kuivamistemperatuur on +5 C\u00b0. Ebasoodsates ilmastikutingimustes (k\u00f5rge \u00f5huniiskus, madal temperatuur) v\u00f5ib kuivamine v\u00f5tta m\u00e4rgitust enam aega.<\/p>\n<p>Thermory\u00ae termot\u00f6\u00f6deldud terrassilauad ei vaja tingimata pinna viimistlemist. Sarnaselt iga puiduga vananeb ka termot\u00f6\u00f6deldud puit loomulikult aja jooksul h\u00f5behalliks. See protsess algab kohe ja olenevalt UV kiirguse m\u00f5just v\u00f5tab aega m\u00f5nest kuust kuni aastani. See ei muuda termot\u00f6\u00f6deldud puitu v\u00e4hem vastupidavaks k\u00f5dunemisele. Regulaarne puhastus muudab terrassi kauakestvamaks. Soovitame terrassi puhastada ja hooldada kevadeti, enne suve algust.<\/p>\n","protected":false},"excerpt":{"rendered":"<p><strong>Thermory tumepruun \u00f5li puitpindade, eelk\u00f5ige termot\u00f6\u00f6deldud saarepuidu hoolduseks <\/strong><\/p>","protected":false},"featured_media":418277,"comment_status":"open","ping_status":"closed","template":"","meta":{"_acf_changed":false},"product_brand":[],"product_cat":[122,497],"product_tag":[],"class_list":{"0":"post-418276","1":"product","2":"type-product","3":"status-publish","4":"has-post-thumbnail","6":"product_cat-olid-lakid","7":"product_cat-puumarket","9":"first","10":"instock","11":"shipping-taxable","12":"purchasable","13":"product-type-simple"},"acf":[],"yoast_head":"<!-- This site is optimized with the Yoast SEO Premium plugin v18.7 (Yoast SEO v26.5) - https:\/\/yoast.com\/wordpress\/plugins\/seo\/ -->\n<title>Terrassi\u00f5li Thermory 2,5L tumepruun - Ehituslahendused<\/title>\n<meta name=\"robots\" content=\"index, follow, max-snippet:-1, max-image-preview:large, max-video-preview:-1\" \/>\n<link rel=\"canonical\" href=\"https:\/\/justbuildit.eu\/en\/pood\/varvid-ja-viimistlusmaterjalid\/olid-lakid\/terrassioli-thermory-25l-tumepruun\/\" \/>\n<meta property=\"og:locale\" content=\"en_US\" \/>\n<meta property=\"og:type\" content=\"article\" \/>\n<meta property=\"og:title\" content=\"Terrassi\u00f5li Thermory 2,5L tumepruun\" \/>\n<meta property=\"og:description\" content=\"Thermory tumepruun \u00f5li puitpindade, eelk\u00f5ige termot\u00f6\u00f6deldud saarepuidu hoolduseks\" \/>\n<meta property=\"og:url\" content=\"https:\/\/justbuildit.eu\/en\/pood\/varvid-ja-viimistlusmaterjalid\/olid-lakid\/terrassioli-thermory-25l-tumepruun\/\" \/>\n<meta property=\"og:site_name\" content=\"Ehituslahendused\" \/>\n<meta property=\"article:publisher\" content=\"https:\/\/www.facebook.com\/justbuildit.ee\" \/>\n<meta property=\"article:modified_time\" content=\"2026-04-16T09:04:51+00:00\" \/>\n<meta property=\"og:image\" content=\"https:\/\/justbuildit.eu\/wp-content\/uploads\/2024\/03\/107562.jpg\" \/>\n\t<meta property=\"og:image:width\" content=\"709\" \/>\n\t<meta property=\"og:image:height\" content=\"709\" \/>\n\t<meta property=\"og:image:type\" content=\"image\/jpeg\" \/>\n<meta name=\"twitter:card\" content=\"summary_large_image\" \/>\n<script type=\"application\/ld+json\" class=\"yoast-schema-graph\">{\"@context\":\"https:\/\/schema.org\",\"@graph\":[{\"@type\":\"WebPage\",\"@id\":\"https:\/\/justbuildit.eu\/en\/pood\/varvid-ja-viimistlusmaterjalid\/olid-lakid\/terrassioli-thermory-25l-tumepruun\/\",\"url\":\"https:\/\/justbuildit.eu\/en\/pood\/varvid-ja-viimistlusmaterjalid\/olid-lakid\/terrassioli-thermory-25l-tumepruun\/\",\"name\":\"Terrassi\u00f5li Thermory 2,5L tumepruun - Ehituslahendused\",\"isPartOf\":{\"@id\":\"https:\/\/justbuildit.eu\/en\/#website\"},\"primaryImageOfPage\":{\"@id\":\"https:\/\/justbuildit.eu\/en\/pood\/varvid-ja-viimistlusmaterjalid\/olid-lakid\/terrassioli-thermory-25l-tumepruun\/#primaryimage\"},\"image\":{\"@id\":\"https:\/\/justbuildit.eu\/en\/pood\/varvid-ja-viimistlusmaterjalid\/olid-lakid\/terrassioli-thermory-25l-tumepruun\/#primaryimage\"},\"thumbnailUrl\":\"https:\/\/justbuildit.eu\/wp-content\/uploads\/2024\/03\/107562.jpg\",\"datePublished\":\"2024-03-08T09:44:14+00:00\",\"dateModified\":\"2026-04-16T09:04:51+00:00\",\"breadcrumb\":{\"@id\":\"https:\/\/justbuildit.eu\/en\/pood\/varvid-ja-viimistlusmaterjalid\/olid-lakid\/terrassioli-thermory-25l-tumepruun\/#breadcrumb\"},\"inLanguage\":\"en-US\",\"potentialAction\":[{\"@type\":\"ReadAction\",\"target\":[\"https:\/\/justbuildit.eu\/en\/pood\/varvid-ja-viimistlusmaterjalid\/olid-lakid\/terrassioli-thermory-25l-tumepruun\/\"]}]},{\"@type\":\"ImageObject\",\"inLanguage\":\"en-US\",\"@id\":\"https:\/\/justbuildit.eu\/en\/pood\/varvid-ja-viimistlusmaterjalid\/olid-lakid\/terrassioli-thermory-25l-tumepruun\/#primaryimage\",\"url\":\"https:\/\/justbuildit.eu\/wp-content\/uploads\/2024\/03\/107562.jpg\",\"contentUrl\":\"https:\/\/justbuildit.eu\/wp-content\/uploads\/2024\/03\/107562.jpg\",\"width\":709,\"height\":709},{\"@type\":\"BreadcrumbList\",\"@id\":\"https:\/\/justbuildit.eu\/en\/pood\/varvid-ja-viimistlusmaterjalid\/olid-lakid\/terrassioli-thermory-25l-tumepruun\/#breadcrumb\",\"itemListElement\":[{\"@type\":\"ListItem\",\"position\":1,\"name\":\"Home\",\"item\":\"https:\/\/justbuildit.eu\/en\/\"},{\"@type\":\"ListItem\",\"position\":2,\"name\":\"Shop\",\"item\":\"https:\/\/justbuildit.eu\/en\/building-materials\/\"},{\"@type\":\"ListItem\",\"position\":3,\"name\":\"Terrassi\u00f5li Thermory 2,5L tumepruun\"}]},{\"@type\":\"WebSite\",\"@id\":\"https:\/\/justbuildit.eu\/en\/#website\",\"url\":\"https:\/\/justbuildit.eu\/en\/\",\"name\":\"Ehituslahendused\",\"description\":\"Ehituslahendused ja materjalid\",\"publisher\":{\"@id\":\"https:\/\/justbuildit.eu\/en\/#organization\"},\"potentialAction\":[{\"@type\":\"SearchAction\",\"target\":{\"@type\":\"EntryPoint\",\"urlTemplate\":\"https:\/\/justbuildit.eu\/en\/?s={search_term_string}\"},\"query-input\":{\"@type\":\"PropertyValueSpecification\",\"valueRequired\":true,\"valueName\":\"search_term_string\"}}],\"inLanguage\":\"en-US\"},{\"@type\":\"Organization\",\"@id\":\"https:\/\/justbuildit.eu\/en\/#organization\",\"name\":\"Just Build It O\u00dc\",\"url\":\"https:\/\/justbuildit.eu\/en\/\",\"logo\":{\"@type\":\"ImageObject\",\"inLanguage\":\"en-US\",\"@id\":\"https:\/\/justbuildit.eu\/en\/#\/schema\/logo\/image\/\",\"url\":\"https:\/\/justbuildit.eu\/wp-content\/uploads\/2022\/01\/justbuildit.png\",\"contentUrl\":\"https:\/\/justbuildit.eu\/wp-content\/uploads\/2022\/01\/justbuildit.png\",\"width\":173,\"height\":77,\"caption\":\"Just Build It O\u00dc\"},\"image\":{\"@id\":\"https:\/\/justbuildit.eu\/en\/#\/schema\/logo\/image\/\"},\"sameAs\":[\"https:\/\/www.facebook.com\/justbuildit.ee\"]}]}<\/script>\n<!-- \/ Yoast SEO Premium plugin. -->","yoast_head_json":{"title":"Terrassi\u00f5li Thermory 2,5L tumepruun - Ehituslahendused","robots":{"index":"index","follow":"follow","max-snippet":"max-snippet:-1","max-image-preview":"max-image-preview:large","max-video-preview":"max-video-preview:-1"},"canonical":"https:\/\/justbuildit.eu\/en\/pood\/varvid-ja-viimistlusmaterjalid\/olid-lakid\/terrassioli-thermory-25l-tumepruun\/","og_locale":"en_US","og_type":"article","og_title":"Terrassi\u00f5li Thermory 2,5L tumepruun","og_description":"Thermory tumepruun \u00f5li puitpindade, eelk\u00f5ige termot\u00f6\u00f6deldud saarepuidu hoolduseks","og_url":"https:\/\/justbuildit.eu\/en\/pood\/varvid-ja-viimistlusmaterjalid\/olid-lakid\/terrassioli-thermory-25l-tumepruun\/","og_site_name":"Ehituslahendused","article_publisher":"https:\/\/www.facebook.com\/justbuildit.ee","article_modified_time":"2026-04-16T09:04:51+00:00","og_image":[{"width":709,"height":709,"url":"https:\/\/justbuildit.eu\/wp-content\/uploads\/2024\/03\/107562.jpg","type":"image\/jpeg"}],"twitter_card":"summary_large_image","schema":{"@context":"https:\/\/schema.org","@graph":[{"@type":"WebPage","@id":"https:\/\/justbuildit.eu\/en\/pood\/varvid-ja-viimistlusmaterjalid\/olid-lakid\/terrassioli-thermory-25l-tumepruun\/","url":"https:\/\/justbuildit.eu\/en\/pood\/varvid-ja-viimistlusmaterjalid\/olid-lakid\/terrassioli-thermory-25l-tumepruun\/","name":"Terrassi\u00f5li Thermory 2,5L tumepruun - Ehituslahendused","isPartOf":{"@id":"https:\/\/justbuildit.eu\/en\/#website"},"primaryImageOfPage":{"@id":"https:\/\/justbuildit.eu\/en\/pood\/varvid-ja-viimistlusmaterjalid\/olid-lakid\/terrassioli-thermory-25l-tumepruun\/#primaryimage"},"image":{"@id":"https:\/\/justbuildit.eu\/en\/pood\/varvid-ja-viimistlusmaterjalid\/olid-lakid\/terrassioli-thermory-25l-tumepruun\/#primaryimage"},"thumbnailUrl":"https:\/\/justbuildit.eu\/wp-content\/uploads\/2024\/03\/107562.jpg","datePublished":"2024-03-08T09:44:14+00:00","dateModified":"2026-04-16T09:04:51+00:00","breadcrumb":{"@id":"https:\/\/justbuildit.eu\/en\/pood\/varvid-ja-viimistlusmaterjalid\/olid-lakid\/terrassioli-thermory-25l-tumepruun\/#breadcrumb"},"inLanguage":"en-US","potentialAction":[{"@type":"ReadAction","target":["https:\/\/justbuildit.eu\/en\/pood\/varvid-ja-viimistlusmaterjalid\/olid-lakid\/terrassioli-thermory-25l-tumepruun\/"]}]},{"@type":"ImageObject","inLanguage":"en-US","@id":"https:\/\/justbuildit.eu\/en\/pood\/varvid-ja-viimistlusmaterjalid\/olid-lakid\/terrassioli-thermory-25l-tumepruun\/#primaryimage","url":"https:\/\/justbuildit.eu\/wp-content\/uploads\/2024\/03\/107562.jpg","contentUrl":"https:\/\/justbuildit.eu\/wp-content\/uploads\/2024\/03\/107562.jpg","width":709,"height":709},{"@type":"BreadcrumbList","@id":"https:\/\/justbuildit.eu\/en\/pood\/varvid-ja-viimistlusmaterjalid\/olid-lakid\/terrassioli-thermory-25l-tumepruun\/#breadcrumb","itemListElement":[{"@type":"ListItem","position":1,"name":"Home","item":"https:\/\/justbuildit.eu\/en\/"},{"@type":"ListItem","position":2,"name":"Shop","item":"https:\/\/justbuildit.eu\/en\/building-materials\/"},{"@type":"ListItem","position":3,"name":"Terrassi\u00f5li Thermory 2,5L tumepruun"}]},{"@type":"WebSite","@id":"https:\/\/justbuildit.eu\/en\/#website","url":"https:\/\/justbuildit.eu\/en\/","name":"Ehituslahendused","description":"Ehituslahendused ja materjalid","publisher":{"@id":"https:\/\/justbuildit.eu\/en\/#organization"},"potentialAction":[{"@type":"SearchAction","target":{"@type":"EntryPoint","urlTemplate":"https:\/\/justbuildit.eu\/en\/?s={search_term_string}"},"query-input":{"@type":"PropertyValueSpecification","valueRequired":true,"valueName":"search_term_string"}}],"inLanguage":"en-US"},{"@type":"Organization","@id":"https:\/\/justbuildit.eu\/en\/#organization","name":"Just Build It O\u00dc","url":"https:\/\/justbuildit.eu\/en\/","logo":{"@type":"ImageObject","inLanguage":"en-US","@id":"https:\/\/justbuildit.eu\/en\/#\/schema\/logo\/image\/","url":"https:\/\/justbuildit.eu\/wp-content\/uploads\/2022\/01\/justbuildit.png","contentUrl":"https:\/\/justbuildit.eu\/wp-content\/uploads\/2022\/01\/justbuildit.png","width":173,"height":77,"caption":"Just Build It O\u00dc"},"image":{"@id":"https:\/\/justbuildit.eu\/en\/#\/schema\/logo\/image\/"},"sameAs":["https:\/\/www.facebook.com\/justbuildit.ee"]}]}},"_links":{"self":[{"href":"https:\/\/justbuildit.eu\/en\/wp-json\/wp\/v2\/product\/418276","targetHints":{"allow":["GET"]}}],"collection":[{"href":"https:\/\/justbuildit.eu\/en\/wp-json\/wp\/v2\/product"}],"about":[{"href":"https:\/\/justbuildit.eu\/en\/wp-json\/wp\/v2\/types\/product"}],"replies":[{"embeddable":true,"href":"https:\/\/justbuildit.eu\/en\/wp-json\/wp\/v2\/comments?post=418276"}],"wp:featuredmedia":[{"embeddable":true,"href":"https:\/\/justbuildit.eu\/en\/wp-json\/wp\/v2\/media\/418277"}],"wp:attachment":[{"href":"https:\/\/justbuildit.eu\/en\/wp-json\/wp\/v2\/media?parent=418276"}],"wp:term":[{"taxonomy":"product_brand","embeddable":true,"href":"https:\/\/justbuildit.eu\/en\/wp-json\/wp\/v2\/product_brand?post=418276"},{"taxonomy":"product_cat","embeddable":true,"href":"https:\/\/justbuildit.eu\/en\/wp-json\/wp\/v2\/product_cat?post=418276"},{"taxonomy":"product_tag","embeddable":true,"href":"https:\/\/justbuildit.eu\/en\/wp-json\/wp\/v2\/product_tag?post=418276"}],"curies":[{"name":"wp","href":"https:\/\/api.w.org\/{rel}","templated":true}]}}