{"id":421164,"date":"2024-03-14T10:36:06","date_gmt":"2024-03-14T07:36:06","guid":{"rendered":"https:\/\/justbuildit.eu\/?post_type=product&#038;p=421164"},"modified":"2026-04-11T12:04:26","modified_gmt":"2026-04-11T09:04:26","slug":"tuuletokkekangas-tyvek-soft-2460b-15x50m","status":"publish","type":"product","link":"https:\/\/justbuildit.eu\/en\/pood\/isolatsioonimaterjalid\/tuuletokked\/tuuletokkekangas-tyvek-soft-2460b-15x50m\/","title":{"rendered":"Tuulet\u00f5kkekangas Tyvek Soft 2460B 1,5x50m"},"content":{"rendered":"<ul>\n<li>ISOVER Tyvek 2460B on tuulet\u00f5kkekangas, mis on vett h\u00fclgav, kuid samas v\u00f5imaldab veeaurul konstruktsioonist v\u00e4lja p\u00e4\u00e4seda.<\/li>\n<li>Difusioonkangas 2460B sobib igat t\u00fc\u00fcpi ventileeritavatele ja mitteventileeritavatele kaldkatustele ning fassaadidele.<\/li>\n<li>Kasutatakse \u00f5hutiheduse tagamiseks ventileeritavates fassaadides.<\/li>\n<li>Tuulekindel, vett h\u00fclgav, kuid hingav tuulet\u00f5kkekangas.<\/li>\n<li>V\u00e4ga tugev ning vastupidav rebimisele.<\/li>\n<li>Tootel on keskkonnadeklaratsioon EPD.<\/li>\n<\/ul>\n<p>ISOVER Tyvek 2460B membraan kaitseb soojusisolatsiooni \u00f5huniiskuse eest ja aitab s\u00e4ilitada isolatsiooni tehnilisi omadusi. Samas ei takista membraan niiskuse eraldumist katuse- v\u00f5i seinakonstruktsioonist v\u00e4ljapoole (konstruktsiooni niiskus, veeaurudifusioon). ISOVER Tyvek 2460B tagab veeauru vaba v\u00e4ljumise aluskattest allpool asetsevast kihist v\u00f5i konstruktsioonist, sealjuures ei kondenseeru niiskus aluskatte alumisele pinnale. See v\u00f5imaldab katuseisolatsiooni paigaldada t\u00e4ispaksuses, ilma traditsioonilise aluskatte ja soojusisolatsiooni vahelise tuulutusvaheta.<\/p>\n","protected":false},"excerpt":{"rendered":"<p>ISOVER Tyvek 2460B membraan kaitseb soojusisolatsiooni \u00f5huniiskuse eest ja aitab s\u00e4ilitada isolatsiooni tehnilisi omadusi. Samas ei takista membraan niiskuse eraldumist katuse- v\u00f5i seinakonstruktsioonist v\u00e4ljapoole (konstruktsiooni niiskus, veeaurudifusioon). ISOVER Tyvek 2460B tagab veeauru vaba v\u00e4ljumise aluskattest allpool asetsevast kihist v\u00f5i konstruktsioonist, sealjuures ei kondenseeru niiskus aluskatte alumisele pinnale. See v\u00f5imaldab katuseisolatsiooni paigaldada t\u00e4ispaksuses, ilma traditsioonilise aluskatte ja soojusisolatsiooni vahelise tuulutusvaheta.<\/p>","protected":false},"featured_media":421165,"comment_status":"open","ping_status":"closed","template":"","meta":{"_acf_changed":false},"product_brand":[],"product_cat":[69,497],"product_tag":[],"class_list":{"0":"post-421164","1":"product","2":"type-product","3":"status-publish","4":"has-post-thumbnail","6":"product_cat-tuuletokked","7":"product_cat-puumarket","9":"first","10":"instock","11":"shipping-taxable","12":"purchasable","13":"product-type-simple"},"acf":[],"yoast_head":"<!-- This site is optimized with the Yoast SEO Premium plugin v18.7 (Yoast SEO v26.5) - https:\/\/yoast.com\/wordpress\/plugins\/seo\/ -->\n<title>Tuulet\u00f5kkekangas Tyvek Soft 2460B 1,5x50m - Ehituslahendused<\/title>\n<meta name=\"robots\" content=\"index, follow, max-snippet:-1, max-image-preview:large, max-video-preview:-1\" \/>\n<link rel=\"canonical\" href=\"https:\/\/justbuildit.eu\/en\/pood\/isolatsioonimaterjalid\/tuuletokked\/tuuletokkekangas-tyvek-soft-2460b-15x50m\/\" \/>\n<meta property=\"og:locale\" content=\"en_US\" \/>\n<meta property=\"og:type\" content=\"article\" \/>\n<meta property=\"og:title\" content=\"Tuulet\u00f5kkekangas Tyvek Soft 2460B 1,5x50m\" \/>\n<meta property=\"og:description\" content=\"ISOVER Tyvek 2460B membraan kaitseb soojusisolatsiooni \u00f5huniiskuse eest ja aitab s\u00e4ilitada isolatsiooni tehnilisi omadusi. Samas ei takista membraan niiskuse eraldumist katuse- v\u00f5i seinakonstruktsioonist v\u00e4ljapoole (konstruktsiooni niiskus, veeaurudifusioon). ISOVER Tyvek 2460B tagab veeauru vaba v\u00e4ljumise aluskattest allpool asetsevast kihist v\u00f5i konstruktsioonist, sealjuures ei kondenseeru niiskus aluskatte alumisele pinnale. See v\u00f5imaldab katuseisolatsiooni paigaldada t\u00e4ispaksuses, ilma traditsioonilise aluskatte ja soojusisolatsiooni vahelise tuulutusvaheta.\" \/>\n<meta property=\"og:url\" content=\"https:\/\/justbuildit.eu\/en\/pood\/isolatsioonimaterjalid\/tuuletokked\/tuuletokkekangas-tyvek-soft-2460b-15x50m\/\" \/>\n<meta property=\"og:site_name\" content=\"Ehituslahendused\" \/>\n<meta property=\"article:publisher\" content=\"https:\/\/www.facebook.com\/justbuildit.ee\" \/>\n<meta property=\"article:modified_time\" content=\"2026-04-11T09:04:26+00:00\" \/>\n<meta property=\"og:image\" content=\"https:\/\/justbuildit.eu\/wp-content\/uploads\/2024\/03\/108769.jpg\" \/>\n\t<meta property=\"og:image:width\" content=\"709\" \/>\n\t<meta property=\"og:image:height\" content=\"709\" \/>\n\t<meta property=\"og:image:type\" content=\"image\/jpeg\" \/>\n<meta name=\"twitter:card\" content=\"summary_large_image\" \/>\n<script type=\"application\/ld+json\" class=\"yoast-schema-graph\">{\"@context\":\"https:\/\/schema.org\",\"@graph\":[{\"@type\":\"WebPage\",\"@id\":\"https:\/\/justbuildit.eu\/en\/pood\/isolatsioonimaterjalid\/tuuletokked\/tuuletokkekangas-tyvek-soft-2460b-15x50m\/\",\"url\":\"https:\/\/justbuildit.eu\/en\/pood\/isolatsioonimaterjalid\/tuuletokked\/tuuletokkekangas-tyvek-soft-2460b-15x50m\/\",\"name\":\"Tuulet\u00f5kkekangas Tyvek Soft 2460B 1,5x50m - Ehituslahendused\",\"isPartOf\":{\"@id\":\"https:\/\/justbuildit.eu\/en\/#website\"},\"primaryImageOfPage\":{\"@id\":\"https:\/\/justbuildit.eu\/en\/pood\/isolatsioonimaterjalid\/tuuletokked\/tuuletokkekangas-tyvek-soft-2460b-15x50m\/#primaryimage\"},\"image\":{\"@id\":\"https:\/\/justbuildit.eu\/en\/pood\/isolatsioonimaterjalid\/tuuletokked\/tuuletokkekangas-tyvek-soft-2460b-15x50m\/#primaryimage\"},\"thumbnailUrl\":\"https:\/\/justbuildit.eu\/wp-content\/uploads\/2024\/03\/108769.jpg\",\"datePublished\":\"2024-03-14T07:36:06+00:00\",\"dateModified\":\"2026-04-11T09:04:26+00:00\",\"breadcrumb\":{\"@id\":\"https:\/\/justbuildit.eu\/en\/pood\/isolatsioonimaterjalid\/tuuletokked\/tuuletokkekangas-tyvek-soft-2460b-15x50m\/#breadcrumb\"},\"inLanguage\":\"en-US\",\"potentialAction\":[{\"@type\":\"ReadAction\",\"target\":[\"https:\/\/justbuildit.eu\/en\/pood\/isolatsioonimaterjalid\/tuuletokked\/tuuletokkekangas-tyvek-soft-2460b-15x50m\/\"]}]},{\"@type\":\"ImageObject\",\"inLanguage\":\"en-US\",\"@id\":\"https:\/\/justbuildit.eu\/en\/pood\/isolatsioonimaterjalid\/tuuletokked\/tuuletokkekangas-tyvek-soft-2460b-15x50m\/#primaryimage\",\"url\":\"https:\/\/justbuildit.eu\/wp-content\/uploads\/2024\/03\/108769.jpg\",\"contentUrl\":\"https:\/\/justbuildit.eu\/wp-content\/uploads\/2024\/03\/108769.jpg\",\"width\":709,\"height\":709},{\"@type\":\"BreadcrumbList\",\"@id\":\"https:\/\/justbuildit.eu\/en\/pood\/isolatsioonimaterjalid\/tuuletokked\/tuuletokkekangas-tyvek-soft-2460b-15x50m\/#breadcrumb\",\"itemListElement\":[{\"@type\":\"ListItem\",\"position\":1,\"name\":\"Home\",\"item\":\"https:\/\/justbuildit.eu\/en\/\"},{\"@type\":\"ListItem\",\"position\":2,\"name\":\"Shop\",\"item\":\"https:\/\/justbuildit.eu\/en\/building-materials\/\"},{\"@type\":\"ListItem\",\"position\":3,\"name\":\"Tuulet\u00f5kkekangas Tyvek Soft 2460B 1,5x50m\"}]},{\"@type\":\"WebSite\",\"@id\":\"https:\/\/justbuildit.eu\/en\/#website\",\"url\":\"https:\/\/justbuildit.eu\/en\/\",\"name\":\"Ehituslahendused\",\"description\":\"Ehituslahendused ja materjalid\",\"publisher\":{\"@id\":\"https:\/\/justbuildit.eu\/en\/#organization\"},\"potentialAction\":[{\"@type\":\"SearchAction\",\"target\":{\"@type\":\"EntryPoint\",\"urlTemplate\":\"https:\/\/justbuildit.eu\/en\/?s={search_term_string}\"},\"query-input\":{\"@type\":\"PropertyValueSpecification\",\"valueRequired\":true,\"valueName\":\"search_term_string\"}}],\"inLanguage\":\"en-US\"},{\"@type\":\"Organization\",\"@id\":\"https:\/\/justbuildit.eu\/en\/#organization\",\"name\":\"Just Build It O\u00dc\",\"url\":\"https:\/\/justbuildit.eu\/en\/\",\"logo\":{\"@type\":\"ImageObject\",\"inLanguage\":\"en-US\",\"@id\":\"https:\/\/justbuildit.eu\/en\/#\/schema\/logo\/image\/\",\"url\":\"https:\/\/justbuildit.eu\/wp-content\/uploads\/2022\/01\/justbuildit.png\",\"contentUrl\":\"https:\/\/justbuildit.eu\/wp-content\/uploads\/2022\/01\/justbuildit.png\",\"width\":173,\"height\":77,\"caption\":\"Just Build It O\u00dc\"},\"image\":{\"@id\":\"https:\/\/justbuildit.eu\/en\/#\/schema\/logo\/image\/\"},\"sameAs\":[\"https:\/\/www.facebook.com\/justbuildit.ee\"]}]}<\/script>\n<!-- \/ Yoast SEO Premium plugin. -->","yoast_head_json":{"title":"Tuulet\u00f5kkekangas Tyvek Soft 2460B 1,5x50m - Ehituslahendused","robots":{"index":"index","follow":"follow","max-snippet":"max-snippet:-1","max-image-preview":"max-image-preview:large","max-video-preview":"max-video-preview:-1"},"canonical":"https:\/\/justbuildit.eu\/en\/pood\/isolatsioonimaterjalid\/tuuletokked\/tuuletokkekangas-tyvek-soft-2460b-15x50m\/","og_locale":"en_US","og_type":"article","og_title":"Tuulet\u00f5kkekangas Tyvek Soft 2460B 1,5x50m","og_description":"ISOVER Tyvek 2460B membraan kaitseb soojusisolatsiooni \u00f5huniiskuse eest ja aitab s\u00e4ilitada isolatsiooni tehnilisi omadusi. Samas ei takista membraan niiskuse eraldumist katuse- v\u00f5i seinakonstruktsioonist v\u00e4ljapoole (konstruktsiooni niiskus, veeaurudifusioon). ISOVER Tyvek 2460B tagab veeauru vaba v\u00e4ljumise aluskattest allpool asetsevast kihist v\u00f5i konstruktsioonist, sealjuures ei kondenseeru niiskus aluskatte alumisele pinnale. See v\u00f5imaldab katuseisolatsiooni paigaldada t\u00e4ispaksuses, ilma traditsioonilise aluskatte ja soojusisolatsiooni vahelise tuulutusvaheta.","og_url":"https:\/\/justbuildit.eu\/en\/pood\/isolatsioonimaterjalid\/tuuletokked\/tuuletokkekangas-tyvek-soft-2460b-15x50m\/","og_site_name":"Ehituslahendused","article_publisher":"https:\/\/www.facebook.com\/justbuildit.ee","article_modified_time":"2026-04-11T09:04:26+00:00","og_image":[{"width":709,"height":709,"url":"https:\/\/justbuildit.eu\/wp-content\/uploads\/2024\/03\/108769.jpg","type":"image\/jpeg"}],"twitter_card":"summary_large_image","schema":{"@context":"https:\/\/schema.org","@graph":[{"@type":"WebPage","@id":"https:\/\/justbuildit.eu\/en\/pood\/isolatsioonimaterjalid\/tuuletokked\/tuuletokkekangas-tyvek-soft-2460b-15x50m\/","url":"https:\/\/justbuildit.eu\/en\/pood\/isolatsioonimaterjalid\/tuuletokked\/tuuletokkekangas-tyvek-soft-2460b-15x50m\/","name":"Tuulet\u00f5kkekangas Tyvek Soft 2460B 1,5x50m - Ehituslahendused","isPartOf":{"@id":"https:\/\/justbuildit.eu\/en\/#website"},"primaryImageOfPage":{"@id":"https:\/\/justbuildit.eu\/en\/pood\/isolatsioonimaterjalid\/tuuletokked\/tuuletokkekangas-tyvek-soft-2460b-15x50m\/#primaryimage"},"image":{"@id":"https:\/\/justbuildit.eu\/en\/pood\/isolatsioonimaterjalid\/tuuletokked\/tuuletokkekangas-tyvek-soft-2460b-15x50m\/#primaryimage"},"thumbnailUrl":"https:\/\/justbuildit.eu\/wp-content\/uploads\/2024\/03\/108769.jpg","datePublished":"2024-03-14T07:36:06+00:00","dateModified":"2026-04-11T09:04:26+00:00","breadcrumb":{"@id":"https:\/\/justbuildit.eu\/en\/pood\/isolatsioonimaterjalid\/tuuletokked\/tuuletokkekangas-tyvek-soft-2460b-15x50m\/#breadcrumb"},"inLanguage":"en-US","potentialAction":[{"@type":"ReadAction","target":["https:\/\/justbuildit.eu\/en\/pood\/isolatsioonimaterjalid\/tuuletokked\/tuuletokkekangas-tyvek-soft-2460b-15x50m\/"]}]},{"@type":"ImageObject","inLanguage":"en-US","@id":"https:\/\/justbuildit.eu\/en\/pood\/isolatsioonimaterjalid\/tuuletokked\/tuuletokkekangas-tyvek-soft-2460b-15x50m\/#primaryimage","url":"https:\/\/justbuildit.eu\/wp-content\/uploads\/2024\/03\/108769.jpg","contentUrl":"https:\/\/justbuildit.eu\/wp-content\/uploads\/2024\/03\/108769.jpg","width":709,"height":709},{"@type":"BreadcrumbList","@id":"https:\/\/justbuildit.eu\/en\/pood\/isolatsioonimaterjalid\/tuuletokked\/tuuletokkekangas-tyvek-soft-2460b-15x50m\/#breadcrumb","itemListElement":[{"@type":"ListItem","position":1,"name":"Home","item":"https:\/\/justbuildit.eu\/en\/"},{"@type":"ListItem","position":2,"name":"Shop","item":"https:\/\/justbuildit.eu\/en\/building-materials\/"},{"@type":"ListItem","position":3,"name":"Tuulet\u00f5kkekangas Tyvek Soft 2460B 1,5x50m"}]},{"@type":"WebSite","@id":"https:\/\/justbuildit.eu\/en\/#website","url":"https:\/\/justbuildit.eu\/en\/","name":"Ehituslahendused","description":"Ehituslahendused ja materjalid","publisher":{"@id":"https:\/\/justbuildit.eu\/en\/#organization"},"potentialAction":[{"@type":"SearchAction","target":{"@type":"EntryPoint","urlTemplate":"https:\/\/justbuildit.eu\/en\/?s={search_term_string}"},"query-input":{"@type":"PropertyValueSpecification","valueRequired":true,"valueName":"search_term_string"}}],"inLanguage":"en-US"},{"@type":"Organization","@id":"https:\/\/justbuildit.eu\/en\/#organization","name":"Just Build It O\u00dc","url":"https:\/\/justbuildit.eu\/en\/","logo":{"@type":"ImageObject","inLanguage":"en-US","@id":"https:\/\/justbuildit.eu\/en\/#\/schema\/logo\/image\/","url":"https:\/\/justbuildit.eu\/wp-content\/uploads\/2022\/01\/justbuildit.png","contentUrl":"https:\/\/justbuildit.eu\/wp-content\/uploads\/2022\/01\/justbuildit.png","width":173,"height":77,"caption":"Just Build It O\u00dc"},"image":{"@id":"https:\/\/justbuildit.eu\/en\/#\/schema\/logo\/image\/"},"sameAs":["https:\/\/www.facebook.com\/justbuildit.ee"]}]}},"_links":{"self":[{"href":"https:\/\/justbuildit.eu\/en\/wp-json\/wp\/v2\/product\/421164","targetHints":{"allow":["GET"]}}],"collection":[{"href":"https:\/\/justbuildit.eu\/en\/wp-json\/wp\/v2\/product"}],"about":[{"href":"https:\/\/justbuildit.eu\/en\/wp-json\/wp\/v2\/types\/product"}],"replies":[{"embeddable":true,"href":"https:\/\/justbuildit.eu\/en\/wp-json\/wp\/v2\/comments?post=421164"}],"wp:featuredmedia":[{"embeddable":true,"href":"https:\/\/justbuildit.eu\/en\/wp-json\/wp\/v2\/media\/421165"}],"wp:attachment":[{"href":"https:\/\/justbuildit.eu\/en\/wp-json\/wp\/v2\/media?parent=421164"}],"wp:term":[{"taxonomy":"product_brand","embeddable":true,"href":"https:\/\/justbuildit.eu\/en\/wp-json\/wp\/v2\/product_brand?post=421164"},{"taxonomy":"product_cat","embeddable":true,"href":"https:\/\/justbuildit.eu\/en\/wp-json\/wp\/v2\/product_cat?post=421164"},{"taxonomy":"product_tag","embeddable":true,"href":"https:\/\/justbuildit.eu\/en\/wp-json\/wp\/v2\/product_tag?post=421164"}],"curies":[{"name":"wp","href":"https:\/\/api.w.org\/{rel}","templated":true}]}}