{"id":440947,"date":"2024-05-03T12:49:11","date_gmt":"2024-05-03T09:49:11","guid":{"rendered":"https:\/\/justbuildit.eu\/?post_type=product&#038;p=440947"},"modified":"2026-04-11T12:03:34","modified_gmt":"2026-04-11T09:03:34","slug":"porandakatteliim-kiilto-extra-10l","status":"publish","type":"product","link":"https:\/\/justbuildit.eu\/en\/pood\/liimid\/porandakatteliim-kiilto-extra-10l\/","title":{"rendered":"P\u00f5randakatteliim Kiilto Extra 10l"},"content":{"rendered":"<p><Strong>V\u00e4ga hea algnake ja pikk liimimisaeg. Sobib vin\u00fc\u00fclp\u00f5randakatetele ja \u2013 plaatidele ning tekstiilkatetele. 2-et\u00fc\u00fclheksanoolivaba. Ka m\u00e4rgadesse siseruumidesse.<\/Strong><\/p>\n<ul>\n<li>hea algnake, pikk kleepliimimisaeg<\/li>\n<li>veebaasil<\/li>\n<li>2-et\u00fc\u00fclheksanoolivaba<\/li>\n<\/ul>\n<p>\nAkr\u00fc\u00fcldispersioonliim PVC-p\u00f5randakatete ja plaatide paigaldamiseks, siledate ja k\u00e4rgstruktuuriga PVC v\u00f5i kummivahuga kaetud tekstiilp\u00f5randakatete, samuti viltkatete paigaldamiseks. Kiilto Extra sobib ka raskete, \u00fcle 0,6 mm paksuste PVC seinakatete liimimiseks absorbeerivatele ja mitteabsorbeerivatele aluspindadele. Kiilto Extra on ideaalne katete kinnitamisel kui vajatakse head algnaket ja pikka t\u00f6\u00f6aega. Sobib p\u00f5randak\u00fctte korral. Tootel on M1 ehitusmaterjali emissiooniklassifikatsioon.<\/p>\n","protected":false},"excerpt":{"rendered":"<p><Strong>V\u00e4ga hea algnake ja pikk liimimisaeg. Sobib vin\u00fc\u00fclp\u00f5randakatetele ja \u2013 plaatidele ning tekstiilkatetele. 2-et\u00fc\u00fclheksanoolivaba. Ka m\u00e4rgadesse siseruumidesse.<\/Strong><\/p>","protected":false},"featured_media":440948,"comment_status":"open","ping_status":"closed","template":"","meta":{"_acf_changed":false},"product_brand":[],"product_cat":[89,497],"product_tag":[],"class_list":{"0":"post-440947","1":"product","2":"type-product","3":"status-publish","4":"has-post-thumbnail","6":"product_cat-liimid","7":"product_cat-puumarket","9":"first","10":"outofstock","11":"shipping-taxable","12":"purchasable","13":"product-type-simple"},"acf":[],"yoast_head":"<!-- This site is optimized with the Yoast SEO Premium plugin v18.7 (Yoast SEO v26.5) - https:\/\/yoast.com\/wordpress\/plugins\/seo\/ -->\n<title>P\u00f5randakatteliim Kiilto Extra 10l - Ehituslahendused<\/title>\n<meta name=\"robots\" content=\"index, follow, max-snippet:-1, max-image-preview:large, max-video-preview:-1\" \/>\n<link rel=\"canonical\" href=\"https:\/\/justbuildit.eu\/en\/pood\/liimid\/porandakatteliim-kiilto-extra-10l\/\" \/>\n<meta property=\"og:locale\" content=\"en_US\" \/>\n<meta property=\"og:type\" content=\"article\" \/>\n<meta property=\"og:title\" content=\"P\u00f5randakatteliim Kiilto Extra 10l\" \/>\n<meta property=\"og:description\" content=\"V\u00e4ga hea algnake ja pikk liimimisaeg. Sobib vin\u00fc\u00fclp\u00f5randakatetele ja \u2013 plaatidele ning tekstiilkatetele. 2-et\u00fc\u00fclheksanoolivaba. Ka m\u00e4rgadesse siseruumidesse.\" \/>\n<meta property=\"og:url\" content=\"https:\/\/justbuildit.eu\/en\/pood\/liimid\/porandakatteliim-kiilto-extra-10l\/\" \/>\n<meta property=\"og:site_name\" content=\"Ehituslahendused\" \/>\n<meta property=\"article:publisher\" content=\"https:\/\/www.facebook.com\/justbuildit.ee\" \/>\n<meta property=\"article:modified_time\" content=\"2026-04-11T09:03:34+00:00\" \/>\n<meta property=\"og:image\" content=\"https:\/\/justbuildit.eu\/wp-content\/uploads\/2024\/05\/103090.jpg\" \/>\n\t<meta property=\"og:image:width\" content=\"709\" \/>\n\t<meta property=\"og:image:height\" content=\"709\" \/>\n\t<meta property=\"og:image:type\" content=\"image\/jpeg\" \/>\n<meta name=\"twitter:card\" content=\"summary_large_image\" \/>\n<script type=\"application\/ld+json\" class=\"yoast-schema-graph\">{\"@context\":\"https:\/\/schema.org\",\"@graph\":[{\"@type\":\"WebPage\",\"@id\":\"https:\/\/justbuildit.eu\/en\/pood\/liimid\/porandakatteliim-kiilto-extra-10l\/\",\"url\":\"https:\/\/justbuildit.eu\/en\/pood\/liimid\/porandakatteliim-kiilto-extra-10l\/\",\"name\":\"P\u00f5randakatteliim Kiilto Extra 10l - Ehituslahendused\",\"isPartOf\":{\"@id\":\"https:\/\/justbuildit.eu\/en\/#website\"},\"primaryImageOfPage\":{\"@id\":\"https:\/\/justbuildit.eu\/en\/pood\/liimid\/porandakatteliim-kiilto-extra-10l\/#primaryimage\"},\"image\":{\"@id\":\"https:\/\/justbuildit.eu\/en\/pood\/liimid\/porandakatteliim-kiilto-extra-10l\/#primaryimage\"},\"thumbnailUrl\":\"https:\/\/justbuildit.eu\/wp-content\/uploads\/2024\/05\/103090.jpg\",\"datePublished\":\"2024-05-03T09:49:11+00:00\",\"dateModified\":\"2026-04-11T09:03:34+00:00\",\"breadcrumb\":{\"@id\":\"https:\/\/justbuildit.eu\/en\/pood\/liimid\/porandakatteliim-kiilto-extra-10l\/#breadcrumb\"},\"inLanguage\":\"en-US\",\"potentialAction\":[{\"@type\":\"ReadAction\",\"target\":[\"https:\/\/justbuildit.eu\/en\/pood\/liimid\/porandakatteliim-kiilto-extra-10l\/\"]}]},{\"@type\":\"ImageObject\",\"inLanguage\":\"en-US\",\"@id\":\"https:\/\/justbuildit.eu\/en\/pood\/liimid\/porandakatteliim-kiilto-extra-10l\/#primaryimage\",\"url\":\"https:\/\/justbuildit.eu\/wp-content\/uploads\/2024\/05\/103090.jpg\",\"contentUrl\":\"https:\/\/justbuildit.eu\/wp-content\/uploads\/2024\/05\/103090.jpg\",\"width\":709,\"height\":709},{\"@type\":\"BreadcrumbList\",\"@id\":\"https:\/\/justbuildit.eu\/en\/pood\/liimid\/porandakatteliim-kiilto-extra-10l\/#breadcrumb\",\"itemListElement\":[{\"@type\":\"ListItem\",\"position\":1,\"name\":\"Home\",\"item\":\"https:\/\/justbuildit.eu\/en\/\"},{\"@type\":\"ListItem\",\"position\":2,\"name\":\"Shop\",\"item\":\"https:\/\/justbuildit.eu\/en\/building-materials\/\"},{\"@type\":\"ListItem\",\"position\":3,\"name\":\"P\u00f5randakatteliim Kiilto Extra 10l\"}]},{\"@type\":\"WebSite\",\"@id\":\"https:\/\/justbuildit.eu\/en\/#website\",\"url\":\"https:\/\/justbuildit.eu\/en\/\",\"name\":\"Ehituslahendused\",\"description\":\"Ehituslahendused ja materjalid\",\"publisher\":{\"@id\":\"https:\/\/justbuildit.eu\/en\/#organization\"},\"potentialAction\":[{\"@type\":\"SearchAction\",\"target\":{\"@type\":\"EntryPoint\",\"urlTemplate\":\"https:\/\/justbuildit.eu\/en\/?s={search_term_string}\"},\"query-input\":{\"@type\":\"PropertyValueSpecification\",\"valueRequired\":true,\"valueName\":\"search_term_string\"}}],\"inLanguage\":\"en-US\"},{\"@type\":\"Organization\",\"@id\":\"https:\/\/justbuildit.eu\/en\/#organization\",\"name\":\"Just Build It O\u00dc\",\"url\":\"https:\/\/justbuildit.eu\/en\/\",\"logo\":{\"@type\":\"ImageObject\",\"inLanguage\":\"en-US\",\"@id\":\"https:\/\/justbuildit.eu\/en\/#\/schema\/logo\/image\/\",\"url\":\"https:\/\/justbuildit.eu\/wp-content\/uploads\/2022\/01\/justbuildit.png\",\"contentUrl\":\"https:\/\/justbuildit.eu\/wp-content\/uploads\/2022\/01\/justbuildit.png\",\"width\":173,\"height\":77,\"caption\":\"Just Build It O\u00dc\"},\"image\":{\"@id\":\"https:\/\/justbuildit.eu\/en\/#\/schema\/logo\/image\/\"},\"sameAs\":[\"https:\/\/www.facebook.com\/justbuildit.ee\"]}]}<\/script>\n<!-- \/ Yoast SEO Premium plugin. -->","yoast_head_json":{"title":"P\u00f5randakatteliim Kiilto Extra 10l - Ehituslahendused","robots":{"index":"index","follow":"follow","max-snippet":"max-snippet:-1","max-image-preview":"max-image-preview:large","max-video-preview":"max-video-preview:-1"},"canonical":"https:\/\/justbuildit.eu\/en\/pood\/liimid\/porandakatteliim-kiilto-extra-10l\/","og_locale":"en_US","og_type":"article","og_title":"P\u00f5randakatteliim Kiilto Extra 10l","og_description":"V\u00e4ga hea algnake ja pikk liimimisaeg. Sobib vin\u00fc\u00fclp\u00f5randakatetele ja \u2013 plaatidele ning tekstiilkatetele. 2-et\u00fc\u00fclheksanoolivaba. Ka m\u00e4rgadesse siseruumidesse.","og_url":"https:\/\/justbuildit.eu\/en\/pood\/liimid\/porandakatteliim-kiilto-extra-10l\/","og_site_name":"Ehituslahendused","article_publisher":"https:\/\/www.facebook.com\/justbuildit.ee","article_modified_time":"2026-04-11T09:03:34+00:00","og_image":[{"width":709,"height":709,"url":"https:\/\/justbuildit.eu\/wp-content\/uploads\/2024\/05\/103090.jpg","type":"image\/jpeg"}],"twitter_card":"summary_large_image","schema":{"@context":"https:\/\/schema.org","@graph":[{"@type":"WebPage","@id":"https:\/\/justbuildit.eu\/en\/pood\/liimid\/porandakatteliim-kiilto-extra-10l\/","url":"https:\/\/justbuildit.eu\/en\/pood\/liimid\/porandakatteliim-kiilto-extra-10l\/","name":"P\u00f5randakatteliim Kiilto Extra 10l - Ehituslahendused","isPartOf":{"@id":"https:\/\/justbuildit.eu\/en\/#website"},"primaryImageOfPage":{"@id":"https:\/\/justbuildit.eu\/en\/pood\/liimid\/porandakatteliim-kiilto-extra-10l\/#primaryimage"},"image":{"@id":"https:\/\/justbuildit.eu\/en\/pood\/liimid\/porandakatteliim-kiilto-extra-10l\/#primaryimage"},"thumbnailUrl":"https:\/\/justbuildit.eu\/wp-content\/uploads\/2024\/05\/103090.jpg","datePublished":"2024-05-03T09:49:11+00:00","dateModified":"2026-04-11T09:03:34+00:00","breadcrumb":{"@id":"https:\/\/justbuildit.eu\/en\/pood\/liimid\/porandakatteliim-kiilto-extra-10l\/#breadcrumb"},"inLanguage":"en-US","potentialAction":[{"@type":"ReadAction","target":["https:\/\/justbuildit.eu\/en\/pood\/liimid\/porandakatteliim-kiilto-extra-10l\/"]}]},{"@type":"ImageObject","inLanguage":"en-US","@id":"https:\/\/justbuildit.eu\/en\/pood\/liimid\/porandakatteliim-kiilto-extra-10l\/#primaryimage","url":"https:\/\/justbuildit.eu\/wp-content\/uploads\/2024\/05\/103090.jpg","contentUrl":"https:\/\/justbuildit.eu\/wp-content\/uploads\/2024\/05\/103090.jpg","width":709,"height":709},{"@type":"BreadcrumbList","@id":"https:\/\/justbuildit.eu\/en\/pood\/liimid\/porandakatteliim-kiilto-extra-10l\/#breadcrumb","itemListElement":[{"@type":"ListItem","position":1,"name":"Home","item":"https:\/\/justbuildit.eu\/en\/"},{"@type":"ListItem","position":2,"name":"Shop","item":"https:\/\/justbuildit.eu\/en\/building-materials\/"},{"@type":"ListItem","position":3,"name":"P\u00f5randakatteliim Kiilto Extra 10l"}]},{"@type":"WebSite","@id":"https:\/\/justbuildit.eu\/en\/#website","url":"https:\/\/justbuildit.eu\/en\/","name":"Ehituslahendused","description":"Ehituslahendused ja materjalid","publisher":{"@id":"https:\/\/justbuildit.eu\/en\/#organization"},"potentialAction":[{"@type":"SearchAction","target":{"@type":"EntryPoint","urlTemplate":"https:\/\/justbuildit.eu\/en\/?s={search_term_string}"},"query-input":{"@type":"PropertyValueSpecification","valueRequired":true,"valueName":"search_term_string"}}],"inLanguage":"en-US"},{"@type":"Organization","@id":"https:\/\/justbuildit.eu\/en\/#organization","name":"Just Build It O\u00dc","url":"https:\/\/justbuildit.eu\/en\/","logo":{"@type":"ImageObject","inLanguage":"en-US","@id":"https:\/\/justbuildit.eu\/en\/#\/schema\/logo\/image\/","url":"https:\/\/justbuildit.eu\/wp-content\/uploads\/2022\/01\/justbuildit.png","contentUrl":"https:\/\/justbuildit.eu\/wp-content\/uploads\/2022\/01\/justbuildit.png","width":173,"height":77,"caption":"Just Build It O\u00dc"},"image":{"@id":"https:\/\/justbuildit.eu\/en\/#\/schema\/logo\/image\/"},"sameAs":["https:\/\/www.facebook.com\/justbuildit.ee"]}]}},"_links":{"self":[{"href":"https:\/\/justbuildit.eu\/en\/wp-json\/wp\/v2\/product\/440947","targetHints":{"allow":["GET"]}}],"collection":[{"href":"https:\/\/justbuildit.eu\/en\/wp-json\/wp\/v2\/product"}],"about":[{"href":"https:\/\/justbuildit.eu\/en\/wp-json\/wp\/v2\/types\/product"}],"replies":[{"embeddable":true,"href":"https:\/\/justbuildit.eu\/en\/wp-json\/wp\/v2\/comments?post=440947"}],"wp:featuredmedia":[{"embeddable":true,"href":"https:\/\/justbuildit.eu\/en\/wp-json\/wp\/v2\/media\/440948"}],"wp:attachment":[{"href":"https:\/\/justbuildit.eu\/en\/wp-json\/wp\/v2\/media?parent=440947"}],"wp:term":[{"taxonomy":"product_brand","embeddable":true,"href":"https:\/\/justbuildit.eu\/en\/wp-json\/wp\/v2\/product_brand?post=440947"},{"taxonomy":"product_cat","embeddable":true,"href":"https:\/\/justbuildit.eu\/en\/wp-json\/wp\/v2\/product_cat?post=440947"},{"taxonomy":"product_tag","embeddable":true,"href":"https:\/\/justbuildit.eu\/en\/wp-json\/wp\/v2\/product_tag?post=440947"}],"curies":[{"name":"wp","href":"https:\/\/api.w.org\/{rel}","templated":true}]}}