{"id":452838,"date":"2024-06-09T09:55:18","date_gmt":"2024-06-09T06:55:18","guid":{"rendered":"https:\/\/justbuildit.eu\/?post_type=product&#038;p=452838"},"modified":"2026-04-11T12:03:33","modified_gmt":"2026-04-11T09:03:33","slug":"mitmeostarbeline-silikoon-penosil-universal-silicone-315c-280ml-beez","status":"publish","type":"product","link":"https:\/\/justbuildit.eu\/en\/pood\/tihendusmaterjalid\/hermeetikud-silikoonid-akruulid\/mitmeostarbeline-silikoon-penosil-universal-silicone-315c-280ml-beez\/","title":{"rendered":"MITMEOSTARBELINE SILIKOON PENOSIL UNIVERSAL SILICONE 315C 280ML BEE\u017d"},"content":{"rendered":"<div class=\"row\"  id=\"row-802699891\">\n<div id=\"col-1369335652\" class=\"col medium-9 small-12 large-9\"  >\n<div class=\"col-inner\"  >\n<h3>Mitmeotstarbeline happeline silikoon Penosil Universal Silicone 315c 280ml bee\u017e <\/h3>\n<p>PENOSIL Universal Silicone 315 \/ 315c on mitmeotstarbeline heade t\u00f6\u00f6tlemisomaduste ja suurep\u00e4rase nakkuvusega happeline silikoon. Iga ostetud Premium Universal Silicone&#8217;ga toetate Eesti Maadlusliitu ning annate hoogu laste ja noorte maadluskarj\u00e4\u00e4rile.<\/p>\n<div class=\"message-box relative\" style=\"padding-top:15px;padding-bottom:15px;\">\n<div class=\"message-box-bg-image bg-fill fill\" ><\/div>\n<div class=\"message-box-bg-overlay bg-fill fill\" ><\/div>\n<div class=\"container relative\">\n<div class=\"inner last-reset\">\n<div class=\"row align-middle align-center\"  id=\"row-831546158\">\n<div id=\"col-312992651\" class=\"col small-12 large-12\"  >\n<div class=\"col-inner text-left\"  >\n<h4>Omadused<\/h4>\n<div class=\"row\"  id=\"row-1705060322\">\n<div id=\"col-971524194\" class=\"col medium-6 small-12 large-6\"  >\n<div class=\"col-inner\"  >\n<p><i class=\"fa fa-check fa-2x\"><\/i> <strong> Hermetiseerib ja tihendab<\/strong><\/p>\n<p><i class=\"fa fa-check fa-2x\"><\/i> <strong> Mittetilkuv, ei valgu vuugis laiali<\/strong><\/p>\n<p><i class=\"fa fa-check fa-2x\"><\/i> <strong> V\u00e4ga head t\u00f6\u00f6tlemis- ja tasandusomadused<\/strong><\/p>\n<\/p>\n<\/div>\n<style>\n#col-971524194 > .col-inner {\n  margin: 0px 0px 15px 0px;\n}\n<\/style>\n<\/p>\n<\/div>\n<div id=\"col-250543215\" class=\"col medium-6 small-12 large-6\"  >\n<div class=\"col-inner\"  >\n<p><i class=\"fa fa-check fa-2x\"><\/i> <strong> Nakkub h\u00e4sti metalli, klaasi, emailitud pindade, keraamiliste plaatide, paljude plastide ja enamiku v\u00e4rvidega<\/strong><\/p>\n<p><i class=\"fa fa-check fa-2x\"><\/i> <strong> P\u00fcsivalt elastne<\/strong><\/p>\n<p><i class=\"fa fa-check fa-2x\"><\/i> <strong> UV- ja ilmastikukindel<\/strong><\/p>\n<p><i class=\"fa fa-check fa-2x\"><\/i> <strong> Ei kahane tardumise ajal<\/strong><\/p>\n<\/p>\n<\/div>\n<style>\n#col-250543215 > .col-inner {\n  margin: 0px 0px 15px 0px;\n}\n<\/style>\n<\/p>\n<\/div>\n<\/div>\n<\/div>\n<\/div>\n<\/div>\n<\/div>\n<\/div>\n<\/div>\n<div id=\"gap-160140683\" class=\"gap-element clearfix\" style=\"display:block; height:auto;\">\n<style>\n#gap-160140683 {\n  padding-top: 30px;\n}\n<\/style>\n<\/p>\n<\/div>\n<h3>Kasutamise \u00fcksikasjad<\/h3>\n<p><strong>Kasutusalad:<\/strong><br \/>\n \u00dchenduste hermetiseerimiseks ja tihendamiseks sise- ja v\u00e4list\u00f6\u00f6del.<br \/>\n\u00dcldehitus- ja parandust\u00f6\u00f6deks.<br \/>\nKasutamiseks m\u00e4rg- ja kuivruumides.<br \/>\nK\u00f5ikideks viimistlus-, isoleerimis- ja ventilatsioonit\u00f6\u00f6deks.<br \/>\nAkna- ja ukselengide ning valguskastide isoleerimiseks.<\/p>\n<p>Nakkuvus: Metall, klaas, emailitud pinnad, keraamilised plaadid, immutatud, lakitud v\u00f5i v\u00e4rvitud puit, v\u00e4rvitud pinnad, plastid (epoks\u00fcplast, pol\u00fcester, pol\u00fcakr\u00fclaat, laminaat).<\/p>\n<p><strong>Kasutusjuhend:<\/strong><br \/>\nL\u00f5igake padruni keermestatud ots lahti ja keerake sellele silikooni suunamiseks paigaldusotsik. L\u00f5igake keermestatud ots 45\u00b0 nurga all lahti nii, et avaus oleks piisav toote paigaldamiseks. Pange padrun koos v\u00e4ljastusotsikuga p\u00fcstolisse ja t\u00e4itke otsik silikooniga, vajutades korduvalt p\u00fcstoli p\u00e4\u00e4stikut. Kandke silikoon vuuki, surudes korduvalt ja \u00fchtlaselt p\u00fcstoli p\u00e4\u00e4stikule ning libistades otsikut sujuvalt m\u00f6\u00f6da vuuki.<\/p>\n<p>P\u00e4rast silikooni pealekandmist siluge silikoon kummist silikoonikaabitsa abil ja eemaldage \u00fcleliigne materjal.<\/p>\n<p><strong>N\u00e4pun\u00e4ited:<\/strong><br \/>\n Pinnad peavad olema rasva-, \u00f5li-, tolmu- ja prahivabad.<br \/>\nKaetav pind peab olema kuiv.<br \/>\nTagage k\u00f5ikide vuukide juures piisav ventilatsioon.<br \/>\nHoolitsege, et tardumisaja jooksul ei settiks pinnale mustust ja vuuk ei satuks mehaanilise koormuse alla.<br \/>\nMitte kasutada temperatuuril alla +5\u00b0C.<\/p>\n<p><strong>Kitsendused:<\/strong><br \/>\n\u00c4rge kasutage kokkupuutel looduslike kividega, nagu marmor v\u00f5i graniit.<br \/>\n\u00c4rge kasutage kokkupuutel kiudtsemendi, kipsi ega krohviga.<br \/>\n\u00c4rge kasutage kokkupuutel metallidega, nagu plii, vask, messing v\u00f5i tsink.<br \/>\n\u00c4rge kasutage kokkupuutel eelpingestatud pol\u00fcakr\u00fclaadist v\u00f5i pol\u00fckarbonaadist osadega, sest need v\u00f5ivad m\u00f5raneda.<br \/>\n\u00c4rge kasutage akvaariumite ja veealuste vuukide tihendamiseks.<br \/>\nEi nakku pol\u00fckarbonaatide (kiht- v\u00f5i laineplastid) ega pleksiklaasiga (PMMA).<br \/>\nEi saa v\u00e4rvida.<\/p>\n<\/p>\n<\/div>\n<\/div>\n<div id=\"col-1357189360\" class=\"col medium-3 small-12 large-3\"  >\n<div class=\"col-inner\"  >\n<div class=\"is-divider divider clearfix\" ><\/div>\n<p><strong>\u00dcksikasjalikuma n\u00f5u saamiseks v\u00f5tke \u00fchendust:<br \/><\/strong>Wolf Group O\u00dc<br \/>Suur-Paala 6<br \/>13619<br \/>Tallinn<br \/>+372 605 9301<\/p>\n<\/p>\n<\/div>\n<\/div>\n<\/div>\n","protected":false},"excerpt":{"rendered":"<p>PENOSIL Universal Silicone 315 \/ 315c on mitmeotstarbeline heade t\u00f6\u00f6tlemisomaduste ja suurep\u00e4rase nakkuvusega happeline silikoon. Iga ostetud Premium Universal Silicone&#8217;ga toetate Eesti Maadlusliitu ning annate hoogu laste ja noorte maadluskarj\u00e4\u00e4rile.<\/p>","protected":false},"featured_media":452839,"comment_status":"open","ping_status":"closed","template":"","meta":{"_acf_changed":false},"product_brand":[],"product_cat":[110,498],"product_tag":[],"class_list":{"0":"post-452838","1":"product","2":"type-product","3":"status-publish","4":"has-post-thumbnail","6":"product_cat-hermeetikud-silikoonid-akruulid","7":"product_cat-espak","9":"first","10":"instock","11":"sale","12":"shipping-taxable","13":"purchasable","14":"product-type-simple"},"acf":[],"yoast_head":"<!-- This site is optimized with the Yoast SEO Premium plugin v18.7 (Yoast SEO v26.5) - https:\/\/yoast.com\/wordpress\/plugins\/seo\/ -->\n<title>MITMEOSTARBELINE SILIKOON PENOSIL UNIVERSAL SILICONE 315C 280ML BEE\u017d - Ehituslahendused<\/title>\n<meta name=\"robots\" content=\"index, follow, max-snippet:-1, max-image-preview:large, max-video-preview:-1\" \/>\n<link rel=\"canonical\" href=\"https:\/\/justbuildit.eu\/en\/pood\/tihendusmaterjalid\/hermeetikud-silikoonid-akruulid\/mitmeostarbeline-silikoon-penosil-universal-silicone-315c-280ml-beez\/\" \/>\n<meta property=\"og:locale\" content=\"en_US\" \/>\n<meta property=\"og:type\" content=\"article\" \/>\n<meta property=\"og:title\" content=\"MITMEOSTARBELINE SILIKOON PENOSIL UNIVERSAL SILICONE 315C 280ML BEE\u017d\" \/>\n<meta property=\"og:description\" content=\"PENOSIL Universal Silicone 315 \/ 315c on mitmeotstarbeline heade t\u00f6\u00f6tlemisomaduste ja suurep\u00e4rase nakkuvusega happeline silikoon. Iga ostetud Premium Universal Silicone&#039;ga toetate Eesti Maadlusliitu ning annate hoogu laste ja noorte maadluskarj\u00e4\u00e4rile.\" \/>\n<meta property=\"og:url\" content=\"https:\/\/justbuildit.eu\/en\/pood\/tihendusmaterjalid\/hermeetikud-silikoonid-akruulid\/mitmeostarbeline-silikoon-penosil-universal-silicone-315c-280ml-beez\/\" \/>\n<meta property=\"og:site_name\" content=\"Ehituslahendused\" \/>\n<meta property=\"article:publisher\" content=\"https:\/\/www.facebook.com\/justbuildit.ee\" \/>\n<meta property=\"article:modified_time\" content=\"2026-04-11T09:03:33+00:00\" \/>\n<meta property=\"og:image\" content=\"https:\/\/justbuildit.eu\/wp-content\/uploads\/2024\/06\/315c_Universal-Silicone-315c-EE-FI-beige.png.jpg\" \/>\n\t<meta property=\"og:image:width\" content=\"800\" \/>\n\t<meta property=\"og:image:height\" content=\"800\" \/>\n\t<meta property=\"og:image:type\" content=\"image\/jpeg\" \/>\n<meta name=\"twitter:card\" content=\"summary_large_image\" \/>\n<script type=\"application\/ld+json\" class=\"yoast-schema-graph\">{\"@context\":\"https:\/\/schema.org\",\"@graph\":[{\"@type\":\"WebPage\",\"@id\":\"https:\/\/justbuildit.eu\/en\/pood\/tihendusmaterjalid\/hermeetikud-silikoonid-akruulid\/mitmeostarbeline-silikoon-penosil-universal-silicone-315c-280ml-beez\/\",\"url\":\"https:\/\/justbuildit.eu\/en\/pood\/tihendusmaterjalid\/hermeetikud-silikoonid-akruulid\/mitmeostarbeline-silikoon-penosil-universal-silicone-315c-280ml-beez\/\",\"name\":\"MITMEOSTARBELINE SILIKOON PENOSIL UNIVERSAL SILICONE 315C 280ML BEE\u017d - Ehituslahendused\",\"isPartOf\":{\"@id\":\"https:\/\/justbuildit.eu\/en\/#website\"},\"primaryImageOfPage\":{\"@id\":\"https:\/\/justbuildit.eu\/en\/pood\/tihendusmaterjalid\/hermeetikud-silikoonid-akruulid\/mitmeostarbeline-silikoon-penosil-universal-silicone-315c-280ml-beez\/#primaryimage\"},\"image\":{\"@id\":\"https:\/\/justbuildit.eu\/en\/pood\/tihendusmaterjalid\/hermeetikud-silikoonid-akruulid\/mitmeostarbeline-silikoon-penosil-universal-silicone-315c-280ml-beez\/#primaryimage\"},\"thumbnailUrl\":\"https:\/\/justbuildit.eu\/wp-content\/uploads\/2024\/06\/315c_Universal-Silicone-315c-EE-FI-beige.png.jpg\",\"datePublished\":\"2024-06-09T06:55:18+00:00\",\"dateModified\":\"2026-04-11T09:03:33+00:00\",\"breadcrumb\":{\"@id\":\"https:\/\/justbuildit.eu\/en\/pood\/tihendusmaterjalid\/hermeetikud-silikoonid-akruulid\/mitmeostarbeline-silikoon-penosil-universal-silicone-315c-280ml-beez\/#breadcrumb\"},\"inLanguage\":\"en-US\",\"potentialAction\":[{\"@type\":\"ReadAction\",\"target\":[\"https:\/\/justbuildit.eu\/en\/pood\/tihendusmaterjalid\/hermeetikud-silikoonid-akruulid\/mitmeostarbeline-silikoon-penosil-universal-silicone-315c-280ml-beez\/\"]}]},{\"@type\":\"ImageObject\",\"inLanguage\":\"en-US\",\"@id\":\"https:\/\/justbuildit.eu\/en\/pood\/tihendusmaterjalid\/hermeetikud-silikoonid-akruulid\/mitmeostarbeline-silikoon-penosil-universal-silicone-315c-280ml-beez\/#primaryimage\",\"url\":\"https:\/\/justbuildit.eu\/wp-content\/uploads\/2024\/06\/315c_Universal-Silicone-315c-EE-FI-beige.png.jpg\",\"contentUrl\":\"https:\/\/justbuildit.eu\/wp-content\/uploads\/2024\/06\/315c_Universal-Silicone-315c-EE-FI-beige.png.jpg\",\"width\":800,\"height\":800},{\"@type\":\"BreadcrumbList\",\"@id\":\"https:\/\/justbuildit.eu\/en\/pood\/tihendusmaterjalid\/hermeetikud-silikoonid-akruulid\/mitmeostarbeline-silikoon-penosil-universal-silicone-315c-280ml-beez\/#breadcrumb\",\"itemListElement\":[{\"@type\":\"ListItem\",\"position\":1,\"name\":\"Home\",\"item\":\"https:\/\/justbuildit.eu\/en\/\"},{\"@type\":\"ListItem\",\"position\":2,\"name\":\"Shop\",\"item\":\"https:\/\/justbuildit.eu\/en\/building-materials\/\"},{\"@type\":\"ListItem\",\"position\":3,\"name\":\"MITMEOSTARBELINE SILIKOON PENOSIL UNIVERSAL SILICONE 315C 280ML BEE\u017d\"}]},{\"@type\":\"WebSite\",\"@id\":\"https:\/\/justbuildit.eu\/en\/#website\",\"url\":\"https:\/\/justbuildit.eu\/en\/\",\"name\":\"Ehituslahendused\",\"description\":\"Ehituslahendused ja materjalid\",\"publisher\":{\"@id\":\"https:\/\/justbuildit.eu\/en\/#organization\"},\"potentialAction\":[{\"@type\":\"SearchAction\",\"target\":{\"@type\":\"EntryPoint\",\"urlTemplate\":\"https:\/\/justbuildit.eu\/en\/?s={search_term_string}\"},\"query-input\":{\"@type\":\"PropertyValueSpecification\",\"valueRequired\":true,\"valueName\":\"search_term_string\"}}],\"inLanguage\":\"en-US\"},{\"@type\":\"Organization\",\"@id\":\"https:\/\/justbuildit.eu\/en\/#organization\",\"name\":\"Just Build It O\u00dc\",\"url\":\"https:\/\/justbuildit.eu\/en\/\",\"logo\":{\"@type\":\"ImageObject\",\"inLanguage\":\"en-US\",\"@id\":\"https:\/\/justbuildit.eu\/en\/#\/schema\/logo\/image\/\",\"url\":\"https:\/\/justbuildit.eu\/wp-content\/uploads\/2022\/01\/justbuildit.png\",\"contentUrl\":\"https:\/\/justbuildit.eu\/wp-content\/uploads\/2022\/01\/justbuildit.png\",\"width\":173,\"height\":77,\"caption\":\"Just Build It O\u00dc\"},\"image\":{\"@id\":\"https:\/\/justbuildit.eu\/en\/#\/schema\/logo\/image\/\"},\"sameAs\":[\"https:\/\/www.facebook.com\/justbuildit.ee\"]}]}<\/script>\n<!-- \/ Yoast SEO Premium plugin. -->","yoast_head_json":{"title":"MITMEOSTARBELINE SILIKOON PENOSIL UNIVERSAL SILICONE 315C 280ML BEE\u017d - Ehituslahendused","robots":{"index":"index","follow":"follow","max-snippet":"max-snippet:-1","max-image-preview":"max-image-preview:large","max-video-preview":"max-video-preview:-1"},"canonical":"https:\/\/justbuildit.eu\/en\/pood\/tihendusmaterjalid\/hermeetikud-silikoonid-akruulid\/mitmeostarbeline-silikoon-penosil-universal-silicone-315c-280ml-beez\/","og_locale":"en_US","og_type":"article","og_title":"MITMEOSTARBELINE SILIKOON PENOSIL UNIVERSAL SILICONE 315C 280ML BEE\u017d","og_description":"PENOSIL Universal Silicone 315 \/ 315c on mitmeotstarbeline heade t\u00f6\u00f6tlemisomaduste ja suurep\u00e4rase nakkuvusega happeline silikoon. Iga ostetud Premium Universal Silicone'ga toetate Eesti Maadlusliitu ning annate hoogu laste ja noorte maadluskarj\u00e4\u00e4rile.","og_url":"https:\/\/justbuildit.eu\/en\/pood\/tihendusmaterjalid\/hermeetikud-silikoonid-akruulid\/mitmeostarbeline-silikoon-penosil-universal-silicone-315c-280ml-beez\/","og_site_name":"Ehituslahendused","article_publisher":"https:\/\/www.facebook.com\/justbuildit.ee","article_modified_time":"2026-04-11T09:03:33+00:00","og_image":[{"width":800,"height":800,"url":"https:\/\/justbuildit.eu\/wp-content\/uploads\/2024\/06\/315c_Universal-Silicone-315c-EE-FI-beige.png.jpg","type":"image\/jpeg"}],"twitter_card":"summary_large_image","schema":{"@context":"https:\/\/schema.org","@graph":[{"@type":"WebPage","@id":"https:\/\/justbuildit.eu\/en\/pood\/tihendusmaterjalid\/hermeetikud-silikoonid-akruulid\/mitmeostarbeline-silikoon-penosil-universal-silicone-315c-280ml-beez\/","url":"https:\/\/justbuildit.eu\/en\/pood\/tihendusmaterjalid\/hermeetikud-silikoonid-akruulid\/mitmeostarbeline-silikoon-penosil-universal-silicone-315c-280ml-beez\/","name":"MITMEOSTARBELINE SILIKOON PENOSIL UNIVERSAL SILICONE 315C 280ML BEE\u017d - Ehituslahendused","isPartOf":{"@id":"https:\/\/justbuildit.eu\/en\/#website"},"primaryImageOfPage":{"@id":"https:\/\/justbuildit.eu\/en\/pood\/tihendusmaterjalid\/hermeetikud-silikoonid-akruulid\/mitmeostarbeline-silikoon-penosil-universal-silicone-315c-280ml-beez\/#primaryimage"},"image":{"@id":"https:\/\/justbuildit.eu\/en\/pood\/tihendusmaterjalid\/hermeetikud-silikoonid-akruulid\/mitmeostarbeline-silikoon-penosil-universal-silicone-315c-280ml-beez\/#primaryimage"},"thumbnailUrl":"https:\/\/justbuildit.eu\/wp-content\/uploads\/2024\/06\/315c_Universal-Silicone-315c-EE-FI-beige.png.jpg","datePublished":"2024-06-09T06:55:18+00:00","dateModified":"2026-04-11T09:03:33+00:00","breadcrumb":{"@id":"https:\/\/justbuildit.eu\/en\/pood\/tihendusmaterjalid\/hermeetikud-silikoonid-akruulid\/mitmeostarbeline-silikoon-penosil-universal-silicone-315c-280ml-beez\/#breadcrumb"},"inLanguage":"en-US","potentialAction":[{"@type":"ReadAction","target":["https:\/\/justbuildit.eu\/en\/pood\/tihendusmaterjalid\/hermeetikud-silikoonid-akruulid\/mitmeostarbeline-silikoon-penosil-universal-silicone-315c-280ml-beez\/"]}]},{"@type":"ImageObject","inLanguage":"en-US","@id":"https:\/\/justbuildit.eu\/en\/pood\/tihendusmaterjalid\/hermeetikud-silikoonid-akruulid\/mitmeostarbeline-silikoon-penosil-universal-silicone-315c-280ml-beez\/#primaryimage","url":"https:\/\/justbuildit.eu\/wp-content\/uploads\/2024\/06\/315c_Universal-Silicone-315c-EE-FI-beige.png.jpg","contentUrl":"https:\/\/justbuildit.eu\/wp-content\/uploads\/2024\/06\/315c_Universal-Silicone-315c-EE-FI-beige.png.jpg","width":800,"height":800},{"@type":"BreadcrumbList","@id":"https:\/\/justbuildit.eu\/en\/pood\/tihendusmaterjalid\/hermeetikud-silikoonid-akruulid\/mitmeostarbeline-silikoon-penosil-universal-silicone-315c-280ml-beez\/#breadcrumb","itemListElement":[{"@type":"ListItem","position":1,"name":"Home","item":"https:\/\/justbuildit.eu\/en\/"},{"@type":"ListItem","position":2,"name":"Shop","item":"https:\/\/justbuildit.eu\/en\/building-materials\/"},{"@type":"ListItem","position":3,"name":"MITMEOSTARBELINE SILIKOON PENOSIL UNIVERSAL SILICONE 315C 280ML BEE\u017d"}]},{"@type":"WebSite","@id":"https:\/\/justbuildit.eu\/en\/#website","url":"https:\/\/justbuildit.eu\/en\/","name":"Ehituslahendused","description":"Ehituslahendused ja materjalid","publisher":{"@id":"https:\/\/justbuildit.eu\/en\/#organization"},"potentialAction":[{"@type":"SearchAction","target":{"@type":"EntryPoint","urlTemplate":"https:\/\/justbuildit.eu\/en\/?s={search_term_string}"},"query-input":{"@type":"PropertyValueSpecification","valueRequired":true,"valueName":"search_term_string"}}],"inLanguage":"en-US"},{"@type":"Organization","@id":"https:\/\/justbuildit.eu\/en\/#organization","name":"Just Build It O\u00dc","url":"https:\/\/justbuildit.eu\/en\/","logo":{"@type":"ImageObject","inLanguage":"en-US","@id":"https:\/\/justbuildit.eu\/en\/#\/schema\/logo\/image\/","url":"https:\/\/justbuildit.eu\/wp-content\/uploads\/2022\/01\/justbuildit.png","contentUrl":"https:\/\/justbuildit.eu\/wp-content\/uploads\/2022\/01\/justbuildit.png","width":173,"height":77,"caption":"Just Build It O\u00dc"},"image":{"@id":"https:\/\/justbuildit.eu\/en\/#\/schema\/logo\/image\/"},"sameAs":["https:\/\/www.facebook.com\/justbuildit.ee"]}]}},"_links":{"self":[{"href":"https:\/\/justbuildit.eu\/en\/wp-json\/wp\/v2\/product\/452838","targetHints":{"allow":["GET"]}}],"collection":[{"href":"https:\/\/justbuildit.eu\/en\/wp-json\/wp\/v2\/product"}],"about":[{"href":"https:\/\/justbuildit.eu\/en\/wp-json\/wp\/v2\/types\/product"}],"replies":[{"embeddable":true,"href":"https:\/\/justbuildit.eu\/en\/wp-json\/wp\/v2\/comments?post=452838"}],"wp:featuredmedia":[{"embeddable":true,"href":"https:\/\/justbuildit.eu\/en\/wp-json\/wp\/v2\/media\/452839"}],"wp:attachment":[{"href":"https:\/\/justbuildit.eu\/en\/wp-json\/wp\/v2\/media?parent=452838"}],"wp:term":[{"taxonomy":"product_brand","embeddable":true,"href":"https:\/\/justbuildit.eu\/en\/wp-json\/wp\/v2\/product_brand?post=452838"},{"taxonomy":"product_cat","embeddable":true,"href":"https:\/\/justbuildit.eu\/en\/wp-json\/wp\/v2\/product_cat?post=452838"},{"taxonomy":"product_tag","embeddable":true,"href":"https:\/\/justbuildit.eu\/en\/wp-json\/wp\/v2\/product_tag?post=452838"}],"curies":[{"name":"wp","href":"https:\/\/api.w.org\/{rel}","templated":true}]}}