{"id":452844,"date":"2024-06-09T09:57:22","date_gmt":"2024-06-09T06:57:22","guid":{"rendered":"https:\/\/justbuildit.eu\/?post_type=product&#038;p=452844"},"modified":"2026-04-18T12:03:29","modified_gmt":"2026-04-18T09:03:29","slug":"silikoon-penosil-neutral-sanitary-silicone-350c-280ml-hall","status":"publish","type":"product","link":"https:\/\/justbuildit.eu\/en\/pood\/tihendusmaterjalid\/hermeetikud-silikoonid-akruulid\/silikoon-penosil-neutral-sanitary-silicone-350c-280ml-hall\/","title":{"rendered":"SILIKOON PENOSIL NEUTRAL SANITARY SILICONE 350C 280ML HALL"},"content":{"rendered":"<div class=\"row\"  id=\"row-833105701\">\n<div id=\"col-1573655472\" class=\"col medium-9 small-12 large-9\"  >\n<div class=\"col-inner\"  >\n<h3>Neutraalne silikoon Penosil Neutral Sanitary Silicone 350 280ml hall <\/h3>\n<p>PENOSIL Neutral Sanitary Silicone 350 \/ 350c on mitmeotstarbeline fungitsiidlisanditega neutraalne silikoon sanitaar- ja ventilatsioonit\u00f6\u00f6deks. Moodustab hallitus- ja vananemiskindla elastse silikoonkaut\u0161ukist \u00fchenduse. Sobib metallpindadele.<\/p>\n<div class=\"message-box relative\" style=\"padding-top:15px;padding-bottom:15px;\">\n<div class=\"message-box-bg-image bg-fill fill\" ><\/div>\n<div class=\"message-box-bg-overlay bg-fill fill\" ><\/div>\n<div class=\"container relative\">\n<div class=\"inner last-reset\">\n<div class=\"row align-middle align-center\"  id=\"row-2043589194\">\n<div id=\"col-2042257563\" class=\"col small-12 large-12\"  >\n<div class=\"col-inner text-left\"  >\n<h4>Omadused<\/h4>\n<div class=\"row\"  id=\"row-993542878\">\n<div id=\"col-1658264595\" class=\"col medium-6 small-12 large-6\"  >\n<div class=\"col-inner\"  >\n<p><i class=\"fa fa-check fa-2x\"><\/i> <strong> Isoleerib ja tihendab nii sise- kui ka v\u00e4listingimustes<\/strong><\/p>\n<p><i class=\"fa fa-check fa-2x\"><\/i> <strong> Sobib kergelt leeliselistele ja metallpindadele<\/strong><\/p>\n<p><i class=\"fa fa-check fa-2x\"><\/i> <strong> V\u00e4ga head t\u00f6\u00f6deldavus- ja tasandusomadused<\/strong><\/p>\n<\/p>\n<\/div>\n<style>\n#col-1658264595 > .col-inner {\n  margin: 0px 0px 15px 0px;\n}\n<\/style>\n<\/p>\n<\/div>\n<div id=\"col-1608171522\" class=\"col medium-6 small-12 large-6\"  >\n<div class=\"col-inner\"  >\n<p><i class=\"fa fa-check fa-2x\"><\/i> <strong> P\u00e4rast tardumist elastne isegi \u00e4\u00e4rmuslikel temperatuuridel (\u201340\u00b0C kuni +100\u00b0C)<\/strong><\/p>\n<p><i class=\"fa fa-check fa-2x\"><\/i> <strong> Hallitus-, UV-, niiskus- ja ilmastikukindel<\/strong><\/p>\n<p><i class=\"fa fa-check fa-2x\"><\/i> <strong> Ei kahane tardumise ajal<\/strong><\/p>\n<\/p>\n<\/div>\n<style>\n#col-1608171522 > .col-inner {\n  margin: 0px 0px 15px 0px;\n}\n<\/style>\n<\/p>\n<\/div>\n<\/div>\n<\/div>\n<\/div>\n<\/div>\n<\/div>\n<\/div>\n<\/div>\n<div id=\"gap-1215522370\" class=\"gap-element clearfix\" style=\"display:block; height:auto;\">\n<style>\n#gap-1215522370 {\n  padding-top: 30px;\n}\n<\/style>\n<\/p>\n<\/div>\n<h3>Kasutamise \u00fcksikasjad<\/h3>\n<p><strong>Kasutusalad:<\/strong><br \/>\n\u00dchenduste isoleerimiseks ja tihendamiseks pindadel, kus happelist tarduvat silikooni ei saa kasutada.<br \/>\nSise- ja v\u00e4list\u00f6\u00f6deks, kasutamiseks m\u00e4rg- ja kuivruumides.<br \/>\n\u00dcldehitus- ja parandust\u00f6\u00f6deks.<br \/>\nK\u00f5ikideks viimistlus-, isoleerimis- ja ventilatsioonit\u00f6\u00f6deks.<br \/>\nNakkuvus: Kivi, metall, puit, klaas, plastpinnad.<\/p>\n<p><strong>Kasutusjuhend:<\/strong><br \/>\nL\u00f5igake padruni keermestatud ots lahti ja keerake sellele silikooni suunamiseks paigaldusotsik. L\u00f5igake keermestatud ots lahti nii, et tekkiv avaus oleks piisav toote paigaldamiseks. Pange padrun koos v\u00e4ljastusotsikuga p\u00fcstolisse ja t\u00e4itke otsik silikooniga, vajutades korduvalt p\u00fcstoli p\u00e4\u00e4stikut. T\u00e4itke vuuk, surudes \u00fchtlaselt p\u00fcstoli p\u00e4\u00e4stikule ja libistades otsikut sujuvalt m\u00f6\u00f6da vuuki.<\/p>\n<p>P\u00e4rast silikooni pealekandmist siluge pealispind kummist silikoonikaabitsa abil ja eemaldage \u00fcleliigne materjal.<\/p>\n<p><strong>N\u00e4pun\u00e4ited:<\/strong><br \/>\nPinnad peavad olema rasva-, \u00f5li-, tolmu- ja prahivabad.<br \/>\nKaetav pind peab olema kuiv.<br \/>\nTagage k\u00f5ikide vuukide juures piisav ventilatsioon.<br \/>\nHoolitsege, et tardumisaja jooksul ei settiks pinnale mustust ja vuuk ei satuks mehaanilise koormuse alla.<br \/>\nMitte kasutada temperatuuril alla +5\u00b0C.<\/p>\n<p><strong>Kitsendused:<\/strong><br \/>\n\u00c4rge kasutage akvaariumite ja veealuste vuukide tihendamiseks.<br \/>\nEi saa v\u00e4rvida.<\/p>\n<\/p>\n<\/div>\n<\/div>\n<div id=\"col-1692307157\" class=\"col medium-3 small-12 large-3\"  >\n<div class=\"col-inner\"  >\n<div class=\"is-divider divider clearfix\" ><\/div>\n<p><strong>\u00dcksikasjalikuma n\u00f5u saamiseks v\u00f5tke \u00fchendust:<br \/><\/strong>Wolf Group O\u00dc<br \/>Suur-Paala 6<br \/>13619<br \/>Tallinn<br \/>+372 605 9301<\/p>\n<\/p>\n<\/div>\n<\/div>\n<\/div>\n","protected":false},"excerpt":{"rendered":"<p>PENOSIL Neutral Sanitary Silicone 350 \/ 350c on mitmeotstarbeline fungitsiidlisanditega neutraalne silikoon sanitaar- ja ventilatsioonit\u00f6\u00f6deks. Moodustab hallitus- ja vananemiskindla elastse silikoonkaut\u0161ukist \u00fchenduse. Sobib metallpindadele.<\/p>","protected":false},"featured_media":452845,"comment_status":"open","ping_status":"closed","template":"","meta":{"_acf_changed":false},"product_brand":[],"product_cat":[110,498],"product_tag":[],"class_list":{"0":"post-452844","1":"product","2":"type-product","3":"status-publish","4":"has-post-thumbnail","6":"product_cat-hermeetikud-silikoonid-akruulid","7":"product_cat-espak","9":"first","10":"instock","11":"sale","12":"shipping-taxable","13":"purchasable","14":"product-type-simple"},"acf":[],"yoast_head":"<!-- This site is optimized with the Yoast SEO Premium plugin v18.7 (Yoast SEO v26.5) - https:\/\/yoast.com\/wordpress\/plugins\/seo\/ -->\n<title>SILIKOON PENOSIL NEUTRAL SANITARY SILICONE 350C 280ML HALL - Ehituslahendused<\/title>\n<meta name=\"robots\" content=\"index, follow, max-snippet:-1, max-image-preview:large, max-video-preview:-1\" \/>\n<link rel=\"canonical\" href=\"https:\/\/justbuildit.eu\/en\/pood\/tihendusmaterjalid\/hermeetikud-silikoonid-akruulid\/silikoon-penosil-neutral-sanitary-silicone-350c-280ml-hall\/\" \/>\n<meta property=\"og:locale\" content=\"en_US\" \/>\n<meta property=\"og:type\" content=\"article\" \/>\n<meta property=\"og:title\" content=\"SILIKOON PENOSIL NEUTRAL SANITARY SILICONE 350C 280ML HALL\" \/>\n<meta property=\"og:description\" content=\"PENOSIL Neutral Sanitary Silicone 350 \/ 350c on mitmeotstarbeline fungitsiidlisanditega neutraalne silikoon sanitaar- ja ventilatsioonit\u00f6\u00f6deks. Moodustab hallitus- ja vananemiskindla elastse silikoonkaut\u0161ukist \u00fchenduse. Sobib metallpindadele.\" \/>\n<meta property=\"og:url\" content=\"https:\/\/justbuildit.eu\/en\/pood\/tihendusmaterjalid\/hermeetikud-silikoonid-akruulid\/silikoon-penosil-neutral-sanitary-silicone-350c-280ml-hall\/\" \/>\n<meta property=\"og:site_name\" content=\"Ehituslahendused\" \/>\n<meta property=\"article:publisher\" content=\"https:\/\/www.facebook.com\/justbuildit.ee\" \/>\n<meta property=\"article:modified_time\" content=\"2026-04-18T09:03:29+00:00\" \/>\n<meta property=\"og:image\" content=\"https:\/\/justbuildit.eu\/wp-content\/uploads\/2024\/06\/350c_Neutral_Sanitary_Silicone_350c_EE_FI_grey.png.jpg\" \/>\n\t<meta property=\"og:image:width\" content=\"800\" \/>\n\t<meta property=\"og:image:height\" content=\"800\" \/>\n\t<meta property=\"og:image:type\" content=\"image\/jpeg\" \/>\n<meta name=\"twitter:card\" content=\"summary_large_image\" \/>\n<script type=\"application\/ld+json\" class=\"yoast-schema-graph\">{\"@context\":\"https:\/\/schema.org\",\"@graph\":[{\"@type\":\"WebPage\",\"@id\":\"https:\/\/justbuildit.eu\/en\/pood\/tihendusmaterjalid\/hermeetikud-silikoonid-akruulid\/silikoon-penosil-neutral-sanitary-silicone-350c-280ml-hall\/\",\"url\":\"https:\/\/justbuildit.eu\/en\/pood\/tihendusmaterjalid\/hermeetikud-silikoonid-akruulid\/silikoon-penosil-neutral-sanitary-silicone-350c-280ml-hall\/\",\"name\":\"SILIKOON PENOSIL NEUTRAL SANITARY SILICONE 350C 280ML HALL - Ehituslahendused\",\"isPartOf\":{\"@id\":\"https:\/\/justbuildit.eu\/en\/#website\"},\"primaryImageOfPage\":{\"@id\":\"https:\/\/justbuildit.eu\/en\/pood\/tihendusmaterjalid\/hermeetikud-silikoonid-akruulid\/silikoon-penosil-neutral-sanitary-silicone-350c-280ml-hall\/#primaryimage\"},\"image\":{\"@id\":\"https:\/\/justbuildit.eu\/en\/pood\/tihendusmaterjalid\/hermeetikud-silikoonid-akruulid\/silikoon-penosil-neutral-sanitary-silicone-350c-280ml-hall\/#primaryimage\"},\"thumbnailUrl\":\"https:\/\/justbuildit.eu\/wp-content\/uploads\/2024\/06\/350c_Neutral_Sanitary_Silicone_350c_EE_FI_grey.png.jpg\",\"datePublished\":\"2024-06-09T06:57:22+00:00\",\"dateModified\":\"2026-04-18T09:03:29+00:00\",\"breadcrumb\":{\"@id\":\"https:\/\/justbuildit.eu\/en\/pood\/tihendusmaterjalid\/hermeetikud-silikoonid-akruulid\/silikoon-penosil-neutral-sanitary-silicone-350c-280ml-hall\/#breadcrumb\"},\"inLanguage\":\"en-US\",\"potentialAction\":[{\"@type\":\"ReadAction\",\"target\":[\"https:\/\/justbuildit.eu\/en\/pood\/tihendusmaterjalid\/hermeetikud-silikoonid-akruulid\/silikoon-penosil-neutral-sanitary-silicone-350c-280ml-hall\/\"]}]},{\"@type\":\"ImageObject\",\"inLanguage\":\"en-US\",\"@id\":\"https:\/\/justbuildit.eu\/en\/pood\/tihendusmaterjalid\/hermeetikud-silikoonid-akruulid\/silikoon-penosil-neutral-sanitary-silicone-350c-280ml-hall\/#primaryimage\",\"url\":\"https:\/\/justbuildit.eu\/wp-content\/uploads\/2024\/06\/350c_Neutral_Sanitary_Silicone_350c_EE_FI_grey.png.jpg\",\"contentUrl\":\"https:\/\/justbuildit.eu\/wp-content\/uploads\/2024\/06\/350c_Neutral_Sanitary_Silicone_350c_EE_FI_grey.png.jpg\",\"width\":800,\"height\":800},{\"@type\":\"BreadcrumbList\",\"@id\":\"https:\/\/justbuildit.eu\/en\/pood\/tihendusmaterjalid\/hermeetikud-silikoonid-akruulid\/silikoon-penosil-neutral-sanitary-silicone-350c-280ml-hall\/#breadcrumb\",\"itemListElement\":[{\"@type\":\"ListItem\",\"position\":1,\"name\":\"Home\",\"item\":\"https:\/\/justbuildit.eu\/en\/\"},{\"@type\":\"ListItem\",\"position\":2,\"name\":\"Shop\",\"item\":\"https:\/\/justbuildit.eu\/en\/building-materials\/\"},{\"@type\":\"ListItem\",\"position\":3,\"name\":\"SILIKOON PENOSIL NEUTRAL SANITARY SILICONE 350C 280ML HALL\"}]},{\"@type\":\"WebSite\",\"@id\":\"https:\/\/justbuildit.eu\/en\/#website\",\"url\":\"https:\/\/justbuildit.eu\/en\/\",\"name\":\"Ehituslahendused\",\"description\":\"Ehituslahendused ja materjalid\",\"publisher\":{\"@id\":\"https:\/\/justbuildit.eu\/en\/#organization\"},\"potentialAction\":[{\"@type\":\"SearchAction\",\"target\":{\"@type\":\"EntryPoint\",\"urlTemplate\":\"https:\/\/justbuildit.eu\/en\/?s={search_term_string}\"},\"query-input\":{\"@type\":\"PropertyValueSpecification\",\"valueRequired\":true,\"valueName\":\"search_term_string\"}}],\"inLanguage\":\"en-US\"},{\"@type\":\"Organization\",\"@id\":\"https:\/\/justbuildit.eu\/en\/#organization\",\"name\":\"Just Build It O\u00dc\",\"url\":\"https:\/\/justbuildit.eu\/en\/\",\"logo\":{\"@type\":\"ImageObject\",\"inLanguage\":\"en-US\",\"@id\":\"https:\/\/justbuildit.eu\/en\/#\/schema\/logo\/image\/\",\"url\":\"https:\/\/justbuildit.eu\/wp-content\/uploads\/2022\/01\/justbuildit.png\",\"contentUrl\":\"https:\/\/justbuildit.eu\/wp-content\/uploads\/2022\/01\/justbuildit.png\",\"width\":173,\"height\":77,\"caption\":\"Just Build It O\u00dc\"},\"image\":{\"@id\":\"https:\/\/justbuildit.eu\/en\/#\/schema\/logo\/image\/\"},\"sameAs\":[\"https:\/\/www.facebook.com\/justbuildit.ee\"]}]}<\/script>\n<!-- \/ Yoast SEO Premium plugin. -->","yoast_head_json":{"title":"SILIKOON PENOSIL NEUTRAL SANITARY SILICONE 350C 280ML HALL - Ehituslahendused","robots":{"index":"index","follow":"follow","max-snippet":"max-snippet:-1","max-image-preview":"max-image-preview:large","max-video-preview":"max-video-preview:-1"},"canonical":"https:\/\/justbuildit.eu\/en\/pood\/tihendusmaterjalid\/hermeetikud-silikoonid-akruulid\/silikoon-penosil-neutral-sanitary-silicone-350c-280ml-hall\/","og_locale":"en_US","og_type":"article","og_title":"SILIKOON PENOSIL NEUTRAL SANITARY SILICONE 350C 280ML HALL","og_description":"PENOSIL Neutral Sanitary Silicone 350 \/ 350c on mitmeotstarbeline fungitsiidlisanditega neutraalne silikoon sanitaar- ja ventilatsioonit\u00f6\u00f6deks. Moodustab hallitus- ja vananemiskindla elastse silikoonkaut\u0161ukist \u00fchenduse. Sobib metallpindadele.","og_url":"https:\/\/justbuildit.eu\/en\/pood\/tihendusmaterjalid\/hermeetikud-silikoonid-akruulid\/silikoon-penosil-neutral-sanitary-silicone-350c-280ml-hall\/","og_site_name":"Ehituslahendused","article_publisher":"https:\/\/www.facebook.com\/justbuildit.ee","article_modified_time":"2026-04-18T09:03:29+00:00","og_image":[{"width":800,"height":800,"url":"https:\/\/justbuildit.eu\/wp-content\/uploads\/2024\/06\/350c_Neutral_Sanitary_Silicone_350c_EE_FI_grey.png.jpg","type":"image\/jpeg"}],"twitter_card":"summary_large_image","schema":{"@context":"https:\/\/schema.org","@graph":[{"@type":"WebPage","@id":"https:\/\/justbuildit.eu\/en\/pood\/tihendusmaterjalid\/hermeetikud-silikoonid-akruulid\/silikoon-penosil-neutral-sanitary-silicone-350c-280ml-hall\/","url":"https:\/\/justbuildit.eu\/en\/pood\/tihendusmaterjalid\/hermeetikud-silikoonid-akruulid\/silikoon-penosil-neutral-sanitary-silicone-350c-280ml-hall\/","name":"SILIKOON PENOSIL NEUTRAL SANITARY SILICONE 350C 280ML HALL - Ehituslahendused","isPartOf":{"@id":"https:\/\/justbuildit.eu\/en\/#website"},"primaryImageOfPage":{"@id":"https:\/\/justbuildit.eu\/en\/pood\/tihendusmaterjalid\/hermeetikud-silikoonid-akruulid\/silikoon-penosil-neutral-sanitary-silicone-350c-280ml-hall\/#primaryimage"},"image":{"@id":"https:\/\/justbuildit.eu\/en\/pood\/tihendusmaterjalid\/hermeetikud-silikoonid-akruulid\/silikoon-penosil-neutral-sanitary-silicone-350c-280ml-hall\/#primaryimage"},"thumbnailUrl":"https:\/\/justbuildit.eu\/wp-content\/uploads\/2024\/06\/350c_Neutral_Sanitary_Silicone_350c_EE_FI_grey.png.jpg","datePublished":"2024-06-09T06:57:22+00:00","dateModified":"2026-04-18T09:03:29+00:00","breadcrumb":{"@id":"https:\/\/justbuildit.eu\/en\/pood\/tihendusmaterjalid\/hermeetikud-silikoonid-akruulid\/silikoon-penosil-neutral-sanitary-silicone-350c-280ml-hall\/#breadcrumb"},"inLanguage":"en-US","potentialAction":[{"@type":"ReadAction","target":["https:\/\/justbuildit.eu\/en\/pood\/tihendusmaterjalid\/hermeetikud-silikoonid-akruulid\/silikoon-penosil-neutral-sanitary-silicone-350c-280ml-hall\/"]}]},{"@type":"ImageObject","inLanguage":"en-US","@id":"https:\/\/justbuildit.eu\/en\/pood\/tihendusmaterjalid\/hermeetikud-silikoonid-akruulid\/silikoon-penosil-neutral-sanitary-silicone-350c-280ml-hall\/#primaryimage","url":"https:\/\/justbuildit.eu\/wp-content\/uploads\/2024\/06\/350c_Neutral_Sanitary_Silicone_350c_EE_FI_grey.png.jpg","contentUrl":"https:\/\/justbuildit.eu\/wp-content\/uploads\/2024\/06\/350c_Neutral_Sanitary_Silicone_350c_EE_FI_grey.png.jpg","width":800,"height":800},{"@type":"BreadcrumbList","@id":"https:\/\/justbuildit.eu\/en\/pood\/tihendusmaterjalid\/hermeetikud-silikoonid-akruulid\/silikoon-penosil-neutral-sanitary-silicone-350c-280ml-hall\/#breadcrumb","itemListElement":[{"@type":"ListItem","position":1,"name":"Home","item":"https:\/\/justbuildit.eu\/en\/"},{"@type":"ListItem","position":2,"name":"Shop","item":"https:\/\/justbuildit.eu\/en\/building-materials\/"},{"@type":"ListItem","position":3,"name":"SILIKOON PENOSIL NEUTRAL SANITARY SILICONE 350C 280ML HALL"}]},{"@type":"WebSite","@id":"https:\/\/justbuildit.eu\/en\/#website","url":"https:\/\/justbuildit.eu\/en\/","name":"Ehituslahendused","description":"Ehituslahendused ja materjalid","publisher":{"@id":"https:\/\/justbuildit.eu\/en\/#organization"},"potentialAction":[{"@type":"SearchAction","target":{"@type":"EntryPoint","urlTemplate":"https:\/\/justbuildit.eu\/en\/?s={search_term_string}"},"query-input":{"@type":"PropertyValueSpecification","valueRequired":true,"valueName":"search_term_string"}}],"inLanguage":"en-US"},{"@type":"Organization","@id":"https:\/\/justbuildit.eu\/en\/#organization","name":"Just Build It O\u00dc","url":"https:\/\/justbuildit.eu\/en\/","logo":{"@type":"ImageObject","inLanguage":"en-US","@id":"https:\/\/justbuildit.eu\/en\/#\/schema\/logo\/image\/","url":"https:\/\/justbuildit.eu\/wp-content\/uploads\/2022\/01\/justbuildit.png","contentUrl":"https:\/\/justbuildit.eu\/wp-content\/uploads\/2022\/01\/justbuildit.png","width":173,"height":77,"caption":"Just Build It O\u00dc"},"image":{"@id":"https:\/\/justbuildit.eu\/en\/#\/schema\/logo\/image\/"},"sameAs":["https:\/\/www.facebook.com\/justbuildit.ee"]}]}},"_links":{"self":[{"href":"https:\/\/justbuildit.eu\/en\/wp-json\/wp\/v2\/product\/452844","targetHints":{"allow":["GET"]}}],"collection":[{"href":"https:\/\/justbuildit.eu\/en\/wp-json\/wp\/v2\/product"}],"about":[{"href":"https:\/\/justbuildit.eu\/en\/wp-json\/wp\/v2\/types\/product"}],"replies":[{"embeddable":true,"href":"https:\/\/justbuildit.eu\/en\/wp-json\/wp\/v2\/comments?post=452844"}],"wp:featuredmedia":[{"embeddable":true,"href":"https:\/\/justbuildit.eu\/en\/wp-json\/wp\/v2\/media\/452845"}],"wp:attachment":[{"href":"https:\/\/justbuildit.eu\/en\/wp-json\/wp\/v2\/media?parent=452844"}],"wp:term":[{"taxonomy":"product_brand","embeddable":true,"href":"https:\/\/justbuildit.eu\/en\/wp-json\/wp\/v2\/product_brand?post=452844"},{"taxonomy":"product_cat","embeddable":true,"href":"https:\/\/justbuildit.eu\/en\/wp-json\/wp\/v2\/product_cat?post=452844"},{"taxonomy":"product_tag","embeddable":true,"href":"https:\/\/justbuildit.eu\/en\/wp-json\/wp\/v2\/product_tag?post=452844"}],"curies":[{"name":"wp","href":"https:\/\/api.w.org\/{rel}","templated":true}]}}