{"id":452881,"date":"2024-06-09T10:16:29","date_gmt":"2024-06-09T07:16:29","guid":{"rendered":"https:\/\/justbuildit.eu\/?post_type=product&#038;p=452881"},"modified":"2026-04-18T12:03:28","modified_gmt":"2026-04-18T09:03:28","slug":"universaalne-liimi-ja-tihendusmass-kiilto-masa-tumehall-290ml","status":"publish","type":"product","link":"https:\/\/justbuildit.eu\/en\/pood\/tihendusmaterjalid\/hermeetikud-silikoonid-akruulid\/universaalne-liimi-ja-tihendusmass-kiilto-masa-tumehall-290ml\/","title":{"rendered":"UNIVERSAALNE LIIMI- JA TIHENDUSMASS KIILTO MASA TUMEHALL 290ML"},"content":{"rendered":"<div class=\"row\"  id=\"row-652061985\">\n<div id=\"col-169760241\" class=\"col medium-9 small-12 large-9\"  >\n<div class=\"col-inner\"  >\n<h2>Kiilto Masa universaalne liimi- ja tihendusmass<\/h2>\n<p>Kiilto Masa on \u00fchekomponentne sil\u00fc\u00fclmodifitseeritud liimhermeetik liistude, ehitusplaatide, metallide, klaaskiu ja erinevate plastmaterjalide liimimiseks ehitust\u00f6\u00f6del ning laeva-, jahi- ja autot\u00f6\u00f6stuses. Sobib ka suure mehaanilise koormusega nihkevuukide tihendamiseks.<\/p>\n<div class=\"message-box relative\" style=\"padding-top:15px;padding-bottom:15px;\">\n<div class=\"message-box-bg-image bg-fill fill\" ><\/div>\n<div class=\"message-box-bg-overlay bg-fill fill\" ><\/div>\n<div class=\"container relative\">\n<div class=\"inner last-reset\">\n<div class=\"row align-middle align-center\"  id=\"row-431137535\">\n<div id=\"col-1249243669\" class=\"col small-12 large-12\"  >\n<div class=\"col-inner text-left\"  >\n<h4>Omadused<\/h4>\n<div class=\"row\"  id=\"row-1571587242\">\n<div id=\"col-542293110\" class=\"col medium-6 small-12 large-6\"  >\n<div class=\"col-inner\"  >\n<p><i class=\"fa fa-flask fa-2x\"><\/i> <strong>Hea vastupidavus kemikaalidele<\/strong><\/p>\n<p><i class=\"fa fa-cloud-sun-rain fa-2x\"><\/i> <strong>Hea ilmastikukindlus ja vastupidavus UV-kiirgusele<\/strong><\/p>\n<\/p>\n<\/div>\n<style>\n#col-542293110 > .col-inner {\n  margin: 0px 0px 15px 0px;\n}\n<\/style>\n<\/p>\n<\/div>\n<\/div>\n<\/div>\n<\/div>\n<\/div>\n<\/div>\n<\/div>\n<\/div>\n<div id=\"gap-1346121371\" class=\"gap-element clearfix\" style=\"display:block; height:auto;\">\n<style>\n#gap-1346121371 {\n  padding-top: 30px;\n}\n<\/style>\n<\/p>\n<\/div>\n<h3>Kasutamise \u00fcksikasjad<\/h3>\n<p><strong>Kasutusalad:<\/strong> Hea liimuvus mitmesuguste kivipindade, betooni, enamuse metallide, puidu, klaasi ja emailpindadega, samuti epoksiid- ja pol\u00fcesterpindadega. Enne plastmaterjalide liimimist on soovitatav teha prooviliimimine tegelikes kasutustingimustes. Ehitusmaterjalide heitkoguste klassifikatsioon M1. Lahustivaba, ei sisalda isots\u00fcanaate ja ftalaate. \u00dclev\u00e4rvitav enamike veep\u00f5histe v\u00e4rvidega (enne kasutamist alati katseliselt kontrollida). V\u00e4ga hea ilmastikukindlus, vastupidav ultraviolettkiirgusele. Hea vastupidavus kemikaalidele (lahjad lahused). Vastupidav soolasele veele. Ei ole lakitav.<\/p>\n<p><strong>Kasutusjuhis:<\/strong> Kasutatavad materjalid peavad olema tolmuvabad, kuivad ning rasu- ja \u00f5livabad. Suurte \u00fchetaoliste pindade v\u00f5i v\u00e4ga kuivade pindade liimimisel on soovitatav pinnad kergelt veega \u00fcle pritsida (u 5\u201310 g\/m\u00b2). Soovitame puhastada pinnad tootega Kiilto Cleaner 303 ja eelt\u00f6\u00f6delda tootega Kiiltoflex Metalliprimer.<br \/>\nL\u00f5igake tuubi koonusots lahti. Keerake v\u00e4ljutusotsik oma kohale ja l\u00f5igake vuugi laiusega sobivasse suurusesse. Kandke liim pinnale k\u00e4si- v\u00f5i suru\u00f5hup\u00fcstoliga ja vajaduse korral siluge liimilabidaga. Sulgege pakend p\u00e4rast kasutamist hoolikalt. K\u00f5vastumata toote saab eemaldada lakibensiini v\u00f5i atsetooniga. K\u00f5vastunud toodet saab eemaldada ainult mehaaniliselt. Valitsevad tingimused nagu \u00f5hu niiskus ja temperatuur, aluspinna materjal ja niiskus, samuti pealekantud liimi kogus, m\u00f5jutavad oluliselt puutekuivuse saavutamise ja l\u00f5pliku kuivamise aega.<\/p>\n<p><strong>Keskkond ja ohutus:<\/strong> V\u00e4ltige kuivamata toote kokkupuudet nahaga, kasutage kaitsekindaid. Tutvuge tooteohutuskaardiga.<\/p>\n<\/p>\n<\/div>\n<\/div>\n<div id=\"col-1508886377\" class=\"col medium-3 small-12 large-3\"  >\n<div class=\"col-inner\"  >\n<div id=\"gap-148019977\" class=\"gap-element clearfix\" style=\"display:block; height:auto;\">\n<style>\n#gap-148019977 {\n  padding-top: 30px;\n}\n<\/style>\n<\/p>\n<\/div>\n<h3>Tehniline informatsioon<\/h3>\n<p><a href=\"https:\/\/espak.ee\/epood\/wp-content\/uploads\/masa-liim-tooteleht.pdf\" target=\"_blank\" rel=\"noopener noreferrer\"><i class=\"far fa-file-pdf\"><\/i> Tehniline info (PDF)<\/a><\/p>\n<h3>Ohutusalane teave<\/h3>\n<p><a href=\"https:\/\/espak.ee\/epood\/wp-content\/uploads\/masa-liim-ohutuskaart.pdf\" target=\"_blank\" rel=\"noopener noreferrer\"><i class=\"far fa-file-pdf\"><\/i> Ohutusalane teave (PDF)<\/a><\/p>\n<div class=\"is-divider divider clearfix\" ><\/div>\n<p><strong>\u00dcksikasjalikuma n\u00f5u saamiseks v\u00f5tke \u00fchendust:<br \/><\/strong>Kiilto Eesti O\u00dc<br \/>L\u00e4ike tee 4<br \/>75312<br \/>Rae vald<br \/>(+372) 60 31 900<\/p>\n<div class=\"is-divider divider clearfix\" ><\/div>\n<\/p>\n<\/div>\n<\/div>\n<\/div>\n","protected":false},"excerpt":{"rendered":"<p>Kiilto Masa on \u00fchekomponentne sil\u00fc\u00fclmodifitseeritud liimhermeetik liistude, ehitusplaatide, metallide, klaaskiu ja erinevate plastmaterjalide liimimiseks ehitust\u00f6\u00f6del ning laeva-, jahi- ja autot\u00f6\u00f6stuses. Sobib ka suure mehaanilise koormusega nihkevuukide tihendamiseks.<\/p>","protected":false},"featured_media":452882,"comment_status":"open","ping_status":"closed","template":"","meta":{"_acf_changed":false},"product_brand":[],"product_cat":[110,498],"product_tag":[],"class_list":{"0":"post-452881","1":"product","2":"type-product","3":"status-publish","4":"has-post-thumbnail","6":"product_cat-hermeetikud-silikoonid-akruulid","7":"product_cat-espak","9":"first","10":"instock","11":"sale","12":"shipping-taxable","13":"purchasable","14":"product-type-simple"},"acf":[],"yoast_head":"<!-- This site is optimized with the Yoast SEO Premium plugin v18.7 (Yoast SEO v26.5) - https:\/\/yoast.com\/wordpress\/plugins\/seo\/ -->\n<title>UNIVERSAALNE LIIMI- JA TIHENDUSMASS KIILTO MASA TUMEHALL 290ML - Ehituslahendused<\/title>\n<meta name=\"robots\" content=\"index, follow, max-snippet:-1, max-image-preview:large, max-video-preview:-1\" \/>\n<link rel=\"canonical\" href=\"https:\/\/justbuildit.eu\/en\/pood\/tihendusmaterjalid\/hermeetikud-silikoonid-akruulid\/universaalne-liimi-ja-tihendusmass-kiilto-masa-tumehall-290ml\/\" \/>\n<meta property=\"og:locale\" content=\"en_US\" \/>\n<meta property=\"og:type\" content=\"article\" \/>\n<meta property=\"og:title\" content=\"UNIVERSAALNE LIIMI- JA TIHENDUSMASS KIILTO MASA TUMEHALL 290ML\" \/>\n<meta property=\"og:description\" content=\"Kiilto Masa on \u00fchekomponentne sil\u00fc\u00fclmodifitseeritud liimhermeetik liistude, ehitusplaatide, metallide, klaaskiu ja erinevate plastmaterjalide liimimiseks ehitust\u00f6\u00f6del ning laeva-, jahi- ja autot\u00f6\u00f6stuses. Sobib ka suure mehaanilise koormusega nihkevuukide tihendamiseks.\" \/>\n<meta property=\"og:url\" content=\"https:\/\/justbuildit.eu\/en\/pood\/tihendusmaterjalid\/hermeetikud-silikoonid-akruulid\/universaalne-liimi-ja-tihendusmass-kiilto-masa-tumehall-290ml\/\" \/>\n<meta property=\"og:site_name\" content=\"Ehituslahendused\" \/>\n<meta property=\"article:publisher\" content=\"https:\/\/www.facebook.com\/justbuildit.ee\" \/>\n<meta property=\"article:modified_time\" content=\"2026-04-18T09:03:28+00:00\" \/>\n<meta property=\"og:image\" content=\"https:\/\/justbuildit.eu\/wp-content\/uploads\/2024\/06\/masa-liim.png\" \/>\n\t<meta property=\"og:image:width\" content=\"800\" \/>\n\t<meta property=\"og:image:height\" content=\"800\" \/>\n\t<meta property=\"og:image:type\" content=\"image\/png\" \/>\n<meta name=\"twitter:card\" content=\"summary_large_image\" \/>\n<script type=\"application\/ld+json\" class=\"yoast-schema-graph\">{\"@context\":\"https:\/\/schema.org\",\"@graph\":[{\"@type\":\"WebPage\",\"@id\":\"https:\/\/justbuildit.eu\/en\/pood\/tihendusmaterjalid\/hermeetikud-silikoonid-akruulid\/universaalne-liimi-ja-tihendusmass-kiilto-masa-tumehall-290ml\/\",\"url\":\"https:\/\/justbuildit.eu\/en\/pood\/tihendusmaterjalid\/hermeetikud-silikoonid-akruulid\/universaalne-liimi-ja-tihendusmass-kiilto-masa-tumehall-290ml\/\",\"name\":\"UNIVERSAALNE LIIMI- JA TIHENDUSMASS KIILTO MASA TUMEHALL 290ML - Ehituslahendused\",\"isPartOf\":{\"@id\":\"https:\/\/justbuildit.eu\/en\/#website\"},\"primaryImageOfPage\":{\"@id\":\"https:\/\/justbuildit.eu\/en\/pood\/tihendusmaterjalid\/hermeetikud-silikoonid-akruulid\/universaalne-liimi-ja-tihendusmass-kiilto-masa-tumehall-290ml\/#primaryimage\"},\"image\":{\"@id\":\"https:\/\/justbuildit.eu\/en\/pood\/tihendusmaterjalid\/hermeetikud-silikoonid-akruulid\/universaalne-liimi-ja-tihendusmass-kiilto-masa-tumehall-290ml\/#primaryimage\"},\"thumbnailUrl\":\"https:\/\/justbuildit.eu\/wp-content\/uploads\/2024\/06\/masa-liim.png\",\"datePublished\":\"2024-06-09T07:16:29+00:00\",\"dateModified\":\"2026-04-18T09:03:28+00:00\",\"breadcrumb\":{\"@id\":\"https:\/\/justbuildit.eu\/en\/pood\/tihendusmaterjalid\/hermeetikud-silikoonid-akruulid\/universaalne-liimi-ja-tihendusmass-kiilto-masa-tumehall-290ml\/#breadcrumb\"},\"inLanguage\":\"en-US\",\"potentialAction\":[{\"@type\":\"ReadAction\",\"target\":[\"https:\/\/justbuildit.eu\/en\/pood\/tihendusmaterjalid\/hermeetikud-silikoonid-akruulid\/universaalne-liimi-ja-tihendusmass-kiilto-masa-tumehall-290ml\/\"]}]},{\"@type\":\"ImageObject\",\"inLanguage\":\"en-US\",\"@id\":\"https:\/\/justbuildit.eu\/en\/pood\/tihendusmaterjalid\/hermeetikud-silikoonid-akruulid\/universaalne-liimi-ja-tihendusmass-kiilto-masa-tumehall-290ml\/#primaryimage\",\"url\":\"https:\/\/justbuildit.eu\/wp-content\/uploads\/2024\/06\/masa-liim.png\",\"contentUrl\":\"https:\/\/justbuildit.eu\/wp-content\/uploads\/2024\/06\/masa-liim.png\",\"width\":800,\"height\":800},{\"@type\":\"BreadcrumbList\",\"@id\":\"https:\/\/justbuildit.eu\/en\/pood\/tihendusmaterjalid\/hermeetikud-silikoonid-akruulid\/universaalne-liimi-ja-tihendusmass-kiilto-masa-tumehall-290ml\/#breadcrumb\",\"itemListElement\":[{\"@type\":\"ListItem\",\"position\":1,\"name\":\"Home\",\"item\":\"https:\/\/justbuildit.eu\/en\/\"},{\"@type\":\"ListItem\",\"position\":2,\"name\":\"Shop\",\"item\":\"https:\/\/justbuildit.eu\/en\/building-materials\/\"},{\"@type\":\"ListItem\",\"position\":3,\"name\":\"UNIVERSAALNE LIIMI- JA TIHENDUSMASS KIILTO MASA TUMEHALL 290ML\"}]},{\"@type\":\"WebSite\",\"@id\":\"https:\/\/justbuildit.eu\/en\/#website\",\"url\":\"https:\/\/justbuildit.eu\/en\/\",\"name\":\"Ehituslahendused\",\"description\":\"Ehituslahendused ja materjalid\",\"publisher\":{\"@id\":\"https:\/\/justbuildit.eu\/en\/#organization\"},\"potentialAction\":[{\"@type\":\"SearchAction\",\"target\":{\"@type\":\"EntryPoint\",\"urlTemplate\":\"https:\/\/justbuildit.eu\/en\/?s={search_term_string}\"},\"query-input\":{\"@type\":\"PropertyValueSpecification\",\"valueRequired\":true,\"valueName\":\"search_term_string\"}}],\"inLanguage\":\"en-US\"},{\"@type\":\"Organization\",\"@id\":\"https:\/\/justbuildit.eu\/en\/#organization\",\"name\":\"Just Build It O\u00dc\",\"url\":\"https:\/\/justbuildit.eu\/en\/\",\"logo\":{\"@type\":\"ImageObject\",\"inLanguage\":\"en-US\",\"@id\":\"https:\/\/justbuildit.eu\/en\/#\/schema\/logo\/image\/\",\"url\":\"https:\/\/justbuildit.eu\/wp-content\/uploads\/2022\/01\/justbuildit.png\",\"contentUrl\":\"https:\/\/justbuildit.eu\/wp-content\/uploads\/2022\/01\/justbuildit.png\",\"width\":173,\"height\":77,\"caption\":\"Just Build It O\u00dc\"},\"image\":{\"@id\":\"https:\/\/justbuildit.eu\/en\/#\/schema\/logo\/image\/\"},\"sameAs\":[\"https:\/\/www.facebook.com\/justbuildit.ee\"]}]}<\/script>\n<!-- \/ Yoast SEO Premium plugin. -->","yoast_head_json":{"title":"UNIVERSAALNE LIIMI- JA TIHENDUSMASS KIILTO MASA TUMEHALL 290ML - Ehituslahendused","robots":{"index":"index","follow":"follow","max-snippet":"max-snippet:-1","max-image-preview":"max-image-preview:large","max-video-preview":"max-video-preview:-1"},"canonical":"https:\/\/justbuildit.eu\/en\/pood\/tihendusmaterjalid\/hermeetikud-silikoonid-akruulid\/universaalne-liimi-ja-tihendusmass-kiilto-masa-tumehall-290ml\/","og_locale":"en_US","og_type":"article","og_title":"UNIVERSAALNE LIIMI- JA TIHENDUSMASS KIILTO MASA TUMEHALL 290ML","og_description":"Kiilto Masa on \u00fchekomponentne sil\u00fc\u00fclmodifitseeritud liimhermeetik liistude, ehitusplaatide, metallide, klaaskiu ja erinevate plastmaterjalide liimimiseks ehitust\u00f6\u00f6del ning laeva-, jahi- ja autot\u00f6\u00f6stuses. Sobib ka suure mehaanilise koormusega nihkevuukide tihendamiseks.","og_url":"https:\/\/justbuildit.eu\/en\/pood\/tihendusmaterjalid\/hermeetikud-silikoonid-akruulid\/universaalne-liimi-ja-tihendusmass-kiilto-masa-tumehall-290ml\/","og_site_name":"Ehituslahendused","article_publisher":"https:\/\/www.facebook.com\/justbuildit.ee","article_modified_time":"2026-04-18T09:03:28+00:00","og_image":[{"width":800,"height":800,"url":"https:\/\/justbuildit.eu\/wp-content\/uploads\/2024\/06\/masa-liim.png","type":"image\/png"}],"twitter_card":"summary_large_image","schema":{"@context":"https:\/\/schema.org","@graph":[{"@type":"WebPage","@id":"https:\/\/justbuildit.eu\/en\/pood\/tihendusmaterjalid\/hermeetikud-silikoonid-akruulid\/universaalne-liimi-ja-tihendusmass-kiilto-masa-tumehall-290ml\/","url":"https:\/\/justbuildit.eu\/en\/pood\/tihendusmaterjalid\/hermeetikud-silikoonid-akruulid\/universaalne-liimi-ja-tihendusmass-kiilto-masa-tumehall-290ml\/","name":"UNIVERSAALNE LIIMI- JA TIHENDUSMASS KIILTO MASA TUMEHALL 290ML - Ehituslahendused","isPartOf":{"@id":"https:\/\/justbuildit.eu\/en\/#website"},"primaryImageOfPage":{"@id":"https:\/\/justbuildit.eu\/en\/pood\/tihendusmaterjalid\/hermeetikud-silikoonid-akruulid\/universaalne-liimi-ja-tihendusmass-kiilto-masa-tumehall-290ml\/#primaryimage"},"image":{"@id":"https:\/\/justbuildit.eu\/en\/pood\/tihendusmaterjalid\/hermeetikud-silikoonid-akruulid\/universaalne-liimi-ja-tihendusmass-kiilto-masa-tumehall-290ml\/#primaryimage"},"thumbnailUrl":"https:\/\/justbuildit.eu\/wp-content\/uploads\/2024\/06\/masa-liim.png","datePublished":"2024-06-09T07:16:29+00:00","dateModified":"2026-04-18T09:03:28+00:00","breadcrumb":{"@id":"https:\/\/justbuildit.eu\/en\/pood\/tihendusmaterjalid\/hermeetikud-silikoonid-akruulid\/universaalne-liimi-ja-tihendusmass-kiilto-masa-tumehall-290ml\/#breadcrumb"},"inLanguage":"en-US","potentialAction":[{"@type":"ReadAction","target":["https:\/\/justbuildit.eu\/en\/pood\/tihendusmaterjalid\/hermeetikud-silikoonid-akruulid\/universaalne-liimi-ja-tihendusmass-kiilto-masa-tumehall-290ml\/"]}]},{"@type":"ImageObject","inLanguage":"en-US","@id":"https:\/\/justbuildit.eu\/en\/pood\/tihendusmaterjalid\/hermeetikud-silikoonid-akruulid\/universaalne-liimi-ja-tihendusmass-kiilto-masa-tumehall-290ml\/#primaryimage","url":"https:\/\/justbuildit.eu\/wp-content\/uploads\/2024\/06\/masa-liim.png","contentUrl":"https:\/\/justbuildit.eu\/wp-content\/uploads\/2024\/06\/masa-liim.png","width":800,"height":800},{"@type":"BreadcrumbList","@id":"https:\/\/justbuildit.eu\/en\/pood\/tihendusmaterjalid\/hermeetikud-silikoonid-akruulid\/universaalne-liimi-ja-tihendusmass-kiilto-masa-tumehall-290ml\/#breadcrumb","itemListElement":[{"@type":"ListItem","position":1,"name":"Home","item":"https:\/\/justbuildit.eu\/en\/"},{"@type":"ListItem","position":2,"name":"Shop","item":"https:\/\/justbuildit.eu\/en\/building-materials\/"},{"@type":"ListItem","position":3,"name":"UNIVERSAALNE LIIMI- JA TIHENDUSMASS KIILTO MASA TUMEHALL 290ML"}]},{"@type":"WebSite","@id":"https:\/\/justbuildit.eu\/en\/#website","url":"https:\/\/justbuildit.eu\/en\/","name":"Ehituslahendused","description":"Ehituslahendused ja materjalid","publisher":{"@id":"https:\/\/justbuildit.eu\/en\/#organization"},"potentialAction":[{"@type":"SearchAction","target":{"@type":"EntryPoint","urlTemplate":"https:\/\/justbuildit.eu\/en\/?s={search_term_string}"},"query-input":{"@type":"PropertyValueSpecification","valueRequired":true,"valueName":"search_term_string"}}],"inLanguage":"en-US"},{"@type":"Organization","@id":"https:\/\/justbuildit.eu\/en\/#organization","name":"Just Build It O\u00dc","url":"https:\/\/justbuildit.eu\/en\/","logo":{"@type":"ImageObject","inLanguage":"en-US","@id":"https:\/\/justbuildit.eu\/en\/#\/schema\/logo\/image\/","url":"https:\/\/justbuildit.eu\/wp-content\/uploads\/2022\/01\/justbuildit.png","contentUrl":"https:\/\/justbuildit.eu\/wp-content\/uploads\/2022\/01\/justbuildit.png","width":173,"height":77,"caption":"Just Build It O\u00dc"},"image":{"@id":"https:\/\/justbuildit.eu\/en\/#\/schema\/logo\/image\/"},"sameAs":["https:\/\/www.facebook.com\/justbuildit.ee"]}]}},"_links":{"self":[{"href":"https:\/\/justbuildit.eu\/en\/wp-json\/wp\/v2\/product\/452881","targetHints":{"allow":["GET"]}}],"collection":[{"href":"https:\/\/justbuildit.eu\/en\/wp-json\/wp\/v2\/product"}],"about":[{"href":"https:\/\/justbuildit.eu\/en\/wp-json\/wp\/v2\/types\/product"}],"replies":[{"embeddable":true,"href":"https:\/\/justbuildit.eu\/en\/wp-json\/wp\/v2\/comments?post=452881"}],"wp:featuredmedia":[{"embeddable":true,"href":"https:\/\/justbuildit.eu\/en\/wp-json\/wp\/v2\/media\/452882"}],"wp:attachment":[{"href":"https:\/\/justbuildit.eu\/en\/wp-json\/wp\/v2\/media?parent=452881"}],"wp:term":[{"taxonomy":"product_brand","embeddable":true,"href":"https:\/\/justbuildit.eu\/en\/wp-json\/wp\/v2\/product_brand?post=452881"},{"taxonomy":"product_cat","embeddable":true,"href":"https:\/\/justbuildit.eu\/en\/wp-json\/wp\/v2\/product_cat?post=452881"},{"taxonomy":"product_tag","embeddable":true,"href":"https:\/\/justbuildit.eu\/en\/wp-json\/wp\/v2\/product_tag?post=452881"}],"curies":[{"name":"wp","href":"https:\/\/api.w.org\/{rel}","templated":true}]}}