{"id":452948,"date":"2024-06-09T11:21:48","date_gmt":"2024-06-09T08:21:48","guid":{"rendered":"https:\/\/justbuildit.eu\/?post_type=product&#038;p=452948"},"modified":"2026-04-11T12:03:29","modified_gmt":"2026-04-11T09:03:29","slug":"varvitav-akruulhermeetik-penosil-acrylic-sealant-636-280ml-valge","status":"publish","type":"product","link":"https:\/\/justbuildit.eu\/en\/pood\/tihendusmaterjalid\/hermeetikud-silikoonid-akruulid\/varvitav-akruulhermeetik-penosil-acrylic-sealant-636-280ml-valge\/","title":{"rendered":"V\u00c4RVITAV AKR\u00dc\u00dcLHERMEETIK PENOSIL ACRYLIC SEALANT 636 280ML VALGE"},"content":{"rendered":"<div class=\"row\"  id=\"row-2137822303\">\n<div id=\"col-117773689\" class=\"col medium-9 small-12 large-9\"  >\n<div class=\"col-inner\"  >\n<h3>Akr\u00fc\u00fclhermeetik Penosil Acrylic Sealant 636 280ml valge<\/h3>\n<p>PENOSIL Acrylic Sealant 636 on eriti peene tekstuuriga veep\u00f5hine akr\u00fc\u00fclhermeetik t\u00fchimike ja vuukide t\u00e4itmiseks enne v\u00e4rvimist. Moodustab kauakestva plastse UV- ja hallituskindla \u00fchenduse k\u00f5ige levinumate ehitusmaterjalidega, n\u00e4iteks betooni, kipsplaatide ja puiduga ning tagab siledad ja laitmatult viimistletud pinnad. Iga ostetud Acrylic Sealant 636&#8217;ga toetate Eesti Maadlusliitu ning annate hoogu laste ja noorte maadluskarj\u00e4\u00e4rile.<\/p>\n<div class=\"message-box relative\" style=\"padding-top:15px;padding-bottom:15px;\">\n<div class=\"message-box-bg-image bg-fill fill\" ><\/div>\n<div class=\"message-box-bg-overlay bg-fill fill\" ><\/div>\n<div class=\"container relative\">\n<div class=\"inner last-reset\">\n<div class=\"row align-middle align-center\"  id=\"row-581896135\">\n<div id=\"col-1696530019\" class=\"col small-12 large-12\"  >\n<div class=\"col-inner text-left\"  >\n<h4>Omadused<\/h4>\n<div class=\"row\"  id=\"row-513770688\">\n<div id=\"col-2013023741\" class=\"col medium-6 small-12 large-6\"  >\n<div class=\"col-inner\"  >\n<p><i class=\"fa fa-check fa-2x\"><\/i> <strong> Mittetilkuv, ei valgu vuugis laiali<\/strong><\/p>\n<p><i class=\"fa fa-check fa-2x\"><\/i> <strong> V\u00e4hel\u00f5hnav<\/strong><\/p>\n<p><i class=\"fa fa-check fa-2x\"><\/i> <strong> Moodustab plastse \u00fchenduse<\/strong><\/p>\n<\/p>\n<\/div>\n<style>\n#col-2013023741 > .col-inner {\n  margin: 0px 0px 15px 0px;\n}\n<\/style>\n<\/p>\n<\/div>\n<div id=\"col-662607992\" class=\"col medium-6 small-12 large-6\"  >\n<div class=\"col-inner\"  >\n<p><i class=\"fa fa-check fa-2x\"><\/i> <strong> Nakkub h\u00e4sti enamiku ehitusmaterjalidega<\/strong><\/p>\n<p><i class=\"fa fa-check fa-2x\"><\/i> <strong> UV- ja hallituskindel<\/strong><\/p>\n<p><i class=\"fa fa-check fa-2x\"><\/i> <strong> V\u00e4rvitav<\/strong><\/p>\n<\/p>\n<\/div>\n<style>\n#col-662607992 > .col-inner {\n  margin: 0px 0px 15px 0px;\n}\n<\/style>\n<\/p>\n<\/div>\n<\/div>\n<\/div>\n<\/div>\n<\/div>\n<\/div>\n<\/div>\n<\/div>\n<div id=\"gap-725021501\" class=\"gap-element clearfix\" style=\"display:block; height:auto;\">\n<style>\n#gap-725021501 {\n  padding-top: 30px;\n}\n<\/style>\n<\/p>\n<\/div>\n<h3>Kasutamise \u00fcksikasjad<\/h3>\n<p><strong>Kasutusalad:<\/strong><br \/>\nSeinapragude ja vuukide t\u00e4itmiseks.<br \/>\nAkna- v\u00f5i ukselengide ja seinte vaheliste vuukide t\u00e4itmiseks.<br \/>\nKipsplaatide vahevuukide ja kruviavade t\u00e4itmiseks.<br \/>\nPinna ebatasasuste parandamiseks enne v\u00e4rvimist.<br \/>\nNakkuvus: Betoon, krohv, kipsplaat, tellis, puit, ehituslauad, PVC.<\/p>\n<p><strong>Kasutusjuhend:<\/strong><br \/>\nL\u00f5igake padruni keermestatud ots lahti ja keerake sellele akr\u00fc\u00fclhermeetiku suunamiseks paigaldusotsik. L\u00f5igake keermestatud ots lahti nii, et tekkiv avaus oleks piisav toote paigaldamiseks. Pange padrun koos v\u00e4ljastusotsikuga p\u00fcstolisse ja t\u00e4itke otsik akr\u00fc\u00fcliga, vajutades korduvalt p\u00fcstoli p\u00e4\u00e4stikut. Kandke akr\u00fc\u00fcl vuuki, surudes korduvalt ja \u00fchtlaselt p\u00fcstoli p\u00e4\u00e4stikule ning libistades otsikut sujuvalt m\u00f6\u00f6da vuuki. P\u00e4rast akr\u00fc\u00fcli pealekandmist siluge see kummist silikoonikaabitsaga. Eemaldage \u00fcleliigne akr\u00fc\u00fcl.<\/p>\n<p>Suurim \u00fchenduspind 30 \u00d7 20 mm; suuremate vuukide korral tuleks vuugid t\u00e4ita kahes kihis, lastes esimesel kihil t\u00e4ielikult kuivada (tardumiskiirus 2,5\u20133 mm p\u00e4evas). V\u00e4rvida saab p\u00e4rast l\u00f5plikku kuivamist, mille kestus oleneb vuugi m\u00f5\u00f5tmetest (tardumiskiirus 2,5\u20133 mm p\u00e4evas). Varem v\u00e4rvimisel v\u00f5ib akr\u00fc\u00fcli kuivamine tekitada v\u00e4rvi sisse pragusid.\n<\/p>\n<p><strong>N\u00e4pun\u00e4ited:<\/strong><br \/>\n Paigaldustemperatuuri vahemik +5\u00b0C kuni +40\u00b0C.<br \/>\nPinnad peavad olema rasva-, \u00f5li-, tolmu- ja prahivabad.<br \/>\nKaetav pind peab olema kuiv.<br \/>\nVuugi suurimad soovitatavad m\u00f5\u00f5tmed 30 \u00d7 20 mm.<br \/>\nToode tardub kuivamise teel (vee aurustumine). Suur \u00f5huniiskus, madal temperatuur ja vuugi suur s\u00fcgavus v\u00f5ivad kile moodustumist ja tardumist m\u00e4rkimisv\u00e4\u00e4rselt v\u00e4hendada.<br \/>\nTardunud hermeetik on \u00fclimalt soovitatav katta sobiva v\u00e4rviga, et tagada pahtli pikaealisus ja taustpinnaga sarnane v\u00e4rvitoon.<br \/>\nV\u00e4rvitav p\u00e4rast l\u00f5plikku tardumist. Tardumisaeg oleneb vuugi suurusest (2,5\u20263 mm\/p\u00e4evas). Varajane v\u00e4rvimine v\u00f5ib p\u00f5hjustada v\u00e4rvi pragunemist. Tagage k\u00f5ikide vuukide juures piisav ventilatsioon.<br \/>\nHoolitsege, et tardumisaja jooksul ei settiks pinnale mustust ja vuuk ei satuks mehaanilise koormuse alla.<br \/>\nMitte kasutada temperatuuril alla +5\u00b0C.<\/p>\n<p><strong>Kitsendused:<\/strong><br \/>\nEi sobi v\u00e4ga suure liikuvusega vuukide jaoks (\u00fcle 8% vuugi laiusest).<br \/>\nEi sobi p\u00fcsivalt veega kokkupuutes olevate \u00fchenduste jaoks.<br \/>\nEi sobi bituumenpindade \u00fchenduste jaoks.<br \/>\nHalb nakkuvus klaasi ja m\u00f5nede plastidega.<br \/>\nV\u00f5ib p\u00f5hjustada haljaste metallpindade korrosiooni.<br \/>\nP\u00e4rast tardumist ei saa lihvida nagu kitti.<\/p>\n<\/p>\n<\/div>\n<\/div>\n<div id=\"col-444883961\" class=\"col medium-3 small-12 large-3\"  >\n<div class=\"col-inner\"  >\n<h3>Tehniline informatsioon <\/h3>\n<p><a href=\"https:\/\/espak.ee\/epood\/wp-content\/uploads\/2026\/03\/636_PENOSIL_Acrylic_Sealant_636_TDS_est.pdf\"target=\"_blank\" rel=\"noopener noreferrer\"><i class=\"far fa-file-pdf\"><\/i> Tehniline info (PDF)<\/a><\/p>\n<h3>Ohutuskaart <\/h3>\n<p><a href=\"https:\/\/espak.ee\/epood\/wp-content\/uploads\/2026\/03\/636_Penosil_Acrylic_Sealant_636_color_white_SDS_et-EE.pdf\"target=\"_blank\" rel=\"noopener noreferrer\"><i class=\"far fa-file-pdf\"><\/i> Ohutuskaart (PDF)<\/a><\/p>\n<div class=\"is-divider divider clearfix\" ><\/div>\n<p><strong>\u00dcksikasjalikuma n\u00f5u saamiseks v\u00f5tke \u00fchendust:<br \/><\/strong>Wolf Group O\u00dc<br \/>Suur-Paala 6<br \/>13619<br \/>Tallinn<br \/>+372 605 9301<\/p>\n<\/p>\n<\/div>\n<\/div>\n<\/div>\n","protected":false},"excerpt":{"rendered":"<p>PENOSIL Acrylic Sealant 636 on eriti peene tekstuuriga veep\u00f5hine akr\u00fc\u00fclhermeetik t\u00fchimike ja vuukide t\u00e4itmiseks enne v\u00e4rvimist. Moodustab kauakestva plastse UV- ja hallituskindla \u00fchenduse k\u00f5ige levinumate ehitusmaterjalidega, n\u00e4iteks betooni, kipsplaatide ja puiduga ning tagab siledad ja laitmatult viimistletud pinnad. Iga ostetud Acrylic Sealant 636&#8217;ga toetate Eesti Maadlusliitu ning annate hoogu laste ja noorte maadluskarj\u00e4\u00e4rile.<\/p>","protected":false},"featured_media":638696,"comment_status":"open","ping_status":"closed","template":"","meta":{"_acf_changed":false},"product_brand":[],"product_cat":[110,498],"product_tag":[],"class_list":{"0":"post-452948","1":"product","2":"type-product","3":"status-publish","4":"has-post-thumbnail","6":"product_cat-hermeetikud-silikoonid-akruulid","7":"product_cat-espak","9":"first","10":"instock","11":"sale","12":"shipping-taxable","13":"purchasable","14":"product-type-simple"},"acf":[],"yoast_head":"<!-- This site is optimized with the Yoast SEO Premium plugin v18.7 (Yoast SEO v26.5) - https:\/\/yoast.com\/wordpress\/plugins\/seo\/ -->\n<title>V\u00c4RVITAV AKR\u00dc\u00dcLHERMEETIK PENOSIL ACRYLIC SEALANT 636 280ML VALGE - Ehituslahendused<\/title>\n<meta name=\"robots\" content=\"index, follow, max-snippet:-1, max-image-preview:large, max-video-preview:-1\" \/>\n<link rel=\"canonical\" href=\"https:\/\/justbuildit.eu\/en\/pood\/tihendusmaterjalid\/hermeetikud-silikoonid-akruulid\/varvitav-akruulhermeetik-penosil-acrylic-sealant-636-280ml-valge\/\" \/>\n<meta property=\"og:locale\" content=\"en_US\" \/>\n<meta property=\"og:type\" content=\"article\" \/>\n<meta property=\"og:title\" content=\"V\u00c4RVITAV AKR\u00dc\u00dcLHERMEETIK PENOSIL ACRYLIC SEALANT 636 280ML VALGE\" \/>\n<meta property=\"og:description\" content=\"PENOSIL Acrylic Sealant 636 on eriti peene tekstuuriga veep\u00f5hine akr\u00fc\u00fclhermeetik t\u00fchimike ja vuukide t\u00e4itmiseks enne v\u00e4rvimist. Moodustab kauakestva plastse UV- ja hallituskindla \u00fchenduse k\u00f5ige levinumate ehitusmaterjalidega, n\u00e4iteks betooni, kipsplaatide ja puiduga ning tagab siledad ja laitmatult viimistletud pinnad. Iga ostetud Acrylic Sealant 636&#039;ga toetate Eesti Maadlusliitu ning annate hoogu laste ja noorte maadluskarj\u00e4\u00e4rile.\" \/>\n<meta property=\"og:url\" content=\"https:\/\/justbuildit.eu\/en\/pood\/tihendusmaterjalid\/hermeetikud-silikoonid-akruulid\/varvitav-akruulhermeetik-penosil-acrylic-sealant-636-280ml-valge\/\" \/>\n<meta property=\"og:site_name\" content=\"Ehituslahendused\" \/>\n<meta property=\"article:publisher\" content=\"https:\/\/www.facebook.com\/justbuildit.ee\" \/>\n<meta property=\"article:modified_time\" content=\"2026-04-11T09:03:29+00:00\" \/>\n<meta property=\"og:image\" content=\"https:\/\/justbuildit.eu\/wp-content\/uploads\/2024\/06\/636_Acrylic_Sealant_636_280ml_EE-RU_Maadlus_1.png.jpg\" \/>\n\t<meta property=\"og:image:width\" content=\"1000\" \/>\n\t<meta property=\"og:image:height\" content=\"1000\" \/>\n\t<meta property=\"og:image:type\" content=\"image\/jpeg\" \/>\n<meta name=\"twitter:card\" content=\"summary_large_image\" \/>\n<script type=\"application\/ld+json\" class=\"yoast-schema-graph\">{\"@context\":\"https:\/\/schema.org\",\"@graph\":[{\"@type\":\"WebPage\",\"@id\":\"https:\/\/justbuildit.eu\/en\/pood\/tihendusmaterjalid\/hermeetikud-silikoonid-akruulid\/varvitav-akruulhermeetik-penosil-acrylic-sealant-636-280ml-valge\/\",\"url\":\"https:\/\/justbuildit.eu\/en\/pood\/tihendusmaterjalid\/hermeetikud-silikoonid-akruulid\/varvitav-akruulhermeetik-penosil-acrylic-sealant-636-280ml-valge\/\",\"name\":\"V\u00c4RVITAV AKR\u00dc\u00dcLHERMEETIK PENOSIL ACRYLIC SEALANT 636 280ML VALGE - Ehituslahendused\",\"isPartOf\":{\"@id\":\"https:\/\/justbuildit.eu\/en\/#website\"},\"primaryImageOfPage\":{\"@id\":\"https:\/\/justbuildit.eu\/en\/pood\/tihendusmaterjalid\/hermeetikud-silikoonid-akruulid\/varvitav-akruulhermeetik-penosil-acrylic-sealant-636-280ml-valge\/#primaryimage\"},\"image\":{\"@id\":\"https:\/\/justbuildit.eu\/en\/pood\/tihendusmaterjalid\/hermeetikud-silikoonid-akruulid\/varvitav-akruulhermeetik-penosil-acrylic-sealant-636-280ml-valge\/#primaryimage\"},\"thumbnailUrl\":\"https:\/\/justbuildit.eu\/wp-content\/uploads\/2024\/06\/636_Acrylic_Sealant_636_280ml_EE-RU_Maadlus_1.png.jpg\",\"datePublished\":\"2024-06-09T08:21:48+00:00\",\"dateModified\":\"2026-04-11T09:03:29+00:00\",\"breadcrumb\":{\"@id\":\"https:\/\/justbuildit.eu\/en\/pood\/tihendusmaterjalid\/hermeetikud-silikoonid-akruulid\/varvitav-akruulhermeetik-penosil-acrylic-sealant-636-280ml-valge\/#breadcrumb\"},\"inLanguage\":\"en-US\",\"potentialAction\":[{\"@type\":\"ReadAction\",\"target\":[\"https:\/\/justbuildit.eu\/en\/pood\/tihendusmaterjalid\/hermeetikud-silikoonid-akruulid\/varvitav-akruulhermeetik-penosil-acrylic-sealant-636-280ml-valge\/\"]}]},{\"@type\":\"ImageObject\",\"inLanguage\":\"en-US\",\"@id\":\"https:\/\/justbuildit.eu\/en\/pood\/tihendusmaterjalid\/hermeetikud-silikoonid-akruulid\/varvitav-akruulhermeetik-penosil-acrylic-sealant-636-280ml-valge\/#primaryimage\",\"url\":\"https:\/\/justbuildit.eu\/wp-content\/uploads\/2024\/06\/636_Acrylic_Sealant_636_280ml_EE-RU_Maadlus_1.png.jpg\",\"contentUrl\":\"https:\/\/justbuildit.eu\/wp-content\/uploads\/2024\/06\/636_Acrylic_Sealant_636_280ml_EE-RU_Maadlus_1.png.jpg\",\"width\":1000,\"height\":1000},{\"@type\":\"BreadcrumbList\",\"@id\":\"https:\/\/justbuildit.eu\/en\/pood\/tihendusmaterjalid\/hermeetikud-silikoonid-akruulid\/varvitav-akruulhermeetik-penosil-acrylic-sealant-636-280ml-valge\/#breadcrumb\",\"itemListElement\":[{\"@type\":\"ListItem\",\"position\":1,\"name\":\"Home\",\"item\":\"https:\/\/justbuildit.eu\/en\/\"},{\"@type\":\"ListItem\",\"position\":2,\"name\":\"Shop\",\"item\":\"https:\/\/justbuildit.eu\/en\/building-materials\/\"},{\"@type\":\"ListItem\",\"position\":3,\"name\":\"V\u00c4RVITAV AKR\u00dc\u00dcLHERMEETIK PENOSIL ACRYLIC SEALANT 636 280ML VALGE\"}]},{\"@type\":\"WebSite\",\"@id\":\"https:\/\/justbuildit.eu\/en\/#website\",\"url\":\"https:\/\/justbuildit.eu\/en\/\",\"name\":\"Ehituslahendused\",\"description\":\"Ehituslahendused ja materjalid\",\"publisher\":{\"@id\":\"https:\/\/justbuildit.eu\/en\/#organization\"},\"potentialAction\":[{\"@type\":\"SearchAction\",\"target\":{\"@type\":\"EntryPoint\",\"urlTemplate\":\"https:\/\/justbuildit.eu\/en\/?s={search_term_string}\"},\"query-input\":{\"@type\":\"PropertyValueSpecification\",\"valueRequired\":true,\"valueName\":\"search_term_string\"}}],\"inLanguage\":\"en-US\"},{\"@type\":\"Organization\",\"@id\":\"https:\/\/justbuildit.eu\/en\/#organization\",\"name\":\"Just Build It O\u00dc\",\"url\":\"https:\/\/justbuildit.eu\/en\/\",\"logo\":{\"@type\":\"ImageObject\",\"inLanguage\":\"en-US\",\"@id\":\"https:\/\/justbuildit.eu\/en\/#\/schema\/logo\/image\/\",\"url\":\"https:\/\/justbuildit.eu\/wp-content\/uploads\/2022\/01\/justbuildit.png\",\"contentUrl\":\"https:\/\/justbuildit.eu\/wp-content\/uploads\/2022\/01\/justbuildit.png\",\"width\":173,\"height\":77,\"caption\":\"Just Build It O\u00dc\"},\"image\":{\"@id\":\"https:\/\/justbuildit.eu\/en\/#\/schema\/logo\/image\/\"},\"sameAs\":[\"https:\/\/www.facebook.com\/justbuildit.ee\"]}]}<\/script>\n<!-- \/ Yoast SEO Premium plugin. -->","yoast_head_json":{"title":"V\u00c4RVITAV AKR\u00dc\u00dcLHERMEETIK PENOSIL ACRYLIC SEALANT 636 280ML VALGE - Ehituslahendused","robots":{"index":"index","follow":"follow","max-snippet":"max-snippet:-1","max-image-preview":"max-image-preview:large","max-video-preview":"max-video-preview:-1"},"canonical":"https:\/\/justbuildit.eu\/en\/pood\/tihendusmaterjalid\/hermeetikud-silikoonid-akruulid\/varvitav-akruulhermeetik-penosil-acrylic-sealant-636-280ml-valge\/","og_locale":"en_US","og_type":"article","og_title":"V\u00c4RVITAV AKR\u00dc\u00dcLHERMEETIK PENOSIL ACRYLIC SEALANT 636 280ML VALGE","og_description":"PENOSIL Acrylic Sealant 636 on eriti peene tekstuuriga veep\u00f5hine akr\u00fc\u00fclhermeetik t\u00fchimike ja vuukide t\u00e4itmiseks enne v\u00e4rvimist. Moodustab kauakestva plastse UV- ja hallituskindla \u00fchenduse k\u00f5ige levinumate ehitusmaterjalidega, n\u00e4iteks betooni, kipsplaatide ja puiduga ning tagab siledad ja laitmatult viimistletud pinnad. Iga ostetud Acrylic Sealant 636'ga toetate Eesti Maadlusliitu ning annate hoogu laste ja noorte maadluskarj\u00e4\u00e4rile.","og_url":"https:\/\/justbuildit.eu\/en\/pood\/tihendusmaterjalid\/hermeetikud-silikoonid-akruulid\/varvitav-akruulhermeetik-penosil-acrylic-sealant-636-280ml-valge\/","og_site_name":"Ehituslahendused","article_publisher":"https:\/\/www.facebook.com\/justbuildit.ee","article_modified_time":"2026-04-11T09:03:29+00:00","og_image":[{"width":1000,"height":1000,"url":"https:\/\/justbuildit.eu\/wp-content\/uploads\/2024\/06\/636_Acrylic_Sealant_636_280ml_EE-RU_Maadlus_1.png.jpg","type":"image\/jpeg"}],"twitter_card":"summary_large_image","schema":{"@context":"https:\/\/schema.org","@graph":[{"@type":"WebPage","@id":"https:\/\/justbuildit.eu\/en\/pood\/tihendusmaterjalid\/hermeetikud-silikoonid-akruulid\/varvitav-akruulhermeetik-penosil-acrylic-sealant-636-280ml-valge\/","url":"https:\/\/justbuildit.eu\/en\/pood\/tihendusmaterjalid\/hermeetikud-silikoonid-akruulid\/varvitav-akruulhermeetik-penosil-acrylic-sealant-636-280ml-valge\/","name":"V\u00c4RVITAV AKR\u00dc\u00dcLHERMEETIK PENOSIL ACRYLIC SEALANT 636 280ML VALGE - Ehituslahendused","isPartOf":{"@id":"https:\/\/justbuildit.eu\/en\/#website"},"primaryImageOfPage":{"@id":"https:\/\/justbuildit.eu\/en\/pood\/tihendusmaterjalid\/hermeetikud-silikoonid-akruulid\/varvitav-akruulhermeetik-penosil-acrylic-sealant-636-280ml-valge\/#primaryimage"},"image":{"@id":"https:\/\/justbuildit.eu\/en\/pood\/tihendusmaterjalid\/hermeetikud-silikoonid-akruulid\/varvitav-akruulhermeetik-penosil-acrylic-sealant-636-280ml-valge\/#primaryimage"},"thumbnailUrl":"https:\/\/justbuildit.eu\/wp-content\/uploads\/2024\/06\/636_Acrylic_Sealant_636_280ml_EE-RU_Maadlus_1.png.jpg","datePublished":"2024-06-09T08:21:48+00:00","dateModified":"2026-04-11T09:03:29+00:00","breadcrumb":{"@id":"https:\/\/justbuildit.eu\/en\/pood\/tihendusmaterjalid\/hermeetikud-silikoonid-akruulid\/varvitav-akruulhermeetik-penosil-acrylic-sealant-636-280ml-valge\/#breadcrumb"},"inLanguage":"en-US","potentialAction":[{"@type":"ReadAction","target":["https:\/\/justbuildit.eu\/en\/pood\/tihendusmaterjalid\/hermeetikud-silikoonid-akruulid\/varvitav-akruulhermeetik-penosil-acrylic-sealant-636-280ml-valge\/"]}]},{"@type":"ImageObject","inLanguage":"en-US","@id":"https:\/\/justbuildit.eu\/en\/pood\/tihendusmaterjalid\/hermeetikud-silikoonid-akruulid\/varvitav-akruulhermeetik-penosil-acrylic-sealant-636-280ml-valge\/#primaryimage","url":"https:\/\/justbuildit.eu\/wp-content\/uploads\/2024\/06\/636_Acrylic_Sealant_636_280ml_EE-RU_Maadlus_1.png.jpg","contentUrl":"https:\/\/justbuildit.eu\/wp-content\/uploads\/2024\/06\/636_Acrylic_Sealant_636_280ml_EE-RU_Maadlus_1.png.jpg","width":1000,"height":1000},{"@type":"BreadcrumbList","@id":"https:\/\/justbuildit.eu\/en\/pood\/tihendusmaterjalid\/hermeetikud-silikoonid-akruulid\/varvitav-akruulhermeetik-penosil-acrylic-sealant-636-280ml-valge\/#breadcrumb","itemListElement":[{"@type":"ListItem","position":1,"name":"Home","item":"https:\/\/justbuildit.eu\/en\/"},{"@type":"ListItem","position":2,"name":"Shop","item":"https:\/\/justbuildit.eu\/en\/building-materials\/"},{"@type":"ListItem","position":3,"name":"V\u00c4RVITAV AKR\u00dc\u00dcLHERMEETIK PENOSIL ACRYLIC SEALANT 636 280ML VALGE"}]},{"@type":"WebSite","@id":"https:\/\/justbuildit.eu\/en\/#website","url":"https:\/\/justbuildit.eu\/en\/","name":"Ehituslahendused","description":"Ehituslahendused ja materjalid","publisher":{"@id":"https:\/\/justbuildit.eu\/en\/#organization"},"potentialAction":[{"@type":"SearchAction","target":{"@type":"EntryPoint","urlTemplate":"https:\/\/justbuildit.eu\/en\/?s={search_term_string}"},"query-input":{"@type":"PropertyValueSpecification","valueRequired":true,"valueName":"search_term_string"}}],"inLanguage":"en-US"},{"@type":"Organization","@id":"https:\/\/justbuildit.eu\/en\/#organization","name":"Just Build It O\u00dc","url":"https:\/\/justbuildit.eu\/en\/","logo":{"@type":"ImageObject","inLanguage":"en-US","@id":"https:\/\/justbuildit.eu\/en\/#\/schema\/logo\/image\/","url":"https:\/\/justbuildit.eu\/wp-content\/uploads\/2022\/01\/justbuildit.png","contentUrl":"https:\/\/justbuildit.eu\/wp-content\/uploads\/2022\/01\/justbuildit.png","width":173,"height":77,"caption":"Just Build It O\u00dc"},"image":{"@id":"https:\/\/justbuildit.eu\/en\/#\/schema\/logo\/image\/"},"sameAs":["https:\/\/www.facebook.com\/justbuildit.ee"]}]}},"_links":{"self":[{"href":"https:\/\/justbuildit.eu\/en\/wp-json\/wp\/v2\/product\/452948","targetHints":{"allow":["GET"]}}],"collection":[{"href":"https:\/\/justbuildit.eu\/en\/wp-json\/wp\/v2\/product"}],"about":[{"href":"https:\/\/justbuildit.eu\/en\/wp-json\/wp\/v2\/types\/product"}],"replies":[{"embeddable":true,"href":"https:\/\/justbuildit.eu\/en\/wp-json\/wp\/v2\/comments?post=452948"}],"wp:featuredmedia":[{"embeddable":true,"href":"https:\/\/justbuildit.eu\/en\/wp-json\/wp\/v2\/media\/638696"}],"wp:attachment":[{"href":"https:\/\/justbuildit.eu\/en\/wp-json\/wp\/v2\/media?parent=452948"}],"wp:term":[{"taxonomy":"product_brand","embeddable":true,"href":"https:\/\/justbuildit.eu\/en\/wp-json\/wp\/v2\/product_brand?post=452948"},{"taxonomy":"product_cat","embeddable":true,"href":"https:\/\/justbuildit.eu\/en\/wp-json\/wp\/v2\/product_cat?post=452948"},{"taxonomy":"product_tag","embeddable":true,"href":"https:\/\/justbuildit.eu\/en\/wp-json\/wp\/v2\/product_tag?post=452948"}],"curies":[{"name":"wp","href":"https:\/\/api.w.org\/{rel}","templated":true}]}}