{"id":488043,"date":"2024-10-02T09:37:49","date_gmt":"2024-10-02T06:37:49","guid":{"rendered":"https:\/\/justbuildit.eu\/?post_type=product&#038;p=488043"},"modified":"2026-04-11T12:03:23","modified_gmt":"2026-04-11T09:03:23","slug":"niiskuskindel-kergpahtel-vivacolor-w-3l","status":"publish","type":"product","link":"https:\/\/justbuildit.eu\/en\/pood\/pahtlid-krohvisegud\/pahtlid\/niiskuskindel-kergpahtel-vivacolor-w-3l\/","title":{"rendered":"NIISKUSKINDEL KERGPAHTEL VIVACOLOR W 3L"},"content":{"rendered":"<div class=\"row\"  id=\"row-2104746953\">\n<div id=\"col-1430067422\" class=\"col medium-9 small-12 large-9\"  >\n<div class=\"col-inner\"  >\n<h2>Niiskuskindel kergpahtel Vivacolor W 3L<\/h2>\n<p>Niiskuskindel kergpahtel niisketesse ja kuivadesse ruumidesse. Pahtel nakkub h\u00e4sti aluspinnaga ja on kergesti pinnale kantav. Sobib nii lauspahtelduseks, kui ka ebatasasuste,- aukude,- pragude ja vuukide t\u00e4itmiseks. Niiskuskindlale pahtlile omaselt on toode sinist v\u00e4rvi.<\/p>\n<div class=\"message-box relative\" style=\"padding-top:15px;padding-bottom:15px;\">\n<div class=\"message-box-bg-image bg-fill fill\" ><\/div>\n<div class=\"message-box-bg-overlay bg-fill fill\" ><\/div>\n<div class=\"container relative\">\n<div class=\"inner last-reset\">\n<div class=\"row align-middle align-center\"  id=\"row-1919815574\">\n<div id=\"col-1273828391\" class=\"col small-12 large-12\"  >\n<div class=\"col-inner text-left\"  >\n<h4>Omadused<\/h4>\n<div class=\"row\"  id=\"row-467496987\">\n<div id=\"col-1827689370\" class=\"col medium-6 small-12 large-6\"  >\n<div class=\"col-inner\"  >\n<p><i class=\"fa fa-check fa-2x\"><\/i> <strong> Niiskuskindel<\/strong><\/p>\n<p><i class=\"fa fa-check fa-2x\"><\/i> <strong> V\u00e4ga hea nakkev\u00f5imega<\/strong><\/p>\n<\/p>\n<\/div>\n<style>\n#col-1827689370 > .col-inner {\n  margin: 10px 0px 15px 0px;\n}\n<\/style>\n<\/p>\n<\/div>\n<div id=\"col-31019867\" class=\"col medium-6 small-12 large-6\"  >\n<div class=\"col-inner\"  >\n<p><i class=\"fa fa-check fa-2x\"><\/i> <strong> Sobib vuukide t\u00e4itmiseks<\/strong><\/p>\n<\/p>\n<\/div>\n<style>\n#col-31019867 > .col-inner {\n  margin: 0px 0px 15px 0px;\n}\n<\/style>\n<\/p>\n<\/div>\n<\/div>\n<\/div>\n<\/div>\n<\/div>\n<\/div>\n<\/div>\n<\/div>\n<div id=\"gap-891723230\" class=\"gap-element clearfix\" style=\"display:block; height:auto;\">\n<style>\n#gap-891723230 {\n  padding-top: 30px;\n}\n<\/style>\n<\/p>\n<\/div>\n<p><strong>Pinna ettevalmistamine:<\/strong><br \/>\n Varem v\u00e4rvimata pind:<br \/>\n Puhasta pind tolmust ja mustusest. Pese m\u00e4\u00e4rdunud v\u00f5i eelnevalt v\u00e4rvitud pind puhastusvahendiga Special Clean, loputa ja lase kuivada. Krundi n\u00f5rk ja tolmune pind alk\u00fc\u00fcdkruntv\u00e4rviga Special Primer.<br \/>\nVarem v\u00e4rvitud pind:<br \/>\n Puhasta pind vanast lahtisest v\u00e4rvist, tolmust ja mustusest. Pese m\u00e4\u00e4rdunud v\u00f5i eelnevalt v\u00e4rvitud pind puhastusvahendiga Special Clean, loputa ja lase kuivada. Lihvi l\u00e4ikiv pind matiks, eemalda lihvimistolm. Krundi n\u00f5rk ja tolmune pind alk\u00fc\u00fcdkruntv\u00e4rviga Special Primer.<\/p>\n<p><strong>Viimistlemine: <\/strong>Pahtelda pahtlilabidaga. Vuugid ja praod tugevda eelnevalt paberi v\u00f5i klaaskiudriidest lindiga. Vajadusel lihvi kuivanud pahtlipind, eemalda lihvimistolm. Lihvimise ajal kaitse silmi ja hingamisteid tolmu eest. Vajadusel kanna peale teine kiht.\n\t\t<\/div>\n<\/p>\n<\/div>\n<div id=\"col-920328646\" class=\"col medium-3 small-12 large-3\"  >\n<div class=\"col-inner\"  >\n<div id=\"gap-304042858\" class=\"gap-element clearfix\" style=\"display:block; height:auto;\">\n<style>\n#gap-304042858 {\n  padding-top: 30px;\n}\n<\/style>\n<\/p>\n<\/div>\n<h3>Tehniline informatsioon<\/h3>\n<p><a href=\"https:\/\/espak.ee\/epood\/wp-content\/uploads\/2024\/01\/Vivacolor_W_ET_PDS_Vivacolor.pdf\"target=\"_blank\" rel=\"noopener noreferrer\"><i class=\"far fa-file-pdf\"><\/i> Tehniline info (PDF)<\/a><\/p>\n<h3>Ohutuskaart<\/h3>\n<p><a href=\"https:\/\/espak.ee\/epood\/wp-content\/uploads\/2024\/01\/S0804EE_Estonia_EE_Vivacolor.pdf.pdf\"target=\"_blank\" rel=\"noopener noreferrer\"><i class=\"far fa-file-pdf\"><\/i> Ohutuskaart (PDF)<\/a><\/p>\n<div class=\"is-divider divider clearfix\" ><\/div>\n<h3>K\u00fcsi v\u00e4rvimisalast n\u00f5u:<\/h3>\n<p><a href=\"https:\/\/www.vivacolor.ee\/varviliin\" target=\"_blank\" rel=\"noopener noreferrer\"><img decoding=\"async\" class=\"alignnone size-full\" src=\"https:\/\/espak.ee\/epood\/wp-content\/uploads\/2023\/05\/TIK_Color_Line_EST2022_vert_BG_turqoise.jpg\" alt=\"\" width=\"158\" height=\"234\" \/><\/a><\/p>\n<\/p>\n<\/div>\n<\/div>\n<\/div>\n","protected":false},"excerpt":{"rendered":"<p>Niiskuskindel kergpahtel niisketesse ja kuivadesse ruumidesse. Pahtel nakkub h\u00e4sti aluspinnaga ja on kergesti pinnale kantav. Sobib nii lauspahtelduseks, kui ka ebatasasuste,- aukude,- pragude ja vuukide t\u00e4itmiseks. Niiskuskindlale pahtlile omaselt on toode sinist v\u00e4rvi.<\/p>","protected":false},"featured_media":488044,"comment_status":"open","ping_status":"closed","template":"","meta":{"_acf_changed":false},"product_brand":[],"product_cat":[93,91,498],"product_tag":[],"class_list":{"0":"post-488043","1":"product","2":"type-product","3":"status-publish","4":"has-post-thumbnail","6":"product_cat-pahtlid","7":"product_cat-pahtlid-krohvisegud","8":"product_cat-espak","10":"first","11":"instock","12":"sale","13":"shipping-taxable","14":"purchasable","15":"product-type-simple"},"acf":[],"yoast_head":"<!-- This site is optimized with the Yoast SEO Premium plugin v18.7 (Yoast SEO v26.5) - https:\/\/yoast.com\/wordpress\/plugins\/seo\/ -->\n<title>NIISKUSKINDEL KERGPAHTEL VIVACOLOR W 3L - Ehituslahendused<\/title>\n<meta name=\"robots\" content=\"index, follow, max-snippet:-1, max-image-preview:large, max-video-preview:-1\" \/>\n<link rel=\"canonical\" href=\"https:\/\/justbuildit.eu\/en\/pood\/pahtlid-krohvisegud\/pahtlid\/niiskuskindel-kergpahtel-vivacolor-w-3l\/\" \/>\n<meta property=\"og:locale\" content=\"en_US\" \/>\n<meta property=\"og:type\" content=\"article\" \/>\n<meta property=\"og:title\" content=\"NIISKUSKINDEL KERGPAHTEL VIVACOLOR W 3L\" \/>\n<meta property=\"og:description\" content=\"Niiskuskindel kergpahtel niisketesse ja kuivadesse ruumidesse. Pahtel nakkub h\u00e4sti aluspinnaga ja on kergesti pinnale kantav. Sobib nii lauspahtelduseks, kui ka ebatasasuste,- aukude,- pragude ja vuukide t\u00e4itmiseks. Niiskuskindlale pahtlile omaselt on toode sinist v\u00e4rvi.\" \/>\n<meta property=\"og:url\" content=\"https:\/\/justbuildit.eu\/en\/pood\/pahtlid-krohvisegud\/pahtlid\/niiskuskindel-kergpahtel-vivacolor-w-3l\/\" \/>\n<meta property=\"og:site_name\" content=\"Ehituslahendused\" \/>\n<meta property=\"article:publisher\" content=\"https:\/\/www.facebook.com\/justbuildit.ee\" \/>\n<meta property=\"article:modified_time\" content=\"2026-04-11T09:03:23+00:00\" \/>\n<meta property=\"og:image\" content=\"https:\/\/justbuildit.eu\/wp-content\/uploads\/2024\/10\/EE_Vivacolor-W_filler-2-2.jpg\" \/>\n\t<meta property=\"og:image:width\" content=\"1000\" \/>\n\t<meta property=\"og:image:height\" content=\"1000\" \/>\n\t<meta property=\"og:image:type\" content=\"image\/jpeg\" \/>\n<meta name=\"twitter:card\" content=\"summary_large_image\" \/>\n<script type=\"application\/ld+json\" class=\"yoast-schema-graph\">{\"@context\":\"https:\/\/schema.org\",\"@graph\":[{\"@type\":\"WebPage\",\"@id\":\"https:\/\/justbuildit.eu\/en\/pood\/pahtlid-krohvisegud\/pahtlid\/niiskuskindel-kergpahtel-vivacolor-w-3l\/\",\"url\":\"https:\/\/justbuildit.eu\/en\/pood\/pahtlid-krohvisegud\/pahtlid\/niiskuskindel-kergpahtel-vivacolor-w-3l\/\",\"name\":\"NIISKUSKINDEL KERGPAHTEL VIVACOLOR W 3L - Ehituslahendused\",\"isPartOf\":{\"@id\":\"https:\/\/justbuildit.eu\/en\/#website\"},\"primaryImageOfPage\":{\"@id\":\"https:\/\/justbuildit.eu\/en\/pood\/pahtlid-krohvisegud\/pahtlid\/niiskuskindel-kergpahtel-vivacolor-w-3l\/#primaryimage\"},\"image\":{\"@id\":\"https:\/\/justbuildit.eu\/en\/pood\/pahtlid-krohvisegud\/pahtlid\/niiskuskindel-kergpahtel-vivacolor-w-3l\/#primaryimage\"},\"thumbnailUrl\":\"https:\/\/justbuildit.eu\/wp-content\/uploads\/2024\/10\/EE_Vivacolor-W_filler-2-2.jpg\",\"datePublished\":\"2024-10-02T06:37:49+00:00\",\"dateModified\":\"2026-04-11T09:03:23+00:00\",\"breadcrumb\":{\"@id\":\"https:\/\/justbuildit.eu\/en\/pood\/pahtlid-krohvisegud\/pahtlid\/niiskuskindel-kergpahtel-vivacolor-w-3l\/#breadcrumb\"},\"inLanguage\":\"en-US\",\"potentialAction\":[{\"@type\":\"ReadAction\",\"target\":[\"https:\/\/justbuildit.eu\/en\/pood\/pahtlid-krohvisegud\/pahtlid\/niiskuskindel-kergpahtel-vivacolor-w-3l\/\"]}]},{\"@type\":\"ImageObject\",\"inLanguage\":\"en-US\",\"@id\":\"https:\/\/justbuildit.eu\/en\/pood\/pahtlid-krohvisegud\/pahtlid\/niiskuskindel-kergpahtel-vivacolor-w-3l\/#primaryimage\",\"url\":\"https:\/\/justbuildit.eu\/wp-content\/uploads\/2024\/10\/EE_Vivacolor-W_filler-2-2.jpg\",\"contentUrl\":\"https:\/\/justbuildit.eu\/wp-content\/uploads\/2024\/10\/EE_Vivacolor-W_filler-2-2.jpg\",\"width\":1000,\"height\":1000},{\"@type\":\"BreadcrumbList\",\"@id\":\"https:\/\/justbuildit.eu\/en\/pood\/pahtlid-krohvisegud\/pahtlid\/niiskuskindel-kergpahtel-vivacolor-w-3l\/#breadcrumb\",\"itemListElement\":[{\"@type\":\"ListItem\",\"position\":1,\"name\":\"Home\",\"item\":\"https:\/\/justbuildit.eu\/en\/\"},{\"@type\":\"ListItem\",\"position\":2,\"name\":\"Shop\",\"item\":\"https:\/\/justbuildit.eu\/en\/building-materials\/\"},{\"@type\":\"ListItem\",\"position\":3,\"name\":\"NIISKUSKINDEL KERGPAHTEL VIVACOLOR W 3L\"}]},{\"@type\":\"WebSite\",\"@id\":\"https:\/\/justbuildit.eu\/en\/#website\",\"url\":\"https:\/\/justbuildit.eu\/en\/\",\"name\":\"Ehituslahendused\",\"description\":\"Ehituslahendused ja materjalid\",\"publisher\":{\"@id\":\"https:\/\/justbuildit.eu\/en\/#organization\"},\"potentialAction\":[{\"@type\":\"SearchAction\",\"target\":{\"@type\":\"EntryPoint\",\"urlTemplate\":\"https:\/\/justbuildit.eu\/en\/?s={search_term_string}\"},\"query-input\":{\"@type\":\"PropertyValueSpecification\",\"valueRequired\":true,\"valueName\":\"search_term_string\"}}],\"inLanguage\":\"en-US\"},{\"@type\":\"Organization\",\"@id\":\"https:\/\/justbuildit.eu\/en\/#organization\",\"name\":\"Just Build It O\u00dc\",\"url\":\"https:\/\/justbuildit.eu\/en\/\",\"logo\":{\"@type\":\"ImageObject\",\"inLanguage\":\"en-US\",\"@id\":\"https:\/\/justbuildit.eu\/en\/#\/schema\/logo\/image\/\",\"url\":\"https:\/\/justbuildit.eu\/wp-content\/uploads\/2022\/01\/justbuildit.png\",\"contentUrl\":\"https:\/\/justbuildit.eu\/wp-content\/uploads\/2022\/01\/justbuildit.png\",\"width\":173,\"height\":77,\"caption\":\"Just Build It O\u00dc\"},\"image\":{\"@id\":\"https:\/\/justbuildit.eu\/en\/#\/schema\/logo\/image\/\"},\"sameAs\":[\"https:\/\/www.facebook.com\/justbuildit.ee\"]}]}<\/script>\n<!-- \/ Yoast SEO Premium plugin. -->","yoast_head_json":{"title":"NIISKUSKINDEL KERGPAHTEL VIVACOLOR W 3L - Ehituslahendused","robots":{"index":"index","follow":"follow","max-snippet":"max-snippet:-1","max-image-preview":"max-image-preview:large","max-video-preview":"max-video-preview:-1"},"canonical":"https:\/\/justbuildit.eu\/en\/pood\/pahtlid-krohvisegud\/pahtlid\/niiskuskindel-kergpahtel-vivacolor-w-3l\/","og_locale":"en_US","og_type":"article","og_title":"NIISKUSKINDEL KERGPAHTEL VIVACOLOR W 3L","og_description":"Niiskuskindel kergpahtel niisketesse ja kuivadesse ruumidesse. Pahtel nakkub h\u00e4sti aluspinnaga ja on kergesti pinnale kantav. Sobib nii lauspahtelduseks, kui ka ebatasasuste,- aukude,- pragude ja vuukide t\u00e4itmiseks. Niiskuskindlale pahtlile omaselt on toode sinist v\u00e4rvi.","og_url":"https:\/\/justbuildit.eu\/en\/pood\/pahtlid-krohvisegud\/pahtlid\/niiskuskindel-kergpahtel-vivacolor-w-3l\/","og_site_name":"Ehituslahendused","article_publisher":"https:\/\/www.facebook.com\/justbuildit.ee","article_modified_time":"2026-04-11T09:03:23+00:00","og_image":[{"width":1000,"height":1000,"url":"https:\/\/justbuildit.eu\/wp-content\/uploads\/2024\/10\/EE_Vivacolor-W_filler-2-2.jpg","type":"image\/jpeg"}],"twitter_card":"summary_large_image","schema":{"@context":"https:\/\/schema.org","@graph":[{"@type":"WebPage","@id":"https:\/\/justbuildit.eu\/en\/pood\/pahtlid-krohvisegud\/pahtlid\/niiskuskindel-kergpahtel-vivacolor-w-3l\/","url":"https:\/\/justbuildit.eu\/en\/pood\/pahtlid-krohvisegud\/pahtlid\/niiskuskindel-kergpahtel-vivacolor-w-3l\/","name":"NIISKUSKINDEL KERGPAHTEL VIVACOLOR W 3L - Ehituslahendused","isPartOf":{"@id":"https:\/\/justbuildit.eu\/en\/#website"},"primaryImageOfPage":{"@id":"https:\/\/justbuildit.eu\/en\/pood\/pahtlid-krohvisegud\/pahtlid\/niiskuskindel-kergpahtel-vivacolor-w-3l\/#primaryimage"},"image":{"@id":"https:\/\/justbuildit.eu\/en\/pood\/pahtlid-krohvisegud\/pahtlid\/niiskuskindel-kergpahtel-vivacolor-w-3l\/#primaryimage"},"thumbnailUrl":"https:\/\/justbuildit.eu\/wp-content\/uploads\/2024\/10\/EE_Vivacolor-W_filler-2-2.jpg","datePublished":"2024-10-02T06:37:49+00:00","dateModified":"2026-04-11T09:03:23+00:00","breadcrumb":{"@id":"https:\/\/justbuildit.eu\/en\/pood\/pahtlid-krohvisegud\/pahtlid\/niiskuskindel-kergpahtel-vivacolor-w-3l\/#breadcrumb"},"inLanguage":"en-US","potentialAction":[{"@type":"ReadAction","target":["https:\/\/justbuildit.eu\/en\/pood\/pahtlid-krohvisegud\/pahtlid\/niiskuskindel-kergpahtel-vivacolor-w-3l\/"]}]},{"@type":"ImageObject","inLanguage":"en-US","@id":"https:\/\/justbuildit.eu\/en\/pood\/pahtlid-krohvisegud\/pahtlid\/niiskuskindel-kergpahtel-vivacolor-w-3l\/#primaryimage","url":"https:\/\/justbuildit.eu\/wp-content\/uploads\/2024\/10\/EE_Vivacolor-W_filler-2-2.jpg","contentUrl":"https:\/\/justbuildit.eu\/wp-content\/uploads\/2024\/10\/EE_Vivacolor-W_filler-2-2.jpg","width":1000,"height":1000},{"@type":"BreadcrumbList","@id":"https:\/\/justbuildit.eu\/en\/pood\/pahtlid-krohvisegud\/pahtlid\/niiskuskindel-kergpahtel-vivacolor-w-3l\/#breadcrumb","itemListElement":[{"@type":"ListItem","position":1,"name":"Home","item":"https:\/\/justbuildit.eu\/en\/"},{"@type":"ListItem","position":2,"name":"Shop","item":"https:\/\/justbuildit.eu\/en\/building-materials\/"},{"@type":"ListItem","position":3,"name":"NIISKUSKINDEL KERGPAHTEL VIVACOLOR W 3L"}]},{"@type":"WebSite","@id":"https:\/\/justbuildit.eu\/en\/#website","url":"https:\/\/justbuildit.eu\/en\/","name":"Ehituslahendused","description":"Ehituslahendused ja materjalid","publisher":{"@id":"https:\/\/justbuildit.eu\/en\/#organization"},"potentialAction":[{"@type":"SearchAction","target":{"@type":"EntryPoint","urlTemplate":"https:\/\/justbuildit.eu\/en\/?s={search_term_string}"},"query-input":{"@type":"PropertyValueSpecification","valueRequired":true,"valueName":"search_term_string"}}],"inLanguage":"en-US"},{"@type":"Organization","@id":"https:\/\/justbuildit.eu\/en\/#organization","name":"Just Build It O\u00dc","url":"https:\/\/justbuildit.eu\/en\/","logo":{"@type":"ImageObject","inLanguage":"en-US","@id":"https:\/\/justbuildit.eu\/en\/#\/schema\/logo\/image\/","url":"https:\/\/justbuildit.eu\/wp-content\/uploads\/2022\/01\/justbuildit.png","contentUrl":"https:\/\/justbuildit.eu\/wp-content\/uploads\/2022\/01\/justbuildit.png","width":173,"height":77,"caption":"Just Build It O\u00dc"},"image":{"@id":"https:\/\/justbuildit.eu\/en\/#\/schema\/logo\/image\/"},"sameAs":["https:\/\/www.facebook.com\/justbuildit.ee"]}]}},"_links":{"self":[{"href":"https:\/\/justbuildit.eu\/en\/wp-json\/wp\/v2\/product\/488043","targetHints":{"allow":["GET"]}}],"collection":[{"href":"https:\/\/justbuildit.eu\/en\/wp-json\/wp\/v2\/product"}],"about":[{"href":"https:\/\/justbuildit.eu\/en\/wp-json\/wp\/v2\/types\/product"}],"replies":[{"embeddable":true,"href":"https:\/\/justbuildit.eu\/en\/wp-json\/wp\/v2\/comments?post=488043"}],"wp:featuredmedia":[{"embeddable":true,"href":"https:\/\/justbuildit.eu\/en\/wp-json\/wp\/v2\/media\/488044"}],"wp:attachment":[{"href":"https:\/\/justbuildit.eu\/en\/wp-json\/wp\/v2\/media?parent=488043"}],"wp:term":[{"taxonomy":"product_brand","embeddable":true,"href":"https:\/\/justbuildit.eu\/en\/wp-json\/wp\/v2\/product_brand?post=488043"},{"taxonomy":"product_cat","embeddable":true,"href":"https:\/\/justbuildit.eu\/en\/wp-json\/wp\/v2\/product_cat?post=488043"},{"taxonomy":"product_tag","embeddable":true,"href":"https:\/\/justbuildit.eu\/en\/wp-json\/wp\/v2\/product_tag?post=488043"}],"curies":[{"name":"wp","href":"https:\/\/api.w.org\/{rel}","templated":true}]}}