{"id":488377,"date":"2024-10-02T14:51:56","date_gmt":"2024-10-02T11:51:56","guid":{"rendered":"https:\/\/justbuildit.eu\/?post_type=product&#038;p=488377"},"modified":"2026-04-11T12:03:21","modified_gmt":"2026-04-11T09:03:21","slug":"elastne-plaatimissegu-k2-25kg","status":"publish","type":"product","link":"https:\/\/justbuildit.eu\/en\/pood\/ehitussegud\/plaatimissegud\/elastne-plaatimissegu-k2-25kg\/","title":{"rendered":"ELASTNE PLAATIMISSEGU K2 25KG"},"content":{"rendered":"<div class=\"row\"  id=\"row-180275639\">\n<div id=\"col-467890289\" class=\"col medium-9 small-12 large-9\"  >\n<div class=\"col-inner\"  >\n<h2>K2 &#8211; elastne plaatimissegu<\/h2>\n<p>K2 &#8211; tsemendip\u00f5hine elastne, v\u00e4hendatud libisevuse ja pikendatud paigaldusajaga (C2TE) plaatimissegu sise- ja v\u00e4list\u00f6\u00f6del seina-, p\u00f5randa- ning kipsplaatpindadele keraamiliste plaatide ja mittel\u00e4bipaistvate looduskivist plaatide liimimiseks. Sobib k\u00f6etavate p\u00f5randate katmiseks.<\/p>\n<div class=\"message-box relative\" style=\"padding-top:15px;padding-bottom:15px;\">\n<div class=\"message-box-bg-image bg-fill fill\" ><\/div>\n<div class=\"message-box-bg-overlay bg-fill fill\" ><\/div>\n<div class=\"container relative\">\n<div class=\"inner last-reset\">\n<div class=\"row align-middle align-center\"  id=\"row-228979755\">\n<div id=\"col-594152322\" class=\"col small-12 large-12\"  >\n<div class=\"col-inner text-left\"  >\n<h4>Omadused<\/h4>\n<div class=\"row\"  id=\"row-1530820540\">\n<div id=\"col-616453707\" class=\"col medium-6 small-12 large-6\"  >\n<div class=\"col-inner\"  >\n<p><i class=\"fa fa-check fa-2x\"><\/i> <strong>Sise- ja v\u00e4list\u00f6\u00f6deks<\/strong><\/p>\n<p><i class=\"fa fa-check fa-2x\"><\/i> <strong>K\u00f5rgendatud n\u00f5udmistele vastav tsementsegu<\/strong><\/p>\n<\/p>\n<\/div>\n<style>\n#col-616453707 > .col-inner {\n  margin: 0px 0px 15px 0px;\n}\n<\/style>\n<\/p>\n<\/div>\n<div id=\"col-384493611\" class=\"col medium-6 small-12 large-6\"  >\n<div class=\"col-inner\"  >\n<p><i class=\"fa fa-check fa-2x\"><\/i> <strong>V\u00e4hendatud libisevus<\/strong><\/p>\n<p><i class=\"fa fa-check fa-2x\"><\/i> <strong>Pikendatud paigaldusaeg<\/strong><\/p>\n<\/p>\n<\/div>\n<style>\n#col-384493611 > .col-inner {\n  margin: 0px 0px 15px 0px;\n}\n<\/style>\n<\/p>\n<\/div>\n<\/div>\n<\/div>\n<\/div>\n<\/div>\n<\/div>\n<\/div>\n<\/div>\n<div id=\"gap-483996847\" class=\"gap-element clearfix\" style=\"display:block; height:auto;\">\n<style>\n#gap-483996847 {\n  padding-top: 30px;\n}\n<\/style>\n<\/p>\n<\/div>\n<h3>Kasutamise \u00fcksikasjad<\/h3>\n<p><strong>Kasutusalad:<\/strong> Kandvatele stabiilsetele seina- ja p\u00f5randapindadele ning samuti kipsplaatpindadele \u00f5hukese kihina peale kantav plaatimissegu keraamiliste plaatide ja mittel\u00e4bipaistvate (kaitsekihi korral sellest puhastatud) looduskiviplaatide kinnitamiseks sise- ja v\u00e4list\u00f6\u00f6del. Sobib kasutamiseks k\u00f6etavatel p\u00f5randatel.<\/p>\n<p><strong>Kasutusjuhis:<\/strong> Kandke valmissegatud plaatimissegu vajaliku kihina ettevalmistatud pinnale (segukamm peab vastama plaadi suurusele). Suruge plaat tugeva p\u00f6\u00f6rdliigutusega plaatimissegu sisse. Kui ettekammitud segule moodustub kuivamiskelme (katsuge s\u00f5rmega), eemaldage segukiht ja kandke asemele uus. Plaatide paigalduse ja asendi korrigeerimise aeg s\u00f5ltub aluspinna ja plaadi imamisomadustest ning \u00f5hutemperatuurist. Vuugid t\u00e4idetakse p\u00e4rast plaatimissegu kivistumist.<\/p>\n<\/p>\n<\/div>\n<\/div>\n<div id=\"col-1525400934\" class=\"col medium-3 small-12 large-3\"  >\n<div class=\"col-inner\"  >\n<div id=\"gap-153678877\" class=\"gap-element clearfix\" style=\"display:block; height:auto;\">\n<style>\n#gap-153678877 {\n  padding-top: 30px;\n}\n<\/style>\n<\/p>\n<\/div>\n<h3>Tehniline informatsioon<\/h3>\n<p><a href=\"https:\/\/espak.ee\/epood\/wp-content\/uploads\/K2-tooteleht.pdf\" target=\"_blank\" rel=\"noopener noreferrer\"><i class=\"far fa-file-pdf\"><\/i> Tehniline info (PDF)<\/a><\/p>\n<h3>Ohutusalane teave<\/h3>\n<p><a href=\"https:\/\/espak.ee\/epood\/wp-content\/uploads\/K2-ohutuskaart.pdf\" target=\"_blank\" rel=\"noopener noreferrer\"><i class=\"far fa-file-pdf\"><\/i> Ohutusalane teave (PDF)<\/a><\/p>\n<div class=\"is-divider divider clearfix\" ><\/div>\n<p><strong>\u00dcksikasjalikuma n\u00f5u saamiseks v\u00f5tke \u00fchendust:<br \/><\/strong>Knauf Tallinn U\u00dc<br \/>J\u00e4rvevana tee 7B<br \/>10132<br \/>Tallinn<br \/>+372 6518697<\/p>\n<div class=\"is-divider divider clearfix\" ><\/div>\n<\/p>\n<\/div>\n<\/div>\n<\/div>\n","protected":false},"excerpt":{"rendered":"<p>K2 &#8211; tsemendip\u00f5hine elastne, v\u00e4hendatud libisevuse ja pikendatud paigaldusajaga (C2TE) plaatimissegu sise- ja v\u00e4list\u00f6\u00f6del seina-, p\u00f5randa- ning kipsplaatpindadele keraamiliste plaatide ja mittel\u00e4bipaistvate looduskivist plaatide liimimiseks. Sobib k\u00f6etavate p\u00f5randate katmiseks.<\/p>","protected":false},"featured_media":488378,"comment_status":"open","ping_status":"closed","template":"","meta":{"_acf_changed":false},"product_brand":[],"product_cat":[59,498],"product_tag":[],"class_list":{"0":"post-488377","1":"product","2":"type-product","3":"status-publish","4":"has-post-thumbnail","6":"product_cat-plaatimissegud","7":"product_cat-espak","9":"first","10":"instock","11":"sale","12":"shipping-taxable","13":"purchasable","14":"product-type-simple"},"acf":[],"yoast_head":"<!-- This site is optimized with the Yoast SEO Premium plugin v18.7 (Yoast SEO v26.5) - https:\/\/yoast.com\/wordpress\/plugins\/seo\/ -->\n<title>ELASTNE PLAATIMISSEGU K2 25KG - Ehituslahendused<\/title>\n<meta name=\"robots\" content=\"index, follow, max-snippet:-1, max-image-preview:large, max-video-preview:-1\" \/>\n<link rel=\"canonical\" href=\"https:\/\/justbuildit.eu\/en\/pood\/ehitussegud\/plaatimissegud\/elastne-plaatimissegu-k2-25kg\/\" \/>\n<meta property=\"og:locale\" content=\"en_US\" \/>\n<meta property=\"og:type\" content=\"article\" \/>\n<meta property=\"og:title\" content=\"ELASTNE PLAATIMISSEGU K2 25KG\" \/>\n<meta property=\"og:description\" content=\"K2 - tsemendip\u00f5hine elastne, v\u00e4hendatud libisevuse ja pikendatud paigaldusajaga (C2TE) plaatimissegu sise- ja v\u00e4list\u00f6\u00f6del seina-, p\u00f5randa- ning kipsplaatpindadele keraamiliste plaatide ja mittel\u00e4bipaistvate looduskivist plaatide liimimiseks. Sobib k\u00f6etavate p\u00f5randate katmiseks.\" \/>\n<meta property=\"og:url\" content=\"https:\/\/justbuildit.eu\/en\/pood\/ehitussegud\/plaatimissegud\/elastne-plaatimissegu-k2-25kg\/\" \/>\n<meta property=\"og:site_name\" content=\"Ehituslahendused\" \/>\n<meta property=\"article:publisher\" content=\"https:\/\/www.facebook.com\/justbuildit.ee\" \/>\n<meta property=\"article:modified_time\" content=\"2026-04-11T09:03:21+00:00\" \/>\n<meta property=\"og:image\" content=\"https:\/\/justbuildit.eu\/wp-content\/uploads\/2024\/10\/K2.jpg\" \/>\n\t<meta property=\"og:image:width\" content=\"683\" \/>\n\t<meta property=\"og:image:height\" content=\"683\" \/>\n\t<meta property=\"og:image:type\" content=\"image\/jpeg\" \/>\n<meta name=\"twitter:card\" content=\"summary_large_image\" \/>\n<script type=\"application\/ld+json\" class=\"yoast-schema-graph\">{\"@context\":\"https:\/\/schema.org\",\"@graph\":[{\"@type\":\"WebPage\",\"@id\":\"https:\/\/justbuildit.eu\/en\/pood\/ehitussegud\/plaatimissegud\/elastne-plaatimissegu-k2-25kg\/\",\"url\":\"https:\/\/justbuildit.eu\/en\/pood\/ehitussegud\/plaatimissegud\/elastne-plaatimissegu-k2-25kg\/\",\"name\":\"ELASTNE PLAATIMISSEGU K2 25KG - Ehituslahendused\",\"isPartOf\":{\"@id\":\"https:\/\/justbuildit.eu\/en\/#website\"},\"primaryImageOfPage\":{\"@id\":\"https:\/\/justbuildit.eu\/en\/pood\/ehitussegud\/plaatimissegud\/elastne-plaatimissegu-k2-25kg\/#primaryimage\"},\"image\":{\"@id\":\"https:\/\/justbuildit.eu\/en\/pood\/ehitussegud\/plaatimissegud\/elastne-plaatimissegu-k2-25kg\/#primaryimage\"},\"thumbnailUrl\":\"https:\/\/justbuildit.eu\/wp-content\/uploads\/2024\/10\/K2.jpg\",\"datePublished\":\"2024-10-02T11:51:56+00:00\",\"dateModified\":\"2026-04-11T09:03:21+00:00\",\"breadcrumb\":{\"@id\":\"https:\/\/justbuildit.eu\/en\/pood\/ehitussegud\/plaatimissegud\/elastne-plaatimissegu-k2-25kg\/#breadcrumb\"},\"inLanguage\":\"en-US\",\"potentialAction\":[{\"@type\":\"ReadAction\",\"target\":[\"https:\/\/justbuildit.eu\/en\/pood\/ehitussegud\/plaatimissegud\/elastne-plaatimissegu-k2-25kg\/\"]}]},{\"@type\":\"ImageObject\",\"inLanguage\":\"en-US\",\"@id\":\"https:\/\/justbuildit.eu\/en\/pood\/ehitussegud\/plaatimissegud\/elastne-plaatimissegu-k2-25kg\/#primaryimage\",\"url\":\"https:\/\/justbuildit.eu\/wp-content\/uploads\/2024\/10\/K2.jpg\",\"contentUrl\":\"https:\/\/justbuildit.eu\/wp-content\/uploads\/2024\/10\/K2.jpg\",\"width\":683,\"height\":683},{\"@type\":\"BreadcrumbList\",\"@id\":\"https:\/\/justbuildit.eu\/en\/pood\/ehitussegud\/plaatimissegud\/elastne-plaatimissegu-k2-25kg\/#breadcrumb\",\"itemListElement\":[{\"@type\":\"ListItem\",\"position\":1,\"name\":\"Home\",\"item\":\"https:\/\/justbuildit.eu\/en\/\"},{\"@type\":\"ListItem\",\"position\":2,\"name\":\"Shop\",\"item\":\"https:\/\/justbuildit.eu\/en\/building-materials\/\"},{\"@type\":\"ListItem\",\"position\":3,\"name\":\"ELASTNE PLAATIMISSEGU K2 25KG\"}]},{\"@type\":\"WebSite\",\"@id\":\"https:\/\/justbuildit.eu\/en\/#website\",\"url\":\"https:\/\/justbuildit.eu\/en\/\",\"name\":\"Ehituslahendused\",\"description\":\"Ehituslahendused ja materjalid\",\"publisher\":{\"@id\":\"https:\/\/justbuildit.eu\/en\/#organization\"},\"potentialAction\":[{\"@type\":\"SearchAction\",\"target\":{\"@type\":\"EntryPoint\",\"urlTemplate\":\"https:\/\/justbuildit.eu\/en\/?s={search_term_string}\"},\"query-input\":{\"@type\":\"PropertyValueSpecification\",\"valueRequired\":true,\"valueName\":\"search_term_string\"}}],\"inLanguage\":\"en-US\"},{\"@type\":\"Organization\",\"@id\":\"https:\/\/justbuildit.eu\/en\/#organization\",\"name\":\"Just Build It O\u00dc\",\"url\":\"https:\/\/justbuildit.eu\/en\/\",\"logo\":{\"@type\":\"ImageObject\",\"inLanguage\":\"en-US\",\"@id\":\"https:\/\/justbuildit.eu\/en\/#\/schema\/logo\/image\/\",\"url\":\"https:\/\/justbuildit.eu\/wp-content\/uploads\/2022\/01\/justbuildit.png\",\"contentUrl\":\"https:\/\/justbuildit.eu\/wp-content\/uploads\/2022\/01\/justbuildit.png\",\"width\":173,\"height\":77,\"caption\":\"Just Build It O\u00dc\"},\"image\":{\"@id\":\"https:\/\/justbuildit.eu\/en\/#\/schema\/logo\/image\/\"},\"sameAs\":[\"https:\/\/www.facebook.com\/justbuildit.ee\"]}]}<\/script>\n<!-- \/ Yoast SEO Premium plugin. -->","yoast_head_json":{"title":"ELASTNE PLAATIMISSEGU K2 25KG - Ehituslahendused","robots":{"index":"index","follow":"follow","max-snippet":"max-snippet:-1","max-image-preview":"max-image-preview:large","max-video-preview":"max-video-preview:-1"},"canonical":"https:\/\/justbuildit.eu\/en\/pood\/ehitussegud\/plaatimissegud\/elastne-plaatimissegu-k2-25kg\/","og_locale":"en_US","og_type":"article","og_title":"ELASTNE PLAATIMISSEGU K2 25KG","og_description":"K2 - tsemendip\u00f5hine elastne, v\u00e4hendatud libisevuse ja pikendatud paigaldusajaga (C2TE) plaatimissegu sise- ja v\u00e4list\u00f6\u00f6del seina-, p\u00f5randa- ning kipsplaatpindadele keraamiliste plaatide ja mittel\u00e4bipaistvate looduskivist plaatide liimimiseks. Sobib k\u00f6etavate p\u00f5randate katmiseks.","og_url":"https:\/\/justbuildit.eu\/en\/pood\/ehitussegud\/plaatimissegud\/elastne-plaatimissegu-k2-25kg\/","og_site_name":"Ehituslahendused","article_publisher":"https:\/\/www.facebook.com\/justbuildit.ee","article_modified_time":"2026-04-11T09:03:21+00:00","og_image":[{"width":683,"height":683,"url":"https:\/\/justbuildit.eu\/wp-content\/uploads\/2024\/10\/K2.jpg","type":"image\/jpeg"}],"twitter_card":"summary_large_image","schema":{"@context":"https:\/\/schema.org","@graph":[{"@type":"WebPage","@id":"https:\/\/justbuildit.eu\/en\/pood\/ehitussegud\/plaatimissegud\/elastne-plaatimissegu-k2-25kg\/","url":"https:\/\/justbuildit.eu\/en\/pood\/ehitussegud\/plaatimissegud\/elastne-plaatimissegu-k2-25kg\/","name":"ELASTNE PLAATIMISSEGU K2 25KG - Ehituslahendused","isPartOf":{"@id":"https:\/\/justbuildit.eu\/en\/#website"},"primaryImageOfPage":{"@id":"https:\/\/justbuildit.eu\/en\/pood\/ehitussegud\/plaatimissegud\/elastne-plaatimissegu-k2-25kg\/#primaryimage"},"image":{"@id":"https:\/\/justbuildit.eu\/en\/pood\/ehitussegud\/plaatimissegud\/elastne-plaatimissegu-k2-25kg\/#primaryimage"},"thumbnailUrl":"https:\/\/justbuildit.eu\/wp-content\/uploads\/2024\/10\/K2.jpg","datePublished":"2024-10-02T11:51:56+00:00","dateModified":"2026-04-11T09:03:21+00:00","breadcrumb":{"@id":"https:\/\/justbuildit.eu\/en\/pood\/ehitussegud\/plaatimissegud\/elastne-plaatimissegu-k2-25kg\/#breadcrumb"},"inLanguage":"en-US","potentialAction":[{"@type":"ReadAction","target":["https:\/\/justbuildit.eu\/en\/pood\/ehitussegud\/plaatimissegud\/elastne-plaatimissegu-k2-25kg\/"]}]},{"@type":"ImageObject","inLanguage":"en-US","@id":"https:\/\/justbuildit.eu\/en\/pood\/ehitussegud\/plaatimissegud\/elastne-plaatimissegu-k2-25kg\/#primaryimage","url":"https:\/\/justbuildit.eu\/wp-content\/uploads\/2024\/10\/K2.jpg","contentUrl":"https:\/\/justbuildit.eu\/wp-content\/uploads\/2024\/10\/K2.jpg","width":683,"height":683},{"@type":"BreadcrumbList","@id":"https:\/\/justbuildit.eu\/en\/pood\/ehitussegud\/plaatimissegud\/elastne-plaatimissegu-k2-25kg\/#breadcrumb","itemListElement":[{"@type":"ListItem","position":1,"name":"Home","item":"https:\/\/justbuildit.eu\/en\/"},{"@type":"ListItem","position":2,"name":"Shop","item":"https:\/\/justbuildit.eu\/en\/building-materials\/"},{"@type":"ListItem","position":3,"name":"ELASTNE PLAATIMISSEGU K2 25KG"}]},{"@type":"WebSite","@id":"https:\/\/justbuildit.eu\/en\/#website","url":"https:\/\/justbuildit.eu\/en\/","name":"Ehituslahendused","description":"Ehituslahendused ja materjalid","publisher":{"@id":"https:\/\/justbuildit.eu\/en\/#organization"},"potentialAction":[{"@type":"SearchAction","target":{"@type":"EntryPoint","urlTemplate":"https:\/\/justbuildit.eu\/en\/?s={search_term_string}"},"query-input":{"@type":"PropertyValueSpecification","valueRequired":true,"valueName":"search_term_string"}}],"inLanguage":"en-US"},{"@type":"Organization","@id":"https:\/\/justbuildit.eu\/en\/#organization","name":"Just Build It O\u00dc","url":"https:\/\/justbuildit.eu\/en\/","logo":{"@type":"ImageObject","inLanguage":"en-US","@id":"https:\/\/justbuildit.eu\/en\/#\/schema\/logo\/image\/","url":"https:\/\/justbuildit.eu\/wp-content\/uploads\/2022\/01\/justbuildit.png","contentUrl":"https:\/\/justbuildit.eu\/wp-content\/uploads\/2022\/01\/justbuildit.png","width":173,"height":77,"caption":"Just Build It O\u00dc"},"image":{"@id":"https:\/\/justbuildit.eu\/en\/#\/schema\/logo\/image\/"},"sameAs":["https:\/\/www.facebook.com\/justbuildit.ee"]}]}},"_links":{"self":[{"href":"https:\/\/justbuildit.eu\/en\/wp-json\/wp\/v2\/product\/488377","targetHints":{"allow":["GET"]}}],"collection":[{"href":"https:\/\/justbuildit.eu\/en\/wp-json\/wp\/v2\/product"}],"about":[{"href":"https:\/\/justbuildit.eu\/en\/wp-json\/wp\/v2\/types\/product"}],"replies":[{"embeddable":true,"href":"https:\/\/justbuildit.eu\/en\/wp-json\/wp\/v2\/comments?post=488377"}],"wp:featuredmedia":[{"embeddable":true,"href":"https:\/\/justbuildit.eu\/en\/wp-json\/wp\/v2\/media\/488378"}],"wp:attachment":[{"href":"https:\/\/justbuildit.eu\/en\/wp-json\/wp\/v2\/media?parent=488377"}],"wp:term":[{"taxonomy":"product_brand","embeddable":true,"href":"https:\/\/justbuildit.eu\/en\/wp-json\/wp\/v2\/product_brand?post=488377"},{"taxonomy":"product_cat","embeddable":true,"href":"https:\/\/justbuildit.eu\/en\/wp-json\/wp\/v2\/product_cat?post=488377"},{"taxonomy":"product_tag","embeddable":true,"href":"https:\/\/justbuildit.eu\/en\/wp-json\/wp\/v2\/product_tag?post=488377"}],"curies":[{"name":"wp","href":"https:\/\/api.w.org\/{rel}","templated":true}]}}