{"id":488403,"date":"2024-10-02T14:58:01","date_gmt":"2024-10-02T11:58:01","guid":{"rendered":"https:\/\/justbuildit.eu\/?post_type=product&#038;p=488403"},"modified":"2026-04-16T12:03:27","modified_gmt":"2026-04-16T09:03:27","slug":"vaga-elastne-plaatimissegu-mira-3130-superfix-valge-15kg","status":"publish","type":"product","link":"https:\/\/justbuildit.eu\/en\/pood\/ehitussegud\/plaatimissegud\/vaga-elastne-plaatimissegu-mira-3130-superfix-valge-15kg\/","title":{"rendered":"V\u00c4GA ELASTNE PLAATIMISSEGU MIRA 3130 SUPERFIX VALGE 15KG"},"content":{"rendered":"<div class=\"row\"  id=\"row-1710610810\">\n<div id=\"col-1075332686\" class=\"col medium-9 small-12 large-9\"  >\n<div class=\"col-inner\"  >\n<h2>V\u00e4ga elastne parandatud nakkega plaatimissegu.<\/h2>\n<p>Valge, tsemendi baasil, pol\u00fcmeeridega tugevdatud plaadiliim p\u00f5randatele ja seintele, sise-ja v\u00e4listingimustes, niisketes ja kuivades ruumides m\u00f5\u00f5duka deformatsiooniga aluspindadel. 3130 superfix on v\u00e4ga laialdaste kasutusv\u00f5imalustega plaadiliim, mis vastab enamuste aluspindade ja plaadit\u00fc\u00fcbi n\u00f5uetele. 3130 superfix on kuivsegu, mis on peale veega segamist valmis kasutamiseks. Plaadiliimi on on kerge ette valmistada ja lihtne pinnale kanda.<\/p>\n<div class=\"message-box relative\" style=\"padding-top:15px;padding-bottom:15px;\">\n<div class=\"message-box-bg-image bg-fill fill\" ><\/div>\n<div class=\"message-box-bg-overlay bg-fill fill\" ><\/div>\n<div class=\"container relative\">\n<div class=\"inner last-reset\">\n<div class=\"row align-middle align-center\"  id=\"row-1571754922\">\n<div id=\"col-1039389272\" class=\"col small-12 large-12\"  >\n<div class=\"col-inner text-left\"  >\n<h4>Omadused<\/h4>\n<div class=\"row\"  id=\"row-1022468510\">\n<div id=\"col-2132270079\" class=\"col medium-6 small-12 large-6\"  >\n<div class=\"col-inner\"  >\n<p><i class=\"fa fa-fill fa-2x\"><\/i> <strong>Valge tsemendi baasil<\/strong><\/p>\n<p><i class=\"fa fa-water fa-2x\"><\/i> <strong>Vee- ja k\u00fclmakindel<\/strong><\/p>\n<\/p>\n<\/div>\n<style>\n#col-2132270079 > .col-inner {\n  margin: 0px 0px 15px 0px;\n}\n<\/style>\n<\/p>\n<\/div>\n<div id=\"col-104003746\" class=\"col medium-6 small-12 large-6\"  >\n<div class=\"col-inner\"  >\n<p><i class=\"fa fa-clock-four fa-2x\"><\/i> <strong>Pikk t\u00f6\u00f6aeg<\/strong><\/p>\n<p><i class=\"fa fa-leaf fa-2x\"><\/i> <strong>Sobib ka looduskividele<\/strong><\/p>\n<\/p>\n<\/div>\n<style>\n#col-104003746 > .col-inner {\n  margin: 0px 0px 15px 0px;\n}\n<\/style>\n<\/p>\n<\/div>\n<\/div>\n<\/div>\n<\/div>\n<\/div>\n<\/div>\n<\/div>\n<\/div>\n<div id=\"gap-772126314\" class=\"gap-element clearfix\" style=\"display:block; height:auto;\">\n<style>\n#gap-772126314 {\n  padding-top: 30px;\n}\n<\/style>\n<\/p>\n<\/div>\n<h3>Kasutamise \u00fcksikasjad<\/h3>\n<p><strong>Kasutusalad:<\/strong> Igat t\u00fc\u00fcpi keraamiliste, klinkerplaatide ja looduskivi paigaldamiseks seintel ja p\u00f5randatel, sise-ja v\u00e4listingimustes, kuivades ja niisketes ruumides. Eriti sobilik k\u00fcttega p\u00f5randatele, klaasmosaiigi, \u00f5hukeste pooll\u00e4bipaistvate plaatide,<br \/>\nmarmori jmt. paigaldamiseks.<\/p>\n<p><strong>Aluspinna t\u00fc\u00fcp:<\/strong> M\u00f5\u00f5duka deformatsiooniga seinad ja p\u00f5randad nagu krohvitud m\u00fc\u00fcritised, kiviseinad, kipsplaadid, kipskrohv, betoonelemendid ja kergbetoonelemendid keskmise mahuk\u00f5ikuvusega.<\/p>\n<p><strong>Aluspinna ettevalmistus:<\/strong> Aluspind peab olema kandev, stabiilne, pragudeta, puhas tolmust, rasvast ja tsemendipiimast. Pind peab olema nii kuiv, et mira 4180 primer imendub.<br \/>\nVanadele plaatidele ja v\u00e4rvitud pindadele paigaldades veenduda, et plaadid ja v\u00e4rv on tugevalt kinnitatud. Pind puhastada kasutades mira 7110 base cleanerit.<br \/>\nAbsorbeeruvad pinnad kruntida 4180 primeriga ja niisked ruumid teha veetihedaks vastavalt ETAG 022 reeglitele ning mira juhendile.<\/p>\n<p><strong>Kasutamine:<\/strong> 15kg pulbrit segada 3,75-4,2 l puhta veega homogeenseks massiks ning segu on valmis kasutamiseks. Parima<br \/>\ntulemuse saamiseks segada segumikseriga. Pulber, vesi ja aluspind peavad olema soovitusliku t\u00f6\u00f6temperatuuri piires. Plaadisegu tuleb \u00e4ra kasutada 6 tunni jooksul p\u00e4rast valmissegamist. Ei ole soovitav segu kanda suurematele pindadele, kui j\u00f5utakse plaatidega katta enne kooriku tekkimist.<br \/>\n3130 superfix kanda pinnale ja h\u00f5\u00f5ruda laiali segukammi sirge servaga, seej\u00e4rel kammida l\u00e4bi hambulise servaga. Segukamm valida vastavalt plaadile. Plaadid suruda m\u00e4rga segusse. Kontrollida, et plaadi tagak\u00fclg oleks seguga t\u00e4ielikult kaetud.<br \/>\nSuuremad pinnad kui 36 m\u00b2 v\u00f5i k\u00fcljega pikemad kui 8 m jaotatakse tavaliselt eraldi t\u00f6\u00f6tavateks osadeks l\u00e4bi kogu konstruktsiooni.<br \/>\nS\u00f5ltuvalt plaatide imavusest ja ruumi temperatuurist on pind valmis edasiseks t\u00f6\u00f6tluseks umbes 10 tunni p\u00e4rast seintel ja 18 tunni p\u00e4rast p\u00f5randatel.<\/p>\n<p><strong>Ohutus:<\/strong> Toode sisaldab tsementi, j\u00e4rgige tsemendiga t\u00f6\u00f6tamise ohutusn\u00f5udeid.<\/p>\n<\/p>\n<\/div>\n<\/div>\n<div id=\"col-897925691\" class=\"col medium-3 small-12 large-3\"  >\n<div class=\"col-inner\"  >\n<div id=\"gap-715213608\" class=\"gap-element clearfix\" style=\"display:block; height:auto;\">\n<style>\n#gap-715213608 {\n  padding-top: 30px;\n}\n<\/style>\n<\/p>\n<\/div>\n<h3>Tehniline informatsioon<\/h3>\n<p><a href=\"https:\/\/espak.ee\/epood\/wp-content\/uploads\/3130_tooteleht.pdf\" target=\"_blank\" rel=\"noopener noreferrer\"><i class=\"far fa-file-pdf\"><\/i> Tehniline info (PDF)<\/a><\/p>\n<h3>Ohutusalane teave<\/h3>\n<p><a href=\"https:\/\/espak.ee\/epood\/wp-content\/uploads\/3130_ohotuskaart.pdf\" target=\"_blank\" rel=\"noopener noreferrer\"><i class=\"far fa-file-pdf\"><\/i> Ohutusalane teave (PDF)<\/a><\/p>\n<div class=\"is-divider divider clearfix\" ><\/div>\n<p><strong>\u00dcksikasjalikuma n\u00f5u saamiseks v\u00f5tke \u00fchendust:<br \/><\/strong>Mira Ehitusmaterjalid O\u00dc<br \/>Segu 8<br \/>76505<br \/>Saue<br \/>+372 6790670<\/p>\n<div class=\"is-divider divider clearfix\" ><\/div>\n<\/p>\n<\/div>\n<\/div>\n<\/div>\n","protected":false},"excerpt":{"rendered":"<p>Valge, tsemendi baasil, pol\u00fcmeeridega tugevdatud plaadiliim p\u00f5randatele ja seintele, sise-ja v\u00e4listingimustes, niisketes ja kuivades ruumides m\u00f5\u00f5duka deformatsiooniga aluspindadel. 3130 superfix on v\u00e4ga laialdaste kasutusv\u00f5imalustega plaadiliim, mis vastab enamuste aluspindade ja plaadit\u00fc\u00fcbi n\u00f5uetele. 3130 superfix on kuivsegu, mis on peale veega segamist valmis kasutamiseks. Plaadiliimi on on kerge ette valmistada ja lihtne pinnale kanda.<\/p>","protected":false},"featured_media":488734,"comment_status":"open","ping_status":"closed","template":"","meta":{"_acf_changed":false},"product_brand":[],"product_cat":[59,498],"product_tag":[],"class_list":{"0":"post-488403","1":"product","2":"type-product","3":"status-publish","4":"has-post-thumbnail","6":"product_cat-plaatimissegud","7":"product_cat-espak","9":"first","10":"instock","11":"sale","12":"shipping-taxable","13":"purchasable","14":"product-type-simple"},"acf":[],"yoast_head":"<!-- This site is optimized with the Yoast SEO Premium plugin v18.7 (Yoast SEO v26.5) - https:\/\/yoast.com\/wordpress\/plugins\/seo\/ -->\n<title>V\u00c4GA ELASTNE PLAATIMISSEGU MIRA 3130 SUPERFIX VALGE 15KG - Ehituslahendused<\/title>\n<meta name=\"robots\" content=\"index, follow, max-snippet:-1, max-image-preview:large, max-video-preview:-1\" \/>\n<link rel=\"canonical\" href=\"https:\/\/justbuildit.eu\/en\/pood\/ehitussegud\/plaatimissegud\/vaga-elastne-plaatimissegu-mira-3130-superfix-valge-15kg\/\" \/>\n<meta property=\"og:locale\" content=\"en_US\" \/>\n<meta property=\"og:type\" content=\"article\" \/>\n<meta property=\"og:title\" content=\"V\u00c4GA ELASTNE PLAATIMISSEGU MIRA 3130 SUPERFIX VALGE 15KG\" \/>\n<meta property=\"og:description\" content=\"Valge, tsemendi baasil, pol\u00fcmeeridega tugevdatud plaadiliim p\u00f5randatele ja seintele, sise-ja v\u00e4listingimustes, niisketes ja kuivades ruumides m\u00f5\u00f5duka deformatsiooniga aluspindadel. 3130 superfix on v\u00e4ga laialdaste kasutusv\u00f5imalustega plaadiliim, mis vastab enamuste aluspindade ja plaadit\u00fc\u00fcbi n\u00f5uetele. 3130 superfix on kuivsegu, mis on peale veega segamist valmis kasutamiseks. Plaadiliimi on on kerge ette valmistada ja lihtne pinnale kanda.\" \/>\n<meta property=\"og:url\" content=\"https:\/\/justbuildit.eu\/en\/pood\/ehitussegud\/plaatimissegud\/vaga-elastne-plaatimissegu-mira-3130-superfix-valge-15kg\/\" \/>\n<meta property=\"og:site_name\" content=\"Ehituslahendused\" \/>\n<meta property=\"article:publisher\" content=\"https:\/\/www.facebook.com\/justbuildit.ee\" \/>\n<meta property=\"article:modified_time\" content=\"2026-04-16T09:03:27+00:00\" \/>\n<meta property=\"og:image\" content=\"https:\/\/justbuildit.eu\/wp-content\/uploads\/2024\/10\/Mira-3130-superfix-15kg-d22.jpg\" \/>\n\t<meta property=\"og:image:width\" content=\"1024\" \/>\n\t<meta property=\"og:image:height\" content=\"1024\" \/>\n\t<meta property=\"og:image:type\" content=\"image\/jpeg\" \/>\n<meta name=\"twitter:card\" content=\"summary_large_image\" \/>\n<script type=\"application\/ld+json\" class=\"yoast-schema-graph\">{\"@context\":\"https:\/\/schema.org\",\"@graph\":[{\"@type\":\"WebPage\",\"@id\":\"https:\/\/justbuildit.eu\/en\/pood\/ehitussegud\/plaatimissegud\/vaga-elastne-plaatimissegu-mira-3130-superfix-valge-15kg\/\",\"url\":\"https:\/\/justbuildit.eu\/en\/pood\/ehitussegud\/plaatimissegud\/vaga-elastne-plaatimissegu-mira-3130-superfix-valge-15kg\/\",\"name\":\"V\u00c4GA ELASTNE PLAATIMISSEGU MIRA 3130 SUPERFIX VALGE 15KG - Ehituslahendused\",\"isPartOf\":{\"@id\":\"https:\/\/justbuildit.eu\/en\/#website\"},\"primaryImageOfPage\":{\"@id\":\"https:\/\/justbuildit.eu\/en\/pood\/ehitussegud\/plaatimissegud\/vaga-elastne-plaatimissegu-mira-3130-superfix-valge-15kg\/#primaryimage\"},\"image\":{\"@id\":\"https:\/\/justbuildit.eu\/en\/pood\/ehitussegud\/plaatimissegud\/vaga-elastne-plaatimissegu-mira-3130-superfix-valge-15kg\/#primaryimage\"},\"thumbnailUrl\":\"https:\/\/justbuildit.eu\/wp-content\/uploads\/2024\/10\/Mira-3130-superfix-15kg-d22.jpg\",\"datePublished\":\"2024-10-02T11:58:01+00:00\",\"dateModified\":\"2026-04-16T09:03:27+00:00\",\"breadcrumb\":{\"@id\":\"https:\/\/justbuildit.eu\/en\/pood\/ehitussegud\/plaatimissegud\/vaga-elastne-plaatimissegu-mira-3130-superfix-valge-15kg\/#breadcrumb\"},\"inLanguage\":\"en-US\",\"potentialAction\":[{\"@type\":\"ReadAction\",\"target\":[\"https:\/\/justbuildit.eu\/en\/pood\/ehitussegud\/plaatimissegud\/vaga-elastne-plaatimissegu-mira-3130-superfix-valge-15kg\/\"]}]},{\"@type\":\"ImageObject\",\"inLanguage\":\"en-US\",\"@id\":\"https:\/\/justbuildit.eu\/en\/pood\/ehitussegud\/plaatimissegud\/vaga-elastne-plaatimissegu-mira-3130-superfix-valge-15kg\/#primaryimage\",\"url\":\"https:\/\/justbuildit.eu\/wp-content\/uploads\/2024\/10\/Mira-3130-superfix-15kg-d22.jpg\",\"contentUrl\":\"https:\/\/justbuildit.eu\/wp-content\/uploads\/2024\/10\/Mira-3130-superfix-15kg-d22.jpg\",\"width\":1024,\"height\":1024},{\"@type\":\"BreadcrumbList\",\"@id\":\"https:\/\/justbuildit.eu\/en\/pood\/ehitussegud\/plaatimissegud\/vaga-elastne-plaatimissegu-mira-3130-superfix-valge-15kg\/#breadcrumb\",\"itemListElement\":[{\"@type\":\"ListItem\",\"position\":1,\"name\":\"Home\",\"item\":\"https:\/\/justbuildit.eu\/en\/\"},{\"@type\":\"ListItem\",\"position\":2,\"name\":\"Shop\",\"item\":\"https:\/\/justbuildit.eu\/en\/building-materials\/\"},{\"@type\":\"ListItem\",\"position\":3,\"name\":\"V\u00c4GA ELASTNE PLAATIMISSEGU MIRA 3130 SUPERFIX VALGE 15KG\"}]},{\"@type\":\"WebSite\",\"@id\":\"https:\/\/justbuildit.eu\/en\/#website\",\"url\":\"https:\/\/justbuildit.eu\/en\/\",\"name\":\"Ehituslahendused\",\"description\":\"Ehituslahendused ja materjalid\",\"publisher\":{\"@id\":\"https:\/\/justbuildit.eu\/en\/#organization\"},\"potentialAction\":[{\"@type\":\"SearchAction\",\"target\":{\"@type\":\"EntryPoint\",\"urlTemplate\":\"https:\/\/justbuildit.eu\/en\/?s={search_term_string}\"},\"query-input\":{\"@type\":\"PropertyValueSpecification\",\"valueRequired\":true,\"valueName\":\"search_term_string\"}}],\"inLanguage\":\"en-US\"},{\"@type\":\"Organization\",\"@id\":\"https:\/\/justbuildit.eu\/en\/#organization\",\"name\":\"Just Build It O\u00dc\",\"url\":\"https:\/\/justbuildit.eu\/en\/\",\"logo\":{\"@type\":\"ImageObject\",\"inLanguage\":\"en-US\",\"@id\":\"https:\/\/justbuildit.eu\/en\/#\/schema\/logo\/image\/\",\"url\":\"https:\/\/justbuildit.eu\/wp-content\/uploads\/2022\/01\/justbuildit.png\",\"contentUrl\":\"https:\/\/justbuildit.eu\/wp-content\/uploads\/2022\/01\/justbuildit.png\",\"width\":173,\"height\":77,\"caption\":\"Just Build It O\u00dc\"},\"image\":{\"@id\":\"https:\/\/justbuildit.eu\/en\/#\/schema\/logo\/image\/\"},\"sameAs\":[\"https:\/\/www.facebook.com\/justbuildit.ee\"]}]}<\/script>\n<!-- \/ Yoast SEO Premium plugin. -->","yoast_head_json":{"title":"V\u00c4GA ELASTNE PLAATIMISSEGU MIRA 3130 SUPERFIX VALGE 15KG - Ehituslahendused","robots":{"index":"index","follow":"follow","max-snippet":"max-snippet:-1","max-image-preview":"max-image-preview:large","max-video-preview":"max-video-preview:-1"},"canonical":"https:\/\/justbuildit.eu\/en\/pood\/ehitussegud\/plaatimissegud\/vaga-elastne-plaatimissegu-mira-3130-superfix-valge-15kg\/","og_locale":"en_US","og_type":"article","og_title":"V\u00c4GA ELASTNE PLAATIMISSEGU MIRA 3130 SUPERFIX VALGE 15KG","og_description":"Valge, tsemendi baasil, pol\u00fcmeeridega tugevdatud plaadiliim p\u00f5randatele ja seintele, sise-ja v\u00e4listingimustes, niisketes ja kuivades ruumides m\u00f5\u00f5duka deformatsiooniga aluspindadel. 3130 superfix on v\u00e4ga laialdaste kasutusv\u00f5imalustega plaadiliim, mis vastab enamuste aluspindade ja plaadit\u00fc\u00fcbi n\u00f5uetele. 3130 superfix on kuivsegu, mis on peale veega segamist valmis kasutamiseks. Plaadiliimi on on kerge ette valmistada ja lihtne pinnale kanda.","og_url":"https:\/\/justbuildit.eu\/en\/pood\/ehitussegud\/plaatimissegud\/vaga-elastne-plaatimissegu-mira-3130-superfix-valge-15kg\/","og_site_name":"Ehituslahendused","article_publisher":"https:\/\/www.facebook.com\/justbuildit.ee","article_modified_time":"2026-04-16T09:03:27+00:00","og_image":[{"width":1024,"height":1024,"url":"https:\/\/justbuildit.eu\/wp-content\/uploads\/2024\/10\/Mira-3130-superfix-15kg-d22.jpg","type":"image\/jpeg"}],"twitter_card":"summary_large_image","schema":{"@context":"https:\/\/schema.org","@graph":[{"@type":"WebPage","@id":"https:\/\/justbuildit.eu\/en\/pood\/ehitussegud\/plaatimissegud\/vaga-elastne-plaatimissegu-mira-3130-superfix-valge-15kg\/","url":"https:\/\/justbuildit.eu\/en\/pood\/ehitussegud\/plaatimissegud\/vaga-elastne-plaatimissegu-mira-3130-superfix-valge-15kg\/","name":"V\u00c4GA ELASTNE PLAATIMISSEGU MIRA 3130 SUPERFIX VALGE 15KG - Ehituslahendused","isPartOf":{"@id":"https:\/\/justbuildit.eu\/en\/#website"},"primaryImageOfPage":{"@id":"https:\/\/justbuildit.eu\/en\/pood\/ehitussegud\/plaatimissegud\/vaga-elastne-plaatimissegu-mira-3130-superfix-valge-15kg\/#primaryimage"},"image":{"@id":"https:\/\/justbuildit.eu\/en\/pood\/ehitussegud\/plaatimissegud\/vaga-elastne-plaatimissegu-mira-3130-superfix-valge-15kg\/#primaryimage"},"thumbnailUrl":"https:\/\/justbuildit.eu\/wp-content\/uploads\/2024\/10\/Mira-3130-superfix-15kg-d22.jpg","datePublished":"2024-10-02T11:58:01+00:00","dateModified":"2026-04-16T09:03:27+00:00","breadcrumb":{"@id":"https:\/\/justbuildit.eu\/en\/pood\/ehitussegud\/plaatimissegud\/vaga-elastne-plaatimissegu-mira-3130-superfix-valge-15kg\/#breadcrumb"},"inLanguage":"en-US","potentialAction":[{"@type":"ReadAction","target":["https:\/\/justbuildit.eu\/en\/pood\/ehitussegud\/plaatimissegud\/vaga-elastne-plaatimissegu-mira-3130-superfix-valge-15kg\/"]}]},{"@type":"ImageObject","inLanguage":"en-US","@id":"https:\/\/justbuildit.eu\/en\/pood\/ehitussegud\/plaatimissegud\/vaga-elastne-plaatimissegu-mira-3130-superfix-valge-15kg\/#primaryimage","url":"https:\/\/justbuildit.eu\/wp-content\/uploads\/2024\/10\/Mira-3130-superfix-15kg-d22.jpg","contentUrl":"https:\/\/justbuildit.eu\/wp-content\/uploads\/2024\/10\/Mira-3130-superfix-15kg-d22.jpg","width":1024,"height":1024},{"@type":"BreadcrumbList","@id":"https:\/\/justbuildit.eu\/en\/pood\/ehitussegud\/plaatimissegud\/vaga-elastne-plaatimissegu-mira-3130-superfix-valge-15kg\/#breadcrumb","itemListElement":[{"@type":"ListItem","position":1,"name":"Home","item":"https:\/\/justbuildit.eu\/en\/"},{"@type":"ListItem","position":2,"name":"Shop","item":"https:\/\/justbuildit.eu\/en\/building-materials\/"},{"@type":"ListItem","position":3,"name":"V\u00c4GA ELASTNE PLAATIMISSEGU MIRA 3130 SUPERFIX VALGE 15KG"}]},{"@type":"WebSite","@id":"https:\/\/justbuildit.eu\/en\/#website","url":"https:\/\/justbuildit.eu\/en\/","name":"Ehituslahendused","description":"Ehituslahendused ja materjalid","publisher":{"@id":"https:\/\/justbuildit.eu\/en\/#organization"},"potentialAction":[{"@type":"SearchAction","target":{"@type":"EntryPoint","urlTemplate":"https:\/\/justbuildit.eu\/en\/?s={search_term_string}"},"query-input":{"@type":"PropertyValueSpecification","valueRequired":true,"valueName":"search_term_string"}}],"inLanguage":"en-US"},{"@type":"Organization","@id":"https:\/\/justbuildit.eu\/en\/#organization","name":"Just Build It O\u00dc","url":"https:\/\/justbuildit.eu\/en\/","logo":{"@type":"ImageObject","inLanguage":"en-US","@id":"https:\/\/justbuildit.eu\/en\/#\/schema\/logo\/image\/","url":"https:\/\/justbuildit.eu\/wp-content\/uploads\/2022\/01\/justbuildit.png","contentUrl":"https:\/\/justbuildit.eu\/wp-content\/uploads\/2022\/01\/justbuildit.png","width":173,"height":77,"caption":"Just Build It O\u00dc"},"image":{"@id":"https:\/\/justbuildit.eu\/en\/#\/schema\/logo\/image\/"},"sameAs":["https:\/\/www.facebook.com\/justbuildit.ee"]}]}},"_links":{"self":[{"href":"https:\/\/justbuildit.eu\/en\/wp-json\/wp\/v2\/product\/488403","targetHints":{"allow":["GET"]}}],"collection":[{"href":"https:\/\/justbuildit.eu\/en\/wp-json\/wp\/v2\/product"}],"about":[{"href":"https:\/\/justbuildit.eu\/en\/wp-json\/wp\/v2\/types\/product"}],"replies":[{"embeddable":true,"href":"https:\/\/justbuildit.eu\/en\/wp-json\/wp\/v2\/comments?post=488403"}],"wp:featuredmedia":[{"embeddable":true,"href":"https:\/\/justbuildit.eu\/en\/wp-json\/wp\/v2\/media\/488734"}],"wp:attachment":[{"href":"https:\/\/justbuildit.eu\/en\/wp-json\/wp\/v2\/media?parent=488403"}],"wp:term":[{"taxonomy":"product_brand","embeddable":true,"href":"https:\/\/justbuildit.eu\/en\/wp-json\/wp\/v2\/product_brand?post=488403"},{"taxonomy":"product_cat","embeddable":true,"href":"https:\/\/justbuildit.eu\/en\/wp-json\/wp\/v2\/product_cat?post=488403"},{"taxonomy":"product_tag","embeddable":true,"href":"https:\/\/justbuildit.eu\/en\/wp-json\/wp\/v2\/product_tag?post=488403"}],"curies":[{"name":"wp","href":"https:\/\/api.w.org\/{rel}","templated":true}]}}